{"id":12895,"date":"2026-01-14T18:23:42","date_gmt":"2026-01-14T18:23:42","guid":{"rendered":"https:\/\/wctl1stg.wpengine.com\/?page_id=12895"},"modified":"2026-01-22T10:55:56","modified_gmt":"2026-01-22T10:55:56","slug":"abogado-de-muerte-por-negligencia-de-riverside","status":"publish","type":"page","link":"https:\/\/westcoasttriallawyers.com\/es\/california\/riverside\/abogado-de-muerte-por-negligencia-de-riverside","title":{"rendered":"Abogado de Muerte por Negligencia de Riverside"},"content":{"rendered":"<h2><strong>\u00bfQu\u00e9 es la Muerte por Negligencia? \u00bfQui\u00e9n puede Demandar por la P\u00e9rdida de un Ser Querido? &nbsp;<\/strong><\/h2>\n<p><img src=\"https:\/\/lh5.googleusercontent.com\/bMViRWUnyx1taPefTjzgXNzlwNK_uXw0JzUYwC_HDrBq7HSVHZ2r9Z_VUXue3z2qJ64_Tdo-0s_6hW5Svl_JS18xNkEfoDIvbhvVtnj_lkBsNNhXl3kHR0sISEeNmMhVWSnT4dTp3rxao3GdKsBkfo4\" alt=\"null\"><\/p>\n<p>Desafortunadamente, una muerte por negligencia a menudo ocurre en los momentos m\u00e1s sorprendentes e inconvenientes. En Los Abogados de la Costa Oeste, sabemos c\u00f3mo estas terribles situaciones pueden afectar a quienes se quedan atr\u00e1s. Nuestro m\u00e1s sentido p\u00e9same a todas las personas que han vivido esta tragedia.&nbsp;&nbsp;<\/p>\n<p>Durante este momento estresante, a muchas personas les preocupa c\u00f3mo les afectar\u00e1 a largo plazo esta experiencia que les cambiar\u00e1 la vida. Si un ser querido fallece como resultado de una muerte por negligencia, es posible que tenga derecho a recibir una compensaci\u00f3n por sus p\u00e9rdidas.<\/p>\n<p>A continuaci\u00f3n, nuestros&nbsp;<strong>abogados de muerte por negligencia de Riverside<\/strong> analizar\u00e1n la muerte por negligencia y qui\u00e9n puede presentar un reclamo contra la persona culpable de la muerte de su ser querido.&nbsp;<\/p>\n<p><strong>\u00bfQu\u00e9 es un Reclamo de Muerte por Negligencia?<\/strong>&nbsp;<\/p>\n<p>De acuerdo con la ley de muerte por negligencia de California, que se cubre principalmente en&nbsp;<a href=\"https:\/\/leginfo.legislature.ca.gov\/faces\/codes_displaySection.xhtml?lawCode=CCP&amp;sectionNum=377.60.#:~:text=377.60.,personal%20representative%20on%20their%20behalf%3A&amp;text=(d)%20This%20section%20applies%20to,or%20after%20January%201%2C%201993.\"><strong>el C\u00f3digo de Procedimiento Civil de California 377.60<\/strong><\/a> , una muerte por negligencia se caracteriza por \u00abuna causa de acci\u00f3n por la muerte de una persona causada por el acto il\u00edcito o la negligencia de otra\u00bb. Esto estipula adem\u00e1s que los miembros de la familia tienen derecho a recuperar da\u00f1os y perjuicios si un ser querido muri\u00f3 debido a un acto il\u00edcito de alguien.<\/p>\n<p><strong>\u00bfQui\u00e9n tiene Derecho a Demandar por Muerte Injusta?<\/strong><\/p>\n<p>Las personas que pueden presentar una demanda a menudo est\u00e1n determinadas por aquellas que pueden heredar las pertenencias del difunto despu\u00e9s de su muerte. Por lo general, s\u00f3lo podr\u00edan demandar en orden de prioridad, como se indica a continuaci\u00f3n:<\/p>\n<ul>\n<li><strong>El c\u00f3nyuge sobreviviente:<\/strong> el c\u00f3nyuge del difunto suele ser la primera persona reconocida con capacidad para demandar.<\/li>\n<li><strong>Hijos o descendencia del difunto:<\/strong> Cuando no hay c\u00f3nyuge o si el c\u00f3nyuge no quiere o no puede, los hijos pueden demandar. No existe ning\u00fan requisito de que estos puedan ser hijos \u00fanicos del \u00faltimo matrimonio del difunto. Cualquier hijo del difunto puede demandar.<\/li>\n<li><strong>Menores dependientes:<\/strong> es posible en ciertas situaciones en las que el difunto est\u00e1 casado que tanto \u00e9l como su c\u00f3nyuge fallecieron. En este caso, sus hijos menores que hayan vivido en la casa del difunto durante al menos 6 meses pueden demandar.<\/li>\n<li><strong>El c\u00f3nyuge putativo:<\/strong> Un c\u00f3nyuge putativo es aquel que no ha demostrado estar legalmente casado con el difunto. Bajo la ley, este puede ser el c\u00f3nyuge sobreviviente de un matrimonio nulo o anulable que haya cre\u00eddo de buena fe que el matrimonio era v\u00e1lido. Tal c\u00f3nyuge tambi\u00e9n puede demandar.<\/li>\n<li><strong>Hijos del c\u00f3nyuge putativo:<\/strong> Si se demuestra que los hijos del c\u00f3nyuge putativo dependen econ\u00f3micamente del difunto, tambi\u00e9n pueden demandar.<\/li>\n<li><strong>Hijastros del difunto:<\/strong> Cuando se demuestre que los hijastros depend\u00edan econ\u00f3micamente del difunto, tambi\u00e9n pueden demandar.<\/li>\n<li><strong>Padres del difunto:<\/strong> Si los padres del difunto pueden demostrar confianza o dependencia econ\u00f3mica del difunto, tambi\u00e9n tendr\u00e1n derecho a demandar. Por ejemplo, si pueden demostrar que el difunto era una fuente importante de apoyo familiar para ellos antes de su muerte.<\/li>\n<li><strong>Si no hay c\u00f3nyuge o descendencia sobreviviente:<\/strong> En esta situaci\u00f3n, cualquiera que tenga derecho a la propiedad del difunto por sucesi\u00f3n intestada puede demandar. Esto ampl\u00eda el grupo de personas potencialmente elegibles para incluir hermanos, t\u00edas, t\u00edos, sobrinos, sobrinas o cualquier otra persona que pueda tener la posibilidad de heredar al difunto.<\/li>\n<\/ul>\n<p><strong>Prueba de un reclamo de muerte por negligencia<\/strong><\/p>\n<p>Una vez que se presenta una demanda por muerte por negligencia, se espera que el demandante presente pruebas de la negligencia del demandado que contribuy\u00f3 a la muerte por negligencia. Esto incluye lo siguiente:<\/p>\n<ul>\n<li><strong>Deber de cuidado.<\/strong> El demandante debe probar que el demandado ten\u00eda el deber de cuidar a la v\u00edctima fallecida. Un ejemplo ser\u00eda un acusado que no sigue las reglas de tr\u00e1nsito de California, lo que resulta en la muerte de otro conductor. El demandante podr\u00eda usar esto como evidencia para demostrar que el demandado estaba obligado a cumplir con la ley, pero no lo hizo.<\/li>\n<li><strong>Incumplimiento del Deber de Cuidado.<\/strong>&nbsp;Se espera que el demandante presente pruebas de que el demandado incumpli\u00f3 su deber de cuidado. Un ejemplo ser\u00eda que el acusado se involucra en un choque automovil\u00edstico porque se salt\u00f3 un sem\u00e1foro en rojo, lo que result\u00f3 en la muerte de la v\u00edctima fallecida.<\/li>\n<li><strong>causalidad<\/strong> El demandante debe demostrar que el incumplimiento del deber del demandado fue la raz\u00f3n detr\u00e1s de la muerte de su ser querido.<\/li>\n<\/ul>\n<p><strong>Los Abogados de la Coasta Oeste est\u00e1 Aqu\u00ed para Ayudar<\/strong><\/p>\n<p>Si su ser querido fue v\u00edctima de muerte por negligencia,&nbsp;<a href=\"\/\"><strong>Abogados de la Costa Oeste<\/strong><\/a>&nbsp;han experimentado abogados de muerte por negligencia de Riverside disponibles para brindarle asistencia legal.<\/p>\n<p>Para programar una consulta gratuita y sin compromiso en nuestro bufete de abogados de lesiones personales de Riverside, comun\u00edquese con nuestro equipo legal las 24 horas, los 7 d\u00edas de la semana llamando al<strong> (951) 393-1200&nbsp;<\/strong>o enviando un correo electr\u00f3nico&nbsp;<a href=\"mailto:info@westcoasttriallawyers.com\"><strong>a info@westcoasttriallawyers.com<\/strong><\/a><strong>.&nbsp;<\/strong><br \/>\n<!-- WCTL_DEBUG: no shortcode in this_content --><\/p>\n","protected":false},"excerpt":{"rendered":"<p>\u00bfQu\u00e9 es la Muerte por Negligencia? \u00bfQui\u00e9n puede Demandar por la P\u00e9rdida de un Ser Querido? &nbsp; Desafortunadamente, una muerte por negligencia a menudo ocurre en los momentos m\u00e1s sorprendentes e inconvenientes. En Los Abogados de la Costa Oeste, sabemos c\u00f3mo estas terribles situaciones pueden afectar a quienes se quedan atr\u00e1s. Nuestro m\u00e1s sentido p\u00e9same [&hellip;]<\/p>\n","protected":false},"author":475,"featured_media":47004,"parent":47436,"menu_order":0,"comment_status":"closed","ping_status":"closed","template":"","meta":{"inline_featured_image":false,"footnotes":""},"class_list":["post-12895","page","type-page","status-publish","has-post-thumbnail","hentry"],"acf":[],"yoast_head":"<!-- This site is optimized with the Yoast SEO Premium plugin v26.0 (Yoast SEO v26.0) - https:\/\/yoast.com\/wordpress\/plugins\/seo\/ -->\n<title>Abogado de Muerte por Negligencia de Riverside | West Coast Trial Lawyers<\/title>\n<meta name=\"robots\" content=\"index, follow, max-snippet:-1, max-image-preview:large, max-video-preview:-1\" \/>\n<link rel=\"canonical\" href=\"https:\/\/westcoasttriallawyers.com\/es\/california\/riverside\/abogado-de-muerte-por-negligencia-de-riverside\" \/>\n<meta property=\"og:locale\" content=\"es_ES\" \/>\n<meta property=\"og:type\" content=\"article\" \/>\n<meta property=\"og:title\" content=\"Abogado de Muerte por Negligencia de Riverside\" \/>\n<meta property=\"og:description\" content=\"\u00bfQu\u00e9 es la Muerte por Negligencia? \u00bfQui\u00e9n puede Demandar por la P\u00e9rdida de un Ser Querido? &nbsp; Desafortunadamente, una muerte por negligencia a menudo ocurre en los momentos m\u00e1s sorprendentes e inconvenientes. En Los Abogados de la Costa Oeste, sabemos c\u00f3mo estas terribles situaciones pueden afectar a quienes se quedan atr\u00e1s. Nuestro m\u00e1s sentido p\u00e9same [&hellip;]\" \/>\n<meta property=\"og:url\" content=\"https:\/\/westcoasttriallawyers.com\/es\/california\/riverside\/abogado-de-muerte-por-negligencia-de-riverside\" \/>\n<meta property=\"og:site_name\" content=\"West Coast Trial Lawyers\" \/>\n<meta property=\"article:publisher\" content=\"https:\/\/www.facebook.com\/westcoasttriallawyers\/\" \/>\n<meta property=\"article:modified_time\" content=\"2026-01-22T10:55:56+00:00\" \/>\n<meta property=\"og:image\" content=\"https:\/\/westcoasttriallawyers.com\/wp-content\/uploads\/2025\/07\/Riverside-19.webp\" \/>\n\t<meta property=\"og:image:width\" content=\"557\" \/>\n\t<meta property=\"og:image:height\" content=\"327\" \/>\n\t<meta property=\"og:image:type\" content=\"image\/webp\" \/>\n<meta name=\"twitter:card\" content=\"summary_large_image\" \/>\n<meta name=\"twitter:site\" content=\"@WestCoastTrial\" \/>\n<meta name=\"twitter:label1\" content=\"Tiempo de lectura\" \/>\n\t<meta name=\"twitter:data1\" content=\"11 minutos\" \/>\n<script type=\"application\/ld+json\" class=\"yoast-schema-graph\">{\"@context\":\"https:\/\/schema.org\",\"@graph\":[{\"@type\":[\"WebPage\",\"ItemPage\"],\"@id\":\"https:\/\/westcoasttriallawyers.com\/es\/california\/riverside\/abogado-de-muerte-por-negligencia-de-riverside\",\"url\":\"https:\/\/westcoasttriallawyers.com\/es\/california\/riverside\/abogado-de-muerte-por-negligencia-de-riverside\",\"name\":\"Abogado de Muerte por Negligencia de Riverside | West Coast Trial Lawyers\",\"isPartOf\":{\"@id\":\"https:\/\/westcoasttriallawyers.com\/es#website\"},\"primaryImageOfPage\":{\"@id\":\"https:\/\/westcoasttriallawyers.com\/es\/california\/riverside\/abogado-de-muerte-por-negligencia-de-riverside#primaryimage\"},\"image\":{\"@id\":\"https:\/\/westcoasttriallawyers.com\/es\/california\/riverside\/abogado-de-muerte-por-negligencia-de-riverside#primaryimage\"},\"thumbnailUrl\":\"https:\/\/westcoasttriallawyers.com\/wp-content\/uploads\/2025\/07\/Riverside-19.webp\",\"datePublished\":\"2026-01-14T18:23:42+00:00\",\"dateModified\":\"2026-01-22T10:55:56+00:00\",\"breadcrumb\":{\"@id\":\"https:\/\/westcoasttriallawyers.com\/es\/california\/riverside\/abogado-de-muerte-por-negligencia-de-riverside#breadcrumb\"},\"inLanguage\":\"es\",\"potentialAction\":[{\"@type\":\"ReadAction\",\"target\":[\"https:\/\/westcoasttriallawyers.com\/es\/california\/riverside\/abogado-de-muerte-por-negligencia-de-riverside\"]}]},{\"@type\":\"ImageObject\",\"inLanguage\":\"es\",\"@id\":\"https:\/\/westcoasttriallawyers.com\/es\/california\/riverside\/abogado-de-muerte-por-negligencia-de-riverside#primaryimage\",\"url\":\"https:\/\/westcoasttriallawyers.com\/wp-content\/uploads\/2025\/07\/Riverside-19.webp\",\"contentUrl\":\"https:\/\/westcoasttriallawyers.com\/wp-content\/uploads\/2025\/07\/Riverside-19.webp\",\"width\":557,\"height\":327},{\"@type\":\"BreadcrumbList\",\"@id\":\"https:\/\/westcoasttriallawyers.com\/es\/california\/riverside\/abogado-de-muerte-por-negligencia-de-riverside#breadcrumb\",\"itemListElement\":[{\"@type\":\"ListItem\",\"position\":1,\"name\":\"Inicio\",\"item\":\"https:\/\/westcoasttriallawyers.com\/es\"},{\"@type\":\"ListItem\",\"position\":2,\"name\":\"California\",\"item\":\"https:\/\/westcoasttriallawyers.com\/es\/california\"},{\"@type\":\"ListItem\",\"position\":3,\"name\":\"Riverside\",\"item\":\"https:\/\/westcoasttriallawyers.com\/es\/california\/riverside\"},{\"@type\":\"ListItem\",\"position\":4,\"name\":\"Abogado de Muerte por Negligencia de Riverside\"}]},{\"@type\":\"WebSite\",\"@id\":\"https:\/\/westcoasttriallawyers.com\/es#website\",\"url\":\"https:\/\/westcoasttriallawyers.com\/es\",\"name\":\"West Coast Trial Lawyers\",\"description\":\"West Coast Trial Lawyers\",\"publisher\":{\"@id\":\"https:\/\/westcoasttriallawyers.com\/es#organization\"},\"alternateName\":\"WCTL\",\"potentialAction\":[{\"@type\":\"SearchAction\",\"target\":{\"@type\":\"EntryPoint\",\"urlTemplate\":\"https:\/\/westcoasttriallawyers.com\/es?s={search_term_string}\"},\"query-input\":{\"@type\":\"PropertyValueSpecification\",\"valueRequired\":true,\"valueName\":\"search_term_string\"}}],\"inLanguage\":\"es\"},{\"@type\":\"Organization\",\"@id\":\"https:\/\/westcoasttriallawyers.com\/es#organization\",\"name\":\"West Coast Trial Lawyers\",\"alternateName\":\"WCTL\",\"url\":\"https:\/\/westcoasttriallawyers.com\/es\",\"logo\":{\"@type\":\"ImageObject\",\"inLanguage\":\"es\",\"@id\":\"https:\/\/westcoasttriallawyers.com\/es#\/schema\/logo\/image\/\",\"url\":\"https:\/\/westcoasttriallawyers.com\/wp-content\/uploads\/2026\/02\/WCTL-Logo.jpg\",\"contentUrl\":\"https:\/\/westcoasttriallawyers.com\/wp-content\/uploads\/2026\/02\/WCTL-Logo.jpg\",\"width\":696,\"height\":696,\"caption\":\"West Coast Trial Lawyers\"},\"image\":{\"@id\":\"https:\/\/westcoasttriallawyers.com\/es#\/schema\/logo\/image\/\"},\"sameAs\":[\"https:\/\/www.facebook.com\/westcoasttriallawyers\/\",\"https:\/\/x.com\/WestCoastTrial\",\"https:\/\/www.linkedin.com\/company\/west-coast-trial-lawyers\/\",\"https:\/\/www.instagram.com\/westcoasttriallawyers\/\",\"https:\/\/www.yelp.com\/biz\/west-coast-trial-lawyers-los-angeles-2\",\"https:\/\/www.pinterest.com\/westcoasttrial\/\",\"https:\/\/www.youtube.com\/westcoasttriallawyersla\/\",\"https:\/\/www.tiktok.com\/westcoasttriallawyers\"],\"description\":\"West Coast Trial Lawyers is a top-rated personal injury law firm with a goal to provide expert legal representation to those in need. The law firm has offices across California, Nevada, Arizona, and Washington.\",\"legalName\":\"West Coast Trial Lawyers\"}]}<\/script>\n<!-- \/ Yoast SEO Premium plugin. -->","yoast_head_json":{"title":"Abogado de Muerte por Negligencia de Riverside | West Coast Trial Lawyers","robots":{"index":"index","follow":"follow","max-snippet":"max-snippet:-1","max-image-preview":"max-image-preview:large","max-video-preview":"max-video-preview:-1"},"canonical":"https:\/\/westcoasttriallawyers.com\/es\/california\/riverside\/abogado-de-muerte-por-negligencia-de-riverside","og_locale":"es_ES","og_type":"article","og_title":"Abogado de Muerte por Negligencia de Riverside","og_description":"\u00bfQu\u00e9 es la Muerte por Negligencia? \u00bfQui\u00e9n puede Demandar por la P\u00e9rdida de un Ser Querido? &nbsp; Desafortunadamente, una muerte por negligencia a menudo ocurre en los momentos m\u00e1s sorprendentes e inconvenientes. En Los Abogados de la Costa Oeste, sabemos c\u00f3mo estas terribles situaciones pueden afectar a quienes se quedan atr\u00e1s. Nuestro m\u00e1s sentido p\u00e9same [&hellip;]","og_url":"https:\/\/westcoasttriallawyers.com\/es\/california\/riverside\/abogado-de-muerte-por-negligencia-de-riverside","og_site_name":"West Coast Trial Lawyers","article_publisher":"https:\/\/www.facebook.com\/westcoasttriallawyers\/","article_modified_time":"2026-01-22T10:55:56+00:00","og_image":[{"width":557,"height":327,"url":"https:\/\/westcoasttriallawyers.com\/wp-content\/uploads\/2025\/07\/Riverside-19.webp","type":"image\/webp"}],"twitter_card":"summary_large_image","twitter_site":"@WestCoastTrial","twitter_misc":{"Tiempo de lectura":"11 minutos"},"schema":{"@context":"https:\/\/schema.org","@graph":[{"@type":["WebPage","ItemPage"],"@id":"https:\/\/westcoasttriallawyers.com\/es\/california\/riverside\/abogado-de-muerte-por-negligencia-de-riverside","url":"https:\/\/westcoasttriallawyers.com\/es\/california\/riverside\/abogado-de-muerte-por-negligencia-de-riverside","name":"Abogado de Muerte por Negligencia de Riverside | West Coast Trial Lawyers","isPartOf":{"@id":"https:\/\/westcoasttriallawyers.com\/es#website"},"primaryImageOfPage":{"@id":"https:\/\/westcoasttriallawyers.com\/es\/california\/riverside\/abogado-de-muerte-por-negligencia-de-riverside#primaryimage"},"image":{"@id":"https:\/\/westcoasttriallawyers.com\/es\/california\/riverside\/abogado-de-muerte-por-negligencia-de-riverside#primaryimage"},"thumbnailUrl":"https:\/\/westcoasttriallawyers.com\/wp-content\/uploads\/2025\/07\/Riverside-19.webp","datePublished":"2026-01-14T18:23:42+00:00","dateModified":"2026-01-22T10:55:56+00:00","breadcrumb":{"@id":"https:\/\/westcoasttriallawyers.com\/es\/california\/riverside\/abogado-de-muerte-por-negligencia-de-riverside#breadcrumb"},"inLanguage":"es","potentialAction":[{"@type":"ReadAction","target":["https:\/\/westcoasttriallawyers.com\/es\/california\/riverside\/abogado-de-muerte-por-negligencia-de-riverside"]}]},{"@type":"ImageObject","inLanguage":"es","@id":"https:\/\/westcoasttriallawyers.com\/es\/california\/riverside\/abogado-de-muerte-por-negligencia-de-riverside#primaryimage","url":"https:\/\/westcoasttriallawyers.com\/wp-content\/uploads\/2025\/07\/Riverside-19.webp","contentUrl":"https:\/\/westcoasttriallawyers.com\/wp-content\/uploads\/2025\/07\/Riverside-19.webp","width":557,"height":327},{"@type":"BreadcrumbList","@id":"https:\/\/westcoasttriallawyers.com\/es\/california\/riverside\/abogado-de-muerte-por-negligencia-de-riverside#breadcrumb","itemListElement":[{"@type":"ListItem","position":1,"name":"Inicio","item":"https:\/\/westcoasttriallawyers.com\/es"},{"@type":"ListItem","position":2,"name":"California","item":"https:\/\/westcoasttriallawyers.com\/es\/california"},{"@type":"ListItem","position":3,"name":"Riverside","item":"https:\/\/westcoasttriallawyers.com\/es\/california\/riverside"},{"@type":"ListItem","position":4,"name":"Abogado de Muerte por Negligencia de Riverside"}]},{"@type":"WebSite","@id":"https:\/\/westcoasttriallawyers.com\/es#website","url":"https:\/\/westcoasttriallawyers.com\/es","name":"West Coast Trial Lawyers","description":"West Coast Trial Lawyers","publisher":{"@id":"https:\/\/westcoasttriallawyers.com\/es#organization"},"alternateName":"WCTL","potentialAction":[{"@type":"SearchAction","target":{"@type":"EntryPoint","urlTemplate":"https:\/\/westcoasttriallawyers.com\/es?s={search_term_string}"},"query-input":{"@type":"PropertyValueSpecification","valueRequired":true,"valueName":"search_term_string"}}],"inLanguage":"es"},{"@type":"Organization","@id":"https:\/\/westcoasttriallawyers.com\/es#organization","name":"West Coast Trial Lawyers","alternateName":"WCTL","url":"https:\/\/westcoasttriallawyers.com\/es","logo":{"@type":"ImageObject","inLanguage":"es","@id":"https:\/\/westcoasttriallawyers.com\/es#\/schema\/logo\/image\/","url":"https:\/\/westcoasttriallawyers.com\/wp-content\/uploads\/2026\/02\/WCTL-Logo.jpg","contentUrl":"https:\/\/westcoasttriallawyers.com\/wp-content\/uploads\/2026\/02\/WCTL-Logo.jpg","width":696,"height":696,"caption":"West Coast Trial Lawyers"},"image":{"@id":"https:\/\/westcoasttriallawyers.com\/es#\/schema\/logo\/image\/"},"sameAs":["https:\/\/www.facebook.com\/westcoasttriallawyers\/","https:\/\/x.com\/WestCoastTrial","https:\/\/www.linkedin.com\/company\/west-coast-trial-lawyers\/","https:\/\/www.instagram.com\/westcoasttriallawyers\/","https:\/\/www.yelp.com\/biz\/west-coast-trial-lawyers-los-angeles-2","https:\/\/www.pinterest.com\/westcoasttrial\/","https:\/\/www.youtube.com\/westcoasttriallawyersla\/","https:\/\/www.tiktok.com\/westcoasttriallawyers"],"description":"West Coast Trial Lawyers is a top-rated personal injury law firm with a goal to provide expert legal representation to those in need. The law firm has offices across California, Nevada, Arizona, and Washington.","legalName":"West Coast Trial Lawyers"}]}},"_links":{"self":[{"href":"https:\/\/westcoasttriallawyers.com\/es\/wp-json\/wp\/v2\/pages\/12895","targetHints":{"allow":["GET"]}}],"collection":[{"href":"https:\/\/westcoasttriallawyers.com\/es\/wp-json\/wp\/v2\/pages"}],"about":[{"href":"https:\/\/westcoasttriallawyers.com\/es\/wp-json\/wp\/v2\/types\/page"}],"author":[{"embeddable":true,"href":"https:\/\/westcoasttriallawyers.com\/es\/wp-json\/wp\/v2\/users\/475"}],"replies":[{"embeddable":true,"href":"https:\/\/westcoasttriallawyers.com\/es\/wp-json\/wp\/v2\/comments?post=12895"}],"version-history":[{"count":3,"href":"https:\/\/westcoasttriallawyers.com\/es\/wp-json\/wp\/v2\/pages\/12895\/revisions"}],"predecessor-version":[{"id":47854,"href":"https:\/\/westcoasttriallawyers.com\/es\/wp-json\/wp\/v2\/pages\/12895\/revisions\/47854"}],"up":[{"embeddable":true,"href":"https:\/\/westcoasttriallawyers.com\/es\/wp-json\/wp\/v2\/pages\/47436"}],"wp:featuredmedia":[{"embeddable":true,"href":"https:\/\/westcoasttriallawyers.com\/es\/wp-json\/wp\/v2\/media\/47004"}],"wp:attachment":[{"href":"https:\/\/westcoasttriallawyers.com\/es\/wp-json\/wp\/v2\/media?parent=12895"}],"curies":[{"name":"wp","href":"https:\/\/api.w.org\/{rel}","templated":true}]}}