{"id":12893,"date":"2026-01-14T18:23:37","date_gmt":"2026-01-14T18:23:37","guid":{"rendered":"https:\/\/wctl1stg.wpengine.com\/?page_id=12893"},"modified":"2026-01-23T23:04:13","modified_gmt":"2026-01-23T23:04:13","slug":"abogados-accidentes-bicicleta-riverside","status":"publish","type":"page","link":"https:\/\/westcoasttriallawyers.com\/es\/california\/riverside\/abogados-accidentes-bicicleta-riverside","title":{"rendered":"Abogado de Accidentes de Bicicletas en Riverside \u00a0"},"content":{"rendered":"<h2><strong>\u00bfQu\u00e9 tipos de seguros de bicicletas est\u00e1n disponibles para cubrir da\u00f1os?<\/strong><\/h2>\n<p><strong>Riverside<\/strong> ha tenido su parte de accidentes de bicicleta a lo largo de los a\u00f1os. El incidente m\u00e1s reciente se report\u00f3 en\u00a0<a href=\"https:\/\/ktla.com\/news\/local-news\/riverside-man-arrested-for-murder-after-he-intentionally-struck-bicyclist-with-truck-riverside-police-department\/\"><strong>agosto de 2012<\/strong><\/a>, donde un conductor fue acusado de atropellar intencionalmente a un ciclista de 46 a\u00f1os. El ciclista fue transportado a un hospital en estado cr\u00edtico y muri\u00f3 unos d\u00edas despu\u00e9s. Desde entonces, el conductor ha sido arrestado y reservado bajo sospecha de asesinato.<\/p>\n<p>Los accidentes automovil\u00edsticos que involucran a ciclistas tienden a ocurrir por una multitud de razones. Una bicicleta es muy peque\u00f1a en comparaci\u00f3n con el tama\u00f1o de un veh\u00edculo est\u00e1ndar. Puede ser dif\u00edcil notar a un ciclista mientras conduce por la carretera, por lo que se recomienda encarecidamente a los conductores que observan con cautela antes de girar o cambiar de carril.<\/p>\n<p>Las posibilidades de un accidente de bicicleta pueden aumentar durante la noche, ya que puede ser un desaf\u00edo para un ciclista permanecer visible para otros conductores cercanos. Usar ropa reflectante e instalar luces en la bicicleta podr\u00eda darle al ciclista una mejor oportunidad de sobresalir cuando ande en la oscuridad o con poca luz.<\/p>\n<p>Si estuvo involucrado en un accidente de bicicleta, puede tener derecho a recibir una compensaci\u00f3n por da\u00f1os y perjuicios. En Los Abogados de la Costa Oeste, nuestro equipo de<strong> abogados con experiencia en accidentes de bicicleta en Riverside\u00a0<\/strong>lo ayudar\u00e1 a recuperar da\u00f1os econ\u00f3micos y no econ\u00f3micos, incluidas facturas m\u00e9dicas, da\u00f1os a la propiedad, salarios perdidos, dolor y sufrimiento, y m\u00e1s. Con un historial de ganar m\u00e1s de 5,000 casos de lesiones personales y obtener m\u00e1s de $1 mil millones en acuerdos para nuestros clientes, hemos sido reconocidos como uno de los principales bufetes de abogados de lesiones personales en Riverside.<\/p>\n<p>Comun\u00edquese hoy con nuestro equipo legal disponible las 24 horas, los 7 d\u00edas de la semana llamando al\u00a0<strong>(951) 393-1200\u00a0<\/strong>o enviando un correo electr\u00f3nico\u00a0<a href=\"mailto:info@westcoasttriallawyers.com\"><strong>a info@westcoasttriallawyers.com<\/strong><\/a><strong>\u00a0<\/strong>para programar una consulta gratuita y sin compromiso en nuestro\u00a0<strong>bufete de abogados de lesiones personales de Riverside<\/strong>.<\/p>\n<p><strong>Lesiones Comunes en Accidentes de Bicicleta<\/strong><\/p>\n<p>Se prev\u00e9 que los ciclistas sufran lesiones graves despu\u00e9s de un accidente debido a la falta de protecci\u00f3n que ofrece su bicicleta. Debido a que no est\u00e1n protegidos por un marco de metal, los ciclistas corren un alto riesgo de fracturarse uno o m\u00e1s huesos del cuerpo. Debido al fuerte impacto de un veh\u00edculo, el ciclista puede salir despedido de su bicicleta y aterrizar agresivamente en el suelo. Pueden surgir muchos tipos de lesiones, entre ellas:<\/p>\n<ul>\n<li><strong>Lesi\u00f3n cerebral. <\/strong>Los cascos son importantes para usar al andar en bicicleta. Aunque un casco no tiene la capacidad de protegerlo de un veh\u00edculo de m\u00e1s de 3,000 libras, puede reducir la probabilidad de sufrir una lesi\u00f3n cerebral. De acuerdo con la\u00a0<a href=\"https:\/\/www.iihs.org\/topics\/fatality-statistics\/detail\/bicyclists#:~:text=Posted%20December%202019.-,Trends,their%20lowest%20point%20in%202010\">Instituto de Seguros para la Seguridad en las Carreteras (IIHS, por sus siglas en ingl\u00e9s)<\/a>, de 843 accidentes fatales de bicicleta que ocurrieron en los Estados Unidos, alrededor de 520 ciclistas (62 por ciento) se encontraron sin casco, mientras que 127 ciclistas (15 por ciento) lo ten\u00edan puesto. Con base en estos datos, sigue demostrando que usar un casco puede marcar la diferencia en el resultado de un accidente.<\/li>\n<li><strong>Lesiones faciales.<\/strong> Los cascos, principalmente los que usan los ciclistas, no ofrecen una cantidad significativa de protecci\u00f3n para la cara. Se predice que un ciclista sufrir\u00e1 lesiones faciales en una colisi\u00f3n, como una mand\u00edbula rota, dientes faltantes, p\u00f3mulos fracturados y cuencas oculares da\u00f1adas. Adem\u00e1s, tambi\u00e9n pueden ocurrir otros problemas de salud, como dificultad para respirar, coloraci\u00f3n permanente, hinchaz\u00f3n facial, dolor y entumecimiento.<\/li>\n<li><strong>Lesi\u00f3n de la m\u00e9dula espinal.\u00a0<\/strong>El da\u00f1o a la m\u00e9dula espinal puede ser temporal o permanente. Debido a su conexi\u00f3n con el sistema nervioso y el cerebro, un golpe contundente en la m\u00e9dula espinal puede causar:\n<ol>\n<li>P\u00e9rdida de movimiento<\/li>\n<li>P\u00e9rdida de sensibilidad, como la capacidad de sentir cambios de temperatura<\/li>\n<li>P\u00e9rdida del control de la vejiga<\/li>\n<li>Dolor de espalda extremo<\/li>\n<li>Dificultad para respirar<\/li>\n<li>Problemas de equilibrio y caminar<\/li>\n<\/ol>\n<\/li>\n<li><strong>muerte por negligencia.<\/strong>\u00a0 Un conductor negligente es un factor com\u00fan en los casos de muerte por negligencia que involucran a peatones. Este tipo de conductor se encuentra a menudo conduciendo a exceso de velocidad, conduciendo bajo la influencia o enviando mensajes de texto y conduciendo. Cometer cualquiera de estas acciones ilegales puede resultar en un accidente grave o fatal.<\/li>\n<\/ul>\n<p><strong>Seguro de accidentes de bicicleta<\/strong><\/p>\n<p>A diferencia del seguro de autom\u00f3vil, no se requiere que los ciclistas tengan un seguro de bicicleta en California. Si su bicicleta es importante para usted y la monta con frecuencia, entonces ser\u00eda ideal adquirir un seguro para cubrir los posibles da\u00f1os. Los beneficios que ofrecen muchas p\u00f3lizas de seguros para bicicletas incluyen los siguientes:<\/p>\n<ul>\n<li>Pagos m\u00e9dicos<\/li>\n<li>Cobertura de da\u00f1os f\u00edsicos para bicicletas, incluidas las piezas de repuesto<\/li>\n<li>Protecci\u00f3n para ciclistas involucrados en un accidente automovil\u00edstico y otros tipos de colisiones donde hay lesiones corporales<\/li>\n<li>Cobertura contra robo<\/li>\n<li>Asistencia en carretera<\/li>\n<li>tr\u00e1nsito Protecci\u00f3n<\/li>\n<li>de responsabilidad civil para bicicletas<\/li>\n<li>alquiler Reembolso<\/li>\n<li>de tarifas de eventos competitivos<\/li>\n<\/ul>\n<p><strong>Cont\u00e1ctanos<\/strong><\/p>\n<p>Si usted o un ser querido estuvieron involucrados en un accidente de bicicleta, es posible que tenga derecho a recibir una compensaci\u00f3n. Nuestros abogados con experiencia en accidentes de bicicleta en Riverside en\u00a0<a href=\"\/\"><strong>Los Abogados de la Costa Oeste\u00a0<\/strong><\/a>est\u00e1n disponibles para ayudarle con su caso.<\/p>\n<p>Para programar una consulta gratuita en nuestro bufete de abogados de lesiones personales de Riverside, comun\u00edquese con nuestro equipo legal las 24 horas, los 7 d\u00edas de la semana llamando al\u00a0<strong>(951) 393-1200\u00a0<\/strong>o enviando un correo electr\u00f3nico\u00a0<a href=\"mailto:info@westcoasttriallawyers.com\"><strong>a info@westcoasttriallawyers.com<\/strong><\/a><strong>.\u00a0<\/strong><br \/>\n<!-- WCTL_DEBUG: no shortcode in this_content --><\/p>\n","protected":false},"excerpt":{"rendered":"<p>\u00bfQu\u00e9 tipos de seguros de bicicletas est\u00e1n disponibles para cubrir da\u00f1os? Riverside ha tenido su parte de accidentes de bicicleta a lo largo de los a\u00f1os. El incidente m\u00e1s reciente se report\u00f3 en\u00a0agosto de 2012, donde un conductor fue acusado de atropellar intencionalmente a un ciclista de 46 a\u00f1os. El ciclista fue transportado a un [&hellip;]<\/p>\n","protected":false},"author":470,"featured_media":16878,"parent":47436,"menu_order":368,"comment_status":"closed","ping_status":"closed","template":"","meta":{"inline_featured_image":false,"footnotes":""},"class_list":["post-12893","page","type-page","status-publish","has-post-thumbnail","hentry"],"acf":[],"yoast_head":"<!-- This site is optimized with the Yoast SEO Premium plugin v26.0 (Yoast SEO v26.0) - https:\/\/yoast.com\/wordpress\/plugins\/seo\/ -->\n<title>Abogado de Accidentes de Bicicletas en Riverside \u00a0 | West Coast Trial Lawyers<\/title>\n<meta name=\"robots\" content=\"index, follow, max-snippet:-1, max-image-preview:large, max-video-preview:-1\" \/>\n<link rel=\"canonical\" href=\"https:\/\/westcoasttriallawyers.com\/es\/california\/riverside\/abogados-accidentes-bicicleta-riverside\" \/>\n<meta property=\"og:locale\" content=\"es_ES\" \/>\n<meta property=\"og:type\" content=\"article\" \/>\n<meta property=\"og:title\" content=\"Abogado de Accidentes de Bicicletas en Riverside \u00a0\" \/>\n<meta property=\"og:description\" content=\"\u00bfQu\u00e9 tipos de seguros de bicicletas est\u00e1n disponibles para cubrir da\u00f1os? Riverside ha tenido su parte de accidentes de bicicleta a lo largo de los a\u00f1os. El incidente m\u00e1s reciente se report\u00f3 en\u00a0agosto de 2012, donde un conductor fue acusado de atropellar intencionalmente a un ciclista de 46 a\u00f1os. El ciclista fue transportado a un [&hellip;]\" \/>\n<meta property=\"og:url\" content=\"https:\/\/westcoasttriallawyers.com\/es\/california\/riverside\/abogados-accidentes-bicicleta-riverside\" \/>\n<meta property=\"og:site_name\" content=\"West Coast Trial Lawyers\" \/>\n<meta property=\"article:publisher\" content=\"https:\/\/www.facebook.com\/westcoasttriallawyers\/\" \/>\n<meta property=\"article:modified_time\" content=\"2026-01-23T23:04:13+00:00\" \/>\n<meta property=\"og:image\" content=\"https:\/\/westcoasttriallawyers.com\/wp-content\/uploads\/2024\/10\/Riverside-Featured-Image.jpg\" \/>\n\t<meta property=\"og:image:width\" content=\"1920\" \/>\n\t<meta property=\"og:image:height\" content=\"1080\" \/>\n\t<meta property=\"og:image:type\" content=\"image\/jpeg\" \/>\n<meta name=\"twitter:card\" content=\"summary_large_image\" \/>\n<meta name=\"twitter:site\" content=\"@WestCoastTrial\" \/>\n<meta name=\"twitter:label1\" content=\"Tiempo de lectura\" \/>\n\t<meta name=\"twitter:data1\" content=\"5 minutos\" \/>\n<script type=\"application\/ld+json\" class=\"yoast-schema-graph\">{\"@context\":\"https:\/\/schema.org\",\"@graph\":[{\"@type\":[\"WebPage\",\"ItemPage\"],\"@id\":\"https:\/\/westcoasttriallawyers.com\/es\/california\/riverside\/abogados-accidentes-bicicleta-riverside\",\"url\":\"https:\/\/westcoasttriallawyers.com\/es\/california\/riverside\/abogados-accidentes-bicicleta-riverside\",\"name\":\"Abogado de Accidentes de Bicicletas en Riverside \u00a0 | West Coast Trial Lawyers\",\"isPartOf\":{\"@id\":\"https:\/\/westcoasttriallawyers.com\/es#website\"},\"primaryImageOfPage\":{\"@id\":\"https:\/\/westcoasttriallawyers.com\/es\/california\/riverside\/abogados-accidentes-bicicleta-riverside#primaryimage\"},\"image\":{\"@id\":\"https:\/\/westcoasttriallawyers.com\/es\/california\/riverside\/abogados-accidentes-bicicleta-riverside#primaryimage\"},\"thumbnailUrl\":\"https:\/\/westcoasttriallawyers.com\/wp-content\/uploads\/2024\/10\/Riverside-Featured-Image.jpg\",\"datePublished\":\"2026-01-14T18:23:37+00:00\",\"dateModified\":\"2026-01-23T23:04:13+00:00\",\"breadcrumb\":{\"@id\":\"https:\/\/westcoasttriallawyers.com\/es\/california\/riverside\/abogados-accidentes-bicicleta-riverside#breadcrumb\"},\"inLanguage\":\"es\",\"potentialAction\":[{\"@type\":\"ReadAction\",\"target\":[\"https:\/\/westcoasttriallawyers.com\/es\/california\/riverside\/abogados-accidentes-bicicleta-riverside\"]}]},{\"@type\":\"ImageObject\",\"inLanguage\":\"es\",\"@id\":\"https:\/\/westcoasttriallawyers.com\/es\/california\/riverside\/abogados-accidentes-bicicleta-riverside#primaryimage\",\"url\":\"https:\/\/westcoasttriallawyers.com\/wp-content\/uploads\/2024\/10\/Riverside-Featured-Image.jpg\",\"contentUrl\":\"https:\/\/westcoasttriallawyers.com\/wp-content\/uploads\/2024\/10\/Riverside-Featured-Image.jpg\",\"width\":1920,\"height\":1080,\"caption\":\"A wide overview of downtown Riverside, California.\"},{\"@type\":\"BreadcrumbList\",\"@id\":\"https:\/\/westcoasttriallawyers.com\/es\/california\/riverside\/abogados-accidentes-bicicleta-riverside#breadcrumb\",\"itemListElement\":[{\"@type\":\"ListItem\",\"position\":1,\"name\":\"Inicio\",\"item\":\"https:\/\/westcoasttriallawyers.com\/es\"},{\"@type\":\"ListItem\",\"position\":2,\"name\":\"California\",\"item\":\"https:\/\/westcoasttriallawyers.com\/es\/california\"},{\"@type\":\"ListItem\",\"position\":3,\"name\":\"Riverside\",\"item\":\"https:\/\/westcoasttriallawyers.com\/es\/california\/riverside\"},{\"@type\":\"ListItem\",\"position\":4,\"name\":\"Abogado de Accidentes de Bicicletas en Riverside \u00a0\"}]},{\"@type\":\"WebSite\",\"@id\":\"https:\/\/westcoasttriallawyers.com\/es#website\",\"url\":\"https:\/\/westcoasttriallawyers.com\/es\",\"name\":\"West Coast Trial Lawyers\",\"description\":\"West Coast Trial Lawyers\",\"publisher\":{\"@id\":\"https:\/\/westcoasttriallawyers.com\/es#organization\"},\"alternateName\":\"WCTL\",\"potentialAction\":[{\"@type\":\"SearchAction\",\"target\":{\"@type\":\"EntryPoint\",\"urlTemplate\":\"https:\/\/westcoasttriallawyers.com\/es?s={search_term_string}\"},\"query-input\":{\"@type\":\"PropertyValueSpecification\",\"valueRequired\":true,\"valueName\":\"search_term_string\"}}],\"inLanguage\":\"es\"},{\"@type\":\"Organization\",\"@id\":\"https:\/\/westcoasttriallawyers.com\/es#organization\",\"name\":\"West Coast Trial Lawyers\",\"alternateName\":\"WCTL\",\"url\":\"https:\/\/westcoasttriallawyers.com\/es\",\"logo\":{\"@type\":\"ImageObject\",\"inLanguage\":\"es\",\"@id\":\"https:\/\/westcoasttriallawyers.com\/es#\/schema\/logo\/image\/\",\"url\":\"https:\/\/westcoasttriallawyers.com\/wp-content\/uploads\/2026\/02\/WCTL-Logo.jpg\",\"contentUrl\":\"https:\/\/westcoasttriallawyers.com\/wp-content\/uploads\/2026\/02\/WCTL-Logo.jpg\",\"width\":696,\"height\":696,\"caption\":\"West Coast Trial Lawyers\"},\"image\":{\"@id\":\"https:\/\/westcoasttriallawyers.com\/es#\/schema\/logo\/image\/\"},\"sameAs\":[\"https:\/\/www.facebook.com\/westcoasttriallawyers\/\",\"https:\/\/x.com\/WestCoastTrial\",\"https:\/\/www.linkedin.com\/company\/west-coast-trial-lawyers\/\",\"https:\/\/www.instagram.com\/westcoasttriallawyers\/\",\"https:\/\/www.yelp.com\/biz\/west-coast-trial-lawyers-los-angeles-2\",\"https:\/\/www.pinterest.com\/westcoasttrial\/\",\"https:\/\/www.youtube.com\/westcoasttriallawyersla\/\",\"https:\/\/www.tiktok.com\/westcoasttriallawyers\"],\"description\":\"West Coast Trial Lawyers is a top-rated personal injury law firm with a goal to provide expert legal representation to those in need. The law firm has offices across California, Nevada, Arizona, and Washington.\",\"legalName\":\"West Coast Trial Lawyers\"}]}<\/script>\n<!-- \/ Yoast SEO Premium plugin. -->","yoast_head_json":{"title":"Abogado de Accidentes de Bicicletas en Riverside \u00a0 | West Coast Trial Lawyers","robots":{"index":"index","follow":"follow","max-snippet":"max-snippet:-1","max-image-preview":"max-image-preview:large","max-video-preview":"max-video-preview:-1"},"canonical":"https:\/\/westcoasttriallawyers.com\/es\/california\/riverside\/abogados-accidentes-bicicleta-riverside","og_locale":"es_ES","og_type":"article","og_title":"Abogado de Accidentes de Bicicletas en Riverside \u00a0","og_description":"\u00bfQu\u00e9 tipos de seguros de bicicletas est\u00e1n disponibles para cubrir da\u00f1os? Riverside ha tenido su parte de accidentes de bicicleta a lo largo de los a\u00f1os. El incidente m\u00e1s reciente se report\u00f3 en\u00a0agosto de 2012, donde un conductor fue acusado de atropellar intencionalmente a un ciclista de 46 a\u00f1os. El ciclista fue transportado a un [&hellip;]","og_url":"https:\/\/westcoasttriallawyers.com\/es\/california\/riverside\/abogados-accidentes-bicicleta-riverside","og_site_name":"West Coast Trial Lawyers","article_publisher":"https:\/\/www.facebook.com\/westcoasttriallawyers\/","article_modified_time":"2026-01-23T23:04:13+00:00","og_image":[{"width":1920,"height":1080,"url":"https:\/\/westcoasttriallawyers.com\/wp-content\/uploads\/2024\/10\/Riverside-Featured-Image.jpg","type":"image\/jpeg"}],"twitter_card":"summary_large_image","twitter_site":"@WestCoastTrial","twitter_misc":{"Tiempo de lectura":"5 minutos"},"schema":{"@context":"https:\/\/schema.org","@graph":[{"@type":["WebPage","ItemPage"],"@id":"https:\/\/westcoasttriallawyers.com\/es\/california\/riverside\/abogados-accidentes-bicicleta-riverside","url":"https:\/\/westcoasttriallawyers.com\/es\/california\/riverside\/abogados-accidentes-bicicleta-riverside","name":"Abogado de Accidentes de Bicicletas en Riverside \u00a0 | West Coast Trial Lawyers","isPartOf":{"@id":"https:\/\/westcoasttriallawyers.com\/es#website"},"primaryImageOfPage":{"@id":"https:\/\/westcoasttriallawyers.com\/es\/california\/riverside\/abogados-accidentes-bicicleta-riverside#primaryimage"},"image":{"@id":"https:\/\/westcoasttriallawyers.com\/es\/california\/riverside\/abogados-accidentes-bicicleta-riverside#primaryimage"},"thumbnailUrl":"https:\/\/westcoasttriallawyers.com\/wp-content\/uploads\/2024\/10\/Riverside-Featured-Image.jpg","datePublished":"2026-01-14T18:23:37+00:00","dateModified":"2026-01-23T23:04:13+00:00","breadcrumb":{"@id":"https:\/\/westcoasttriallawyers.com\/es\/california\/riverside\/abogados-accidentes-bicicleta-riverside#breadcrumb"},"inLanguage":"es","potentialAction":[{"@type":"ReadAction","target":["https:\/\/westcoasttriallawyers.com\/es\/california\/riverside\/abogados-accidentes-bicicleta-riverside"]}]},{"@type":"ImageObject","inLanguage":"es","@id":"https:\/\/westcoasttriallawyers.com\/es\/california\/riverside\/abogados-accidentes-bicicleta-riverside#primaryimage","url":"https:\/\/westcoasttriallawyers.com\/wp-content\/uploads\/2024\/10\/Riverside-Featured-Image.jpg","contentUrl":"https:\/\/westcoasttriallawyers.com\/wp-content\/uploads\/2024\/10\/Riverside-Featured-Image.jpg","width":1920,"height":1080,"caption":"A wide overview of downtown Riverside, California."},{"@type":"BreadcrumbList","@id":"https:\/\/westcoasttriallawyers.com\/es\/california\/riverside\/abogados-accidentes-bicicleta-riverside#breadcrumb","itemListElement":[{"@type":"ListItem","position":1,"name":"Inicio","item":"https:\/\/westcoasttriallawyers.com\/es"},{"@type":"ListItem","position":2,"name":"California","item":"https:\/\/westcoasttriallawyers.com\/es\/california"},{"@type":"ListItem","position":3,"name":"Riverside","item":"https:\/\/westcoasttriallawyers.com\/es\/california\/riverside"},{"@type":"ListItem","position":4,"name":"Abogado de Accidentes de Bicicletas en Riverside \u00a0"}]},{"@type":"WebSite","@id":"https:\/\/westcoasttriallawyers.com\/es#website","url":"https:\/\/westcoasttriallawyers.com\/es","name":"West Coast Trial Lawyers","description":"West Coast Trial Lawyers","publisher":{"@id":"https:\/\/westcoasttriallawyers.com\/es#organization"},"alternateName":"WCTL","potentialAction":[{"@type":"SearchAction","target":{"@type":"EntryPoint","urlTemplate":"https:\/\/westcoasttriallawyers.com\/es?s={search_term_string}"},"query-input":{"@type":"PropertyValueSpecification","valueRequired":true,"valueName":"search_term_string"}}],"inLanguage":"es"},{"@type":"Organization","@id":"https:\/\/westcoasttriallawyers.com\/es#organization","name":"West Coast Trial Lawyers","alternateName":"WCTL","url":"https:\/\/westcoasttriallawyers.com\/es","logo":{"@type":"ImageObject","inLanguage":"es","@id":"https:\/\/westcoasttriallawyers.com\/es#\/schema\/logo\/image\/","url":"https:\/\/westcoasttriallawyers.com\/wp-content\/uploads\/2026\/02\/WCTL-Logo.jpg","contentUrl":"https:\/\/westcoasttriallawyers.com\/wp-content\/uploads\/2026\/02\/WCTL-Logo.jpg","width":696,"height":696,"caption":"West Coast Trial Lawyers"},"image":{"@id":"https:\/\/westcoasttriallawyers.com\/es#\/schema\/logo\/image\/"},"sameAs":["https:\/\/www.facebook.com\/westcoasttriallawyers\/","https:\/\/x.com\/WestCoastTrial","https:\/\/www.linkedin.com\/company\/west-coast-trial-lawyers\/","https:\/\/www.instagram.com\/westcoasttriallawyers\/","https:\/\/www.yelp.com\/biz\/west-coast-trial-lawyers-los-angeles-2","https:\/\/www.pinterest.com\/westcoasttrial\/","https:\/\/www.youtube.com\/westcoasttriallawyersla\/","https:\/\/www.tiktok.com\/westcoasttriallawyers"],"description":"West Coast Trial Lawyers is a top-rated personal injury law firm with a goal to provide expert legal representation to those in need. The law firm has offices across California, Nevada, Arizona, and Washington.","legalName":"West Coast Trial Lawyers"}]}},"_links":{"self":[{"href":"https:\/\/westcoasttriallawyers.com\/es\/wp-json\/wp\/v2\/pages\/12893","targetHints":{"allow":["GET"]}}],"collection":[{"href":"https:\/\/westcoasttriallawyers.com\/es\/wp-json\/wp\/v2\/pages"}],"about":[{"href":"https:\/\/westcoasttriallawyers.com\/es\/wp-json\/wp\/v2\/types\/page"}],"author":[{"embeddable":true,"href":"https:\/\/westcoasttriallawyers.com\/es\/wp-json\/wp\/v2\/users\/470"}],"replies":[{"embeddable":true,"href":"https:\/\/westcoasttriallawyers.com\/es\/wp-json\/wp\/v2\/comments?post=12893"}],"version-history":[{"count":2,"href":"https:\/\/westcoasttriallawyers.com\/es\/wp-json\/wp\/v2\/pages\/12893\/revisions"}],"predecessor-version":[{"id":48205,"href":"https:\/\/westcoasttriallawyers.com\/es\/wp-json\/wp\/v2\/pages\/12893\/revisions\/48205"}],"up":[{"embeddable":true,"href":"https:\/\/westcoasttriallawyers.com\/es\/wp-json\/wp\/v2\/pages\/47436"}],"wp:featuredmedia":[{"embeddable":true,"href":"https:\/\/westcoasttriallawyers.com\/es\/wp-json\/wp\/v2\/media\/16878"}],"wp:attachment":[{"href":"https:\/\/westcoasttriallawyers.com\/es\/wp-json\/wp\/v2\/media?parent=12893"}],"curies":[{"name":"wp","href":"https:\/\/api.w.org\/{rel}","templated":true}]}}