{"id":12889,"date":"2026-01-14T18:23:38","date_gmt":"2026-01-14T18:23:38","guid":{"rendered":"https:\/\/wctl1stg.wpengine.com\/?page_id=12889"},"modified":"2026-01-23T22:57:52","modified_gmt":"2026-01-23T22:57:52","slug":"abogados-accidentes-motocicleta-riverside","status":"publish","type":"page","link":"https:\/\/westcoasttriallawyers.com\/es\/california\/riverside\/abogados-accidentes-motocicleta-riverside","title":{"rendered":"Abogado de Accidentes de Motocicleta en Riverside"},"content":{"rendered":"<h2><strong>Causas Comunes de Los Accidentes de Motocicleta y qu\u00e9 debe hacer Despu\u00e9s para Obtener una Compensaci\u00f3n Justa<\/strong><\/h2>\n<p><img src=\"https:\/\/lh3.googleusercontent.com\/GhGWngWrmAcm1igsp-TN1ZCuCDoEQyjJOHR81qZvmOx3n6QOYL9x3w6BCGUlwzhi4JUt9lAXIz3Yorx87UIwLuvxvlxrleSzL_fBB6H04T98Larg7uc9rJfxrBXD9M60LPpKKO9tBithwVQv4CcVmv0\" alt=\"null\" \/><\/p>\n<p>En\u00a0<strong>Riverside<\/strong>, los accidentes de motocicleta son bastante comunes. Muchos factores pueden contribuir a un accidente de motocicleta, como el exceso de velocidad, las malas condiciones clim\u00e1ticas, los peligros de la carretera y los conductores y motociclistas negligentes. Dado que una motocicleta no ofrece la misma cantidad de protecci\u00f3n que un autom\u00f3vil, el motociclista puede sufrir lesiones de moderadas a graves durante el impacto con otro veh\u00edculo u objeto.<\/p>\n<p>Riverside ha recibido muchos informes de accidentes de motocicletas en los \u00faltimos meses, uno de ellos en\u00a0<a href=\"https:\/\/losangeles.cbslocal.com\/2021\/08\/15\/motorcyclist213-927-3700in-critical-condition-after-riverside-crash\/\"><strong>agosto de 2021<\/strong><\/a>. Un motociclista de 68 a\u00f1os choc\u00f3 contra un gran bloque de madera y fue trasladado al hospital en estado cr\u00edtico. Otro incidente ocurri\u00f3 en<strong>\u00a0<\/strong><a href=\"https:\/\/www.sandiegouniontribune.com\/news\/public-safety\/story\/2213-927-3700\/motorcyclist-killed-in-crash-with-big-rig-identified-as-riverside-man\"><strong>septiembre de 2021<\/strong><\/a>. Un motociclista de 36 a\u00f1os choc\u00f3 por detr\u00e1s con un cami\u00f3n con remolque cuando intentaba cambiar de carril para evitar el tr\u00e1fico. El motociclista fue transportado al hospital por param\u00e9dicos y luego fue declarado muerto.<\/p>\n<p>Si estuvo involucrado en un accidente de motocicleta y desea presentar un reclamo contra la parte culpable, Los Abogados de la Costa Oeste tiene\u00a0<strong>abogados de accidentes de motocicleta en Riverside\u00a0<\/strong>con m\u00e1s de 60 a\u00f1os de experiencia legal colectiva en el manejo de casos de lesiones personales. Hemos ganado m\u00e1s de 5000 casos y adquirido m\u00e1s de mil millones de d\u00f3lares en acuerdos y sentencias para nuestros clientes. Debido a nuestros logros, hemos sido clasificados como uno de los mejores bufetes de abogados de lesiones personales en Riverside.<\/p>\n<p>P\u00f3ngase en contacto con nuestro equipo legal las 24 horas del d\u00eda, los 7 d\u00edas de la semana hoy llamando al\u00a0<strong>(951) 393-1299\u00a0<\/strong>o enviando un correo electr\u00f3nico\u00a0<a href=\"mailto:info@westcoasttriallawyers.com\">a\u00a0<strong>info@westcoasttriallawyers.com<\/strong><\/a><strong>\u00a0<\/strong>para programar una consulta gratuita y sin compromiso en nuestro\u00a0<strong>bufete de abogados de lesiones personales de Riverside.<\/strong><\/p>\n<p><strong>Causas Comunes de Accidentes de Motocicleta<\/strong><\/p>\n<p>A continuaci\u00f3n se enumeran algunas de las causas m\u00e1s frecuentes de accidentes de motocicleta en Riverside.<\/p>\n<p><strong>Divisi\u00f3n de carriles.<\/strong> Desafortunadamente, este es un tema recurrente que ha cobrado la vida de muchos motociclistas.accidentes de divisi\u00f3n de carriles son causados \u200b\u200bpor un motociclista que circula entre dos carriles para evitar el tr\u00e1fico lento. Debido al espacio restringido, el conductor tiene menos control sobre el veh\u00edculo de dos ruedas y puede provocar f\u00e1cilmente un choque.<\/p>\n<p><strong>Giros a la izquierda.<\/strong> Estos tipos de accidentes pueden causar da\u00f1os graves al conductor y al motociclista, sin embargo, el motociclista puede sufrir lesiones m\u00e1s graves ya que es vulnerable a un impacto contundente. Un giro a la izquierda generalmente es causado por un veh\u00edculo que gira a la izquierda y choca contra un motociclista. En determinadas circunstancias, el conductor podr\u00eda tener la culpa de no observar con cautela su entorno antes de girar. Sin embargo, un motociclista tambi\u00e9n puede ser considerado responsable si lo atrapan pasando a exceso de velocidad.<\/p>\n<p><strong>Alcohol.\u00a0<\/strong>Seg\u00fan Muchos informes, los accidentes de motocicleta suelen implicar alg\u00fan tipo de consumo de alcohol. De hecho, los estudios muestran que casi el\u00a0<strong>50 por<\/strong><a href=\"https:\/\/www.ncbi.nlm.nih.gov\/pmc\/articles\/PMC4293814\/\"><strong> ciento de los accidentes de motocicleta<\/strong><\/a> involucran alg\u00fan tipo de intoxicaci\u00f3n.<\/p>\n<p><strong>Peligros de la carretera.<\/strong> Teniendo en cuenta el tama\u00f1o peque\u00f1o y los marcos livianos de una motocicleta, el impacto de chocar con un peligro en la carretera podr\u00eda afectar gravemente el equilibrio del conductor y hacer que pierda el control de su veh\u00edculo. A continuaci\u00f3n se enumeran algunos peligros potenciales en las carreteras:<\/p>\n<ul>\n<li>Construcci\u00f3n de calles<\/li>\n<li>Ramas ca\u00eddas o follaje desarraigado Animales atropellados<\/li>\n<li>u otros muertos<\/li>\n<li>Pavimento defectuoso<\/li>\n<li>Baches<\/li>\n<li>mojadas, heladas o irregulares<\/li>\n<\/ul>\n<p><strong>Qu\u00e9 hacer Despu\u00e9s de un Accidente de Motocicleta\u00a0<\/strong><\/p>\n<p>Si estuvo involucrado en un accidente de motocicleta, pueden derecho a recibir una indemnizaci\u00f3n por da\u00f1os y perjuicios. Para que las v\u00edctimas de accidentes obtengan una compensaci\u00f3n justa, se recomienda seguir estos consejos:<\/p>\n<ul>\n<li><strong>Aseg\u00farese de estar bien.\u00a0<\/strong>Si observa lesiones o da\u00f1os, debe comunicarse con la polic\u00eda de inmediato.<\/li>\n<li><strong>Llame al 911.\u00a0<\/strong>Los oficiales de polic\u00eda llegar\u00e1n a la escena del accidente y crear\u00e1n un informe policial oficial. Los param\u00e9dicos tambi\u00e9n pueden estar presentes para brindar asistencia m\u00e9dica inmediata a quienes la necesiten.<\/li>\n<li><strong>Intercambiar informaci\u00f3n.\u00a0<\/strong>Aseg\u00farese de compartir informaci\u00f3n con las otras partes involucradas en el accidente. Esto incluye obtener su n\u00famero de licencia de conducir, informaci\u00f3n del seguro e informaci\u00f3n de contacto.<\/li>\n<li><strong>Adquirir informaci\u00f3n de testigos.<\/strong> Mire a su alrededor en busca de testigos. Si ve uno cerca, p\u00eddales su consentimiento para que se involucren en su caso. Si lo aprueban, debe anotar su informaci\u00f3n de contacto. Los testimonios de los testigos pueden ayudar a respaldar su reclamo.<\/li>\n<li><strong>Reunir evidencias.\u00a0<\/strong>Aseg\u00farese de tomar fotograf\u00edas y\/o videos de sus lesiones, da\u00f1os y el lugar donde ocurri\u00f3 el accidente. Tambi\u00e9n debe documentar su perspectiva del accidente antes, durante y despu\u00e9s de que ocurriera. No olvide incluir la fecha y la hora en que se llev\u00f3 a cabo cada evento. Por \u00faltimo, debe solicitar recibir una copia del informe policial oficial.<\/li>\n<li><strong>Busque atenci\u00f3n m\u00e9dica.\u00a0<\/strong>Siempre se recomienda que las v\u00edctimas de accidentes busquen atenci\u00f3n m\u00e9dica inmediata. Independientemente de cu\u00e1n leve sea su lesi\u00f3n, es importante que lo revisen para asegurarse de que no sufra una lesi\u00f3n interna u otra afecci\u00f3n relacionada con la salud que pueda haber sido provocada por el impacto. Siempre pon tu salud primero.<\/li>\n<li><strong>P\u00f3ngase en contacto con un abogado de accidentes de motocicleta.\u00a0<\/strong>Las compa\u00f1\u00edas de seguros no est\u00e1n de su lado. Estas empresas suelen ofrecer una compensaci\u00f3n baja para cubrir los da\u00f1os. Un abogado de accidentes de motocicleta lo ayudar\u00e1 a fortalecer su reclamo y negociar\u00e1 con las compa\u00f1\u00edas de seguros para convencerlas de que le ofrezcan un monto de liquidaci\u00f3n alto que pueda cubrir las p\u00e9rdidas causadas por el accidente.<\/li>\n<\/ul>\n<p><strong>Cont\u00e1ctenos Hoy<\/strong><\/p>\n<p>Si ha sufrido una lesi\u00f3n en una motocicleta en el condado de Riverside o sus alrededores debido a la negligencia de otra parte,\u00a0<a href=\"\/\"><strong>Los Abogados de la Costa Oeste \u00a0\u00a0<\/strong><\/a>cuenta con abogados experimentados en accidentes de motocicleta en Riverside que lo ayudar\u00e1n a obtener la compensaci\u00f3n m\u00e1xima para cubrir los da\u00f1os, como facturas m\u00e9dicas, salarios perdidos, da\u00f1os a la propiedad y dolor y sufrimiento.<\/p>\n<p>Comun\u00edquese hoy con nuestro equipo legal disponible las 24 horas, los 7 d\u00edas de la semana llamando al\u00a0<strong>(951) 393-1299<\/strong> o enviando un correo electr\u00f3nico\u00a0<strong>info@westcoasttriallawyers.com<\/strong> para programar una consulta gratuita en nuestro bufete de abogados de lesiones personales de Riverside.<br \/>\n<!-- WCTL_DEBUG: no shortcode in this_content --><\/p>\n","protected":false},"excerpt":{"rendered":"<p>Causas Comunes de Los Accidentes de Motocicleta y qu\u00e9 debe hacer Despu\u00e9s para Obtener una Compensaci\u00f3n Justa En\u00a0Riverside, los accidentes de motocicleta son bastante comunes. Muchos factores pueden contribuir a un accidente de motocicleta, como el exceso de velocidad, las malas condiciones clim\u00e1ticas, los peligros de la carretera y los conductores y motociclistas negligentes. Dado [&hellip;]<\/p>\n","protected":false},"author":470,"featured_media":46984,"parent":47436,"menu_order":369,"comment_status":"closed","ping_status":"closed","template":"","meta":{"inline_featured_image":false,"footnotes":""},"class_list":["post-12889","page","type-page","status-publish","has-post-thumbnail","hentry"],"acf":[],"yoast_head":"<!-- This site is optimized with the Yoast SEO Premium plugin v26.0 (Yoast SEO v26.0) - https:\/\/yoast.com\/wordpress\/plugins\/seo\/ -->\n<title>Abogado de Accidentes de Motocicleta en Riverside | West Coast Trial Lawyers<\/title>\n<meta name=\"robots\" content=\"index, follow, max-snippet:-1, max-image-preview:large, max-video-preview:-1\" \/>\n<link rel=\"canonical\" href=\"https:\/\/westcoasttriallawyers.com\/es\/california\/riverside\/abogados-accidentes-motocicleta-riverside\" \/>\n<meta property=\"og:locale\" content=\"es_ES\" \/>\n<meta property=\"og:type\" content=\"article\" \/>\n<meta property=\"og:title\" content=\"Abogado de Accidentes de Motocicleta en Riverside\" \/>\n<meta property=\"og:description\" content=\"Causas Comunes de Los Accidentes de Motocicleta y qu\u00e9 debe hacer Despu\u00e9s para Obtener una Compensaci\u00f3n Justa En\u00a0Riverside, los accidentes de motocicleta son bastante comunes. Muchos factores pueden contribuir a un accidente de motocicleta, como el exceso de velocidad, las malas condiciones clim\u00e1ticas, los peligros de la carretera y los conductores y motociclistas negligentes. Dado [&hellip;]\" \/>\n<meta property=\"og:url\" content=\"https:\/\/westcoasttriallawyers.com\/es\/california\/riverside\/abogados-accidentes-motocicleta-riverside\" \/>\n<meta property=\"og:site_name\" content=\"West Coast Trial Lawyers\" \/>\n<meta property=\"article:publisher\" content=\"https:\/\/www.facebook.com\/westcoasttriallawyers\/\" \/>\n<meta property=\"article:modified_time\" content=\"2026-01-23T22:57:52+00:00\" \/>\n<meta property=\"og:image\" content=\"https:\/\/westcoasttriallawyers.com\/wp-content\/uploads\/2025\/07\/Riverside-11.webp\" \/>\n\t<meta property=\"og:image:width\" content=\"557\" \/>\n\t<meta property=\"og:image:height\" content=\"327\" \/>\n\t<meta property=\"og:image:type\" content=\"image\/webp\" \/>\n<meta name=\"twitter:card\" content=\"summary_large_image\" \/>\n<meta name=\"twitter:site\" content=\"@WestCoastTrial\" \/>\n<meta name=\"twitter:label1\" content=\"Tiempo de lectura\" \/>\n\t<meta name=\"twitter:data1\" content=\"5 minutos\" \/>\n<script type=\"application\/ld+json\" class=\"yoast-schema-graph\">{\"@context\":\"https:\/\/schema.org\",\"@graph\":[{\"@type\":[\"WebPage\",\"ItemPage\"],\"@id\":\"https:\/\/westcoasttriallawyers.com\/es\/california\/riverside\/abogados-accidentes-motocicleta-riverside\",\"url\":\"https:\/\/westcoasttriallawyers.com\/es\/california\/riverside\/abogados-accidentes-motocicleta-riverside\",\"name\":\"Abogado de Accidentes de Motocicleta en Riverside | West Coast Trial Lawyers\",\"isPartOf\":{\"@id\":\"https:\/\/westcoasttriallawyers.com\/es#website\"},\"primaryImageOfPage\":{\"@id\":\"https:\/\/westcoasttriallawyers.com\/es\/california\/riverside\/abogados-accidentes-motocicleta-riverside#primaryimage\"},\"image\":{\"@id\":\"https:\/\/westcoasttriallawyers.com\/es\/california\/riverside\/abogados-accidentes-motocicleta-riverside#primaryimage\"},\"thumbnailUrl\":\"https:\/\/westcoasttriallawyers.com\/wp-content\/uploads\/2025\/07\/Riverside-11.webp\",\"datePublished\":\"2026-01-14T18:23:38+00:00\",\"dateModified\":\"2026-01-23T22:57:52+00:00\",\"breadcrumb\":{\"@id\":\"https:\/\/westcoasttriallawyers.com\/es\/california\/riverside\/abogados-accidentes-motocicleta-riverside#breadcrumb\"},\"inLanguage\":\"es\",\"potentialAction\":[{\"@type\":\"ReadAction\",\"target\":[\"https:\/\/westcoasttriallawyers.com\/es\/california\/riverside\/abogados-accidentes-motocicleta-riverside\"]}]},{\"@type\":\"ImageObject\",\"inLanguage\":\"es\",\"@id\":\"https:\/\/westcoasttriallawyers.com\/es\/california\/riverside\/abogados-accidentes-motocicleta-riverside#primaryimage\",\"url\":\"https:\/\/westcoasttriallawyers.com\/wp-content\/uploads\/2025\/07\/Riverside-11.webp\",\"contentUrl\":\"https:\/\/westcoasttriallawyers.com\/wp-content\/uploads\/2025\/07\/Riverside-11.webp\",\"width\":557,\"height\":327},{\"@type\":\"BreadcrumbList\",\"@id\":\"https:\/\/westcoasttriallawyers.com\/es\/california\/riverside\/abogados-accidentes-motocicleta-riverside#breadcrumb\",\"itemListElement\":[{\"@type\":\"ListItem\",\"position\":1,\"name\":\"Inicio\",\"item\":\"https:\/\/westcoasttriallawyers.com\/es\"},{\"@type\":\"ListItem\",\"position\":2,\"name\":\"California\",\"item\":\"https:\/\/westcoasttriallawyers.com\/es\/california\"},{\"@type\":\"ListItem\",\"position\":3,\"name\":\"Riverside\",\"item\":\"https:\/\/westcoasttriallawyers.com\/es\/california\/riverside\"},{\"@type\":\"ListItem\",\"position\":4,\"name\":\"Abogado de Accidentes de Motocicleta en Riverside\"}]},{\"@type\":\"WebSite\",\"@id\":\"https:\/\/westcoasttriallawyers.com\/es#website\",\"url\":\"https:\/\/westcoasttriallawyers.com\/es\",\"name\":\"West Coast Trial Lawyers\",\"description\":\"West Coast Trial Lawyers\",\"publisher\":{\"@id\":\"https:\/\/westcoasttriallawyers.com\/es#organization\"},\"alternateName\":\"WCTL\",\"potentialAction\":[{\"@type\":\"SearchAction\",\"target\":{\"@type\":\"EntryPoint\",\"urlTemplate\":\"https:\/\/westcoasttriallawyers.com\/es?s={search_term_string}\"},\"query-input\":{\"@type\":\"PropertyValueSpecification\",\"valueRequired\":true,\"valueName\":\"search_term_string\"}}],\"inLanguage\":\"es\"},{\"@type\":\"Organization\",\"@id\":\"https:\/\/westcoasttriallawyers.com\/es#organization\",\"name\":\"West Coast Trial Lawyers\",\"alternateName\":\"WCTL\",\"url\":\"https:\/\/westcoasttriallawyers.com\/es\",\"logo\":{\"@type\":\"ImageObject\",\"inLanguage\":\"es\",\"@id\":\"https:\/\/westcoasttriallawyers.com\/es#\/schema\/logo\/image\/\",\"url\":\"https:\/\/westcoasttriallawyers.com\/wp-content\/uploads\/2026\/02\/WCTL-Logo.jpg\",\"contentUrl\":\"https:\/\/westcoasttriallawyers.com\/wp-content\/uploads\/2026\/02\/WCTL-Logo.jpg\",\"width\":696,\"height\":696,\"caption\":\"West Coast Trial Lawyers\"},\"image\":{\"@id\":\"https:\/\/westcoasttriallawyers.com\/es#\/schema\/logo\/image\/\"},\"sameAs\":[\"https:\/\/www.facebook.com\/westcoasttriallawyers\/\",\"https:\/\/x.com\/WestCoastTrial\",\"https:\/\/www.linkedin.com\/company\/west-coast-trial-lawyers\/\",\"https:\/\/www.instagram.com\/westcoasttriallawyers\/\",\"https:\/\/www.yelp.com\/biz\/west-coast-trial-lawyers-los-angeles-2\",\"https:\/\/www.pinterest.com\/westcoasttrial\/\",\"https:\/\/www.youtube.com\/westcoasttriallawyersla\/\",\"https:\/\/www.tiktok.com\/westcoasttriallawyers\"],\"description\":\"West Coast Trial Lawyers is a top-rated personal injury law firm with a goal to provide expert legal representation to those in need. The law firm has offices across California, Nevada, Arizona, and Washington.\",\"legalName\":\"West Coast Trial Lawyers\"}]}<\/script>\n<!-- \/ Yoast SEO Premium plugin. -->","yoast_head_json":{"title":"Abogado de Accidentes de Motocicleta en Riverside | West Coast Trial Lawyers","robots":{"index":"index","follow":"follow","max-snippet":"max-snippet:-1","max-image-preview":"max-image-preview:large","max-video-preview":"max-video-preview:-1"},"canonical":"https:\/\/westcoasttriallawyers.com\/es\/california\/riverside\/abogados-accidentes-motocicleta-riverside","og_locale":"es_ES","og_type":"article","og_title":"Abogado de Accidentes de Motocicleta en Riverside","og_description":"Causas Comunes de Los Accidentes de Motocicleta y qu\u00e9 debe hacer Despu\u00e9s para Obtener una Compensaci\u00f3n Justa En\u00a0Riverside, los accidentes de motocicleta son bastante comunes. Muchos factores pueden contribuir a un accidente de motocicleta, como el exceso de velocidad, las malas condiciones clim\u00e1ticas, los peligros de la carretera y los conductores y motociclistas negligentes. Dado [&hellip;]","og_url":"https:\/\/westcoasttriallawyers.com\/es\/california\/riverside\/abogados-accidentes-motocicleta-riverside","og_site_name":"West Coast Trial Lawyers","article_publisher":"https:\/\/www.facebook.com\/westcoasttriallawyers\/","article_modified_time":"2026-01-23T22:57:52+00:00","og_image":[{"width":557,"height":327,"url":"https:\/\/westcoasttriallawyers.com\/wp-content\/uploads\/2025\/07\/Riverside-11.webp","type":"image\/webp"}],"twitter_card":"summary_large_image","twitter_site":"@WestCoastTrial","twitter_misc":{"Tiempo de lectura":"5 minutos"},"schema":{"@context":"https:\/\/schema.org","@graph":[{"@type":["WebPage","ItemPage"],"@id":"https:\/\/westcoasttriallawyers.com\/es\/california\/riverside\/abogados-accidentes-motocicleta-riverside","url":"https:\/\/westcoasttriallawyers.com\/es\/california\/riverside\/abogados-accidentes-motocicleta-riverside","name":"Abogado de Accidentes de Motocicleta en Riverside | West Coast Trial Lawyers","isPartOf":{"@id":"https:\/\/westcoasttriallawyers.com\/es#website"},"primaryImageOfPage":{"@id":"https:\/\/westcoasttriallawyers.com\/es\/california\/riverside\/abogados-accidentes-motocicleta-riverside#primaryimage"},"image":{"@id":"https:\/\/westcoasttriallawyers.com\/es\/california\/riverside\/abogados-accidentes-motocicleta-riverside#primaryimage"},"thumbnailUrl":"https:\/\/westcoasttriallawyers.com\/wp-content\/uploads\/2025\/07\/Riverside-11.webp","datePublished":"2026-01-14T18:23:38+00:00","dateModified":"2026-01-23T22:57:52+00:00","breadcrumb":{"@id":"https:\/\/westcoasttriallawyers.com\/es\/california\/riverside\/abogados-accidentes-motocicleta-riverside#breadcrumb"},"inLanguage":"es","potentialAction":[{"@type":"ReadAction","target":["https:\/\/westcoasttriallawyers.com\/es\/california\/riverside\/abogados-accidentes-motocicleta-riverside"]}]},{"@type":"ImageObject","inLanguage":"es","@id":"https:\/\/westcoasttriallawyers.com\/es\/california\/riverside\/abogados-accidentes-motocicleta-riverside#primaryimage","url":"https:\/\/westcoasttriallawyers.com\/wp-content\/uploads\/2025\/07\/Riverside-11.webp","contentUrl":"https:\/\/westcoasttriallawyers.com\/wp-content\/uploads\/2025\/07\/Riverside-11.webp","width":557,"height":327},{"@type":"BreadcrumbList","@id":"https:\/\/westcoasttriallawyers.com\/es\/california\/riverside\/abogados-accidentes-motocicleta-riverside#breadcrumb","itemListElement":[{"@type":"ListItem","position":1,"name":"Inicio","item":"https:\/\/westcoasttriallawyers.com\/es"},{"@type":"ListItem","position":2,"name":"California","item":"https:\/\/westcoasttriallawyers.com\/es\/california"},{"@type":"ListItem","position":3,"name":"Riverside","item":"https:\/\/westcoasttriallawyers.com\/es\/california\/riverside"},{"@type":"ListItem","position":4,"name":"Abogado de Accidentes de Motocicleta en Riverside"}]},{"@type":"WebSite","@id":"https:\/\/westcoasttriallawyers.com\/es#website","url":"https:\/\/westcoasttriallawyers.com\/es","name":"West Coast Trial Lawyers","description":"West Coast Trial Lawyers","publisher":{"@id":"https:\/\/westcoasttriallawyers.com\/es#organization"},"alternateName":"WCTL","potentialAction":[{"@type":"SearchAction","target":{"@type":"EntryPoint","urlTemplate":"https:\/\/westcoasttriallawyers.com\/es?s={search_term_string}"},"query-input":{"@type":"PropertyValueSpecification","valueRequired":true,"valueName":"search_term_string"}}],"inLanguage":"es"},{"@type":"Organization","@id":"https:\/\/westcoasttriallawyers.com\/es#organization","name":"West Coast Trial Lawyers","alternateName":"WCTL","url":"https:\/\/westcoasttriallawyers.com\/es","logo":{"@type":"ImageObject","inLanguage":"es","@id":"https:\/\/westcoasttriallawyers.com\/es#\/schema\/logo\/image\/","url":"https:\/\/westcoasttriallawyers.com\/wp-content\/uploads\/2026\/02\/WCTL-Logo.jpg","contentUrl":"https:\/\/westcoasttriallawyers.com\/wp-content\/uploads\/2026\/02\/WCTL-Logo.jpg","width":696,"height":696,"caption":"West Coast Trial Lawyers"},"image":{"@id":"https:\/\/westcoasttriallawyers.com\/es#\/schema\/logo\/image\/"},"sameAs":["https:\/\/www.facebook.com\/westcoasttriallawyers\/","https:\/\/x.com\/WestCoastTrial","https:\/\/www.linkedin.com\/company\/west-coast-trial-lawyers\/","https:\/\/www.instagram.com\/westcoasttriallawyers\/","https:\/\/www.yelp.com\/biz\/west-coast-trial-lawyers-los-angeles-2","https:\/\/www.pinterest.com\/westcoasttrial\/","https:\/\/www.youtube.com\/westcoasttriallawyersla\/","https:\/\/www.tiktok.com\/westcoasttriallawyers"],"description":"West Coast Trial Lawyers is a top-rated personal injury law firm with a goal to provide expert legal representation to those in need. The law firm has offices across California, Nevada, Arizona, and Washington.","legalName":"West Coast Trial Lawyers"}]}},"_links":{"self":[{"href":"https:\/\/westcoasttriallawyers.com\/es\/wp-json\/wp\/v2\/pages\/12889","targetHints":{"allow":["GET"]}}],"collection":[{"href":"https:\/\/westcoasttriallawyers.com\/es\/wp-json\/wp\/v2\/pages"}],"about":[{"href":"https:\/\/westcoasttriallawyers.com\/es\/wp-json\/wp\/v2\/types\/page"}],"author":[{"embeddable":true,"href":"https:\/\/westcoasttriallawyers.com\/es\/wp-json\/wp\/v2\/users\/470"}],"replies":[{"embeddable":true,"href":"https:\/\/westcoasttriallawyers.com\/es\/wp-json\/wp\/v2\/comments?post=12889"}],"version-history":[{"count":2,"href":"https:\/\/westcoasttriallawyers.com\/es\/wp-json\/wp\/v2\/pages\/12889\/revisions"}],"predecessor-version":[{"id":48199,"href":"https:\/\/westcoasttriallawyers.com\/es\/wp-json\/wp\/v2\/pages\/12889\/revisions\/48199"}],"up":[{"embeddable":true,"href":"https:\/\/westcoasttriallawyers.com\/es\/wp-json\/wp\/v2\/pages\/47436"}],"wp:featuredmedia":[{"embeddable":true,"href":"https:\/\/westcoasttriallawyers.com\/es\/wp-json\/wp\/v2\/media\/46984"}],"wp:attachment":[{"href":"https:\/\/westcoasttriallawyers.com\/es\/wp-json\/wp\/v2\/media?parent=12889"}],"curies":[{"name":"wp","href":"https:\/\/api.w.org\/{rel}","templated":true}]}}