{"id":12888,"date":"2026-01-14T18:23:34","date_gmt":"2026-01-14T18:23:34","guid":{"rendered":"https:\/\/wctl1stg.wpengine.com\/?page_id=12888"},"modified":"2026-01-23T23:01:41","modified_gmt":"2026-01-23T23:01:41","slug":"abogados-accidentes-peaton-riverside","status":"publish","type":"page","link":"https:\/\/westcoasttriallawyers.com\/es\/california\/riverside\/abogados-accidentes-peaton-riverside","title":{"rendered":"Abogado de Accidentes de Peatones de Riverside"},"content":{"rendered":"<h2><strong>\u00bfQu\u00e9 formas de Compensaci\u00f3n est\u00e1n Disponibles en un Accidente de Peatones?<\/strong><\/h2>\n<p><strong>Riverside<\/strong> es ajeno a los accidentes de peatones. La ciudad ha tenido su calvario de accidentes de peatones con un caso reciente que involucr\u00f3 un\u00a0<a href=\"https:\/\/ktla.com\/news\/local-news\/driver-sought-in-riverside-hit-and-run-crash-that-killed-pedestrian\/\"><strong>golpe y fuga.<\/strong><\/a><strong>\u00a0<\/strong>El peat\u00f3n supuestamente estaba reteniendo el tr\u00e1fico al acostarse y pararse en el camino de los veh\u00edculos que se aproximaban cuando un Subaru lo golpe\u00f3 repentinamente y lo mat\u00f3 instant\u00e1neamente. El conductor del Subaru huy\u00f3 de la escena del accidente para evitar enfrentar consecuencias legales. Es un misterio si el conductor atropell\u00f3 intencionalmente al peat\u00f3n. Muchos conductores muchas veces no prestan atenci\u00f3n a la v\u00eda y acaban chocando con otro veh\u00edculo o peat\u00f3n.<\/p>\n<p>Si estuvo involucrado en un accidente de peatones y le gustar\u00eda emprender acciones legales contra el conductor culpable, Los Abogados de la Costa Oeste cuenta con abogados experimentados\u00a0<strong>en accidentes de peatones de Riverside\u00a0<\/strong>que ganaron con \u00e9xito m\u00e1s de 5,000 casos de lesiones personales y recuperaron m\u00e1s de $ 1 mil millones en acuerdos por clientela. Debido a nuestros logros, hemos sido clasificados como uno de los mejores bufetes de abogados de lesiones personales en Riverside.<\/p>\n<p>Para programar una consulta gratuita y sin compromiso en nuestro\u00a0<strong>bufete de abogados de lesiones personales de Riverside<\/strong>, comun\u00edquese con nuestro equipo legal las 24 horas, los 7 d\u00edas de la semana llamando al\u00a0<strong>(951) 393-1299<\/strong> o enviando un correo electr\u00f3nico\u00a0<a href=\"mailto:info@westcoasttriallawyers.com\">a\u00a0<strong>info@westcoasttriallawyers.com<\/strong><\/a><strong>.\u00a0<\/strong><\/p>\n<p><strong>8 Tipos de Accidentes de Peatones<\/strong><\/p>\n<p>Hay m\u00faltiples escenarios que pueden contribuir a un accidente de peatones. Esto incluye lo siguiente:<\/p>\n<ol>\n<li><strong>Retroceso del veh\u00edculo.\u00a0<\/strong>Esto generalmente ocurre en estacionamientos o en calles donde un camino bloquea la visibilidad de los conductores. Independientemente de la visibilidad, siempre se espera que un conductor observe con cautela la carretera en busca de peatones y veh\u00edculos antes de retroceder. Aquellos que no hagan una observaci\u00f3n cuidadosa est\u00e1n obligados a atropellar a un peat\u00f3n que camina cerca de su veh\u00edculo.<\/li>\n<li><strong>Accidente todoterreno.\u00a0<\/strong>Los accidentes de peatones fuera de la carretera ocurren cuando un conductor se sale de la carretera y choca contra un peat\u00f3n que est\u00e1 en la acera o est\u00e1 parado cerca del borde de la carretera.<\/li>\n<li><strong>Peat\u00f3n caminando al costado de la carretera.\u00a0<\/strong>Este tipo de accidente ocurre cuando no hay aceras disponibles para que el peat\u00f3n camine. El peat\u00f3n puede usar el costado de la carretera para llegar a su destino. Sin embargo, esto puede ser peligroso, especialmente durante la noche. Debido a la oscuridad, puede ser dif\u00edcil para un conductor notar visiblemente a un peat\u00f3n caminando al costado de la carretera. Las posibilidades de un accidente peatonal ser\u00edan muy probables en este tipo de situaci\u00f3n.<\/li>\n<li><strong>Paso de peatones en una autopista.\u00a0<\/strong>Se puede ver a los peatones cruzando una carretera si est\u00e1n involucrados en un accidente o necesitan asistencia de emergencia. Si un conductor est\u00e1 involucrado en un accidente, debe encontrar un lugar cercano que sea seguro para quedarse hasta que llegue la ayuda. Si su veh\u00edculo tiene una falla o no funciona correctamente, pueden salir moment\u00e1neamente para inspeccionar el problema, pero luego deben volver al veh\u00edculo y llamar a la asistencia de emergencia.<\/li>\n<li><strong>Veh\u00edculo circulando por una intersecci\u00f3n.\u00a0<\/strong>Particularmente atroces, estos incidentes ocurren cuando un peat\u00f3n est\u00e1 cruzando una intersecci\u00f3n y es golpeado por alguien que viaja directamente a trav\u00e9s de esa intersecci\u00f3n. Hay muchas razones para que esto ocurra, incluido el mal funcionamiento de los sem\u00e1foros o, peor a\u00fan, cuando alguien se salta deliberadamente una se\u00f1al de alto o un sem\u00e1foro en rojo. Estos accidentes casi siempre son culpa del conductor y pueden someter a ese conductor a\u00a0<a href=\"https:\/\/www.law.cornell.edu\/wex\/punitive_damages\"><strong>da\u00f1os punitivos<\/strong><\/a><strong>.<\/strong><\/li>\n<li><strong>Giro de veh\u00edculos en una intersecci\u00f3n.\u00a0<\/strong>Esto sucede cuando un conductor gira y golpea a un peat\u00f3n mientras el peat\u00f3n cruza la calle. Por lo general, un conductor ser\u00e1 responsable de este tipo de accidente.\u00a0Sin embargo, si un peat\u00f3n estaba cruzando legalmente una calle o incluso usando ropa oscura por la noche puede afectar la cantidad de compensaci\u00f3n que puede recibir.<\/li>\n<li><strong>No ceder el paso en un cruce de peatones.\u00a0<\/strong>Los cruces peatonales est\u00e1n dise\u00f1ados para permitir que un peat\u00f3n llegue con seguridad a donde lo necesita. La ley exige que todos los conductores se detengan ante cualquier persona que cruce la calle en una intersecci\u00f3n. Desafortunadamente, hay conductores negligentes que eligen conducir sin importar si un peat\u00f3n est\u00e1 usando un cruce de peatones.<\/li>\n<li><strong>Carrera repentina al otro lado de la calle<\/strong>. T\u00edpicamente causado por la negligencia de un peat\u00f3n, este tipo de incidente tambi\u00e9n puede ser causado por un conductor imprudente. Estos accidentes ocurren cuando un peat\u00f3n ingresa a una calle desde el costado de la carretera y se interpone en el camino de un veh\u00edculo que se aproxima. Un peat\u00f3n ser\u00e1 responsable por no usar un cruce de peatones, pero un conductor tambi\u00e9n puede compartir un grado de responsabilidad si \u00e9l o ella conduc\u00eda por encima del l\u00edmite de velocidad indicado o bajo la influencia de drogas o alcohol.<\/li>\n<\/ol>\n<p><strong>Da\u00f1os Recuperables Despu\u00e9s de un Accidente de Peat\u00f3n<\/strong><\/p>\n<p>Los da\u00f1os recuperables por un accidente peatonal pueden variar seg\u00fan el caso. Se espera que el demandante demuestre evidencia convincente para que reciba una compensaci\u00f3n para cubrir los da\u00f1os. Los tipos de da\u00f1os econ\u00f3micos y no econ\u00f3micos que se le pueden otorgar a un demandante incluyen los siguientes:<\/p>\n<ul>\n<li><strong>M\u00e9dicas Facturas.\u00a0<\/strong>Las v\u00edctimas de accidentes de peatones a menudo requieren atenci\u00f3n m\u00e9dica sustancial para tratar sus lesiones. Las v\u00edctimas tienen derecho a solicitar una compensaci\u00f3n por la atenci\u00f3n m\u00e9dica presente y futura causada por el accidente.<\/li>\n<li><strong>Salarios e ingresos perdidos.\u00a0<\/strong>Desafortunadamente, muchas v\u00edctimas de accidentes de peatones faltan al trabajo como resultado de sus lesiones. Estas v\u00edctimas tienen derecho a buscar la recuperaci\u00f3n de los salarios y beneficios perdidos tanto en el pasado como en el futuro, incluida la licencia por enfermedad, los d\u00edas de vacaciones, las bonificaciones y otros beneficios laborales.<\/li>\n<li><strong>P\u00e9rdida de capacidad de ingresos.<\/strong> Adem\u00e1s de la p\u00e9rdida de ingresos, las v\u00edctimas de accidentes tambi\u00e9n pueden presentar una reclamaci\u00f3n por da\u00f1os y perjuicios debido a la p\u00e9rdida de la capacidad de obtener ingresos. Estos da\u00f1os ocurren cuando un accidente impide o limita que la persona lesionada contin\u00fae trabajando en su puesto actual o avance en su carrera.<\/li>\n<li><strong>Dolor y sufrimiento.<\/strong> Una v\u00edctima de un accidente peatonal puede experimentar s\u00edntomas como depresi\u00f3n, ansiedad o trastorno de estr\u00e9s postraum\u00e1tico (TEPT). Aquellos que est\u00e1n pasando por angustia mental pueden tener derecho a recibir una compensaci\u00f3n.<\/li>\n<li><strong>P\u00e9rdida del disfrute de la vida.<\/strong> Los accidentes de peatones a menudo pueden limitar la capacidad de una persona para participar en las actividades o los placeres de la vida que disfrutaba antes del accidente. Cuando la v\u00edctima de un accidente sufre lesiones f\u00edsicas o mentales que limitan su calidad de vida, este es un tipo de da\u00f1o que puede recuperarse en un reclamo por lesiones personales.<\/li>\n<li><strong>P\u00e9rdida del Consorcio.\u00a0<\/strong>Cuando un c\u00f3nyuge resulta herido en un accidente peatonal, el c\u00f3nyuge no lesionado puede tener derecho a presentar una reclamaci\u00f3n por p\u00e9rdida de consorcio. Esta reclamaci\u00f3n surge cuando, como consecuencia del accidente, el c\u00f3nyuge lesionado no puede proporcionar al c\u00f3nyuge no lesionado compa\u00f1\u00eda, cuidado, protecci\u00f3n, apoyo, consuelo y relaciones sexuales.<\/li>\n<\/ul>\n<p>Se recomienda encarecidamente que las v\u00edctimas contraten a un abogado de accidentes de peatones. Las compa\u00f1\u00edas de seguros suelen ofrecer una cantidad baja de compensaci\u00f3n que puede no cubrir completamente los da\u00f1os causados \u200b\u200bpor el accidente. Un abogado ayudar\u00e1 a la v\u00edctima a construir un reclamo s\u00f3lido y negociar\u00e1 con las compa\u00f1\u00edas de seguros para garantizar que la v\u00edctima reciba la compensaci\u00f3n que merece.<\/p>\n<p><strong>Cont\u00e1ctenos<\/strong><\/p>\n<p>Si usted o un ser querido estuvieron involucrados en un accidente peatonal,<strong>\u00a0<\/strong><a href=\"\/\"><strong>Abogados de la Costa Oeste<\/strong><\/a><strong>\u00a0<\/strong>tienen abogados de accidentes de peatones en Riverside disponibles para ayudarle con su caso.<\/p>\n<p>Comun\u00edquese hoy con nuestro equipo legal disponible las 24 horas, los 7 d\u00edas de la semana llamando al\u00a0<strong>(951) 393-1299<\/strong> o enviando un correo electr\u00f3nico\u00a0<a href=\"mailto:info@westcoasttriallawyers.com\"><strong>info@westcoasttriallawyers.com<\/strong><\/a> para programar una consulta gratuita en nuestro bufete de abogados de lesiones personales de Riverside.<br \/>\n<!-- WCTL_DEBUG: no shortcode in this_content --><\/p>\n","protected":false},"excerpt":{"rendered":"<p>\u00bfQu\u00e9 formas de Compensaci\u00f3n est\u00e1n Disponibles en un Accidente de Peatones? Riverside es ajeno a los accidentes de peatones. La ciudad ha tenido su calvario de accidentes de peatones con un caso reciente que involucr\u00f3 un\u00a0golpe y fuga.\u00a0El peat\u00f3n supuestamente estaba reteniendo el tr\u00e1fico al acostarse y pararse en el camino de los veh\u00edculos que [&hellip;]<\/p>\n","protected":false},"author":470,"featured_media":16878,"parent":47436,"menu_order":34,"comment_status":"closed","ping_status":"closed","template":"","meta":{"inline_featured_image":false,"footnotes":""},"class_list":["post-12888","page","type-page","status-publish","has-post-thumbnail","hentry"],"acf":[],"yoast_head":"<!-- This site is optimized with the Yoast SEO Premium plugin v26.0 (Yoast SEO v26.0) - https:\/\/yoast.com\/wordpress\/plugins\/seo\/ -->\n<title>Abogado de Accidentes de Peatones de Riverside | West Coast Trial Lawyers<\/title>\n<meta name=\"robots\" content=\"index, follow, max-snippet:-1, max-image-preview:large, max-video-preview:-1\" \/>\n<link rel=\"canonical\" href=\"https:\/\/westcoasttriallawyers.com\/es\/california\/riverside\/abogados-accidentes-peaton-riverside\" \/>\n<meta property=\"og:locale\" content=\"es_ES\" \/>\n<meta property=\"og:type\" content=\"article\" \/>\n<meta property=\"og:title\" content=\"Abogado de Accidentes de Peatones de Riverside\" \/>\n<meta property=\"og:description\" content=\"\u00bfQu\u00e9 formas de Compensaci\u00f3n est\u00e1n Disponibles en un Accidente de Peatones? Riverside es ajeno a los accidentes de peatones. La ciudad ha tenido su calvario de accidentes de peatones con un caso reciente que involucr\u00f3 un\u00a0golpe y fuga.\u00a0El peat\u00f3n supuestamente estaba reteniendo el tr\u00e1fico al acostarse y pararse en el camino de los veh\u00edculos que [&hellip;]\" \/>\n<meta property=\"og:url\" content=\"https:\/\/westcoasttriallawyers.com\/es\/california\/riverside\/abogados-accidentes-peaton-riverside\" \/>\n<meta property=\"og:site_name\" content=\"West Coast Trial Lawyers\" \/>\n<meta property=\"article:publisher\" content=\"https:\/\/www.facebook.com\/westcoasttriallawyers\/\" \/>\n<meta property=\"article:modified_time\" content=\"2026-01-23T23:01:41+00:00\" \/>\n<meta property=\"og:image\" content=\"https:\/\/westcoasttriallawyers.com\/wp-content\/uploads\/2024\/10\/Riverside-Featured-Image.jpg\" \/>\n\t<meta property=\"og:image:width\" content=\"1920\" \/>\n\t<meta property=\"og:image:height\" content=\"1080\" \/>\n\t<meta property=\"og:image:type\" content=\"image\/jpeg\" \/>\n<meta name=\"twitter:card\" content=\"summary_large_image\" \/>\n<meta name=\"twitter:site\" content=\"@WestCoastTrial\" \/>\n<meta name=\"twitter:label1\" content=\"Tiempo de lectura\" \/>\n\t<meta name=\"twitter:data1\" content=\"6 minutos\" \/>\n<script type=\"application\/ld+json\" class=\"yoast-schema-graph\">{\"@context\":\"https:\/\/schema.org\",\"@graph\":[{\"@type\":[\"WebPage\",\"ItemPage\"],\"@id\":\"https:\/\/westcoasttriallawyers.com\/es\/california\/riverside\/abogados-accidentes-peaton-riverside\",\"url\":\"https:\/\/westcoasttriallawyers.com\/es\/california\/riverside\/abogados-accidentes-peaton-riverside\",\"name\":\"Abogado de Accidentes de Peatones de Riverside | West Coast Trial Lawyers\",\"isPartOf\":{\"@id\":\"https:\/\/westcoasttriallawyers.com\/es#website\"},\"primaryImageOfPage\":{\"@id\":\"https:\/\/westcoasttriallawyers.com\/es\/california\/riverside\/abogados-accidentes-peaton-riverside#primaryimage\"},\"image\":{\"@id\":\"https:\/\/westcoasttriallawyers.com\/es\/california\/riverside\/abogados-accidentes-peaton-riverside#primaryimage\"},\"thumbnailUrl\":\"https:\/\/westcoasttriallawyers.com\/wp-content\/uploads\/2024\/10\/Riverside-Featured-Image.jpg\",\"datePublished\":\"2026-01-14T18:23:34+00:00\",\"dateModified\":\"2026-01-23T23:01:41+00:00\",\"breadcrumb\":{\"@id\":\"https:\/\/westcoasttriallawyers.com\/es\/california\/riverside\/abogados-accidentes-peaton-riverside#breadcrumb\"},\"inLanguage\":\"es\",\"potentialAction\":[{\"@type\":\"ReadAction\",\"target\":[\"https:\/\/westcoasttriallawyers.com\/es\/california\/riverside\/abogados-accidentes-peaton-riverside\"]}]},{\"@type\":\"ImageObject\",\"inLanguage\":\"es\",\"@id\":\"https:\/\/westcoasttriallawyers.com\/es\/california\/riverside\/abogados-accidentes-peaton-riverside#primaryimage\",\"url\":\"https:\/\/westcoasttriallawyers.com\/wp-content\/uploads\/2024\/10\/Riverside-Featured-Image.jpg\",\"contentUrl\":\"https:\/\/westcoasttriallawyers.com\/wp-content\/uploads\/2024\/10\/Riverside-Featured-Image.jpg\",\"width\":1920,\"height\":1080,\"caption\":\"A wide overview of downtown Riverside, California.\"},{\"@type\":\"BreadcrumbList\",\"@id\":\"https:\/\/westcoasttriallawyers.com\/es\/california\/riverside\/abogados-accidentes-peaton-riverside#breadcrumb\",\"itemListElement\":[{\"@type\":\"ListItem\",\"position\":1,\"name\":\"Inicio\",\"item\":\"https:\/\/westcoasttriallawyers.com\/es\"},{\"@type\":\"ListItem\",\"position\":2,\"name\":\"California\",\"item\":\"https:\/\/westcoasttriallawyers.com\/es\/california\"},{\"@type\":\"ListItem\",\"position\":3,\"name\":\"Riverside\",\"item\":\"https:\/\/westcoasttriallawyers.com\/es\/california\/riverside\"},{\"@type\":\"ListItem\",\"position\":4,\"name\":\"Abogado de Accidentes de Peatones de Riverside\"}]},{\"@type\":\"WebSite\",\"@id\":\"https:\/\/westcoasttriallawyers.com\/es#website\",\"url\":\"https:\/\/westcoasttriallawyers.com\/es\",\"name\":\"West Coast Trial Lawyers\",\"description\":\"West Coast Trial Lawyers\",\"publisher\":{\"@id\":\"https:\/\/westcoasttriallawyers.com\/es#organization\"},\"alternateName\":\"WCTL\",\"potentialAction\":[{\"@type\":\"SearchAction\",\"target\":{\"@type\":\"EntryPoint\",\"urlTemplate\":\"https:\/\/westcoasttriallawyers.com\/es?s={search_term_string}\"},\"query-input\":{\"@type\":\"PropertyValueSpecification\",\"valueRequired\":true,\"valueName\":\"search_term_string\"}}],\"inLanguage\":\"es\"},{\"@type\":\"Organization\",\"@id\":\"https:\/\/westcoasttriallawyers.com\/es#organization\",\"name\":\"West Coast Trial Lawyers\",\"alternateName\":\"WCTL\",\"url\":\"https:\/\/westcoasttriallawyers.com\/es\",\"logo\":{\"@type\":\"ImageObject\",\"inLanguage\":\"es\",\"@id\":\"https:\/\/westcoasttriallawyers.com\/es#\/schema\/logo\/image\/\",\"url\":\"https:\/\/westcoasttriallawyers.com\/wp-content\/uploads\/2026\/02\/WCTL-Logo.jpg\",\"contentUrl\":\"https:\/\/westcoasttriallawyers.com\/wp-content\/uploads\/2026\/02\/WCTL-Logo.jpg\",\"width\":696,\"height\":696,\"caption\":\"West Coast Trial Lawyers\"},\"image\":{\"@id\":\"https:\/\/westcoasttriallawyers.com\/es#\/schema\/logo\/image\/\"},\"sameAs\":[\"https:\/\/www.facebook.com\/westcoasttriallawyers\/\",\"https:\/\/x.com\/WestCoastTrial\",\"https:\/\/www.linkedin.com\/company\/west-coast-trial-lawyers\/\",\"https:\/\/www.instagram.com\/westcoasttriallawyers\/\",\"https:\/\/www.yelp.com\/biz\/west-coast-trial-lawyers-los-angeles-2\",\"https:\/\/www.pinterest.com\/westcoasttrial\/\",\"https:\/\/www.youtube.com\/westcoasttriallawyersla\/\",\"https:\/\/www.tiktok.com\/westcoasttriallawyers\"],\"description\":\"West Coast Trial Lawyers is a top-rated personal injury law firm with a goal to provide expert legal representation to those in need. The law firm has offices across California, Nevada, Arizona, and Washington.\",\"legalName\":\"West Coast Trial Lawyers\"}]}<\/script>\n<!-- \/ Yoast SEO Premium plugin. -->","yoast_head_json":{"title":"Abogado de Accidentes de Peatones de Riverside | West Coast Trial Lawyers","robots":{"index":"index","follow":"follow","max-snippet":"max-snippet:-1","max-image-preview":"max-image-preview:large","max-video-preview":"max-video-preview:-1"},"canonical":"https:\/\/westcoasttriallawyers.com\/es\/california\/riverside\/abogados-accidentes-peaton-riverside","og_locale":"es_ES","og_type":"article","og_title":"Abogado de Accidentes de Peatones de Riverside","og_description":"\u00bfQu\u00e9 formas de Compensaci\u00f3n est\u00e1n Disponibles en un Accidente de Peatones? Riverside es ajeno a los accidentes de peatones. La ciudad ha tenido su calvario de accidentes de peatones con un caso reciente que involucr\u00f3 un\u00a0golpe y fuga.\u00a0El peat\u00f3n supuestamente estaba reteniendo el tr\u00e1fico al acostarse y pararse en el camino de los veh\u00edculos que [&hellip;]","og_url":"https:\/\/westcoasttriallawyers.com\/es\/california\/riverside\/abogados-accidentes-peaton-riverside","og_site_name":"West Coast Trial Lawyers","article_publisher":"https:\/\/www.facebook.com\/westcoasttriallawyers\/","article_modified_time":"2026-01-23T23:01:41+00:00","og_image":[{"width":1920,"height":1080,"url":"https:\/\/westcoasttriallawyers.com\/wp-content\/uploads\/2024\/10\/Riverside-Featured-Image.jpg","type":"image\/jpeg"}],"twitter_card":"summary_large_image","twitter_site":"@WestCoastTrial","twitter_misc":{"Tiempo de lectura":"6 minutos"},"schema":{"@context":"https:\/\/schema.org","@graph":[{"@type":["WebPage","ItemPage"],"@id":"https:\/\/westcoasttriallawyers.com\/es\/california\/riverside\/abogados-accidentes-peaton-riverside","url":"https:\/\/westcoasttriallawyers.com\/es\/california\/riverside\/abogados-accidentes-peaton-riverside","name":"Abogado de Accidentes de Peatones de Riverside | West Coast Trial Lawyers","isPartOf":{"@id":"https:\/\/westcoasttriallawyers.com\/es#website"},"primaryImageOfPage":{"@id":"https:\/\/westcoasttriallawyers.com\/es\/california\/riverside\/abogados-accidentes-peaton-riverside#primaryimage"},"image":{"@id":"https:\/\/westcoasttriallawyers.com\/es\/california\/riverside\/abogados-accidentes-peaton-riverside#primaryimage"},"thumbnailUrl":"https:\/\/westcoasttriallawyers.com\/wp-content\/uploads\/2024\/10\/Riverside-Featured-Image.jpg","datePublished":"2026-01-14T18:23:34+00:00","dateModified":"2026-01-23T23:01:41+00:00","breadcrumb":{"@id":"https:\/\/westcoasttriallawyers.com\/es\/california\/riverside\/abogados-accidentes-peaton-riverside#breadcrumb"},"inLanguage":"es","potentialAction":[{"@type":"ReadAction","target":["https:\/\/westcoasttriallawyers.com\/es\/california\/riverside\/abogados-accidentes-peaton-riverside"]}]},{"@type":"ImageObject","inLanguage":"es","@id":"https:\/\/westcoasttriallawyers.com\/es\/california\/riverside\/abogados-accidentes-peaton-riverside#primaryimage","url":"https:\/\/westcoasttriallawyers.com\/wp-content\/uploads\/2024\/10\/Riverside-Featured-Image.jpg","contentUrl":"https:\/\/westcoasttriallawyers.com\/wp-content\/uploads\/2024\/10\/Riverside-Featured-Image.jpg","width":1920,"height":1080,"caption":"A wide overview of downtown Riverside, California."},{"@type":"BreadcrumbList","@id":"https:\/\/westcoasttriallawyers.com\/es\/california\/riverside\/abogados-accidentes-peaton-riverside#breadcrumb","itemListElement":[{"@type":"ListItem","position":1,"name":"Inicio","item":"https:\/\/westcoasttriallawyers.com\/es"},{"@type":"ListItem","position":2,"name":"California","item":"https:\/\/westcoasttriallawyers.com\/es\/california"},{"@type":"ListItem","position":3,"name":"Riverside","item":"https:\/\/westcoasttriallawyers.com\/es\/california\/riverside"},{"@type":"ListItem","position":4,"name":"Abogado de Accidentes de Peatones de Riverside"}]},{"@type":"WebSite","@id":"https:\/\/westcoasttriallawyers.com\/es#website","url":"https:\/\/westcoasttriallawyers.com\/es","name":"West Coast Trial Lawyers","description":"West Coast Trial Lawyers","publisher":{"@id":"https:\/\/westcoasttriallawyers.com\/es#organization"},"alternateName":"WCTL","potentialAction":[{"@type":"SearchAction","target":{"@type":"EntryPoint","urlTemplate":"https:\/\/westcoasttriallawyers.com\/es?s={search_term_string}"},"query-input":{"@type":"PropertyValueSpecification","valueRequired":true,"valueName":"search_term_string"}}],"inLanguage":"es"},{"@type":"Organization","@id":"https:\/\/westcoasttriallawyers.com\/es#organization","name":"West Coast Trial Lawyers","alternateName":"WCTL","url":"https:\/\/westcoasttriallawyers.com\/es","logo":{"@type":"ImageObject","inLanguage":"es","@id":"https:\/\/westcoasttriallawyers.com\/es#\/schema\/logo\/image\/","url":"https:\/\/westcoasttriallawyers.com\/wp-content\/uploads\/2026\/02\/WCTL-Logo.jpg","contentUrl":"https:\/\/westcoasttriallawyers.com\/wp-content\/uploads\/2026\/02\/WCTL-Logo.jpg","width":696,"height":696,"caption":"West Coast Trial Lawyers"},"image":{"@id":"https:\/\/westcoasttriallawyers.com\/es#\/schema\/logo\/image\/"},"sameAs":["https:\/\/www.facebook.com\/westcoasttriallawyers\/","https:\/\/x.com\/WestCoastTrial","https:\/\/www.linkedin.com\/company\/west-coast-trial-lawyers\/","https:\/\/www.instagram.com\/westcoasttriallawyers\/","https:\/\/www.yelp.com\/biz\/west-coast-trial-lawyers-los-angeles-2","https:\/\/www.pinterest.com\/westcoasttrial\/","https:\/\/www.youtube.com\/westcoasttriallawyersla\/","https:\/\/www.tiktok.com\/westcoasttriallawyers"],"description":"West Coast Trial Lawyers is a top-rated personal injury law firm with a goal to provide expert legal representation to those in need. The law firm has offices across California, Nevada, Arizona, and Washington.","legalName":"West Coast Trial Lawyers"}]}},"_links":{"self":[{"href":"https:\/\/westcoasttriallawyers.com\/es\/wp-json\/wp\/v2\/pages\/12888","targetHints":{"allow":["GET"]}}],"collection":[{"href":"https:\/\/westcoasttriallawyers.com\/es\/wp-json\/wp\/v2\/pages"}],"about":[{"href":"https:\/\/westcoasttriallawyers.com\/es\/wp-json\/wp\/v2\/types\/page"}],"author":[{"embeddable":true,"href":"https:\/\/westcoasttriallawyers.com\/es\/wp-json\/wp\/v2\/users\/470"}],"replies":[{"embeddable":true,"href":"https:\/\/westcoasttriallawyers.com\/es\/wp-json\/wp\/v2\/comments?post=12888"}],"version-history":[{"count":2,"href":"https:\/\/westcoasttriallawyers.com\/es\/wp-json\/wp\/v2\/pages\/12888\/revisions"}],"predecessor-version":[{"id":48203,"href":"https:\/\/westcoasttriallawyers.com\/es\/wp-json\/wp\/v2\/pages\/12888\/revisions\/48203"}],"up":[{"embeddable":true,"href":"https:\/\/westcoasttriallawyers.com\/es\/wp-json\/wp\/v2\/pages\/47436"}],"wp:featuredmedia":[{"embeddable":true,"href":"https:\/\/westcoasttriallawyers.com\/es\/wp-json\/wp\/v2\/media\/16878"}],"wp:attachment":[{"href":"https:\/\/westcoasttriallawyers.com\/es\/wp-json\/wp\/v2\/media?parent=12888"}],"curies":[{"name":"wp","href":"https:\/\/api.w.org\/{rel}","templated":true}]}}