{"id":12886,"date":"2026-01-14T18:23:40","date_gmt":"2026-01-14T18:23:40","guid":{"rendered":"https:\/\/wctl1stg.wpengine.com\/?page_id=12886"},"modified":"2026-01-26T13:50:21","modified_gmt":"2026-01-26T13:50:21","slug":"abogados-mordidas-perro-riverside","status":"publish","type":"page","link":"https:\/\/westcoasttriallawyers.com\/es\/california\/riverside\/abogados-mordidas-perro-riverside","title":{"rendered":"Abogado de Mordedura de Perro en Riverside"},"content":{"rendered":"<h2><strong>\u00bfQu\u00e9 tan Comunes son los Casos de Mordedura de Perro? \u00bfEs el Due\u00f1o del Perro Responsable?<\/strong><\/h2>\n<p>Con m\u00e1s de\u00a0<strong>77,5 millones de perros registrados<\/strong> en los Estados Unidos, es seguro decir que la gente prefiere tener a estos amigos peludos como mascotas. Muchas personas optan por tener un perro para tener un compa\u00f1ero leal y cari\u00f1oso, mientras que otras lo necesitan como seguridad para protegerse de los intrusos. Desafortunadamente, hay due\u00f1os que alientan a sus perros a desarrollar un comportamiento agresivo con todos, no solo con los intrusos. Estos propietarios se est\u00e1n colocando en una posici\u00f3n en la que pueden enfrentar repercusiones legales si sus perros muerden y lesionan a alguien.<\/p>\n<p>Si usted o un ser querido fueron v\u00edctimas de una mordedura de perro y desea presentar un reclamo contra el propietario, Los Abogados de la Costa Oeste tiene abogados con experiencia\u00a0<strong>en mordeduras de perros en Riverside\u00a0<\/strong>que tienen m\u00e1s de 60 a\u00f1os de experiencia legal colectiva en el manejo de casos de lesiones personales. Hemos ganado m\u00e1s de 5,000 casos y recuperado m\u00e1s de $1,000 millones en acuerdos para nuestros clientes. Debido a nuestros logros, hemos sido reconocidos como uno de los mejores bufetes de abogados de lesiones personales en\u00a0<strong>Riverside.\u00a0<\/strong><\/p>\n<p>Para programar una consulta gratuita y sin compromiso en nuestro bufete de abogados de lesiones personales de Riverside, comun\u00edquese con nuestro equipo legal las 24 horas, los 7 d\u00edas de la semana llamando al\u00a0<strong>213-927-3700\u00a0<\/strong>o enviando un correo electr\u00f3nico<strong>\u00a0<\/strong><a href=\"mailto:info@westcoasttriallawyers.com\"><strong>info@westcoasttriallawyers.com<\/strong><\/a><strong>.\u00a0<\/strong><\/p>\n<p><strong>Tipos Comunes de Casos de Mordeduras de Perros<\/strong><\/p>\n<p><strong>Ataques de perro contra perro:\u00a0<\/strong>estos ataques ocurren con frecuencia en parques para perros y son particularmente peligrosos porque los humanos que intentan interrumpir una pelea de perros a menudo tambi\u00e9n resultan heridos. Algunas p\u00f3lizas de seguro de propietario de vivienda pueden pagar las facturas m\u00e9dicas de la v\u00edctima, pero esto no cubrir\u00e1 a los perros. A continuaci\u00f3n se enumeran algunos consejos sobre c\u00f3mo reaccionar ante un ataque de perro.<\/p>\n<ol>\n<li><strong>Mant\u00e9n la calma.\u00a0<\/strong>No te asustes. Solo har\u00e1s que tu perro se asuste m\u00e1s.<\/li>\n<li><strong>No te metas en medio del altercado.\u00a0<\/strong>Si saltas en medio de una pelea, te lastimar\u00e1s gravemente.<\/li>\n<li><strong>Distrae al perro.\u00a0<\/strong>T\u00fa o el otro due\u00f1o del perro deben distraer al perro agresivo aplaudiendo.<\/li>\n<li><strong>No grites ni hagas contacto visual.\u00a0<\/strong>Si le gritas al otro perro o lo miras directamente a los ojos, es posible que se sienta amenazado y muestre a\u00fan m\u00e1s agresividad.<\/li>\n<li><strong>Obtenga la informaci\u00f3n del otro due\u00f1o del perro.\u00a0<\/strong>Una vez que pueda separar a ambos perros, debe obtener la informaci\u00f3n de contacto del due\u00f1o del perro y preguntarle si su perro ha estado al d\u00eda con sus vacunas.<\/li>\n<li><strong>Tomar fotograf\u00edas.<\/strong>\u00a0Si su perro sufre alguna herida, debe tomar una foto de la lesi\u00f3n, junto con el lugar donde se produjo el ataque.<\/li>\n<li><strong>Llame a su veterinario.\u00a0<\/strong>Una vez que est\u00e9 en un lugar seguro, debe comunicarse con su veterinario y pedirle consejo sobre c\u00f3mo debe cuidar la herida de su perro. Es posible que le aconsejen que vaya a la cl\u00ednica de emergencias para animales para examinar al perro y determinar un diagn\u00f3stico de su condici\u00f3n. A partir de ah\u00ed, recibir\u00e1s un plan de tratamiento que ayudar\u00e1 a tu perro a recuperarse.<\/li>\n<li><strong>P\u00f3ngase en contacto con la polic\u00eda.\u00a0<\/strong>Solo debe comunicarse con la polic\u00eda si el perro result\u00f3 gravemente herido por el altercado. Las lesiones menores que pueden tratarse en casa no requieren la ayuda de las autoridades locales.<\/li>\n<\/ol>\n<p><strong>Ataques de perros no agresivos:\u00a0<\/strong>estas circunstancias generalmente ocurren cuando un perro m\u00e1s grande golpea lo hace tropezar involuntariamente a alguien que puede estar demasiado emocionado de ver. Estos casos generalmente se manejan de manera diferente ya que no es la intenci\u00f3n del perro \u00abatacar\u00bb, especialmente si no hubo una mordida involucrada. Aunque la intenci\u00f3n del perro tiene poco que ver con el da\u00f1o real causado, estas situaciones a veces se manejan como\u00a0<a href=\"https:\/\/www.animallaw.info\/cases\/topic\/dangerous-dog?page=1\">casos de responsabilidad de locales<\/a>.<\/p>\n<p><strong>Razas de perros peligrosas:\u00a0<\/strong>Hay Ciertas razas de perros que tienen mala reputaci\u00f3n. Es posible que su p\u00f3liza de seguro de hogar no cubra estas razas de perros en particular. Las razas que se consideran \u00abinherentemente peligrosas\u00bb incluyen pitbulls y rottweilers. En California, se requiere que los propietarios registren razas espec\u00edficas de perros. Aseg\u00farese de consultar con su gobierno local para comprender las leyes con respecto a su raza en particular.<\/p>\n<p><strong>Ataques de perros a ni\u00f1os:\u00a0<\/strong>Las reglas que afectan los ataques de perros a ni\u00f1os pueden ser complicadas ya que los ni\u00f1os pueden provocar que un perro se vuelva agresivo sin querer. Un abogado de mordeduras de perro puede determinar si la familia est\u00e1 calificada para presentar un reclamo contra el propietario.<\/p>\n<p><strong>Responsabilidad del Due\u00f1o del Perro<\/strong><\/p>\n<p>La clasificaci\u00f3n de un reclamo por mordedura de perro depende en gran medida de los detalles del ataque. Con referencia a la\u00a0<a href=\"https:\/\/leginfo.legislature.ca.gov\/faces\/codes_displaySection.xhtml?sectionNum=3342.&amp;lawCode=CIV\"><strong>Secci\u00f3n 3342 del C\u00f3digo Civil de California<\/strong><\/a>, si una v\u00edctima lesionada estuvo involucrada, generalmente es el deber del due\u00f1o del perro pagar los da\u00f1os causados \u200b\u200bpor la mordedura.<\/p>\n<p>Uno de los factores m\u00e1s importantes en un caso de mordedura de perro es la ubicaci\u00f3n<strong>.<\/strong> Si la v\u00edctima fue mordida en un lugar p\u00fablico o si estaba legalmente permitida en la propiedad de alguien, el due\u00f1o del perro es responsable por el comportamiento de su mascota, independientemente de la mayor\u00eda de las circunstancias. Incluso si el propietario no ten\u00eda conocimiento previo de las tendencias agresivas del perro<strong>,\u00a0<\/strong>o si esta era la primera vez que el perro atacaba a alguien, el propietario seguir\u00e1 siendo responsable.<\/p>\n<h2><strong>Excepciones de Mordedura de Perro<\/strong><\/h2>\n<p>California es un estado de responsabilidad estricta. Esto simplemente significa que si un perro lo muerde, en la mayor\u00eda de los casos, el due\u00f1o del perro ser\u00e1 responsable de los da\u00f1os. Sin embargo, hay algunos casos en los que puede haber excepciones:<\/p>\n<ol>\n<li>A la v\u00edctima no se le permiti\u00f3 legalmente estar en la propiedad.<\/li>\n<li>El perro es un perro militar o del gobierno y estaba actuando en el cumplimiento de su deber.<\/li>\n<li>El perro fue provocado.<\/li>\n<\/ol>\n<p>Para determinar si puede calificar para recibir una compensaci\u00f3n por los da\u00f1os causados \u200b\u200bpor una mordedura de perro, debe comunicarse con un abogado de lesiones personales para que revise su caso. El abogado le informar\u00e1 si debe emprender acciones legales contra el due\u00f1o del perro.<\/p>\n<h2><strong>Cont\u00e1ctanos<\/strong><\/h2>\n<p>Si ha sufrido lesiones en la ciudad de Riverside o sus alrededores como resultado de un accidente de mordedura de perro<strong>,<\/strong>\u00a0<a href=\"\/\"><strong>Abogados de la Costa Oeste<\/strong><\/a>\u00a0tienen abogados experimentados en mordeduras de perros en Riverside que est\u00e1n disponibles para brindarle asistencia legal.<\/p>\n<p>Comun\u00edquese con nuestro equipo legal las 24 horas del d\u00eda, los 7 d\u00edas de la semana llamando al\u00a0<strong>213-927-3700\u00a0<\/strong>o enviando un correo electr\u00f3nico\u00a0<strong>info@westcoasttriallawyers.com<\/strong> para programar una consulta gratuita en nuestro bufete de abogados de lesiones personales de Riverside.<br \/>\n<!-- WCTL_DEBUG: no shortcode in this_content --><\/p>\n","protected":false},"excerpt":{"rendered":"<p>\u00bfQu\u00e9 tan Comunes son los Casos de Mordedura de Perro? \u00bfEs el Due\u00f1o del Perro Responsable? Con m\u00e1s de\u00a077,5 millones de perros registrados en los Estados Unidos, es seguro decir que la gente prefiere tener a estos amigos peludos como mascotas. Muchas personas optan por tener un perro para tener un compa\u00f1ero leal y cari\u00f1oso, [&hellip;]<\/p>\n","protected":false},"author":470,"featured_media":46994,"parent":47436,"menu_order":424,"comment_status":"closed","ping_status":"closed","template":"","meta":{"inline_featured_image":false,"footnotes":""},"class_list":["post-12886","page","type-page","status-publish","has-post-thumbnail","hentry"],"acf":[],"yoast_head":"<!-- This site is optimized with the Yoast SEO Premium plugin v26.0 (Yoast SEO v26.0) - https:\/\/yoast.com\/wordpress\/plugins\/seo\/ -->\n<title>Abogado de Mordedura de Perro en Riverside | West Coast Trial Lawyers<\/title>\n<meta name=\"robots\" content=\"index, follow, max-snippet:-1, max-image-preview:large, max-video-preview:-1\" \/>\n<link rel=\"canonical\" href=\"https:\/\/westcoasttriallawyers.com\/es\/california\/riverside\/abogados-mordidas-perro-riverside\" \/>\n<meta property=\"og:locale\" content=\"es_ES\" \/>\n<meta property=\"og:type\" content=\"article\" \/>\n<meta property=\"og:title\" content=\"Abogado de Mordedura de Perro en Riverside\" \/>\n<meta property=\"og:description\" content=\"\u00bfQu\u00e9 tan Comunes son los Casos de Mordedura de Perro? \u00bfEs el Due\u00f1o del Perro Responsable? Con m\u00e1s de\u00a077,5 millones de perros registrados en los Estados Unidos, es seguro decir que la gente prefiere tener a estos amigos peludos como mascotas. Muchas personas optan por tener un perro para tener un compa\u00f1ero leal y cari\u00f1oso, [&hellip;]\" \/>\n<meta property=\"og:url\" content=\"https:\/\/westcoasttriallawyers.com\/es\/california\/riverside\/abogados-mordidas-perro-riverside\" \/>\n<meta property=\"og:site_name\" content=\"West Coast Trial Lawyers\" \/>\n<meta property=\"article:publisher\" content=\"https:\/\/www.facebook.com\/westcoasttriallawyers\/\" \/>\n<meta property=\"article:modified_time\" content=\"2026-01-26T13:50:21+00:00\" \/>\n<meta property=\"og:image\" content=\"https:\/\/westcoasttriallawyers.com\/wp-content\/uploads\/2025\/07\/Riverside-15.webp\" \/>\n\t<meta property=\"og:image:width\" content=\"557\" \/>\n\t<meta property=\"og:image:height\" content=\"327\" \/>\n\t<meta property=\"og:image:type\" content=\"image\/webp\" \/>\n<meta name=\"twitter:card\" content=\"summary_large_image\" \/>\n<meta name=\"twitter:site\" content=\"@WestCoastTrial\" \/>\n<meta name=\"twitter:label1\" content=\"Tiempo de lectura\" \/>\n\t<meta name=\"twitter:data1\" content=\"6 minutos\" \/>\n<script type=\"application\/ld+json\" class=\"yoast-schema-graph\">{\"@context\":\"https:\/\/schema.org\",\"@graph\":[{\"@type\":[\"WebPage\",\"ItemPage\"],\"@id\":\"https:\/\/westcoasttriallawyers.com\/es\/california\/riverside\/abogados-mordidas-perro-riverside\",\"url\":\"https:\/\/westcoasttriallawyers.com\/es\/california\/riverside\/abogados-mordidas-perro-riverside\",\"name\":\"Abogado de Mordedura de Perro en Riverside | West Coast Trial Lawyers\",\"isPartOf\":{\"@id\":\"https:\/\/westcoasttriallawyers.com\/es#website\"},\"primaryImageOfPage\":{\"@id\":\"https:\/\/westcoasttriallawyers.com\/es\/california\/riverside\/abogados-mordidas-perro-riverside#primaryimage\"},\"image\":{\"@id\":\"https:\/\/westcoasttriallawyers.com\/es\/california\/riverside\/abogados-mordidas-perro-riverside#primaryimage\"},\"thumbnailUrl\":\"https:\/\/westcoasttriallawyers.com\/wp-content\/uploads\/2025\/07\/Riverside-15.webp\",\"datePublished\":\"2026-01-14T18:23:40+00:00\",\"dateModified\":\"2026-01-26T13:50:21+00:00\",\"breadcrumb\":{\"@id\":\"https:\/\/westcoasttriallawyers.com\/es\/california\/riverside\/abogados-mordidas-perro-riverside#breadcrumb\"},\"inLanguage\":\"es\",\"potentialAction\":[{\"@type\":\"ReadAction\",\"target\":[\"https:\/\/westcoasttriallawyers.com\/es\/california\/riverside\/abogados-mordidas-perro-riverside\"]}]},{\"@type\":\"ImageObject\",\"inLanguage\":\"es\",\"@id\":\"https:\/\/westcoasttriallawyers.com\/es\/california\/riverside\/abogados-mordidas-perro-riverside#primaryimage\",\"url\":\"https:\/\/westcoasttriallawyers.com\/wp-content\/uploads\/2025\/07\/Riverside-15.webp\",\"contentUrl\":\"https:\/\/westcoasttriallawyers.com\/wp-content\/uploads\/2025\/07\/Riverside-15.webp\",\"width\":557,\"height\":327},{\"@type\":\"BreadcrumbList\",\"@id\":\"https:\/\/westcoasttriallawyers.com\/es\/california\/riverside\/abogados-mordidas-perro-riverside#breadcrumb\",\"itemListElement\":[{\"@type\":\"ListItem\",\"position\":1,\"name\":\"Inicio\",\"item\":\"https:\/\/westcoasttriallawyers.com\/es\"},{\"@type\":\"ListItem\",\"position\":2,\"name\":\"California\",\"item\":\"https:\/\/westcoasttriallawyers.com\/es\/california\"},{\"@type\":\"ListItem\",\"position\":3,\"name\":\"Riverside\",\"item\":\"https:\/\/westcoasttriallawyers.com\/es\/california\/riverside\"},{\"@type\":\"ListItem\",\"position\":4,\"name\":\"Abogado de Mordedura de Perro en Riverside\"}]},{\"@type\":\"WebSite\",\"@id\":\"https:\/\/westcoasttriallawyers.com\/es#website\",\"url\":\"https:\/\/westcoasttriallawyers.com\/es\",\"name\":\"West Coast Trial Lawyers\",\"description\":\"West Coast Trial Lawyers\",\"publisher\":{\"@id\":\"https:\/\/westcoasttriallawyers.com\/es#organization\"},\"alternateName\":\"WCTL\",\"potentialAction\":[{\"@type\":\"SearchAction\",\"target\":{\"@type\":\"EntryPoint\",\"urlTemplate\":\"https:\/\/westcoasttriallawyers.com\/es?s={search_term_string}\"},\"query-input\":{\"@type\":\"PropertyValueSpecification\",\"valueRequired\":true,\"valueName\":\"search_term_string\"}}],\"inLanguage\":\"es\"},{\"@type\":\"Organization\",\"@id\":\"https:\/\/westcoasttriallawyers.com\/es#organization\",\"name\":\"West Coast Trial Lawyers\",\"alternateName\":\"WCTL\",\"url\":\"https:\/\/westcoasttriallawyers.com\/es\",\"logo\":{\"@type\":\"ImageObject\",\"inLanguage\":\"es\",\"@id\":\"https:\/\/westcoasttriallawyers.com\/es#\/schema\/logo\/image\/\",\"url\":\"https:\/\/westcoasttriallawyers.com\/wp-content\/uploads\/2026\/02\/WCTL-Logo.jpg\",\"contentUrl\":\"https:\/\/westcoasttriallawyers.com\/wp-content\/uploads\/2026\/02\/WCTL-Logo.jpg\",\"width\":696,\"height\":696,\"caption\":\"West Coast Trial Lawyers\"},\"image\":{\"@id\":\"https:\/\/westcoasttriallawyers.com\/es#\/schema\/logo\/image\/\"},\"sameAs\":[\"https:\/\/www.facebook.com\/westcoasttriallawyers\/\",\"https:\/\/x.com\/WestCoastTrial\",\"https:\/\/www.linkedin.com\/company\/west-coast-trial-lawyers\/\",\"https:\/\/www.instagram.com\/westcoasttriallawyers\/\",\"https:\/\/www.yelp.com\/biz\/west-coast-trial-lawyers-los-angeles-2\",\"https:\/\/www.pinterest.com\/westcoasttrial\/\",\"https:\/\/www.youtube.com\/westcoasttriallawyersla\/\",\"https:\/\/www.tiktok.com\/westcoasttriallawyers\"],\"description\":\"West Coast Trial Lawyers is a top-rated personal injury law firm with a goal to provide expert legal representation to those in need. The law firm has offices across California, Nevada, Arizona, and Washington.\",\"legalName\":\"West Coast Trial Lawyers\"}]}<\/script>\n<!-- \/ Yoast SEO Premium plugin. -->","yoast_head_json":{"title":"Abogado de Mordedura de Perro en Riverside | West Coast Trial Lawyers","robots":{"index":"index","follow":"follow","max-snippet":"max-snippet:-1","max-image-preview":"max-image-preview:large","max-video-preview":"max-video-preview:-1"},"canonical":"https:\/\/westcoasttriallawyers.com\/es\/california\/riverside\/abogados-mordidas-perro-riverside","og_locale":"es_ES","og_type":"article","og_title":"Abogado de Mordedura de Perro en Riverside","og_description":"\u00bfQu\u00e9 tan Comunes son los Casos de Mordedura de Perro? \u00bfEs el Due\u00f1o del Perro Responsable? Con m\u00e1s de\u00a077,5 millones de perros registrados en los Estados Unidos, es seguro decir que la gente prefiere tener a estos amigos peludos como mascotas. Muchas personas optan por tener un perro para tener un compa\u00f1ero leal y cari\u00f1oso, [&hellip;]","og_url":"https:\/\/westcoasttriallawyers.com\/es\/california\/riverside\/abogados-mordidas-perro-riverside","og_site_name":"West Coast Trial Lawyers","article_publisher":"https:\/\/www.facebook.com\/westcoasttriallawyers\/","article_modified_time":"2026-01-26T13:50:21+00:00","og_image":[{"width":557,"height":327,"url":"https:\/\/westcoasttriallawyers.com\/wp-content\/uploads\/2025\/07\/Riverside-15.webp","type":"image\/webp"}],"twitter_card":"summary_large_image","twitter_site":"@WestCoastTrial","twitter_misc":{"Tiempo de lectura":"6 minutos"},"schema":{"@context":"https:\/\/schema.org","@graph":[{"@type":["WebPage","ItemPage"],"@id":"https:\/\/westcoasttriallawyers.com\/es\/california\/riverside\/abogados-mordidas-perro-riverside","url":"https:\/\/westcoasttriallawyers.com\/es\/california\/riverside\/abogados-mordidas-perro-riverside","name":"Abogado de Mordedura de Perro en Riverside | West Coast Trial Lawyers","isPartOf":{"@id":"https:\/\/westcoasttriallawyers.com\/es#website"},"primaryImageOfPage":{"@id":"https:\/\/westcoasttriallawyers.com\/es\/california\/riverside\/abogados-mordidas-perro-riverside#primaryimage"},"image":{"@id":"https:\/\/westcoasttriallawyers.com\/es\/california\/riverside\/abogados-mordidas-perro-riverside#primaryimage"},"thumbnailUrl":"https:\/\/westcoasttriallawyers.com\/wp-content\/uploads\/2025\/07\/Riverside-15.webp","datePublished":"2026-01-14T18:23:40+00:00","dateModified":"2026-01-26T13:50:21+00:00","breadcrumb":{"@id":"https:\/\/westcoasttriallawyers.com\/es\/california\/riverside\/abogados-mordidas-perro-riverside#breadcrumb"},"inLanguage":"es","potentialAction":[{"@type":"ReadAction","target":["https:\/\/westcoasttriallawyers.com\/es\/california\/riverside\/abogados-mordidas-perro-riverside"]}]},{"@type":"ImageObject","inLanguage":"es","@id":"https:\/\/westcoasttriallawyers.com\/es\/california\/riverside\/abogados-mordidas-perro-riverside#primaryimage","url":"https:\/\/westcoasttriallawyers.com\/wp-content\/uploads\/2025\/07\/Riverside-15.webp","contentUrl":"https:\/\/westcoasttriallawyers.com\/wp-content\/uploads\/2025\/07\/Riverside-15.webp","width":557,"height":327},{"@type":"BreadcrumbList","@id":"https:\/\/westcoasttriallawyers.com\/es\/california\/riverside\/abogados-mordidas-perro-riverside#breadcrumb","itemListElement":[{"@type":"ListItem","position":1,"name":"Inicio","item":"https:\/\/westcoasttriallawyers.com\/es"},{"@type":"ListItem","position":2,"name":"California","item":"https:\/\/westcoasttriallawyers.com\/es\/california"},{"@type":"ListItem","position":3,"name":"Riverside","item":"https:\/\/westcoasttriallawyers.com\/es\/california\/riverside"},{"@type":"ListItem","position":4,"name":"Abogado de Mordedura de Perro en Riverside"}]},{"@type":"WebSite","@id":"https:\/\/westcoasttriallawyers.com\/es#website","url":"https:\/\/westcoasttriallawyers.com\/es","name":"West Coast Trial Lawyers","description":"West Coast Trial Lawyers","publisher":{"@id":"https:\/\/westcoasttriallawyers.com\/es#organization"},"alternateName":"WCTL","potentialAction":[{"@type":"SearchAction","target":{"@type":"EntryPoint","urlTemplate":"https:\/\/westcoasttriallawyers.com\/es?s={search_term_string}"},"query-input":{"@type":"PropertyValueSpecification","valueRequired":true,"valueName":"search_term_string"}}],"inLanguage":"es"},{"@type":"Organization","@id":"https:\/\/westcoasttriallawyers.com\/es#organization","name":"West Coast Trial Lawyers","alternateName":"WCTL","url":"https:\/\/westcoasttriallawyers.com\/es","logo":{"@type":"ImageObject","inLanguage":"es","@id":"https:\/\/westcoasttriallawyers.com\/es#\/schema\/logo\/image\/","url":"https:\/\/westcoasttriallawyers.com\/wp-content\/uploads\/2026\/02\/WCTL-Logo.jpg","contentUrl":"https:\/\/westcoasttriallawyers.com\/wp-content\/uploads\/2026\/02\/WCTL-Logo.jpg","width":696,"height":696,"caption":"West Coast Trial Lawyers"},"image":{"@id":"https:\/\/westcoasttriallawyers.com\/es#\/schema\/logo\/image\/"},"sameAs":["https:\/\/www.facebook.com\/westcoasttriallawyers\/","https:\/\/x.com\/WestCoastTrial","https:\/\/www.linkedin.com\/company\/west-coast-trial-lawyers\/","https:\/\/www.instagram.com\/westcoasttriallawyers\/","https:\/\/www.yelp.com\/biz\/west-coast-trial-lawyers-los-angeles-2","https:\/\/www.pinterest.com\/westcoasttrial\/","https:\/\/www.youtube.com\/westcoasttriallawyersla\/","https:\/\/www.tiktok.com\/westcoasttriallawyers"],"description":"West Coast Trial Lawyers is a top-rated personal injury law firm with a goal to provide expert legal representation to those in need. The law firm has offices across California, Nevada, Arizona, and Washington.","legalName":"West Coast Trial Lawyers"}]}},"_links":{"self":[{"href":"https:\/\/westcoasttriallawyers.com\/es\/wp-json\/wp\/v2\/pages\/12886","targetHints":{"allow":["GET"]}}],"collection":[{"href":"https:\/\/westcoasttriallawyers.com\/es\/wp-json\/wp\/v2\/pages"}],"about":[{"href":"https:\/\/westcoasttriallawyers.com\/es\/wp-json\/wp\/v2\/types\/page"}],"author":[{"embeddable":true,"href":"https:\/\/westcoasttriallawyers.com\/es\/wp-json\/wp\/v2\/users\/470"}],"replies":[{"embeddable":true,"href":"https:\/\/westcoasttriallawyers.com\/es\/wp-json\/wp\/v2\/comments?post=12886"}],"version-history":[{"count":3,"href":"https:\/\/westcoasttriallawyers.com\/es\/wp-json\/wp\/v2\/pages\/12886\/revisions"}],"predecessor-version":[{"id":48229,"href":"https:\/\/westcoasttriallawyers.com\/es\/wp-json\/wp\/v2\/pages\/12886\/revisions\/48229"}],"up":[{"embeddable":true,"href":"https:\/\/westcoasttriallawyers.com\/es\/wp-json\/wp\/v2\/pages\/47436"}],"wp:featuredmedia":[{"embeddable":true,"href":"https:\/\/westcoasttriallawyers.com\/es\/wp-json\/wp\/v2\/media\/46994"}],"wp:attachment":[{"href":"https:\/\/westcoasttriallawyers.com\/es\/wp-json\/wp\/v2\/media?parent=12886"}],"curies":[{"name":"wp","href":"https:\/\/api.w.org\/{rel}","templated":true}]}}