{"id":12884,"date":"2026-01-13T23:41:30","date_gmt":"2026-01-13T23:41:30","guid":{"rendered":"https:\/\/wctl1stg.wpengine.com\/?page_id=12884"},"modified":"2026-01-21T13:19:33","modified_gmt":"2026-01-21T13:19:33","slug":"abogado-de-responsabilidad-de-locales-de-long-beach","status":"publish","type":"page","link":"https:\/\/westcoasttriallawyers.com\/es\/california\/long-beach\/abogado-de-responsabilidad-de-locales-de-long-beach","title":{"rendered":"Abogado de Responsabilidad de Locales de Long Beach"},"content":{"rendered":"<h2><strong>\u00bfC\u00f3mo se Puede Responsabilizar al Due\u00f1o de una Propiedad por las Lesiones Causadas en sus Locales?<\/strong><\/h2>\n<p><strong>Long Beach\u00a0<\/strong>tiene una poblaci\u00f3n de m\u00e1s de 470.000 habitantes. Con un volumen tan alto de personas viviendo en esta ciudad densamente poblada, existe la posibilidad de que los intrusos invaden casas o propiedades privadas. La mayor\u00eda de estos intrusos a menudo han sido ni\u00f1os que han sido atra\u00eddos a la propiedad de un vecino debido a una molestia atractiva, como una piscina. Seg\u00fan la Comisi\u00f3n de Seguridad de Productos del Consumidor, alrededor de 350 ni\u00f1os menores de 5 a\u00f1os se ahogan en piscinas cada a\u00f1o en todo el pa\u00eds. Debido a esta informaci\u00f3n alarmante, se recomienda a los residentes que tengan una piscina que la mantengan cubierta cuando no la usen.\u00a0<\/p>\n<p>Aquellos que no logran poner barricadas en su propiedad pueden enfrentar reclamos de responsabilidad del local si un intruso, principalmente un ni\u00f1o, logra colarse y lastimarse. El due\u00f1o de la propiedad tambi\u00e9n puede enfrentar consecuencias legales si no ha realizado ning\u00fan control de mantenimiento para garantizar que cada parte de su propiedad est\u00e9 en buenas condiciones para que los visitantes o invitados ingresen de manera segura.\u00a0<\/p>\n<p>Si estuvo involucrado en un accidente debido a la negligencia del due\u00f1o de una propiedad, puede ser elegible para presentar una demanda por lesiones personales en su contra. En Los Abogados de la Coasta Oeste, nuestros\u00a0<strong>abogados de responsabilidad de locales de Long Beach<\/strong> han ganado m\u00e1s de 5,000 casos de lesiones personales y han recuperado m\u00e1s de $1,000 millones en acuerdos para nuestros clientes. Debido a nuestros logros, hemos sido reconocidos como uno de los mejores bufetes de abogados de lesiones personales en Long Beach.<\/p>\n<p>Para programar una consulta gratuita y sin compromiso en nuestro\u00a0<strong>bufete de abogados de lesiones personales de Long Beach,<\/strong> comun\u00edquese con nuestro equipo legal las 24 horas, los 7 d\u00edas de la semana llamando al\u00a0<strong>213-927-3700<\/strong> o enviando un correo electr\u00f3nico<strong>\u00a0<\/strong><a href=\"mailto:info@westcoasttriallawyers.com\"><strong>info@westcoasttriallawyers.com<\/strong><\/a><strong>.\u00a0<\/strong><\/p>\n<p><strong>El Due\u00f1o de una Propiedad y su Deber de Cuidado<\/strong><\/p>\n<p>El due\u00f1o de una propiedad est\u00e1 obligado a brindar un deber de cuidado a los invitados y licenciatarios. Esto requiere que inspeccionen las instalaciones para asegurarse de que no haya peligros alrededor. Los peligros comunes que siempre debe tener en cuenta, ya sea propietario de una casa o de un negocio, incluyen los siguientes:<\/p>\n<ul>\n<li>Pasamanos sueltos<\/li>\n<li>Escaleras da\u00f1adas<\/li>\n<li>Pisos mojados<\/li>\n<li>Cables sueltos\u00a0<\/li>\n<li>Hielo o nieve alrededor de su propiedad<\/li>\n<li>Seguridad deficiente<\/li>\n<li>Ascensor o escalera mec\u00e1nica<\/li>\n<\/ul>\n<p>El due\u00f1o de la propiedad debe hacer ajustes a estas condiciones peligrosas. Si no pueden actuar de inmediato, deben proporcionar alg\u00fan tipo de advertencia a los hu\u00e9spedes o visitantes para avisarles que hay peligros dentro de la propiedad. Los propietarios que no act\u00faen para solucionar un problema dentro de su territorio probablemente causen un accidente de resbal\u00f3n y ca\u00edda que podr\u00eda provocar lesiones graves o incluso la muerte. Las repercusiones legales pueden aplicarse si se puede probar que el due\u00f1o de la propiedad ha incumplido su deber de cuidado.\u00a0<\/p>\n<p>Si ocurre un altercado en una propiedad privada, el propietario del negocio no ser\u00e1 responsable por ello. Generalmente, los due\u00f1os de negocios no son responsables por acciones que sean cometidas por terceros. Aquellos que se atacan f\u00edsicamente unos a otros mientras se encuentran en instalaciones privadas normalmente no ser\u00e1n elegibles para presentar una demanda contra el propietario por lesiones o da\u00f1os. Sin embargo, si estas acciones violentas eran previsibles, entonces existe la posibilidad de que el propietario pudiera haber tenido la responsabilidad de evitar que se produjera un altercado.\u00a0<\/p>\n<p>Por ejemplo, a una persona le estaban robando en una propiedad conocida por tener casos como este con frecuencia. La v\u00edctima sufri\u00f3 heridas graves que requirieron atenci\u00f3n m\u00e9dica inmediata y fue enviada al hospital para recibir tratamiento adicional. En este tipo de circunstancias, la v\u00edctima puede ser elegible para presentar una demanda por responsabilidad del local contra el due\u00f1o de la propiedad debido a que la seguridad negligente no pudo evitar que ocurriera un incidente previsible.\u00a0<\/p>\n<p><strong>Responsabilidad del Propietario por Lesiones Personales<\/strong>\u00a0<\/p>\n<p>Los propietarios de viviendas son responsables de cualquier da\u00f1o que se haga a los invitados, licenciatarios y, a veces, a los intrusos. Sin embargo, cada tipo de visitante tiene derecho a un deber de cuidado diferente.<\/p>\n<ul>\n<li><strong>Invitados.<\/strong>\u00a0Un invitado es un amigo, familiar o pariente. Por lo general, se les asigna el mayor deber de cuidado en comparaci\u00f3n con otros tipos de visitantes. Un propietario debe inspeccionar su casa para asegurarse de que est\u00e9 en buenas condiciones para los invitados. Esto incluye revisar la casa en busca de posibles defectos o peligros que podr\u00edan causar da\u00f1os previsibles.<\/li>\n<li><strong>licenciatarios _<\/strong> Un licenciatario se identifica como una persona que ingresa a su propiedad con el prop\u00f3sito de beneficiarse. Esto puede incluir un trabajador de servicios p\u00fablicos o un vendedor. Se espera que los propietarios adviertan a los titulares de licencias sobre cualquier condici\u00f3n peligrosa en su propiedad privada o cerca de ella. Una vez que el propietario informe al titular de la licencia, no ser\u00e1 responsable de las lesiones o da\u00f1os que puedan ocurrir.\u00a0<\/li>\n<li><strong>intrusos.<\/strong> Los intrusos se definen como personas a las que no se les otorga ning\u00fan permiso legal para ingresar a una propiedad privada. No tienen ning\u00fan deber de cuidado a menos que sean ni\u00f1os. Se recomienda que los propietarios coloquen cercas, puertas o se\u00f1ales de advertencia para evitar que los ni\u00f1os pongan un pie en sus instalaciones. El no hacerlo puede resultar en que el due\u00f1o de la casa enfrente una demanda si el ni\u00f1o termina lesionado mientras est\u00e1 en su propiedad.<\/li>\n<\/ul>\n<p>Debe prestar especial atenci\u00f3n a los objetos peligrosos en su hogar cuando est\u00e9 haciendo de su lugar un espacio seguro para invitados o visitantes. Aseg\u00farese de inspeccionar sus:<\/p>\n<ul>\n<li><strong>Escaleras.\u00a0<\/strong>Las escaleras pueden contener muchos peligros que pueden contribuir a un accidente de resbal\u00f3n y ca\u00edda. Por ejemplo, la iluminaci\u00f3n deficiente puede obstruir la visi\u00f3n de una persona, lo que puede dificultar que suba o baje las escaleras. Dado que los pasos pueden volverse imperceptibles, es probable que el invitado coloque el pie en el \u00e1rea equivocada y se caiga. Adem\u00e1s, los pasamanos tambi\u00e9n deben ser inspeccionados. Los pasamanos sueltos tambi\u00e9n pueden hacer que sus invitados pierdan el equilibrio y se caigan.\u00a0<\/li>\n<li><strong>Puerta corredera de cristal.\u00a0<\/strong>Por lo general, los propietarios de viviendas no son responsables de que los hu\u00e9spedes se lastimen con una puerta corrediza de vidrio. Sin embargo, si la puerta corredera no se instal\u00f3 correctamente y el propietario estaba al tanto, entonces el accidente se considera previsible. Si este es el caso, entonces el due\u00f1o de la casa puede enfrentar una demanda por responsabilidad del local por no solucionar el problema antes de que lleguen los invitados.\u00a0<\/li>\n<li><strong>Piscina.\u00a0<\/strong>Los ni\u00f1os son las v\u00edctimas m\u00e1s comunes de muertes en piscinas. Los propietarios de viviendas deben colocar letreros de advertencia, cercas o puertas para evitar que un ni\u00f1o tenga f\u00e1cil acceso a la piscina. El no hacerlo puede resultar en que la familia del ni\u00f1o demande al due\u00f1o de la casa por cualquier lesi\u00f3n o da\u00f1o causado por su negligencia.\u00a0<\/li>\n<\/ul>\n<p><strong>Cont\u00e1ctenos<\/strong><\/p>\n<p>Si estuvo involucrado en una demanda por responsabilidad de locales y desea emprender acciones legales contra el due\u00f1o de la propiedad debido a su negligencia,\u00a0<a href=\"\/\"><strong>Los Abogados de la Costa Oeste\u00a0<\/strong><\/a>tiene abogados de responsabilidad de locales de Long Beach con m\u00e1s de 60 a\u00f1os de experiencia legal colectiva en el manejo de casos de lesiones personales. Con la cantidad de casos que hemos resuelto a lo largo de los a\u00f1os, estamos seguros de que obtendremos un buen resultado en su acuerdo.\u00a0<\/p>\n<p>P\u00f3ngase en contacto con nuestro equipo legal las 24 horas del d\u00eda, los 7 d\u00edas de la semana hoy llamando al\u00a0<strong>213-927-3700\u00a0<\/strong>o enviando un correo electr\u00f3nico\u00a0<a href=\"mailto:info@westcoasttriallawyers.com\">a\u00a0<strong>info@westcoasttriallawyers.com<\/strong><\/a><strong>\u00a0<\/strong>para programar una consulta gratuita y sin compromiso en nuestro bufete de abogados de lesiones personales de Long Beach.\u00a0<\/p>\n<p><!-- WCTL_DEBUG: no shortcode in this_content --><\/p>\n","protected":false},"excerpt":{"rendered":"<p>\u00bfC\u00f3mo se Puede Responsabilizar al Due\u00f1o de una Propiedad por las Lesiones Causadas en sus Locales? Long Beach\u00a0tiene una poblaci\u00f3n de m\u00e1s de 470.000 habitantes. Con un volumen tan alto de personas viviendo en esta ciudad densamente poblada, existe la posibilidad de que los intrusos invaden casas o propiedades privadas. La mayor\u00eda de estos intrusos [&hellip;]<\/p>\n","protected":false},"author":475,"featured_media":45968,"parent":47396,"menu_order":0,"comment_status":"closed","ping_status":"closed","template":"","meta":{"inline_featured_image":false,"footnotes":""},"class_list":["post-12884","page","type-page","status-publish","has-post-thumbnail","hentry"],"acf":[],"yoast_head":"<!-- This site is optimized with the Yoast SEO Premium plugin v26.0 (Yoast SEO v26.0) - https:\/\/yoast.com\/wordpress\/plugins\/seo\/ -->\n<title>Abogado de Responsabilidad de Locales de Long Beach | West Coast Trial Lawyers<\/title>\n<meta name=\"robots\" content=\"index, follow, max-snippet:-1, max-image-preview:large, max-video-preview:-1\" \/>\n<link rel=\"canonical\" href=\"https:\/\/westcoasttriallawyers.com\/es\/california\/long-beach\/abogado-de-responsabilidad-de-locales-de-long-beach\" \/>\n<meta property=\"og:locale\" content=\"es_ES\" \/>\n<meta property=\"og:type\" content=\"article\" \/>\n<meta property=\"og:title\" content=\"Abogado de Responsabilidad de Locales de Long Beach\" \/>\n<meta property=\"og:description\" content=\"\u00bfC\u00f3mo se Puede Responsabilizar al Due\u00f1o de una Propiedad por las Lesiones Causadas en sus Locales? Long Beach\u00a0tiene una poblaci\u00f3n de m\u00e1s de 470.000 habitantes. Con un volumen tan alto de personas viviendo en esta ciudad densamente poblada, existe la posibilidad de que los intrusos invaden casas o propiedades privadas. La mayor\u00eda de estos intrusos [&hellip;]\" \/>\n<meta property=\"og:url\" content=\"https:\/\/westcoasttriallawyers.com\/es\/california\/long-beach\/abogado-de-responsabilidad-de-locales-de-long-beach\" \/>\n<meta property=\"og:site_name\" content=\"West Coast Trial Lawyers\" \/>\n<meta property=\"article:publisher\" content=\"https:\/\/www.facebook.com\/westcoasttriallawyers\/\" \/>\n<meta property=\"article:modified_time\" content=\"2026-01-21T13:19:33+00:00\" \/>\n<meta property=\"og:image\" content=\"https:\/\/westcoasttriallawyers.com\/wp-content\/uploads\/2025\/07\/u6829429588_Long_Beach_California_-v_7_4cd9c920-299b-417c-aaf0-e54bf70b12f7_0-1-29.webp\" \/>\n\t<meta property=\"og:image:width\" content=\"557\" \/>\n\t<meta property=\"og:image:height\" content=\"328\" \/>\n\t<meta property=\"og:image:type\" content=\"image\/webp\" \/>\n<meta name=\"twitter:card\" content=\"summary_large_image\" \/>\n<meta name=\"twitter:site\" content=\"@WestCoastTrial\" \/>\n<meta name=\"twitter:label1\" content=\"Tiempo de lectura\" \/>\n\t<meta name=\"twitter:data1\" content=\"14 minutos\" \/>\n<script type=\"application\/ld+json\" class=\"yoast-schema-graph\">{\"@context\":\"https:\/\/schema.org\",\"@graph\":[{\"@type\":[\"WebPage\",\"ItemPage\"],\"@id\":\"https:\/\/westcoasttriallawyers.com\/es\/california\/long-beach\/abogado-de-responsabilidad-de-locales-de-long-beach\",\"url\":\"https:\/\/westcoasttriallawyers.com\/es\/california\/long-beach\/abogado-de-responsabilidad-de-locales-de-long-beach\",\"name\":\"Abogado de Responsabilidad de Locales de Long Beach | West Coast Trial Lawyers\",\"isPartOf\":{\"@id\":\"https:\/\/westcoasttriallawyers.com\/es#website\"},\"primaryImageOfPage\":{\"@id\":\"https:\/\/westcoasttriallawyers.com\/es\/california\/long-beach\/abogado-de-responsabilidad-de-locales-de-long-beach#primaryimage\"},\"image\":{\"@id\":\"https:\/\/westcoasttriallawyers.com\/es\/california\/long-beach\/abogado-de-responsabilidad-de-locales-de-long-beach#primaryimage\"},\"thumbnailUrl\":\"https:\/\/westcoasttriallawyers.com\/wp-content\/uploads\/2025\/07\/u6829429588_Long_Beach_California_-v_7_4cd9c920-299b-417c-aaf0-e54bf70b12f7_0-1-29.webp\",\"datePublished\":\"2026-01-13T23:41:30+00:00\",\"dateModified\":\"2026-01-21T13:19:33+00:00\",\"breadcrumb\":{\"@id\":\"https:\/\/westcoasttriallawyers.com\/es\/california\/long-beach\/abogado-de-responsabilidad-de-locales-de-long-beach#breadcrumb\"},\"inLanguage\":\"es\",\"potentialAction\":[{\"@type\":\"ReadAction\",\"target\":[\"https:\/\/westcoasttriallawyers.com\/es\/california\/long-beach\/abogado-de-responsabilidad-de-locales-de-long-beach\"]}]},{\"@type\":\"ImageObject\",\"inLanguage\":\"es\",\"@id\":\"https:\/\/westcoasttriallawyers.com\/es\/california\/long-beach\/abogado-de-responsabilidad-de-locales-de-long-beach#primaryimage\",\"url\":\"https:\/\/westcoasttriallawyers.com\/wp-content\/uploads\/2025\/07\/u6829429588_Long_Beach_California_-v_7_4cd9c920-299b-417c-aaf0-e54bf70b12f7_0-1-29.webp\",\"contentUrl\":\"https:\/\/westcoasttriallawyers.com\/wp-content\/uploads\/2025\/07\/u6829429588_Long_Beach_California_-v_7_4cd9c920-299b-417c-aaf0-e54bf70b12f7_0-1-29.webp\",\"width\":557,\"height\":328},{\"@type\":\"BreadcrumbList\",\"@id\":\"https:\/\/westcoasttriallawyers.com\/es\/california\/long-beach\/abogado-de-responsabilidad-de-locales-de-long-beach#breadcrumb\",\"itemListElement\":[{\"@type\":\"ListItem\",\"position\":1,\"name\":\"Inicio\",\"item\":\"https:\/\/westcoasttriallawyers.com\/es\"},{\"@type\":\"ListItem\",\"position\":2,\"name\":\"California\",\"item\":\"https:\/\/westcoasttriallawyers.com\/es\/california\"},{\"@type\":\"ListItem\",\"position\":3,\"name\":\"Long Beach\",\"item\":\"https:\/\/westcoasttriallawyers.com\/es\/california\/long-beach\"},{\"@type\":\"ListItem\",\"position\":4,\"name\":\"Abogado de Responsabilidad de Locales de Long Beach\"}]},{\"@type\":\"WebSite\",\"@id\":\"https:\/\/westcoasttriallawyers.com\/es#website\",\"url\":\"https:\/\/westcoasttriallawyers.com\/es\",\"name\":\"West Coast Trial Lawyers\",\"description\":\"West Coast Trial Lawyers\",\"publisher\":{\"@id\":\"https:\/\/westcoasttriallawyers.com\/es#organization\"},\"alternateName\":\"WCTL\",\"potentialAction\":[{\"@type\":\"SearchAction\",\"target\":{\"@type\":\"EntryPoint\",\"urlTemplate\":\"https:\/\/westcoasttriallawyers.com\/es?s={search_term_string}\"},\"query-input\":{\"@type\":\"PropertyValueSpecification\",\"valueRequired\":true,\"valueName\":\"search_term_string\"}}],\"inLanguage\":\"es\"},{\"@type\":\"Organization\",\"@id\":\"https:\/\/westcoasttriallawyers.com\/es#organization\",\"name\":\"West Coast Trial Lawyers\",\"alternateName\":\"WCTL\",\"url\":\"https:\/\/westcoasttriallawyers.com\/es\",\"logo\":{\"@type\":\"ImageObject\",\"inLanguage\":\"es\",\"@id\":\"https:\/\/westcoasttriallawyers.com\/es#\/schema\/logo\/image\/\",\"url\":\"https:\/\/westcoasttriallawyers.com\/wp-content\/uploads\/2026\/02\/WCTL-Logo.jpg\",\"contentUrl\":\"https:\/\/westcoasttriallawyers.com\/wp-content\/uploads\/2026\/02\/WCTL-Logo.jpg\",\"width\":696,\"height\":696,\"caption\":\"West Coast Trial Lawyers\"},\"image\":{\"@id\":\"https:\/\/westcoasttriallawyers.com\/es#\/schema\/logo\/image\/\"},\"sameAs\":[\"https:\/\/www.facebook.com\/westcoasttriallawyers\/\",\"https:\/\/x.com\/WestCoastTrial\",\"https:\/\/www.linkedin.com\/company\/west-coast-trial-lawyers\/\",\"https:\/\/www.instagram.com\/westcoasttriallawyers\/\",\"https:\/\/www.yelp.com\/biz\/west-coast-trial-lawyers-los-angeles-2\",\"https:\/\/www.pinterest.com\/westcoasttrial\/\",\"https:\/\/www.youtube.com\/westcoasttriallawyersla\/\",\"https:\/\/www.tiktok.com\/westcoasttriallawyers\"],\"description\":\"West Coast Trial Lawyers is a top-rated personal injury law firm with a goal to provide expert legal representation to those in need. The law firm has offices across California, Nevada, Arizona, and Washington.\",\"legalName\":\"West Coast Trial Lawyers\"}]}<\/script>\n<!-- \/ Yoast SEO Premium plugin. -->","yoast_head_json":{"title":"Abogado de Responsabilidad de Locales de Long Beach | West Coast Trial Lawyers","robots":{"index":"index","follow":"follow","max-snippet":"max-snippet:-1","max-image-preview":"max-image-preview:large","max-video-preview":"max-video-preview:-1"},"canonical":"https:\/\/westcoasttriallawyers.com\/es\/california\/long-beach\/abogado-de-responsabilidad-de-locales-de-long-beach","og_locale":"es_ES","og_type":"article","og_title":"Abogado de Responsabilidad de Locales de Long Beach","og_description":"\u00bfC\u00f3mo se Puede Responsabilizar al Due\u00f1o de una Propiedad por las Lesiones Causadas en sus Locales? Long Beach\u00a0tiene una poblaci\u00f3n de m\u00e1s de 470.000 habitantes. Con un volumen tan alto de personas viviendo en esta ciudad densamente poblada, existe la posibilidad de que los intrusos invaden casas o propiedades privadas. La mayor\u00eda de estos intrusos [&hellip;]","og_url":"https:\/\/westcoasttriallawyers.com\/es\/california\/long-beach\/abogado-de-responsabilidad-de-locales-de-long-beach","og_site_name":"West Coast Trial Lawyers","article_publisher":"https:\/\/www.facebook.com\/westcoasttriallawyers\/","article_modified_time":"2026-01-21T13:19:33+00:00","og_image":[{"width":557,"height":328,"url":"https:\/\/westcoasttriallawyers.com\/wp-content\/uploads\/2025\/07\/u6829429588_Long_Beach_California_-v_7_4cd9c920-299b-417c-aaf0-e54bf70b12f7_0-1-29.webp","type":"image\/webp"}],"twitter_card":"summary_large_image","twitter_site":"@WestCoastTrial","twitter_misc":{"Tiempo de lectura":"14 minutos"},"schema":{"@context":"https:\/\/schema.org","@graph":[{"@type":["WebPage","ItemPage"],"@id":"https:\/\/westcoasttriallawyers.com\/es\/california\/long-beach\/abogado-de-responsabilidad-de-locales-de-long-beach","url":"https:\/\/westcoasttriallawyers.com\/es\/california\/long-beach\/abogado-de-responsabilidad-de-locales-de-long-beach","name":"Abogado de Responsabilidad de Locales de Long Beach | West Coast Trial Lawyers","isPartOf":{"@id":"https:\/\/westcoasttriallawyers.com\/es#website"},"primaryImageOfPage":{"@id":"https:\/\/westcoasttriallawyers.com\/es\/california\/long-beach\/abogado-de-responsabilidad-de-locales-de-long-beach#primaryimage"},"image":{"@id":"https:\/\/westcoasttriallawyers.com\/es\/california\/long-beach\/abogado-de-responsabilidad-de-locales-de-long-beach#primaryimage"},"thumbnailUrl":"https:\/\/westcoasttriallawyers.com\/wp-content\/uploads\/2025\/07\/u6829429588_Long_Beach_California_-v_7_4cd9c920-299b-417c-aaf0-e54bf70b12f7_0-1-29.webp","datePublished":"2026-01-13T23:41:30+00:00","dateModified":"2026-01-21T13:19:33+00:00","breadcrumb":{"@id":"https:\/\/westcoasttriallawyers.com\/es\/california\/long-beach\/abogado-de-responsabilidad-de-locales-de-long-beach#breadcrumb"},"inLanguage":"es","potentialAction":[{"@type":"ReadAction","target":["https:\/\/westcoasttriallawyers.com\/es\/california\/long-beach\/abogado-de-responsabilidad-de-locales-de-long-beach"]}]},{"@type":"ImageObject","inLanguage":"es","@id":"https:\/\/westcoasttriallawyers.com\/es\/california\/long-beach\/abogado-de-responsabilidad-de-locales-de-long-beach#primaryimage","url":"https:\/\/westcoasttriallawyers.com\/wp-content\/uploads\/2025\/07\/u6829429588_Long_Beach_California_-v_7_4cd9c920-299b-417c-aaf0-e54bf70b12f7_0-1-29.webp","contentUrl":"https:\/\/westcoasttriallawyers.com\/wp-content\/uploads\/2025\/07\/u6829429588_Long_Beach_California_-v_7_4cd9c920-299b-417c-aaf0-e54bf70b12f7_0-1-29.webp","width":557,"height":328},{"@type":"BreadcrumbList","@id":"https:\/\/westcoasttriallawyers.com\/es\/california\/long-beach\/abogado-de-responsabilidad-de-locales-de-long-beach#breadcrumb","itemListElement":[{"@type":"ListItem","position":1,"name":"Inicio","item":"https:\/\/westcoasttriallawyers.com\/es"},{"@type":"ListItem","position":2,"name":"California","item":"https:\/\/westcoasttriallawyers.com\/es\/california"},{"@type":"ListItem","position":3,"name":"Long Beach","item":"https:\/\/westcoasttriallawyers.com\/es\/california\/long-beach"},{"@type":"ListItem","position":4,"name":"Abogado de Responsabilidad de Locales de Long Beach"}]},{"@type":"WebSite","@id":"https:\/\/westcoasttriallawyers.com\/es#website","url":"https:\/\/westcoasttriallawyers.com\/es","name":"West Coast Trial Lawyers","description":"West Coast Trial Lawyers","publisher":{"@id":"https:\/\/westcoasttriallawyers.com\/es#organization"},"alternateName":"WCTL","potentialAction":[{"@type":"SearchAction","target":{"@type":"EntryPoint","urlTemplate":"https:\/\/westcoasttriallawyers.com\/es?s={search_term_string}"},"query-input":{"@type":"PropertyValueSpecification","valueRequired":true,"valueName":"search_term_string"}}],"inLanguage":"es"},{"@type":"Organization","@id":"https:\/\/westcoasttriallawyers.com\/es#organization","name":"West Coast Trial Lawyers","alternateName":"WCTL","url":"https:\/\/westcoasttriallawyers.com\/es","logo":{"@type":"ImageObject","inLanguage":"es","@id":"https:\/\/westcoasttriallawyers.com\/es#\/schema\/logo\/image\/","url":"https:\/\/westcoasttriallawyers.com\/wp-content\/uploads\/2026\/02\/WCTL-Logo.jpg","contentUrl":"https:\/\/westcoasttriallawyers.com\/wp-content\/uploads\/2026\/02\/WCTL-Logo.jpg","width":696,"height":696,"caption":"West Coast Trial Lawyers"},"image":{"@id":"https:\/\/westcoasttriallawyers.com\/es#\/schema\/logo\/image\/"},"sameAs":["https:\/\/www.facebook.com\/westcoasttriallawyers\/","https:\/\/x.com\/WestCoastTrial","https:\/\/www.linkedin.com\/company\/west-coast-trial-lawyers\/","https:\/\/www.instagram.com\/westcoasttriallawyers\/","https:\/\/www.yelp.com\/biz\/west-coast-trial-lawyers-los-angeles-2","https:\/\/www.pinterest.com\/westcoasttrial\/","https:\/\/www.youtube.com\/westcoasttriallawyersla\/","https:\/\/www.tiktok.com\/westcoasttriallawyers"],"description":"West Coast Trial Lawyers is a top-rated personal injury law firm with a goal to provide expert legal representation to those in need. The law firm has offices across California, Nevada, Arizona, and Washington.","legalName":"West Coast Trial Lawyers"}]}},"_links":{"self":[{"href":"https:\/\/westcoasttriallawyers.com\/es\/wp-json\/wp\/v2\/pages\/12884","targetHints":{"allow":["GET"]}}],"collection":[{"href":"https:\/\/westcoasttriallawyers.com\/es\/wp-json\/wp\/v2\/pages"}],"about":[{"href":"https:\/\/westcoasttriallawyers.com\/es\/wp-json\/wp\/v2\/types\/page"}],"author":[{"embeddable":true,"href":"https:\/\/westcoasttriallawyers.com\/es\/wp-json\/wp\/v2\/users\/475"}],"replies":[{"embeddable":true,"href":"https:\/\/westcoasttriallawyers.com\/es\/wp-json\/wp\/v2\/comments?post=12884"}],"version-history":[{"count":3,"href":"https:\/\/westcoasttriallawyers.com\/es\/wp-json\/wp\/v2\/pages\/12884\/revisions"}],"predecessor-version":[{"id":47695,"href":"https:\/\/westcoasttriallawyers.com\/es\/wp-json\/wp\/v2\/pages\/12884\/revisions\/47695"}],"up":[{"embeddable":true,"href":"https:\/\/westcoasttriallawyers.com\/es\/wp-json\/wp\/v2\/pages\/47396"}],"wp:featuredmedia":[{"embeddable":true,"href":"https:\/\/westcoasttriallawyers.com\/es\/wp-json\/wp\/v2\/media\/45968"}],"wp:attachment":[{"href":"https:\/\/westcoasttriallawyers.com\/es\/wp-json\/wp\/v2\/media?parent=12884"}],"curies":[{"name":"wp","href":"https:\/\/api.w.org\/{rel}","templated":true}]}}