{"id":12871,"date":"2026-01-13T23:41:18","date_gmt":"2026-01-13T23:41:18","guid":{"rendered":"https:\/\/wctl1stg.wpengine.com\/?page_id=12871"},"modified":"2026-01-23T19:19:18","modified_gmt":"2026-01-23T19:19:18","slug":"abogados-accidentes-entrega-comida-long-beach","status":"publish","type":"page","link":"https:\/\/westcoasttriallawyers.com\/es\/california\/long-beach\/abogados-accidentes-entrega-comida-long-beach","title":{"rendered":"Abogado de Accidentes de Entrega de Comida en Long Beach"},"content":{"rendered":"<h2><strong>\u00bfCu\u00e1l es la diferencia entre un empleado y un contratista independiente?<\/strong><\/h2>\n<p>Casi todas las ciudades de California se han familiarizado con los servicios de entrega de comida, incluida<strong> Long Beach<\/strong>. Las empresas m\u00e1s populares que aceptan las solicitudes de los usuarios para recoger y entregar comida son Postmates, Grubhub, UberEats y DoorDash. Estas empresas ofrecen aplicaciones para acceder f\u00e1cilmente a sus servicios. Mientras usan la aplicaci\u00f3n, los usuarios pueden descubrir varias funciones que ofrece, como informaci\u00f3n sobre qui\u00e9n ser\u00e1 el conductor de la entrega de comida, una estimaci\u00f3n de cu\u00e1nto tiempo tardar\u00e1 en estar lista y cu\u00e1ndo se la entregar\u00e1n en su puerta.<\/p>\n<p>Los residentes de Long Beach han mostrado mucho apoyo a las aplicaciones de entrega de comida, raz\u00f3n por la cual su popularidad ha seguido aumentando en toda el \u00e1rea. A pesar de que hay muchos aspectos positivos cuando se trata de la conveniencia de utilizar los servicios de entrega de comida, tambi\u00e9n hay muchos aspectos negativos.<\/p>\n<p>Los conductores de entrega de comida sienten la presi\u00f3n de completar las tareas lo m\u00e1s r\u00e1pido posible para evitar enfrentar repercusiones por no llegar a tiempo. Pueden cometer actuaciones negligentes, como desobedecer sem\u00e1foros o se\u00f1ales, exceso de velocidad, paradas o giros bruscos, para asegurarse de llegar al domicilio del usuario antes de la hora prevista de llegada. Estas decisiones imprudentes pueden crear un ambiente peligroso para todos los que est\u00e1n cerca del conductor de entrega de comida.<\/p>\n<p>Los conductores de entrega de comida no solo han amenazado la seguridad de los dem\u00e1s al conducir de manera imprudente en la carretera, sino que tambi\u00e9n han cometido actos de manipulaci\u00f3n de comida. Varios informes han encontrado que muchos conductores de entrega de comida han tenido<a href=\"https:\/\/www.npr.org\/2019\/07\/30\/746600105\/1-in213-927-3700food-delivery-drivers-admit-to-eating-your-food\"><strong> la tentaci\u00f3n de comer un refrigerio en el pedido de un cliente\u00a0<\/strong><\/a>mientras se dirig\u00edan a dejarlo. Seg\u00fan<a href=\"https:\/\/codes.findlaw.com\/ca\/penal-code\/pen-sect-347.html\"><strong> la ley de California<\/strong><\/a>, quienes intencionalmente agreguen veneno o sustancias da\u00f1inas a la comida o bebida de un cliente pueden enfrentar una sentencia de prisi\u00f3n de 2 a 5 a\u00f1os. Si el cliente sufre una enfermedad grave o muere a causa del pedido contaminado, al conductor de entrega de comida se le agregaron 3 a\u00f1os adicionales a su sentencia. Si el repartidor de comida escupe en la comida de un cliente, puede considerarse agresi\u00f3n. De acuerdo con el C\u00f3digo<a href=\"https:\/\/codes.findlaw.com\/ca\/penal-code\/pen-sect-242.html\"><strong> Penal de California 242<\/strong><\/a>, el conductor de entrega de comida probablemente enfrentar\u00e1 seis meses en la c\u00e1rcel del condado y una multa de $2,000.<\/p>\n<p>Si estuvo involucrado en un accidente de entrega de comida, los abogados litigantes de la costa oeste lo ayudar\u00e1n a obtener la justicia que merece por sus p\u00e9rdidas. Nuestros<strong> abogados de accidentes de entrega de comida en Long Beach<\/strong> tienen m\u00e1s de 60 a\u00f1os de experiencia legal colectiva en el manejo de casos de lesiones personales y conf\u00edan en que le daremos un buen resultado a su acuerdo. Con nuestro historial de recuperaci\u00f3n de m\u00e1s de $1 mil millones en acuerdos, hemos sido reconocidos como uno de los principales bufetes de abogados de lesiones personales en\u00a0<strong>Long Beach.\u00a0<\/strong><\/p>\n<p>Para programar una consulta gratuita y sin compromiso en nuestro\u00a0<strong>bufete de abogados de lesiones personales de Long Beach<\/strong>, comun\u00edquese con nuestro equipo legal las 24 horas, los 7 d\u00edas de la semana llamando al\u00a0<strong>213-927-3700\u00a0<\/strong>o enviando un correo electr\u00f3nico\u00a0<a href=\"mailto:info@westcoasttriallawyers.com\"><strong>a info@westcoasttriallawyers.com<\/strong><\/a><strong>.\u00a0<\/strong><\/p>\n<p><strong>Empleado de Entrega de Comida frente a Contratista Independiente<\/strong><\/p>\n<p>Los empleadores tienen el poder de proporcionar reglas y obligaciones estrictas para sus empleados. Cuanto m\u00e1s control tengas sobre la programaci\u00f3n y las horas de trabajo, es m\u00e1s probable que lo perciban como un empleado. Para obtener m\u00e1s aclaraciones sobre la categor\u00eda en la que puede caer un conductor de entrega de comida, lea sobre<strong>\u00a0<\/strong><a href=\"https:\/\/leginfo.legislature.ca.gov\/faces\/billTextClient.xhtml?bill_id=201920200AB5\"><strong>AB5<\/strong><\/a>. Este proyecto de ley brindar\u00e1 una explicaci\u00f3n detallada sobre c\u00f3mo clasificar correctamente a alguien que trabaja en una empresa de viajes compartidos.<\/p>\n<p>Es esencial comprender la clasificaci\u00f3n de empleado de un conductor de entrega de comida. Si est\u00e1 involucrado en un accidente de entrega de comida, la cantidad de da\u00f1os que puede recibir puede variar mucho seg\u00fan si el conductor de la entrega de comida era un empleado o un contratista independiente. Desafortunadamente, un reclamo de entrega de comida puede ser dif\u00edcil de abordar. Es com\u00fan que las empresas mientan acerca de que sus empleados son contratistas independientes para evitar caer en una demanda. En aquel entonces, esta t\u00e1ctica habr\u00eda evitado que los empleadores fueran responsables por la conducci\u00f3n imprudente de sus empleados. Sin embargo, debido a la aprobaci\u00f3n de AB5, las reglas han cambiado. Se recomienda comunicarse con un abogado con experiencia en accidentes de entrega de comida en Long Beach<strong>\u00a0<\/strong>para ayudarle a manejar un caso complejo como este.<\/p>\n<p><strong>P\u00f3lizas de Seguro de la Empresa de Entrega de Comida<\/strong><\/p>\n<p>Los conductores de entrega de comida pueden recibir cobertura de la empresa de entrega de comida para la que trabajan, dependiendo de si estaban en l\u00ednea cuando ocurri\u00f3 el accidente. Si se puede probar que el conductor de la entrega de comida estaba esperando una solicitud, se dirig\u00eda a recoger un pedido o se dirig\u00eda a dejar un pedido, entonces la empresa para la que trabaja le proporcionar\u00e1 una compensaci\u00f3n de que su seguro de autom\u00f3vil personal es incapaces de cubrir por s\u00ed mismos. A continuaci\u00f3n, analizaremos m\u00e1s en profundidad lo que cada empresa de entrega de comida tiene para ofrecer a sus conductores.<\/p>\n<ul>\n<li><a href=\"https:\/\/driver-support.grubhub.com\/hc\/en-us\/articles\/360058272311-What-is-occupational-accident-Insurance-\"><strong>Grubhub<\/strong><\/a><strong>\u00a0<\/strong>proporciona cobertura de seguro de accidentes de trabajo a sus conductores. Esto ofrecer\u00e1 cobertura por cualquier da\u00f1o causado por un accidente, como facturas m\u00e9dicas o salarios perdidos. El conductor debe haber estado en l\u00ednea y en el trabajo para recibir una compensaci\u00f3n de la empresa.<\/li>\n<li><strong>DoorDash\u00a0<\/strong>tambi\u00e9n ofrece cobertura de seguro de accidentes de trabajo a sus conductores. A los Dashers que se vean involucrados en un accidente en el trabajo se les puede otorgar cobertura para facturas m\u00e9dicas (m\u00e1ximo de $1,000,000 sin deducible ni copago), pagos por discapacidad (50 por ciento del salario semanal promedio hasta una asignaci\u00f3n m\u00e1xima de $500 cada semana menos otros ingresos) y pagos de sobrevivientes (m\u00e1ximo de $150,000 para dependientes calificados).<\/li>\n<li><a href=\"https:\/\/www.uber.com\/us\/en\/drive\/insurance\/\"><strong>UberEats<\/strong><\/a><strong>\u00a0<\/strong>cuenta con un seguro para sus conductores para cuando se vean involucrados en un accidente mientras esperan una solicitud de entrega, camino a recoger un pedido o se dirigen al domicilio del cliente. La compensaci\u00f3n puede variar seg\u00fan la tarea que estaba completando el conductor. Los conductores de entrega de comida que estuvieron involucrados en un accidente mientras esperaban una solicitud de entrega ser\u00e1n compensados \u200b\u200bsi su seguro de autom\u00f3vil personal no se aplica. La cobertura incluye $50,000 en lesiones corporales por persona, $100,000 en lesiones corporales por accidente y $25,000 en da\u00f1os a la propiedad por accidente. Los conductores de entrega de comida que estuvieron involucrados en un accidente mientras iban a recoger o dejar un pedido pueden recibir $1,000,000 de responsabilidad de terceros y cobertura de colisi\u00f3n integral contingente (hasta el valor real en efectivo del veh\u00edculo con un deducible de $2,500). Los veh\u00edculos que se proporcionaron a trav\u00e9s del Mercado de veh\u00edculos pueden estar sujetos a un deducible de $1,000.<\/li>\n<li><a href=\"https:\/\/postmatesbonus.com\/how-to-handle-an-accident-while-driving-postmates.html\"><strong>Postmates<\/strong><\/a> ofrece un seguro que compensar\u00e1 a su conductor si se vio involucrado en un accidente mientras esperaba una solicitud o completaba una tarea relacionada con el trabajo. La cobertura puede incluir un l\u00edmite de $1,000,000 por accidente por lesiones corporales y\/o da\u00f1os a la propiedad de terceros. Tambi\u00e9n se puede ofrecer responsabilidad general. Esto incluye un l\u00edmite de $1,000,000, que puede compensar a los ciclistas y peatones por lesiones a terceros y\/o da\u00f1os a la propiedad.<\/li>\n<\/ul>\n<p><strong>Cont\u00e1ctenos<\/strong><\/p>\n<p>Si usted o un ser querido estuvo involucrado en un accidente de entrega de comida,\u00a0<a href=\"\/\"><strong>Abogados de la Costa Oeste<\/strong><\/a><strong>\u00a0<\/strong>tiene habilidades<strong>\u00a0<\/strong>Abogados de accidentes de entrega de comida en Long Beach<strong>\u00a0<\/strong>eso lo ayudar\u00e1 a obtener la justicia y la compensaci\u00f3n que merece por sus p\u00e9rdidas.<\/p>\n<p>Para programar una consulta gratuita en nuestro bufete de abogados de lesiones personales de Long Beach, comun\u00edquese con nuestro equipo legal las 24 horas del d\u00eda, los 7 d\u00edas de la semana llamando al<strong> 213-927-3700<\/strong> o enviando un correo electr\u00f3nico\u00a0<a href=\"mailto:info@westcoasttriallawyers.com\">a\u00a0<strong>info@westcoasttriallawyers.com<\/strong><\/a><strong>.\u00a0<\/strong><br \/>\n<!-- WCTL_DEBUG: no shortcode in this_content --><\/p>\n","protected":false},"excerpt":{"rendered":"<p>\u00bfCu\u00e1l es la diferencia entre un empleado y un contratista independiente? Casi todas las ciudades de California se han familiarizado con los servicios de entrega de comida, incluida Long Beach. Las empresas m\u00e1s populares que aceptan las solicitudes de los usuarios para recoger y entregar comida son Postmates, Grubhub, UberEats y DoorDash. Estas empresas ofrecen [&hellip;]<\/p>\n","protected":false},"author":475,"featured_media":45913,"parent":47396,"menu_order":0,"comment_status":"closed","ping_status":"closed","template":"","meta":{"inline_featured_image":false,"footnotes":""},"class_list":["post-12871","page","type-page","status-publish","has-post-thumbnail","hentry"],"acf":[],"yoast_head":"<!-- This site is optimized with the Yoast SEO Premium plugin v26.0 (Yoast SEO v26.0) - https:\/\/yoast.com\/wordpress\/plugins\/seo\/ -->\n<title>Abogado de Accidentes de Entrega de Comida en Long Beach | West Coast Trial Lawyers<\/title>\n<meta name=\"robots\" content=\"index, follow, max-snippet:-1, max-image-preview:large, max-video-preview:-1\" \/>\n<link rel=\"canonical\" href=\"https:\/\/westcoasttriallawyers.com\/es\/california\/long-beach\/abogados-accidentes-entrega-comida-long-beach\" \/>\n<meta property=\"og:locale\" content=\"es_ES\" \/>\n<meta property=\"og:type\" content=\"article\" \/>\n<meta property=\"og:title\" content=\"Abogado de Accidentes de Entrega de Comida en Long Beach\" \/>\n<meta property=\"og:description\" content=\"\u00bfCu\u00e1l es la diferencia entre un empleado y un contratista independiente? Casi todas las ciudades de California se han familiarizado con los servicios de entrega de comida, incluida Long Beach. Las empresas m\u00e1s populares que aceptan las solicitudes de los usuarios para recoger y entregar comida son Postmates, Grubhub, UberEats y DoorDash. Estas empresas ofrecen [&hellip;]\" \/>\n<meta property=\"og:url\" content=\"https:\/\/westcoasttriallawyers.com\/es\/california\/long-beach\/abogados-accidentes-entrega-comida-long-beach\" \/>\n<meta property=\"og:site_name\" content=\"West Coast Trial Lawyers\" \/>\n<meta property=\"article:publisher\" content=\"https:\/\/www.facebook.com\/westcoasttriallawyers\/\" \/>\n<meta property=\"article:modified_time\" content=\"2026-01-23T19:19:18+00:00\" \/>\n<meta property=\"og:image\" content=\"https:\/\/westcoasttriallawyers.com\/wp-content\/uploads\/2025\/07\/u6829429588_Long_Beach_California_-v_7_4cd9c920-299b-417c-aaf0-e54bf70b12f7_0-1-7.webp\" \/>\n\t<meta property=\"og:image:width\" content=\"557\" \/>\n\t<meta property=\"og:image:height\" content=\"328\" \/>\n\t<meta property=\"og:image:type\" content=\"image\/webp\" \/>\n<meta name=\"twitter:card\" content=\"summary_large_image\" \/>\n<meta name=\"twitter:site\" content=\"@WestCoastTrial\" \/>\n<meta name=\"twitter:label1\" content=\"Tiempo de lectura\" \/>\n\t<meta name=\"twitter:data1\" content=\"7 minutos\" \/>\n<script type=\"application\/ld+json\" class=\"yoast-schema-graph\">{\"@context\":\"https:\/\/schema.org\",\"@graph\":[{\"@type\":[\"WebPage\",\"ItemPage\"],\"@id\":\"https:\/\/westcoasttriallawyers.com\/es\/california\/long-beach\/abogados-accidentes-entrega-comida-long-beach\",\"url\":\"https:\/\/westcoasttriallawyers.com\/es\/california\/long-beach\/abogados-accidentes-entrega-comida-long-beach\",\"name\":\"Abogado de Accidentes de Entrega de Comida en Long Beach | West Coast Trial Lawyers\",\"isPartOf\":{\"@id\":\"https:\/\/westcoasttriallawyers.com\/es#website\"},\"primaryImageOfPage\":{\"@id\":\"https:\/\/westcoasttriallawyers.com\/es\/california\/long-beach\/abogados-accidentes-entrega-comida-long-beach#primaryimage\"},\"image\":{\"@id\":\"https:\/\/westcoasttriallawyers.com\/es\/california\/long-beach\/abogados-accidentes-entrega-comida-long-beach#primaryimage\"},\"thumbnailUrl\":\"https:\/\/westcoasttriallawyers.com\/wp-content\/uploads\/2025\/07\/u6829429588_Long_Beach_California_-v_7_4cd9c920-299b-417c-aaf0-e54bf70b12f7_0-1-7.webp\",\"datePublished\":\"2026-01-13T23:41:18+00:00\",\"dateModified\":\"2026-01-23T19:19:18+00:00\",\"breadcrumb\":{\"@id\":\"https:\/\/westcoasttriallawyers.com\/es\/california\/long-beach\/abogados-accidentes-entrega-comida-long-beach#breadcrumb\"},\"inLanguage\":\"es\",\"potentialAction\":[{\"@type\":\"ReadAction\",\"target\":[\"https:\/\/westcoasttriallawyers.com\/es\/california\/long-beach\/abogados-accidentes-entrega-comida-long-beach\"]}]},{\"@type\":\"ImageObject\",\"inLanguage\":\"es\",\"@id\":\"https:\/\/westcoasttriallawyers.com\/es\/california\/long-beach\/abogados-accidentes-entrega-comida-long-beach#primaryimage\",\"url\":\"https:\/\/westcoasttriallawyers.com\/wp-content\/uploads\/2025\/07\/u6829429588_Long_Beach_California_-v_7_4cd9c920-299b-417c-aaf0-e54bf70b12f7_0-1-7.webp\",\"contentUrl\":\"https:\/\/westcoasttriallawyers.com\/wp-content\/uploads\/2025\/07\/u6829429588_Long_Beach_California_-v_7_4cd9c920-299b-417c-aaf0-e54bf70b12f7_0-1-7.webp\",\"width\":557,\"height\":328},{\"@type\":\"BreadcrumbList\",\"@id\":\"https:\/\/westcoasttriallawyers.com\/es\/california\/long-beach\/abogados-accidentes-entrega-comida-long-beach#breadcrumb\",\"itemListElement\":[{\"@type\":\"ListItem\",\"position\":1,\"name\":\"Inicio\",\"item\":\"https:\/\/westcoasttriallawyers.com\/es\"},{\"@type\":\"ListItem\",\"position\":2,\"name\":\"California\",\"item\":\"https:\/\/westcoasttriallawyers.com\/es\/california\"},{\"@type\":\"ListItem\",\"position\":3,\"name\":\"Long Beach\",\"item\":\"https:\/\/westcoasttriallawyers.com\/es\/california\/long-beach\"},{\"@type\":\"ListItem\",\"position\":4,\"name\":\"Abogado de Accidentes de Entrega de Comida en Long Beach\"}]},{\"@type\":\"WebSite\",\"@id\":\"https:\/\/westcoasttriallawyers.com\/es#website\",\"url\":\"https:\/\/westcoasttriallawyers.com\/es\",\"name\":\"West Coast Trial Lawyers\",\"description\":\"West Coast Trial Lawyers\",\"publisher\":{\"@id\":\"https:\/\/westcoasttriallawyers.com\/es#organization\"},\"alternateName\":\"WCTL\",\"potentialAction\":[{\"@type\":\"SearchAction\",\"target\":{\"@type\":\"EntryPoint\",\"urlTemplate\":\"https:\/\/westcoasttriallawyers.com\/es?s={search_term_string}\"},\"query-input\":{\"@type\":\"PropertyValueSpecification\",\"valueRequired\":true,\"valueName\":\"search_term_string\"}}],\"inLanguage\":\"es\"},{\"@type\":\"Organization\",\"@id\":\"https:\/\/westcoasttriallawyers.com\/es#organization\",\"name\":\"West Coast Trial Lawyers\",\"alternateName\":\"WCTL\",\"url\":\"https:\/\/westcoasttriallawyers.com\/es\",\"logo\":{\"@type\":\"ImageObject\",\"inLanguage\":\"es\",\"@id\":\"https:\/\/westcoasttriallawyers.com\/es#\/schema\/logo\/image\/\",\"url\":\"https:\/\/westcoasttriallawyers.com\/wp-content\/uploads\/2026\/02\/WCTL-Logo.jpg\",\"contentUrl\":\"https:\/\/westcoasttriallawyers.com\/wp-content\/uploads\/2026\/02\/WCTL-Logo.jpg\",\"width\":696,\"height\":696,\"caption\":\"West Coast Trial Lawyers\"},\"image\":{\"@id\":\"https:\/\/westcoasttriallawyers.com\/es#\/schema\/logo\/image\/\"},\"sameAs\":[\"https:\/\/www.facebook.com\/westcoasttriallawyers\/\",\"https:\/\/x.com\/WestCoastTrial\",\"https:\/\/www.linkedin.com\/company\/west-coast-trial-lawyers\/\",\"https:\/\/www.instagram.com\/westcoasttriallawyers\/\",\"https:\/\/www.yelp.com\/biz\/west-coast-trial-lawyers-los-angeles-2\",\"https:\/\/www.pinterest.com\/westcoasttrial\/\",\"https:\/\/www.youtube.com\/westcoasttriallawyersla\/\",\"https:\/\/www.tiktok.com\/westcoasttriallawyers\"],\"description\":\"West Coast Trial Lawyers is a top-rated personal injury law firm with a goal to provide expert legal representation to those in need. The law firm has offices across California, Nevada, Arizona, and Washington.\",\"legalName\":\"West Coast Trial Lawyers\"}]}<\/script>\n<!-- \/ Yoast SEO Premium plugin. -->","yoast_head_json":{"title":"Abogado de Accidentes de Entrega de Comida en Long Beach | West Coast Trial Lawyers","robots":{"index":"index","follow":"follow","max-snippet":"max-snippet:-1","max-image-preview":"max-image-preview:large","max-video-preview":"max-video-preview:-1"},"canonical":"https:\/\/westcoasttriallawyers.com\/es\/california\/long-beach\/abogados-accidentes-entrega-comida-long-beach","og_locale":"es_ES","og_type":"article","og_title":"Abogado de Accidentes de Entrega de Comida en Long Beach","og_description":"\u00bfCu\u00e1l es la diferencia entre un empleado y un contratista independiente? Casi todas las ciudades de California se han familiarizado con los servicios de entrega de comida, incluida Long Beach. Las empresas m\u00e1s populares que aceptan las solicitudes de los usuarios para recoger y entregar comida son Postmates, Grubhub, UberEats y DoorDash. Estas empresas ofrecen [&hellip;]","og_url":"https:\/\/westcoasttriallawyers.com\/es\/california\/long-beach\/abogados-accidentes-entrega-comida-long-beach","og_site_name":"West Coast Trial Lawyers","article_publisher":"https:\/\/www.facebook.com\/westcoasttriallawyers\/","article_modified_time":"2026-01-23T19:19:18+00:00","og_image":[{"width":557,"height":328,"url":"https:\/\/westcoasttriallawyers.com\/wp-content\/uploads\/2025\/07\/u6829429588_Long_Beach_California_-v_7_4cd9c920-299b-417c-aaf0-e54bf70b12f7_0-1-7.webp","type":"image\/webp"}],"twitter_card":"summary_large_image","twitter_site":"@WestCoastTrial","twitter_misc":{"Tiempo de lectura":"7 minutos"},"schema":{"@context":"https:\/\/schema.org","@graph":[{"@type":["WebPage","ItemPage"],"@id":"https:\/\/westcoasttriallawyers.com\/es\/california\/long-beach\/abogados-accidentes-entrega-comida-long-beach","url":"https:\/\/westcoasttriallawyers.com\/es\/california\/long-beach\/abogados-accidentes-entrega-comida-long-beach","name":"Abogado de Accidentes de Entrega de Comida en Long Beach | West Coast Trial Lawyers","isPartOf":{"@id":"https:\/\/westcoasttriallawyers.com\/es#website"},"primaryImageOfPage":{"@id":"https:\/\/westcoasttriallawyers.com\/es\/california\/long-beach\/abogados-accidentes-entrega-comida-long-beach#primaryimage"},"image":{"@id":"https:\/\/westcoasttriallawyers.com\/es\/california\/long-beach\/abogados-accidentes-entrega-comida-long-beach#primaryimage"},"thumbnailUrl":"https:\/\/westcoasttriallawyers.com\/wp-content\/uploads\/2025\/07\/u6829429588_Long_Beach_California_-v_7_4cd9c920-299b-417c-aaf0-e54bf70b12f7_0-1-7.webp","datePublished":"2026-01-13T23:41:18+00:00","dateModified":"2026-01-23T19:19:18+00:00","breadcrumb":{"@id":"https:\/\/westcoasttriallawyers.com\/es\/california\/long-beach\/abogados-accidentes-entrega-comida-long-beach#breadcrumb"},"inLanguage":"es","potentialAction":[{"@type":"ReadAction","target":["https:\/\/westcoasttriallawyers.com\/es\/california\/long-beach\/abogados-accidentes-entrega-comida-long-beach"]}]},{"@type":"ImageObject","inLanguage":"es","@id":"https:\/\/westcoasttriallawyers.com\/es\/california\/long-beach\/abogados-accidentes-entrega-comida-long-beach#primaryimage","url":"https:\/\/westcoasttriallawyers.com\/wp-content\/uploads\/2025\/07\/u6829429588_Long_Beach_California_-v_7_4cd9c920-299b-417c-aaf0-e54bf70b12f7_0-1-7.webp","contentUrl":"https:\/\/westcoasttriallawyers.com\/wp-content\/uploads\/2025\/07\/u6829429588_Long_Beach_California_-v_7_4cd9c920-299b-417c-aaf0-e54bf70b12f7_0-1-7.webp","width":557,"height":328},{"@type":"BreadcrumbList","@id":"https:\/\/westcoasttriallawyers.com\/es\/california\/long-beach\/abogados-accidentes-entrega-comida-long-beach#breadcrumb","itemListElement":[{"@type":"ListItem","position":1,"name":"Inicio","item":"https:\/\/westcoasttriallawyers.com\/es"},{"@type":"ListItem","position":2,"name":"California","item":"https:\/\/westcoasttriallawyers.com\/es\/california"},{"@type":"ListItem","position":3,"name":"Long Beach","item":"https:\/\/westcoasttriallawyers.com\/es\/california\/long-beach"},{"@type":"ListItem","position":4,"name":"Abogado de Accidentes de Entrega de Comida en Long Beach"}]},{"@type":"WebSite","@id":"https:\/\/westcoasttriallawyers.com\/es#website","url":"https:\/\/westcoasttriallawyers.com\/es","name":"West Coast Trial Lawyers","description":"West Coast Trial Lawyers","publisher":{"@id":"https:\/\/westcoasttriallawyers.com\/es#organization"},"alternateName":"WCTL","potentialAction":[{"@type":"SearchAction","target":{"@type":"EntryPoint","urlTemplate":"https:\/\/westcoasttriallawyers.com\/es?s={search_term_string}"},"query-input":{"@type":"PropertyValueSpecification","valueRequired":true,"valueName":"search_term_string"}}],"inLanguage":"es"},{"@type":"Organization","@id":"https:\/\/westcoasttriallawyers.com\/es#organization","name":"West Coast Trial Lawyers","alternateName":"WCTL","url":"https:\/\/westcoasttriallawyers.com\/es","logo":{"@type":"ImageObject","inLanguage":"es","@id":"https:\/\/westcoasttriallawyers.com\/es#\/schema\/logo\/image\/","url":"https:\/\/westcoasttriallawyers.com\/wp-content\/uploads\/2026\/02\/WCTL-Logo.jpg","contentUrl":"https:\/\/westcoasttriallawyers.com\/wp-content\/uploads\/2026\/02\/WCTL-Logo.jpg","width":696,"height":696,"caption":"West Coast Trial Lawyers"},"image":{"@id":"https:\/\/westcoasttriallawyers.com\/es#\/schema\/logo\/image\/"},"sameAs":["https:\/\/www.facebook.com\/westcoasttriallawyers\/","https:\/\/x.com\/WestCoastTrial","https:\/\/www.linkedin.com\/company\/west-coast-trial-lawyers\/","https:\/\/www.instagram.com\/westcoasttriallawyers\/","https:\/\/www.yelp.com\/biz\/west-coast-trial-lawyers-los-angeles-2","https:\/\/www.pinterest.com\/westcoasttrial\/","https:\/\/www.youtube.com\/westcoasttriallawyersla\/","https:\/\/www.tiktok.com\/westcoasttriallawyers"],"description":"West Coast Trial Lawyers is a top-rated personal injury law firm with a goal to provide expert legal representation to those in need. The law firm has offices across California, Nevada, Arizona, and Washington.","legalName":"West Coast Trial Lawyers"}]}},"_links":{"self":[{"href":"https:\/\/westcoasttriallawyers.com\/es\/wp-json\/wp\/v2\/pages\/12871","targetHints":{"allow":["GET"]}}],"collection":[{"href":"https:\/\/westcoasttriallawyers.com\/es\/wp-json\/wp\/v2\/pages"}],"about":[{"href":"https:\/\/westcoasttriallawyers.com\/es\/wp-json\/wp\/v2\/types\/page"}],"author":[{"embeddable":true,"href":"https:\/\/westcoasttriallawyers.com\/es\/wp-json\/wp\/v2\/users\/475"}],"replies":[{"embeddable":true,"href":"https:\/\/westcoasttriallawyers.com\/es\/wp-json\/wp\/v2\/comments?post=12871"}],"version-history":[{"count":4,"href":"https:\/\/westcoasttriallawyers.com\/es\/wp-json\/wp\/v2\/pages\/12871\/revisions"}],"predecessor-version":[{"id":48107,"href":"https:\/\/westcoasttriallawyers.com\/es\/wp-json\/wp\/v2\/pages\/12871\/revisions\/48107"}],"up":[{"embeddable":true,"href":"https:\/\/westcoasttriallawyers.com\/es\/wp-json\/wp\/v2\/pages\/47396"}],"wp:featuredmedia":[{"embeddable":true,"href":"https:\/\/westcoasttriallawyers.com\/es\/wp-json\/wp\/v2\/media\/45913"}],"wp:attachment":[{"href":"https:\/\/westcoasttriallawyers.com\/es\/wp-json\/wp\/v2\/media?parent=12871"}],"curies":[{"name":"wp","href":"https:\/\/api.w.org\/{rel}","templated":true}]}}