{"id":12870,"date":"2026-01-13T23:41:25","date_gmt":"2026-01-13T23:41:25","guid":{"rendered":"https:\/\/wctl1stg.wpengine.com\/?page_id=12870"},"modified":"2026-01-21T13:27:16","modified_gmt":"2026-01-21T13:27:16","slug":"abogado-de-accidentes-de-uber-y-lyft-en-long-beach","status":"publish","type":"page","link":"https:\/\/westcoasttriallawyers.com\/es\/california\/long-beach\/abogado-de-accidentes-de-uber-y-lyft-en-long-beach","title":{"rendered":"Abogado de Accidentes de Uber y Lyft en Long Beach"},"content":{"rendered":"<h2><strong>\u00bfCu\u00e1les son Algunos de los Temores Comunes que tienen los Pasajeros de Viajes Compartidos Cuando usan Uber o Lyft? \u00a0<\/strong><\/h2>\n<p>Uber y Lyft son servicios populares de viajes compartidos que facilitan que los usuarios viajen sin necesidad de hacerlo ellos mismos. Estas dos empresas de viajes compartidos brindan a los usuarios una aplicaci\u00f3n para acceder a sus servicios. La aplicaci\u00f3n ofrece un GPS que indica a qu\u00e9 horas el conductor lo recoger\u00e1 y lo dejar\u00e1. Tambi\u00e9n te da el total del viaje. Por \u00faltimo, se le pedir\u00e1 que califique al conductor seg\u00fan la experiencia que tuvo con sus servicios.<\/p>\n<p>Dado que<strong> Long Beach<\/strong> es una ciudad tan densamente poblada, muchas personas pueden recurrir a Uber o Lyft para sortear el tr\u00e1fico. Sin embargo, hay quienes temen por su seguridad al ingresar al veh\u00edculo de un extra\u00f1o. Con m\u00faltiples reportes de accidentes y asalto casos, es comprensible que las personas tengan una segunda opini\u00f3n sobre la idea de solicitar un conductor de Uber o Lyft para que los recoja.\u00a0<\/p>\n<p>Si fue v\u00edctima de un accidente de Uber o Lyft y desea presentar una demanda contra la parte culpable, West Coast Trial Lawyers tiene<strong> abogados de accidentes de Uber y Lyft en Long Beach\u00a0<\/strong>con m\u00e1s de 60 a\u00f1os de experiencia legal colectiva en el manejo de casos de lesiones personales. . Hemos ganado m\u00e1s de 5,000 casos y recuperado m\u00e1s de $1,000 millones en acuerdos para nuestros clientes. Debido a nuestros logros, hemos sido clasificados como uno de los mejores bufetes de abogados de lesiones personales en Long Beach.\u00a0<\/p>\n<p>Para programar una consulta gratuita y sin compromiso en nuestro\u00a0<strong>bufete de abogados de lesiones personales de Long Beach<\/strong>, comun\u00edquese con nuestro equipo legal las 24 horas, los 7 d\u00edas de la semana llamando al\u00a0<strong>213-927-3700<\/strong> o enviando un correo electr\u00f3nico\u00a0<a href=\"mailto:info@westcoasttriallawyers.com\"><strong>a info@westcoasttriallawyers.com<\/strong><\/a>.\u00a0<\/p>\n<p><strong>Miedos Comunes de los Servicios de Viajes Compartidos<\/strong><\/p>\n<p>Como se mencion\u00f3 anteriormente, muchas personas tienen miedo de usar Uber o Lyft debido al desconocimiento de lo que podr\u00eda pasar si pisan el veh\u00edculo de un extra\u00f1o.\u00a0<a href=\"https:\/\/www.uber.com\/us\/en\/about\/reports\/us-safety-report\/\"><strong>Uber<\/strong><\/a><strong>\u00a0<\/strong>y\u00a0<a href=\"https:\/\/assets.ctfassets.net\/q8mvene1wzq4\/4jxkFTH5YCQK8T96STULMd\/4269e14dbcb8578ff64da45df08b8147\/Community_Safety_Report.pdf\"><strong>Lyft\u00a0<\/strong><\/a>han publicado informes de seguridad que indican accidentes automovil\u00edsticos anteriores y casos de agresi\u00f3n que han dejado a las personas sinti\u00e9ndose inc\u00f3modas. Tambi\u00e9n hay varios otros factores que han contribuido al temor de usar Uber o Lyft como medio de transporte. A continuaci\u00f3n, hablaremos de cada uno.\u00a0<\/p>\n<ul>\n<li><strong>Conductor sin experiencia.\u00a0<\/strong>Un conductor de Uber o Lyft sin experiencia puede identificarse como alguien que tiene poca o ninguna experiencia en la conducci\u00f3n de un veh\u00edculo o en el uso de un GPS para navegar hasta la direcci\u00f3n de recogida o entrega de un pasajero. Estos conductores a menudo pueden causar inconvenientes a los pasajeros que tienen prisa por llegar a tiempo a un lugar determinado. Adem\u00e1s, con la falta de experiencia de conducci\u00f3n, es probable que el conductor se vea involucrado en un accidente.\u00a0<\/li>\n<li><strong>Conductor intoxicado.<\/strong> Puede ser muy peligroso para un pasajero subirse al veh\u00edculo de un conductor ebrio. El conductor no solo est\u00e1 mental y f\u00edsicamente incapacitado para conducir un veh\u00edculo, sino que tambi\u00e9n podr\u00eda agredir al conductor. Si siente que su conductor est\u00e1 bajo la influencia de drogas o alcohol, debe acortar su viaje por su propia seguridad.<\/li>\n<li><strong>Agresi\u00f3n sexual.\u00a0 <\/strong>Desafortunadamente, muchas mujeres viajeras han sido v\u00edctimas de agresi\u00f3n sexual por parte de un conductor de Uber o Lyft.\u00a0<a href=\"https:\/\/www.nytimes.com\/2019\/12\/05\/technology\/uber-sexual-assaults-murders-deaths-safety.html\"><strong>Uber ha publicado un comunicado<\/strong><\/a><strong>\u00a0<\/strong>confirmando informes de agresi\u00f3n f\u00edsica o sexual informando al p\u00fablico que se informaron casi 3,045 agresiones sexuales en los Estados Unidos. Lyft tambi\u00e9n ha publicado un comunicado que muestra m\u00e1s de\u00a0<a href=\"https:\/\/www.theguardian.com\/technology\/2021\/oct\/22\/lyft-sexual-assault-reports-uber-ridesharing\"><strong>4.000 denuncias de agresiones sexuales.<\/strong><\/a><strong>\u00a0<\/strong>ocurrido en viajes que tuvieron lugar entre 2017 y 2019. Estos hechos impactantes han influido en que muchas personas se mantengan alejadas de los servicios de viajes compartidos para evitar ser la pr\u00f3xima v\u00edctima.<\/li>\n<li><strong>Otros jinetes.\u00a0<\/strong>UberPool y Lyft Shared son servicios que permiten a los pasajeros compartir un veh\u00edculo con otros para ahorrar algo de dinero. Los pasajeros pueden ponerse ansiosos o nerviosos al usar cualquiera de los servicios, ya que no saben qu\u00e9 tipo de persona puede estar ingresando al veh\u00edculo. Si se trata de alguien agresivo o abusivo, podr\u00eda dar lugar a un altercado f\u00edsico que podr\u00eda perjudicar gravemente a quienes se encuentran en el veh\u00edculo. Tambi\u00e9n podr\u00eda ser alguien que quiera cometer una agresi\u00f3n o acoso sexual que dejar\u00e1 a todos en el veh\u00edculo en una situaci\u00f3n peligrosa.<\/li>\n<li><strong>Una<\/strong> vez que est\u00e9 en el veh\u00edculo del conductor de Uber o Lyft, est\u00e1 depositando su confianza en ellos para asegurarse de que lo lleven a su destino de manera segura. Desafortunadamente, un conductor negligente o un conductor de viaje compartido puede incumplir su deber de cuidado y causar un accidente. Se recomienda encarecidamente a aquellos que est\u00e1n involucrados en un accidente de viaje compartido en Long Beach que se comuniquen con un abogado con experiencia en accidentes de Uber y Lyft que luchar\u00e1 para que la v\u00edctima obtenga la justicia y la compensaci\u00f3n que merece por sus p\u00e9rdidas.\u00a0<\/li>\n<\/ul>\n<p>Los conductores de viajes compartidos tambi\u00e9n han desarrollado el temor de permitir que extra\u00f1os entren en sus veh\u00edculos. Ha habido muchos informes de conductores que han sufrido\u00a0<a href=\"https:\/\/www.vox.com\/2019\/12\/7\/20998646\/uber-safety-report-sexual-assault-lyft-cases\"><strong>agresiones f\u00edsicas y sexuales<\/strong><\/a><strong>\u00a0<\/strong>de un jinete. Muchos conductores informaron que los ciclistas parec\u00edan estar bajo la influencia de drogas o alcohol, mientras que otros mencionaron que el ciclista parec\u00eda completamente sobrio. Desafortunadamente, muchas personas que tienen problemas de ira intentar\u00e1n desquitarse con alguien para hacer frente a sus problemas. Independientemente, infligir da\u00f1o f\u00edsico a alguien\u00a0<strong>nunca est\u00e1 bien<\/strong>. Los conductores de viajes compartidos no solo temen por su seguridad, sino que tambi\u00e9n pueden tener otras cosas de qu\u00e9 preocuparse. Esto incluye lo siguiente:<\/p>\n<ul>\n<li><strong>Llegar a la direcci\u00f3n a tiempo.\u00a0<\/strong>Una vez que un conductor acepta una solicitud de viaje, se espera que llegue a la direcci\u00f3n del pasajero a tiempo. Llegar tarde podr\u00eda ser perjudicial para su calificaci\u00f3n, lo que podr\u00eda aumentar la probabilidad de que los despidan si contin\u00faan abraz\u00e1ndose a tiempo. Muchos conductores de viajes compartidos conf\u00edan en trabajar para Uber o Lyft para ganar dinero adicional para pagar las facturas. Si pierden su trabajo, puede dejarlos en una carga financiera.\u00a0<\/li>\n<li><strong>Dirigirse a un lugar inseguro.<\/strong> Los conductores a los que se les da una direcci\u00f3n de un lugar que se sabe que tiene mala actividad se sentir\u00e1n inseguros y temerosos.\u00a0<\/li>\n<li><strong>Entrar en un accidente.\u00a0<\/strong>Los conductores de Uber y Lyft viajan con m\u00e1s frecuencia que un conductor normal. Dado que su trabajo requiere que conduzcan todo el d\u00eda, tendr\u00e1n una mayor probabilidad de verse involucrados en un accidente automovil\u00edstico.\u00a0<\/li>\n<\/ul>\n<p><strong>Cont\u00e1ctenos<\/strong><\/p>\n<p>Si usted es v\u00edctima de un accidente de Uber o Lyft debido a la negligencia de otra persona, nuestros abogados experimentados en accidentes de Uber o Lyft en Long Beach en\u00a0<a href=\"\/\"><strong>Los Abogados de la Costa Oeste<\/strong><\/a> siempre est\u00e1n disponibles para brindarle asistencia legal. Lo guiaremos a trav\u00e9s del proceso de presentaci\u00f3n de un reclamo por lesiones personales y lo ayudaremos a recuperar da\u00f1os, como facturas m\u00e9dicas, salarios perdidos, dolor y sufrimiento, y m\u00e1s.\u00a0\u00a0<\/p>\n<p>Para programar una consulta gratuita en nuestro<strong>\u00a0<\/strong>Bufete de abogados de lesiones personales de Long Beach, comun\u00edquese con nuestro equipo legal las 24 horas, los 7 d\u00edas de la semana llamando al<strong> 213-927-3700<\/strong> o enviando un correo electr\u00f3nico\u00a0<a href=\"mailto:info@westcoasttriallawyers.com\">a\u00a0<strong>info@westcoasttriallawyers.com<\/strong><\/a><strong>.\u00a0<\/strong><\/p>\n<p><!-- WCTL_DEBUG: no shortcode in this_content --><\/p>\n","protected":false},"excerpt":{"rendered":"<p>\u00bfCu\u00e1les son Algunos de los Temores Comunes que tienen los Pasajeros de Viajes Compartidos Cuando usan Uber o Lyft? \u00a0 Uber y Lyft son servicios populares de viajes compartidos que facilitan que los usuarios viajen sin necesidad de hacerlo ellos mismos. Estas dos empresas de viajes compartidos brindan a los usuarios una aplicaci\u00f3n para acceder [&hellip;]<\/p>\n","protected":false},"author":475,"featured_media":45948,"parent":47396,"menu_order":0,"comment_status":"closed","ping_status":"closed","template":"","meta":{"inline_featured_image":false,"footnotes":""},"class_list":["post-12870","page","type-page","status-publish","has-post-thumbnail","hentry"],"acf":[],"yoast_head":"<!-- This site is optimized with the Yoast SEO Premium plugin v26.0 (Yoast SEO v26.0) - https:\/\/yoast.com\/wordpress\/plugins\/seo\/ -->\n<title>Abogado de Accidentes de Uber y Lyft en Long Beach | West Coast Trial Lawyers<\/title>\n<meta name=\"robots\" content=\"index, follow, max-snippet:-1, max-image-preview:large, max-video-preview:-1\" \/>\n<link rel=\"canonical\" href=\"https:\/\/westcoasttriallawyers.com\/es\/california\/long-beach\/abogado-de-accidentes-de-uber-y-lyft-en-long-beach\" \/>\n<meta property=\"og:locale\" content=\"es_ES\" \/>\n<meta property=\"og:type\" content=\"article\" \/>\n<meta property=\"og:title\" content=\"Abogado de Accidentes de Uber y Lyft en Long Beach\" \/>\n<meta property=\"og:description\" content=\"\u00bfCu\u00e1les son Algunos de los Temores Comunes que tienen los Pasajeros de Viajes Compartidos Cuando usan Uber o Lyft? \u00a0 Uber y Lyft son servicios populares de viajes compartidos que facilitan que los usuarios viajen sin necesidad de hacerlo ellos mismos. Estas dos empresas de viajes compartidos brindan a los usuarios una aplicaci\u00f3n para acceder [&hellip;]\" \/>\n<meta property=\"og:url\" content=\"https:\/\/westcoasttriallawyers.com\/es\/california\/long-beach\/abogado-de-accidentes-de-uber-y-lyft-en-long-beach\" \/>\n<meta property=\"og:site_name\" content=\"West Coast Trial Lawyers\" \/>\n<meta property=\"article:publisher\" content=\"https:\/\/www.facebook.com\/westcoasttriallawyers\/\" \/>\n<meta property=\"article:modified_time\" content=\"2026-01-21T13:27:16+00:00\" \/>\n<meta property=\"og:image\" content=\"https:\/\/westcoasttriallawyers.com\/wp-content\/uploads\/2025\/07\/u6829429588_Long_Beach_California_-v_7_4cd9c920-299b-417c-aaf0-e54bf70b12f7_0-1-21.webp\" \/>\n\t<meta property=\"og:image:width\" content=\"557\" \/>\n\t<meta property=\"og:image:height\" content=\"328\" \/>\n\t<meta property=\"og:image:type\" content=\"image\/webp\" \/>\n<meta name=\"twitter:card\" content=\"summary_large_image\" \/>\n<meta name=\"twitter:site\" content=\"@WestCoastTrial\" \/>\n<meta name=\"twitter:label1\" content=\"Tiempo de lectura\" \/>\n\t<meta name=\"twitter:data1\" content=\"6 minutos\" \/>\n<script type=\"application\/ld+json\" class=\"yoast-schema-graph\">{\"@context\":\"https:\/\/schema.org\",\"@graph\":[{\"@type\":[\"WebPage\",\"ItemPage\"],\"@id\":\"https:\/\/westcoasttriallawyers.com\/es\/california\/long-beach\/abogado-de-accidentes-de-uber-y-lyft-en-long-beach\",\"url\":\"https:\/\/westcoasttriallawyers.com\/es\/california\/long-beach\/abogado-de-accidentes-de-uber-y-lyft-en-long-beach\",\"name\":\"Abogado de Accidentes de Uber y Lyft en Long Beach | West Coast Trial Lawyers\",\"isPartOf\":{\"@id\":\"https:\/\/westcoasttriallawyers.com\/es#website\"},\"primaryImageOfPage\":{\"@id\":\"https:\/\/westcoasttriallawyers.com\/es\/california\/long-beach\/abogado-de-accidentes-de-uber-y-lyft-en-long-beach#primaryimage\"},\"image\":{\"@id\":\"https:\/\/westcoasttriallawyers.com\/es\/california\/long-beach\/abogado-de-accidentes-de-uber-y-lyft-en-long-beach#primaryimage\"},\"thumbnailUrl\":\"https:\/\/westcoasttriallawyers.com\/wp-content\/uploads\/2025\/07\/u6829429588_Long_Beach_California_-v_7_4cd9c920-299b-417c-aaf0-e54bf70b12f7_0-1-21.webp\",\"datePublished\":\"2026-01-13T23:41:25+00:00\",\"dateModified\":\"2026-01-21T13:27:16+00:00\",\"breadcrumb\":{\"@id\":\"https:\/\/westcoasttriallawyers.com\/es\/california\/long-beach\/abogado-de-accidentes-de-uber-y-lyft-en-long-beach#breadcrumb\"},\"inLanguage\":\"es\",\"potentialAction\":[{\"@type\":\"ReadAction\",\"target\":[\"https:\/\/westcoasttriallawyers.com\/es\/california\/long-beach\/abogado-de-accidentes-de-uber-y-lyft-en-long-beach\"]}]},{\"@type\":\"ImageObject\",\"inLanguage\":\"es\",\"@id\":\"https:\/\/westcoasttriallawyers.com\/es\/california\/long-beach\/abogado-de-accidentes-de-uber-y-lyft-en-long-beach#primaryimage\",\"url\":\"https:\/\/westcoasttriallawyers.com\/wp-content\/uploads\/2025\/07\/u6829429588_Long_Beach_California_-v_7_4cd9c920-299b-417c-aaf0-e54bf70b12f7_0-1-21.webp\",\"contentUrl\":\"https:\/\/westcoasttriallawyers.com\/wp-content\/uploads\/2025\/07\/u6829429588_Long_Beach_California_-v_7_4cd9c920-299b-417c-aaf0-e54bf70b12f7_0-1-21.webp\",\"width\":557,\"height\":328},{\"@type\":\"BreadcrumbList\",\"@id\":\"https:\/\/westcoasttriallawyers.com\/es\/california\/long-beach\/abogado-de-accidentes-de-uber-y-lyft-en-long-beach#breadcrumb\",\"itemListElement\":[{\"@type\":\"ListItem\",\"position\":1,\"name\":\"Inicio\",\"item\":\"https:\/\/westcoasttriallawyers.com\/es\"},{\"@type\":\"ListItem\",\"position\":2,\"name\":\"California\",\"item\":\"https:\/\/westcoasttriallawyers.com\/es\/california\"},{\"@type\":\"ListItem\",\"position\":3,\"name\":\"Long Beach\",\"item\":\"https:\/\/westcoasttriallawyers.com\/es\/california\/long-beach\"},{\"@type\":\"ListItem\",\"position\":4,\"name\":\"Abogado de Accidentes de Uber y Lyft en Long Beach\"}]},{\"@type\":\"WebSite\",\"@id\":\"https:\/\/westcoasttriallawyers.com\/es#website\",\"url\":\"https:\/\/westcoasttriallawyers.com\/es\",\"name\":\"West Coast Trial Lawyers\",\"description\":\"West Coast Trial Lawyers\",\"publisher\":{\"@id\":\"https:\/\/westcoasttriallawyers.com\/es#organization\"},\"alternateName\":\"WCTL\",\"potentialAction\":[{\"@type\":\"SearchAction\",\"target\":{\"@type\":\"EntryPoint\",\"urlTemplate\":\"https:\/\/westcoasttriallawyers.com\/es?s={search_term_string}\"},\"query-input\":{\"@type\":\"PropertyValueSpecification\",\"valueRequired\":true,\"valueName\":\"search_term_string\"}}],\"inLanguage\":\"es\"},{\"@type\":\"Organization\",\"@id\":\"https:\/\/westcoasttriallawyers.com\/es#organization\",\"name\":\"West Coast Trial Lawyers\",\"alternateName\":\"WCTL\",\"url\":\"https:\/\/westcoasttriallawyers.com\/es\",\"logo\":{\"@type\":\"ImageObject\",\"inLanguage\":\"es\",\"@id\":\"https:\/\/westcoasttriallawyers.com\/es#\/schema\/logo\/image\/\",\"url\":\"https:\/\/westcoasttriallawyers.com\/wp-content\/uploads\/2026\/02\/WCTL-Logo.jpg\",\"contentUrl\":\"https:\/\/westcoasttriallawyers.com\/wp-content\/uploads\/2026\/02\/WCTL-Logo.jpg\",\"width\":696,\"height\":696,\"caption\":\"West Coast Trial Lawyers\"},\"image\":{\"@id\":\"https:\/\/westcoasttriallawyers.com\/es#\/schema\/logo\/image\/\"},\"sameAs\":[\"https:\/\/www.facebook.com\/westcoasttriallawyers\/\",\"https:\/\/x.com\/WestCoastTrial\",\"https:\/\/www.linkedin.com\/company\/west-coast-trial-lawyers\/\",\"https:\/\/www.instagram.com\/westcoasttriallawyers\/\",\"https:\/\/www.yelp.com\/biz\/west-coast-trial-lawyers-los-angeles-2\",\"https:\/\/www.pinterest.com\/westcoasttrial\/\",\"https:\/\/www.youtube.com\/westcoasttriallawyersla\/\",\"https:\/\/www.tiktok.com\/westcoasttriallawyers\"],\"description\":\"West Coast Trial Lawyers is a top-rated personal injury law firm with a goal to provide expert legal representation to those in need. The law firm has offices across California, Nevada, Arizona, and Washington.\",\"legalName\":\"West Coast Trial Lawyers\"}]}<\/script>\n<!-- \/ Yoast SEO Premium plugin. -->","yoast_head_json":{"title":"Abogado de Accidentes de Uber y Lyft en Long Beach | West Coast Trial Lawyers","robots":{"index":"index","follow":"follow","max-snippet":"max-snippet:-1","max-image-preview":"max-image-preview:large","max-video-preview":"max-video-preview:-1"},"canonical":"https:\/\/westcoasttriallawyers.com\/es\/california\/long-beach\/abogado-de-accidentes-de-uber-y-lyft-en-long-beach","og_locale":"es_ES","og_type":"article","og_title":"Abogado de Accidentes de Uber y Lyft en Long Beach","og_description":"\u00bfCu\u00e1les son Algunos de los Temores Comunes que tienen los Pasajeros de Viajes Compartidos Cuando usan Uber o Lyft? \u00a0 Uber y Lyft son servicios populares de viajes compartidos que facilitan que los usuarios viajen sin necesidad de hacerlo ellos mismos. Estas dos empresas de viajes compartidos brindan a los usuarios una aplicaci\u00f3n para acceder [&hellip;]","og_url":"https:\/\/westcoasttriallawyers.com\/es\/california\/long-beach\/abogado-de-accidentes-de-uber-y-lyft-en-long-beach","og_site_name":"West Coast Trial Lawyers","article_publisher":"https:\/\/www.facebook.com\/westcoasttriallawyers\/","article_modified_time":"2026-01-21T13:27:16+00:00","og_image":[{"width":557,"height":328,"url":"https:\/\/westcoasttriallawyers.com\/wp-content\/uploads\/2025\/07\/u6829429588_Long_Beach_California_-v_7_4cd9c920-299b-417c-aaf0-e54bf70b12f7_0-1-21.webp","type":"image\/webp"}],"twitter_card":"summary_large_image","twitter_site":"@WestCoastTrial","twitter_misc":{"Tiempo de lectura":"6 minutos"},"schema":{"@context":"https:\/\/schema.org","@graph":[{"@type":["WebPage","ItemPage"],"@id":"https:\/\/westcoasttriallawyers.com\/es\/california\/long-beach\/abogado-de-accidentes-de-uber-y-lyft-en-long-beach","url":"https:\/\/westcoasttriallawyers.com\/es\/california\/long-beach\/abogado-de-accidentes-de-uber-y-lyft-en-long-beach","name":"Abogado de Accidentes de Uber y Lyft en Long Beach | West Coast Trial Lawyers","isPartOf":{"@id":"https:\/\/westcoasttriallawyers.com\/es#website"},"primaryImageOfPage":{"@id":"https:\/\/westcoasttriallawyers.com\/es\/california\/long-beach\/abogado-de-accidentes-de-uber-y-lyft-en-long-beach#primaryimage"},"image":{"@id":"https:\/\/westcoasttriallawyers.com\/es\/california\/long-beach\/abogado-de-accidentes-de-uber-y-lyft-en-long-beach#primaryimage"},"thumbnailUrl":"https:\/\/westcoasttriallawyers.com\/wp-content\/uploads\/2025\/07\/u6829429588_Long_Beach_California_-v_7_4cd9c920-299b-417c-aaf0-e54bf70b12f7_0-1-21.webp","datePublished":"2026-01-13T23:41:25+00:00","dateModified":"2026-01-21T13:27:16+00:00","breadcrumb":{"@id":"https:\/\/westcoasttriallawyers.com\/es\/california\/long-beach\/abogado-de-accidentes-de-uber-y-lyft-en-long-beach#breadcrumb"},"inLanguage":"es","potentialAction":[{"@type":"ReadAction","target":["https:\/\/westcoasttriallawyers.com\/es\/california\/long-beach\/abogado-de-accidentes-de-uber-y-lyft-en-long-beach"]}]},{"@type":"ImageObject","inLanguage":"es","@id":"https:\/\/westcoasttriallawyers.com\/es\/california\/long-beach\/abogado-de-accidentes-de-uber-y-lyft-en-long-beach#primaryimage","url":"https:\/\/westcoasttriallawyers.com\/wp-content\/uploads\/2025\/07\/u6829429588_Long_Beach_California_-v_7_4cd9c920-299b-417c-aaf0-e54bf70b12f7_0-1-21.webp","contentUrl":"https:\/\/westcoasttriallawyers.com\/wp-content\/uploads\/2025\/07\/u6829429588_Long_Beach_California_-v_7_4cd9c920-299b-417c-aaf0-e54bf70b12f7_0-1-21.webp","width":557,"height":328},{"@type":"BreadcrumbList","@id":"https:\/\/westcoasttriallawyers.com\/es\/california\/long-beach\/abogado-de-accidentes-de-uber-y-lyft-en-long-beach#breadcrumb","itemListElement":[{"@type":"ListItem","position":1,"name":"Inicio","item":"https:\/\/westcoasttriallawyers.com\/es"},{"@type":"ListItem","position":2,"name":"California","item":"https:\/\/westcoasttriallawyers.com\/es\/california"},{"@type":"ListItem","position":3,"name":"Long Beach","item":"https:\/\/westcoasttriallawyers.com\/es\/california\/long-beach"},{"@type":"ListItem","position":4,"name":"Abogado de Accidentes de Uber y Lyft en Long Beach"}]},{"@type":"WebSite","@id":"https:\/\/westcoasttriallawyers.com\/es#website","url":"https:\/\/westcoasttriallawyers.com\/es","name":"West Coast Trial Lawyers","description":"West Coast Trial Lawyers","publisher":{"@id":"https:\/\/westcoasttriallawyers.com\/es#organization"},"alternateName":"WCTL","potentialAction":[{"@type":"SearchAction","target":{"@type":"EntryPoint","urlTemplate":"https:\/\/westcoasttriallawyers.com\/es?s={search_term_string}"},"query-input":{"@type":"PropertyValueSpecification","valueRequired":true,"valueName":"search_term_string"}}],"inLanguage":"es"},{"@type":"Organization","@id":"https:\/\/westcoasttriallawyers.com\/es#organization","name":"West Coast Trial Lawyers","alternateName":"WCTL","url":"https:\/\/westcoasttriallawyers.com\/es","logo":{"@type":"ImageObject","inLanguage":"es","@id":"https:\/\/westcoasttriallawyers.com\/es#\/schema\/logo\/image\/","url":"https:\/\/westcoasttriallawyers.com\/wp-content\/uploads\/2026\/02\/WCTL-Logo.jpg","contentUrl":"https:\/\/westcoasttriallawyers.com\/wp-content\/uploads\/2026\/02\/WCTL-Logo.jpg","width":696,"height":696,"caption":"West Coast Trial Lawyers"},"image":{"@id":"https:\/\/westcoasttriallawyers.com\/es#\/schema\/logo\/image\/"},"sameAs":["https:\/\/www.facebook.com\/westcoasttriallawyers\/","https:\/\/x.com\/WestCoastTrial","https:\/\/www.linkedin.com\/company\/west-coast-trial-lawyers\/","https:\/\/www.instagram.com\/westcoasttriallawyers\/","https:\/\/www.yelp.com\/biz\/west-coast-trial-lawyers-los-angeles-2","https:\/\/www.pinterest.com\/westcoasttrial\/","https:\/\/www.youtube.com\/westcoasttriallawyersla\/","https:\/\/www.tiktok.com\/westcoasttriallawyers"],"description":"West Coast Trial Lawyers is a top-rated personal injury law firm with a goal to provide expert legal representation to those in need. The law firm has offices across California, Nevada, Arizona, and Washington.","legalName":"West Coast Trial Lawyers"}]}},"_links":{"self":[{"href":"https:\/\/westcoasttriallawyers.com\/es\/wp-json\/wp\/v2\/pages\/12870","targetHints":{"allow":["GET"]}}],"collection":[{"href":"https:\/\/westcoasttriallawyers.com\/es\/wp-json\/wp\/v2\/pages"}],"about":[{"href":"https:\/\/westcoasttriallawyers.com\/es\/wp-json\/wp\/v2\/types\/page"}],"author":[{"embeddable":true,"href":"https:\/\/westcoasttriallawyers.com\/es\/wp-json\/wp\/v2\/users\/475"}],"replies":[{"embeddable":true,"href":"https:\/\/westcoasttriallawyers.com\/es\/wp-json\/wp\/v2\/comments?post=12870"}],"version-history":[{"count":3,"href":"https:\/\/westcoasttriallawyers.com\/es\/wp-json\/wp\/v2\/pages\/12870\/revisions"}],"predecessor-version":[{"id":47707,"href":"https:\/\/westcoasttriallawyers.com\/es\/wp-json\/wp\/v2\/pages\/12870\/revisions\/47707"}],"up":[{"embeddable":true,"href":"https:\/\/westcoasttriallawyers.com\/es\/wp-json\/wp\/v2\/pages\/47396"}],"wp:featuredmedia":[{"embeddable":true,"href":"https:\/\/westcoasttriallawyers.com\/es\/wp-json\/wp\/v2\/media\/45948"}],"wp:attachment":[{"href":"https:\/\/westcoasttriallawyers.com\/es\/wp-json\/wp\/v2\/media?parent=12870"}],"curies":[{"name":"wp","href":"https:\/\/api.w.org\/{rel}","templated":true}]}}