{"id":12869,"date":"2026-01-13T23:41:22","date_gmt":"2026-01-13T23:41:22","guid":{"rendered":"https:\/\/wctl1stg.wpengine.com\/?page_id=12869"},"modified":"2026-01-21T13:07:55","modified_gmt":"2026-01-21T13:07:55","slug":"abogado-de-lesiones-cerebrales-de-long-beach","status":"publish","type":"page","link":"https:\/\/westcoasttriallawyers.com\/es\/california\/long-beach\/abogado-de-lesiones-cerebrales-de-long-beach","title":{"rendered":"Abogado de Lesiones Cerebrales de Long Beach"},"content":{"rendered":"<h2><strong>Mi hijo sufri\u00f3 una lesi\u00f3n cerebral: \u00bfQu\u00e9 complicaciones pueden ocurrir?<\/strong><\/h2>\n<p>El cerebro es uno de los \u00f3rganos m\u00e1s importantes del cuerpo. Controla tus pensamientos, recuerdos, habla y movimiento corporal. Cualquier da\u00f1o que se haga al cerebro puede afectar cada parte de su cuerpo y dificultar que usted funcione de la misma manera que lo hac\u00eda antes de la lesi\u00f3n. Muchas personas sufren una lesi\u00f3n cerebral debido a accidentes que involucran veh\u00edculos motorizados, deportes de alto impacto y violencia. Aquellos a quienes se les diagnostic\u00f3 una lesi\u00f3n cerebral debido a la negligencia de otra persona son elegibles para presentar una demanda por lesiones personales. Si inicia acciones legales contra la parte culpable de su lesi\u00f3n cerebral, es posible que pueda adquirir da\u00f1os econ\u00f3micos y no econ\u00f3micos, como facturas m\u00e9dicas, salarios perdidos, dolor y sufrimiento, y m\u00e1s.&nbsp;<\/p>\n<p>En West Coast Trial Lawyers, nuestros profesionales de lesiones<strong> cerebrales de Long Beach<\/strong> tienen m\u00e1s de 60 a\u00f1os de experiencia legal colectiva en el manejo de casos de lesiones personales. Hemos ganado m\u00e1s de 5,000 casos y recuperado m\u00e1s de $1,000 millones en acuerdos para nuestros clientes. Debido a nuestros logros, hemos sido reconocidos como uno de los mejores bufetes de abogados de lesiones personales en<strong> Long Beach.<\/strong><\/p>\n<p>Para programar una consulta gratuita y sin compromiso en nuestro&nbsp;<strong>bufete de abogados de lesiones personales de Long Beach,<\/strong> comun\u00edquese con nuestro equipo legal las 24&nbsp;horas, los 7 d\u00edas de la semana llamando al <strong>213-927-3700<\/strong> o enviando un correo electr\u00f3nico&nbsp;<a href=\"mailto:info@westcoasttriallawyers.com\">a&nbsp;<strong>info@westcoasttriallawyers.com<\/strong><\/a><strong>.&nbsp;<\/strong><\/p>\n<p><strong>Lesi\u00f3n en la Cabeza de un Ni\u00f1o<\/strong><\/p>\n<p>Es com\u00fan que los ni\u00f1os se pongan en peligro ya que no son conscientes de las repercusiones que pueden enfrentar al realizar acciones imprudentes, como subir las escaleras sin supervisi\u00f3n o correr solos en medio de la calle. Todas estas acciones pueden resultar en lesiones graves, especialmente una lesi\u00f3n cerebral. Un ni\u00f1o que usa las escaleras puede caerse por falta de equilibrio mientras sube o baja los escalones. Puede surgir una lesi\u00f3n cerebral si el ni\u00f1o cae sobre su cabeza. Si el ni\u00f1o corre hacia el medio de la calle sin prestar atenci\u00f3n a los veh\u00edculos que se aproximan, podr\u00eda ser golpeado desde cualquier direcci\u00f3n y enfrentar una lesi\u00f3n grave en la cabeza.&nbsp;<\/p>\n<p>Otros factores comunes que pueden contribuir a que un ni\u00f1o se lesione la cabeza y\/o el cerebro incluyen el abuso f\u00edsico y la pr\u00e1ctica de deportes de alto impacto. El abuso f\u00edsico puede ocurrir en hogares donde los padres han usado la violencia para ense\u00f1arle una lecci\u00f3n a su hijo o simplemente para dejar salir su enojo. Cualquier escenario no es aceptable independientemente de lo que el ni\u00f1o haya hecho. Desafortunadamente, a muchos ni\u00f1os se les ha diagnosticado una lesi\u00f3n cerebral debido a la fuerza excesiva en la cabeza causada por uno o ambos padres.<\/p>\n<p>Los deportes de alto impacto, como el f\u00fatbol o el hockey, requieren que los jugadores se golpeen entre s\u00ed para robar una pelota o evitar que el jugador haga un punto. Aunque los jugadores tienen equipo de protecci\u00f3n para disminuir la probabilidad de sufrir lesiones graves, no siempre es una garant\u00eda del 100 por ciento que el ni\u00f1o estar\u00e1 protegido en todo momento. En algunas circunstancias, el casco de un ni\u00f1o puede salirse en medio del juego. Esto podr\u00eda dejar su cabeza expuesta a un contacto agresivo que puede provocar da\u00f1os en el cerebro.&nbsp;<\/p>\n<p>Los s\u00edntomas a tener en cuenta en una&nbsp;<strong>lesi\u00f3n leve en la cabeza<\/strong> incluyen dolores de cabeza, mareos, hematomas, hinchaz\u00f3n, n\u00e1useas, confusi\u00f3n, visi\u00f3n borrosa, sensibilidad a la luz o al sonido, cansancio, fatiga, falta de equilibrio, patrones de sue\u00f1o inusuales, falta de energ\u00eda, memoria problemas, o&#8217;tinnitus.&nbsp;<strong>lesiones en la cabeza moderadas o graves&nbsp;<\/strong>s\u00edntomas incluyen fuertes dolores de cabeza, n\u00e1useas o v\u00f3mitos recurrentes, sudoraci\u00f3n, falta de equilibrio, piel p\u00e1lida, l\u00edquido transparente que sale de los o\u00eddos o la nariz, p\u00e9rdida del conocimiento, dilataci\u00f3n de una pupila, sensaci\u00f3n de debilidad o vulnerabilidad, meterse en un coma, o dificultad para hablar.<\/p>\n<p>Cualquier ni\u00f1o que sufra una lesi\u00f3n en la cabeza y experimente s\u00edntomas debe recibir atenci\u00f3n m\u00e9dica de inmediato de un especialista del cerebro, como un neur\u00f3logo. Realizar\u00e1n an\u00e1lisis de sangre y pruebas de im\u00e1genes, que pueden incluir una radiograf\u00eda, una tomograf\u00eda computarizada o una resonancia magn\u00e9tica, para determinar qu\u00e9 tipo de afecci\u00f3n padece el ni\u00f1o. Si el ni\u00f1o enfrenta una lesi\u00f3n cerebral moderada o grave, es probable que deba permanecer en el hospital durante d\u00edas, semanas o incluso meses para vigilar de cerca su estado. Las condiciones leves generalmente implican que el m\u00e9dico cree un plan de tratamiento que ayudar\u00e1 al ni\u00f1o a recuperarse en la comodidad de su hogar. Esto puede incluir tomar analg\u00e9sicos o descansar para permitir que el cerebro sane por s\u00ed solo.&nbsp;<\/p>\n<p><strong>Complicaciones de Lesiones Cerebrales&nbsp;<\/strong><\/p>\n<p>Los ni\u00f1os que sufren una lesi\u00f3n cerebral pueden sufrir algunas complicaciones, como visi\u00f3n borrosa, problemas auditivos, falta de gusto, poco o ning\u00fan control muscular o dificultad para hablar. Si este es el caso, un neur\u00f3logo puede recomendar a los padres del ni\u00f1o que hagan que el ni\u00f1o visite a un terapeuta, o terapeutas, que podr\u00e1n ayudar al ni\u00f1o. En general, la fisioterapia, la terapia ocupacional y la terapia del habla ayudar\u00e1n a quienes enfrentan problemas motores, sensoriales o del habla. Estos terapeutas programar\u00e1n ejercicios y actividades diarias para que el ni\u00f1o realice con el fin de recuperar la fuerza tanto mental como f\u00edsicamente.&nbsp;<\/p>\n<p><strong>C\u00f3mo Proteger a su Hijo de una Lesi\u00f3n Cerebral<\/strong><\/p>\n<p>Los padres a menudo se preocupan por la seguridad de sus hijos las 24 horas del d\u00eda, los 7 d\u00edas de la semana. Hay varios m\u00e9todos que un padre puede incorporar a su estilo de vida diario que podr\u00edan ayudar a reducir la probabilidad de que su hijo sufra lesiones graves, especialmente una lesi\u00f3n cerebral. A continuaci\u00f3n, hemos creado una lista de sugerencias que un padre debe tener en cuenta para reducir las posibilidades de que su hijo caiga en peligro.&nbsp;<\/p>\n<ul>\n<li><strong>Instale protecciones alrededor de la casa.&nbsp;<\/strong>Aseg\u00farese de colocar protecciones en la parte superior e inferior de las escaleras. Esto evitar\u00e1 que el ni\u00f1o acceda a las escaleras sin supervisi\u00f3n.<\/li>\n<li><strong>Siempre aseg\u00farese de que su hijo tenga puesto el cintur\u00f3n de seguridad cuando est\u00e9 en el autom\u00f3vil.&nbsp;<\/strong>Est\u00e1 comprobado que los cinturones&nbsp;<a href=\"https:\/\/www.cdc.gov\/transportationsafety\/seatbeltbrief\/index.html#:~:text=Among%20drivers%20and%20front%2Dseat,of%20serious%20injury%20by%2050%25.&amp;text=Seat%20belts%20prevent%20drivers%20and,a%20vehicle%20during%20a%20crash.\"><strong>reducen el riesgo de muerte<\/strong><\/a> en caso de accidente, por lo que siempre debes obligar a tu hijo a llevar puesto el cintur\u00f3n de seguridad una vez que suba al veh\u00edculo.&nbsp;<\/li>\n<li><strong>Compre un casco ajustado para proteger a su hijo cuando participe en actividades f\u00edsicas que impliquen contacto agresivo o ca\u00eddas.&nbsp;<\/strong>Un ni\u00f1o debe usar un casco cuando practica deportes de alto impacto, como el f\u00fatbol y el hockey. Si el ni\u00f1o quiere andar en bicicleta, scooter o patinete, tambi\u00e9n debe tener puesto un casco para proteger su cabeza en caso de una ca\u00edda.<\/li>\n<\/ul>\n<p><strong>Cont\u00e1ctenos&nbsp;<\/strong><\/p>\n<p>Si desea emprender acciones legales contra una persona negligente que caus\u00f3 que su hijo sufriera una lesi\u00f3n cerebral,<strong>&nbsp;<\/strong><a href=\"\/\"><strong>Abogados de la Costa Oeste<\/strong><\/a>&nbsp;tiene abogados de lesiones cerebrales en Long Beach que lo ayudar\u00e1n a obtener la justicia y la compensaci\u00f3n que merece.<\/p>\n<p>Para programar una consulta gratuita en nuestro bufete de abogados de lesiones personales de Long Beach, comun\u00edquese con nuestro equipo legal las 24 horas del d\u00eda, los 7 d\u00edas de la semana llamando al&nbsp;<strong>213-927-3700&nbsp;<\/strong>o enviando un correo electr\u00f3nico&nbsp;<a href=\"mailto:info@westcoasttriallawyers.com\">a<strong> info@westcoasttriallawyers.com<\/strong><\/a><strong>.&nbsp;<\/strong><br \/>\n<!-- WCTL_DEBUG: no shortcode in this_content --><\/p>\n","protected":false},"excerpt":{"rendered":"<p>Mi hijo sufri\u00f3 una lesi\u00f3n cerebral: \u00bfQu\u00e9 complicaciones pueden ocurrir? El cerebro es uno de los \u00f3rganos m\u00e1s importantes del cuerpo. Controla tus pensamientos, recuerdos, habla y movimiento corporal. Cualquier da\u00f1o que se haga al cerebro puede afectar cada parte de su cuerpo y dificultar que usted funcione de la misma manera que lo hac\u00eda [&hellip;]<\/p>\n","protected":false},"author":475,"featured_media":45933,"parent":47396,"menu_order":0,"comment_status":"closed","ping_status":"closed","template":"","meta":{"inline_featured_image":false,"footnotes":""},"class_list":["post-12869","page","type-page","status-publish","has-post-thumbnail","hentry"],"acf":[],"yoast_head":"<!-- This site is optimized with the Yoast SEO Premium plugin v26.0 (Yoast SEO v26.0) - https:\/\/yoast.com\/wordpress\/plugins\/seo\/ -->\n<title>Abogado de Lesiones Cerebrales de Long Beach | West Coast Trial Lawyers<\/title>\n<meta name=\"robots\" content=\"index, follow, max-snippet:-1, max-image-preview:large, max-video-preview:-1\" \/>\n<link rel=\"canonical\" href=\"https:\/\/westcoasttriallawyers.com\/es\/california\/long-beach\/abogado-de-lesiones-cerebrales-de-long-beach\" \/>\n<meta property=\"og:locale\" content=\"es_ES\" \/>\n<meta property=\"og:type\" content=\"article\" \/>\n<meta property=\"og:title\" content=\"Abogado de Lesiones Cerebrales de Long Beach\" \/>\n<meta property=\"og:description\" content=\"Mi hijo sufri\u00f3 una lesi\u00f3n cerebral: \u00bfQu\u00e9 complicaciones pueden ocurrir? El cerebro es uno de los \u00f3rganos m\u00e1s importantes del cuerpo. Controla tus pensamientos, recuerdos, habla y movimiento corporal. Cualquier da\u00f1o que se haga al cerebro puede afectar cada parte de su cuerpo y dificultar que usted funcione de la misma manera que lo hac\u00eda [&hellip;]\" \/>\n<meta property=\"og:url\" content=\"https:\/\/westcoasttriallawyers.com\/es\/california\/long-beach\/abogado-de-lesiones-cerebrales-de-long-beach\" \/>\n<meta property=\"og:site_name\" content=\"West Coast Trial Lawyers\" \/>\n<meta property=\"article:publisher\" content=\"https:\/\/www.facebook.com\/westcoasttriallawyers\/\" \/>\n<meta property=\"article:modified_time\" content=\"2026-01-21T13:07:55+00:00\" \/>\n<meta property=\"og:image\" content=\"https:\/\/westcoasttriallawyers.com\/wp-content\/uploads\/2025\/07\/u6829429588_Long_Beach_California_-v_7_4cd9c920-299b-417c-aaf0-e54bf70b12f7_0-1-15.webp\" \/>\n\t<meta property=\"og:image:width\" content=\"557\" \/>\n\t<meta property=\"og:image:height\" content=\"328\" \/>\n\t<meta property=\"og:image:type\" content=\"image\/webp\" \/>\n<meta name=\"twitter:card\" content=\"summary_large_image\" \/>\n<meta name=\"twitter:site\" content=\"@WestCoastTrial\" \/>\n<meta name=\"twitter:label1\" content=\"Tiempo de lectura\" \/>\n\t<meta name=\"twitter:data1\" content=\"17 minutos\" \/>\n<script type=\"application\/ld+json\" class=\"yoast-schema-graph\">{\"@context\":\"https:\/\/schema.org\",\"@graph\":[{\"@type\":[\"WebPage\",\"ItemPage\"],\"@id\":\"https:\/\/westcoasttriallawyers.com\/es\/california\/long-beach\/abogado-de-lesiones-cerebrales-de-long-beach\",\"url\":\"https:\/\/westcoasttriallawyers.com\/es\/california\/long-beach\/abogado-de-lesiones-cerebrales-de-long-beach\",\"name\":\"Abogado de Lesiones Cerebrales de Long Beach | West Coast Trial Lawyers\",\"isPartOf\":{\"@id\":\"https:\/\/westcoasttriallawyers.com\/es#website\"},\"primaryImageOfPage\":{\"@id\":\"https:\/\/westcoasttriallawyers.com\/es\/california\/long-beach\/abogado-de-lesiones-cerebrales-de-long-beach#primaryimage\"},\"image\":{\"@id\":\"https:\/\/westcoasttriallawyers.com\/es\/california\/long-beach\/abogado-de-lesiones-cerebrales-de-long-beach#primaryimage\"},\"thumbnailUrl\":\"https:\/\/westcoasttriallawyers.com\/wp-content\/uploads\/2025\/07\/u6829429588_Long_Beach_California_-v_7_4cd9c920-299b-417c-aaf0-e54bf70b12f7_0-1-15.webp\",\"datePublished\":\"2026-01-13T23:41:22+00:00\",\"dateModified\":\"2026-01-21T13:07:55+00:00\",\"breadcrumb\":{\"@id\":\"https:\/\/westcoasttriallawyers.com\/es\/california\/long-beach\/abogado-de-lesiones-cerebrales-de-long-beach#breadcrumb\"},\"inLanguage\":\"es\",\"potentialAction\":[{\"@type\":\"ReadAction\",\"target\":[\"https:\/\/westcoasttriallawyers.com\/es\/california\/long-beach\/abogado-de-lesiones-cerebrales-de-long-beach\"]}]},{\"@type\":\"ImageObject\",\"inLanguage\":\"es\",\"@id\":\"https:\/\/westcoasttriallawyers.com\/es\/california\/long-beach\/abogado-de-lesiones-cerebrales-de-long-beach#primaryimage\",\"url\":\"https:\/\/westcoasttriallawyers.com\/wp-content\/uploads\/2025\/07\/u6829429588_Long_Beach_California_-v_7_4cd9c920-299b-417c-aaf0-e54bf70b12f7_0-1-15.webp\",\"contentUrl\":\"https:\/\/westcoasttriallawyers.com\/wp-content\/uploads\/2025\/07\/u6829429588_Long_Beach_California_-v_7_4cd9c920-299b-417c-aaf0-e54bf70b12f7_0-1-15.webp\",\"width\":557,\"height\":328},{\"@type\":\"BreadcrumbList\",\"@id\":\"https:\/\/westcoasttriallawyers.com\/es\/california\/long-beach\/abogado-de-lesiones-cerebrales-de-long-beach#breadcrumb\",\"itemListElement\":[{\"@type\":\"ListItem\",\"position\":1,\"name\":\"Inicio\",\"item\":\"https:\/\/westcoasttriallawyers.com\/es\"},{\"@type\":\"ListItem\",\"position\":2,\"name\":\"California\",\"item\":\"https:\/\/westcoasttriallawyers.com\/es\/california\"},{\"@type\":\"ListItem\",\"position\":3,\"name\":\"Long Beach\",\"item\":\"https:\/\/westcoasttriallawyers.com\/es\/california\/long-beach\"},{\"@type\":\"ListItem\",\"position\":4,\"name\":\"Abogado de Lesiones Cerebrales de Long Beach\"}]},{\"@type\":\"WebSite\",\"@id\":\"https:\/\/westcoasttriallawyers.com\/es#website\",\"url\":\"https:\/\/westcoasttriallawyers.com\/es\",\"name\":\"West Coast Trial Lawyers\",\"description\":\"West Coast Trial Lawyers\",\"publisher\":{\"@id\":\"https:\/\/westcoasttriallawyers.com\/es#organization\"},\"alternateName\":\"WCTL\",\"potentialAction\":[{\"@type\":\"SearchAction\",\"target\":{\"@type\":\"EntryPoint\",\"urlTemplate\":\"https:\/\/westcoasttriallawyers.com\/es?s={search_term_string}\"},\"query-input\":{\"@type\":\"PropertyValueSpecification\",\"valueRequired\":true,\"valueName\":\"search_term_string\"}}],\"inLanguage\":\"es\"},{\"@type\":\"Organization\",\"@id\":\"https:\/\/westcoasttriallawyers.com\/es#organization\",\"name\":\"West Coast Trial Lawyers\",\"alternateName\":\"WCTL\",\"url\":\"https:\/\/westcoasttriallawyers.com\/es\",\"logo\":{\"@type\":\"ImageObject\",\"inLanguage\":\"es\",\"@id\":\"https:\/\/westcoasttriallawyers.com\/es#\/schema\/logo\/image\/\",\"url\":\"https:\/\/westcoasttriallawyers.com\/wp-content\/uploads\/2026\/02\/WCTL-Logo.jpg\",\"contentUrl\":\"https:\/\/westcoasttriallawyers.com\/wp-content\/uploads\/2026\/02\/WCTL-Logo.jpg\",\"width\":696,\"height\":696,\"caption\":\"West Coast Trial Lawyers\"},\"image\":{\"@id\":\"https:\/\/westcoasttriallawyers.com\/es#\/schema\/logo\/image\/\"},\"sameAs\":[\"https:\/\/www.facebook.com\/westcoasttriallawyers\/\",\"https:\/\/x.com\/WestCoastTrial\",\"https:\/\/www.linkedin.com\/company\/west-coast-trial-lawyers\/\",\"https:\/\/www.instagram.com\/westcoasttriallawyers\/\",\"https:\/\/www.yelp.com\/biz\/west-coast-trial-lawyers-los-angeles-2\",\"https:\/\/www.pinterest.com\/westcoasttrial\/\",\"https:\/\/www.youtube.com\/westcoasttriallawyersla\/\",\"https:\/\/www.tiktok.com\/westcoasttriallawyers\"],\"description\":\"West Coast Trial Lawyers is a top-rated personal injury law firm with a goal to provide expert legal representation to those in need. The law firm has offices across California, Nevada, Arizona, and Washington.\",\"legalName\":\"West Coast Trial Lawyers\"}]}<\/script>\n<!-- \/ Yoast SEO Premium plugin. -->","yoast_head_json":{"title":"Abogado de Lesiones Cerebrales de Long Beach | West Coast Trial Lawyers","robots":{"index":"index","follow":"follow","max-snippet":"max-snippet:-1","max-image-preview":"max-image-preview:large","max-video-preview":"max-video-preview:-1"},"canonical":"https:\/\/westcoasttriallawyers.com\/es\/california\/long-beach\/abogado-de-lesiones-cerebrales-de-long-beach","og_locale":"es_ES","og_type":"article","og_title":"Abogado de Lesiones Cerebrales de Long Beach","og_description":"Mi hijo sufri\u00f3 una lesi\u00f3n cerebral: \u00bfQu\u00e9 complicaciones pueden ocurrir? El cerebro es uno de los \u00f3rganos m\u00e1s importantes del cuerpo. Controla tus pensamientos, recuerdos, habla y movimiento corporal. Cualquier da\u00f1o que se haga al cerebro puede afectar cada parte de su cuerpo y dificultar que usted funcione de la misma manera que lo hac\u00eda [&hellip;]","og_url":"https:\/\/westcoasttriallawyers.com\/es\/california\/long-beach\/abogado-de-lesiones-cerebrales-de-long-beach","og_site_name":"West Coast Trial Lawyers","article_publisher":"https:\/\/www.facebook.com\/westcoasttriallawyers\/","article_modified_time":"2026-01-21T13:07:55+00:00","og_image":[{"width":557,"height":328,"url":"https:\/\/westcoasttriallawyers.com\/wp-content\/uploads\/2025\/07\/u6829429588_Long_Beach_California_-v_7_4cd9c920-299b-417c-aaf0-e54bf70b12f7_0-1-15.webp","type":"image\/webp"}],"twitter_card":"summary_large_image","twitter_site":"@WestCoastTrial","twitter_misc":{"Tiempo de lectura":"17 minutos"},"schema":{"@context":"https:\/\/schema.org","@graph":[{"@type":["WebPage","ItemPage"],"@id":"https:\/\/westcoasttriallawyers.com\/es\/california\/long-beach\/abogado-de-lesiones-cerebrales-de-long-beach","url":"https:\/\/westcoasttriallawyers.com\/es\/california\/long-beach\/abogado-de-lesiones-cerebrales-de-long-beach","name":"Abogado de Lesiones Cerebrales de Long Beach | West Coast Trial Lawyers","isPartOf":{"@id":"https:\/\/westcoasttriallawyers.com\/es#website"},"primaryImageOfPage":{"@id":"https:\/\/westcoasttriallawyers.com\/es\/california\/long-beach\/abogado-de-lesiones-cerebrales-de-long-beach#primaryimage"},"image":{"@id":"https:\/\/westcoasttriallawyers.com\/es\/california\/long-beach\/abogado-de-lesiones-cerebrales-de-long-beach#primaryimage"},"thumbnailUrl":"https:\/\/westcoasttriallawyers.com\/wp-content\/uploads\/2025\/07\/u6829429588_Long_Beach_California_-v_7_4cd9c920-299b-417c-aaf0-e54bf70b12f7_0-1-15.webp","datePublished":"2026-01-13T23:41:22+00:00","dateModified":"2026-01-21T13:07:55+00:00","breadcrumb":{"@id":"https:\/\/westcoasttriallawyers.com\/es\/california\/long-beach\/abogado-de-lesiones-cerebrales-de-long-beach#breadcrumb"},"inLanguage":"es","potentialAction":[{"@type":"ReadAction","target":["https:\/\/westcoasttriallawyers.com\/es\/california\/long-beach\/abogado-de-lesiones-cerebrales-de-long-beach"]}]},{"@type":"ImageObject","inLanguage":"es","@id":"https:\/\/westcoasttriallawyers.com\/es\/california\/long-beach\/abogado-de-lesiones-cerebrales-de-long-beach#primaryimage","url":"https:\/\/westcoasttriallawyers.com\/wp-content\/uploads\/2025\/07\/u6829429588_Long_Beach_California_-v_7_4cd9c920-299b-417c-aaf0-e54bf70b12f7_0-1-15.webp","contentUrl":"https:\/\/westcoasttriallawyers.com\/wp-content\/uploads\/2025\/07\/u6829429588_Long_Beach_California_-v_7_4cd9c920-299b-417c-aaf0-e54bf70b12f7_0-1-15.webp","width":557,"height":328},{"@type":"BreadcrumbList","@id":"https:\/\/westcoasttriallawyers.com\/es\/california\/long-beach\/abogado-de-lesiones-cerebrales-de-long-beach#breadcrumb","itemListElement":[{"@type":"ListItem","position":1,"name":"Inicio","item":"https:\/\/westcoasttriallawyers.com\/es"},{"@type":"ListItem","position":2,"name":"California","item":"https:\/\/westcoasttriallawyers.com\/es\/california"},{"@type":"ListItem","position":3,"name":"Long Beach","item":"https:\/\/westcoasttriallawyers.com\/es\/california\/long-beach"},{"@type":"ListItem","position":4,"name":"Abogado de Lesiones Cerebrales de Long Beach"}]},{"@type":"WebSite","@id":"https:\/\/westcoasttriallawyers.com\/es#website","url":"https:\/\/westcoasttriallawyers.com\/es","name":"West Coast Trial Lawyers","description":"West Coast Trial Lawyers","publisher":{"@id":"https:\/\/westcoasttriallawyers.com\/es#organization"},"alternateName":"WCTL","potentialAction":[{"@type":"SearchAction","target":{"@type":"EntryPoint","urlTemplate":"https:\/\/westcoasttriallawyers.com\/es?s={search_term_string}"},"query-input":{"@type":"PropertyValueSpecification","valueRequired":true,"valueName":"search_term_string"}}],"inLanguage":"es"},{"@type":"Organization","@id":"https:\/\/westcoasttriallawyers.com\/es#organization","name":"West Coast Trial Lawyers","alternateName":"WCTL","url":"https:\/\/westcoasttriallawyers.com\/es","logo":{"@type":"ImageObject","inLanguage":"es","@id":"https:\/\/westcoasttriallawyers.com\/es#\/schema\/logo\/image\/","url":"https:\/\/westcoasttriallawyers.com\/wp-content\/uploads\/2026\/02\/WCTL-Logo.jpg","contentUrl":"https:\/\/westcoasttriallawyers.com\/wp-content\/uploads\/2026\/02\/WCTL-Logo.jpg","width":696,"height":696,"caption":"West Coast Trial Lawyers"},"image":{"@id":"https:\/\/westcoasttriallawyers.com\/es#\/schema\/logo\/image\/"},"sameAs":["https:\/\/www.facebook.com\/westcoasttriallawyers\/","https:\/\/x.com\/WestCoastTrial","https:\/\/www.linkedin.com\/company\/west-coast-trial-lawyers\/","https:\/\/www.instagram.com\/westcoasttriallawyers\/","https:\/\/www.yelp.com\/biz\/west-coast-trial-lawyers-los-angeles-2","https:\/\/www.pinterest.com\/westcoasttrial\/","https:\/\/www.youtube.com\/westcoasttriallawyersla\/","https:\/\/www.tiktok.com\/westcoasttriallawyers"],"description":"West Coast Trial Lawyers is a top-rated personal injury law firm with a goal to provide expert legal representation to those in need. The law firm has offices across California, Nevada, Arizona, and Washington.","legalName":"West Coast Trial Lawyers"}]}},"_links":{"self":[{"href":"https:\/\/westcoasttriallawyers.com\/es\/wp-json\/wp\/v2\/pages\/12869","targetHints":{"allow":["GET"]}}],"collection":[{"href":"https:\/\/westcoasttriallawyers.com\/es\/wp-json\/wp\/v2\/pages"}],"about":[{"href":"https:\/\/westcoasttriallawyers.com\/es\/wp-json\/wp\/v2\/types\/page"}],"author":[{"embeddable":true,"href":"https:\/\/westcoasttriallawyers.com\/es\/wp-json\/wp\/v2\/users\/475"}],"replies":[{"embeddable":true,"href":"https:\/\/westcoasttriallawyers.com\/es\/wp-json\/wp\/v2\/comments?post=12869"}],"version-history":[{"count":3,"href":"https:\/\/westcoasttriallawyers.com\/es\/wp-json\/wp\/v2\/pages\/12869\/revisions"}],"predecessor-version":[{"id":47683,"href":"https:\/\/westcoasttriallawyers.com\/es\/wp-json\/wp\/v2\/pages\/12869\/revisions\/47683"}],"up":[{"embeddable":true,"href":"https:\/\/westcoasttriallawyers.com\/es\/wp-json\/wp\/v2\/pages\/47396"}],"wp:featuredmedia":[{"embeddable":true,"href":"https:\/\/westcoasttriallawyers.com\/es\/wp-json\/wp\/v2\/media\/45933"}],"wp:attachment":[{"href":"https:\/\/westcoasttriallawyers.com\/es\/wp-json\/wp\/v2\/media?parent=12869"}],"curies":[{"name":"wp","href":"https:\/\/api.w.org\/{rel}","templated":true}]}}