{"id":12868,"date":"2026-01-13T23:41:21","date_gmt":"2026-01-13T23:41:21","guid":{"rendered":"https:\/\/wctl1stg.wpengine.com\/?page_id=12868"},"modified":"2026-01-21T13:09:38","modified_gmt":"2026-01-21T13:09:38","slug":"abogado-de-lesiones-por-quemaduras-de-long-beach","status":"publish","type":"page","link":"https:\/\/westcoasttriallawyers.com\/es\/california\/long-beach\/abogado-de-lesiones-por-quemaduras-de-long-beach","title":{"rendered":"Abogado de Lesiones por Quemaduras de Long Beach"},"content":{"rendered":"<h2><strong>\u00bfCu\u00e1les son los S\u00edntomas de una Lesi\u00f3n por Quemaduras y c\u00f3mo se Puede Tratar?<\/strong><\/h2>\n<p>Varios factores pueden provocar que se inicie un incendio, como un accidente automovil\u00edstico, un desastre natural, da\u00f1os en el tendido el\u00e9ctrico o un acto intencional. Estos incendios pueden causar lesiones corporales graves, lo que puede requerir que la v\u00edctima reciba atenci\u00f3n m\u00e9dica inmediata. El tratamiento puede variar seg\u00fan el tipo de quemadura que se le diagnostique a la v\u00edctima. Los casos leves generalmente involucran medicamentos, ung\u00fcentos o geles de venta libre para aliviar el dolor y calmar el \u00e1rea quemada. Sin embargo, los casos leves a graves pueden implicar la hospitalizaci\u00f3n. Es probable que los m\u00e9dicos realicen una cirug\u00eda, como un injerto de piel, para reemplazar la piel quemada de la v\u00edctima por una sana.\u00a0<\/p>\n<p>Si su lesi\u00f3n por quemaduras fue causada por otra persona, es posible que tenga derecho a recibir una compensaci\u00f3n por sus p\u00e9rdidas. En West Coast Trial Lawyers, nuestros<strong> abogados de lesiones por quemaduras de Long Beach<\/strong> tienen m\u00e1s de 60 a\u00f1os de experiencia colectiva en el manejo de casos de lesiones personales. Hemos ganado m\u00e1s de 5000 casos de lesiones personales y hemos recuperado m\u00e1s de mil millones de d\u00f3lares en acuerdos para nuestros clientes. Debido a nuestros logros, hemos sido reconocidos como uno de los mejores bufetes de abogados de lesiones personales en\u00a0<strong>Long Beach.<\/strong>\u00a0<\/p>\n<p>Para programar una consulta gratuita y sin compromiso en nuestro\u00a0<strong>bufete de abogados de lesiones personales de Long Beach,\u00a0<\/strong>comun\u00edquese con nuestro equipo legal las 24 horas, los 7 d\u00edas de la semana llamando al\u00a0<strong>213-927-3700<\/strong> o enviando un correo electr\u00f3nico\u00a0<a href=\"mailto:info@westcoasttriallawyers.com\"><strong>info@westcoasttriallawyers.com<\/strong><\/a><strong>.\u00a0<\/strong><\/p>\n<p><strong>Quemaduras en Salones de Bronceado<\/strong><\/p>\n<p>Muchas personas prefieren tener un tono de piel bronceado o dorado. Esto requiere una exposici\u00f3n frecuente al sol. Sin embargo, no todo el mundo tiene suficiente tiempo para ponerse al sol todos los d\u00edas para lograr su aspecto ideal. En cambio, la gente acude en masa al sal\u00f3n de bronceado para broncearse r\u00e1pidamente. Tambi\u00e9n contin\u00faan regresando al sal\u00f3n para mantener el tono de piel deseado. Este m\u00e9todo de adquirir un tono de piel bronceado se ha traducido en casos en los que las personas han sufrido c\u00e1ncer de piel o piel que est\u00e1 envejeciendo prematuramente.\u00a0<\/p>\n<ul>\n<li><a href=\"https:\/\/www.mayoclinic.org\/diseases-conditions\/skin-cancer\/symptoms-causes\/syc-20377605\"><strong>C\u00e1ncer de piel.<\/strong><\/a><strong>\u00a0<\/strong>Su piel es vulnerable a las luces ultravioleta y al sol. Exponerse demasiado har\u00e1 que sea m\u00e1s probable que desarrolle c\u00e1ncer de piel. El c\u00e1ncer de piel puede diseminarse por todo el cuerpo. La parte del cuerpo m\u00e1s com\u00fan donde se puede encontrar este c\u00e1ncer es en las piernas.<\/li>\n<li><strong>Envejecimiento prematuro de la piel.<\/strong> Permitir que su piel se exponga a la luz ultravioleta y al sol de forma continua puede causar quemaduras. Esto har\u00e1 que sea m\u00e1s probable que su piel comience a envejecer m\u00e1s r\u00e1pido de lo normal. Comenzar\u00e1s a parecer mayor que tu edad real. Un t\u00e9rmino que se relaciona con este tipo de situaciones es el llamado fotoenvejecimiento. El fotoenvejecimiento puede causar piel arrugada, tejido conectivo d\u00e9bil, piel seca, manchas oscuras o descoloridas, da\u00f1o ocular o lesiones cut\u00e1neas precancerosas.<\/li>\n<\/ul>\n<p><strong>S\u00edntomas de una Lesi\u00f3n por Quemaduras<\/strong><\/p>\n<p>Las lesiones por quemaduras pueden variar seg\u00fan la gravedad del contacto con la piel. Las clasificaciones de una lesi\u00f3n por quemaduras incluyen quemaduras de primer grado, segundo grado, espesor parcial profundo, tercer grado y cuarto grado. Una<strong> quemadura de primer grado\u00a0<\/strong>tiene una apariencia roja que es a la vez dolorosa y seca. Afecta principalmente a la capa externa de la piel (epidermis). Generalmente, no hay da\u00f1o a largo plazo. Experimentar\u00e1 un enrojecimiento notable en las etapas iniciales. Cerca del final de su recuperaci\u00f3n, se desvanecer\u00e1. Una\u00a0<strong>quemadura de segundo grado\u00a0<\/strong>da\u00f1a la capa externa de la piel y la capa inferior (dermis). La apariencia de la quemadura ser\u00e1 de color rojo brillante, hinchada y con ampollas. Una\u00a0<strong>quemadura profunda de espesor parcial\u00a0<\/strong>deja una cicatriz en la piel, adem\u00e1s de que la piel cambia de color de forma permanente. Una\u00a0<strong>quemadura de tercer grado\u00a0<\/strong>se dirige principalmente a las terminaciones nerviosas. Destruir\u00e1 la epidermis y la dermis. Las quemaduras de tercer grado podr\u00edan impactar potencialmente en el tejido subcut\u00e1neo, que es la capa m\u00e1s interna de la piel. La quemadura aparecer\u00e1 como un tono blanco, negro, marr\u00f3n o amarillo. Una\u00a0<strong>quemadura de cuarto grado<\/strong> causa las quemaduras m\u00e1s profundas y graves. Las quemaduras de cuarto grado pueden resultar en una situaci\u00f3n potencialmente mortal. Todas las capas de su piel, incluidos sus m\u00fasculos, huesos y tendones, ser\u00e1n destruidas.<\/p>\n<p><strong>Tratamiento de una Lesi\u00f3n por Quemadura<\/strong><\/p>\n<p>El tratamiento es diferente para cada categor\u00eda de lesi\u00f3n por quemadura. Una\u00a0<strong>lesi\u00f3n por quemaduras de primer grado<\/strong> generalmente se trata con agua fr\u00eda, analg\u00e9sicos y gel o crema. Es probable que el m\u00e9dico recomiende a los pacientes con lesiones por quemaduras que coloquen agua fr\u00eda en el \u00e1rea herida durante cinco minutos o m\u00e1s. Se pueden sugerir medicamentos para el dolor, como paracetamol o ibuprofeno, para aliviar cualquier dolor que el paciente pueda estar experimentando. Por \u00faltimo, se puede utilizar gel o crema de aloe vera para calmar la piel.\u00a0<\/p>\n<p>El tratamiento de una\u00a0<strong>quemadura de segundo grado\u00a0<\/strong>puede implicar acciones similares a las recomendadas para una quemadura de primer grado. Para empezar, se recomienda usar agua fr\u00eda y colocarla sobre el \u00e1rea lesionada durante unos 15 minutos o m\u00e1s. El m\u00e9dico puede hacer que el paciente tome medicamentos de venta libre, como paracetamol o ibuprofeno, para ayudar a sobrellevar el dolor causado por la quemadura. Se puede aplicar crema o gel antibi\u00f3tico para curar la piel, especialmente en las \u00e1reas de la piel que contienen ampollas.\u00a0<\/p>\n<p>Una\u00a0<strong>de tercer\u00a0<\/strong>y<strong> cuarto grado<\/strong> requerir\u00e1 un tratamiento intensivo. Generalmente, los antibi\u00f3ticos intravenosos (IV) se usan para prevenir infecciones. Tambi\u00e9n se pueden administrar l\u00edquidos por v\u00eda intravenosa para reemplazar los l\u00edquidos perdidos. El injerto de piel tambi\u00e9n es una opci\u00f3n posible. El cirujano puede usar piel sana que est\u00e1 en su cuerpo o una que fue donada para reemplazar cualquier piel da\u00f1ada. Una vez que se haya sometido a los tratamientos ideales para ayudar con su lesi\u00f3n por quemadura, se le pedir\u00e1 que contin\u00fae viendo a su m\u00e9dico para chequeos regulares. Durante estas visitas, su m\u00e9dico tambi\u00e9n puede recomendarle que busque la ayuda de un fisioterapeuta o terapeuta ocupacional. Estos terapeutas trabajar\u00e1n contigo en la planificaci\u00f3n de tareas, como ejercicios cardiovasculares y de fortalecimiento, estiramientos que ayudar\u00e1n a prevenir contracturas en las articulaciones o te asignan para completar algunas actividades de ocio.\u00a0<\/p>\n<p><strong>Cont\u00e1ctenos<\/strong><\/p>\n<p>Si ha sufrido lesiones en la ciudad de Long Beach como resultado de un accidente con lesiones por quemaduras,\u00a0<a href=\"\/\"><strong>Los Abogados de la Costa Oeste<\/strong><\/a><strong>\u00a0<\/strong>tienen abogados con experiencia en lesiones por quemaduras en Long Beach que pueden ayudarlo a recuperar una compensaci\u00f3n financiera y emocional por las p\u00e9rdidas que ha sufrido. Esto incluye facturas m\u00e9dicas, da\u00f1os a la propiedad,\u00a0<a href=\"\/emotional-distress\/\"><strong>angustia emocional<\/strong><\/a>, salarios perdidos o dolor y sufrimiento.\u00a0<\/p>\n<p>P\u00f3ngase en contacto con nuestro equipo legal las 24 horas del d\u00eda, los 7 d\u00edas de la semana hoy llamando al\u00a0<strong>213-927-3700<\/strong> o enviando un correo electr\u00f3nico\u00a0<a href=\"mailto:info@westcoasttriallawyers.com\"><strong>a info@westcoasttriallawyers.com<\/strong><\/a><strong>\u00a0<\/strong>para programar una consulta gratuita en nuestro bufete de abogados de lesiones personales de Long Beach.<\/p>\n<p><!-- WCTL_DEBUG: no shortcode in this_content --><\/p>\n","protected":false},"excerpt":{"rendered":"<p>\u00bfCu\u00e1les son los S\u00edntomas de una Lesi\u00f3n por Quemaduras y c\u00f3mo se Puede Tratar? Varios factores pueden provocar que se inicie un incendio, como un accidente automovil\u00edstico, un desastre natural, da\u00f1os en el tendido el\u00e9ctrico o un acto intencional. Estos incendios pueden causar lesiones corporales graves, lo que puede requerir que la v\u00edctima reciba atenci\u00f3n [&hellip;]<\/p>\n","protected":false},"author":475,"featured_media":45928,"parent":47396,"menu_order":0,"comment_status":"closed","ping_status":"closed","template":"","meta":{"inline_featured_image":false,"footnotes":""},"class_list":["post-12868","page","type-page","status-publish","has-post-thumbnail","hentry"],"acf":[],"yoast_head":"<!-- This site is optimized with the Yoast SEO Premium plugin v26.0 (Yoast SEO v26.0) - https:\/\/yoast.com\/wordpress\/plugins\/seo\/ -->\n<title>Abogado de Lesiones por Quemaduras de Long Beach | West Coast Trial Lawyers<\/title>\n<meta name=\"robots\" content=\"index, follow, max-snippet:-1, max-image-preview:large, max-video-preview:-1\" \/>\n<link rel=\"canonical\" href=\"https:\/\/westcoasttriallawyers.com\/es\/california\/long-beach\/abogado-de-lesiones-por-quemaduras-de-long-beach\" \/>\n<meta property=\"og:locale\" content=\"es_ES\" \/>\n<meta property=\"og:type\" content=\"article\" \/>\n<meta property=\"og:title\" content=\"Abogado de Lesiones por Quemaduras de Long Beach\" \/>\n<meta property=\"og:description\" content=\"\u00bfCu\u00e1les son los S\u00edntomas de una Lesi\u00f3n por Quemaduras y c\u00f3mo se Puede Tratar? Varios factores pueden provocar que se inicie un incendio, como un accidente automovil\u00edstico, un desastre natural, da\u00f1os en el tendido el\u00e9ctrico o un acto intencional. Estos incendios pueden causar lesiones corporales graves, lo que puede requerir que la v\u00edctima reciba atenci\u00f3n [&hellip;]\" \/>\n<meta property=\"og:url\" content=\"https:\/\/westcoasttriallawyers.com\/es\/california\/long-beach\/abogado-de-lesiones-por-quemaduras-de-long-beach\" \/>\n<meta property=\"og:site_name\" content=\"West Coast Trial Lawyers\" \/>\n<meta property=\"article:publisher\" content=\"https:\/\/www.facebook.com\/westcoasttriallawyers\/\" \/>\n<meta property=\"article:modified_time\" content=\"2026-01-21T13:09:38+00:00\" \/>\n<meta property=\"og:image\" content=\"https:\/\/westcoasttriallawyers.com\/wp-content\/uploads\/2025\/07\/u6829429588_Long_Beach_California_-v_7_4cd9c920-299b-417c-aaf0-e54bf70b12f7_0-1-13.webp\" \/>\n\t<meta property=\"og:image:width\" content=\"557\" \/>\n\t<meta property=\"og:image:height\" content=\"328\" \/>\n\t<meta property=\"og:image:type\" content=\"image\/webp\" \/>\n<meta name=\"twitter:card\" content=\"summary_large_image\" \/>\n<meta name=\"twitter:site\" content=\"@WestCoastTrial\" \/>\n<meta name=\"twitter:label1\" content=\"Tiempo de lectura\" \/>\n\t<meta name=\"twitter:data1\" content=\"5 minutos\" \/>\n<script type=\"application\/ld+json\" class=\"yoast-schema-graph\">{\"@context\":\"https:\/\/schema.org\",\"@graph\":[{\"@type\":[\"WebPage\",\"ItemPage\"],\"@id\":\"https:\/\/westcoasttriallawyers.com\/es\/california\/long-beach\/abogado-de-lesiones-por-quemaduras-de-long-beach\",\"url\":\"https:\/\/westcoasttriallawyers.com\/es\/california\/long-beach\/abogado-de-lesiones-por-quemaduras-de-long-beach\",\"name\":\"Abogado de Lesiones por Quemaduras de Long Beach | West Coast Trial Lawyers\",\"isPartOf\":{\"@id\":\"https:\/\/westcoasttriallawyers.com\/es#website\"},\"primaryImageOfPage\":{\"@id\":\"https:\/\/westcoasttriallawyers.com\/es\/california\/long-beach\/abogado-de-lesiones-por-quemaduras-de-long-beach#primaryimage\"},\"image\":{\"@id\":\"https:\/\/westcoasttriallawyers.com\/es\/california\/long-beach\/abogado-de-lesiones-por-quemaduras-de-long-beach#primaryimage\"},\"thumbnailUrl\":\"https:\/\/westcoasttriallawyers.com\/wp-content\/uploads\/2025\/07\/u6829429588_Long_Beach_California_-v_7_4cd9c920-299b-417c-aaf0-e54bf70b12f7_0-1-13.webp\",\"datePublished\":\"2026-01-13T23:41:21+00:00\",\"dateModified\":\"2026-01-21T13:09:38+00:00\",\"breadcrumb\":{\"@id\":\"https:\/\/westcoasttriallawyers.com\/es\/california\/long-beach\/abogado-de-lesiones-por-quemaduras-de-long-beach#breadcrumb\"},\"inLanguage\":\"es\",\"potentialAction\":[{\"@type\":\"ReadAction\",\"target\":[\"https:\/\/westcoasttriallawyers.com\/es\/california\/long-beach\/abogado-de-lesiones-por-quemaduras-de-long-beach\"]}]},{\"@type\":\"ImageObject\",\"inLanguage\":\"es\",\"@id\":\"https:\/\/westcoasttriallawyers.com\/es\/california\/long-beach\/abogado-de-lesiones-por-quemaduras-de-long-beach#primaryimage\",\"url\":\"https:\/\/westcoasttriallawyers.com\/wp-content\/uploads\/2025\/07\/u6829429588_Long_Beach_California_-v_7_4cd9c920-299b-417c-aaf0-e54bf70b12f7_0-1-13.webp\",\"contentUrl\":\"https:\/\/westcoasttriallawyers.com\/wp-content\/uploads\/2025\/07\/u6829429588_Long_Beach_California_-v_7_4cd9c920-299b-417c-aaf0-e54bf70b12f7_0-1-13.webp\",\"width\":557,\"height\":328},{\"@type\":\"BreadcrumbList\",\"@id\":\"https:\/\/westcoasttriallawyers.com\/es\/california\/long-beach\/abogado-de-lesiones-por-quemaduras-de-long-beach#breadcrumb\",\"itemListElement\":[{\"@type\":\"ListItem\",\"position\":1,\"name\":\"Inicio\",\"item\":\"https:\/\/westcoasttriallawyers.com\/es\"},{\"@type\":\"ListItem\",\"position\":2,\"name\":\"California\",\"item\":\"https:\/\/westcoasttriallawyers.com\/es\/california\"},{\"@type\":\"ListItem\",\"position\":3,\"name\":\"Long Beach\",\"item\":\"https:\/\/westcoasttriallawyers.com\/es\/california\/long-beach\"},{\"@type\":\"ListItem\",\"position\":4,\"name\":\"Abogado de Lesiones por Quemaduras de Long Beach\"}]},{\"@type\":\"WebSite\",\"@id\":\"https:\/\/westcoasttriallawyers.com\/es#website\",\"url\":\"https:\/\/westcoasttriallawyers.com\/es\",\"name\":\"West Coast Trial Lawyers\",\"description\":\"West Coast Trial Lawyers\",\"publisher\":{\"@id\":\"https:\/\/westcoasttriallawyers.com\/es#organization\"},\"alternateName\":\"WCTL\",\"potentialAction\":[{\"@type\":\"SearchAction\",\"target\":{\"@type\":\"EntryPoint\",\"urlTemplate\":\"https:\/\/westcoasttriallawyers.com\/es?s={search_term_string}\"},\"query-input\":{\"@type\":\"PropertyValueSpecification\",\"valueRequired\":true,\"valueName\":\"search_term_string\"}}],\"inLanguage\":\"es\"},{\"@type\":\"Organization\",\"@id\":\"https:\/\/westcoasttriallawyers.com\/es#organization\",\"name\":\"West Coast Trial Lawyers\",\"alternateName\":\"WCTL\",\"url\":\"https:\/\/westcoasttriallawyers.com\/es\",\"logo\":{\"@type\":\"ImageObject\",\"inLanguage\":\"es\",\"@id\":\"https:\/\/westcoasttriallawyers.com\/es#\/schema\/logo\/image\/\",\"url\":\"https:\/\/westcoasttriallawyers.com\/wp-content\/uploads\/2026\/02\/WCTL-Logo.jpg\",\"contentUrl\":\"https:\/\/westcoasttriallawyers.com\/wp-content\/uploads\/2026\/02\/WCTL-Logo.jpg\",\"width\":696,\"height\":696,\"caption\":\"West Coast Trial Lawyers\"},\"image\":{\"@id\":\"https:\/\/westcoasttriallawyers.com\/es#\/schema\/logo\/image\/\"},\"sameAs\":[\"https:\/\/www.facebook.com\/westcoasttriallawyers\/\",\"https:\/\/x.com\/WestCoastTrial\",\"https:\/\/www.linkedin.com\/company\/west-coast-trial-lawyers\/\",\"https:\/\/www.instagram.com\/westcoasttriallawyers\/\",\"https:\/\/www.yelp.com\/biz\/west-coast-trial-lawyers-los-angeles-2\",\"https:\/\/www.pinterest.com\/westcoasttrial\/\",\"https:\/\/www.youtube.com\/westcoasttriallawyersla\/\",\"https:\/\/www.tiktok.com\/westcoasttriallawyers\"],\"description\":\"West Coast Trial Lawyers is a top-rated personal injury law firm with a goal to provide expert legal representation to those in need. The law firm has offices across California, Nevada, Arizona, and Washington.\",\"legalName\":\"West Coast Trial Lawyers\"}]}<\/script>\n<!-- \/ Yoast SEO Premium plugin. -->","yoast_head_json":{"title":"Abogado de Lesiones por Quemaduras de Long Beach | West Coast Trial Lawyers","robots":{"index":"index","follow":"follow","max-snippet":"max-snippet:-1","max-image-preview":"max-image-preview:large","max-video-preview":"max-video-preview:-1"},"canonical":"https:\/\/westcoasttriallawyers.com\/es\/california\/long-beach\/abogado-de-lesiones-por-quemaduras-de-long-beach","og_locale":"es_ES","og_type":"article","og_title":"Abogado de Lesiones por Quemaduras de Long Beach","og_description":"\u00bfCu\u00e1les son los S\u00edntomas de una Lesi\u00f3n por Quemaduras y c\u00f3mo se Puede Tratar? Varios factores pueden provocar que se inicie un incendio, como un accidente automovil\u00edstico, un desastre natural, da\u00f1os en el tendido el\u00e9ctrico o un acto intencional. Estos incendios pueden causar lesiones corporales graves, lo que puede requerir que la v\u00edctima reciba atenci\u00f3n [&hellip;]","og_url":"https:\/\/westcoasttriallawyers.com\/es\/california\/long-beach\/abogado-de-lesiones-por-quemaduras-de-long-beach","og_site_name":"West Coast Trial Lawyers","article_publisher":"https:\/\/www.facebook.com\/westcoasttriallawyers\/","article_modified_time":"2026-01-21T13:09:38+00:00","og_image":[{"width":557,"height":328,"url":"https:\/\/westcoasttriallawyers.com\/wp-content\/uploads\/2025\/07\/u6829429588_Long_Beach_California_-v_7_4cd9c920-299b-417c-aaf0-e54bf70b12f7_0-1-13.webp","type":"image\/webp"}],"twitter_card":"summary_large_image","twitter_site":"@WestCoastTrial","twitter_misc":{"Tiempo de lectura":"5 minutos"},"schema":{"@context":"https:\/\/schema.org","@graph":[{"@type":["WebPage","ItemPage"],"@id":"https:\/\/westcoasttriallawyers.com\/es\/california\/long-beach\/abogado-de-lesiones-por-quemaduras-de-long-beach","url":"https:\/\/westcoasttriallawyers.com\/es\/california\/long-beach\/abogado-de-lesiones-por-quemaduras-de-long-beach","name":"Abogado de Lesiones por Quemaduras de Long Beach | West Coast Trial Lawyers","isPartOf":{"@id":"https:\/\/westcoasttriallawyers.com\/es#website"},"primaryImageOfPage":{"@id":"https:\/\/westcoasttriallawyers.com\/es\/california\/long-beach\/abogado-de-lesiones-por-quemaduras-de-long-beach#primaryimage"},"image":{"@id":"https:\/\/westcoasttriallawyers.com\/es\/california\/long-beach\/abogado-de-lesiones-por-quemaduras-de-long-beach#primaryimage"},"thumbnailUrl":"https:\/\/westcoasttriallawyers.com\/wp-content\/uploads\/2025\/07\/u6829429588_Long_Beach_California_-v_7_4cd9c920-299b-417c-aaf0-e54bf70b12f7_0-1-13.webp","datePublished":"2026-01-13T23:41:21+00:00","dateModified":"2026-01-21T13:09:38+00:00","breadcrumb":{"@id":"https:\/\/westcoasttriallawyers.com\/es\/california\/long-beach\/abogado-de-lesiones-por-quemaduras-de-long-beach#breadcrumb"},"inLanguage":"es","potentialAction":[{"@type":"ReadAction","target":["https:\/\/westcoasttriallawyers.com\/es\/california\/long-beach\/abogado-de-lesiones-por-quemaduras-de-long-beach"]}]},{"@type":"ImageObject","inLanguage":"es","@id":"https:\/\/westcoasttriallawyers.com\/es\/california\/long-beach\/abogado-de-lesiones-por-quemaduras-de-long-beach#primaryimage","url":"https:\/\/westcoasttriallawyers.com\/wp-content\/uploads\/2025\/07\/u6829429588_Long_Beach_California_-v_7_4cd9c920-299b-417c-aaf0-e54bf70b12f7_0-1-13.webp","contentUrl":"https:\/\/westcoasttriallawyers.com\/wp-content\/uploads\/2025\/07\/u6829429588_Long_Beach_California_-v_7_4cd9c920-299b-417c-aaf0-e54bf70b12f7_0-1-13.webp","width":557,"height":328},{"@type":"BreadcrumbList","@id":"https:\/\/westcoasttriallawyers.com\/es\/california\/long-beach\/abogado-de-lesiones-por-quemaduras-de-long-beach#breadcrumb","itemListElement":[{"@type":"ListItem","position":1,"name":"Inicio","item":"https:\/\/westcoasttriallawyers.com\/es"},{"@type":"ListItem","position":2,"name":"California","item":"https:\/\/westcoasttriallawyers.com\/es\/california"},{"@type":"ListItem","position":3,"name":"Long Beach","item":"https:\/\/westcoasttriallawyers.com\/es\/california\/long-beach"},{"@type":"ListItem","position":4,"name":"Abogado de Lesiones por Quemaduras de Long Beach"}]},{"@type":"WebSite","@id":"https:\/\/westcoasttriallawyers.com\/es#website","url":"https:\/\/westcoasttriallawyers.com\/es","name":"West Coast Trial Lawyers","description":"West Coast Trial Lawyers","publisher":{"@id":"https:\/\/westcoasttriallawyers.com\/es#organization"},"alternateName":"WCTL","potentialAction":[{"@type":"SearchAction","target":{"@type":"EntryPoint","urlTemplate":"https:\/\/westcoasttriallawyers.com\/es?s={search_term_string}"},"query-input":{"@type":"PropertyValueSpecification","valueRequired":true,"valueName":"search_term_string"}}],"inLanguage":"es"},{"@type":"Organization","@id":"https:\/\/westcoasttriallawyers.com\/es#organization","name":"West Coast Trial Lawyers","alternateName":"WCTL","url":"https:\/\/westcoasttriallawyers.com\/es","logo":{"@type":"ImageObject","inLanguage":"es","@id":"https:\/\/westcoasttriallawyers.com\/es#\/schema\/logo\/image\/","url":"https:\/\/westcoasttriallawyers.com\/wp-content\/uploads\/2026\/02\/WCTL-Logo.jpg","contentUrl":"https:\/\/westcoasttriallawyers.com\/wp-content\/uploads\/2026\/02\/WCTL-Logo.jpg","width":696,"height":696,"caption":"West Coast Trial Lawyers"},"image":{"@id":"https:\/\/westcoasttriallawyers.com\/es#\/schema\/logo\/image\/"},"sameAs":["https:\/\/www.facebook.com\/westcoasttriallawyers\/","https:\/\/x.com\/WestCoastTrial","https:\/\/www.linkedin.com\/company\/west-coast-trial-lawyers\/","https:\/\/www.instagram.com\/westcoasttriallawyers\/","https:\/\/www.yelp.com\/biz\/west-coast-trial-lawyers-los-angeles-2","https:\/\/www.pinterest.com\/westcoasttrial\/","https:\/\/www.youtube.com\/westcoasttriallawyersla\/","https:\/\/www.tiktok.com\/westcoasttriallawyers"],"description":"West Coast Trial Lawyers is a top-rated personal injury law firm with a goal to provide expert legal representation to those in need. The law firm has offices across California, Nevada, Arizona, and Washington.","legalName":"West Coast Trial Lawyers"}]}},"_links":{"self":[{"href":"https:\/\/westcoasttriallawyers.com\/es\/wp-json\/wp\/v2\/pages\/12868","targetHints":{"allow":["GET"]}}],"collection":[{"href":"https:\/\/westcoasttriallawyers.com\/es\/wp-json\/wp\/v2\/pages"}],"about":[{"href":"https:\/\/westcoasttriallawyers.com\/es\/wp-json\/wp\/v2\/types\/page"}],"author":[{"embeddable":true,"href":"https:\/\/westcoasttriallawyers.com\/es\/wp-json\/wp\/v2\/users\/475"}],"replies":[{"embeddable":true,"href":"https:\/\/westcoasttriallawyers.com\/es\/wp-json\/wp\/v2\/comments?post=12868"}],"version-history":[{"count":3,"href":"https:\/\/westcoasttriallawyers.com\/es\/wp-json\/wp\/v2\/pages\/12868\/revisions"}],"predecessor-version":[{"id":47686,"href":"https:\/\/westcoasttriallawyers.com\/es\/wp-json\/wp\/v2\/pages\/12868\/revisions\/47686"}],"up":[{"embeddable":true,"href":"https:\/\/westcoasttriallawyers.com\/es\/wp-json\/wp\/v2\/pages\/47396"}],"wp:featuredmedia":[{"embeddable":true,"href":"https:\/\/westcoasttriallawyers.com\/es\/wp-json\/wp\/v2\/media\/45928"}],"wp:attachment":[{"href":"https:\/\/westcoasttriallawyers.com\/es\/wp-json\/wp\/v2\/media?parent=12868"}],"curies":[{"name":"wp","href":"https:\/\/api.w.org\/{rel}","templated":true}]}}