{"id":12867,"date":"2026-01-13T23:41:20","date_gmt":"2026-01-13T23:41:20","guid":{"rendered":"https:\/\/wctl1stg.wpengine.com\/?page_id=12867"},"modified":"2026-01-21T13:25:32","modified_gmt":"2026-01-21T13:25:32","slug":"abogado-de-accidentes-de-camiones-en-long-beach","status":"publish","type":"page","link":"https:\/\/westcoasttriallawyers.com\/es\/california\/long-beach\/abogado-de-accidentes-de-camiones-en-long-beach","title":{"rendered":"Abogado de Accidentes de Camiones en Long Beach"},"content":{"rendered":"<h2><strong>Los Peligros y Riesgos de Conducir Junto a un Cami\u00f3n Comercial<\/strong><\/h2>\n<p>El gran tama\u00f1o y peso de un cami\u00f3n pueden crear un accidente desastroso, que puede involucrar a varios veh\u00edculos. Esta es una de las muchas razones por las que los conductores se ven influidos para tomar decisiones precipitadas, como acelerar o interceptar a otros conductores, para mantenerse lo m\u00e1s lejos posible de los camiones. En cierto sentido, es comprensible que un conductor quiera protegerse de cualquier da\u00f1o, sin embargo, desobedecer las reglas de tr\u00e1nsito podr\u00eda empeorar las cosas.<\/p>\n<p>A menudo se encuentra que estos conductores negligentes son uno de los principales factores que causan un accidente de cami\u00f3n. Otras partes potenciales que podr\u00edan tener la culpa de un accidente de cami\u00f3n incluye al conductor del cami\u00f3n, la compa\u00f1\u00eda del cami\u00f3n o el fabricante del cami\u00f3n. Dado que California es un estado de culpa comparativa, se interrogar\u00e1 a todas las partes para determinar c\u00f3mo se compartir\u00e1 la responsabilidad.\u00a0<\/p>\n<p>Si estuvo involucrado en un accidente de cami\u00f3n y desea presentar una demanda contra la parte culpable<strong>, Los Abogados de la Costa Oeste<\/strong> tiene abogados con experiencia\u00a0<strong>en accidentes de camiones en Long Beach\u00a0<\/strong>que lo ayudar\u00e1n a obtener la compensaci\u00f3n que merece. Hemos ganado m\u00e1s de 5000 casos de lesiones personales y hemos recuperado m\u00e1s de mil millones de d\u00f3lares en acuerdos para nuestros clientes. Debido a nuestros logros, hemos sido clasificados como uno de los mejores bufetes de abogados de lesiones personales en Long Beach.\u00a0<\/p>\n<p>Para programar una consulta gratuita y sin compromiso en nuestro<strong> bufete de abogados de lesiones personales de Long Beach<\/strong>, comun\u00edquese con nuestro equipo legal llamando al<strong> 213-927-3700<\/strong> o enviando un correo electr\u00f3nico\u00a0<a href=\"mailto:info@westcoasttriallawyers.com\">a\u00a0<strong>info@westcoasttriallawyers.com<\/strong><\/a><strong>.\u00a0<\/strong><\/p>\n<p><strong>\u00bfPor qu\u00e9 Los Camiones Comerciales son tan Peligrosos?<\/strong><\/p>\n<p>Los camiones comerciales son valiosos para la econom\u00eda estadounidense. Estos camiones se utilizan para transportar productos, como muebles, equipos y otras compras en l\u00ednea, a varios lugares del pa\u00eds. Aunque estos veh\u00edculos brindan comodidad, tambi\u00e9n pueden ser vistos como una amenaza para otros conductores cercanos.\u00a0<\/p>\n<p>Los camiones comerciales representan un peligro real para los conductores en la carretera. Seg\u00fan la<a href=\"http:\/\/www.nhtsa.gov\/\"><strong> Administraci\u00f3n Nacional de Seguridad del Tr\u00e1fico en las Carreteras (NHTSA)<\/strong><\/a>, ha habido m\u00e1s de 450,000 accidentes de camiones cada a\u00f1o. Desafortunadamente, casi 5,000 conductores fallecieron a causa de estas colisiones. Alrededor del 74 por ciento de las muertes fueron de conductores de autom\u00f3viles y sus pasajeros.\u00a0<\/p>\n<p>Los camiones comerciales comunes que amenazan la seguridad de los conductores incluyen los siguientes:<\/p>\n<ul>\n<li><strong>Camiones comerciales de 18 ruedas.<\/strong> Esto ha sido visto como un cami\u00f3n peligroso para estar cerca. La raz\u00f3n por la que la gente tiende a creer que este tipo de cami\u00f3n puede amenazar su seguridad es por su tama\u00f1o, lentitud y grandes puntos ciegos. Tambi\u00e9n puede volcarse, especialmente al hacer giros amplios.\u00a0<\/li>\n<li><strong>Grandes camiones de reparto.\u00a0<\/strong>Este cami\u00f3n est\u00e1 dise\u00f1ado para llevar y transportar mercanc\u00edas. Los conductores temen estar cerca de este veh\u00edculo debido a su pesadez y gran tama\u00f1o. Es probable que el conductor de un cami\u00f3n de reparto provoque un choque lateral, especialmente si est\u00e1 girando en una esquina cerrada.<\/li>\n<li><strong>Camiones volquete<\/strong>. Este tipo de cami\u00f3n transporta tierra, equipos de construcci\u00f3n y escombros. Los conductores a menudo se han quejado de que los escombros salen volando del cami\u00f3n volquete y caen directamente sobre su veh\u00edculo. No s\u00f3lo obstruye la vista del conductor, sino que tambi\u00e9n puede da\u00f1ar el parabrisas del conductor.<\/li>\n<\/ul>\n<p><strong>Negligencia\u00a0<\/strong><\/p>\n<p>Se espera que un conductor de cami\u00f3n brinde un deber de cuidado cuando est\u00e1 en la carretera. Esto significa que deben seguir las reglas de tr\u00e1nsito de California y asegurarse de observar cuidadosamente el camino para evitar cualquier posibilidad de causar un accidente. Desafortunadamente, hay camioneros que eligen ignorar estas leyes y act\u00faan de manera imprudente. Las antig\u00fcedades comunes que los conductores de camiones a menudo han sido atrapados haciendo incluyen lo siguiente:<\/p>\n<ul>\n<li>Exceso de velocidad para cumplir con la fecha l\u00edmite para entregar la carga.<\/li>\n<li>Conducir mientras se est\u00e1 fatigado, especialmente cuando se trabaja muchas horas.<\/li>\n<li>Distraerse haciendo otras actividades, como enviar mensajes de texto y conducir, en lugar de mantener la vista en la carretera.<\/li>\n<li>Hacer cambios de carril peligrosos.<\/li>\n<li>Haciendo giros bruscos.<\/li>\n<li>Conducir el cami\u00f3n bajo la influencia de drogas o alcohol.\u00a0<\/li>\n<li>Desobedecer sem\u00e1foros o se\u00f1ales.\u00a0<\/li>\n<li>No realizar una revisi\u00f3n de mantenimiento adecuada en el cami\u00f3n antes de sacarlo a conducir.\u00a0<\/li>\n<li>Violaci\u00f3n de las\u00a0<a href=\"https:\/\/www.fmcsa.dot.gov\/regulations\"><strong>Regulaciones Federales de Autotransportes.\u00a0<\/strong><\/a><\/li>\n<\/ul>\n<p><strong>D\u00f3nde se Permite que los Camiones Comerciales Conduzcan<\/strong><\/p>\n<p>Los carriles exclusivos para camiones se proporcionan \u00fanicamente para camiones. Sin embargo, son raros de encontrar. A partir de ahora, en California, solo hay dos carriles para camiones disponibles. Est\u00e1n ubicados en estas \u00e1reas:<\/p>\n<ul>\n<li><strong>I-5 en direcci\u00f3n sur en el condado de Kern.<\/strong> Este carril exclusivo para camiones comienza en la Ruta 99 y concluye en la I-5 en la milla posterior R015.492. La longitud total de esta distancia es de 0.346 millas. La idea detr\u00e1s de este dise\u00f1o es hacer que los camiones se incorporen m\u00e1s aguas abajo de la combinaci\u00f3n de tr\u00e1fico que se lleva a cabo en la I-5 y la 99.\u00a0\u00a0<\/li>\n<li><strong>I-5 en direcci\u00f3n norte y sur.\u00a0<\/strong>Los carriles exclusivos para camiones comienzan como dos caminos, que son el NB, ubicado en el condado de Los \u00c1ngeles con una milla postal de C043.925, y el SB en C043.899. Ambos caminos se encuentran en la milla C044.924 y llegan hasta la milla C046.351. La longitud de esta distancia se acumula de manera diferente para ambos caminos. Para NB, totaliza 2.426 millas y para SB es 2.452 millas. La raz\u00f3n por la que se han establecido estos carriles exclusivos para camiones es para separar los camiones que se mueven m\u00e1s lentamente del tr\u00e1fico que se mueve m\u00e1s r\u00e1pido.\u00a0<\/li>\n<\/ul>\n<p>Hay un par de \u00e1reas de zona prohibida para camiones, pero en su mayor parte, las autopistas de Long Beach suelen ser utilizadas por camiones comerciales y otros veh\u00edculos. Los camiones pueden conducir en carriles m\u00e1s cercanos a la derecha. No es ideal para ellos conducir en el carril izquierdo ya que los conductores tienden a acelerar en esas \u00e1reas. Si elige hacerlo, lo m\u00e1s probable es que genere tr\u00e1fico.\u00a0<\/p>\n<p>Aunque tiene sentido que los camiones eviten conducir en el carril izquierdo, California estableci\u00f3 una ley que proh\u00edbe que \u00abcamiones motorizados, camiones tractores con tres ejes o m\u00e1s y camiones tractores que remolcan veh\u00edculos\u00bb entren en las \u00e1reas del carril izquierdo. Los camioneros que desobedezcan la ley tendr\u00e1n que enfrentar multas de hasta $250. La Patrulla de Carreteras de California observar\u00e1 las carreteras para asegurarse de que ning\u00fan conductor de cami\u00f3n viole estas reglas. Aquellos que lo hagan ser\u00e1n detenidos y citados a la fuerza.<\/p>\n<p><strong>Cont\u00e1ctenos<\/strong><\/p>\n<p>Si ha sufrido lesiones en un accidente de cami\u00f3n, nuestro<strong>\u00a0<\/strong>Abogados de accidentes de camiones en Long Beach en\u00a0<a href=\"\/\"><strong>Los Abogados de la Costa Oeste\u00a0<\/strong><\/a>le ayudar\u00e1 a recuperar una compensaci\u00f3n financiera y emocional por las p\u00e9rdidas que ha sufrido, incluyendo<strong>\u00a0<\/strong>facturas m\u00e9dicas,\u00a0<a href=\"\/emotional-distress\/\"><strong>angustia emocional<\/strong><\/a>, salarios perdidos,\u00a0 dolor y sufrimiento, y m\u00e1s.<\/p>\n<p>Para programar una consulta gratuita en nuestro bufete de abogados de lesiones personales de Long Beach, comun\u00edquese con nuestro equipo legal las 24 horas, los 7 d\u00edas de la semana llamando al<strong> 213-927-3700<\/strong> o enviando un correo electr\u00f3nico\u00a0<a href=\"mailto:info@westcoasttriallawyers.com\">a\u00a0<strong>info@westcoasttriallawyers.com<\/strong><\/a><strong>.\u00a0<\/strong><\/p>\n<p><!-- WCTL_DEBUG: no shortcode in this_content --><\/p>\n","protected":false},"excerpt":{"rendered":"<p>Los Peligros y Riesgos de Conducir Junto a un Cami\u00f3n Comercial El gran tama\u00f1o y peso de un cami\u00f3n pueden crear un accidente desastroso, que puede involucrar a varios veh\u00edculos. Esta es una de las muchas razones por las que los conductores se ven influidos para tomar decisiones precipitadas, como acelerar o interceptar a otros [&hellip;]<\/p>\n","protected":false},"author":475,"featured_media":45923,"parent":47396,"menu_order":0,"comment_status":"closed","ping_status":"closed","template":"","meta":{"inline_featured_image":false,"footnotes":""},"class_list":["post-12867","page","type-page","status-publish","has-post-thumbnail","hentry"],"acf":[],"yoast_head":"<!-- This site is optimized with the Yoast SEO Premium plugin v26.0 (Yoast SEO v26.0) - https:\/\/yoast.com\/wordpress\/plugins\/seo\/ -->\n<title>Abogado de Accidentes de Camiones en Long Beach | West Coast Trial Lawyers<\/title>\n<meta name=\"robots\" content=\"index, follow, max-snippet:-1, max-image-preview:large, max-video-preview:-1\" \/>\n<link rel=\"canonical\" href=\"https:\/\/westcoasttriallawyers.com\/es\/california\/long-beach\/abogado-de-accidentes-de-camiones-en-long-beach\" \/>\n<meta property=\"og:locale\" content=\"es_ES\" \/>\n<meta property=\"og:type\" content=\"article\" \/>\n<meta property=\"og:title\" content=\"Abogado de Accidentes de Camiones en Long Beach\" \/>\n<meta property=\"og:description\" content=\"Los Peligros y Riesgos de Conducir Junto a un Cami\u00f3n Comercial El gran tama\u00f1o y peso de un cami\u00f3n pueden crear un accidente desastroso, que puede involucrar a varios veh\u00edculos. Esta es una de las muchas razones por las que los conductores se ven influidos para tomar decisiones precipitadas, como acelerar o interceptar a otros [&hellip;]\" \/>\n<meta property=\"og:url\" content=\"https:\/\/westcoasttriallawyers.com\/es\/california\/long-beach\/abogado-de-accidentes-de-camiones-en-long-beach\" \/>\n<meta property=\"og:site_name\" content=\"West Coast Trial Lawyers\" \/>\n<meta property=\"article:publisher\" content=\"https:\/\/www.facebook.com\/westcoasttriallawyers\/\" \/>\n<meta property=\"article:modified_time\" content=\"2026-01-21T13:25:32+00:00\" \/>\n<meta property=\"og:image\" content=\"https:\/\/westcoasttriallawyers.com\/wp-content\/uploads\/2025\/07\/u6829429588_Long_Beach_California_-v_7_4cd9c920-299b-417c-aaf0-e54bf70b12f7_0-1-11.webp\" \/>\n\t<meta property=\"og:image:width\" content=\"557\" \/>\n\t<meta property=\"og:image:height\" content=\"328\" \/>\n\t<meta property=\"og:image:type\" content=\"image\/webp\" \/>\n<meta name=\"twitter:card\" content=\"summary_large_image\" \/>\n<meta name=\"twitter:site\" content=\"@WestCoastTrial\" \/>\n<meta name=\"twitter:label1\" content=\"Tiempo de lectura\" \/>\n\t<meta name=\"twitter:data1\" content=\"6 minutos\" \/>\n<script type=\"application\/ld+json\" class=\"yoast-schema-graph\">{\"@context\":\"https:\/\/schema.org\",\"@graph\":[{\"@type\":[\"WebPage\",\"ItemPage\"],\"@id\":\"https:\/\/westcoasttriallawyers.com\/es\/california\/long-beach\/abogado-de-accidentes-de-camiones-en-long-beach\",\"url\":\"https:\/\/westcoasttriallawyers.com\/es\/california\/long-beach\/abogado-de-accidentes-de-camiones-en-long-beach\",\"name\":\"Abogado de Accidentes de Camiones en Long Beach | West Coast Trial Lawyers\",\"isPartOf\":{\"@id\":\"https:\/\/westcoasttriallawyers.com\/es#website\"},\"primaryImageOfPage\":{\"@id\":\"https:\/\/westcoasttriallawyers.com\/es\/california\/long-beach\/abogado-de-accidentes-de-camiones-en-long-beach#primaryimage\"},\"image\":{\"@id\":\"https:\/\/westcoasttriallawyers.com\/es\/california\/long-beach\/abogado-de-accidentes-de-camiones-en-long-beach#primaryimage\"},\"thumbnailUrl\":\"https:\/\/westcoasttriallawyers.com\/wp-content\/uploads\/2025\/07\/u6829429588_Long_Beach_California_-v_7_4cd9c920-299b-417c-aaf0-e54bf70b12f7_0-1-11.webp\",\"datePublished\":\"2026-01-13T23:41:20+00:00\",\"dateModified\":\"2026-01-21T13:25:32+00:00\",\"breadcrumb\":{\"@id\":\"https:\/\/westcoasttriallawyers.com\/es\/california\/long-beach\/abogado-de-accidentes-de-camiones-en-long-beach#breadcrumb\"},\"inLanguage\":\"es\",\"potentialAction\":[{\"@type\":\"ReadAction\",\"target\":[\"https:\/\/westcoasttriallawyers.com\/es\/california\/long-beach\/abogado-de-accidentes-de-camiones-en-long-beach\"]}]},{\"@type\":\"ImageObject\",\"inLanguage\":\"es\",\"@id\":\"https:\/\/westcoasttriallawyers.com\/es\/california\/long-beach\/abogado-de-accidentes-de-camiones-en-long-beach#primaryimage\",\"url\":\"https:\/\/westcoasttriallawyers.com\/wp-content\/uploads\/2025\/07\/u6829429588_Long_Beach_California_-v_7_4cd9c920-299b-417c-aaf0-e54bf70b12f7_0-1-11.webp\",\"contentUrl\":\"https:\/\/westcoasttriallawyers.com\/wp-content\/uploads\/2025\/07\/u6829429588_Long_Beach_California_-v_7_4cd9c920-299b-417c-aaf0-e54bf70b12f7_0-1-11.webp\",\"width\":557,\"height\":328},{\"@type\":\"BreadcrumbList\",\"@id\":\"https:\/\/westcoasttriallawyers.com\/es\/california\/long-beach\/abogado-de-accidentes-de-camiones-en-long-beach#breadcrumb\",\"itemListElement\":[{\"@type\":\"ListItem\",\"position\":1,\"name\":\"Inicio\",\"item\":\"https:\/\/westcoasttriallawyers.com\/es\"},{\"@type\":\"ListItem\",\"position\":2,\"name\":\"California\",\"item\":\"https:\/\/westcoasttriallawyers.com\/es\/california\"},{\"@type\":\"ListItem\",\"position\":3,\"name\":\"Long Beach\",\"item\":\"https:\/\/westcoasttriallawyers.com\/es\/california\/long-beach\"},{\"@type\":\"ListItem\",\"position\":4,\"name\":\"Abogado de Accidentes de Camiones en Long Beach\"}]},{\"@type\":\"WebSite\",\"@id\":\"https:\/\/westcoasttriallawyers.com\/es#website\",\"url\":\"https:\/\/westcoasttriallawyers.com\/es\",\"name\":\"West Coast Trial Lawyers\",\"description\":\"West Coast Trial Lawyers\",\"publisher\":{\"@id\":\"https:\/\/westcoasttriallawyers.com\/es#organization\"},\"alternateName\":\"WCTL\",\"potentialAction\":[{\"@type\":\"SearchAction\",\"target\":{\"@type\":\"EntryPoint\",\"urlTemplate\":\"https:\/\/westcoasttriallawyers.com\/es?s={search_term_string}\"},\"query-input\":{\"@type\":\"PropertyValueSpecification\",\"valueRequired\":true,\"valueName\":\"search_term_string\"}}],\"inLanguage\":\"es\"},{\"@type\":\"Organization\",\"@id\":\"https:\/\/westcoasttriallawyers.com\/es#organization\",\"name\":\"West Coast Trial Lawyers\",\"alternateName\":\"WCTL\",\"url\":\"https:\/\/westcoasttriallawyers.com\/es\",\"logo\":{\"@type\":\"ImageObject\",\"inLanguage\":\"es\",\"@id\":\"https:\/\/westcoasttriallawyers.com\/es#\/schema\/logo\/image\/\",\"url\":\"https:\/\/westcoasttriallawyers.com\/wp-content\/uploads\/2026\/02\/WCTL-Logo.jpg\",\"contentUrl\":\"https:\/\/westcoasttriallawyers.com\/wp-content\/uploads\/2026\/02\/WCTL-Logo.jpg\",\"width\":696,\"height\":696,\"caption\":\"West Coast Trial Lawyers\"},\"image\":{\"@id\":\"https:\/\/westcoasttriallawyers.com\/es#\/schema\/logo\/image\/\"},\"sameAs\":[\"https:\/\/www.facebook.com\/westcoasttriallawyers\/\",\"https:\/\/x.com\/WestCoastTrial\",\"https:\/\/www.linkedin.com\/company\/west-coast-trial-lawyers\/\",\"https:\/\/www.instagram.com\/westcoasttriallawyers\/\",\"https:\/\/www.yelp.com\/biz\/west-coast-trial-lawyers-los-angeles-2\",\"https:\/\/www.pinterest.com\/westcoasttrial\/\",\"https:\/\/www.youtube.com\/westcoasttriallawyersla\/\",\"https:\/\/www.tiktok.com\/westcoasttriallawyers\"],\"description\":\"West Coast Trial Lawyers is a top-rated personal injury law firm with a goal to provide expert legal representation to those in need. The law firm has offices across California, Nevada, Arizona, and Washington.\",\"legalName\":\"West Coast Trial Lawyers\"}]}<\/script>\n<!-- \/ Yoast SEO Premium plugin. -->","yoast_head_json":{"title":"Abogado de Accidentes de Camiones en Long Beach | West Coast Trial Lawyers","robots":{"index":"index","follow":"follow","max-snippet":"max-snippet:-1","max-image-preview":"max-image-preview:large","max-video-preview":"max-video-preview:-1"},"canonical":"https:\/\/westcoasttriallawyers.com\/es\/california\/long-beach\/abogado-de-accidentes-de-camiones-en-long-beach","og_locale":"es_ES","og_type":"article","og_title":"Abogado de Accidentes de Camiones en Long Beach","og_description":"Los Peligros y Riesgos de Conducir Junto a un Cami\u00f3n Comercial El gran tama\u00f1o y peso de un cami\u00f3n pueden crear un accidente desastroso, que puede involucrar a varios veh\u00edculos. Esta es una de las muchas razones por las que los conductores se ven influidos para tomar decisiones precipitadas, como acelerar o interceptar a otros [&hellip;]","og_url":"https:\/\/westcoasttriallawyers.com\/es\/california\/long-beach\/abogado-de-accidentes-de-camiones-en-long-beach","og_site_name":"West Coast Trial Lawyers","article_publisher":"https:\/\/www.facebook.com\/westcoasttriallawyers\/","article_modified_time":"2026-01-21T13:25:32+00:00","og_image":[{"width":557,"height":328,"url":"https:\/\/westcoasttriallawyers.com\/wp-content\/uploads\/2025\/07\/u6829429588_Long_Beach_California_-v_7_4cd9c920-299b-417c-aaf0-e54bf70b12f7_0-1-11.webp","type":"image\/webp"}],"twitter_card":"summary_large_image","twitter_site":"@WestCoastTrial","twitter_misc":{"Tiempo de lectura":"6 minutos"},"schema":{"@context":"https:\/\/schema.org","@graph":[{"@type":["WebPage","ItemPage"],"@id":"https:\/\/westcoasttriallawyers.com\/es\/california\/long-beach\/abogado-de-accidentes-de-camiones-en-long-beach","url":"https:\/\/westcoasttriallawyers.com\/es\/california\/long-beach\/abogado-de-accidentes-de-camiones-en-long-beach","name":"Abogado de Accidentes de Camiones en Long Beach | West Coast Trial Lawyers","isPartOf":{"@id":"https:\/\/westcoasttriallawyers.com\/es#website"},"primaryImageOfPage":{"@id":"https:\/\/westcoasttriallawyers.com\/es\/california\/long-beach\/abogado-de-accidentes-de-camiones-en-long-beach#primaryimage"},"image":{"@id":"https:\/\/westcoasttriallawyers.com\/es\/california\/long-beach\/abogado-de-accidentes-de-camiones-en-long-beach#primaryimage"},"thumbnailUrl":"https:\/\/westcoasttriallawyers.com\/wp-content\/uploads\/2025\/07\/u6829429588_Long_Beach_California_-v_7_4cd9c920-299b-417c-aaf0-e54bf70b12f7_0-1-11.webp","datePublished":"2026-01-13T23:41:20+00:00","dateModified":"2026-01-21T13:25:32+00:00","breadcrumb":{"@id":"https:\/\/westcoasttriallawyers.com\/es\/california\/long-beach\/abogado-de-accidentes-de-camiones-en-long-beach#breadcrumb"},"inLanguage":"es","potentialAction":[{"@type":"ReadAction","target":["https:\/\/westcoasttriallawyers.com\/es\/california\/long-beach\/abogado-de-accidentes-de-camiones-en-long-beach"]}]},{"@type":"ImageObject","inLanguage":"es","@id":"https:\/\/westcoasttriallawyers.com\/es\/california\/long-beach\/abogado-de-accidentes-de-camiones-en-long-beach#primaryimage","url":"https:\/\/westcoasttriallawyers.com\/wp-content\/uploads\/2025\/07\/u6829429588_Long_Beach_California_-v_7_4cd9c920-299b-417c-aaf0-e54bf70b12f7_0-1-11.webp","contentUrl":"https:\/\/westcoasttriallawyers.com\/wp-content\/uploads\/2025\/07\/u6829429588_Long_Beach_California_-v_7_4cd9c920-299b-417c-aaf0-e54bf70b12f7_0-1-11.webp","width":557,"height":328},{"@type":"BreadcrumbList","@id":"https:\/\/westcoasttriallawyers.com\/es\/california\/long-beach\/abogado-de-accidentes-de-camiones-en-long-beach#breadcrumb","itemListElement":[{"@type":"ListItem","position":1,"name":"Inicio","item":"https:\/\/westcoasttriallawyers.com\/es"},{"@type":"ListItem","position":2,"name":"California","item":"https:\/\/westcoasttriallawyers.com\/es\/california"},{"@type":"ListItem","position":3,"name":"Long Beach","item":"https:\/\/westcoasttriallawyers.com\/es\/california\/long-beach"},{"@type":"ListItem","position":4,"name":"Abogado de Accidentes de Camiones en Long Beach"}]},{"@type":"WebSite","@id":"https:\/\/westcoasttriallawyers.com\/es#website","url":"https:\/\/westcoasttriallawyers.com\/es","name":"West Coast Trial Lawyers","description":"West Coast Trial Lawyers","publisher":{"@id":"https:\/\/westcoasttriallawyers.com\/es#organization"},"alternateName":"WCTL","potentialAction":[{"@type":"SearchAction","target":{"@type":"EntryPoint","urlTemplate":"https:\/\/westcoasttriallawyers.com\/es?s={search_term_string}"},"query-input":{"@type":"PropertyValueSpecification","valueRequired":true,"valueName":"search_term_string"}}],"inLanguage":"es"},{"@type":"Organization","@id":"https:\/\/westcoasttriallawyers.com\/es#organization","name":"West Coast Trial Lawyers","alternateName":"WCTL","url":"https:\/\/westcoasttriallawyers.com\/es","logo":{"@type":"ImageObject","inLanguage":"es","@id":"https:\/\/westcoasttriallawyers.com\/es#\/schema\/logo\/image\/","url":"https:\/\/westcoasttriallawyers.com\/wp-content\/uploads\/2026\/02\/WCTL-Logo.jpg","contentUrl":"https:\/\/westcoasttriallawyers.com\/wp-content\/uploads\/2026\/02\/WCTL-Logo.jpg","width":696,"height":696,"caption":"West Coast Trial Lawyers"},"image":{"@id":"https:\/\/westcoasttriallawyers.com\/es#\/schema\/logo\/image\/"},"sameAs":["https:\/\/www.facebook.com\/westcoasttriallawyers\/","https:\/\/x.com\/WestCoastTrial","https:\/\/www.linkedin.com\/company\/west-coast-trial-lawyers\/","https:\/\/www.instagram.com\/westcoasttriallawyers\/","https:\/\/www.yelp.com\/biz\/west-coast-trial-lawyers-los-angeles-2","https:\/\/www.pinterest.com\/westcoasttrial\/","https:\/\/www.youtube.com\/westcoasttriallawyersla\/","https:\/\/www.tiktok.com\/westcoasttriallawyers"],"description":"West Coast Trial Lawyers is a top-rated personal injury law firm with a goal to provide expert legal representation to those in need. The law firm has offices across California, Nevada, Arizona, and Washington.","legalName":"West Coast Trial Lawyers"}]}},"_links":{"self":[{"href":"https:\/\/westcoasttriallawyers.com\/es\/wp-json\/wp\/v2\/pages\/12867","targetHints":{"allow":["GET"]}}],"collection":[{"href":"https:\/\/westcoasttriallawyers.com\/es\/wp-json\/wp\/v2\/pages"}],"about":[{"href":"https:\/\/westcoasttriallawyers.com\/es\/wp-json\/wp\/v2\/types\/page"}],"author":[{"embeddable":true,"href":"https:\/\/westcoasttriallawyers.com\/es\/wp-json\/wp\/v2\/users\/475"}],"replies":[{"embeddable":true,"href":"https:\/\/westcoasttriallawyers.com\/es\/wp-json\/wp\/v2\/comments?post=12867"}],"version-history":[{"count":3,"href":"https:\/\/westcoasttriallawyers.com\/es\/wp-json\/wp\/v2\/pages\/12867\/revisions"}],"predecessor-version":[{"id":47704,"href":"https:\/\/westcoasttriallawyers.com\/es\/wp-json\/wp\/v2\/pages\/12867\/revisions\/47704"}],"up":[{"embeddable":true,"href":"https:\/\/westcoasttriallawyers.com\/es\/wp-json\/wp\/v2\/pages\/47396"}],"wp:featuredmedia":[{"embeddable":true,"href":"https:\/\/westcoasttriallawyers.com\/es\/wp-json\/wp\/v2\/media\/45923"}],"wp:attachment":[{"href":"https:\/\/westcoasttriallawyers.com\/es\/wp-json\/wp\/v2\/media?parent=12867"}],"curies":[{"name":"wp","href":"https:\/\/api.w.org\/{rel}","templated":true}]}}