{"id":12866,"date":"2026-01-13T23:41:28","date_gmt":"2026-01-13T23:41:28","guid":{"rendered":"https:\/\/wctl1stg.wpengine.com\/?page_id=12866"},"modified":"2026-01-21T13:23:19","modified_gmt":"2026-01-21T13:23:19","slug":"abogado-de-lesiones-de-la-medula-espinal-en-long-beach","status":"publish","type":"page","link":"https:\/\/westcoasttriallawyers.com\/es\/california\/long-beach\/abogado-de-lesiones-de-la-medula-espinal-en-long-beach","title":{"rendered":"Abogado de Lesiones de la M\u00e9dula Espinal en Long Beach"},"content":{"rendered":"<h2><strong>C\u00f3mo Diagnosticar y Tratar una Lesi\u00f3n de la M\u00e9dula Espinal<\/strong><\/h2>\n<p>Una lesi\u00f3n de la m\u00e9dula espinal generalmente es causada por un fuerte impacto en la espalda. Los factores comunes que contribuyen a este tipo de lesiones incluyen accidentes automovil\u00edsticos, deportes de alto impacto, accidentes por resbalones y ca\u00eddas y violencia. Desafortunadamente, las lesiones de la m\u00e9dula espinal no son curables, pero a\u00fan pueden tratarse para lograr algunas mejoras que har\u00e1n la vida un poco m\u00e1s c\u00f3moda para la v\u00edctima.<\/p>\n<p>Si su lesi\u00f3n de la m\u00e9dula espinal fue causada por la negligencia de otra persona, es posible que tenga derecho a recibir una compensaci\u00f3n por sus p\u00e9rdidas. En Los Abogados de la Costa Oeste, nuestros abogados con experiencia<strong> en lesiones de la m\u00e9dula espinal en Long Beach<\/strong> han ganado m\u00e1s de 5,000 casos de lesiones personales y han recuperado m\u00e1s de $1,000 millones en acuerdos para nuestros clientes. Debido a nuestros logros, hemos sido clasificados como uno de los mejores bufetes de abogados de lesiones personales en\u00a0<strong>Long Beach.\u00a0<\/strong><\/p>\n<p>Para programar una consulta gratuita y sin compromiso en nuestro\u00a0<strong>bufete de abogados de lesiones personales de Long Beach<\/strong>, comun\u00edquese con nuestro personal legal las 24 horas, los 7 d\u00edas de la semana llamando al\u00a0<strong>213-927-3700<\/strong> o enviando un correo electr\u00f3nico<strong>\u00a0<\/strong><a href=\"mailto:info@westcoasttriallawyers.com\"><strong>info@westcoasttriallawyers.com<\/strong><\/a><strong>.<\/strong>\u00a0<\/p>\n<p><strong>Tipos de Lesiones de la M\u00e9dula Espinal<\/strong><\/p>\n<p>La columna vertebral tiene tres segmentos principales, que incluyen la columna cervical, tor\u00e1cica y lumbar. Una persona puede soportar un tipo diferente de dolor o s\u00edntomas seg\u00fan el \u00e1rea de la columna que se lesion\u00f3. A continuaci\u00f3n, discutiremos m\u00e1s sobre estos tres segmentos principales, junto con el plexo sacro, y los efectos que pueden causar en el cuerpo cuando se da\u00f1an.\u00a0<\/p>\n<ul>\n<li><strong>Columna cervical.\u00a0<\/strong>La columna cervical tiene siete segmentos vertebrales (C1 a C7). Esta \u00e1rea de la columna vertebral se considera fuerte y flexible, ya que permite que el cuello se mueva en varias direcciones. La columna cervical tiene muchas funciones importantes, como proteger la columna, sostener la cabeza, permitir el movimiento del cuello y ayudar a que la sangre fluya hacia el cerebro. Aquellos que sufren una lesi\u00f3n en la columna cervical probablemente experimenten dificultad para respirar o hablar, entumecimiento, hormigueo, p\u00e9rdida de sensibilidad debajo de la lesi\u00f3n, par\u00e1lisis, falta de control de la vejiga o el intestino, o incapacidad para cuidarse a s\u00ed mismos.\u00a0<\/li>\n<li><strong>Columna tor\u00e1cica.\u00a0<\/strong>La columna tor\u00e1cica se identifica como el \u00e1rea m\u00e1s larga de la columna. Se encuentra entre la columna cervical y la columna lumbar. Tiene 12 segmentos vertebrales (T1 a T12) y parece tener una curva cif\u00f3tica. La columna tor\u00e1cica es la encargada de brindar estabilidad y soporte. Quienes sufren una lesi\u00f3n en la columna tor\u00e1cica pueden sufrir s\u00edntomas, como debilidad en las piernas, p\u00e9rdida de sensibilidad en \u00e1reas debajo de la lesi\u00f3n, falta de control de la vejiga o el intestino o dolor de espalda.\u00a0<\/li>\n<li><strong>Espina lumbar.\u00a0<\/strong>La columna lumbar, que tiene 5 segmentos vertebrales (L1 a L5), tiene la funci\u00f3n de sostener y estabilizar la parte superior del cuerpo. Tambi\u00e9n se encarga de controlar los movimientos del tronco y de las piernas. Adem\u00e1s, las v\u00e9rtebras lumbares superiores protegen la m\u00e9dula espinal, mientras que las v\u00e9rtebras inferiores act\u00faan como una barrera para los nervios de la cauda equina. Es probable que cualquier da\u00f1o en el \u00e1rea de la columna lumbar resulte en la p\u00e9rdida de la funci\u00f3n de las caderas y las piernas o la falta de control de la vejiga o el intestino. Quienes sufren este tipo de lesi\u00f3n de la m\u00e9dula espinal pueden necesitar una silla de ruedas o aparatos ortop\u00e9dicos para las piernas.\u00a0<\/li>\n<li><strong>Plexo sacro.\u00a0<\/strong>El plexo sacro se encuentra en la secci\u00f3n m\u00e1s baja de la columna vertebral. Se identifica como un grupo de nervios que ofrecen funciones motoras y sensoriales a las partes inferiores del cuerpo, como la pelvis, la parte posterior de los muslos y la mayor parte de los pies, los tobillos y las pantorrillas. Es probable que el da\u00f1o causado al plexo sacro resulte en un impacto en las caderas y el \u00e1rea de la ingle (S1), la parte posterior de los muslos (S2), el \u00e1rea de las nalgas (S3) o el \u00e1rea perineal (S4 y S5).\u00a0\u00a0<\/li>\n<\/ul>\n<p><strong>Diagn\u00f3stico de una Lesi\u00f3n de la M\u00e9dula Espinal<\/strong><\/p>\n<p>Hay varias formas de diagnosticar una lesi\u00f3n de la m\u00e9dula espinal. La mayor\u00eda de los factores implican el uso de pruebas de imagen, como una radiograf\u00eda, una tomograf\u00eda computarizada o una resonancia magn\u00e9tica. La radiograf\u00eda mostrar\u00e1 problemas vertebrales, fracturas, tumores o cualquier otro cambio notable en la columna. Una tomograf\u00eda computarizada proporcionar\u00e1 una imagen m\u00e1s clara de la columna vertebral para que el m\u00e9dico observe mejor cualquier anomal\u00eda. Una resonancia magn\u00e9tica puede ayudar al m\u00e9dico a encontrar co\u00e1gulos de sangre, discos herniados u otras masas preocupantes que podr\u00edan da\u00f1ar la m\u00e9dula espinal. Tambi\u00e9n se puede administrar un examen f\u00edsico. Esto pondr\u00e1 a prueba tu sensibilidad al tacto. El especialista en columna ver\u00e1 si sus brazos y piernas todav\u00eda est\u00e1n sanos o no. Tambi\u00e9n verificar\u00e1n si tiene reflejos musculares saludables o fuerza. Es posible que le pidan que use un collar\u00edn cervical para inmovilizar correctamente el cuello y la parte superior de la columna hasta que el m\u00e9dico le informe cuando ya no necesite usarlo.<\/p>\n<p><strong>Tratamiento de una Lesi\u00f3n de la M\u00e9dula Espinal<\/strong><\/p>\n<p>Una vez que reciba un diagn\u00f3stico, su especialista en columna crear\u00e1 un plan de tratamiento que lo ayudar\u00e1 a lidiar con su lesi\u00f3n de la m\u00e9dula espinal. Las posibles recomendaciones para tratar la columna vertebral pueden incluir las siguientes:<\/p>\n<ul>\n<li><strong>Medicamentos.\u00a0<\/strong>Los medicamentos comunes que se administran a quienes sufren una lesi\u00f3n de la m\u00e9dula espinal incluyen antibi\u00f3ticos, antidepresivos, corticosteroides, relajantes musculares, analg\u00e9sicos narc\u00f3ticos, etc.\u00a0<\/li>\n<li><strong>inmovilizaci\u00f3n\u00a0<\/strong>Es posible que deba estabilizar su columna vertebral despu\u00e9s de que se haya da\u00f1ado. Los aparatos ortop\u00e9dicos para el cuello ayudar\u00e1n a alinear la columna correctamente.\u00a0<\/li>\n<li><strong>Cirug\u00eda.\u00a0<\/strong>Este es un paso obligatorio si el m\u00e9dico descubre fragmentos \u00f3seos, discos herniados o v\u00e9rtebras fracturadas.\u00a0<\/li>\n<li><strong>Rehabilitaci\u00f3n.<\/strong> Una vez que est\u00e9 en la etapa de recuperaci\u00f3n, su m\u00e9dico puede recomendarle que visite un equipo de rehabilitaci\u00f3n. Es probable que deba programar citas para ver a un fisioterapeuta, un terapeuta ocupacional, un especialista en lesiones de la m\u00e9dula espinal, un trabajador social o un psic\u00f3logo de rehabilitaci\u00f3n. Estos terapeutas lo ayudar\u00e1n a superar el dolor y la incomodidad, adem\u00e1s de ense\u00f1arle algunos ejercicios que fortalecer\u00e1n sus m\u00fasculos y mejorar\u00e1n sus habilidades motoras para ayudarlo a realizar actividades b\u00e1sicas.\u00a0<\/li>\n<li><strong>Tecnolog\u00eda.\u00a0<\/strong>Existen varios tipos de tecnolog\u00eda o equipos que pueden ayudarlo a mejorar su movilidad. Estos incluyen el uso de sillas de ruedas est\u00e1ndar o el\u00e9ctricas, un dispositivo de estimulaci\u00f3n el\u00e9ctrica cl\u00ednica (CES) o una ayuda electr\u00f3nica. Una\u00a0<strong>silla de ruedas est\u00e1ndar o el\u00e9ctrica<\/strong> har\u00e1 que sea m\u00e1s conveniente para usted moverse sin experimentar dolor en la columna. Es posible que le ofrezcan cualquier tipo de silla de ruedas seg\u00fan su situaci\u00f3n o preferencia. Una\u00a0<strong>estimulaci\u00f3n el\u00e9ctrica cl\u00ednica (CES)\u00a0<\/strong>lo ayudar\u00e1 a mover diferentes partes de su cuerpo, como los m\u00fasculos de los brazos o las piernas. Esto le permitir\u00e1 pararse, caminar, alcanzar o agarrar. Una<strong> ayuda electr\u00f3nica\u00a0<\/strong>te facilitar\u00e1 la realizaci\u00f3n de actividades sin necesidad de desplazarse f\u00edsicamente. Debe usar sistemas controlados por voz y basados \u200b\u200ben computadora para que esto funcione.\u00a0<\/li>\n<\/ul>\n<p><strong>Recuperaci\u00f3n de una Lesi\u00f3n de la M\u00e9dula Espinal<\/strong><\/p>\n<p>No hay necesariamente una recuperaci\u00f3n completa con una lesi\u00f3n de la m\u00e9dula espinal, ya que es incurable. Sin embargo, una v\u00edctima de lesi\u00f3n de la m\u00e9dula espinal puede notar algunas mejoras dentro de una semana a seis meses despu\u00e9s de la fecha inicial del accidente. Otros pueden experimentar resultados unos a\u00f1os m\u00e1s tarde. Las mejoras en una lesi\u00f3n de la m\u00e9dula espinal pueden variar seg\u00fan el segmento de la columna que se haya da\u00f1ado gravemente y c\u00f3mo haya respondido el cuerpo al tratamiento.\u00a0<\/p>\n<p><strong>Comun\u00edquese con Nosotros<\/strong><\/p>\n<p>Si es v\u00edctima de una lesi\u00f3n en la m\u00e9dula espinal debido a la negligencia de otra persona,\u00a0<a href=\"\/\"><strong>Abogados de la Costa Oeste<\/strong><\/a>\u00a0cuenta con abogados certificados en lesiones de la m\u00e9dula espinal de Long Beach con m\u00e1s de 60 a\u00f1os de experiencia legal colectiva en el manejo de casos de lesiones personales. Estamos seguros de que le daremos un buen resultado a su acuerdo.\u00a0<\/p>\n<p>Para programar una consulta gratuita en nuestro bufete de abogados de lesiones personales de Long Beach, comun\u00edquese con nuestro equipo legal las 24 horas del d\u00eda, los 7 d\u00edas de la semana llamando al<strong> 213-927-3700\u00a0<\/strong>o enviando un correo electr\u00f3nico\u00a0<a href=\"mailto:info@westcoasttriallawyers.com\">a\u00a0<strong>info@westcoasttriallawyers.com<\/strong><\/a><strong>.\u00a0<\/strong><\/p>\n<p><!-- WCTL_DEBUG: no shortcode in this_content --><\/p>\n","protected":false},"excerpt":{"rendered":"<p>C\u00f3mo Diagnosticar y Tratar una Lesi\u00f3n de la M\u00e9dula Espinal Una lesi\u00f3n de la m\u00e9dula espinal generalmente es causada por un fuerte impacto en la espalda. Los factores comunes que contribuyen a este tipo de lesiones incluyen accidentes automovil\u00edsticos, deportes de alto impacto, accidentes por resbalones y ca\u00eddas y violencia. Desafortunadamente, las lesiones de la [&hellip;]<\/p>\n","protected":false},"author":475,"featured_media":45958,"parent":47396,"menu_order":0,"comment_status":"closed","ping_status":"closed","template":"","meta":{"inline_featured_image":false,"footnotes":""},"class_list":["post-12866","page","type-page","status-publish","has-post-thumbnail","hentry"],"acf":[],"yoast_head":"<!-- This site is optimized with the Yoast SEO Premium plugin v26.0 (Yoast SEO v26.0) - https:\/\/yoast.com\/wordpress\/plugins\/seo\/ -->\n<title>Abogado de Lesiones de la M\u00e9dula Espinal en Long Beach | West Coast Trial Lawyers<\/title>\n<meta name=\"robots\" content=\"index, follow, max-snippet:-1, max-image-preview:large, max-video-preview:-1\" \/>\n<link rel=\"canonical\" href=\"https:\/\/westcoasttriallawyers.com\/es\/california\/long-beach\/abogado-de-lesiones-de-la-medula-espinal-en-long-beach\" \/>\n<meta property=\"og:locale\" content=\"es_ES\" \/>\n<meta property=\"og:type\" content=\"article\" \/>\n<meta property=\"og:title\" content=\"Abogado de Lesiones de la M\u00e9dula Espinal en Long Beach\" \/>\n<meta property=\"og:description\" content=\"C\u00f3mo Diagnosticar y Tratar una Lesi\u00f3n de la M\u00e9dula Espinal Una lesi\u00f3n de la m\u00e9dula espinal generalmente es causada por un fuerte impacto en la espalda. Los factores comunes que contribuyen a este tipo de lesiones incluyen accidentes automovil\u00edsticos, deportes de alto impacto, accidentes por resbalones y ca\u00eddas y violencia. Desafortunadamente, las lesiones de la [&hellip;]\" \/>\n<meta property=\"og:url\" content=\"https:\/\/westcoasttriallawyers.com\/es\/california\/long-beach\/abogado-de-lesiones-de-la-medula-espinal-en-long-beach\" \/>\n<meta property=\"og:site_name\" content=\"West Coast Trial Lawyers\" \/>\n<meta property=\"article:publisher\" content=\"https:\/\/www.facebook.com\/westcoasttriallawyers\/\" \/>\n<meta property=\"article:modified_time\" content=\"2026-01-21T13:23:19+00:00\" \/>\n<meta property=\"og:image\" content=\"https:\/\/westcoasttriallawyers.com\/wp-content\/uploads\/2025\/07\/u6829429588_Long_Beach_California_-v_7_4cd9c920-299b-417c-aaf0-e54bf70b12f7_0-1-25.webp\" \/>\n\t<meta property=\"og:image:width\" content=\"557\" \/>\n\t<meta property=\"og:image:height\" content=\"328\" \/>\n\t<meta property=\"og:image:type\" content=\"image\/webp\" \/>\n<meta name=\"twitter:card\" content=\"summary_large_image\" \/>\n<meta name=\"twitter:site\" content=\"@WestCoastTrial\" \/>\n<meta name=\"twitter:label1\" content=\"Tiempo de lectura\" \/>\n\t<meta name=\"twitter:data1\" content=\"6 minutos\" \/>\n<script type=\"application\/ld+json\" class=\"yoast-schema-graph\">{\"@context\":\"https:\/\/schema.org\",\"@graph\":[{\"@type\":[\"WebPage\",\"ItemPage\"],\"@id\":\"https:\/\/westcoasttriallawyers.com\/es\/california\/long-beach\/abogado-de-lesiones-de-la-medula-espinal-en-long-beach\",\"url\":\"https:\/\/westcoasttriallawyers.com\/es\/california\/long-beach\/abogado-de-lesiones-de-la-medula-espinal-en-long-beach\",\"name\":\"Abogado de Lesiones de la M\u00e9dula Espinal en Long Beach | West Coast Trial Lawyers\",\"isPartOf\":{\"@id\":\"https:\/\/westcoasttriallawyers.com\/es#website\"},\"primaryImageOfPage\":{\"@id\":\"https:\/\/westcoasttriallawyers.com\/es\/california\/long-beach\/abogado-de-lesiones-de-la-medula-espinal-en-long-beach#primaryimage\"},\"image\":{\"@id\":\"https:\/\/westcoasttriallawyers.com\/es\/california\/long-beach\/abogado-de-lesiones-de-la-medula-espinal-en-long-beach#primaryimage\"},\"thumbnailUrl\":\"https:\/\/westcoasttriallawyers.com\/wp-content\/uploads\/2025\/07\/u6829429588_Long_Beach_California_-v_7_4cd9c920-299b-417c-aaf0-e54bf70b12f7_0-1-25.webp\",\"datePublished\":\"2026-01-13T23:41:28+00:00\",\"dateModified\":\"2026-01-21T13:23:19+00:00\",\"breadcrumb\":{\"@id\":\"https:\/\/westcoasttriallawyers.com\/es\/california\/long-beach\/abogado-de-lesiones-de-la-medula-espinal-en-long-beach#breadcrumb\"},\"inLanguage\":\"es\",\"potentialAction\":[{\"@type\":\"ReadAction\",\"target\":[\"https:\/\/westcoasttriallawyers.com\/es\/california\/long-beach\/abogado-de-lesiones-de-la-medula-espinal-en-long-beach\"]}]},{\"@type\":\"ImageObject\",\"inLanguage\":\"es\",\"@id\":\"https:\/\/westcoasttriallawyers.com\/es\/california\/long-beach\/abogado-de-lesiones-de-la-medula-espinal-en-long-beach#primaryimage\",\"url\":\"https:\/\/westcoasttriallawyers.com\/wp-content\/uploads\/2025\/07\/u6829429588_Long_Beach_California_-v_7_4cd9c920-299b-417c-aaf0-e54bf70b12f7_0-1-25.webp\",\"contentUrl\":\"https:\/\/westcoasttriallawyers.com\/wp-content\/uploads\/2025\/07\/u6829429588_Long_Beach_California_-v_7_4cd9c920-299b-417c-aaf0-e54bf70b12f7_0-1-25.webp\",\"width\":557,\"height\":328},{\"@type\":\"BreadcrumbList\",\"@id\":\"https:\/\/westcoasttriallawyers.com\/es\/california\/long-beach\/abogado-de-lesiones-de-la-medula-espinal-en-long-beach#breadcrumb\",\"itemListElement\":[{\"@type\":\"ListItem\",\"position\":1,\"name\":\"Inicio\",\"item\":\"https:\/\/westcoasttriallawyers.com\/es\"},{\"@type\":\"ListItem\",\"position\":2,\"name\":\"California\",\"item\":\"https:\/\/westcoasttriallawyers.com\/es\/california\"},{\"@type\":\"ListItem\",\"position\":3,\"name\":\"Long Beach\",\"item\":\"https:\/\/westcoasttriallawyers.com\/es\/california\/long-beach\"},{\"@type\":\"ListItem\",\"position\":4,\"name\":\"Abogado de Lesiones de la M\u00e9dula Espinal en Long Beach\"}]},{\"@type\":\"WebSite\",\"@id\":\"https:\/\/westcoasttriallawyers.com\/es#website\",\"url\":\"https:\/\/westcoasttriallawyers.com\/es\",\"name\":\"West Coast Trial Lawyers\",\"description\":\"West Coast Trial Lawyers\",\"publisher\":{\"@id\":\"https:\/\/westcoasttriallawyers.com\/es#organization\"},\"alternateName\":\"WCTL\",\"potentialAction\":[{\"@type\":\"SearchAction\",\"target\":{\"@type\":\"EntryPoint\",\"urlTemplate\":\"https:\/\/westcoasttriallawyers.com\/es?s={search_term_string}\"},\"query-input\":{\"@type\":\"PropertyValueSpecification\",\"valueRequired\":true,\"valueName\":\"search_term_string\"}}],\"inLanguage\":\"es\"},{\"@type\":\"Organization\",\"@id\":\"https:\/\/westcoasttriallawyers.com\/es#organization\",\"name\":\"West Coast Trial Lawyers\",\"alternateName\":\"WCTL\",\"url\":\"https:\/\/westcoasttriallawyers.com\/es\",\"logo\":{\"@type\":\"ImageObject\",\"inLanguage\":\"es\",\"@id\":\"https:\/\/westcoasttriallawyers.com\/es#\/schema\/logo\/image\/\",\"url\":\"https:\/\/westcoasttriallawyers.com\/wp-content\/uploads\/2026\/02\/WCTL-Logo.jpg\",\"contentUrl\":\"https:\/\/westcoasttriallawyers.com\/wp-content\/uploads\/2026\/02\/WCTL-Logo.jpg\",\"width\":696,\"height\":696,\"caption\":\"West Coast Trial Lawyers\"},\"image\":{\"@id\":\"https:\/\/westcoasttriallawyers.com\/es#\/schema\/logo\/image\/\"},\"sameAs\":[\"https:\/\/www.facebook.com\/westcoasttriallawyers\/\",\"https:\/\/x.com\/WestCoastTrial\",\"https:\/\/www.linkedin.com\/company\/west-coast-trial-lawyers\/\",\"https:\/\/www.instagram.com\/westcoasttriallawyers\/\",\"https:\/\/www.yelp.com\/biz\/west-coast-trial-lawyers-los-angeles-2\",\"https:\/\/www.pinterest.com\/westcoasttrial\/\",\"https:\/\/www.youtube.com\/westcoasttriallawyersla\/\",\"https:\/\/www.tiktok.com\/westcoasttriallawyers\"],\"description\":\"West Coast Trial Lawyers is a top-rated personal injury law firm with a goal to provide expert legal representation to those in need. The law firm has offices across California, Nevada, Arizona, and Washington.\",\"legalName\":\"West Coast Trial Lawyers\"}]}<\/script>\n<!-- \/ Yoast SEO Premium plugin. -->","yoast_head_json":{"title":"Abogado de Lesiones de la M\u00e9dula Espinal en Long Beach | West Coast Trial Lawyers","robots":{"index":"index","follow":"follow","max-snippet":"max-snippet:-1","max-image-preview":"max-image-preview:large","max-video-preview":"max-video-preview:-1"},"canonical":"https:\/\/westcoasttriallawyers.com\/es\/california\/long-beach\/abogado-de-lesiones-de-la-medula-espinal-en-long-beach","og_locale":"es_ES","og_type":"article","og_title":"Abogado de Lesiones de la M\u00e9dula Espinal en Long Beach","og_description":"C\u00f3mo Diagnosticar y Tratar una Lesi\u00f3n de la M\u00e9dula Espinal Una lesi\u00f3n de la m\u00e9dula espinal generalmente es causada por un fuerte impacto en la espalda. Los factores comunes que contribuyen a este tipo de lesiones incluyen accidentes automovil\u00edsticos, deportes de alto impacto, accidentes por resbalones y ca\u00eddas y violencia. Desafortunadamente, las lesiones de la [&hellip;]","og_url":"https:\/\/westcoasttriallawyers.com\/es\/california\/long-beach\/abogado-de-lesiones-de-la-medula-espinal-en-long-beach","og_site_name":"West Coast Trial Lawyers","article_publisher":"https:\/\/www.facebook.com\/westcoasttriallawyers\/","article_modified_time":"2026-01-21T13:23:19+00:00","og_image":[{"width":557,"height":328,"url":"https:\/\/westcoasttriallawyers.com\/wp-content\/uploads\/2025\/07\/u6829429588_Long_Beach_California_-v_7_4cd9c920-299b-417c-aaf0-e54bf70b12f7_0-1-25.webp","type":"image\/webp"}],"twitter_card":"summary_large_image","twitter_site":"@WestCoastTrial","twitter_misc":{"Tiempo de lectura":"6 minutos"},"schema":{"@context":"https:\/\/schema.org","@graph":[{"@type":["WebPage","ItemPage"],"@id":"https:\/\/westcoasttriallawyers.com\/es\/california\/long-beach\/abogado-de-lesiones-de-la-medula-espinal-en-long-beach","url":"https:\/\/westcoasttriallawyers.com\/es\/california\/long-beach\/abogado-de-lesiones-de-la-medula-espinal-en-long-beach","name":"Abogado de Lesiones de la M\u00e9dula Espinal en Long Beach | West Coast Trial Lawyers","isPartOf":{"@id":"https:\/\/westcoasttriallawyers.com\/es#website"},"primaryImageOfPage":{"@id":"https:\/\/westcoasttriallawyers.com\/es\/california\/long-beach\/abogado-de-lesiones-de-la-medula-espinal-en-long-beach#primaryimage"},"image":{"@id":"https:\/\/westcoasttriallawyers.com\/es\/california\/long-beach\/abogado-de-lesiones-de-la-medula-espinal-en-long-beach#primaryimage"},"thumbnailUrl":"https:\/\/westcoasttriallawyers.com\/wp-content\/uploads\/2025\/07\/u6829429588_Long_Beach_California_-v_7_4cd9c920-299b-417c-aaf0-e54bf70b12f7_0-1-25.webp","datePublished":"2026-01-13T23:41:28+00:00","dateModified":"2026-01-21T13:23:19+00:00","breadcrumb":{"@id":"https:\/\/westcoasttriallawyers.com\/es\/california\/long-beach\/abogado-de-lesiones-de-la-medula-espinal-en-long-beach#breadcrumb"},"inLanguage":"es","potentialAction":[{"@type":"ReadAction","target":["https:\/\/westcoasttriallawyers.com\/es\/california\/long-beach\/abogado-de-lesiones-de-la-medula-espinal-en-long-beach"]}]},{"@type":"ImageObject","inLanguage":"es","@id":"https:\/\/westcoasttriallawyers.com\/es\/california\/long-beach\/abogado-de-lesiones-de-la-medula-espinal-en-long-beach#primaryimage","url":"https:\/\/westcoasttriallawyers.com\/wp-content\/uploads\/2025\/07\/u6829429588_Long_Beach_California_-v_7_4cd9c920-299b-417c-aaf0-e54bf70b12f7_0-1-25.webp","contentUrl":"https:\/\/westcoasttriallawyers.com\/wp-content\/uploads\/2025\/07\/u6829429588_Long_Beach_California_-v_7_4cd9c920-299b-417c-aaf0-e54bf70b12f7_0-1-25.webp","width":557,"height":328},{"@type":"BreadcrumbList","@id":"https:\/\/westcoasttriallawyers.com\/es\/california\/long-beach\/abogado-de-lesiones-de-la-medula-espinal-en-long-beach#breadcrumb","itemListElement":[{"@type":"ListItem","position":1,"name":"Inicio","item":"https:\/\/westcoasttriallawyers.com\/es"},{"@type":"ListItem","position":2,"name":"California","item":"https:\/\/westcoasttriallawyers.com\/es\/california"},{"@type":"ListItem","position":3,"name":"Long Beach","item":"https:\/\/westcoasttriallawyers.com\/es\/california\/long-beach"},{"@type":"ListItem","position":4,"name":"Abogado de Lesiones de la M\u00e9dula Espinal en Long Beach"}]},{"@type":"WebSite","@id":"https:\/\/westcoasttriallawyers.com\/es#website","url":"https:\/\/westcoasttriallawyers.com\/es","name":"West Coast Trial Lawyers","description":"West Coast Trial Lawyers","publisher":{"@id":"https:\/\/westcoasttriallawyers.com\/es#organization"},"alternateName":"WCTL","potentialAction":[{"@type":"SearchAction","target":{"@type":"EntryPoint","urlTemplate":"https:\/\/westcoasttriallawyers.com\/es?s={search_term_string}"},"query-input":{"@type":"PropertyValueSpecification","valueRequired":true,"valueName":"search_term_string"}}],"inLanguage":"es"},{"@type":"Organization","@id":"https:\/\/westcoasttriallawyers.com\/es#organization","name":"West Coast Trial Lawyers","alternateName":"WCTL","url":"https:\/\/westcoasttriallawyers.com\/es","logo":{"@type":"ImageObject","inLanguage":"es","@id":"https:\/\/westcoasttriallawyers.com\/es#\/schema\/logo\/image\/","url":"https:\/\/westcoasttriallawyers.com\/wp-content\/uploads\/2026\/02\/WCTL-Logo.jpg","contentUrl":"https:\/\/westcoasttriallawyers.com\/wp-content\/uploads\/2026\/02\/WCTL-Logo.jpg","width":696,"height":696,"caption":"West Coast Trial Lawyers"},"image":{"@id":"https:\/\/westcoasttriallawyers.com\/es#\/schema\/logo\/image\/"},"sameAs":["https:\/\/www.facebook.com\/westcoasttriallawyers\/","https:\/\/x.com\/WestCoastTrial","https:\/\/www.linkedin.com\/company\/west-coast-trial-lawyers\/","https:\/\/www.instagram.com\/westcoasttriallawyers\/","https:\/\/www.yelp.com\/biz\/west-coast-trial-lawyers-los-angeles-2","https:\/\/www.pinterest.com\/westcoasttrial\/","https:\/\/www.youtube.com\/westcoasttriallawyersla\/","https:\/\/www.tiktok.com\/westcoasttriallawyers"],"description":"West Coast Trial Lawyers is a top-rated personal injury law firm with a goal to provide expert legal representation to those in need. The law firm has offices across California, Nevada, Arizona, and Washington.","legalName":"West Coast Trial Lawyers"}]}},"_links":{"self":[{"href":"https:\/\/westcoasttriallawyers.com\/es\/wp-json\/wp\/v2\/pages\/12866","targetHints":{"allow":["GET"]}}],"collection":[{"href":"https:\/\/westcoasttriallawyers.com\/es\/wp-json\/wp\/v2\/pages"}],"about":[{"href":"https:\/\/westcoasttriallawyers.com\/es\/wp-json\/wp\/v2\/types\/page"}],"author":[{"embeddable":true,"href":"https:\/\/westcoasttriallawyers.com\/es\/wp-json\/wp\/v2\/users\/475"}],"replies":[{"embeddable":true,"href":"https:\/\/westcoasttriallawyers.com\/es\/wp-json\/wp\/v2\/comments?post=12866"}],"version-history":[{"count":3,"href":"https:\/\/westcoasttriallawyers.com\/es\/wp-json\/wp\/v2\/pages\/12866\/revisions"}],"predecessor-version":[{"id":47701,"href":"https:\/\/westcoasttriallawyers.com\/es\/wp-json\/wp\/v2\/pages\/12866\/revisions\/47701"}],"up":[{"embeddable":true,"href":"https:\/\/westcoasttriallawyers.com\/es\/wp-json\/wp\/v2\/pages\/47396"}],"wp:featuredmedia":[{"embeddable":true,"href":"https:\/\/westcoasttriallawyers.com\/es\/wp-json\/wp\/v2\/media\/45958"}],"wp:attachment":[{"href":"https:\/\/westcoasttriallawyers.com\/es\/wp-json\/wp\/v2\/media?parent=12866"}],"curies":[{"name":"wp","href":"https:\/\/api.w.org\/{rel}","templated":true}]}}