{"id":12865,"date":"2026-01-13T23:41:17","date_gmt":"2026-01-13T23:41:17","guid":{"rendered":"https:\/\/wctl1stg.wpengine.com\/?page_id=12865"},"modified":"2026-01-23T19:21:27","modified_gmt":"2026-01-23T19:21:27","slug":"abogados-accidentes-autobus-long-beach","status":"publish","type":"page","link":"https:\/\/westcoasttriallawyers.com\/es\/california\/long-beach\/abogados-accidentes-autobus-long-beach","title":{"rendered":"Abogado de Accidentes de Autob\u00fas en Long Beach"},"content":{"rendered":"<h2><strong>Qu\u00e9 debe Hacer Despu\u00e9s de Involucrarse en un Accidente de Autob\u00fas o Lesionarse Dentro de un Autob\u00fas<\/strong><\/h2>\n<p>El tr\u00e1nsito de\u00a0<strong>Long Beach<\/strong> ofrece 21 rutas de autob\u00fas para que los pasajeros las usen convenientemente para llegar al destino de su elecci\u00f3n. Con una cantidad tan alta de rutas activas que atraviesan varios lugares de la ciudad, es posible que ocurran accidentes de autob\u00fas. Hay muchos factores que pueden contribuir a que se produzca una colisi\u00f3n. El conductor del autob\u00fas podr\u00eda ser inexperto, pasar por un \u00e1rea insegura o desobedecer las reglas de tr\u00e1nsito. Adem\u00e1s, las malas condiciones de las carreteras tambi\u00e9n podr\u00edan ser un factor que contribuya a un accidente de autob\u00fas. Un conductor de autob\u00fas debe tener cuidado al conducir por baches, escombros y pavimentos agrietados. Si no se mantiene el enfoque en la carretera, el conductor del autob\u00fas podr\u00eda perder el control del veh\u00edculo y chocar contra otro conductor u objeto cercano.<\/p>\n<p>Si fue v\u00edctima de un accidente de autob\u00fas y desea presentar una demanda contra la parte que cree que tiene la culpa, Los Abogados de la Costa Oeste tiene<strong> abogados de accidentes de autob\u00fas en Long Beach<\/strong> que tienen m\u00e1s de 60 a\u00f1os de experiencia legal colectiva en el manejo de casos de lesiones personales. . Con nuestro historial de recuperaci\u00f3n de m\u00e1s de $1 mil millones en acuerdos para nuestros clientes, hemos sido clasificados como uno de los principales bufetes de abogados de lesiones personales en Long Beach.<\/p>\n<p>Para programar una consulta gratuita y sin compromiso un paseo<strong> abogados de lesiones personales de Long Beach<\/strong>, comun\u00edquese con nuestro<strong>\u00a0<\/strong>Equipo jur\u00eddico 24\/7 llamando al\u00a0<strong>213-927-3700<\/strong> o enviando un correo electr\u00f3nico\u00a0<a href=\"mailto:info@westcoasttriallawyers.com\"><strong>a info@westcoasttriallawyers.com<\/strong><\/a><strong>.\u00a0<\/strong><\/p>\n<p><strong>Pasos a Seguir Despu\u00e9s de Estar Involucrado en un Accidente de Autobus<\/strong><\/p>\n<p>Los conductores de autob\u00fas tienen el deber de asegurarse de que sus pasajeros sean transportados de manera segura a la pr\u00f3xima parada de autob\u00fas. No brindar un sentido de cuidado puede hacer que el conductor del autob\u00fas sea responsable de cualquier da\u00f1o o lesi\u00f3n que cause. Desafortunadamente, ha habido conductores de autob\u00fas negligentes que han cometido acciones ilegales que han resultado en un accidente de autob\u00fas. Esto incluye lo siguiente:<\/p>\n<ul>\n<li>Un conductor de autob\u00fas se concentr\u00f3 m\u00e1s en usar su tel\u00e9fono que en mantener la vista en la carretera.<\/li>\n<li><strong>Un conductor de autob\u00fas se present\u00f3 a trabajar mientras estaba\u00a0<\/strong><a href=\"https:\/\/www.latimes.com\/local\/lanow\/la-me-ln-bus-driver-dui-20190401-story.html\"><strong>bajo la influencia de drogas o alcohol<\/strong><\/a><strong>.<\/strong><\/li>\n<li>Un conductor de autob\u00fas estaba acelerando para cumplir con su horario.<\/li>\n<li>Un conductor de autob\u00fas durmi\u00f3 poco o nada antes de que comenzara su turno, lo que provoc\u00f3 que condujera fatigado.<\/li>\n<\/ul>\n<p>Los autobuses no tienen cinturones de seguridad ni bolsas de aire para evitar que un pasajero sufra lesiones graves en un accidente. Adem\u00e1s, cuando un autob\u00fas est\u00e1 abarrotado, a menudo se ve a muchos pasajeros de pie y agarr\u00e1ndose de un poste para mantener el equilibrio mientras el autob\u00fas est\u00e1 en movimiento. Dado que un autob\u00fas no brinda ninguna protecci\u00f3n como lo har\u00eda un autom\u00f3vil, un pasajero puede sufrir lesiones graves si se ve involucrado en un accidente. Esto incluye golpear agresivamente los asientos, las ventanas o los postes.<\/p>\n<p>Es importante que un pasajero tenga una idea de lo que debe hacer si alguna vez se involucra en un accidente de autob\u00fas. A continuaci\u00f3n, nuestro equipo de abogados con experiencia en accidentes de autob\u00fas en Long Beach ha creado una lista de pasos que debe seguir para ayudarlo a obtener una compensaci\u00f3n por cualquier da\u00f1o o lesi\u00f3n que haya sufrido en un accidente de autob\u00fas.<\/p>\n<ul>\n<li><strong>Ponte a salvo.\u00a0<\/strong>Encuentre Un lugar seguro cerca hasta que llegue la ayuda. Si es posible, trate de ayudar tambi\u00e9n a otras personas que se vieron afectadas por el accidente de autob\u00fas.<\/li>\n<li><strong>P\u00f3ngase en contacto con la polic\u00eda.\u00a0<\/strong>Si observa lesiones o da\u00f1os, llame a la polic\u00eda. Llegar\u00e1n al lugar del accidente y crear\u00e1n un informe policial oficial. Los param\u00e9dicos tambi\u00e9n pueden estar presentes para brindar atenci\u00f3n m\u00e9dica inmediata a las personas lesionadas.<\/li>\n<li><strong>Re\u00fana pruebas convincentes.\u00a0<\/strong>Intente tomar fotograf\u00edas o videos de sus lesiones, da\u00f1os y la ubicaci\u00f3n donde ocurri\u00f3 el accidente. Aseg\u00farese de solicitar tambi\u00e9n adquirir una copia del informe policial oficial. Por \u00faltimo, debe documentar su perspectiva sobre lo que sucedi\u00f3 antes, durante y despu\u00e9s del accidente. No olvides incluir la fecha y hora en que se realiz\u00f3 el evento.<\/li>\n<li><strong>Adquirir informaci\u00f3n de testigos.<\/strong> Se consideran testigos los dem\u00e1s pasajeros del autob\u00fas y quienes vieron el accidente desde afuera. Deber\u00eda preguntarles si no les importar\u00eda jugar un papel en su caso. Si te dan su consentimiento, debes obtener su informaci\u00f3n de contacto.<\/li>\n<li><strong>Obtenga atenci\u00f3n m\u00e9dica y tratamiento inmediatos.<\/strong> El paso m\u00e1s importante a seguir despu\u00e9s de un accidente de autob\u00fas es buscar atenci\u00f3n m\u00e9dica por parte de un m\u00e9dico. Incluso si no sufri\u00f3 lesiones moderadas o graves, es importante que lo revisen para asegurarse de que est\u00e1 en buenas condiciones. Adem\u00e1s, puede solicitar una copia de sus visitas, relacionadas con el accidente, para usar como evidencia de que sufri\u00f3 lesiones por el impacto.<\/li>\n<li><strong>Contrate a un abogado con experiencia en accidentes de autob\u00fas en Long Beach.<\/strong> Debe comunicarse con un abogado con un impresionante historial legal en el manejo de casos de lesiones personales. Lo guiar\u00e1n en la direcci\u00f3n correcta que esencialmente lo ayudar\u00e1 a ganar su caso.<\/li>\n<\/ul>\n<p><strong>Lo que Necesita Saber si se Resbala y se cae en un Autob\u00fas<\/strong><\/p>\n<p>No es raro que los pasajeros sufran un accidente por resbal\u00f3n y ca\u00edda mientras abordan el autob\u00fas. Sin embargo, puede ser dif\u00edcil determinar qui\u00e9n o qu\u00e9 fue la causa principal de su ca\u00edda. Las partes potenciales que podr\u00edan tener la culpa de este tipo de incidente incluyen:<\/p>\n<ul>\n<li><strong>Usted<\/strong>. Podr\u00edas haber estado bajo la influencia de las drogas o el alcohol, distra\u00eddo con tu tel\u00e9fono o simplemente haberse resbalado por tu cuenta.<\/li>\n<li><strong>Un pasajero.<\/strong> Es com\u00fan que los pasajeros dejen los pies o la mochila a la intemperie. Es su responsabilidad asegurarse de no da\u00f1ar a otros pasajeros que necesitan caminar para encontrar un asiento.<\/li>\n<li><strong>El Conductor de autob\u00fas.\u00a0<\/strong>Los autobuses deben pasar por controles de mantenimiento antes de que puedan usarse para recoger y dejar pasajeros. Si el conductor del autob\u00fas no se da cuenta de los peligros potenciales durante estas inspecciones, como un piso mojado, podr\u00eda tener la culpa de que un pasajero se resbale y se caiga.<\/li>\n<\/ul>\n<p>Las lesiones comunes que los pasajeros pueden sufrir por un accidente de resbal\u00f3n y ca\u00edda incluyen:<\/p>\n<ul>\n<li>cortes,<\/li>\n<li>contusiones,<\/li>\n<li>huesos rotos,<\/li>\n<li>lesiones en el cuello,<\/li>\n<li>latigazo cervical,<\/li>\n<li>lesiones en la cabeza, lesiones<\/li>\n<li>cerebrales, lesiones en<\/li>\n<li>rodillas, lesiones en<\/li>\n<li>nervios,<\/li>\n<li>hemorragia interna,<\/li>\n<li>m\u00e9dula espinal o<\/li>\n<li>distensiones musculares.<\/li>\n<\/ul>\n<p>Si sufri\u00f3 lesiones menores, moderadas o graves, debe programar una cita con un m\u00e9dico o ingresar en un hospital para que le examinen la herida. El m\u00e9dico realizar\u00e1 pruebas, como una prueba de sangre o de im\u00e1genes. Una vez que lleguen los resultados, el m\u00e9dico determinar\u00e1 un diagn\u00f3stico y crear\u00e1 un plan de tratamiento que se adapte mejor a su condici\u00f3n. Esto puede incluir medicamentos, cirug\u00eda o terapia.<\/p>\n<p><strong>Cont\u00e1ctenos<\/strong><\/p>\n<p>Si usted es v\u00edctima de un accidente de autob\u00fas,\u00a0<a href=\"\/\"><strong>Los Abogados de la Costa Oeste<\/strong><\/a> cuenta con abogados experimentados en accidentes de autob\u00fas en Long Beach que trabajar\u00e1n incansablemente para asegurarse de que obtenga la justicia y la compensaci\u00f3n que merece. Los da\u00f1os recuperables en un caso de accidente de autob\u00fas pueden incluir facturas m\u00e9dicas, salarios perdidos, dolor y sufrimiento, y m\u00e1s.<\/p>\n<p>Para programar una consulta gratuita, comun\u00edquese con nuestro equipo legal 24\/7 llamando al\u00a0<strong>213-927-3700<\/strong> o correo electr\u00f3nico<strong>\u00a0<\/strong><a href=\"mailto:info@westcoasttriallawyers.com\"><strong>info@westcoasttriallawyers.com<\/strong><\/a><strong>.\u00a0<\/strong><br \/>\n<!-- WCTL_DEBUG: no shortcode in this_content --><\/p>\n","protected":false},"excerpt":{"rendered":"<p>Qu\u00e9 debe Hacer Despu\u00e9s de Involucrarse en un Accidente de Autob\u00fas o Lesionarse Dentro de un Autob\u00fas El tr\u00e1nsito de\u00a0Long Beach ofrece 21 rutas de autob\u00fas para que los pasajeros las usen convenientemente para llegar al destino de su elecci\u00f3n. Con una cantidad tan alta de rutas activas que atraviesan varios lugares de la ciudad, [&hellip;]<\/p>\n","protected":false},"author":475,"featured_media":45908,"parent":47396,"menu_order":0,"comment_status":"closed","ping_status":"closed","template":"","meta":{"inline_featured_image":false,"footnotes":""},"class_list":["post-12865","page","type-page","status-publish","has-post-thumbnail","hentry"],"acf":[],"yoast_head":"<!-- This site is optimized with the Yoast SEO Premium plugin v26.0 (Yoast SEO v26.0) - https:\/\/yoast.com\/wordpress\/plugins\/seo\/ -->\n<title>Abogado de Accidentes de Autob\u00fas en Long Beach | West Coast Trial Lawyers<\/title>\n<meta name=\"robots\" content=\"index, follow, max-snippet:-1, max-image-preview:large, max-video-preview:-1\" \/>\n<link rel=\"canonical\" href=\"https:\/\/westcoasttriallawyers.com\/es\/california\/long-beach\/abogados-accidentes-autobus-long-beach\" \/>\n<meta property=\"og:locale\" content=\"es_ES\" \/>\n<meta property=\"og:type\" content=\"article\" \/>\n<meta property=\"og:title\" content=\"Abogado de Accidentes de Autob\u00fas en Long Beach\" \/>\n<meta property=\"og:description\" content=\"Qu\u00e9 debe Hacer Despu\u00e9s de Involucrarse en un Accidente de Autob\u00fas o Lesionarse Dentro de un Autob\u00fas El tr\u00e1nsito de\u00a0Long Beach ofrece 21 rutas de autob\u00fas para que los pasajeros las usen convenientemente para llegar al destino de su elecci\u00f3n. Con una cantidad tan alta de rutas activas que atraviesan varios lugares de la ciudad, [&hellip;]\" \/>\n<meta property=\"og:url\" content=\"https:\/\/westcoasttriallawyers.com\/es\/california\/long-beach\/abogados-accidentes-autobus-long-beach\" \/>\n<meta property=\"og:site_name\" content=\"West Coast Trial Lawyers\" \/>\n<meta property=\"article:publisher\" content=\"https:\/\/www.facebook.com\/westcoasttriallawyers\/\" \/>\n<meta property=\"article:modified_time\" content=\"2026-01-23T19:21:27+00:00\" \/>\n<meta property=\"og:image\" content=\"https:\/\/westcoasttriallawyers.com\/wp-content\/uploads\/2025\/07\/u6829429588_Long_Beach_California_-v_7_4cd9c920-299b-417c-aaf0-e54bf70b12f7_0-1-5.webp\" \/>\n\t<meta property=\"og:image:width\" content=\"557\" \/>\n\t<meta property=\"og:image:height\" content=\"328\" \/>\n\t<meta property=\"og:image:type\" content=\"image\/webp\" \/>\n<meta name=\"twitter:card\" content=\"summary_large_image\" \/>\n<meta name=\"twitter:site\" content=\"@WestCoastTrial\" \/>\n<meta name=\"twitter:label1\" content=\"Tiempo de lectura\" \/>\n\t<meta name=\"twitter:data1\" content=\"6 minutos\" \/>\n<script type=\"application\/ld+json\" class=\"yoast-schema-graph\">{\"@context\":\"https:\/\/schema.org\",\"@graph\":[{\"@type\":[\"WebPage\",\"ItemPage\"],\"@id\":\"https:\/\/westcoasttriallawyers.com\/es\/california\/long-beach\/abogados-accidentes-autobus-long-beach\",\"url\":\"https:\/\/westcoasttriallawyers.com\/es\/california\/long-beach\/abogados-accidentes-autobus-long-beach\",\"name\":\"Abogado de Accidentes de Autob\u00fas en Long Beach | West Coast Trial Lawyers\",\"isPartOf\":{\"@id\":\"https:\/\/westcoasttriallawyers.com\/es#website\"},\"primaryImageOfPage\":{\"@id\":\"https:\/\/westcoasttriallawyers.com\/es\/california\/long-beach\/abogados-accidentes-autobus-long-beach#primaryimage\"},\"image\":{\"@id\":\"https:\/\/westcoasttriallawyers.com\/es\/california\/long-beach\/abogados-accidentes-autobus-long-beach#primaryimage\"},\"thumbnailUrl\":\"https:\/\/westcoasttriallawyers.com\/wp-content\/uploads\/2025\/07\/u6829429588_Long_Beach_California_-v_7_4cd9c920-299b-417c-aaf0-e54bf70b12f7_0-1-5.webp\",\"datePublished\":\"2026-01-13T23:41:17+00:00\",\"dateModified\":\"2026-01-23T19:21:27+00:00\",\"breadcrumb\":{\"@id\":\"https:\/\/westcoasttriallawyers.com\/es\/california\/long-beach\/abogados-accidentes-autobus-long-beach#breadcrumb\"},\"inLanguage\":\"es\",\"potentialAction\":[{\"@type\":\"ReadAction\",\"target\":[\"https:\/\/westcoasttriallawyers.com\/es\/california\/long-beach\/abogados-accidentes-autobus-long-beach\"]}]},{\"@type\":\"ImageObject\",\"inLanguage\":\"es\",\"@id\":\"https:\/\/westcoasttriallawyers.com\/es\/california\/long-beach\/abogados-accidentes-autobus-long-beach#primaryimage\",\"url\":\"https:\/\/westcoasttriallawyers.com\/wp-content\/uploads\/2025\/07\/u6829429588_Long_Beach_California_-v_7_4cd9c920-299b-417c-aaf0-e54bf70b12f7_0-1-5.webp\",\"contentUrl\":\"https:\/\/westcoasttriallawyers.com\/wp-content\/uploads\/2025\/07\/u6829429588_Long_Beach_California_-v_7_4cd9c920-299b-417c-aaf0-e54bf70b12f7_0-1-5.webp\",\"width\":557,\"height\":328},{\"@type\":\"BreadcrumbList\",\"@id\":\"https:\/\/westcoasttriallawyers.com\/es\/california\/long-beach\/abogados-accidentes-autobus-long-beach#breadcrumb\",\"itemListElement\":[{\"@type\":\"ListItem\",\"position\":1,\"name\":\"Inicio\",\"item\":\"https:\/\/westcoasttriallawyers.com\/es\"},{\"@type\":\"ListItem\",\"position\":2,\"name\":\"California\",\"item\":\"https:\/\/westcoasttriallawyers.com\/es\/california\"},{\"@type\":\"ListItem\",\"position\":3,\"name\":\"Long Beach\",\"item\":\"https:\/\/westcoasttriallawyers.com\/es\/california\/long-beach\"},{\"@type\":\"ListItem\",\"position\":4,\"name\":\"Abogado de Accidentes de Autob\u00fas en Long Beach\"}]},{\"@type\":\"WebSite\",\"@id\":\"https:\/\/westcoasttriallawyers.com\/es#website\",\"url\":\"https:\/\/westcoasttriallawyers.com\/es\",\"name\":\"West Coast Trial Lawyers\",\"description\":\"West Coast Trial Lawyers\",\"publisher\":{\"@id\":\"https:\/\/westcoasttriallawyers.com\/es#organization\"},\"alternateName\":\"WCTL\",\"potentialAction\":[{\"@type\":\"SearchAction\",\"target\":{\"@type\":\"EntryPoint\",\"urlTemplate\":\"https:\/\/westcoasttriallawyers.com\/es?s={search_term_string}\"},\"query-input\":{\"@type\":\"PropertyValueSpecification\",\"valueRequired\":true,\"valueName\":\"search_term_string\"}}],\"inLanguage\":\"es\"},{\"@type\":\"Organization\",\"@id\":\"https:\/\/westcoasttriallawyers.com\/es#organization\",\"name\":\"West Coast Trial Lawyers\",\"alternateName\":\"WCTL\",\"url\":\"https:\/\/westcoasttriallawyers.com\/es\",\"logo\":{\"@type\":\"ImageObject\",\"inLanguage\":\"es\",\"@id\":\"https:\/\/westcoasttriallawyers.com\/es#\/schema\/logo\/image\/\",\"url\":\"https:\/\/westcoasttriallawyers.com\/wp-content\/uploads\/2026\/02\/WCTL-Logo.jpg\",\"contentUrl\":\"https:\/\/westcoasttriallawyers.com\/wp-content\/uploads\/2026\/02\/WCTL-Logo.jpg\",\"width\":696,\"height\":696,\"caption\":\"West Coast Trial Lawyers\"},\"image\":{\"@id\":\"https:\/\/westcoasttriallawyers.com\/es#\/schema\/logo\/image\/\"},\"sameAs\":[\"https:\/\/www.facebook.com\/westcoasttriallawyers\/\",\"https:\/\/x.com\/WestCoastTrial\",\"https:\/\/www.linkedin.com\/company\/west-coast-trial-lawyers\/\",\"https:\/\/www.instagram.com\/westcoasttriallawyers\/\",\"https:\/\/www.yelp.com\/biz\/west-coast-trial-lawyers-los-angeles-2\",\"https:\/\/www.pinterest.com\/westcoasttrial\/\",\"https:\/\/www.youtube.com\/westcoasttriallawyersla\/\",\"https:\/\/www.tiktok.com\/westcoasttriallawyers\"],\"description\":\"West Coast Trial Lawyers is a top-rated personal injury law firm with a goal to provide expert legal representation to those in need. The law firm has offices across California, Nevada, Arizona, and Washington.\",\"legalName\":\"West Coast Trial Lawyers\"}]}<\/script>\n<!-- \/ Yoast SEO Premium plugin. -->","yoast_head_json":{"title":"Abogado de Accidentes de Autob\u00fas en Long Beach | West Coast Trial Lawyers","robots":{"index":"index","follow":"follow","max-snippet":"max-snippet:-1","max-image-preview":"max-image-preview:large","max-video-preview":"max-video-preview:-1"},"canonical":"https:\/\/westcoasttriallawyers.com\/es\/california\/long-beach\/abogados-accidentes-autobus-long-beach","og_locale":"es_ES","og_type":"article","og_title":"Abogado de Accidentes de Autob\u00fas en Long Beach","og_description":"Qu\u00e9 debe Hacer Despu\u00e9s de Involucrarse en un Accidente de Autob\u00fas o Lesionarse Dentro de un Autob\u00fas El tr\u00e1nsito de\u00a0Long Beach ofrece 21 rutas de autob\u00fas para que los pasajeros las usen convenientemente para llegar al destino de su elecci\u00f3n. Con una cantidad tan alta de rutas activas que atraviesan varios lugares de la ciudad, [&hellip;]","og_url":"https:\/\/westcoasttriallawyers.com\/es\/california\/long-beach\/abogados-accidentes-autobus-long-beach","og_site_name":"West Coast Trial Lawyers","article_publisher":"https:\/\/www.facebook.com\/westcoasttriallawyers\/","article_modified_time":"2026-01-23T19:21:27+00:00","og_image":[{"width":557,"height":328,"url":"https:\/\/westcoasttriallawyers.com\/wp-content\/uploads\/2025\/07\/u6829429588_Long_Beach_California_-v_7_4cd9c920-299b-417c-aaf0-e54bf70b12f7_0-1-5.webp","type":"image\/webp"}],"twitter_card":"summary_large_image","twitter_site":"@WestCoastTrial","twitter_misc":{"Tiempo de lectura":"6 minutos"},"schema":{"@context":"https:\/\/schema.org","@graph":[{"@type":["WebPage","ItemPage"],"@id":"https:\/\/westcoasttriallawyers.com\/es\/california\/long-beach\/abogados-accidentes-autobus-long-beach","url":"https:\/\/westcoasttriallawyers.com\/es\/california\/long-beach\/abogados-accidentes-autobus-long-beach","name":"Abogado de Accidentes de Autob\u00fas en Long Beach | West Coast Trial Lawyers","isPartOf":{"@id":"https:\/\/westcoasttriallawyers.com\/es#website"},"primaryImageOfPage":{"@id":"https:\/\/westcoasttriallawyers.com\/es\/california\/long-beach\/abogados-accidentes-autobus-long-beach#primaryimage"},"image":{"@id":"https:\/\/westcoasttriallawyers.com\/es\/california\/long-beach\/abogados-accidentes-autobus-long-beach#primaryimage"},"thumbnailUrl":"https:\/\/westcoasttriallawyers.com\/wp-content\/uploads\/2025\/07\/u6829429588_Long_Beach_California_-v_7_4cd9c920-299b-417c-aaf0-e54bf70b12f7_0-1-5.webp","datePublished":"2026-01-13T23:41:17+00:00","dateModified":"2026-01-23T19:21:27+00:00","breadcrumb":{"@id":"https:\/\/westcoasttriallawyers.com\/es\/california\/long-beach\/abogados-accidentes-autobus-long-beach#breadcrumb"},"inLanguage":"es","potentialAction":[{"@type":"ReadAction","target":["https:\/\/westcoasttriallawyers.com\/es\/california\/long-beach\/abogados-accidentes-autobus-long-beach"]}]},{"@type":"ImageObject","inLanguage":"es","@id":"https:\/\/westcoasttriallawyers.com\/es\/california\/long-beach\/abogados-accidentes-autobus-long-beach#primaryimage","url":"https:\/\/westcoasttriallawyers.com\/wp-content\/uploads\/2025\/07\/u6829429588_Long_Beach_California_-v_7_4cd9c920-299b-417c-aaf0-e54bf70b12f7_0-1-5.webp","contentUrl":"https:\/\/westcoasttriallawyers.com\/wp-content\/uploads\/2025\/07\/u6829429588_Long_Beach_California_-v_7_4cd9c920-299b-417c-aaf0-e54bf70b12f7_0-1-5.webp","width":557,"height":328},{"@type":"BreadcrumbList","@id":"https:\/\/westcoasttriallawyers.com\/es\/california\/long-beach\/abogados-accidentes-autobus-long-beach#breadcrumb","itemListElement":[{"@type":"ListItem","position":1,"name":"Inicio","item":"https:\/\/westcoasttriallawyers.com\/es"},{"@type":"ListItem","position":2,"name":"California","item":"https:\/\/westcoasttriallawyers.com\/es\/california"},{"@type":"ListItem","position":3,"name":"Long Beach","item":"https:\/\/westcoasttriallawyers.com\/es\/california\/long-beach"},{"@type":"ListItem","position":4,"name":"Abogado de Accidentes de Autob\u00fas en Long Beach"}]},{"@type":"WebSite","@id":"https:\/\/westcoasttriallawyers.com\/es#website","url":"https:\/\/westcoasttriallawyers.com\/es","name":"West Coast Trial Lawyers","description":"West Coast Trial Lawyers","publisher":{"@id":"https:\/\/westcoasttriallawyers.com\/es#organization"},"alternateName":"WCTL","potentialAction":[{"@type":"SearchAction","target":{"@type":"EntryPoint","urlTemplate":"https:\/\/westcoasttriallawyers.com\/es?s={search_term_string}"},"query-input":{"@type":"PropertyValueSpecification","valueRequired":true,"valueName":"search_term_string"}}],"inLanguage":"es"},{"@type":"Organization","@id":"https:\/\/westcoasttriallawyers.com\/es#organization","name":"West Coast Trial Lawyers","alternateName":"WCTL","url":"https:\/\/westcoasttriallawyers.com\/es","logo":{"@type":"ImageObject","inLanguage":"es","@id":"https:\/\/westcoasttriallawyers.com\/es#\/schema\/logo\/image\/","url":"https:\/\/westcoasttriallawyers.com\/wp-content\/uploads\/2026\/02\/WCTL-Logo.jpg","contentUrl":"https:\/\/westcoasttriallawyers.com\/wp-content\/uploads\/2026\/02\/WCTL-Logo.jpg","width":696,"height":696,"caption":"West Coast Trial Lawyers"},"image":{"@id":"https:\/\/westcoasttriallawyers.com\/es#\/schema\/logo\/image\/"},"sameAs":["https:\/\/www.facebook.com\/westcoasttriallawyers\/","https:\/\/x.com\/WestCoastTrial","https:\/\/www.linkedin.com\/company\/west-coast-trial-lawyers\/","https:\/\/www.instagram.com\/westcoasttriallawyers\/","https:\/\/www.yelp.com\/biz\/west-coast-trial-lawyers-los-angeles-2","https:\/\/www.pinterest.com\/westcoasttrial\/","https:\/\/www.youtube.com\/westcoasttriallawyersla\/","https:\/\/www.tiktok.com\/westcoasttriallawyers"],"description":"West Coast Trial Lawyers is a top-rated personal injury law firm with a goal to provide expert legal representation to those in need. The law firm has offices across California, Nevada, Arizona, and Washington.","legalName":"West Coast Trial Lawyers"}]}},"_links":{"self":[{"href":"https:\/\/westcoasttriallawyers.com\/es\/wp-json\/wp\/v2\/pages\/12865","targetHints":{"allow":["GET"]}}],"collection":[{"href":"https:\/\/westcoasttriallawyers.com\/es\/wp-json\/wp\/v2\/pages"}],"about":[{"href":"https:\/\/westcoasttriallawyers.com\/es\/wp-json\/wp\/v2\/types\/page"}],"author":[{"embeddable":true,"href":"https:\/\/westcoasttriallawyers.com\/es\/wp-json\/wp\/v2\/users\/475"}],"replies":[{"embeddable":true,"href":"https:\/\/westcoasttriallawyers.com\/es\/wp-json\/wp\/v2\/comments?post=12865"}],"version-history":[{"count":4,"href":"https:\/\/westcoasttriallawyers.com\/es\/wp-json\/wp\/v2\/pages\/12865\/revisions"}],"predecessor-version":[{"id":48110,"href":"https:\/\/westcoasttriallawyers.com\/es\/wp-json\/wp\/v2\/pages\/12865\/revisions\/48110"}],"up":[{"embeddable":true,"href":"https:\/\/westcoasttriallawyers.com\/es\/wp-json\/wp\/v2\/pages\/47396"}],"wp:featuredmedia":[{"embeddable":true,"href":"https:\/\/westcoasttriallawyers.com\/es\/wp-json\/wp\/v2\/media\/45908"}],"wp:attachment":[{"href":"https:\/\/westcoasttriallawyers.com\/es\/wp-json\/wp\/v2\/media?parent=12865"}],"curies":[{"name":"wp","href":"https:\/\/api.w.org\/{rel}","templated":true}]}}