{"id":12864,"date":"2026-01-13T23:41:24","date_gmt":"2026-01-13T23:41:24","guid":{"rendered":"https:\/\/wctl1stg.wpengine.com\/?page_id=12864"},"modified":"2026-01-21T13:28:52","modified_gmt":"2026-01-21T13:28:52","slug":"abogado-de-muerte-injusta-de-long-beach","status":"publish","type":"page","link":"https:\/\/westcoasttriallawyers.com\/es\/california\/long-beach\/abogado-de-muerte-injusta-de-long-beach","title":{"rendered":"Abogado de Muerte Injusta de Long Beach"},"content":{"rendered":"<h2><strong>\u00bfQu\u00e9 es la Negligencia M\u00e9dica? \u00a0<\/strong><\/h2>\n<p>Una muerte injusta es un suceso inesperado y tr\u00e1gico que generalmente es causado por acciones negligentes. Pasar por un evento desafortunado como este generalmente lleva mucho tiempo para que las personas lo afronten. Si un ser querido falleci\u00f3 por una muerte injusta, le enviamos nuestras m\u00e1s profundas condolencias.\u00a0<\/p>\n<p>Mientras atraviesa este momento dif\u00edcil de su vida, es posible que se pregunte c\u00f3mo puede cerrar este desafortunado incidente. Si desea demandar a la parte culpable, ser\u00eda mejor que se comunique con un abogado de muerte injusta. Los herederos de la v\u00edctima tienen derecho a obtener una compensaci\u00f3n por los da\u00f1os econ\u00f3micos y no econ\u00f3micos causados \u200b\u200bpor la muerte injusta de su ser querido. La compensaci\u00f3n recuperable incluye facturas m\u00e9dicas, p\u00e9rdida de capacidad de ingresos, p\u00e9rdida de consorcio, dolor y sufrimiento, y m\u00e1s.\u00a0<\/p>\n<p>Si perdi\u00f3 a un ser querido debido a la negligencia de otra persona, Los Abogados de la Costa Oeste cuenta con abogados experimentados<strong> en muerte injusta en Long Beach<\/strong> que le brindar\u00e1n la justicia que se merece. Hemos ganado m\u00e1s de 5000 casos de lesiones personales y hemos recuperado m\u00e1s de $1000 millones en acuerdos para nuestros clientes. Debido a nuestros logros, estamos seguros de que ofreceremos un buen acuerdo que ayudar\u00e1 a cubrir cualquier p\u00e9rdida que haya sufrido durante este momento dif\u00edcil de su vida.\u00a0<\/p>\n<p>Para programar una consulta gratuita y sin compromiso en nuestro\u00a0<strong>bufete de abogados de lesiones personales de Long Beach<\/strong>, comun\u00edquese con nuestro equipo legal las 24 horas, los 7 d\u00edas de la semana llamando al\u00a0<strong>213-927-3700<\/strong> o enviando un correo electr\u00f3nico\u00a0<a href=\"mailto:info@westcoasttriallawyers.com\"><strong>a info@westcoasttriallawyers.com<\/strong><\/a><strong>.<\/strong>\u00a0<\/p>\n<p><strong>\u00bfQu\u00e9 constituye una Negligencia M\u00e9dica?\u00a0<\/strong><\/p>\n<p><strong>Negligencia m\u00e9dica<\/strong> Ocurre cuando un m\u00e9dico o perito m\u00e9dico comete acciones impropias o imprudentes que dejan al paciente herido o muerto. Podr\u00eda haber varias acciones cometidas que pueden afectar negativamente a un paciente, como diagnosticar incorrectamente su problema o proporcionar un plan de tratamiento incorrecto. Estos Dos requisitos deben cumplirse para que ocurra una negligencia m\u00e9dica:\u00a0<\/p>\n<ul>\n<li><strong>Violar el est\u00e1ndar de atenci\u00f3n.\u00a0<\/strong>Los est\u00e1ndares m\u00e9dicos se establecen para que los m\u00e9dicos los sigan. Los pacientes conf\u00edan plenamente en que las decisiones m\u00e9dicas de su m\u00e9dico se determinar\u00e1n en base a estos est\u00e1ndares. Si eligen ignorar estas reglas, podr\u00edan da\u00f1ar gravemente, o incluso matar, al paciente.<\/li>\n<li><strong>La v\u00edctima sufri\u00f3 da\u00f1os graves por la lesi\u00f3n.<\/strong> Las demandas por negligencia m\u00e9dica suelen ser muy costosas. Ser\u00eda ideal que la v\u00edctima prosiga con este caso si se ha producido un da\u00f1o significativo. Si es un caso peque\u00f1o, entonces puede que no valga la pena continuar. Es probable que la v\u00edctima gaste m\u00e1s en el caso en comparaci\u00f3n con la recuperaci\u00f3n que recibir\u00e1 si gana.\u00a0<\/li>\n<\/ul>\n<p><strong>Ejemplos de Negligencia M\u00e9dica\u00a0<\/strong><\/p>\n<p>Hay varios tipos de acciones por negligencia que un m\u00e9dico puede cometer y que pueden clasificarse como negligencia m\u00e9dica. Esto incluye al m\u00e9dico:<\/p>\n<ul>\n<li>Ignorar deliberadamente los resultados del laboratorio.<\/li>\n<li>Diagnosticar incorrectamente a un paciente.<\/li>\n<li>No leer correctamente los resultados de laboratorio.<\/li>\n<li>Cometer errores durante un procedimiento.<\/li>\n<li>No darse cuenta de los s\u00edntomas del paciente.\u00a0<\/li>\n<li>Recomendar cirug\u00edas que no son necesarias.<\/li>\n<li>Asignar el medicamento o la dosis de medicamentos incorrectos.<\/li>\n<li>Ordenar las pruebas de laboratorio equivocadas.<\/li>\n<li>No establecer correctamente un seguimiento o cuidado posterior.<\/li>\n<li>Mostrar una falta de cuidado o atenci\u00f3n por el historial de problemas de salud de un paciente.<\/li>\n<\/ul>\n<p>Aqu\u00ed hay algunas situaciones que\u00a0<strong>no califican<\/strong> como negligencia m\u00e9dica:<\/p>\n<ul>\n<li><strong>Cuando la salud del paciente est\u00e1 empeorando.<\/strong> Un m\u00e9dico no es responsable de que los problemas de salud del paciente empeoren durante el tratamiento. El m\u00e9dico puede administrar medicamentos o cirug\u00eda para ayudar a mejorar el estado de salud del paciente. Sin embargo, si el tratamiento no ayuda, entonces el m\u00e9dico no tiene la culpa. Siempre que el m\u00e9dico muestre un cuidado razonable, este escenario no se considera negligencia m\u00e9dica.<\/li>\n<li><strong>Cuando el paciente tiene una condici\u00f3n que no es tratable.\u00a0<\/strong>Hay ciertos tipos de enfermedades que no tienen un tratamiento efectivo disponible para un paciente. Si el m\u00e9dico hace un diagn\u00f3stico adecuado y presenta un plan que podr\u00eda ayudar a mejorar la salud del paciente, esto no se considera negligencia m\u00e9dica.<\/li>\n<\/ul>\n<p><strong>Demanda por Muerte Injusta Contra un Hospital<\/strong>\u00a0<\/p>\n<p>Se espera que un hospital brinde la m\u00e1xima atenci\u00f3n a sus pacientes. Esto requiere controlar con frecuencia a un paciente para asegurarse de que est\u00e9 bien o preguntar si el paciente necesita ayuda. Los miembros del personal tambi\u00e9n deben mostrar un tono de voz respetable al hablar con un paciente para que el paciente se sienta c\u00f3modo durante su estad\u00eda en el hospital. Adem\u00e1s, cada miembro del personal m\u00e9dico debe ser consciente de lo que est\u00e1 haciendo a la hora de realizar determinadas acciones, como dar la medicaci\u00f3n y la dosis correctas, realizar correctamente un an\u00e1lisis de sangre o realizar correctamente una prueba de imagen. Lamentablemente, se han registrado casos<strong>\u00a0<\/strong><a href=\"https:\/\/www.who.int\/news-room\/fact-sheets\/detail\/patient-safety\"><strong>reportados<\/strong><\/a><strong>\u00a0<\/strong>donde un hospital ha maltratado a m\u00faltiples pacientes, lo que ha provocado muchas lesiones y muertes. Un hospital ser\u00e1 responsable por la muerte de un paciente si:\u00a0<\/p>\n<ul>\n<li>Los m\u00e9dicos o enfermeras mostraron descuido o negligencia hacia el paciente.\u00a0<\/li>\n<li>El hospital est\u00e1 contratando empleados negligentes que no est\u00e1n haciendo su trabajo correctamente.<\/li>\n<li>El hospital no muestra inter\u00e9s en reparar el equipo o verificar c\u00f3mo los empleados administran la atenci\u00f3n m\u00e9dica.\u00a0<\/li>\n<\/ul>\n<p><strong>Responsabilidad del Contratista Independiente\u00a0<\/strong><\/p>\n<p>Un hospital no es responsable de las acciones negligentes cometidas por un m\u00e9dico o una enfermera hac\u00eda un paciente si no son empleados del hospital. Para determinar cu\u00e1l es su situaci\u00f3n laboral, se deben revisar los contratos de trabajo para comprender completamente la cantidad de control que el hospital tiene sobre ellos.\u00a0<\/p>\n<p>Si el hospital tiene una cantidad significativa de control sobre el m\u00e9dico o la enfermera, entonces el tribunal puede identificarlos como empleados. Lo mejor es contratar a un abogado de muerte injusta de Long Beach para que lo ayude a manejar este tipo de caso, ya que puede ser bastante complejo resolverlo todo por su cuenta.\u00a0<\/p>\n<p><strong>Cont\u00e1ctenos<\/strong><\/p>\n<p>Si su ser querido fue v\u00edctima de una muerte injusta debido a la negligencia de un m\u00e9dico, enfermera u hospital,\u00a0<a href=\"\/\"><strong>Los Abogados de la Costa Oeste\u00a0<\/strong><\/a>ha experimentado Abogados de muerte injusta en Long Beach .que le brindar\u00e1n la justicia que se merece Nuestros abogados lo ayudar\u00e1n a recuperar una compensaci\u00f3n financiera y emocional por da\u00f1os tales como\u00a0<a href=\"\/emotional-distress\/\"><strong>angustia emocional<\/strong><\/a>, salarios perdidos, facturas m\u00e9dicas, dolor y sufrimiento, y m\u00e1s.\u00a0<\/p>\n<p>Para programar una consulta gratuita y sin compromiso en bufete de abogados de lesiones personales de Long Beach, comun\u00edquese con nuestro equipo legal las 24 horas del d\u00eda, los 7 d\u00edas de la semana llamando al<strong> 213-927-3700<\/strong> enviando un correo electr\u00f3nico<strong>\u00a0<\/strong><a href=\"mailto:info@westcoasttriallawyers.com\"><strong>info@westcoasttriallawyers.com<\/strong><\/a><strong>.\u00a0<\/strong><\/p>\n<p><!-- WCTL_DEBUG: no shortcode in this_content --><\/p>\n","protected":false},"excerpt":{"rendered":"<p>\u00bfQu\u00e9 es la Negligencia M\u00e9dica? \u00a0 Una muerte injusta es un suceso inesperado y tr\u00e1gico que generalmente es causado por acciones negligentes. Pasar por un evento desafortunado como este generalmente lleva mucho tiempo para que las personas lo afronten. Si un ser querido falleci\u00f3 por una muerte injusta, le enviamos nuestras m\u00e1s profundas condolencias.\u00a0 Mientras [&hellip;]<\/p>\n","protected":false},"author":475,"featured_media":45943,"parent":47396,"menu_order":0,"comment_status":"closed","ping_status":"closed","template":"","meta":{"inline_featured_image":false,"footnotes":""},"class_list":["post-12864","page","type-page","status-publish","has-post-thumbnail","hentry"],"acf":[],"yoast_head":"<!-- This site is optimized with the Yoast SEO Premium plugin v26.0 (Yoast SEO v26.0) - https:\/\/yoast.com\/wordpress\/plugins\/seo\/ -->\n<title>Abogado de Muerte Injusta de Long Beach | West Coast Trial Lawyers<\/title>\n<meta name=\"robots\" content=\"index, follow, max-snippet:-1, max-image-preview:large, max-video-preview:-1\" \/>\n<link rel=\"canonical\" href=\"https:\/\/westcoasttriallawyers.com\/es\/california\/long-beach\/abogado-de-muerte-injusta-de-long-beach\" \/>\n<meta property=\"og:locale\" content=\"es_ES\" \/>\n<meta property=\"og:type\" content=\"article\" \/>\n<meta property=\"og:title\" content=\"Abogado de Muerte Injusta de Long Beach\" \/>\n<meta property=\"og:description\" content=\"\u00bfQu\u00e9 es la Negligencia M\u00e9dica? \u00a0 Una muerte injusta es un suceso inesperado y tr\u00e1gico que generalmente es causado por acciones negligentes. Pasar por un evento desafortunado como este generalmente lleva mucho tiempo para que las personas lo afronten. Si un ser querido falleci\u00f3 por una muerte injusta, le enviamos nuestras m\u00e1s profundas condolencias.\u00a0 Mientras [&hellip;]\" \/>\n<meta property=\"og:url\" content=\"https:\/\/westcoasttriallawyers.com\/es\/california\/long-beach\/abogado-de-muerte-injusta-de-long-beach\" \/>\n<meta property=\"og:site_name\" content=\"West Coast Trial Lawyers\" \/>\n<meta property=\"article:publisher\" content=\"https:\/\/www.facebook.com\/westcoasttriallawyers\/\" \/>\n<meta property=\"article:modified_time\" content=\"2026-01-21T13:28:52+00:00\" \/>\n<meta property=\"og:image\" content=\"https:\/\/westcoasttriallawyers.com\/wp-content\/uploads\/2025\/07\/u6829429588_Long_Beach_California_-v_7_4cd9c920-299b-417c-aaf0-e54bf70b12f7_0-1-19.webp\" \/>\n\t<meta property=\"og:image:width\" content=\"557\" \/>\n\t<meta property=\"og:image:height\" content=\"328\" \/>\n\t<meta property=\"og:image:type\" content=\"image\/webp\" \/>\n<meta name=\"twitter:card\" content=\"summary_large_image\" \/>\n<meta name=\"twitter:site\" content=\"@WestCoastTrial\" \/>\n<meta name=\"twitter:label1\" content=\"Tiempo de lectura\" \/>\n\t<meta name=\"twitter:data1\" content=\"5 minutos\" \/>\n<script type=\"application\/ld+json\" class=\"yoast-schema-graph\">{\"@context\":\"https:\/\/schema.org\",\"@graph\":[{\"@type\":[\"WebPage\",\"ItemPage\"],\"@id\":\"https:\/\/westcoasttriallawyers.com\/es\/california\/long-beach\/abogado-de-muerte-injusta-de-long-beach\",\"url\":\"https:\/\/westcoasttriallawyers.com\/es\/california\/long-beach\/abogado-de-muerte-injusta-de-long-beach\",\"name\":\"Abogado de Muerte Injusta de Long Beach | West Coast Trial Lawyers\",\"isPartOf\":{\"@id\":\"https:\/\/westcoasttriallawyers.com\/es#website\"},\"primaryImageOfPage\":{\"@id\":\"https:\/\/westcoasttriallawyers.com\/es\/california\/long-beach\/abogado-de-muerte-injusta-de-long-beach#primaryimage\"},\"image\":{\"@id\":\"https:\/\/westcoasttriallawyers.com\/es\/california\/long-beach\/abogado-de-muerte-injusta-de-long-beach#primaryimage\"},\"thumbnailUrl\":\"https:\/\/westcoasttriallawyers.com\/wp-content\/uploads\/2025\/07\/u6829429588_Long_Beach_California_-v_7_4cd9c920-299b-417c-aaf0-e54bf70b12f7_0-1-19.webp\",\"datePublished\":\"2026-01-13T23:41:24+00:00\",\"dateModified\":\"2026-01-21T13:28:52+00:00\",\"breadcrumb\":{\"@id\":\"https:\/\/westcoasttriallawyers.com\/es\/california\/long-beach\/abogado-de-muerte-injusta-de-long-beach#breadcrumb\"},\"inLanguage\":\"es\",\"potentialAction\":[{\"@type\":\"ReadAction\",\"target\":[\"https:\/\/westcoasttriallawyers.com\/es\/california\/long-beach\/abogado-de-muerte-injusta-de-long-beach\"]}]},{\"@type\":\"ImageObject\",\"inLanguage\":\"es\",\"@id\":\"https:\/\/westcoasttriallawyers.com\/es\/california\/long-beach\/abogado-de-muerte-injusta-de-long-beach#primaryimage\",\"url\":\"https:\/\/westcoasttriallawyers.com\/wp-content\/uploads\/2025\/07\/u6829429588_Long_Beach_California_-v_7_4cd9c920-299b-417c-aaf0-e54bf70b12f7_0-1-19.webp\",\"contentUrl\":\"https:\/\/westcoasttriallawyers.com\/wp-content\/uploads\/2025\/07\/u6829429588_Long_Beach_California_-v_7_4cd9c920-299b-417c-aaf0-e54bf70b12f7_0-1-19.webp\",\"width\":557,\"height\":328},{\"@type\":\"BreadcrumbList\",\"@id\":\"https:\/\/westcoasttriallawyers.com\/es\/california\/long-beach\/abogado-de-muerte-injusta-de-long-beach#breadcrumb\",\"itemListElement\":[{\"@type\":\"ListItem\",\"position\":1,\"name\":\"Inicio\",\"item\":\"https:\/\/westcoasttriallawyers.com\/es\"},{\"@type\":\"ListItem\",\"position\":2,\"name\":\"California\",\"item\":\"https:\/\/westcoasttriallawyers.com\/es\/california\"},{\"@type\":\"ListItem\",\"position\":3,\"name\":\"Long Beach\",\"item\":\"https:\/\/westcoasttriallawyers.com\/es\/california\/long-beach\"},{\"@type\":\"ListItem\",\"position\":4,\"name\":\"Abogado de Muerte Injusta de Long Beach\"}]},{\"@type\":\"WebSite\",\"@id\":\"https:\/\/westcoasttriallawyers.com\/es#website\",\"url\":\"https:\/\/westcoasttriallawyers.com\/es\",\"name\":\"West Coast Trial Lawyers\",\"description\":\"West Coast Trial Lawyers\",\"publisher\":{\"@id\":\"https:\/\/westcoasttriallawyers.com\/es#organization\"},\"alternateName\":\"WCTL\",\"potentialAction\":[{\"@type\":\"SearchAction\",\"target\":{\"@type\":\"EntryPoint\",\"urlTemplate\":\"https:\/\/westcoasttriallawyers.com\/es?s={search_term_string}\"},\"query-input\":{\"@type\":\"PropertyValueSpecification\",\"valueRequired\":true,\"valueName\":\"search_term_string\"}}],\"inLanguage\":\"es\"},{\"@type\":\"Organization\",\"@id\":\"https:\/\/westcoasttriallawyers.com\/es#organization\",\"name\":\"West Coast Trial Lawyers\",\"alternateName\":\"WCTL\",\"url\":\"https:\/\/westcoasttriallawyers.com\/es\",\"logo\":{\"@type\":\"ImageObject\",\"inLanguage\":\"es\",\"@id\":\"https:\/\/westcoasttriallawyers.com\/es#\/schema\/logo\/image\/\",\"url\":\"https:\/\/westcoasttriallawyers.com\/wp-content\/uploads\/2026\/02\/WCTL-Logo.jpg\",\"contentUrl\":\"https:\/\/westcoasttriallawyers.com\/wp-content\/uploads\/2026\/02\/WCTL-Logo.jpg\",\"width\":696,\"height\":696,\"caption\":\"West Coast Trial Lawyers\"},\"image\":{\"@id\":\"https:\/\/westcoasttriallawyers.com\/es#\/schema\/logo\/image\/\"},\"sameAs\":[\"https:\/\/www.facebook.com\/westcoasttriallawyers\/\",\"https:\/\/x.com\/WestCoastTrial\",\"https:\/\/www.linkedin.com\/company\/west-coast-trial-lawyers\/\",\"https:\/\/www.instagram.com\/westcoasttriallawyers\/\",\"https:\/\/www.yelp.com\/biz\/west-coast-trial-lawyers-los-angeles-2\",\"https:\/\/www.pinterest.com\/westcoasttrial\/\",\"https:\/\/www.youtube.com\/westcoasttriallawyersla\/\",\"https:\/\/www.tiktok.com\/westcoasttriallawyers\"],\"description\":\"West Coast Trial Lawyers is a top-rated personal injury law firm with a goal to provide expert legal representation to those in need. The law firm has offices across California, Nevada, Arizona, and Washington.\",\"legalName\":\"West Coast Trial Lawyers\"}]}<\/script>\n<!-- \/ Yoast SEO Premium plugin. -->","yoast_head_json":{"title":"Abogado de Muerte Injusta de Long Beach | West Coast Trial Lawyers","robots":{"index":"index","follow":"follow","max-snippet":"max-snippet:-1","max-image-preview":"max-image-preview:large","max-video-preview":"max-video-preview:-1"},"canonical":"https:\/\/westcoasttriallawyers.com\/es\/california\/long-beach\/abogado-de-muerte-injusta-de-long-beach","og_locale":"es_ES","og_type":"article","og_title":"Abogado de Muerte Injusta de Long Beach","og_description":"\u00bfQu\u00e9 es la Negligencia M\u00e9dica? \u00a0 Una muerte injusta es un suceso inesperado y tr\u00e1gico que generalmente es causado por acciones negligentes. Pasar por un evento desafortunado como este generalmente lleva mucho tiempo para que las personas lo afronten. Si un ser querido falleci\u00f3 por una muerte injusta, le enviamos nuestras m\u00e1s profundas condolencias.\u00a0 Mientras [&hellip;]","og_url":"https:\/\/westcoasttriallawyers.com\/es\/california\/long-beach\/abogado-de-muerte-injusta-de-long-beach","og_site_name":"West Coast Trial Lawyers","article_publisher":"https:\/\/www.facebook.com\/westcoasttriallawyers\/","article_modified_time":"2026-01-21T13:28:52+00:00","og_image":[{"width":557,"height":328,"url":"https:\/\/westcoasttriallawyers.com\/wp-content\/uploads\/2025\/07\/u6829429588_Long_Beach_California_-v_7_4cd9c920-299b-417c-aaf0-e54bf70b12f7_0-1-19.webp","type":"image\/webp"}],"twitter_card":"summary_large_image","twitter_site":"@WestCoastTrial","twitter_misc":{"Tiempo de lectura":"5 minutos"},"schema":{"@context":"https:\/\/schema.org","@graph":[{"@type":["WebPage","ItemPage"],"@id":"https:\/\/westcoasttriallawyers.com\/es\/california\/long-beach\/abogado-de-muerte-injusta-de-long-beach","url":"https:\/\/westcoasttriallawyers.com\/es\/california\/long-beach\/abogado-de-muerte-injusta-de-long-beach","name":"Abogado de Muerte Injusta de Long Beach | West Coast Trial Lawyers","isPartOf":{"@id":"https:\/\/westcoasttriallawyers.com\/es#website"},"primaryImageOfPage":{"@id":"https:\/\/westcoasttriallawyers.com\/es\/california\/long-beach\/abogado-de-muerte-injusta-de-long-beach#primaryimage"},"image":{"@id":"https:\/\/westcoasttriallawyers.com\/es\/california\/long-beach\/abogado-de-muerte-injusta-de-long-beach#primaryimage"},"thumbnailUrl":"https:\/\/westcoasttriallawyers.com\/wp-content\/uploads\/2025\/07\/u6829429588_Long_Beach_California_-v_7_4cd9c920-299b-417c-aaf0-e54bf70b12f7_0-1-19.webp","datePublished":"2026-01-13T23:41:24+00:00","dateModified":"2026-01-21T13:28:52+00:00","breadcrumb":{"@id":"https:\/\/westcoasttriallawyers.com\/es\/california\/long-beach\/abogado-de-muerte-injusta-de-long-beach#breadcrumb"},"inLanguage":"es","potentialAction":[{"@type":"ReadAction","target":["https:\/\/westcoasttriallawyers.com\/es\/california\/long-beach\/abogado-de-muerte-injusta-de-long-beach"]}]},{"@type":"ImageObject","inLanguage":"es","@id":"https:\/\/westcoasttriallawyers.com\/es\/california\/long-beach\/abogado-de-muerte-injusta-de-long-beach#primaryimage","url":"https:\/\/westcoasttriallawyers.com\/wp-content\/uploads\/2025\/07\/u6829429588_Long_Beach_California_-v_7_4cd9c920-299b-417c-aaf0-e54bf70b12f7_0-1-19.webp","contentUrl":"https:\/\/westcoasttriallawyers.com\/wp-content\/uploads\/2025\/07\/u6829429588_Long_Beach_California_-v_7_4cd9c920-299b-417c-aaf0-e54bf70b12f7_0-1-19.webp","width":557,"height":328},{"@type":"BreadcrumbList","@id":"https:\/\/westcoasttriallawyers.com\/es\/california\/long-beach\/abogado-de-muerte-injusta-de-long-beach#breadcrumb","itemListElement":[{"@type":"ListItem","position":1,"name":"Inicio","item":"https:\/\/westcoasttriallawyers.com\/es"},{"@type":"ListItem","position":2,"name":"California","item":"https:\/\/westcoasttriallawyers.com\/es\/california"},{"@type":"ListItem","position":3,"name":"Long Beach","item":"https:\/\/westcoasttriallawyers.com\/es\/california\/long-beach"},{"@type":"ListItem","position":4,"name":"Abogado de Muerte Injusta de Long Beach"}]},{"@type":"WebSite","@id":"https:\/\/westcoasttriallawyers.com\/es#website","url":"https:\/\/westcoasttriallawyers.com\/es","name":"West Coast Trial Lawyers","description":"West Coast Trial Lawyers","publisher":{"@id":"https:\/\/westcoasttriallawyers.com\/es#organization"},"alternateName":"WCTL","potentialAction":[{"@type":"SearchAction","target":{"@type":"EntryPoint","urlTemplate":"https:\/\/westcoasttriallawyers.com\/es?s={search_term_string}"},"query-input":{"@type":"PropertyValueSpecification","valueRequired":true,"valueName":"search_term_string"}}],"inLanguage":"es"},{"@type":"Organization","@id":"https:\/\/westcoasttriallawyers.com\/es#organization","name":"West Coast Trial Lawyers","alternateName":"WCTL","url":"https:\/\/westcoasttriallawyers.com\/es","logo":{"@type":"ImageObject","inLanguage":"es","@id":"https:\/\/westcoasttriallawyers.com\/es#\/schema\/logo\/image\/","url":"https:\/\/westcoasttriallawyers.com\/wp-content\/uploads\/2026\/02\/WCTL-Logo.jpg","contentUrl":"https:\/\/westcoasttriallawyers.com\/wp-content\/uploads\/2026\/02\/WCTL-Logo.jpg","width":696,"height":696,"caption":"West Coast Trial Lawyers"},"image":{"@id":"https:\/\/westcoasttriallawyers.com\/es#\/schema\/logo\/image\/"},"sameAs":["https:\/\/www.facebook.com\/westcoasttriallawyers\/","https:\/\/x.com\/WestCoastTrial","https:\/\/www.linkedin.com\/company\/west-coast-trial-lawyers\/","https:\/\/www.instagram.com\/westcoasttriallawyers\/","https:\/\/www.yelp.com\/biz\/west-coast-trial-lawyers-los-angeles-2","https:\/\/www.pinterest.com\/westcoasttrial\/","https:\/\/www.youtube.com\/westcoasttriallawyersla\/","https:\/\/www.tiktok.com\/westcoasttriallawyers"],"description":"West Coast Trial Lawyers is a top-rated personal injury law firm with a goal to provide expert legal representation to those in need. The law firm has offices across California, Nevada, Arizona, and Washington.","legalName":"West Coast Trial Lawyers"}]}},"_links":{"self":[{"href":"https:\/\/westcoasttriallawyers.com\/es\/wp-json\/wp\/v2\/pages\/12864","targetHints":{"allow":["GET"]}}],"collection":[{"href":"https:\/\/westcoasttriallawyers.com\/es\/wp-json\/wp\/v2\/pages"}],"about":[{"href":"https:\/\/westcoasttriallawyers.com\/es\/wp-json\/wp\/v2\/types\/page"}],"author":[{"embeddable":true,"href":"https:\/\/westcoasttriallawyers.com\/es\/wp-json\/wp\/v2\/users\/475"}],"replies":[{"embeddable":true,"href":"https:\/\/westcoasttriallawyers.com\/es\/wp-json\/wp\/v2\/comments?post=12864"}],"version-history":[{"count":3,"href":"https:\/\/westcoasttriallawyers.com\/es\/wp-json\/wp\/v2\/pages\/12864\/revisions"}],"predecessor-version":[{"id":47710,"href":"https:\/\/westcoasttriallawyers.com\/es\/wp-json\/wp\/v2\/pages\/12864\/revisions\/47710"}],"up":[{"embeddable":true,"href":"https:\/\/westcoasttriallawyers.com\/es\/wp-json\/wp\/v2\/pages\/47396"}],"wp:featuredmedia":[{"embeddable":true,"href":"https:\/\/westcoasttriallawyers.com\/es\/wp-json\/wp\/v2\/media\/45943"}],"wp:attachment":[{"href":"https:\/\/westcoasttriallawyers.com\/es\/wp-json\/wp\/v2\/media?parent=12864"}],"curies":[{"name":"wp","href":"https:\/\/api.w.org\/{rel}","templated":true}]}}