{"id":12863,"date":"2026-01-13T23:41:16","date_gmt":"2026-01-13T23:41:16","guid":{"rendered":"https:\/\/wctl1stg.wpengine.com\/?page_id=12863"},"modified":"2026-01-23T19:24:33","modified_gmt":"2026-01-23T19:24:33","slug":"abogados-accidentes-bicicleta-long-beach","status":"publish","type":"page","link":"https:\/\/westcoasttriallawyers.com\/es\/california\/long-beach\/abogados-accidentes-bicicleta-long-beach","title":{"rendered":"Abogado de Accidentes de Bicicleta en Long Beach"},"content":{"rendered":"<h2><strong>\u00bfQu\u00e9 Lesiones puede sufrir Despu\u00e9s de un Accidente de Bicicleta?<\/strong><\/h2>\n<p>Los ciclistas de\u00a0<strong>Long Beach<\/strong> a menudo corren el riesgo de verse involucrados en un accidente, ya que viajan en un \u00e1rea densamente poblada. Los ciclistas quedan vulnerables al compartir la v\u00eda con otros veh\u00edculos, sobre todo porque no cuentan con protecci\u00f3n que les impida sufrir lesiones graves. A continuaci\u00f3n, enumeramos escenarios comunes que han contribuido a la causa de un accidente de bicicleta.<\/p>\n<ul>\n<li>El conductor calcul\u00f3 mal la velocidad del ciclista e intent\u00f3 rebasar. Sin embargo, no tuvo \u00e9xito y ambas partes chocaron entre s\u00ed.<\/li>\n<li>El conductor no hace ninguna observaci\u00f3n cuidadosa de la carretera antes de ingresar al carril para bicicletas y choca contra un ciclista que no not\u00f3.<\/li>\n<li>El conductor est\u00e1 bajo la influencia del alcohol y tiene problemas de visi\u00f3n y mentales. El conductor no hace giros cautelosos y cambios de carril, lo que provoca un accidente con un ciclista que estaba en un carril bici cercano.<\/li>\n<li>Un ciclista circula por la acera y choca contra un peat\u00f3n.<\/li>\n<\/ul>\n<p>Para reducir la probabilidad de un accidente de bicicleta, la ciudad de Long Beach ha establecido\u00a0<a href=\"https:\/\/www.longbeach.gov\/goactivelb\/resources\/la213-927-3700213-927-3700edestria213-927-3700ik213-927-3700-bik213-927-3700213-927-3700-scooters\/#bicycles\"><strong>leyes<\/strong><\/a> para que lo sigan los ciclistas. Para empezar, un ciclista no debe andar en una acera en estos lugares:<\/p>\n<ul>\n<li>Cualquier distrito comercial<\/li>\n<li>Aceras en puentes<\/li>\n<li>Pasos subterr\u00e1neos o elevados para peatones<\/li>\n<li>Aceras ubicadas en la propiedad de escuelas, iglesias, centros recreativos y parques infantiles<\/li>\n<li>Al sur de Ocean Boulevard ubicado entre el oeste de la Museo de Arte de Long Beach y al este de Bluff Park<\/li>\n<li>Lado norte de Downtown Marina Mole ubicado entre la Pasarela A y la Pasarela P<\/li>\n<\/ul>\n<p>Si un ciclista circula en un \u00e1rea permitida, debe ceder el paso a los peatones y hacer se\u00f1ales con la mano de la bicicleta cuando planee reducir la velocidad , detenerse o girar. Adem\u00e1s, un ciclista no debe andar en bicicleta cuando est\u00e1 bajo la influencia de drogas o alcohol. Se requiere que sean conscientes de su entorno para mantener un entorno seguro para los que est\u00e1n cerca. Por \u00faltimo, un ciclista no debe usar aud\u00edfonos o aud\u00edfonos cuando ande en bicicleta, sin embargo, los aud\u00edfonos son aceptables.<\/p>\n<p>Si estuvo involucrado en un accidente de bicicleta y le gustar\u00eda emprender acciones legales contra la parte culpable, West Coast Trial Lawyers tiene\u00a0<strong>abogados de accidentes de bicicleta en Long Beach\u00a0<\/strong>con m\u00e1s de 60 a\u00f1os de experiencia legal colectiva en el manejo de casos de lesiones personales. Con nuestro historial de recuperaci\u00f3n de m\u00e1s de $1 mil millones en acuerdos para nuestros clientes, hemos sido clasificados como uno de los principales bufetes de abogados de lesiones personales en Long Beach.<\/p>\n<p>Para programar una consulta gratuita y sin compromiso en nuestro\u00a0<strong>bufete\u00a0<\/strong>de abogados de lesiones personales de Long Beach,comun\u00edquese con nuestro equipo legal las 24 horas, los 7 d\u00edas de la semana llamando al\u00a0<strong>213-927-3700 <\/strong>o enviando un correo\u00a0electr\u00f3nico\u00a0<a href=\"mailto:info@westcoasttriallawyers.com\">a\u00a0<strong>info@westcoasttriallawyers.com<\/strong><\/a>.<\/p>\n<p><strong>Lesiones Comunes en Accidentes de Bicicleta<\/strong><\/p>\n<p>California es uno de los estados m\u00e1s populares con el\u00a0<a href=\"https:\/\/www.iihs.org\/topics\/fatali213-927-3700tatistics\/detail\/sta213-927-3700213-927-3700tate\"><strong>mayor n\u00famero de muertes de ciclistas<\/strong><\/a><strong>\u00a0<\/strong>causados \u200b\u200bpor accidentes automovil\u00edsticos. Esta es una informaci\u00f3n alarmante y demuestra que los ciclistas siempre corren un alto riesgo de verse involucrados en un accidente causado por un conductor. Una vez que un ciclista se involucra en un accidente, podr\u00eda sufrir una lesi\u00f3n f\u00edsica o mental. A continuaci\u00f3n, discutiremos m\u00e1s en detalle sobre cada tipo de lesi\u00f3n.<\/p>\n<p><strong>Da\u00f1o cerebral.<\/strong> Una lesi\u00f3n cerebral ocurre cuando su cabeza experimenta un impacto fuerte. Esto puede ser extremadamente peligroso ya que el cerebro es posiblemente el \u00f3rgano m\u00e1s importante del cuerpo y tiene control sobre las funciones de su cuerpo. Si se produce alg\u00fan da\u00f1o en el cerebro, podr\u00eda resultar dif\u00edcil llevar un estilo de vida cotidiano adecuado.<\/p>\n<p>Los ciclistas han sido v\u00edctimas de una lesi\u00f3n cerebral, especialmente debido al hecho de que muchos de ellos no usan casco cuando salen a dar un paseo. Siempre es esencial que un ciclista tenga puesto un casco ajustado para protegerlo de sufrir cualquier lesi\u00f3n cerebral grave que pueda dejarlo parcial o totalmente paralizado. Un casco de bicicleta no solo puede proteger su cabeza de un impacto fuerte, sino que tambi\u00e9n puede cubrir su rostro de cualquier magulladura o rasgu\u00f1o. Cada casco de bicicleta ofrece una forma diferente de protecci\u00f3n, ya que algunos vienen con cubiertas faciales y otros no.<\/p>\n<p>Desafortunadamente, muchos ciclistas optan por no usar casco. Esto puede ser perjudicial para su seguridad, ya que no tienen absolutamente ninguna protecci\u00f3n contra otros veh\u00edculos en la carretera. Muchos investigadores han realizado estudios para convencer a los ciclistas de que un casco juega un factor importante para ayudar a un ciclista a sufrir lesiones menos graves. Esto incluye lo siguiente:<\/p>\n<ul>\n<li>Se\u00a0<a href=\"https:\/\/www.tandfonline.com\/doi\/abs\/10.1080\/02699052.2019.1650201?journalCode=ibij20\"><strong>estudi\u00f3<\/strong><\/a> en 2019 utilizando estad\u00edsticas encontradas en el Banco Nacional de Datos de Trauma. De los 76,032 ciclistas que sufrieron una lesi\u00f3n en la cabeza o el cuello, alrededor del 22 por ciento ten\u00eda puesto un casco, mientras que el 78 por ciento no.\u00a0Este hallazgo solo demuestra que un casco, de hecho, tiene una cantidad significativa de eficiencia cuando se trata de reducir lesiones graves. No siempre es una garant\u00eda del 100 por ciento que un ciclista saldr\u00e1 de un accidente en una sola pieza cuando usa un casco, pero ofrece suficiente protecci\u00f3n para evitar que se le diagnostique una lesi\u00f3n cerebral.<\/li>\n<li>En otro estudio realizado por el\u00a0<a href=\"http:\/\/www.americanjournalofsurgery.com\/article\/213-927-3700213-927-3700\/fulltext\"><strong>American Journal of Surgery,<\/strong><\/a> se encontr\u00f3 que de 6267 pacientes, el 25,1 por ciento usaba casco. Aquellos que ten\u00edan casco ten\u00edan un 51 por ciento menos de probabilidades de sufrir una lesi\u00f3n cerebral traum\u00e1tica, un 44 por ciento menos de probabilidades de morir y un 31 por ciento menos de probabilidades de sufrir fracturas faciales. Las conclusiones de este estudio determinaron que un casco de bicicleta fue efectivo para salvar vidas.<\/li>\n<\/ul>\n<p><strong>Lesi\u00f3n facial.<\/strong> Tu cara podr\u00eda sufrir lesiones si es lo primero que hace contacto con el suelo. Las lesiones comunes incluyen dientes faltantes, p\u00f3mulos fracturados, cuencas oculares da\u00f1adas o mand\u00edbula o nariz rotas. Tambi\u00e9n puede experimentar dificultades para respirar, decoloraci\u00f3n permanente, hinchaz\u00f3n facial, dolor o entumecimiento.<\/p>\n<p><strong>Lesi\u00f3n de la m\u00e9dula espinal.<\/strong> Cualquier da\u00f1o hecho a la m\u00e9dula espinal puede ser permanente o temporal dependiendo de qu\u00e9 \u00e1rea se vio m\u00e1s afectada por el impacto. Dado que est\u00e1 conectado al sistema nervioso y al cerebro, un impacto fuerte en la m\u00e9dula espinal puede provocar s\u00edntomas, como p\u00e9rdida de movimiento, dolor de espalda extremo, dificultad para respirar, p\u00e9rdida de sensibilidad, p\u00e9rdida de control de la vejiga o el intestino, o falta de equilibrio<\/p>\n<p><strong>Muerte injusta.<\/strong><strong>\u00a0<\/strong>Desafortunadamente, muchos casos de lesiones personales han involucrado un accidente fatal de autom\u00f3vil y bicicleta que result\u00f3 en la muerte de un ciclista. En la mayor\u00eda de estos casos, el conductor ha sido declarado culpable de cometer una muerte por negligencia debido al incumplimiento de su deber de cuidado al:<\/p>\n<ul>\n<li><strong>Conducir bajo la influencia.\u00a0<\/strong>Un conductor estaba ebrio y experiment\u00f3 problemas de visi\u00f3n que hicieron que fuera casi imposible conducir adecuadamente su veh\u00edculo mientras estaba en la carretera. Este conductor no not\u00f3 a un ciclista cerca y se estrell\u00f3 contra ellos, lo que mat\u00f3 instant\u00e1neamente al ciclista.<\/li>\n<li><strong>No inspeccionar el \u00e1rea cuidadosamente antes de cambiar de carril o girar.\u00a0<\/strong>El conductor de un veh\u00edculo no escane\u00f3 el \u00e1rea correctamente antes de cambiar de carril al carril para bicicletas. Esto result\u00f3 en un caso de muerte por negligencia ya que el conductor choc\u00f3 y mat\u00f3 al ciclista que ocupaba el carril para bicicletas.<\/li>\n<li><strong>Distraerse.\u00a0<\/strong>Un conductor estaba enviando mensajes de texto y conduciendo mientras estaba en la carretera y se desvi\u00f3 hacia la zona de bicicletas donde viajaba un ciclista. El ciclista no pudo superar sus heridas y falleci\u00f3 en la escena del accidente.<\/li>\n<\/ul>\n<p><strong>Trastorno de estr\u00e9s postraum\u00e1tico (TEPT).\u00a0<\/strong>El PTSD es una de las lesiones mentales m\u00e1s comunes que una persona puede sufrir despu\u00e9s de verse involucrada en un accidente. Se sabe que la v\u00edctima de un accidente sufre s\u00edntomas como ansiedad, depresi\u00f3n, insomnio o pesadillas frecuentes. El evento traum\u00e1tico puede haber impactado el aspecto general de la vida de la v\u00edctima, lo que puede afectar dram\u00e1ticamente su salud mental. Es posible que la v\u00edctima nunca quiera volver a andar en bicicleta debido al temor de tener otro accidente horrible. Aquellos que sufren de PTSD deben buscar atenci\u00f3n m\u00e9dica inmediata de un\u00a0psiquiatra. El psiquiatra examinar\u00e1 su condici\u00f3n y determinar\u00e1 un diagn\u00f3stico. Una vez que se haya encontrado el diagn\u00f3stico, es probable que el psiquiatra le recete medicamentos, como antidepresivos, para ayudar a la v\u00edctima a sobrellevar sus s\u00edntomas.<\/p>\n<p><strong>Cont\u00e1ctenos<\/strong><\/p>\n<p>Si ha sufrido lesiones como resultado de un accidente de bicicleta, tiene derecho a responsabilizar a la parte culpable. En\u00a0<a href=\"\/\"><strong>Los Abogados de la Costa Oeste<\/strong><\/a>, nuestros abogados de accidentes de bicicleta en Long Beach lo ayudar\u00e1n a obtener la justicia que se merece.<\/p>\n<p>Para programar una consulta gratuita en nuestro bufete de abogados de lesiones personales de Long Beach, comun\u00edquese con nuestro equipo legal las 24 horas, los 7 d\u00edas de la semana llamando al\u00a0<strong>213-927-3700 <\/strong>o enviando un correo electr\u00f3nico\u00a0<a href=\"mailto:info@westcoasttriallawyers.com\">a\u00a0<strong>info@westcoasttriallawyers.com<\/strong><\/a>.<br \/>\n<!-- WCTL_DEBUG: no shortcode in this_content --><\/p>\n","protected":false},"excerpt":{"rendered":"<p>\u00bfQu\u00e9 Lesiones puede sufrir Despu\u00e9s de un Accidente de Bicicleta? Los ciclistas de\u00a0Long Beach a menudo corren el riesgo de verse involucrados en un accidente, ya que viajan en un \u00e1rea densamente poblada. Los ciclistas quedan vulnerables al compartir la v\u00eda con otros veh\u00edculos, sobre todo porque no cuentan con protecci\u00f3n que les impida sufrir [&hellip;]<\/p>\n","protected":false},"author":475,"featured_media":45903,"parent":47396,"menu_order":0,"comment_status":"closed","ping_status":"closed","template":"","meta":{"inline_featured_image":false,"footnotes":""},"class_list":["post-12863","page","type-page","status-publish","has-post-thumbnail","hentry"],"acf":[],"yoast_head":"<!-- This site is optimized with the Yoast SEO Premium plugin v26.0 (Yoast SEO v26.0) - https:\/\/yoast.com\/wordpress\/plugins\/seo\/ -->\n<title>Abogado de Accidentes de Bicicleta en Long Beach | West Coast Trial Lawyers<\/title>\n<meta name=\"robots\" content=\"index, follow, max-snippet:-1, max-image-preview:large, max-video-preview:-1\" \/>\n<link rel=\"canonical\" href=\"https:\/\/westcoasttriallawyers.com\/es\/california\/long-beach\/abogados-accidentes-bicicleta-long-beach\" \/>\n<meta property=\"og:locale\" content=\"es_ES\" \/>\n<meta property=\"og:type\" content=\"article\" \/>\n<meta property=\"og:title\" content=\"Abogado de Accidentes de Bicicleta en Long Beach\" \/>\n<meta property=\"og:description\" content=\"\u00bfQu\u00e9 Lesiones puede sufrir Despu\u00e9s de un Accidente de Bicicleta? Los ciclistas de\u00a0Long Beach a menudo corren el riesgo de verse involucrados en un accidente, ya que viajan en un \u00e1rea densamente poblada. Los ciclistas quedan vulnerables al compartir la v\u00eda con otros veh\u00edculos, sobre todo porque no cuentan con protecci\u00f3n que les impida sufrir [&hellip;]\" \/>\n<meta property=\"og:url\" content=\"https:\/\/westcoasttriallawyers.com\/es\/california\/long-beach\/abogados-accidentes-bicicleta-long-beach\" \/>\n<meta property=\"og:site_name\" content=\"West Coast Trial Lawyers\" \/>\n<meta property=\"article:publisher\" content=\"https:\/\/www.facebook.com\/westcoasttriallawyers\/\" \/>\n<meta property=\"article:modified_time\" content=\"2026-01-23T19:24:33+00:00\" \/>\n<meta property=\"og:image\" content=\"https:\/\/westcoasttriallawyers.com\/wp-content\/uploads\/2025\/07\/u6829429588_Long_Beach_California_-v_7_4cd9c920-299b-417c-aaf0-e54bf70b12f7_0-1-3.webp\" \/>\n\t<meta property=\"og:image:width\" content=\"557\" \/>\n\t<meta property=\"og:image:height\" content=\"328\" \/>\n\t<meta property=\"og:image:type\" content=\"image\/webp\" \/>\n<meta name=\"twitter:card\" content=\"summary_large_image\" \/>\n<meta name=\"twitter:site\" content=\"@WestCoastTrial\" \/>\n<meta name=\"twitter:label1\" content=\"Tiempo de lectura\" \/>\n\t<meta name=\"twitter:data1\" content=\"7 minutos\" \/>\n<script type=\"application\/ld+json\" class=\"yoast-schema-graph\">{\"@context\":\"https:\/\/schema.org\",\"@graph\":[{\"@type\":[\"WebPage\",\"ItemPage\"],\"@id\":\"https:\/\/westcoasttriallawyers.com\/es\/california\/long-beach\/abogados-accidentes-bicicleta-long-beach\",\"url\":\"https:\/\/westcoasttriallawyers.com\/es\/california\/long-beach\/abogados-accidentes-bicicleta-long-beach\",\"name\":\"Abogado de Accidentes de Bicicleta en Long Beach | West Coast Trial Lawyers\",\"isPartOf\":{\"@id\":\"https:\/\/westcoasttriallawyers.com\/es#website\"},\"primaryImageOfPage\":{\"@id\":\"https:\/\/westcoasttriallawyers.com\/es\/california\/long-beach\/abogados-accidentes-bicicleta-long-beach#primaryimage\"},\"image\":{\"@id\":\"https:\/\/westcoasttriallawyers.com\/es\/california\/long-beach\/abogados-accidentes-bicicleta-long-beach#primaryimage\"},\"thumbnailUrl\":\"https:\/\/westcoasttriallawyers.com\/wp-content\/uploads\/2025\/07\/u6829429588_Long_Beach_California_-v_7_4cd9c920-299b-417c-aaf0-e54bf70b12f7_0-1-3.webp\",\"datePublished\":\"2026-01-13T23:41:16+00:00\",\"dateModified\":\"2026-01-23T19:24:33+00:00\",\"breadcrumb\":{\"@id\":\"https:\/\/westcoasttriallawyers.com\/es\/california\/long-beach\/abogados-accidentes-bicicleta-long-beach#breadcrumb\"},\"inLanguage\":\"es\",\"potentialAction\":[{\"@type\":\"ReadAction\",\"target\":[\"https:\/\/westcoasttriallawyers.com\/es\/california\/long-beach\/abogados-accidentes-bicicleta-long-beach\"]}]},{\"@type\":\"ImageObject\",\"inLanguage\":\"es\",\"@id\":\"https:\/\/westcoasttriallawyers.com\/es\/california\/long-beach\/abogados-accidentes-bicicleta-long-beach#primaryimage\",\"url\":\"https:\/\/westcoasttriallawyers.com\/wp-content\/uploads\/2025\/07\/u6829429588_Long_Beach_California_-v_7_4cd9c920-299b-417c-aaf0-e54bf70b12f7_0-1-3.webp\",\"contentUrl\":\"https:\/\/westcoasttriallawyers.com\/wp-content\/uploads\/2025\/07\/u6829429588_Long_Beach_California_-v_7_4cd9c920-299b-417c-aaf0-e54bf70b12f7_0-1-3.webp\",\"width\":557,\"height\":328},{\"@type\":\"BreadcrumbList\",\"@id\":\"https:\/\/westcoasttriallawyers.com\/es\/california\/long-beach\/abogados-accidentes-bicicleta-long-beach#breadcrumb\",\"itemListElement\":[{\"@type\":\"ListItem\",\"position\":1,\"name\":\"Inicio\",\"item\":\"https:\/\/westcoasttriallawyers.com\/es\"},{\"@type\":\"ListItem\",\"position\":2,\"name\":\"California\",\"item\":\"https:\/\/westcoasttriallawyers.com\/es\/california\"},{\"@type\":\"ListItem\",\"position\":3,\"name\":\"Long Beach\",\"item\":\"https:\/\/westcoasttriallawyers.com\/es\/california\/long-beach\"},{\"@type\":\"ListItem\",\"position\":4,\"name\":\"Abogado de Accidentes de Bicicleta en Long Beach\"}]},{\"@type\":\"WebSite\",\"@id\":\"https:\/\/westcoasttriallawyers.com\/es#website\",\"url\":\"https:\/\/westcoasttriallawyers.com\/es\",\"name\":\"West Coast Trial Lawyers\",\"description\":\"West Coast Trial Lawyers\",\"publisher\":{\"@id\":\"https:\/\/westcoasttriallawyers.com\/es#organization\"},\"alternateName\":\"WCTL\",\"potentialAction\":[{\"@type\":\"SearchAction\",\"target\":{\"@type\":\"EntryPoint\",\"urlTemplate\":\"https:\/\/westcoasttriallawyers.com\/es?s={search_term_string}\"},\"query-input\":{\"@type\":\"PropertyValueSpecification\",\"valueRequired\":true,\"valueName\":\"search_term_string\"}}],\"inLanguage\":\"es\"},{\"@type\":\"Organization\",\"@id\":\"https:\/\/westcoasttriallawyers.com\/es#organization\",\"name\":\"West Coast Trial Lawyers\",\"alternateName\":\"WCTL\",\"url\":\"https:\/\/westcoasttriallawyers.com\/es\",\"logo\":{\"@type\":\"ImageObject\",\"inLanguage\":\"es\",\"@id\":\"https:\/\/westcoasttriallawyers.com\/es#\/schema\/logo\/image\/\",\"url\":\"https:\/\/westcoasttriallawyers.com\/wp-content\/uploads\/2026\/02\/WCTL-Logo.jpg\",\"contentUrl\":\"https:\/\/westcoasttriallawyers.com\/wp-content\/uploads\/2026\/02\/WCTL-Logo.jpg\",\"width\":696,\"height\":696,\"caption\":\"West Coast Trial Lawyers\"},\"image\":{\"@id\":\"https:\/\/westcoasttriallawyers.com\/es#\/schema\/logo\/image\/\"},\"sameAs\":[\"https:\/\/www.facebook.com\/westcoasttriallawyers\/\",\"https:\/\/x.com\/WestCoastTrial\",\"https:\/\/www.linkedin.com\/company\/west-coast-trial-lawyers\/\",\"https:\/\/www.instagram.com\/westcoasttriallawyers\/\",\"https:\/\/www.yelp.com\/biz\/west-coast-trial-lawyers-los-angeles-2\",\"https:\/\/www.pinterest.com\/westcoasttrial\/\",\"https:\/\/www.youtube.com\/westcoasttriallawyersla\/\",\"https:\/\/www.tiktok.com\/westcoasttriallawyers\"],\"description\":\"West Coast Trial Lawyers is a top-rated personal injury law firm with a goal to provide expert legal representation to those in need. The law firm has offices across California, Nevada, Arizona, and Washington.\",\"legalName\":\"West Coast Trial Lawyers\"}]}<\/script>\n<!-- \/ Yoast SEO Premium plugin. -->","yoast_head_json":{"title":"Abogado de Accidentes de Bicicleta en Long Beach | West Coast Trial Lawyers","robots":{"index":"index","follow":"follow","max-snippet":"max-snippet:-1","max-image-preview":"max-image-preview:large","max-video-preview":"max-video-preview:-1"},"canonical":"https:\/\/westcoasttriallawyers.com\/es\/california\/long-beach\/abogados-accidentes-bicicleta-long-beach","og_locale":"es_ES","og_type":"article","og_title":"Abogado de Accidentes de Bicicleta en Long Beach","og_description":"\u00bfQu\u00e9 Lesiones puede sufrir Despu\u00e9s de un Accidente de Bicicleta? Los ciclistas de\u00a0Long Beach a menudo corren el riesgo de verse involucrados en un accidente, ya que viajan en un \u00e1rea densamente poblada. Los ciclistas quedan vulnerables al compartir la v\u00eda con otros veh\u00edculos, sobre todo porque no cuentan con protecci\u00f3n que les impida sufrir [&hellip;]","og_url":"https:\/\/westcoasttriallawyers.com\/es\/california\/long-beach\/abogados-accidentes-bicicleta-long-beach","og_site_name":"West Coast Trial Lawyers","article_publisher":"https:\/\/www.facebook.com\/westcoasttriallawyers\/","article_modified_time":"2026-01-23T19:24:33+00:00","og_image":[{"width":557,"height":328,"url":"https:\/\/westcoasttriallawyers.com\/wp-content\/uploads\/2025\/07\/u6829429588_Long_Beach_California_-v_7_4cd9c920-299b-417c-aaf0-e54bf70b12f7_0-1-3.webp","type":"image\/webp"}],"twitter_card":"summary_large_image","twitter_site":"@WestCoastTrial","twitter_misc":{"Tiempo de lectura":"7 minutos"},"schema":{"@context":"https:\/\/schema.org","@graph":[{"@type":["WebPage","ItemPage"],"@id":"https:\/\/westcoasttriallawyers.com\/es\/california\/long-beach\/abogados-accidentes-bicicleta-long-beach","url":"https:\/\/westcoasttriallawyers.com\/es\/california\/long-beach\/abogados-accidentes-bicicleta-long-beach","name":"Abogado de Accidentes de Bicicleta en Long Beach | West Coast Trial Lawyers","isPartOf":{"@id":"https:\/\/westcoasttriallawyers.com\/es#website"},"primaryImageOfPage":{"@id":"https:\/\/westcoasttriallawyers.com\/es\/california\/long-beach\/abogados-accidentes-bicicleta-long-beach#primaryimage"},"image":{"@id":"https:\/\/westcoasttriallawyers.com\/es\/california\/long-beach\/abogados-accidentes-bicicleta-long-beach#primaryimage"},"thumbnailUrl":"https:\/\/westcoasttriallawyers.com\/wp-content\/uploads\/2025\/07\/u6829429588_Long_Beach_California_-v_7_4cd9c920-299b-417c-aaf0-e54bf70b12f7_0-1-3.webp","datePublished":"2026-01-13T23:41:16+00:00","dateModified":"2026-01-23T19:24:33+00:00","breadcrumb":{"@id":"https:\/\/westcoasttriallawyers.com\/es\/california\/long-beach\/abogados-accidentes-bicicleta-long-beach#breadcrumb"},"inLanguage":"es","potentialAction":[{"@type":"ReadAction","target":["https:\/\/westcoasttriallawyers.com\/es\/california\/long-beach\/abogados-accidentes-bicicleta-long-beach"]}]},{"@type":"ImageObject","inLanguage":"es","@id":"https:\/\/westcoasttriallawyers.com\/es\/california\/long-beach\/abogados-accidentes-bicicleta-long-beach#primaryimage","url":"https:\/\/westcoasttriallawyers.com\/wp-content\/uploads\/2025\/07\/u6829429588_Long_Beach_California_-v_7_4cd9c920-299b-417c-aaf0-e54bf70b12f7_0-1-3.webp","contentUrl":"https:\/\/westcoasttriallawyers.com\/wp-content\/uploads\/2025\/07\/u6829429588_Long_Beach_California_-v_7_4cd9c920-299b-417c-aaf0-e54bf70b12f7_0-1-3.webp","width":557,"height":328},{"@type":"BreadcrumbList","@id":"https:\/\/westcoasttriallawyers.com\/es\/california\/long-beach\/abogados-accidentes-bicicleta-long-beach#breadcrumb","itemListElement":[{"@type":"ListItem","position":1,"name":"Inicio","item":"https:\/\/westcoasttriallawyers.com\/es"},{"@type":"ListItem","position":2,"name":"California","item":"https:\/\/westcoasttriallawyers.com\/es\/california"},{"@type":"ListItem","position":3,"name":"Long Beach","item":"https:\/\/westcoasttriallawyers.com\/es\/california\/long-beach"},{"@type":"ListItem","position":4,"name":"Abogado de Accidentes de Bicicleta en Long Beach"}]},{"@type":"WebSite","@id":"https:\/\/westcoasttriallawyers.com\/es#website","url":"https:\/\/westcoasttriallawyers.com\/es","name":"West Coast Trial Lawyers","description":"West Coast Trial Lawyers","publisher":{"@id":"https:\/\/westcoasttriallawyers.com\/es#organization"},"alternateName":"WCTL","potentialAction":[{"@type":"SearchAction","target":{"@type":"EntryPoint","urlTemplate":"https:\/\/westcoasttriallawyers.com\/es?s={search_term_string}"},"query-input":{"@type":"PropertyValueSpecification","valueRequired":true,"valueName":"search_term_string"}}],"inLanguage":"es"},{"@type":"Organization","@id":"https:\/\/westcoasttriallawyers.com\/es#organization","name":"West Coast Trial Lawyers","alternateName":"WCTL","url":"https:\/\/westcoasttriallawyers.com\/es","logo":{"@type":"ImageObject","inLanguage":"es","@id":"https:\/\/westcoasttriallawyers.com\/es#\/schema\/logo\/image\/","url":"https:\/\/westcoasttriallawyers.com\/wp-content\/uploads\/2026\/02\/WCTL-Logo.jpg","contentUrl":"https:\/\/westcoasttriallawyers.com\/wp-content\/uploads\/2026\/02\/WCTL-Logo.jpg","width":696,"height":696,"caption":"West Coast Trial Lawyers"},"image":{"@id":"https:\/\/westcoasttriallawyers.com\/es#\/schema\/logo\/image\/"},"sameAs":["https:\/\/www.facebook.com\/westcoasttriallawyers\/","https:\/\/x.com\/WestCoastTrial","https:\/\/www.linkedin.com\/company\/west-coast-trial-lawyers\/","https:\/\/www.instagram.com\/westcoasttriallawyers\/","https:\/\/www.yelp.com\/biz\/west-coast-trial-lawyers-los-angeles-2","https:\/\/www.pinterest.com\/westcoasttrial\/","https:\/\/www.youtube.com\/westcoasttriallawyersla\/","https:\/\/www.tiktok.com\/westcoasttriallawyers"],"description":"West Coast Trial Lawyers is a top-rated personal injury law firm with a goal to provide expert legal representation to those in need. The law firm has offices across California, Nevada, Arizona, and Washington.","legalName":"West Coast Trial Lawyers"}]}},"_links":{"self":[{"href":"https:\/\/westcoasttriallawyers.com\/es\/wp-json\/wp\/v2\/pages\/12863","targetHints":{"allow":["GET"]}}],"collection":[{"href":"https:\/\/westcoasttriallawyers.com\/es\/wp-json\/wp\/v2\/pages"}],"about":[{"href":"https:\/\/westcoasttriallawyers.com\/es\/wp-json\/wp\/v2\/types\/page"}],"author":[{"embeddable":true,"href":"https:\/\/westcoasttriallawyers.com\/es\/wp-json\/wp\/v2\/users\/475"}],"replies":[{"embeddable":true,"href":"https:\/\/westcoasttriallawyers.com\/es\/wp-json\/wp\/v2\/comments?post=12863"}],"version-history":[{"count":4,"href":"https:\/\/westcoasttriallawyers.com\/es\/wp-json\/wp\/v2\/pages\/12863\/revisions"}],"predecessor-version":[{"id":48113,"href":"https:\/\/westcoasttriallawyers.com\/es\/wp-json\/wp\/v2\/pages\/12863\/revisions\/48113"}],"up":[{"embeddable":true,"href":"https:\/\/westcoasttriallawyers.com\/es\/wp-json\/wp\/v2\/pages\/47396"}],"wp:featuredmedia":[{"embeddable":true,"href":"https:\/\/westcoasttriallawyers.com\/es\/wp-json\/wp\/v2\/media\/45903"}],"wp:attachment":[{"href":"https:\/\/westcoasttriallawyers.com\/es\/wp-json\/wp\/v2\/media?parent=12863"}],"curies":[{"name":"wp","href":"https:\/\/api.w.org\/{rel}","templated":true}]}}