{"id":12854,"date":"2026-01-13T23:41:19","date_gmt":"2026-01-13T23:41:19","guid":{"rendered":"https:\/\/wctl1stg.wpengine.com\/?page_id=12854"},"modified":"2026-01-23T19:28:19","modified_gmt":"2026-01-23T19:28:19","slug":"abogados-accidentes-motocicleta-long-beach","status":"publish","type":"page","link":"https:\/\/westcoasttriallawyers.com\/es\/california\/long-beach\/abogados-accidentes-motocicleta-long-beach","title":{"rendered":"Abogado de Accidentes de Motocicleta en Long Beach"},"content":{"rendered":"<h2><strong>\u00bfCu\u00e1l es la diferencia entre un Accidente de Motocicleta y un Accidente Automovil\u00edstico?<\/strong><\/h2>\n<p>Los accidentes de motocicleta han sido un problema com\u00fan en<strong> Long Beach\u00a0<\/strong>durante los \u00faltimos a\u00f1os. La\u00a0<a href=\"https:\/\/www.nhtsa.gov\/\"><strong>Administraci\u00f3n Nacional de Seguridad del Tr\u00e1fico en Carreteras (NHTSA)<\/strong><\/a>\u00a0ha hecho esfuerzos para disminuir las muertes y las lesiones. Seg\u00fan su comunicado, \u201cOficiales adicionales estar\u00e1n de servicio patrullando las \u00e1reas frecuentadas por motociclistas y donde ocurren accidentes de motocicletas. Los oficiales buscar\u00e1n infracciones cometidas tanto por conductores como por pasajeros que puedan provocar accidentes de motocicleta. Tomar\u00e1n medidas en\u00e9rgicas contra quienes operen veh\u00edculos regulares y motocicletas que violen las leyes de seguridad vial\u201d.<\/p>\n<p>Con la NHTSA iniciando estas acciones, puede ayudar a evitar que futuros motociclistas pierden la vida. Incluso los conductores experimentados pueden verse involucrados en una colisi\u00f3n si no son conscientes de su entorno o realizan acciones imprudentes en la carretera. No solo se da\u00f1ar\u00e1 a s\u00ed mismos, sino que tambi\u00e9n pueden herir o matar a otros conductores o peatones cercanos.<\/p>\n<p>Se recomienda encarecidamente a aquellos que han sido v\u00edctimas de un accidente de motocicleta que se comuniquen con los abogados litigantes de la Costa Oeste y hablen con nuestros abogados expertos\u00a0<strong>en accidentes de motocicleta de Long Beach<\/strong>. Hemos ganado m\u00e1s de 5000 casos de lesiones personales y adquirido m\u00e1s de mil millones de d\u00f3lares en acuerdos para nuestros clientes. Debido a nuestros logros, hemos sido reconocidos como uno de los mejores bufetes de abogados de lesiones personales en Long Beach.<\/p>\n<p>Para programar una consulta gratuita y sin compromiso en nuestro<strong> bufete de abogados de lesiones personales de Long Beach<\/strong>, comun\u00edquese con nuestro equipo legal las 24 horas del d\u00eda, los 7 d\u00edas de la semana llamando al\u00a0<strong>213-927-3700<\/strong> o enviando un correo electr\u00f3nico\u00a0<a href=\"mailto:info@westcoasttriallawyers.com\"><strong>a info@westcoasttriallawyers.com<\/strong><\/a><strong>.\u00a0<\/strong><\/p>\n<p><strong>Accidentes de Moto vs Accidentes de Automovil\u00edstico<\/strong><\/p>\n<p>Hay muchas diferencias entre una moto y un coche. Una motocicleta es mucho m\u00e1s peque\u00f1a en tama\u00f1o y tiene altas velocidades que pueden ser dif\u00edciles de controlar, especialmente si el motociclista no tiene experiencia. Adem\u00e1s, no hay barreras que rodean el veh\u00edculo para proteger al conductor de sufrir lesiones graves. Un autom\u00f3vil, por otro lado, es m\u00e1s grande en tama\u00f1o y tiene protecci\u00f3n, como bolsas de aire, cinturones de seguridad y una barrera de metal, para reducir la probabilidad de que el conductor y los pasajeros sufran lesiones o la muerte.<\/p>\n<p>Un motociclista y un conductor de autom\u00f3vil comparten algunas similitudes cuando se trata de cometer un accidente. Muchos de ellos a menudo son atrapados realizando estas acciones negligentes:<\/p>\n<ul>\n<li>Exceso<\/li>\n<li>somnolientos<\/li>\n<li>Conducir\/montar bajo la influencia de drogas o alcohol Conducir\/montar<\/li>\n<li>distra\u00eddos<\/li>\n<li>Desobedecer los sem\u00e1foros o las se\u00f1ales<\/li>\n<\/ul>\n<p>Muchos conductores y pasajeros negligentes contin\u00faan ocupando las carreteras de Long Beach , genera preocupaci\u00f3n para muchos residentes de que un accidente grave pueda ocurrir en un momento dado. En los \u00faltimos a\u00f1os, se han publicado informes en Long Beach sobre accidentes ocurridos entre un conductor y un motociclista. Esto incluye lo siguiente:<\/p>\n<ul>\n<li><a href=\"https:\/\/www.oc-breeze.com\/2021\/06\/21\/199131_long-beach-police-investigating-traffic-fatality-at-long-beach-blvd-and-wardlow-rd\/\"><strong>Accidente de giro a la izquierda.<\/strong><\/a><strong>\u00a0<\/strong>Dado que una motocicleta es de tama\u00f1o peque\u00f1o, es posible que el conductor no la note de inmediato, especialmente al girar a la izquierda en una intersecci\u00f3n. Este ha sido un tema recurrente que viene ocurriendo desde hace muchos a\u00f1os. Siempre se recomienda que el conductor observe atentamente la carretera antes de cambiar de carril o girar.<\/li>\n<li><a href=\"https:\/\/www.latimes.com\/socal\/daily-pilot\/news\/story\/2213-927-3700\/man-arrested-after-orange-dui-crash-kills-h-b-motorcyclist-coroner-ids-rider-killed-in-h-b-accident\"><strong>Accidente de atropello y fuga.<\/strong><\/a><strong>\u00a0A menudo se encuentra que los conductores negligentes que est\u00e1n bajo la influencia de drogas o alcohol cometen accidentes de atropello y fuga. Dado que el alcohol y las drogas pueden da\u00f1ar su mente y su visi\u00f3n, es posible que empiece a no darse cuenta de lo que est\u00e1 haciendo. No solo te pondr\u00e1s en una situaci\u00f3n peligrosa, sino que tambi\u00e9n puedes arrastrar a otros contigo. Es por eso que\u00a0nunca conduzco bajo la influencia. Otro factor que puede contribuir a un accidente de atropello y fuga es la intenci\u00f3n maliciosa de da\u00f1ar a alguien.\u00a0<\/strong><\/li>\n<\/ul>\n<p><strong>Lesiones y Muerte<\/strong><\/p>\n<p>Un\u00a0<a href=\"https:\/\/www.iii.org\/fact-statistic\/facts-statistics-motorcycle-crashes\"><strong>informe<\/strong><\/a> publicado en 2019 indic\u00f3 que se produjeron aproximadamente 84,000 lesiones por accidentes de motocicleta y 5,014 muertes de motociclistas en los Estados Unidos. La mayor\u00eda de estos accidentes ocurrieron durante los d\u00edas laborables por la tarde de 12 a 15 horas. Seg\u00fan la Administraci\u00f3n Nacional de Seguridad del Tr\u00e1fico en las Carreteras (NHTSA), los motociclistas ten\u00edan 29 veces m\u00e1s probabilidades que un conductor de verse involucrados en un accidente fatal por cada milla recorrida por el veh\u00edculo. Adem\u00e1s, se encontr\u00f3 que los motociclistas (29 por ciento) ten\u00edan un BAC alto en accidentes fatales en comparaci\u00f3n con los conductores de autom\u00f3viles de pasajeros (20 por ciento), camiones ligeros (19 por ciento) y camiones grandes (2 por ciento). Cuando se trata de exceso de velocidad, alrededor del 33 por ciento de los motociclistas estuvieron involucrados en un accidente fatal en comparaci\u00f3n con el 19 por ciento de los conductores de autom\u00f3viles, el 15 por ciento de los conductores de camiones ligeros y el 8 por ciento de los conductores de camiones grandes.<\/p>\n<p>Los accidentes mortales son mucho m\u00e1s comunes entre los motociclistas que entre los conductores, ya que un motociclista no tiene protecci\u00f3n para reducir la probabilidad de sufrir lesiones graves. Aunque los conductores de autom\u00f3viles est\u00e1n mucho m\u00e1s protegidos, tambi\u00e9n pueden verse involucrados en un accidente fatal, especialmente si el impacto fue extremadamente poderoso. Tanto el motociclista como el conductor pueden compartir lesiones similares en un accidente, que incluyen lo siguiente:<\/p>\n<ul>\n<li>Huesos rotos,<\/li>\n<li>Cortes fuertes,<\/li>\n<li>Lesi\u00f3n cerebral traum\u00e1tica (TBI),<\/li>\n<li>Contusiones,<\/li>\n<li>espalda,<\/li>\n<li>Trastorno de estr\u00e9s postraum\u00e1tico (PTSD),<\/li>\n<li>Sangrado interno,<\/li>\n<li>Erupci\u00f3n en la carretera ,<\/li>\n<li>lesi\u00f3n en el cuello o<\/li>\n<li>latigazo cervical.<\/li>\n<\/ul>\n<p><strong>\u00bfPuede un accidente de motocicleta causar TEPT?<\/strong><\/p>\n<p>Los accidentes de motocicleta tienen el potencial de desencadenar un trastorno de estr\u00e9s postraum\u00e1tico (TEPT). El PTSD es un trastorno psiqui\u00e1trico que puede ocurrir cuando presencias un evento desafortunado, como un accidente automovil\u00edstico, que puede dejarte con cicatrices mentales. Puede comenzar a desarrollar s\u00edntomas, como ansiedad, depresi\u00f3n, falta de sue\u00f1o, pesadillas, pensamientos de miedo, escenas retrospectivas del evento traum\u00e1tico, falta de socializaci\u00f3n, consumo excesivo de alcohol, comportamiento imprudente relacionado con la autodestrucci\u00f3n o falta de concentraci\u00f3n. Aquellos que probablemente sufren de PTSD en un accidente de motocicleta incluye al motociclista, la otra parte involucrada en el accidente, amigos o familiares de cualquiera de las partes, testigos o personal de emergencia.<\/p>\n<p>Algunos de estos s\u00edntomas son normales despu\u00e9s de un accidente. Eventualmente desaparecen despu\u00e9s de un par de d\u00edas o semanas desde la fecha inicial del incidente. Sin embargo, si contin\u00faa experimentando angustia mental que dura m\u00e1s de unas pocas semanas, debe programar una cita con un m\u00e9dico y\/o terapeuta que se especialice en el manejo del TEPT. Evaluar\u00e1n su condici\u00f3n y determinar\u00e1n un m\u00e9todo de tratamiento que lo ayudar\u00e1 a sobrellevar sus s\u00edntomas.<\/p>\n<p>Una vez que se le da un diagn\u00f3stico, su tratamiento debe comenzar inmediatamente despu\u00e9s. Es posible que lo animen a asistir a asesoramiento y psicoterapia para comenzar su proceso de recuperaci\u00f3n. Su psiquiatra puede recetar medicamentos, como antidepresivos, para ayudar a mantener su condici\u00f3n. Si no busca tratamiento o no toma los medicamentos necesarios para tratar el PTSD, su salud puede empeorar.<\/p>\n<p><strong>Acuerdos por TEPT<\/strong><\/p>\n<p>PTSD dificultar\u00e1 que las v\u00edctimas vivan una vida normal. Su estilo de vida cotidiano se ver\u00e1 dr\u00e1sticamente alterado. Esto puede incluir no asistir al trabajo o evitar actividades sociales. Adem\u00e1s, aquellos que sufren de PTSD podr\u00edan tener pensamientos suicidas. Este es un problema com\u00fan que ha desencadenado un aumento en la probabilidad de suicidio de quienes padecen esta enfermedad mental.<\/p>\n<p>Si est\u00e1 interesado en presentar una demanda contra la parte culpable de su accidente de motocicleta, se le permite incluir los costos del tratamiento del PTSD en su acuerdo. Tambi\u00e9n puede mencionar los salarios perdidos que sufri\u00f3 debido a su ausencia en el trabajo debido a sus visitas al hospital, junto con cualquier problema de salud mental que le haya impedido salir de su hogar.<\/p>\n<p><strong>Comun\u00edquese con Nosotros<\/strong><\/p>\n<p>Si fue v\u00edctima de un accidente de motocicleta,\u00a0<a href=\"\/\"><strong>Los Abogados de la Costa Oeste\u00a0<\/strong><\/a>cuenta con abogados experimentados en accidentes de motocicleta en Long Beach que trabajar\u00e1n incansablemente para garantizar que obtenga la m\u00e1xima compensaci\u00f3n y justicia que se merece.<\/p>\n<p>Comun\u00edquese con nuestro equipo legal las 24 horas, los 7 d\u00edas de la semana llamando al 213-927-3700 o enviando un correo electr\u00f3nico\u00a0<a href=\"mailto:info@westcoasttriallawyers.com\">a\u00a0<strong>info@westcoasttriallawyers.com<\/strong><\/a><strong>\u00a0<\/strong>para programar una consulta gratuita en nuestro bufete de abogados de lesiones personales de Long Beach.<br \/>\n<!-- WCTL_DEBUG: no shortcode in this_content --><\/p>\n","protected":false},"excerpt":{"rendered":"<p>\u00bfCu\u00e1l es la diferencia entre un Accidente de Motocicleta y un Accidente Automovil\u00edstico? Los accidentes de motocicleta han sido un problema com\u00fan en Long Beach\u00a0durante los \u00faltimos a\u00f1os. La\u00a0Administraci\u00f3n Nacional de Seguridad del Tr\u00e1fico en Carreteras (NHTSA)\u00a0ha hecho esfuerzos para disminuir las muertes y las lesiones. Seg\u00fan su comunicado, \u201cOficiales adicionales estar\u00e1n de servicio patrullando [&hellip;]<\/p>\n","protected":false},"author":475,"featured_media":45918,"parent":47396,"menu_order":0,"comment_status":"closed","ping_status":"closed","template":"","meta":{"inline_featured_image":false,"footnotes":""},"class_list":["post-12854","page","type-page","status-publish","has-post-thumbnail","hentry"],"acf":[],"yoast_head":"<!-- This site is optimized with the Yoast SEO Premium plugin v26.0 (Yoast SEO v26.0) - https:\/\/yoast.com\/wordpress\/plugins\/seo\/ -->\n<title>Abogado de Accidentes de Motocicleta en Long Beach | West Coast Trial Lawyers<\/title>\n<meta name=\"robots\" content=\"index, follow, max-snippet:-1, max-image-preview:large, max-video-preview:-1\" \/>\n<link rel=\"canonical\" href=\"https:\/\/westcoasttriallawyers.com\/es\/california\/long-beach\/abogados-accidentes-motocicleta-long-beach\" \/>\n<meta property=\"og:locale\" content=\"es_ES\" \/>\n<meta property=\"og:type\" content=\"article\" \/>\n<meta property=\"og:title\" content=\"Abogado de Accidentes de Motocicleta en Long Beach\" \/>\n<meta property=\"og:description\" content=\"\u00bfCu\u00e1l es la diferencia entre un Accidente de Motocicleta y un Accidente Automovil\u00edstico? Los accidentes de motocicleta han sido un problema com\u00fan en Long Beach\u00a0durante los \u00faltimos a\u00f1os. La\u00a0Administraci\u00f3n Nacional de Seguridad del Tr\u00e1fico en Carreteras (NHTSA)\u00a0ha hecho esfuerzos para disminuir las muertes y las lesiones. Seg\u00fan su comunicado, \u201cOficiales adicionales estar\u00e1n de servicio patrullando [&hellip;]\" \/>\n<meta property=\"og:url\" content=\"https:\/\/westcoasttriallawyers.com\/es\/california\/long-beach\/abogados-accidentes-motocicleta-long-beach\" \/>\n<meta property=\"og:site_name\" content=\"West Coast Trial Lawyers\" \/>\n<meta property=\"article:publisher\" content=\"https:\/\/www.facebook.com\/westcoasttriallawyers\/\" \/>\n<meta property=\"article:modified_time\" content=\"2026-01-23T19:28:19+00:00\" \/>\n<meta property=\"og:image\" content=\"https:\/\/westcoasttriallawyers.com\/wp-content\/uploads\/2025\/07\/u6829429588_Long_Beach_California_-v_7_4cd9c920-299b-417c-aaf0-e54bf70b12f7_0-1-9.webp\" \/>\n\t<meta property=\"og:image:width\" content=\"557\" \/>\n\t<meta property=\"og:image:height\" content=\"328\" \/>\n\t<meta property=\"og:image:type\" content=\"image\/webp\" \/>\n<meta name=\"twitter:card\" content=\"summary_large_image\" \/>\n<meta name=\"twitter:site\" content=\"@WestCoastTrial\" \/>\n<meta name=\"twitter:label1\" content=\"Tiempo de lectura\" \/>\n\t<meta name=\"twitter:data1\" content=\"7 minutos\" \/>\n<script type=\"application\/ld+json\" class=\"yoast-schema-graph\">{\"@context\":\"https:\/\/schema.org\",\"@graph\":[{\"@type\":[\"WebPage\",\"ItemPage\"],\"@id\":\"https:\/\/westcoasttriallawyers.com\/es\/california\/long-beach\/abogados-accidentes-motocicleta-long-beach\",\"url\":\"https:\/\/westcoasttriallawyers.com\/es\/california\/long-beach\/abogados-accidentes-motocicleta-long-beach\",\"name\":\"Abogado de Accidentes de Motocicleta en Long Beach | West Coast Trial Lawyers\",\"isPartOf\":{\"@id\":\"https:\/\/westcoasttriallawyers.com\/es#website\"},\"primaryImageOfPage\":{\"@id\":\"https:\/\/westcoasttriallawyers.com\/es\/california\/long-beach\/abogados-accidentes-motocicleta-long-beach#primaryimage\"},\"image\":{\"@id\":\"https:\/\/westcoasttriallawyers.com\/es\/california\/long-beach\/abogados-accidentes-motocicleta-long-beach#primaryimage\"},\"thumbnailUrl\":\"https:\/\/westcoasttriallawyers.com\/wp-content\/uploads\/2025\/07\/u6829429588_Long_Beach_California_-v_7_4cd9c920-299b-417c-aaf0-e54bf70b12f7_0-1-9.webp\",\"datePublished\":\"2026-01-13T23:41:19+00:00\",\"dateModified\":\"2026-01-23T19:28:19+00:00\",\"breadcrumb\":{\"@id\":\"https:\/\/westcoasttriallawyers.com\/es\/california\/long-beach\/abogados-accidentes-motocicleta-long-beach#breadcrumb\"},\"inLanguage\":\"es\",\"potentialAction\":[{\"@type\":\"ReadAction\",\"target\":[\"https:\/\/westcoasttriallawyers.com\/es\/california\/long-beach\/abogados-accidentes-motocicleta-long-beach\"]}]},{\"@type\":\"ImageObject\",\"inLanguage\":\"es\",\"@id\":\"https:\/\/westcoasttriallawyers.com\/es\/california\/long-beach\/abogados-accidentes-motocicleta-long-beach#primaryimage\",\"url\":\"https:\/\/westcoasttriallawyers.com\/wp-content\/uploads\/2025\/07\/u6829429588_Long_Beach_California_-v_7_4cd9c920-299b-417c-aaf0-e54bf70b12f7_0-1-9.webp\",\"contentUrl\":\"https:\/\/westcoasttriallawyers.com\/wp-content\/uploads\/2025\/07\/u6829429588_Long_Beach_California_-v_7_4cd9c920-299b-417c-aaf0-e54bf70b12f7_0-1-9.webp\",\"width\":557,\"height\":328},{\"@type\":\"BreadcrumbList\",\"@id\":\"https:\/\/westcoasttriallawyers.com\/es\/california\/long-beach\/abogados-accidentes-motocicleta-long-beach#breadcrumb\",\"itemListElement\":[{\"@type\":\"ListItem\",\"position\":1,\"name\":\"Inicio\",\"item\":\"https:\/\/westcoasttriallawyers.com\/es\"},{\"@type\":\"ListItem\",\"position\":2,\"name\":\"California\",\"item\":\"https:\/\/westcoasttriallawyers.com\/es\/california\"},{\"@type\":\"ListItem\",\"position\":3,\"name\":\"Long Beach\",\"item\":\"https:\/\/westcoasttriallawyers.com\/es\/california\/long-beach\"},{\"@type\":\"ListItem\",\"position\":4,\"name\":\"Abogado de Accidentes de Motocicleta en Long Beach\"}]},{\"@type\":\"WebSite\",\"@id\":\"https:\/\/westcoasttriallawyers.com\/es#website\",\"url\":\"https:\/\/westcoasttriallawyers.com\/es\",\"name\":\"West Coast Trial Lawyers\",\"description\":\"West Coast Trial Lawyers\",\"publisher\":{\"@id\":\"https:\/\/westcoasttriallawyers.com\/es#organization\"},\"alternateName\":\"WCTL\",\"potentialAction\":[{\"@type\":\"SearchAction\",\"target\":{\"@type\":\"EntryPoint\",\"urlTemplate\":\"https:\/\/westcoasttriallawyers.com\/es?s={search_term_string}\"},\"query-input\":{\"@type\":\"PropertyValueSpecification\",\"valueRequired\":true,\"valueName\":\"search_term_string\"}}],\"inLanguage\":\"es\"},{\"@type\":\"Organization\",\"@id\":\"https:\/\/westcoasttriallawyers.com\/es#organization\",\"name\":\"West Coast Trial Lawyers\",\"alternateName\":\"WCTL\",\"url\":\"https:\/\/westcoasttriallawyers.com\/es\",\"logo\":{\"@type\":\"ImageObject\",\"inLanguage\":\"es\",\"@id\":\"https:\/\/westcoasttriallawyers.com\/es#\/schema\/logo\/image\/\",\"url\":\"https:\/\/westcoasttriallawyers.com\/wp-content\/uploads\/2026\/02\/WCTL-Logo.jpg\",\"contentUrl\":\"https:\/\/westcoasttriallawyers.com\/wp-content\/uploads\/2026\/02\/WCTL-Logo.jpg\",\"width\":696,\"height\":696,\"caption\":\"West Coast Trial Lawyers\"},\"image\":{\"@id\":\"https:\/\/westcoasttriallawyers.com\/es#\/schema\/logo\/image\/\"},\"sameAs\":[\"https:\/\/www.facebook.com\/westcoasttriallawyers\/\",\"https:\/\/x.com\/WestCoastTrial\",\"https:\/\/www.linkedin.com\/company\/west-coast-trial-lawyers\/\",\"https:\/\/www.instagram.com\/westcoasttriallawyers\/\",\"https:\/\/www.yelp.com\/biz\/west-coast-trial-lawyers-los-angeles-2\",\"https:\/\/www.pinterest.com\/westcoasttrial\/\",\"https:\/\/www.youtube.com\/westcoasttriallawyersla\/\",\"https:\/\/www.tiktok.com\/westcoasttriallawyers\"],\"description\":\"West Coast Trial Lawyers is a top-rated personal injury law firm with a goal to provide expert legal representation to those in need. The law firm has offices across California, Nevada, Arizona, and Washington.\",\"legalName\":\"West Coast Trial Lawyers\"}]}<\/script>\n<!-- \/ Yoast SEO Premium plugin. -->","yoast_head_json":{"title":"Abogado de Accidentes de Motocicleta en Long Beach | West Coast Trial Lawyers","robots":{"index":"index","follow":"follow","max-snippet":"max-snippet:-1","max-image-preview":"max-image-preview:large","max-video-preview":"max-video-preview:-1"},"canonical":"https:\/\/westcoasttriallawyers.com\/es\/california\/long-beach\/abogados-accidentes-motocicleta-long-beach","og_locale":"es_ES","og_type":"article","og_title":"Abogado de Accidentes de Motocicleta en Long Beach","og_description":"\u00bfCu\u00e1l es la diferencia entre un Accidente de Motocicleta y un Accidente Automovil\u00edstico? Los accidentes de motocicleta han sido un problema com\u00fan en Long Beach\u00a0durante los \u00faltimos a\u00f1os. La\u00a0Administraci\u00f3n Nacional de Seguridad del Tr\u00e1fico en Carreteras (NHTSA)\u00a0ha hecho esfuerzos para disminuir las muertes y las lesiones. Seg\u00fan su comunicado, \u201cOficiales adicionales estar\u00e1n de servicio patrullando [&hellip;]","og_url":"https:\/\/westcoasttriallawyers.com\/es\/california\/long-beach\/abogados-accidentes-motocicleta-long-beach","og_site_name":"West Coast Trial Lawyers","article_publisher":"https:\/\/www.facebook.com\/westcoasttriallawyers\/","article_modified_time":"2026-01-23T19:28:19+00:00","og_image":[{"width":557,"height":328,"url":"https:\/\/westcoasttriallawyers.com\/wp-content\/uploads\/2025\/07\/u6829429588_Long_Beach_California_-v_7_4cd9c920-299b-417c-aaf0-e54bf70b12f7_0-1-9.webp","type":"image\/webp"}],"twitter_card":"summary_large_image","twitter_site":"@WestCoastTrial","twitter_misc":{"Tiempo de lectura":"7 minutos"},"schema":{"@context":"https:\/\/schema.org","@graph":[{"@type":["WebPage","ItemPage"],"@id":"https:\/\/westcoasttriallawyers.com\/es\/california\/long-beach\/abogados-accidentes-motocicleta-long-beach","url":"https:\/\/westcoasttriallawyers.com\/es\/california\/long-beach\/abogados-accidentes-motocicleta-long-beach","name":"Abogado de Accidentes de Motocicleta en Long Beach | West Coast Trial Lawyers","isPartOf":{"@id":"https:\/\/westcoasttriallawyers.com\/es#website"},"primaryImageOfPage":{"@id":"https:\/\/westcoasttriallawyers.com\/es\/california\/long-beach\/abogados-accidentes-motocicleta-long-beach#primaryimage"},"image":{"@id":"https:\/\/westcoasttriallawyers.com\/es\/california\/long-beach\/abogados-accidentes-motocicleta-long-beach#primaryimage"},"thumbnailUrl":"https:\/\/westcoasttriallawyers.com\/wp-content\/uploads\/2025\/07\/u6829429588_Long_Beach_California_-v_7_4cd9c920-299b-417c-aaf0-e54bf70b12f7_0-1-9.webp","datePublished":"2026-01-13T23:41:19+00:00","dateModified":"2026-01-23T19:28:19+00:00","breadcrumb":{"@id":"https:\/\/westcoasttriallawyers.com\/es\/california\/long-beach\/abogados-accidentes-motocicleta-long-beach#breadcrumb"},"inLanguage":"es","potentialAction":[{"@type":"ReadAction","target":["https:\/\/westcoasttriallawyers.com\/es\/california\/long-beach\/abogados-accidentes-motocicleta-long-beach"]}]},{"@type":"ImageObject","inLanguage":"es","@id":"https:\/\/westcoasttriallawyers.com\/es\/california\/long-beach\/abogados-accidentes-motocicleta-long-beach#primaryimage","url":"https:\/\/westcoasttriallawyers.com\/wp-content\/uploads\/2025\/07\/u6829429588_Long_Beach_California_-v_7_4cd9c920-299b-417c-aaf0-e54bf70b12f7_0-1-9.webp","contentUrl":"https:\/\/westcoasttriallawyers.com\/wp-content\/uploads\/2025\/07\/u6829429588_Long_Beach_California_-v_7_4cd9c920-299b-417c-aaf0-e54bf70b12f7_0-1-9.webp","width":557,"height":328},{"@type":"BreadcrumbList","@id":"https:\/\/westcoasttriallawyers.com\/es\/california\/long-beach\/abogados-accidentes-motocicleta-long-beach#breadcrumb","itemListElement":[{"@type":"ListItem","position":1,"name":"Inicio","item":"https:\/\/westcoasttriallawyers.com\/es"},{"@type":"ListItem","position":2,"name":"California","item":"https:\/\/westcoasttriallawyers.com\/es\/california"},{"@type":"ListItem","position":3,"name":"Long Beach","item":"https:\/\/westcoasttriallawyers.com\/es\/california\/long-beach"},{"@type":"ListItem","position":4,"name":"Abogado de Accidentes de Motocicleta en Long Beach"}]},{"@type":"WebSite","@id":"https:\/\/westcoasttriallawyers.com\/es#website","url":"https:\/\/westcoasttriallawyers.com\/es","name":"West Coast Trial Lawyers","description":"West Coast Trial Lawyers","publisher":{"@id":"https:\/\/westcoasttriallawyers.com\/es#organization"},"alternateName":"WCTL","potentialAction":[{"@type":"SearchAction","target":{"@type":"EntryPoint","urlTemplate":"https:\/\/westcoasttriallawyers.com\/es?s={search_term_string}"},"query-input":{"@type":"PropertyValueSpecification","valueRequired":true,"valueName":"search_term_string"}}],"inLanguage":"es"},{"@type":"Organization","@id":"https:\/\/westcoasttriallawyers.com\/es#organization","name":"West Coast Trial Lawyers","alternateName":"WCTL","url":"https:\/\/westcoasttriallawyers.com\/es","logo":{"@type":"ImageObject","inLanguage":"es","@id":"https:\/\/westcoasttriallawyers.com\/es#\/schema\/logo\/image\/","url":"https:\/\/westcoasttriallawyers.com\/wp-content\/uploads\/2026\/02\/WCTL-Logo.jpg","contentUrl":"https:\/\/westcoasttriallawyers.com\/wp-content\/uploads\/2026\/02\/WCTL-Logo.jpg","width":696,"height":696,"caption":"West Coast Trial Lawyers"},"image":{"@id":"https:\/\/westcoasttriallawyers.com\/es#\/schema\/logo\/image\/"},"sameAs":["https:\/\/www.facebook.com\/westcoasttriallawyers\/","https:\/\/x.com\/WestCoastTrial","https:\/\/www.linkedin.com\/company\/west-coast-trial-lawyers\/","https:\/\/www.instagram.com\/westcoasttriallawyers\/","https:\/\/www.yelp.com\/biz\/west-coast-trial-lawyers-los-angeles-2","https:\/\/www.pinterest.com\/westcoasttrial\/","https:\/\/www.youtube.com\/westcoasttriallawyersla\/","https:\/\/www.tiktok.com\/westcoasttriallawyers"],"description":"West Coast Trial Lawyers is a top-rated personal injury law firm with a goal to provide expert legal representation to those in need. The law firm has offices across California, Nevada, Arizona, and Washington.","legalName":"West Coast Trial Lawyers"}]}},"_links":{"self":[{"href":"https:\/\/westcoasttriallawyers.com\/es\/wp-json\/wp\/v2\/pages\/12854","targetHints":{"allow":["GET"]}}],"collection":[{"href":"https:\/\/westcoasttriallawyers.com\/es\/wp-json\/wp\/v2\/pages"}],"about":[{"href":"https:\/\/westcoasttriallawyers.com\/es\/wp-json\/wp\/v2\/types\/page"}],"author":[{"embeddable":true,"href":"https:\/\/westcoasttriallawyers.com\/es\/wp-json\/wp\/v2\/users\/475"}],"replies":[{"embeddable":true,"href":"https:\/\/westcoasttriallawyers.com\/es\/wp-json\/wp\/v2\/comments?post=12854"}],"version-history":[{"count":3,"href":"https:\/\/westcoasttriallawyers.com\/es\/wp-json\/wp\/v2\/pages\/12854\/revisions"}],"predecessor-version":[{"id":48118,"href":"https:\/\/westcoasttriallawyers.com\/es\/wp-json\/wp\/v2\/pages\/12854\/revisions\/48118"}],"up":[{"embeddable":true,"href":"https:\/\/westcoasttriallawyers.com\/es\/wp-json\/wp\/v2\/pages\/47396"}],"wp:featuredmedia":[{"embeddable":true,"href":"https:\/\/westcoasttriallawyers.com\/es\/wp-json\/wp\/v2\/media\/45918"}],"wp:attachment":[{"href":"https:\/\/westcoasttriallawyers.com\/es\/wp-json\/wp\/v2\/media?parent=12854"}],"curies":[{"name":"wp","href":"https:\/\/api.w.org\/{rel}","templated":true}]}}