{"id":12853,"date":"2026-01-13T23:41:14","date_gmt":"2026-01-13T23:41:14","guid":{"rendered":"https:\/\/wctl1stg.wpengine.com\/?page_id=12853"},"modified":"2026-01-23T19:26:08","modified_gmt":"2026-01-23T19:26:08","slug":"abogados-accidentes-peaton-long-beach","status":"publish","type":"page","link":"https:\/\/westcoasttriallawyers.com\/es\/california\/long-beach\/abogados-accidentes-peaton-long-beach","title":{"rendered":"Abogado de Accidentes de Peatones en Long Beach"},"content":{"rendered":"<h2><strong>\u00bfQu\u00e9 Sucede si un Conductor Golpea a un Peat\u00f3n a Prop\u00f3sito?<\/strong><\/h2>\n<p>Se estima que 467,354 personas residen en\u00a0<strong>Long Beach<\/strong>. Con una poblaci\u00f3n tan grande, es probable que haya cientos de peatones caminando por las calles en un momento dado. Es importante que los veh\u00edculos cedan el paso a los peatones para evitar causar un accidente peatonal. Desafortunadamente, muchos conductores negligentes han ignorado las reglas de tr\u00e1nsito y procedieron a conducir mientras se ve\u00eda a un peat\u00f3n caminando en un cruce de peatones.<\/p>\n<p>Determinar qui\u00e9n tiene la culpa de un accidente de peat\u00f3n depende de las circunstancias en las que se encontraban el conductor y el peat\u00f3n antes de la colisi\u00f3n. Las consideraciones comunes incluyen:<\/p>\n<ul>\n<li>Si el peat\u00f3n caminaba por la calle en estado de ebriedad.<\/li>\n<li>Si el peat\u00f3n se puso en una posici\u00f3n peligrosa al cruzar intencionalmente el medio de la calle mientras se acercaban los veh\u00edculos que se aproximaban.<\/li>\n<li>Si el peat\u00f3n estaba caminando en un paso de peatones marcado o no marcado.<\/li>\n<li>Si el conductor estaba bajo la influencia de drogas o alcohol.<\/li>\n<li>Si el conductor incumpli\u00f3 las normas de tr\u00e1nsito al realizar acciones negligentes, como acelerar o desobedecer los sem\u00e1foros o las se\u00f1ales.<\/li>\n<\/ul>\n<p>Dado que California es un estado de culpa comparativa, se examinar\u00e1n las acciones de ambas partes para determinar si se har\u00e1 una parte de la responsabilidad. Si es as\u00ed, entonces se considerar\u00e1 la negligencia de estas partes para dividir correctamente los da\u00f1os que se deben entre s\u00ed.<\/p>\n<p>Si estuvo involucrado en un accidente de peatones y desea presentar una demanda, Los Abogados de la Costa Oeste tiene\u00a0<strong>abogados de accidentes de peatones en Long Beach\u00a0<\/strong>con m\u00e1s de 60 a\u00f1os de experiencia legal colectiva en el manejo de casos de lesiones personales. Con nuestro historial de recuperaci\u00f3n de m\u00e1s de $ 1 mil millones en acuerdos para nuestros clientes, hemos sido reconocidos como uno de los principales bufetes de abogados de lesiones personales en Long Beach.<\/p>\n<p>Para programar una consulta gratuita y sin compromiso en nuestro\u00a0<strong>bufete<\/strong>de abogados de lesiones personales de Long Beach,comun\u00edquese con nuestro personal legal las 24 horas, los 7 d\u00edas de la semana llamando al\u00a0<strong>213-927-3700<\/strong> o enviando un correo electr\u00f3nico<strong>\u00a0<\/strong><a href=\"mailto:info@westcoasttriallawyers.com\"><strong>info@westcoasttriallawyers.com<\/strong><\/a><strong>.\u00a0<\/strong><\/p>\n<p><strong>Golpear a Alguien con un Autom\u00f3vil a Prop\u00f3sito<\/strong><\/p>\n<p>Los conductores deben tener el deber de cuidar a los dem\u00e1s mientras est\u00e1n en la carretera. Desafortunadamente, muchos ciclistas imprudentes optan por ignorar las reglas de tr\u00e1nsito y hacer lo que les plazca, lo que implica acelerar, enviar mensajes de texto y conducir, conducir bajo la influencia o no ceder el paso a los peatones. A veces, el conductor puede tener la intenci\u00f3n de querer da\u00f1ar a otros al cometer actos negligentes. La mayor\u00eda de las v\u00edctimas involucradas en un accidente causado por un conductor irresponsable son peatones. Los peatones son vulnerables cuando caminan por las calles. No est\u00e1n equipados con ninguna protecci\u00f3n que pueda evitar que sufran lesiones graves en caso de que un veh\u00edculo choque contra ellos.<\/p>\n<p>Lamentablemente, se han informado casos en los que un conductor ha<strong>\u00a0<\/strong><a href=\"https:\/\/www.presstelegram.com\/2018\/07\/28\/long-beach-police-say-deadly-hit-and-run-may-have-been-intentional\/\"><strong>Da\u00f1ado intencionalmente a un peat\u00f3n.\u00a0<\/strong><\/a>A menudo, el conductor se escapar\u00e1 del accidente para evitar enfrentar repercusiones legales. Esto se identificar\u00eda como un\u00a0<a href=\"https:\/\/leginfo.legislature.ca.gov\/faces\/codes_displaySection.xhtml?lawCode=VEH&amp;sectionNum=20001\"><strong>accidente de atropello y fuga<\/strong><\/a><strong>.<\/strong> En California, aquellos que cometen un accidente de atropello y fuga pueden enfrentar una sentencia de prisi\u00f3n de hasta un a\u00f1o en la prisi\u00f3n estatal o en la c\u00e1rcel del condado y\/o una multa que oscila entre $1,000 y $10,000. Si el accidente involucra la muerte, entonces el sospechoso enfrentar\u00e1 hasta 4 a\u00f1os en una prisi\u00f3n estatal, hasta un a\u00f1o en la c\u00e1rcel del condado y\/o una multa de $1,000 a $10,000.<\/p>\n<p>Un peat\u00f3n que est\u00e1 involucrado en un accidente con un conductor que intencionalmente trat\u00f3 de causarle da\u00f1o es elegible para presentar un reclamo por lesiones personales. Se recomienda contar con un abogado con experiencia en accidentes automovil\u00edsticos de Long Beach involucrado en este tipo de casos. Ayudar\u00e1n a fortalecer su reclamo al incluir evidencia convincente que afectar\u00e1 su acuerdo y le brindar\u00e1 la cobertura que merece por las p\u00e9rdidas causadas por el accidente. Por lo general, los reclamos por lesiones personales pueden ofrecer da\u00f1os econ\u00f3micos y no econ\u00f3micos a la parte que gana el acuerdo. Bajo este caso, el demandante tambi\u00e9n puede recibir\u00a0<a href=\"https:\/\/www.law.cornell.edu\/wex\/punitive_damages\"><strong>da\u00f1os punitivos<\/strong><\/a><strong>\u00a0<\/strong>si pueden probar que el conductor intencional y maliciosamente estaba tratando de herirlos o matarlos.<\/p>\n<p><strong>C\u00f3mo Reducir los Accidentes de Peatones<\/strong><\/p>\n<ul>\n<li><strong>Camina a la defensiva.\u00a0<\/strong>Ser extremadamente cauteloso al caminar por la calle o al cruzar la calle ayudar\u00e1 a evitar que ocurran accidentes de peatones.<\/li>\n<li><strong>Mant\u00e9ngase alejado de nuestro tel\u00e9fono mientras camina.<\/strong> A El peat\u00f3n que est\u00e1 pegado a su tel\u00e9fono mientras est\u00e1 fuera de casa podr\u00eda ser atropellado por un veh\u00edculo que se aproxima si no mira cuidadosamente en ambos sentidos antes de usar el cruce de peatones.<\/li>\n<li><strong>Utilice un paso de peatones.\u00a0<\/strong>Usar el paso de peatones es importante. Hacer esto har\u00e1 que cruzar la calle sea m\u00e1s f\u00e1cil y seguro. Desafortunadamente, las personas pueden optar por cruzar la calle imprudentemente. Esto es peligroso, especialmente en calles muy transitadas, ya que un conductor no espera ver a un peat\u00f3n caminando en una calle sin cruce de peatones marcado.<\/li>\n<li><strong>Hacer contacto visual.\u00a0<\/strong>A los peatones siempre se les da el derecho de paso en un cruce de peatones. Sin embargo, nunca debe suponer que un autom\u00f3vil se detendr\u00e1 en la intersecci\u00f3n. Debe hacer contacto visual con el conductor antes de pisar el cruce de peatones para asegurarse de que est\u00e9 al tanto de su presencia. Esto puede ser dif\u00edcil de hacer por la noche, pero trate de hacer el esfuerzo de ser visto. Se sugiere que los peatones usen colores brillantes o de ne\u00f3n por la noche para que los conductores los noten m\u00e1s.<\/li>\n<li><strong>Cuidado con los autos estacionados.\u00a0<\/strong>Mientras camina en el estacionamiento, debe observar cuidadosamente su entorno. Si nota alg\u00fan veh\u00edculo encendido o listo para retroceder, aseg\u00farese de distanciarse para evitar ser golpeado.<\/li>\n<li><strong>Mire a ambos lados antes de cruzar la calle.\u00a0<\/strong>Siempre aseg\u00farese de mirar a ambos lados antes de cruzar la calle. Incluso si tiene el derecho de paso, debe detenerse y observar el camino. Una vez que haya confirmado que es seguro cruzar, proceda a caminar sobre el cruce de peatones.<\/li>\n<li><strong>Aseg\u00farate de ser visible.\u00a0<\/strong>Esto es importante, especialmente por la noche. Se alienta a los peatones a usar ropa brillante, reflectante o de ne\u00f3n que los haga parecer m\u00e1s visibles para los conductores.<\/li>\n<li><strong>Qu\u00e9date en la acera.\u00a0<\/strong>Por su propia seguridad, no camine por la calle. Camine siempre por la acera. Solo puede cruzar en un paso de peatones.<\/li>\n<li><strong>Evite beber alcohol antes de caminar.\u00a0<\/strong>Sobre<strong>\u00a0<\/strong><a href=\"https:\/\/www.cdc.gov\/motorvehiclesafety\/pedestrian_safety\/index.html\"><strong>33 por ciento\u00a0<\/strong><\/a>de los accidentes automovil\u00edsticos y peatonales han involucrado a peatones que estaban bajo la influencia del alcohol. Quienes consumen alcohol no son del todo conscientes de su entorno. Tambi\u00e9n pueden experimentar problemas de visi\u00f3n, lo que puede dificultarles ver con claridad. Mezclar estos dos factores es una receta para el desastre.<\/li>\n<\/ul>\n<p><strong>Cont\u00e1ctenos<\/strong><\/p>\n<p>Si ha sufrido lesiones en la ciudad de Long Beach como resultado de un accidente peatonal,\u00a0<a href=\"\/\"><strong>los abogados de la costa oeste<\/strong><\/a>\u00a0peatonesen Long Beach que lo ayudar\u00e1n a recuperar una compensaci\u00f3n financiera y emocional por sus p\u00e9rdidas.<\/p>\n<p>Para programar una consulta gratuita en nuestro bufete de abogados de lesiones personales de Long Beach, con nuestro personal legal las 24 horas, los 7 d\u00edas de la semana llamando al\u00a0<strong>213-927-3700<\/strong> o enviando un correo electr\u00f3nico\u00a0<a href=\"mailto:info@westcoasttriallawyers.com\"><strong>a info@westcoasttriallawyers.com<\/strong><\/a><strong>.\u00a0<\/strong><br \/>\n<!-- WCTL_DEBUG: no shortcode in this_content --><\/p>\n","protected":false},"excerpt":{"rendered":"<p>\u00bfQu\u00e9 Sucede si un Conductor Golpea a un Peat\u00f3n a Prop\u00f3sito? Se estima que 467,354 personas residen en\u00a0Long Beach. Con una poblaci\u00f3n tan grande, es probable que haya cientos de peatones caminando por las calles en un momento dado. Es importante que los veh\u00edculos cedan el paso a los peatones para evitar causar un accidente [&hellip;]<\/p>\n","protected":false},"author":475,"featured_media":45898,"parent":47396,"menu_order":0,"comment_status":"closed","ping_status":"closed","template":"","meta":{"inline_featured_image":false,"footnotes":""},"class_list":["post-12853","page","type-page","status-publish","has-post-thumbnail","hentry"],"acf":[],"yoast_head":"<!-- This site is optimized with the Yoast SEO Premium plugin v26.0 (Yoast SEO v26.0) - https:\/\/yoast.com\/wordpress\/plugins\/seo\/ -->\n<title>Abogado de Accidentes de Peatones en Long Beach | West Coast Trial Lawyers<\/title>\n<meta name=\"robots\" content=\"index, follow, max-snippet:-1, max-image-preview:large, max-video-preview:-1\" \/>\n<link rel=\"canonical\" href=\"https:\/\/westcoasttriallawyers.com\/es\/california\/long-beach\/abogados-accidentes-peaton-long-beach\" \/>\n<meta property=\"og:locale\" content=\"es_ES\" \/>\n<meta property=\"og:type\" content=\"article\" \/>\n<meta property=\"og:title\" content=\"Abogado de Accidentes de Peatones en Long Beach\" \/>\n<meta property=\"og:description\" content=\"\u00bfQu\u00e9 Sucede si un Conductor Golpea a un Peat\u00f3n a Prop\u00f3sito? Se estima que 467,354 personas residen en\u00a0Long Beach. Con una poblaci\u00f3n tan grande, es probable que haya cientos de peatones caminando por las calles en un momento dado. Es importante que los veh\u00edculos cedan el paso a los peatones para evitar causar un accidente [&hellip;]\" \/>\n<meta property=\"og:url\" content=\"https:\/\/westcoasttriallawyers.com\/es\/california\/long-beach\/abogados-accidentes-peaton-long-beach\" \/>\n<meta property=\"og:site_name\" content=\"West Coast Trial Lawyers\" \/>\n<meta property=\"article:publisher\" content=\"https:\/\/www.facebook.com\/westcoasttriallawyers\/\" \/>\n<meta property=\"article:modified_time\" content=\"2026-01-23T19:26:08+00:00\" \/>\n<meta property=\"og:image\" content=\"https:\/\/westcoasttriallawyers.com\/wp-content\/uploads\/2025\/07\/u6829429588_Long_Beach_California_-v_7_4cd9c920-299b-417c-aaf0-e54bf70b12f7_0-1-1.webp\" \/>\n\t<meta property=\"og:image:width\" content=\"557\" \/>\n\t<meta property=\"og:image:height\" content=\"328\" \/>\n\t<meta property=\"og:image:type\" content=\"image\/webp\" \/>\n<meta name=\"twitter:card\" content=\"summary_large_image\" \/>\n<meta name=\"twitter:site\" content=\"@WestCoastTrial\" \/>\n<meta name=\"twitter:label1\" content=\"Tiempo de lectura\" \/>\n\t<meta name=\"twitter:data1\" content=\"6 minutos\" \/>\n<script type=\"application\/ld+json\" class=\"yoast-schema-graph\">{\"@context\":\"https:\/\/schema.org\",\"@graph\":[{\"@type\":[\"WebPage\",\"ItemPage\"],\"@id\":\"https:\/\/westcoasttriallawyers.com\/es\/california\/long-beach\/abogados-accidentes-peaton-long-beach\",\"url\":\"https:\/\/westcoasttriallawyers.com\/es\/california\/long-beach\/abogados-accidentes-peaton-long-beach\",\"name\":\"Abogado de Accidentes de Peatones en Long Beach | West Coast Trial Lawyers\",\"isPartOf\":{\"@id\":\"https:\/\/westcoasttriallawyers.com\/es#website\"},\"primaryImageOfPage\":{\"@id\":\"https:\/\/westcoasttriallawyers.com\/es\/california\/long-beach\/abogados-accidentes-peaton-long-beach#primaryimage\"},\"image\":{\"@id\":\"https:\/\/westcoasttriallawyers.com\/es\/california\/long-beach\/abogados-accidentes-peaton-long-beach#primaryimage\"},\"thumbnailUrl\":\"https:\/\/westcoasttriallawyers.com\/wp-content\/uploads\/2025\/07\/u6829429588_Long_Beach_California_-v_7_4cd9c920-299b-417c-aaf0-e54bf70b12f7_0-1-1.webp\",\"datePublished\":\"2026-01-13T23:41:14+00:00\",\"dateModified\":\"2026-01-23T19:26:08+00:00\",\"breadcrumb\":{\"@id\":\"https:\/\/westcoasttriallawyers.com\/es\/california\/long-beach\/abogados-accidentes-peaton-long-beach#breadcrumb\"},\"inLanguage\":\"es\",\"potentialAction\":[{\"@type\":\"ReadAction\",\"target\":[\"https:\/\/westcoasttriallawyers.com\/es\/california\/long-beach\/abogados-accidentes-peaton-long-beach\"]}]},{\"@type\":\"ImageObject\",\"inLanguage\":\"es\",\"@id\":\"https:\/\/westcoasttriallawyers.com\/es\/california\/long-beach\/abogados-accidentes-peaton-long-beach#primaryimage\",\"url\":\"https:\/\/westcoasttriallawyers.com\/wp-content\/uploads\/2025\/07\/u6829429588_Long_Beach_California_-v_7_4cd9c920-299b-417c-aaf0-e54bf70b12f7_0-1-1.webp\",\"contentUrl\":\"https:\/\/westcoasttriallawyers.com\/wp-content\/uploads\/2025\/07\/u6829429588_Long_Beach_California_-v_7_4cd9c920-299b-417c-aaf0-e54bf70b12f7_0-1-1.webp\",\"width\":557,\"height\":328},{\"@type\":\"BreadcrumbList\",\"@id\":\"https:\/\/westcoasttriallawyers.com\/es\/california\/long-beach\/abogados-accidentes-peaton-long-beach#breadcrumb\",\"itemListElement\":[{\"@type\":\"ListItem\",\"position\":1,\"name\":\"Inicio\",\"item\":\"https:\/\/westcoasttriallawyers.com\/es\"},{\"@type\":\"ListItem\",\"position\":2,\"name\":\"California\",\"item\":\"https:\/\/westcoasttriallawyers.com\/es\/california\"},{\"@type\":\"ListItem\",\"position\":3,\"name\":\"Long Beach\",\"item\":\"https:\/\/westcoasttriallawyers.com\/es\/california\/long-beach\"},{\"@type\":\"ListItem\",\"position\":4,\"name\":\"Abogado de Accidentes de Peatones en Long Beach\"}]},{\"@type\":\"WebSite\",\"@id\":\"https:\/\/westcoasttriallawyers.com\/es#website\",\"url\":\"https:\/\/westcoasttriallawyers.com\/es\",\"name\":\"West Coast Trial Lawyers\",\"description\":\"West Coast Trial Lawyers\",\"publisher\":{\"@id\":\"https:\/\/westcoasttriallawyers.com\/es#organization\"},\"alternateName\":\"WCTL\",\"potentialAction\":[{\"@type\":\"SearchAction\",\"target\":{\"@type\":\"EntryPoint\",\"urlTemplate\":\"https:\/\/westcoasttriallawyers.com\/es?s={search_term_string}\"},\"query-input\":{\"@type\":\"PropertyValueSpecification\",\"valueRequired\":true,\"valueName\":\"search_term_string\"}}],\"inLanguage\":\"es\"},{\"@type\":\"Organization\",\"@id\":\"https:\/\/westcoasttriallawyers.com\/es#organization\",\"name\":\"West Coast Trial Lawyers\",\"alternateName\":\"WCTL\",\"url\":\"https:\/\/westcoasttriallawyers.com\/es\",\"logo\":{\"@type\":\"ImageObject\",\"inLanguage\":\"es\",\"@id\":\"https:\/\/westcoasttriallawyers.com\/es#\/schema\/logo\/image\/\",\"url\":\"https:\/\/westcoasttriallawyers.com\/wp-content\/uploads\/2026\/02\/WCTL-Logo.jpg\",\"contentUrl\":\"https:\/\/westcoasttriallawyers.com\/wp-content\/uploads\/2026\/02\/WCTL-Logo.jpg\",\"width\":696,\"height\":696,\"caption\":\"West Coast Trial Lawyers\"},\"image\":{\"@id\":\"https:\/\/westcoasttriallawyers.com\/es#\/schema\/logo\/image\/\"},\"sameAs\":[\"https:\/\/www.facebook.com\/westcoasttriallawyers\/\",\"https:\/\/x.com\/WestCoastTrial\",\"https:\/\/www.linkedin.com\/company\/west-coast-trial-lawyers\/\",\"https:\/\/www.instagram.com\/westcoasttriallawyers\/\",\"https:\/\/www.yelp.com\/biz\/west-coast-trial-lawyers-los-angeles-2\",\"https:\/\/www.pinterest.com\/westcoasttrial\/\",\"https:\/\/www.youtube.com\/westcoasttriallawyersla\/\",\"https:\/\/www.tiktok.com\/westcoasttriallawyers\"],\"description\":\"West Coast Trial Lawyers is a top-rated personal injury law firm with a goal to provide expert legal representation to those in need. The law firm has offices across California, Nevada, Arizona, and Washington.\",\"legalName\":\"West Coast Trial Lawyers\"}]}<\/script>\n<!-- \/ Yoast SEO Premium plugin. -->","yoast_head_json":{"title":"Abogado de Accidentes de Peatones en Long Beach | West Coast Trial Lawyers","robots":{"index":"index","follow":"follow","max-snippet":"max-snippet:-1","max-image-preview":"max-image-preview:large","max-video-preview":"max-video-preview:-1"},"canonical":"https:\/\/westcoasttriallawyers.com\/es\/california\/long-beach\/abogados-accidentes-peaton-long-beach","og_locale":"es_ES","og_type":"article","og_title":"Abogado de Accidentes de Peatones en Long Beach","og_description":"\u00bfQu\u00e9 Sucede si un Conductor Golpea a un Peat\u00f3n a Prop\u00f3sito? Se estima que 467,354 personas residen en\u00a0Long Beach. Con una poblaci\u00f3n tan grande, es probable que haya cientos de peatones caminando por las calles en un momento dado. Es importante que los veh\u00edculos cedan el paso a los peatones para evitar causar un accidente [&hellip;]","og_url":"https:\/\/westcoasttriallawyers.com\/es\/california\/long-beach\/abogados-accidentes-peaton-long-beach","og_site_name":"West Coast Trial Lawyers","article_publisher":"https:\/\/www.facebook.com\/westcoasttriallawyers\/","article_modified_time":"2026-01-23T19:26:08+00:00","og_image":[{"width":557,"height":328,"url":"https:\/\/westcoasttriallawyers.com\/wp-content\/uploads\/2025\/07\/u6829429588_Long_Beach_California_-v_7_4cd9c920-299b-417c-aaf0-e54bf70b12f7_0-1-1.webp","type":"image\/webp"}],"twitter_card":"summary_large_image","twitter_site":"@WestCoastTrial","twitter_misc":{"Tiempo de lectura":"6 minutos"},"schema":{"@context":"https:\/\/schema.org","@graph":[{"@type":["WebPage","ItemPage"],"@id":"https:\/\/westcoasttriallawyers.com\/es\/california\/long-beach\/abogados-accidentes-peaton-long-beach","url":"https:\/\/westcoasttriallawyers.com\/es\/california\/long-beach\/abogados-accidentes-peaton-long-beach","name":"Abogado de Accidentes de Peatones en Long Beach | West Coast Trial Lawyers","isPartOf":{"@id":"https:\/\/westcoasttriallawyers.com\/es#website"},"primaryImageOfPage":{"@id":"https:\/\/westcoasttriallawyers.com\/es\/california\/long-beach\/abogados-accidentes-peaton-long-beach#primaryimage"},"image":{"@id":"https:\/\/westcoasttriallawyers.com\/es\/california\/long-beach\/abogados-accidentes-peaton-long-beach#primaryimage"},"thumbnailUrl":"https:\/\/westcoasttriallawyers.com\/wp-content\/uploads\/2025\/07\/u6829429588_Long_Beach_California_-v_7_4cd9c920-299b-417c-aaf0-e54bf70b12f7_0-1-1.webp","datePublished":"2026-01-13T23:41:14+00:00","dateModified":"2026-01-23T19:26:08+00:00","breadcrumb":{"@id":"https:\/\/westcoasttriallawyers.com\/es\/california\/long-beach\/abogados-accidentes-peaton-long-beach#breadcrumb"},"inLanguage":"es","potentialAction":[{"@type":"ReadAction","target":["https:\/\/westcoasttriallawyers.com\/es\/california\/long-beach\/abogados-accidentes-peaton-long-beach"]}]},{"@type":"ImageObject","inLanguage":"es","@id":"https:\/\/westcoasttriallawyers.com\/es\/california\/long-beach\/abogados-accidentes-peaton-long-beach#primaryimage","url":"https:\/\/westcoasttriallawyers.com\/wp-content\/uploads\/2025\/07\/u6829429588_Long_Beach_California_-v_7_4cd9c920-299b-417c-aaf0-e54bf70b12f7_0-1-1.webp","contentUrl":"https:\/\/westcoasttriallawyers.com\/wp-content\/uploads\/2025\/07\/u6829429588_Long_Beach_California_-v_7_4cd9c920-299b-417c-aaf0-e54bf70b12f7_0-1-1.webp","width":557,"height":328},{"@type":"BreadcrumbList","@id":"https:\/\/westcoasttriallawyers.com\/es\/california\/long-beach\/abogados-accidentes-peaton-long-beach#breadcrumb","itemListElement":[{"@type":"ListItem","position":1,"name":"Inicio","item":"https:\/\/westcoasttriallawyers.com\/es"},{"@type":"ListItem","position":2,"name":"California","item":"https:\/\/westcoasttriallawyers.com\/es\/california"},{"@type":"ListItem","position":3,"name":"Long Beach","item":"https:\/\/westcoasttriallawyers.com\/es\/california\/long-beach"},{"@type":"ListItem","position":4,"name":"Abogado de Accidentes de Peatones en Long Beach"}]},{"@type":"WebSite","@id":"https:\/\/westcoasttriallawyers.com\/es#website","url":"https:\/\/westcoasttriallawyers.com\/es","name":"West Coast Trial Lawyers","description":"West Coast Trial Lawyers","publisher":{"@id":"https:\/\/westcoasttriallawyers.com\/es#organization"},"alternateName":"WCTL","potentialAction":[{"@type":"SearchAction","target":{"@type":"EntryPoint","urlTemplate":"https:\/\/westcoasttriallawyers.com\/es?s={search_term_string}"},"query-input":{"@type":"PropertyValueSpecification","valueRequired":true,"valueName":"search_term_string"}}],"inLanguage":"es"},{"@type":"Organization","@id":"https:\/\/westcoasttriallawyers.com\/es#organization","name":"West Coast Trial Lawyers","alternateName":"WCTL","url":"https:\/\/westcoasttriallawyers.com\/es","logo":{"@type":"ImageObject","inLanguage":"es","@id":"https:\/\/westcoasttriallawyers.com\/es#\/schema\/logo\/image\/","url":"https:\/\/westcoasttriallawyers.com\/wp-content\/uploads\/2026\/02\/WCTL-Logo.jpg","contentUrl":"https:\/\/westcoasttriallawyers.com\/wp-content\/uploads\/2026\/02\/WCTL-Logo.jpg","width":696,"height":696,"caption":"West Coast Trial Lawyers"},"image":{"@id":"https:\/\/westcoasttriallawyers.com\/es#\/schema\/logo\/image\/"},"sameAs":["https:\/\/www.facebook.com\/westcoasttriallawyers\/","https:\/\/x.com\/WestCoastTrial","https:\/\/www.linkedin.com\/company\/west-coast-trial-lawyers\/","https:\/\/www.instagram.com\/westcoasttriallawyers\/","https:\/\/www.yelp.com\/biz\/west-coast-trial-lawyers-los-angeles-2","https:\/\/www.pinterest.com\/westcoasttrial\/","https:\/\/www.youtube.com\/westcoasttriallawyersla\/","https:\/\/www.tiktok.com\/westcoasttriallawyers"],"description":"West Coast Trial Lawyers is a top-rated personal injury law firm with a goal to provide expert legal representation to those in need. The law firm has offices across California, Nevada, Arizona, and Washington.","legalName":"West Coast Trial Lawyers"}]}},"_links":{"self":[{"href":"https:\/\/westcoasttriallawyers.com\/es\/wp-json\/wp\/v2\/pages\/12853","targetHints":{"allow":["GET"]}}],"collection":[{"href":"https:\/\/westcoasttriallawyers.com\/es\/wp-json\/wp\/v2\/pages"}],"about":[{"href":"https:\/\/westcoasttriallawyers.com\/es\/wp-json\/wp\/v2\/types\/page"}],"author":[{"embeddable":true,"href":"https:\/\/westcoasttriallawyers.com\/es\/wp-json\/wp\/v2\/users\/475"}],"replies":[{"embeddable":true,"href":"https:\/\/westcoasttriallawyers.com\/es\/wp-json\/wp\/v2\/comments?post=12853"}],"version-history":[{"count":4,"href":"https:\/\/westcoasttriallawyers.com\/es\/wp-json\/wp\/v2\/pages\/12853\/revisions"}],"predecessor-version":[{"id":48116,"href":"https:\/\/westcoasttriallawyers.com\/es\/wp-json\/wp\/v2\/pages\/12853\/revisions\/48116"}],"up":[{"embeddable":true,"href":"https:\/\/westcoasttriallawyers.com\/es\/wp-json\/wp\/v2\/pages\/47396"}],"wp:featuredmedia":[{"embeddable":true,"href":"https:\/\/westcoasttriallawyers.com\/es\/wp-json\/wp\/v2\/media\/45898"}],"wp:attachment":[{"href":"https:\/\/westcoasttriallawyers.com\/es\/wp-json\/wp\/v2\/media?parent=12853"}],"curies":[{"name":"wp","href":"https:\/\/api.w.org\/{rel}","templated":true}]}}