{"id":12851,"date":"2026-01-13T23:41:27","date_gmt":"2026-01-13T23:41:27","guid":{"rendered":"https:\/\/wctl1stg.wpengine.com\/?page_id=12851"},"modified":"2026-01-21T13:15:11","modified_gmt":"2026-01-21T13:15:11","slug":"abogado-de-mordedura-de-perro-de-long-beach","status":"publish","type":"page","link":"https:\/\/westcoasttriallawyers.com\/es\/california\/long-beach\/abogado-de-mordedura-de-perro-de-long-beach","title":{"rendered":"Abogado de Mordedura de Perro de Long Beach"},"content":{"rendered":"<h2><strong>\u00bfQu\u00e9 Leyes de Parques para Perros Deben seguir los Due\u00f1os de Perros de Long Beach?<\/strong><\/h2>\n<p>Los perros son la elecci\u00f3n m\u00e1s popular de mascotas para las personas. En\u00a0<strong>Long Beach<\/strong>, hay casi<a href=\"http:\/\/www.laalmanac.com\/environment\/ev21d.php\">\u00a0<strong>58.245 hogares<\/strong><\/a>\u00a0que poseen perros. Con una cantidad asombrosa de due\u00f1os de perros, las lesiones por mordedura de perro pueden ocurrir en cualquier momento. Es responsabilidad del due\u00f1o del perro entrenar adecuadamente a sus perros para que se conviertan en animales de buen comportamiento para evitar que ocurran casos de mordeduras de perros. El no hacerlo puede dar lugar a circunstancias peligrosas en las que una persona inocente podr\u00eda sufrir lesiones graves por mordedura. Si esto ocurre, el propietario enfrentar\u00e1 repercusiones legales.<\/p>\n<p>Si sufre una lesi\u00f3n por mordedura de perro y desea demandar al due\u00f1o del perro por negligencia, Los Abogados de la Costa Oeste est\u00e1 disponible para brindarle asistencia legal. Nuestros\u00a0<strong>abogados de mordeduras de perro en Long Beach\u00a0<\/strong>se asegurar\u00e1n de que obtenga la m\u00e1xima compensaci\u00f3n financiera y emocional que se merece. Tenemos m\u00e1s de 60 a\u00f1os de experiencia legal colectiva en el manejo de casos de lesiones personales. Con nuestro historial de recuperaci\u00f3n de m\u00e1s de $ 1 mil millones en acuerdos, hemos sido clasificados como uno de los principales bufetes de abogados de lesiones personales en Long Beach.\u00a0<\/p>\n<p>Para programar una consulta gratuita y sin compromiso en nuestro\u00a0<strong>bufete de abogados de lesiones personales de Long Beach<\/strong>, comun\u00edquese con nuestro equipo legal las 24 horas, los 7 d\u00edas de la semana llamando al\u00a0<strong>213-927-3700<\/strong> o\u00a0<strong>correo electr\u00f3nico\u00a0<\/strong><a href=\"mailto:info@westcoasttriallawyers.com\"><strong>a info@westcoasttriallawyers.com<\/strong><\/a><strong>.\u00a0<\/strong><\/p>\n<p><strong>Leyes de Parques para Perros de Long Beach<\/strong><\/p>\n<p>Los cachorros y los perros agresivos no pueden ingresar a la playa o al parque para perros. Los perros elegibles para participar deben tener<\/p>\n<ul>\n<li>licencia,<\/li>\n<li>esterilizados (si son hembras),\u00a0<\/li>\n<li>castrados (si son machos) y<\/li>\n<li>vacunados.<\/li>\n<\/ul>\n<p>Antes de ir a un parque para perros o a la playa, es importante que empaque los elementos esenciales necesarios para su perro. Esto incluye:<\/p>\n<ul>\n<li>un collar para perros con una etiqueta adjunta,<\/li>\n<li>una correa para perros que se puede restringir a 8 pies o menos y<\/li>\n<li>una bolsa para perros para recoger la materia fecal.\u00a0<\/li>\n<\/ul>\n<p>No traiga bebidas alcoh\u00f3licas al parque para perros. Tampoco se permiten golosinas y comida para perros, ya que puede causar una conmoci\u00f3n. La ciudad de Long Beach tiene otras\u00a0<a href=\"https:\/\/www.longbeach.gov\/acs\/pet-laws-and-licensing\/dog-park-regulations\/\"><strong>reglas para parques para perros<\/strong><\/a>, que incluyen lo siguiente:<\/p>\n<ul>\n<li>Los due\u00f1os de perros deben poder mantener un control adecuado de sus perros.<\/li>\n<li>Solo podr\u00e1 ir acompa\u00f1ado un perro por adulto.\u00a0<\/li>\n<li>Los due\u00f1os de perros deben cumplir con las reglas publicadas para garantizar la seguridad de todos los que usan el parque para perros.\u00a0<\/li>\n<li>Se requiere que el due\u00f1o del perro tenga control visual y vocal de su perro en todo momento.<\/li>\n<li>Los cachorros menores de 4 meses no pueden ingresar al parque para perros.<\/li>\n<li>Los due\u00f1os de perros son responsables de las lesiones causadas por sus perros.\u00a0<\/li>\n<li>Las perras que se encuentren en etapa de celo no deber\u00e1n ingresar al parque.<\/li>\n<li>No se deben usar collares con p\u00faas ya que tienen la capacidad de da\u00f1ar a otros perros.<\/li>\n<li>Los due\u00f1os de perros pueden traer agua para sus perros.<\/li>\n<li>Si hay ni\u00f1os presentes, deben estar bajo la supervisi\u00f3n de sus padres o tutores legales.\u00a0<\/li>\n<li>Los ni\u00f1os no deben gritar, gritar, gritar o agitar los brazos en el parque.<\/li>\n<li>Los ni\u00f1os no deben excitar ni enemistarse con los perros en el parque.\u00a0<\/li>\n<li>Los adiestradores o adiestradores de perros profesionales no pueden utilizar el parque para perros para impartir clases.<\/li>\n<\/ul>\n<p><strong>\u00bfQu\u00e9 pasa si mi perro fue provocado?<\/strong><\/p>\n<p>La gente suele provocar a un perro para que se levante. Esto incluye burlarse, pinchar o tocar al perro. Jalar las orejas o la cola, junto con hacer gestos, son otras acciones que pueden causar que un perro se irrite o se vuelva agresivo.<\/p>\n<p>Si su perro termina atacando a una persona que realiza uno o m\u00e1s actos de provocaci\u00f3n, es posible que pueda salir de una demanda por mordedura de perro. Cualquier prueba convincente que haya tenido lugar antes del ataque puede ayudarte a evitar que te responsabilicen por cualquier lesi\u00f3n o da\u00f1o que tu perro haya causado a la persona que lo provoc\u00f3. Si la persona que provoc\u00f3 a su perro decide decir la verdad y habla sobre el incidente, entonces no se presentar\u00e1n cargos en su contra.\u00a0<\/p>\n<p>Si documentamos las burlas grab\u00e1ndose o tom\u00e1ndolas con tu tel\u00e9fono, entonces tendr\u00e1s pruebas convincentes para demostrar que no fuiste responsable. Sin embargo, si la persona evita decir la verdad y no hay documentaci\u00f3n del incidente, es probable que tenga que enfrentar las consecuencias del altercado.\u00a0<\/p>\n<p>Lo opuesto tambi\u00e9n es cierto. S\u00ed provoc\u00f3 que un perro lo ataca, es casi seguro que no podr\u00e1 presentar un reclamo para recuperar los da\u00f1os. Consulte con un abogado con experiencia en mordeduras de perro de Long Beach para analizar si tiene o no derecho a presentar un reclamo por mordedura de perro.<\/p>\n<p><strong>Historia del Perro<\/strong><\/p>\n<p>Hay circunstancias en las que una persona apenas podr\u00eda hacerle nada a un perro y eso s\u00ed podr\u00eda provocar un ataque. Esto se aplica principalmente a perros inestables y perros agresivos. Este tipo de perros podr\u00edan irritar r\u00e1pidamente despu\u00e9s de verse involucrados en una provocaci\u00f3n menor. El due\u00f1o debe ser consciente de la personalidad de su mascota y c\u00f3mo reacciona ante ciertas cosas para saber qu\u00e9 hacer una vez que el perro comienza a arremeter. Si un due\u00f1o no puede controlar a su perro agresivo, podr\u00eda terminar mal para ambas partes involucradas en el ataque.<\/p>\n<p><strong>Cont\u00e1ctenos<\/strong><\/p>\n<p>Si es v\u00edctima de una mordedura de perro y necesita asistencia legal,<strong>\u00a0<\/strong><a href=\"\/\"><strong>Abogados de la Costa Oeste<\/strong><\/a><strong>\u00a0<\/strong>tiene abogados experimentados en mordeduras de perros en Long Beach que lo ayudar\u00e1n a recuperar una compensaci\u00f3n financiera y emocional por las p\u00e9rdidas que ha sufrido, incluidas las facturas m\u00e9dicas,\u00a0<a href=\"\/emotional-distress\/\"><strong>la angustia emocional<\/strong><\/a><strong>,<\/strong> p\u00e9rdida de salarios, el dolor y el sufrimiento, y m\u00e1s.\u00a0<\/p>\n<p>Para programar una consulta gratuita y sin compromiso en nuestro bufete de abogados de lesiones personales de Long Beach,<strong>\u00a0<\/strong>comun\u00edquese con nuestro equipo legal las 24 horas, los 7 d\u00edas de la semana llamando al\u00a0<strong>213-927-3700<\/strong> o enviando un correo electr\u00f3nico<strong>\u00a0<\/strong><a href=\"mailto:info@westcoasttriallawyers.com\"><strong>info@westcoasttriallawyers.com<\/strong><\/a><strong>.\u00a0<\/strong><\/p>\n<p><!-- WCTL_DEBUG: no shortcode in this_content --><\/p>\n","protected":false},"excerpt":{"rendered":"<p>\u00bfQu\u00e9 Leyes de Parques para Perros Deben seguir los Due\u00f1os de Perros de Long Beach? Los perros son la elecci\u00f3n m\u00e1s popular de mascotas para las personas. En\u00a0Long Beach, hay casi\u00a058.245 hogares\u00a0que poseen perros. Con una cantidad asombrosa de due\u00f1os de perros, las lesiones por mordedura de perro pueden ocurrir en cualquier momento. Es responsabilidad [&hellip;]<\/p>\n","protected":false},"author":475,"featured_media":45953,"parent":47396,"menu_order":0,"comment_status":"closed","ping_status":"closed","template":"","meta":{"inline_featured_image":false,"footnotes":""},"class_list":["post-12851","page","type-page","status-publish","has-post-thumbnail","hentry"],"acf":[],"yoast_head":"<!-- This site is optimized with the Yoast SEO Premium plugin v26.0 (Yoast SEO v26.0) - https:\/\/yoast.com\/wordpress\/plugins\/seo\/ -->\n<title>Abogado de Mordedura de Perro de Long Beach | West Coast Trial Lawyers<\/title>\n<meta name=\"robots\" content=\"index, follow, max-snippet:-1, max-image-preview:large, max-video-preview:-1\" \/>\n<link rel=\"canonical\" href=\"https:\/\/westcoasttriallawyers.com\/es\/california\/long-beach\/abogado-de-mordedura-de-perro-de-long-beach\" \/>\n<meta property=\"og:locale\" content=\"es_ES\" \/>\n<meta property=\"og:type\" content=\"article\" \/>\n<meta property=\"og:title\" content=\"Abogado de Mordedura de Perro de Long Beach\" \/>\n<meta property=\"og:description\" content=\"\u00bfQu\u00e9 Leyes de Parques para Perros Deben seguir los Due\u00f1os de Perros de Long Beach? Los perros son la elecci\u00f3n m\u00e1s popular de mascotas para las personas. En\u00a0Long Beach, hay casi\u00a058.245 hogares\u00a0que poseen perros. Con una cantidad asombrosa de due\u00f1os de perros, las lesiones por mordedura de perro pueden ocurrir en cualquier momento. Es responsabilidad [&hellip;]\" \/>\n<meta property=\"og:url\" content=\"https:\/\/westcoasttriallawyers.com\/es\/california\/long-beach\/abogado-de-mordedura-de-perro-de-long-beach\" \/>\n<meta property=\"og:site_name\" content=\"West Coast Trial Lawyers\" \/>\n<meta property=\"article:publisher\" content=\"https:\/\/www.facebook.com\/westcoasttriallawyers\/\" \/>\n<meta property=\"article:modified_time\" content=\"2026-01-21T13:15:11+00:00\" \/>\n<meta property=\"og:image\" content=\"https:\/\/westcoasttriallawyers.com\/wp-content\/uploads\/2025\/07\/u6829429588_Long_Beach_California_-v_7_4cd9c920-299b-417c-aaf0-e54bf70b12f7_0-1-23.webp\" \/>\n\t<meta property=\"og:image:width\" content=\"557\" \/>\n\t<meta property=\"og:image:height\" content=\"328\" \/>\n\t<meta property=\"og:image:type\" content=\"image\/webp\" \/>\n<meta name=\"twitter:card\" content=\"summary_large_image\" \/>\n<meta name=\"twitter:site\" content=\"@WestCoastTrial\" \/>\n<meta name=\"twitter:label1\" content=\"Tiempo de lectura\" \/>\n\t<meta name=\"twitter:data1\" content=\"14 minutos\" \/>\n<script type=\"application\/ld+json\" class=\"yoast-schema-graph\">{\"@context\":\"https:\/\/schema.org\",\"@graph\":[{\"@type\":[\"WebPage\",\"ItemPage\"],\"@id\":\"https:\/\/westcoasttriallawyers.com\/es\/california\/long-beach\/abogado-de-mordedura-de-perro-de-long-beach\",\"url\":\"https:\/\/westcoasttriallawyers.com\/es\/california\/long-beach\/abogado-de-mordedura-de-perro-de-long-beach\",\"name\":\"Abogado de Mordedura de Perro de Long Beach | West Coast Trial Lawyers\",\"isPartOf\":{\"@id\":\"https:\/\/westcoasttriallawyers.com\/es#website\"},\"primaryImageOfPage\":{\"@id\":\"https:\/\/westcoasttriallawyers.com\/es\/california\/long-beach\/abogado-de-mordedura-de-perro-de-long-beach#primaryimage\"},\"image\":{\"@id\":\"https:\/\/westcoasttriallawyers.com\/es\/california\/long-beach\/abogado-de-mordedura-de-perro-de-long-beach#primaryimage\"},\"thumbnailUrl\":\"https:\/\/westcoasttriallawyers.com\/wp-content\/uploads\/2025\/07\/u6829429588_Long_Beach_California_-v_7_4cd9c920-299b-417c-aaf0-e54bf70b12f7_0-1-23.webp\",\"datePublished\":\"2026-01-13T23:41:27+00:00\",\"dateModified\":\"2026-01-21T13:15:11+00:00\",\"breadcrumb\":{\"@id\":\"https:\/\/westcoasttriallawyers.com\/es\/california\/long-beach\/abogado-de-mordedura-de-perro-de-long-beach#breadcrumb\"},\"inLanguage\":\"es\",\"potentialAction\":[{\"@type\":\"ReadAction\",\"target\":[\"https:\/\/westcoasttriallawyers.com\/es\/california\/long-beach\/abogado-de-mordedura-de-perro-de-long-beach\"]}]},{\"@type\":\"ImageObject\",\"inLanguage\":\"es\",\"@id\":\"https:\/\/westcoasttriallawyers.com\/es\/california\/long-beach\/abogado-de-mordedura-de-perro-de-long-beach#primaryimage\",\"url\":\"https:\/\/westcoasttriallawyers.com\/wp-content\/uploads\/2025\/07\/u6829429588_Long_Beach_California_-v_7_4cd9c920-299b-417c-aaf0-e54bf70b12f7_0-1-23.webp\",\"contentUrl\":\"https:\/\/westcoasttriallawyers.com\/wp-content\/uploads\/2025\/07\/u6829429588_Long_Beach_California_-v_7_4cd9c920-299b-417c-aaf0-e54bf70b12f7_0-1-23.webp\",\"width\":557,\"height\":328},{\"@type\":\"BreadcrumbList\",\"@id\":\"https:\/\/westcoasttriallawyers.com\/es\/california\/long-beach\/abogado-de-mordedura-de-perro-de-long-beach#breadcrumb\",\"itemListElement\":[{\"@type\":\"ListItem\",\"position\":1,\"name\":\"Inicio\",\"item\":\"https:\/\/westcoasttriallawyers.com\/es\"},{\"@type\":\"ListItem\",\"position\":2,\"name\":\"California\",\"item\":\"https:\/\/westcoasttriallawyers.com\/es\/california\"},{\"@type\":\"ListItem\",\"position\":3,\"name\":\"Long Beach\",\"item\":\"https:\/\/westcoasttriallawyers.com\/es\/california\/long-beach\"},{\"@type\":\"ListItem\",\"position\":4,\"name\":\"Abogado de Mordedura de Perro de Long Beach\"}]},{\"@type\":\"WebSite\",\"@id\":\"https:\/\/westcoasttriallawyers.com\/es#website\",\"url\":\"https:\/\/westcoasttriallawyers.com\/es\",\"name\":\"West Coast Trial Lawyers\",\"description\":\"West Coast Trial Lawyers\",\"publisher\":{\"@id\":\"https:\/\/westcoasttriallawyers.com\/es#organization\"},\"alternateName\":\"WCTL\",\"potentialAction\":[{\"@type\":\"SearchAction\",\"target\":{\"@type\":\"EntryPoint\",\"urlTemplate\":\"https:\/\/westcoasttriallawyers.com\/es?s={search_term_string}\"},\"query-input\":{\"@type\":\"PropertyValueSpecification\",\"valueRequired\":true,\"valueName\":\"search_term_string\"}}],\"inLanguage\":\"es\"},{\"@type\":\"Organization\",\"@id\":\"https:\/\/westcoasttriallawyers.com\/es#organization\",\"name\":\"West Coast Trial Lawyers\",\"alternateName\":\"WCTL\",\"url\":\"https:\/\/westcoasttriallawyers.com\/es\",\"logo\":{\"@type\":\"ImageObject\",\"inLanguage\":\"es\",\"@id\":\"https:\/\/westcoasttriallawyers.com\/es#\/schema\/logo\/image\/\",\"url\":\"https:\/\/westcoasttriallawyers.com\/wp-content\/uploads\/2026\/02\/WCTL-Logo.jpg\",\"contentUrl\":\"https:\/\/westcoasttriallawyers.com\/wp-content\/uploads\/2026\/02\/WCTL-Logo.jpg\",\"width\":696,\"height\":696,\"caption\":\"West Coast Trial Lawyers\"},\"image\":{\"@id\":\"https:\/\/westcoasttriallawyers.com\/es#\/schema\/logo\/image\/\"},\"sameAs\":[\"https:\/\/www.facebook.com\/westcoasttriallawyers\/\",\"https:\/\/x.com\/WestCoastTrial\",\"https:\/\/www.linkedin.com\/company\/west-coast-trial-lawyers\/\",\"https:\/\/www.instagram.com\/westcoasttriallawyers\/\",\"https:\/\/www.yelp.com\/biz\/west-coast-trial-lawyers-los-angeles-2\",\"https:\/\/www.pinterest.com\/westcoasttrial\/\",\"https:\/\/www.youtube.com\/westcoasttriallawyersla\/\",\"https:\/\/www.tiktok.com\/westcoasttriallawyers\"],\"description\":\"West Coast Trial Lawyers is a top-rated personal injury law firm with a goal to provide expert legal representation to those in need. The law firm has offices across California, Nevada, Arizona, and Washington.\",\"legalName\":\"West Coast Trial Lawyers\"}]}<\/script>\n<!-- \/ Yoast SEO Premium plugin. -->","yoast_head_json":{"title":"Abogado de Mordedura de Perro de Long Beach | West Coast Trial Lawyers","robots":{"index":"index","follow":"follow","max-snippet":"max-snippet:-1","max-image-preview":"max-image-preview:large","max-video-preview":"max-video-preview:-1"},"canonical":"https:\/\/westcoasttriallawyers.com\/es\/california\/long-beach\/abogado-de-mordedura-de-perro-de-long-beach","og_locale":"es_ES","og_type":"article","og_title":"Abogado de Mordedura de Perro de Long Beach","og_description":"\u00bfQu\u00e9 Leyes de Parques para Perros Deben seguir los Due\u00f1os de Perros de Long Beach? Los perros son la elecci\u00f3n m\u00e1s popular de mascotas para las personas. En\u00a0Long Beach, hay casi\u00a058.245 hogares\u00a0que poseen perros. Con una cantidad asombrosa de due\u00f1os de perros, las lesiones por mordedura de perro pueden ocurrir en cualquier momento. Es responsabilidad [&hellip;]","og_url":"https:\/\/westcoasttriallawyers.com\/es\/california\/long-beach\/abogado-de-mordedura-de-perro-de-long-beach","og_site_name":"West Coast Trial Lawyers","article_publisher":"https:\/\/www.facebook.com\/westcoasttriallawyers\/","article_modified_time":"2026-01-21T13:15:11+00:00","og_image":[{"width":557,"height":328,"url":"https:\/\/westcoasttriallawyers.com\/wp-content\/uploads\/2025\/07\/u6829429588_Long_Beach_California_-v_7_4cd9c920-299b-417c-aaf0-e54bf70b12f7_0-1-23.webp","type":"image\/webp"}],"twitter_card":"summary_large_image","twitter_site":"@WestCoastTrial","twitter_misc":{"Tiempo de lectura":"14 minutos"},"schema":{"@context":"https:\/\/schema.org","@graph":[{"@type":["WebPage","ItemPage"],"@id":"https:\/\/westcoasttriallawyers.com\/es\/california\/long-beach\/abogado-de-mordedura-de-perro-de-long-beach","url":"https:\/\/westcoasttriallawyers.com\/es\/california\/long-beach\/abogado-de-mordedura-de-perro-de-long-beach","name":"Abogado de Mordedura de Perro de Long Beach | West Coast Trial Lawyers","isPartOf":{"@id":"https:\/\/westcoasttriallawyers.com\/es#website"},"primaryImageOfPage":{"@id":"https:\/\/westcoasttriallawyers.com\/es\/california\/long-beach\/abogado-de-mordedura-de-perro-de-long-beach#primaryimage"},"image":{"@id":"https:\/\/westcoasttriallawyers.com\/es\/california\/long-beach\/abogado-de-mordedura-de-perro-de-long-beach#primaryimage"},"thumbnailUrl":"https:\/\/westcoasttriallawyers.com\/wp-content\/uploads\/2025\/07\/u6829429588_Long_Beach_California_-v_7_4cd9c920-299b-417c-aaf0-e54bf70b12f7_0-1-23.webp","datePublished":"2026-01-13T23:41:27+00:00","dateModified":"2026-01-21T13:15:11+00:00","breadcrumb":{"@id":"https:\/\/westcoasttriallawyers.com\/es\/california\/long-beach\/abogado-de-mordedura-de-perro-de-long-beach#breadcrumb"},"inLanguage":"es","potentialAction":[{"@type":"ReadAction","target":["https:\/\/westcoasttriallawyers.com\/es\/california\/long-beach\/abogado-de-mordedura-de-perro-de-long-beach"]}]},{"@type":"ImageObject","inLanguage":"es","@id":"https:\/\/westcoasttriallawyers.com\/es\/california\/long-beach\/abogado-de-mordedura-de-perro-de-long-beach#primaryimage","url":"https:\/\/westcoasttriallawyers.com\/wp-content\/uploads\/2025\/07\/u6829429588_Long_Beach_California_-v_7_4cd9c920-299b-417c-aaf0-e54bf70b12f7_0-1-23.webp","contentUrl":"https:\/\/westcoasttriallawyers.com\/wp-content\/uploads\/2025\/07\/u6829429588_Long_Beach_California_-v_7_4cd9c920-299b-417c-aaf0-e54bf70b12f7_0-1-23.webp","width":557,"height":328},{"@type":"BreadcrumbList","@id":"https:\/\/westcoasttriallawyers.com\/es\/california\/long-beach\/abogado-de-mordedura-de-perro-de-long-beach#breadcrumb","itemListElement":[{"@type":"ListItem","position":1,"name":"Inicio","item":"https:\/\/westcoasttriallawyers.com\/es"},{"@type":"ListItem","position":2,"name":"California","item":"https:\/\/westcoasttriallawyers.com\/es\/california"},{"@type":"ListItem","position":3,"name":"Long Beach","item":"https:\/\/westcoasttriallawyers.com\/es\/california\/long-beach"},{"@type":"ListItem","position":4,"name":"Abogado de Mordedura de Perro de Long Beach"}]},{"@type":"WebSite","@id":"https:\/\/westcoasttriallawyers.com\/es#website","url":"https:\/\/westcoasttriallawyers.com\/es","name":"West Coast Trial Lawyers","description":"West Coast Trial Lawyers","publisher":{"@id":"https:\/\/westcoasttriallawyers.com\/es#organization"},"alternateName":"WCTL","potentialAction":[{"@type":"SearchAction","target":{"@type":"EntryPoint","urlTemplate":"https:\/\/westcoasttriallawyers.com\/es?s={search_term_string}"},"query-input":{"@type":"PropertyValueSpecification","valueRequired":true,"valueName":"search_term_string"}}],"inLanguage":"es"},{"@type":"Organization","@id":"https:\/\/westcoasttriallawyers.com\/es#organization","name":"West Coast Trial Lawyers","alternateName":"WCTL","url":"https:\/\/westcoasttriallawyers.com\/es","logo":{"@type":"ImageObject","inLanguage":"es","@id":"https:\/\/westcoasttriallawyers.com\/es#\/schema\/logo\/image\/","url":"https:\/\/westcoasttriallawyers.com\/wp-content\/uploads\/2026\/02\/WCTL-Logo.jpg","contentUrl":"https:\/\/westcoasttriallawyers.com\/wp-content\/uploads\/2026\/02\/WCTL-Logo.jpg","width":696,"height":696,"caption":"West Coast Trial Lawyers"},"image":{"@id":"https:\/\/westcoasttriallawyers.com\/es#\/schema\/logo\/image\/"},"sameAs":["https:\/\/www.facebook.com\/westcoasttriallawyers\/","https:\/\/x.com\/WestCoastTrial","https:\/\/www.linkedin.com\/company\/west-coast-trial-lawyers\/","https:\/\/www.instagram.com\/westcoasttriallawyers\/","https:\/\/www.yelp.com\/biz\/west-coast-trial-lawyers-los-angeles-2","https:\/\/www.pinterest.com\/westcoasttrial\/","https:\/\/www.youtube.com\/westcoasttriallawyersla\/","https:\/\/www.tiktok.com\/westcoasttriallawyers"],"description":"West Coast Trial Lawyers is a top-rated personal injury law firm with a goal to provide expert legal representation to those in need. The law firm has offices across California, Nevada, Arizona, and Washington.","legalName":"West Coast Trial Lawyers"}]}},"_links":{"self":[{"href":"https:\/\/westcoasttriallawyers.com\/es\/wp-json\/wp\/v2\/pages\/12851","targetHints":{"allow":["GET"]}}],"collection":[{"href":"https:\/\/westcoasttriallawyers.com\/es\/wp-json\/wp\/v2\/pages"}],"about":[{"href":"https:\/\/westcoasttriallawyers.com\/es\/wp-json\/wp\/v2\/types\/page"}],"author":[{"embeddable":true,"href":"https:\/\/westcoasttriallawyers.com\/es\/wp-json\/wp\/v2\/users\/475"}],"replies":[{"embeddable":true,"href":"https:\/\/westcoasttriallawyers.com\/es\/wp-json\/wp\/v2\/comments?post=12851"}],"version-history":[{"count":3,"href":"https:\/\/westcoasttriallawyers.com\/es\/wp-json\/wp\/v2\/pages\/12851\/revisions"}],"predecessor-version":[{"id":47692,"href":"https:\/\/westcoasttriallawyers.com\/es\/wp-json\/wp\/v2\/pages\/12851\/revisions\/47692"}],"up":[{"embeddable":true,"href":"https:\/\/westcoasttriallawyers.com\/es\/wp-json\/wp\/v2\/pages\/47396"}],"wp:featuredmedia":[{"embeddable":true,"href":"https:\/\/westcoasttriallawyers.com\/es\/wp-json\/wp\/v2\/media\/45953"}],"wp:attachment":[{"href":"https:\/\/westcoasttriallawyers.com\/es\/wp-json\/wp\/v2\/media?parent=12851"}],"curies":[{"name":"wp","href":"https:\/\/api.w.org\/{rel}","templated":true}]}}