{"id":12834,"date":"2026-01-13T21:30:33","date_gmt":"2026-01-13T21:30:33","guid":{"rendered":"https:\/\/wctl1stg.wpengine.com\/?page_id=12834"},"modified":"2026-01-21T08:35:31","modified_gmt":"2026-01-21T08:35:31","slug":"abogado-de-accidentes-de-entrega-de-comida","status":"publish","type":"page","link":"https:\/\/westcoasttriallawyers.com\/es\/california\/fresno\/abogado-de-accidentes-de-entrega-de-comida","title":{"rendered":"Abogado de Accidentes de Entrega de Comida"},"content":{"rendered":"<h2><strong>\u00bfQu\u00e9 cubre la P\u00f3liza de Seguro de una Empresa de Entrega de Comida en un Accidente de Entrega de Comida?<\/strong><\/h2>\n<p>Los servicios de entrega de alimentos, como DoorDash y Postmates, ofrecen comodidad a los clientes que prefieren recibir la comida en lugar de tener que ir a recogerlos ellos mismos. Los clientes reciben informaci\u00f3n actualizada sobre el estado actual de su pedido a trav\u00e9s de la aplicaci\u00f3n de entrega de alimentos. Esto les da una idea de cu\u00e1ndo se recoger\u00e1 y entregar\u00e1 el pedido.\u00a0<\/p>\n<p>Si bien los clientes obtienen los beneficios que ofrecen las empresas de entrega de alimentos, los conductores de entrega de comida a menudo se encuentran en una situaci\u00f3n de alta presi\u00f3n para asegurarse de que todos los clientes est\u00e9n satisfechos con sus servicios. Para cumplir con este objetivo, los repartidores de comida deber\u00e1n llegar antes o exactamente a la direcci\u00f3n de un cliente de acuerdo con la fecha l\u00edmite estimada de entrega del pedido. Si un repartidor de comida se retrasa a tiempo, puede sentirse obligado a cometer acciones negligentes, como acelerar, para evitar enfrentar las consecuencias de no cumplir con las expectativas de un cliente. Sin embargo, esta forma de imprudencia podr\u00eda poner en riesgo la vida de muchos, como otros automovilistas, peatones o ciclistas.<\/p>\n<p>Si result\u00f3 lesionado en un accidente de entrega de comida debido a la negligencia de un conductor de entrega de alimentos, puede tener derecho a presentar una demanda por lesiones personales en su contra. En West Coast Trial Lawyers, nuestros\u00a0<strong>abogados de accidentes de entrega de comida en Fresno<\/strong> est\u00e1n disponibles las 24 horas del d\u00eda, los 7 d\u00edas de la semana para ofrecer asistencia legal a las v\u00edctimas de accidentes. Con nuestro historial de recuperaci\u00f3n de m\u00e1s de $1 mil millones en acuerdos para nuestros clientes, estamos seguros de que obtendremos un buen resultado para su caso.<\/p>\n<p>No dude en comunicarse con nosotros llamando al\u00a0<strong>213-927-3700<\/strong> o enviando un correo electr\u00f3nico\u00a0<a href=\"mailto:info@westcoasttriallawyers.com\"><strong>info@westcoasttriallawyers.com<\/strong><\/a> para programar una consulta gratuita y sin compromiso en nuestro\u00a0<strong>bufete de abogados de lesiones personales de Fresno.<\/strong><\/p>\n<p><strong>Causas Comunes de un Accidente de Entrega de Comida<\/strong><\/p>\n<p>Hay m\u00faltiples factores que pueden contribuir a la causa de un accidente de entrega de alimentos.\u00a0<\/p>\n<p>Como a los repartidores de comida se les da un l\u00edmite de tiempo de cu\u00e1ndo se espera que recojan o entreguen un pedido, pueden sentir la necesidad de\u00a0<strong>entregar los pedidos con prisa<\/strong> para evitar retrasarse en el cronograma. Para lograr este objetivo, es probable que el conductor de la entrega de comida acelere, corte el paso a los conductores y\/o ignore los sem\u00e1foros o las se\u00f1ales. Estas acciones son peligrosas y podr\u00edan aumentar las posibilidades de que ocurra un accidente automovil\u00edstico.<\/p>\n<p>Si un repartidor de comida ingresa a un lugar desconocido mientras intenta entregar el pedido de un cliente, es posible que se sienta perdido y confundido. A menudo, se ver\u00e1 a un\u00a0<strong>extraviado<\/strong> conductor<strong> paradas o giros repentinos<\/strong>. Esto es muy peligroso ya que puede dificultar que otros conductores entiendan hacia d\u00f3nde intenta ir el repartidor de alimentos.\u00a0<\/p>\n<p>Tambi\u00e9n es probable que los conductores de entrega de comida perdidos revisen su tel\u00e9fono con frecuencia para saber si est\u00e1n cerca de la direcci\u00f3n del cliente. Esto tambi\u00e9n puede ser una acci\u00f3n peligrosa de cometer ya que su enfoque ya no est\u00e1 en el camino. En lugar de verificar con frecuencia el GPS para la navegaci\u00f3n mientras conduce, se recomienda encarecidamente que un conductor de entrega de alimentos, y los conductores en general, estacionen en un lugar seguro y vean su GPS.<\/p>\n<p><strong>P\u00f3lizas de Seguro para un Accidente de Entrega de Comida<\/strong><\/p>\n<p>Las empresas de entrega de comida ofrecen p\u00f3lizas de seguro en caso de que un conductor de entrega de comida se vea involucrado en un accidente. A continuaci\u00f3n, entraremos en detalles sobre las tres empresas de entrega de comida m\u00e1s populares en Fresno y qu\u00e9 tipo de protecci\u00f3n brindan a sus conductores.<\/p>\n<p><strong>El tablero de la puerta<\/strong>\u00a0proporciona seguros de exceso de autom\u00f3vil para sus conductores, pero solo por da\u00f1os a la propiedad o lesiones corporales causadas a terceros. En caso de accidente, la p\u00f3liza de seguro de autom\u00f3vil personal del conductor servir\u00eda como cobertura principal. Si los da\u00f1os exceden la p\u00f3liza del conductor de entrega de comida y el accidente ocurri\u00f3 cuando el conductor estaba realizando una entrega activa, la p\u00f3liza de responsabilidad contingente de DoorDash de $1 mill\u00f3n s\u00f3lo entrar\u00eda en vigencia.<\/p>\n<p>Adem\u00e1s, esta p\u00f3liza de responsabilidad contingente s\u00f3lo se aplica si el conductor estaba en posesi\u00f3n de los bienes para entregar, es decir, si conduc\u00eda del restaurante a la entrega pero no a un restaurante para recogerlos. A partir de junio de 2019, todos los Dashers de EE. UU. (como llaman a sus conductores) ser\u00e1n autom\u00e1ticamente elegibles para\u00a0<a href=\"https:\/\/help.doordash.com\/dashers\/s\/article\/Occupationa213-927-3700Acciden213-927-3700Polic213-927-3700FAQ?language=en_US\"><strong>la cobertura de seguro de accidentes laborales<\/strong><\/a>\u00a0sin costo, que en caso de accidente cubrir\u00e1:<\/p>\n<ul>\n<li><strong>Gastos m\u00e9dicos:\u00a0<\/strong>Hasta $1,000,000 sin deducible ni copago<\/li>\n<li><strong>Pagos por discapacidad:\u00a0<\/strong>Hasta $500 por semana<\/li>\n<li><strong>Pagos a sobrevivientes:\u00a0<\/strong>Hasta $150,000 para dependientes elegibles<\/li>\n<\/ul>\n<p><strong>Postmates<\/strong>\u00a0proporciona $1 mill\u00f3n en exceso de responsabilidad a reclamos de terceros que solo entrar\u00e1n en juego despu\u00e9s de que se haya agotado la cobertura de seguro de autom\u00f3vil personal del conductor. Adem\u00e1s, ofrecen\u00a0<a href=\"https:\/\/support.postmates.com\/fleet\/articles\/36003213-927-3700articl213-927-3700Occupationa213-927-3700Acciden213-927-3700Insurance\"><strong>seguro de accidentes de trabajo<\/strong><\/a>,\u00a0que cubre gastos m\u00e9dicos y p\u00e9rdida de ingresos con un monto hasta los l\u00edmites de la p\u00f3liza. Los siguientes son beneficios y protecciones que un conductor puede recibir bajo este seguro.<\/p>\n<ul>\n<li><strong>Gasto m\u00e9dico por accidente:\u00a0<\/strong>Hasta $1,000,000 (sin deducible ni copago).<\/li>\n<li><strong>Beneficio por muerte accidental:<\/strong> Hasta $100,000.<\/li>\n<li><strong>Beneficio para sobrevivientes:<\/strong> Hasta $100,000.<\/li>\n<li><strong>Discapacidad total continua:\u00a0<\/strong>hasta $500 por semana en ganancias de reemplazo de servicio a pedido.<\/li>\n<li><strong>Discapacidad total temporal:<\/strong> hasta $500 por semana en ganancias de reemplazo de servicios a pedido.<\/li>\n<li><strong>Desmembramiento accidental:<\/strong> Hasta $200,000.<\/li>\n<\/ul>\n<p>La cobertura por muerte accidental, beneficios de sobrevivientes, desmembramiento accidental y beneficios de par\u00e1lisis se reducen si el conductor tiene 65 a\u00f1os o m\u00e1s.<\/p>\n<p><strong>UberEats<\/strong><strong>\u00a0<\/strong>ofrece una cobertura que es casi\u00a0<strong>id\u00e9ntica a la cobertura<\/strong> proporcionada a los conductores de Uber.\u00a0<a href=\"https:\/\/help.uber.com\/drivin213-927-3700an213-927-3700delivering\/article\/insuranc213-927-3700?nodeId=a4afb2e213-927-3700a213-927-3700d213-927-3700fd213-927-3700dccecfcc3fd7\"><strong>Uber<\/strong><\/a><strong>\u00a0<\/strong>aclar\u00f3 sus pol\u00edticas en su sitio web con lo siguiente:<\/p>\n<ul>\n<li><strong>$1 mill\u00f3n de cobertura de responsabilidad civil por incidente.\u00a0<\/strong>Uber tiene una p\u00f3liza de seguro comercial con $1 mill\u00f3n de cobertura por incidente. La responsabilidad de los conductores frente a terceros est\u00e1 cubierta desde el momento en que el conductor acepta la solicitud de entrega de comidas o mercanc\u00edas hasta el momento en que se completa la entrega.<\/li>\n<li><strong>Seguro integral contingente y de colisi\u00f3n.<\/strong> Si un socio de entrega tiene un seguro personal integral y de colisi\u00f3n, esta p\u00f3liza cubre los da\u00f1os f\u00edsicos que le ocurran al veh\u00edculo durante un viaje hasta el valor real en efectivo del veh\u00edculo, por cualquier motivo, con un deducible de $1,000.<\/li>\n<li><strong>$50,000\/$100,000\/$25,000 de cobertura entre viajes.<\/strong> Durante el tiempo en que un socio de viaje compartido est\u00e9 disponible, pero entre entregas, muchas p\u00f3lizas de seguro de autom\u00f3viles personales brindar\u00e1n cobertura (esto no es cierto). Sin embargo, si el conductor no tiene cobertura aplicable, tiene una p\u00f3liza que cubre la responsabilidad del conductor por lesiones corporales hasta $50,000\/$100,000\/$25,000 (por individuo\/accidente\/da\u00f1o a la propiedad).<\/li>\n<\/ul>\n<p><strong>Los Abogados de la Costa Oeste est\u00e1n Aqu\u00ed para Ayudarlo<\/strong><\/p>\n<p>Si ha sufrido una lesi\u00f3n en un accidente de entrega de comida como resultado de la negligencia de alguien o actos deliberados de malicia, tiene derecho a responsabilizar a la parte culpable por sus p\u00e9rdidas. Un abogado de accidentes de entrega de comida en Fresno en\u00a0<a href=\"\/\"><strong>Los Abogados de la Costa Oeste\u00a0<\/strong><\/a>le ayudar\u00e1 a recuperar una compensaci\u00f3n por sus p\u00e9rdidas.<\/p>\n<p>Para programar una consulta gratuita en nuestro bufete de abogados de lesiones personales de Fresno, comun\u00edquese con nuestro equipo legal las 24 horas, los 7 d\u00edas de la semana llamando al\u00a0<strong>213-927-3700<\/strong> o enviando un correo electr\u00f3nico\u00a0<a href=\"mailto:info@westcoasttriallawyers.com\">a\u00a0<strong>info@westcoasttriallawyers.com<\/strong><\/a>.<\/p>\n<p><!-- WCTL_DEBUG: no shortcode in this_content --><\/p>\n","protected":false},"excerpt":{"rendered":"<p>\u00bfQu\u00e9 cubre la P\u00f3liza de Seguro de una Empresa de Entrega de Comida en un Accidente de Entrega de Comida? Los servicios de entrega de alimentos, como DoorDash y Postmates, ofrecen comodidad a los clientes que prefieren recibir la comida en lugar de tener que ir a recogerlos ellos mismos. Los clientes reciben informaci\u00f3n actualizada [&hellip;]<\/p>\n","protected":false},"author":475,"featured_media":45556,"parent":47276,"menu_order":0,"comment_status":"closed","ping_status":"closed","template":"","meta":{"inline_featured_image":false,"footnotes":""},"class_list":["post-12834","page","type-page","status-publish","has-post-thumbnail","hentry"],"acf":[],"yoast_head":"<!-- This site is optimized with the Yoast SEO Premium plugin v26.0 (Yoast SEO v26.0) - https:\/\/yoast.com\/wordpress\/plugins\/seo\/ -->\n<title>Abogado de Accidentes de Entrega de Comida | West Coast Trial Lawyers<\/title>\n<meta name=\"robots\" content=\"index, follow, max-snippet:-1, max-image-preview:large, max-video-preview:-1\" \/>\n<link rel=\"canonical\" href=\"https:\/\/westcoasttriallawyers.com\/es\/california\/fresno\/abogado-de-accidentes-de-entrega-de-comida\" \/>\n<meta property=\"og:locale\" content=\"es_ES\" \/>\n<meta property=\"og:type\" content=\"article\" \/>\n<meta property=\"og:title\" content=\"Abogado de Accidentes de Entrega de Comida\" \/>\n<meta property=\"og:description\" content=\"\u00bfQu\u00e9 cubre la P\u00f3liza de Seguro de una Empresa de Entrega de Comida en un Accidente de Entrega de Comida? Los servicios de entrega de alimentos, como DoorDash y Postmates, ofrecen comodidad a los clientes que prefieren recibir la comida en lugar de tener que ir a recogerlos ellos mismos. Los clientes reciben informaci\u00f3n actualizada [&hellip;]\" \/>\n<meta property=\"og:url\" content=\"https:\/\/westcoasttriallawyers.com\/es\/california\/fresno\/abogado-de-accidentes-de-entrega-de-comida\" \/>\n<meta property=\"og:site_name\" content=\"West Coast Trial Lawyers\" \/>\n<meta property=\"article:publisher\" content=\"https:\/\/www.facebook.com\/westcoasttriallawyers\/\" \/>\n<meta property=\"article:modified_time\" content=\"2026-01-21T08:35:31+00:00\" \/>\n<meta property=\"og:image\" content=\"https:\/\/westcoasttriallawyers.com\/wp-content\/uploads\/2025\/07\/Fresno-13.webp\" \/>\n\t<meta property=\"og:image:width\" content=\"557\" \/>\n\t<meta property=\"og:image:height\" content=\"327\" \/>\n\t<meta property=\"og:image:type\" content=\"image\/webp\" \/>\n<meta name=\"twitter:card\" content=\"summary_large_image\" \/>\n<meta name=\"twitter:site\" content=\"@WestCoastTrial\" \/>\n<meta name=\"twitter:label1\" content=\"Tiempo de lectura\" \/>\n\t<meta name=\"twitter:data1\" content=\"10 minutos\" \/>\n<script type=\"application\/ld+json\" class=\"yoast-schema-graph\">{\"@context\":\"https:\/\/schema.org\",\"@graph\":[{\"@type\":[\"WebPage\",\"ItemPage\"],\"@id\":\"https:\/\/westcoasttriallawyers.com\/es\/california\/fresno\/abogado-de-accidentes-de-entrega-de-comida\",\"url\":\"https:\/\/westcoasttriallawyers.com\/es\/california\/fresno\/abogado-de-accidentes-de-entrega-de-comida\",\"name\":\"Abogado de Accidentes de Entrega de Comida | West Coast Trial Lawyers\",\"isPartOf\":{\"@id\":\"https:\/\/westcoasttriallawyers.com\/es#website\"},\"primaryImageOfPage\":{\"@id\":\"https:\/\/westcoasttriallawyers.com\/es\/california\/fresno\/abogado-de-accidentes-de-entrega-de-comida#primaryimage\"},\"image\":{\"@id\":\"https:\/\/westcoasttriallawyers.com\/es\/california\/fresno\/abogado-de-accidentes-de-entrega-de-comida#primaryimage\"},\"thumbnailUrl\":\"https:\/\/westcoasttriallawyers.com\/wp-content\/uploads\/2025\/07\/Fresno-13.webp\",\"datePublished\":\"2026-01-13T21:30:33+00:00\",\"dateModified\":\"2026-01-21T08:35:31+00:00\",\"breadcrumb\":{\"@id\":\"https:\/\/westcoasttriallawyers.com\/es\/california\/fresno\/abogado-de-accidentes-de-entrega-de-comida#breadcrumb\"},\"inLanguage\":\"es\",\"potentialAction\":[{\"@type\":\"ReadAction\",\"target\":[\"https:\/\/westcoasttriallawyers.com\/es\/california\/fresno\/abogado-de-accidentes-de-entrega-de-comida\"]}]},{\"@type\":\"ImageObject\",\"inLanguage\":\"es\",\"@id\":\"https:\/\/westcoasttriallawyers.com\/es\/california\/fresno\/abogado-de-accidentes-de-entrega-de-comida#primaryimage\",\"url\":\"https:\/\/westcoasttriallawyers.com\/wp-content\/uploads\/2025\/07\/Fresno-13.webp\",\"contentUrl\":\"https:\/\/westcoasttriallawyers.com\/wp-content\/uploads\/2025\/07\/Fresno-13.webp\",\"width\":557,\"height\":327},{\"@type\":\"BreadcrumbList\",\"@id\":\"https:\/\/westcoasttriallawyers.com\/es\/california\/fresno\/abogado-de-accidentes-de-entrega-de-comida#breadcrumb\",\"itemListElement\":[{\"@type\":\"ListItem\",\"position\":1,\"name\":\"Inicio\",\"item\":\"https:\/\/westcoasttriallawyers.com\/es\"},{\"@type\":\"ListItem\",\"position\":2,\"name\":\"California\",\"item\":\"https:\/\/westcoasttriallawyers.com\/es\/california\"},{\"@type\":\"ListItem\",\"position\":3,\"name\":\"Fresno\",\"item\":\"https:\/\/westcoasttriallawyers.com\/es\/california\/fresno\"},{\"@type\":\"ListItem\",\"position\":4,\"name\":\"Abogado de Accidentes de Entrega de Comida\"}]},{\"@type\":\"WebSite\",\"@id\":\"https:\/\/westcoasttriallawyers.com\/es#website\",\"url\":\"https:\/\/westcoasttriallawyers.com\/es\",\"name\":\"West Coast Trial Lawyers\",\"description\":\"West Coast Trial Lawyers\",\"publisher\":{\"@id\":\"https:\/\/westcoasttriallawyers.com\/es#organization\"},\"alternateName\":\"WCTL\",\"potentialAction\":[{\"@type\":\"SearchAction\",\"target\":{\"@type\":\"EntryPoint\",\"urlTemplate\":\"https:\/\/westcoasttriallawyers.com\/es?s={search_term_string}\"},\"query-input\":{\"@type\":\"PropertyValueSpecification\",\"valueRequired\":true,\"valueName\":\"search_term_string\"}}],\"inLanguage\":\"es\"},{\"@type\":\"Organization\",\"@id\":\"https:\/\/westcoasttriallawyers.com\/es#organization\",\"name\":\"West Coast Trial Lawyers\",\"alternateName\":\"WCTL\",\"url\":\"https:\/\/westcoasttriallawyers.com\/es\",\"logo\":{\"@type\":\"ImageObject\",\"inLanguage\":\"es\",\"@id\":\"https:\/\/westcoasttriallawyers.com\/es#\/schema\/logo\/image\/\",\"url\":\"https:\/\/westcoasttriallawyers.com\/wp-content\/uploads\/2026\/02\/WCTL-Logo.jpg\",\"contentUrl\":\"https:\/\/westcoasttriallawyers.com\/wp-content\/uploads\/2026\/02\/WCTL-Logo.jpg\",\"width\":696,\"height\":696,\"caption\":\"West Coast Trial Lawyers\"},\"image\":{\"@id\":\"https:\/\/westcoasttriallawyers.com\/es#\/schema\/logo\/image\/\"},\"sameAs\":[\"https:\/\/www.facebook.com\/westcoasttriallawyers\/\",\"https:\/\/x.com\/WestCoastTrial\",\"https:\/\/www.linkedin.com\/company\/west-coast-trial-lawyers\/\",\"https:\/\/www.instagram.com\/westcoasttriallawyers\/\",\"https:\/\/www.yelp.com\/biz\/west-coast-trial-lawyers-los-angeles-2\",\"https:\/\/www.pinterest.com\/westcoasttrial\/\",\"https:\/\/www.youtube.com\/westcoasttriallawyersla\/\",\"https:\/\/www.tiktok.com\/westcoasttriallawyers\"],\"description\":\"West Coast Trial Lawyers is a top-rated personal injury law firm with a goal to provide expert legal representation to those in need. The law firm has offices across California, Nevada, Arizona, and Washington.\",\"legalName\":\"West Coast Trial Lawyers\"}]}<\/script>\n<!-- \/ Yoast SEO Premium plugin. -->","yoast_head_json":{"title":"Abogado de Accidentes de Entrega de Comida | West Coast Trial Lawyers","robots":{"index":"index","follow":"follow","max-snippet":"max-snippet:-1","max-image-preview":"max-image-preview:large","max-video-preview":"max-video-preview:-1"},"canonical":"https:\/\/westcoasttriallawyers.com\/es\/california\/fresno\/abogado-de-accidentes-de-entrega-de-comida","og_locale":"es_ES","og_type":"article","og_title":"Abogado de Accidentes de Entrega de Comida","og_description":"\u00bfQu\u00e9 cubre la P\u00f3liza de Seguro de una Empresa de Entrega de Comida en un Accidente de Entrega de Comida? Los servicios de entrega de alimentos, como DoorDash y Postmates, ofrecen comodidad a los clientes que prefieren recibir la comida en lugar de tener que ir a recogerlos ellos mismos. Los clientes reciben informaci\u00f3n actualizada [&hellip;]","og_url":"https:\/\/westcoasttriallawyers.com\/es\/california\/fresno\/abogado-de-accidentes-de-entrega-de-comida","og_site_name":"West Coast Trial Lawyers","article_publisher":"https:\/\/www.facebook.com\/westcoasttriallawyers\/","article_modified_time":"2026-01-21T08:35:31+00:00","og_image":[{"width":557,"height":327,"url":"https:\/\/westcoasttriallawyers.com\/wp-content\/uploads\/2025\/07\/Fresno-13.webp","type":"image\/webp"}],"twitter_card":"summary_large_image","twitter_site":"@WestCoastTrial","twitter_misc":{"Tiempo de lectura":"10 minutos"},"schema":{"@context":"https:\/\/schema.org","@graph":[{"@type":["WebPage","ItemPage"],"@id":"https:\/\/westcoasttriallawyers.com\/es\/california\/fresno\/abogado-de-accidentes-de-entrega-de-comida","url":"https:\/\/westcoasttriallawyers.com\/es\/california\/fresno\/abogado-de-accidentes-de-entrega-de-comida","name":"Abogado de Accidentes de Entrega de Comida | West Coast Trial Lawyers","isPartOf":{"@id":"https:\/\/westcoasttriallawyers.com\/es#website"},"primaryImageOfPage":{"@id":"https:\/\/westcoasttriallawyers.com\/es\/california\/fresno\/abogado-de-accidentes-de-entrega-de-comida#primaryimage"},"image":{"@id":"https:\/\/westcoasttriallawyers.com\/es\/california\/fresno\/abogado-de-accidentes-de-entrega-de-comida#primaryimage"},"thumbnailUrl":"https:\/\/westcoasttriallawyers.com\/wp-content\/uploads\/2025\/07\/Fresno-13.webp","datePublished":"2026-01-13T21:30:33+00:00","dateModified":"2026-01-21T08:35:31+00:00","breadcrumb":{"@id":"https:\/\/westcoasttriallawyers.com\/es\/california\/fresno\/abogado-de-accidentes-de-entrega-de-comida#breadcrumb"},"inLanguage":"es","potentialAction":[{"@type":"ReadAction","target":["https:\/\/westcoasttriallawyers.com\/es\/california\/fresno\/abogado-de-accidentes-de-entrega-de-comida"]}]},{"@type":"ImageObject","inLanguage":"es","@id":"https:\/\/westcoasttriallawyers.com\/es\/california\/fresno\/abogado-de-accidentes-de-entrega-de-comida#primaryimage","url":"https:\/\/westcoasttriallawyers.com\/wp-content\/uploads\/2025\/07\/Fresno-13.webp","contentUrl":"https:\/\/westcoasttriallawyers.com\/wp-content\/uploads\/2025\/07\/Fresno-13.webp","width":557,"height":327},{"@type":"BreadcrumbList","@id":"https:\/\/westcoasttriallawyers.com\/es\/california\/fresno\/abogado-de-accidentes-de-entrega-de-comida#breadcrumb","itemListElement":[{"@type":"ListItem","position":1,"name":"Inicio","item":"https:\/\/westcoasttriallawyers.com\/es"},{"@type":"ListItem","position":2,"name":"California","item":"https:\/\/westcoasttriallawyers.com\/es\/california"},{"@type":"ListItem","position":3,"name":"Fresno","item":"https:\/\/westcoasttriallawyers.com\/es\/california\/fresno"},{"@type":"ListItem","position":4,"name":"Abogado de Accidentes de Entrega de Comida"}]},{"@type":"WebSite","@id":"https:\/\/westcoasttriallawyers.com\/es#website","url":"https:\/\/westcoasttriallawyers.com\/es","name":"West Coast Trial Lawyers","description":"West Coast Trial Lawyers","publisher":{"@id":"https:\/\/westcoasttriallawyers.com\/es#organization"},"alternateName":"WCTL","potentialAction":[{"@type":"SearchAction","target":{"@type":"EntryPoint","urlTemplate":"https:\/\/westcoasttriallawyers.com\/es?s={search_term_string}"},"query-input":{"@type":"PropertyValueSpecification","valueRequired":true,"valueName":"search_term_string"}}],"inLanguage":"es"},{"@type":"Organization","@id":"https:\/\/westcoasttriallawyers.com\/es#organization","name":"West Coast Trial Lawyers","alternateName":"WCTL","url":"https:\/\/westcoasttriallawyers.com\/es","logo":{"@type":"ImageObject","inLanguage":"es","@id":"https:\/\/westcoasttriallawyers.com\/es#\/schema\/logo\/image\/","url":"https:\/\/westcoasttriallawyers.com\/wp-content\/uploads\/2026\/02\/WCTL-Logo.jpg","contentUrl":"https:\/\/westcoasttriallawyers.com\/wp-content\/uploads\/2026\/02\/WCTL-Logo.jpg","width":696,"height":696,"caption":"West Coast Trial Lawyers"},"image":{"@id":"https:\/\/westcoasttriallawyers.com\/es#\/schema\/logo\/image\/"},"sameAs":["https:\/\/www.facebook.com\/westcoasttriallawyers\/","https:\/\/x.com\/WestCoastTrial","https:\/\/www.linkedin.com\/company\/west-coast-trial-lawyers\/","https:\/\/www.instagram.com\/westcoasttriallawyers\/","https:\/\/www.yelp.com\/biz\/west-coast-trial-lawyers-los-angeles-2","https:\/\/www.pinterest.com\/westcoasttrial\/","https:\/\/www.youtube.com\/westcoasttriallawyersla\/","https:\/\/www.tiktok.com\/westcoasttriallawyers"],"description":"West Coast Trial Lawyers is a top-rated personal injury law firm with a goal to provide expert legal representation to those in need. The law firm has offices across California, Nevada, Arizona, and Washington.","legalName":"West Coast Trial Lawyers"}]}},"_links":{"self":[{"href":"https:\/\/westcoasttriallawyers.com\/es\/wp-json\/wp\/v2\/pages\/12834","targetHints":{"allow":["GET"]}}],"collection":[{"href":"https:\/\/westcoasttriallawyers.com\/es\/wp-json\/wp\/v2\/pages"}],"about":[{"href":"https:\/\/westcoasttriallawyers.com\/es\/wp-json\/wp\/v2\/types\/page"}],"author":[{"embeddable":true,"href":"https:\/\/westcoasttriallawyers.com\/es\/wp-json\/wp\/v2\/users\/475"}],"replies":[{"embeddable":true,"href":"https:\/\/westcoasttriallawyers.com\/es\/wp-json\/wp\/v2\/comments?post=12834"}],"version-history":[{"count":3,"href":"https:\/\/westcoasttriallawyers.com\/es\/wp-json\/wp\/v2\/pages\/12834\/revisions"}],"predecessor-version":[{"id":47592,"href":"https:\/\/westcoasttriallawyers.com\/es\/wp-json\/wp\/v2\/pages\/12834\/revisions\/47592"}],"up":[{"embeddable":true,"href":"https:\/\/westcoasttriallawyers.com\/es\/wp-json\/wp\/v2\/pages\/47276"}],"wp:featuredmedia":[{"embeddable":true,"href":"https:\/\/westcoasttriallawyers.com\/es\/wp-json\/wp\/v2\/media\/45556"}],"wp:attachment":[{"href":"https:\/\/westcoasttriallawyers.com\/es\/wp-json\/wp\/v2\/media?parent=12834"}],"curies":[{"name":"wp","href":"https:\/\/api.w.org\/{rel}","templated":true}]}}