{"id":12825,"date":"2026-01-13T21:30:36","date_gmt":"2026-01-13T21:30:36","guid":{"rendered":"https:\/\/wctl1stg.wpengine.com\/?page_id=12825"},"modified":"2026-01-21T08:43:24","modified_gmt":"2026-01-21T08:43:24","slug":"abogado-de-responsabilidad-de-locales-de-fresno","status":"publish","type":"page","link":"https:\/\/westcoasttriallawyers.com\/es\/california\/fresno\/abogado-de-responsabilidad-de-locales-de-fresno","title":{"rendered":"Abogado de Responsabilidad de Locales de Fresno"},"content":{"rendered":"<h2><strong>Tipos Comunes de Casos de Responsabilidad de Locales y c\u00f3mo Determinar la Responsabilidad<\/strong><\/h2>\n<p>Los propietarios tienen el deber legal de garantizar que sus instalaciones se mantengan a salvo de peligros razonablemente previsibles. Las lesiones causadas por la administraci\u00f3n negligente de la propiedad pueden hacer que el due\u00f1o de la propiedad sea responsable de las p\u00e9rdidas causadas. La recuperaci\u00f3n de la compensaci\u00f3n, o da\u00f1os, comienza con la presentaci\u00f3n de un reclamo de responsabilidad del local.\u00a0\u00a0\u00a0\u00a0<\/p>\n<p>Es importante contar con un abogado con experiencia en responsabilidad de locales de Fresno de su lado cuando comience el proceso de presentaci\u00f3n de un reclamo. Es posible que las compa\u00f1\u00edas de seguros le ofrezcan una compensaci\u00f3n baja como primera oferta, sin embargo, un abogado de responsabilidad de locales puede negociar la oferta para aumentarla. Adem\u00e1s, un abogado de responsabilidad de locales ayudar\u00e1 a fortalecer su reclamo para garantizar que tenga una posibilidad a\u00fan mayor de recibir una compensaci\u00f3n que pueda ayudarlo a cubrir sus p\u00e9rdidas, incluidas las facturas m\u00e9dicas, los salarios perdidos, el dolor y el sufrimiento, y m\u00e1s.<\/p>\n<p>En Los Abogados de la Costa Oeste, nuestros<strong> abogados de responsabilidad de locales de Fresno<\/strong> tienen m\u00e1s de 60 a\u00f1os de experiencia legal colectiva en el manejo de casos de lesiones personales. Tenemos m\u00e1s de 5,000 casos y recuperamos m\u00e1s de $1,000 millones en acuerdos para nuestros clientes. Debido a nuestros logros, hemos sido clasificados como uno de los mejores bufetes de abogados de lesiones personales en\u00a0<strong>Fresno.<\/strong><\/p>\n<p>Para programar una consulta gratuita y sin compromiso en nuestro<strong> bufete de abogados de lesiones personales de Fresno,\u00a0<\/strong>comun\u00edquese con nuestro equipo legal las 24 horas, los 7 d\u00edas de la semana llamando al\u00a0<strong>213-927-3700\u00a0<\/strong>o enviando un correo electr\u00f3nico\u00a0<a href=\"mailto:info@westcoasttriallawyers.com\"><strong>a info@westcoasttriallawyers.com<\/strong><\/a>.<\/p>\n<p><strong>Casos de Responsabilidad de Locales Comunes<\/strong><\/p>\n<ul>\n<li><strong>Accidentes por resbalones y ca\u00eddas.\u00a0<\/strong>Un accidente de resbal\u00f3n y ca\u00edda puede ocurrir en varios lugares, incluyendo su hogar, una tienda de comestibles, hogares de ancianos o el lugar de trabajo. Los peligros comunes que han contribuido a la causa de un caso de responsabilidad de locales incluyen superficies mojadas, escalones da\u00f1ados y cables visibles.<\/li>\n<li><strong>Accidentes de nieve y hielo.<\/strong> Durante la fr\u00eda temporada de invierno, el hielo puede acumularse en la propiedad de todos. Si el due\u00f1o de la propiedad a\u00fan no ha quitado la pila de nieve de sus instalaciones, podr\u00eda resultar en un accidente de resbal\u00f3n y ca\u00edda, ya que los hu\u00e9spedes podr\u00edan resbalar mientras caminan sobre el hielo.\u00a0<\/li>\n<li><strong>Seguridad deficiente.\u00a0<\/strong>La seguridad es importante, especialmente si la propiedad est\u00e1 ubicada en un \u00e1rea que tiene una alta tasa de delitos. Si el propietario de una propiedad no cuenta con las medidas de seguridad adecuadas implementadas en sus instalaciones, como c\u00e1maras de vigilancia, guardias de seguridad y\/o alarmas contra incendios o terremotos, podr\u00eda poner a los hu\u00e9spedes o empleados en grave peligro.\u00a0<\/li>\n<li><strong>Accidentes de Piscina.<\/strong> Se recomienda encarecidamente a los propietarios de piscinas que bloqueen el \u00e1rea con vallas y se\u00f1ales de advertencia para evitar que los intrusos, especialmente los ni\u00f1os, entren en las instalaciones. Ha habido casos de un ni\u00f1o que ingresa a la propiedad de un vecino, sin su conocimiento, y se ahoga en su piscina.<\/li>\n<li><strong>Mordedura de perro<\/strong>. Los perros deben ser entrenados adecuadamente. Si el due\u00f1o de un perro est\u00e1 entrenando intencionalmente a un perro para que act\u00fae de manera vigilante y agresiva con los extra\u00f1os, es probable que resulte en un incidente de mordedura de perro. A la v\u00edctima se le permitir\u00e1 presentar un reclamo por lesiones personales si la mordedura de perro ocurri\u00f3 mientras estaba legalmente en una propiedad privada o p\u00fablica. Se puede hacer una exenci\u00f3n si:<\/li>\n<li>la persona lesionada estaba invadiendo propiedad privada,<\/li>\n<li>el perro estaba protegiendo a su due\u00f1o de acuerdo con las leyes de autodefensa de California,<\/li>\n<li>el perro estaba trabajando con la polic\u00eda o el ej\u00e9rcito, o<\/li>\n<li>el perro fue provocado.<\/li>\n<\/ul>\n<p><strong>C\u00f3mo Determinar la Negligencia en un Caso de Responsabilidad de las Instalaciones<\/strong><\/p>\n<p>De acuerdo con<a href=\"https:\/\/leginfo.legislature.ca.gov\/faces\/codes_displaySection.xhtml?sectionNum=1714.&amp;lawCode=CIV\"><strong> el C\u00f3digo Civil de California 1714(a)<\/strong><\/a>: \u201cToda persona es responsable, no solo por el resultado de sus actos intencionales, sino tambi\u00e9n por una lesi\u00f3n ocasionada a otro por su falta de cuidado ordinario o habilidad en el manejo de su propiedad o persona\u201d.<\/p>\n<p>Para presentar un reclamo de responsabilidad del local, se requiere que la persona lesionada muestre pruebas de que se lastim\u00f3 debido a la negligencia del due\u00f1o de la propiedad. Est\u00e1n obligados a mostrar los siguientes elementos.<\/p>\n<ol>\n<li>El demandado arrend\u00f3, posey\u00f3, ocup\u00f3 o ten\u00eda el control de la propiedad donde ocurri\u00f3 el incidente.<\/li>\n<li>El demandado actu\u00f3 de manera negligente con respecto al uso o mantenimiento de esa propiedad.<\/li>\n<li>demandante sufri\u00f3 lesiones<\/li>\n<li>. La negligencia del demandado fue la raz\u00f3n principal de las lesiones del demandante.<\/li>\n<\/ol>\n<p>Los propietarios deben proporcionar una\u00a0<a href=\"https:\/\/www.justia.com\/trial213-927-3700litigation\/docs\/caci\/1000\/1001\/\"><strong>deber de cuidar<\/strong><\/a> a los hu\u00e9spedes manteniendo sus instalaciones en condiciones razonablemente seguras. Un deber de cuidado para el due\u00f1o de una propiedad significa que se espera que tome la misma acci\u00f3n que otro due\u00f1o razonable de la propiedad deber\u00eda tomar o deber\u00eda haber tomado en circunstancias similares.<\/p>\n<p>Al determinar si el due\u00f1o de una propiedad fue o no en contra de su deber de cuidado, se considerar\u00e1n los siguientes factores.<\/p>\n<ol>\n<li>\u00bfQu\u00e9 probabilidad hay de que ocurra una lesi\u00f3n dadas las circunstancias?<\/li>\n<li>\u00bfQu\u00e9 tan grave podr\u00eda ser tal lesi\u00f3n en estas circunstancias?<\/li>\n<li>\u00bfEl propietario sab\u00eda o deber\u00eda haber sabido acerca de la condici\u00f3n peligrosa que caus\u00f3 el accidente?<\/li>\n<li>\u00bfD\u00f3nde est\u00e1 localizada la propiedad?<\/li>\n<li>\u00bfQu\u00e9 carga hubiera significado minimizar o eliminar la condici\u00f3n peligrosa?<\/li>\n<li>\u00bfCu\u00e1nto control ten\u00eda el due\u00f1o de la propiedad sobre la condici\u00f3n peligrosa?<\/li>\n<\/ol>\n<p><strong>\u00bfQui\u00e9n Puede ser Declarado Culpable de un Accidente de Responsabilidad de Locales?<\/strong><\/p>\n<p>Si se lastim\u00f3 mientras estaba en la propiedad de otra persona, es posible que tenga derecho a presentar un reclamo de responsabilidad del local contra esa persona.\u00a0<\/p>\n<p>Los propietarios o administradores de la propiedad no se hacen inmunes a la responsabilidad al delegar la tarea de mantenimiento de la propiedad. El propietario o administrador de una propiedad es responsable de la seguridad de sus instalaciones, incluso si contrata a otra persona que luego sea declarada culpable de negligencia.<\/p>\n<p>Si un peligro contribuy\u00f3 a la causa de sus lesiones, el due\u00f1o de la propiedad puede ser responsable por cualquier lesi\u00f3n o da\u00f1o que haya sufrido. Seg\u00fan las<a href=\"https:\/\/www.law.cornell.edu\/wex\/respondeat_superior\"><strong> leyes superiores respondidas<\/strong><\/a>, el principal siempre ser\u00e1 responsable por la negligencia de uno de sus agentes.<\/p>\n<p>Los demandados en una demanda por responsabilidad de locales pueden incluir:<\/p>\n<ul>\n<li>Propietarios<\/li>\n<li>de negocios<\/li>\n<li>Inquilinos o arrendatarios<\/li>\n<li>La empresa administradora de propiedades<\/li>\n<li>Restaurantes<\/li>\n<li>Centros minoristas<\/li>\n<li>Tiendas<\/li>\n<\/ul>\n<p><strong>Disponibles Da\u00f1os en un caso de Responsabilidad de Locales\u00a0<\/strong><\/p>\n<p>Los da\u00f1os son un tipo de compensaci\u00f3n monetaria que determina un tribunal de justicia para ayudar a compensar a una persona agraviada por cualquier p\u00e9rdida o lesi\u00f3n sufrida como resultado de la negligencia de alguien.<\/p>\n<p><strong>Los da\u00f1os econ\u00f3micos<\/strong> est\u00e1n destinados a compensar al demandante por las p\u00e9rdidas a las que se puede adjuntar f\u00e1cilmente una cantidad en d\u00f3lares. Se calcula determinando la cantidad de p\u00e9rdidas de bolsillo que una persona agraviada tiene o esperar\u00e1 incurrir como resultado de sus lesiones. Algunos ejemplos de p\u00e9rdidas econ\u00f3micas incluyen la p\u00e9rdida de la capacidad de generar ingresos, las facturas m\u00e9dicas y la p\u00e9rdida de salarios.<\/p>\n<p><strong>Los da\u00f1os no econ\u00f3micos<\/strong> est\u00e1n destinados esencialmente a cubrir p\u00e9rdidas que se consideran subjetivas y no necesariamente cubrir\u00e1n p\u00e9rdidas de bolsillo. Esto puede incluir compensaci\u00f3n por angustia emocional, dolor y sufrimiento, y p\u00e9rdida del disfrute de la vida.<\/p>\n<p>El tercer tipo de da\u00f1os que un tribunal de California puede otorgar se conoce como<a href=\"https:\/\/www.law.cornell.edu\/wex\/punitive_damages\"><strong> da\u00f1os punitivos<\/strong><\/a>. Los da\u00f1os punitivos tienen la intenci\u00f3n de ser un castigo y solo se otorgan cuando el comportamiento del acusado es especialmente da\u00f1ino. Es relativamente raro y, de hecho, s\u00f3lo se incorpor\u00f3 en el 5 por ciento de todos los veredictos. Adem\u00e1s, no existe un est\u00e1ndar real establecido para calcular y otorgar da\u00f1os punitivos. Los da\u00f1os punitivos se otorgan a discreci\u00f3n del tribunal y variar\u00e1n seg\u00fan las circunstancias espec\u00edficas de cada caso.<\/p>\n<p><strong>Los Abogados de la Costa Oeste est\u00e1n Aqu\u00ed para Ayudar<\/strong><\/p>\n<p>Si usted fue v\u00edctima de un incidente de responsabilidad en las instalaciones, puede ser elegible para presentar un reclamo contra el due\u00f1o de la propiedad culpable por su negligencia. Un abogado de responsabilidad de locales de Fresno en\u00a0<a href=\"\/\"><strong>Los Abogados de la Costa Oeste\u00a0<\/strong><\/a>puede ayudar a fortalecer su reclamo y obtener la compensaci\u00f3n que merece por sus p\u00e9rdidas.<\/p>\n<p>Para programar una consulta gratuita en nuestro bufete de abogados de lesiones personales de Fresno, comun\u00edquese con nuestro equipo legal las 24 horas, los 7 d\u00edas de la semana llamando al\u00a0<strong>213-927-3700<\/strong> o enviando un correo electr\u00f3nico\u00a0<a href=\"mailto:info@westcoasttriallawyers.com\">a\u00a0<strong>info@westcoasttriallawyers.com<\/strong><\/a>.<\/p>\n<p><!-- WCTL_DEBUG: no shortcode in this_content --><\/p>\n","protected":false},"excerpt":{"rendered":"<p>Tipos Comunes de Casos de Responsabilidad de Locales y c\u00f3mo Determinar la Responsabilidad Los propietarios tienen el deber legal de garantizar que sus instalaciones se mantengan a salvo de peligros razonablemente previsibles. Las lesiones causadas por la administraci\u00f3n negligente de la propiedad pueden hacer que el due\u00f1o de la propiedad sea responsable de las p\u00e9rdidas [&hellip;]<\/p>\n","protected":false},"author":475,"featured_media":45571,"parent":47276,"menu_order":0,"comment_status":"closed","ping_status":"closed","template":"","meta":{"inline_featured_image":false,"footnotes":""},"class_list":["post-12825","page","type-page","status-publish","has-post-thumbnail","hentry"],"acf":[],"yoast_head":"<!-- This site is optimized with the Yoast SEO Premium plugin v26.0 (Yoast SEO v26.0) - https:\/\/yoast.com\/wordpress\/plugins\/seo\/ -->\n<title>Abogado de Responsabilidad de Locales de Fresno | West Coast Trial Lawyers<\/title>\n<meta name=\"robots\" content=\"index, follow, max-snippet:-1, max-image-preview:large, max-video-preview:-1\" \/>\n<link rel=\"canonical\" href=\"https:\/\/westcoasttriallawyers.com\/es\/california\/fresno\/abogado-de-responsabilidad-de-locales-de-fresno\" \/>\n<meta property=\"og:locale\" content=\"es_ES\" \/>\n<meta property=\"og:type\" content=\"article\" \/>\n<meta property=\"og:title\" content=\"Abogado de Responsabilidad de Locales de Fresno\" \/>\n<meta property=\"og:description\" content=\"Tipos Comunes de Casos de Responsabilidad de Locales y c\u00f3mo Determinar la Responsabilidad Los propietarios tienen el deber legal de garantizar que sus instalaciones se mantengan a salvo de peligros razonablemente previsibles. Las lesiones causadas por la administraci\u00f3n negligente de la propiedad pueden hacer que el due\u00f1o de la propiedad sea responsable de las p\u00e9rdidas [&hellip;]\" \/>\n<meta property=\"og:url\" content=\"https:\/\/westcoasttriallawyers.com\/es\/california\/fresno\/abogado-de-responsabilidad-de-locales-de-fresno\" \/>\n<meta property=\"og:site_name\" content=\"West Coast Trial Lawyers\" \/>\n<meta property=\"article:publisher\" content=\"https:\/\/www.facebook.com\/westcoasttriallawyers\/\" \/>\n<meta property=\"article:modified_time\" content=\"2026-01-21T08:43:24+00:00\" \/>\n<meta property=\"og:image\" content=\"https:\/\/westcoasttriallawyers.com\/wp-content\/uploads\/2025\/07\/Fresno-19.webp\" \/>\n\t<meta property=\"og:image:width\" content=\"557\" \/>\n\t<meta property=\"og:image:height\" content=\"327\" \/>\n\t<meta property=\"og:image:type\" content=\"image\/webp\" \/>\n<meta name=\"twitter:card\" content=\"summary_large_image\" \/>\n<meta name=\"twitter:site\" content=\"@WestCoastTrial\" \/>\n<meta name=\"twitter:label1\" content=\"Tiempo de lectura\" \/>\n\t<meta name=\"twitter:data1\" content=\"10 minutos\" \/>\n<script type=\"application\/ld+json\" class=\"yoast-schema-graph\">{\"@context\":\"https:\/\/schema.org\",\"@graph\":[{\"@type\":[\"WebPage\",\"ItemPage\"],\"@id\":\"https:\/\/westcoasttriallawyers.com\/es\/california\/fresno\/abogado-de-responsabilidad-de-locales-de-fresno\",\"url\":\"https:\/\/westcoasttriallawyers.com\/es\/california\/fresno\/abogado-de-responsabilidad-de-locales-de-fresno\",\"name\":\"Abogado de Responsabilidad de Locales de Fresno | West Coast Trial Lawyers\",\"isPartOf\":{\"@id\":\"https:\/\/westcoasttriallawyers.com\/es#website\"},\"primaryImageOfPage\":{\"@id\":\"https:\/\/westcoasttriallawyers.com\/es\/california\/fresno\/abogado-de-responsabilidad-de-locales-de-fresno#primaryimage\"},\"image\":{\"@id\":\"https:\/\/westcoasttriallawyers.com\/es\/california\/fresno\/abogado-de-responsabilidad-de-locales-de-fresno#primaryimage\"},\"thumbnailUrl\":\"https:\/\/westcoasttriallawyers.com\/wp-content\/uploads\/2025\/07\/Fresno-19.webp\",\"datePublished\":\"2026-01-13T21:30:36+00:00\",\"dateModified\":\"2026-01-21T08:43:24+00:00\",\"breadcrumb\":{\"@id\":\"https:\/\/westcoasttriallawyers.com\/es\/california\/fresno\/abogado-de-responsabilidad-de-locales-de-fresno#breadcrumb\"},\"inLanguage\":\"es\",\"potentialAction\":[{\"@type\":\"ReadAction\",\"target\":[\"https:\/\/westcoasttriallawyers.com\/es\/california\/fresno\/abogado-de-responsabilidad-de-locales-de-fresno\"]}]},{\"@type\":\"ImageObject\",\"inLanguage\":\"es\",\"@id\":\"https:\/\/westcoasttriallawyers.com\/es\/california\/fresno\/abogado-de-responsabilidad-de-locales-de-fresno#primaryimage\",\"url\":\"https:\/\/westcoasttriallawyers.com\/wp-content\/uploads\/2025\/07\/Fresno-19.webp\",\"contentUrl\":\"https:\/\/westcoasttriallawyers.com\/wp-content\/uploads\/2025\/07\/Fresno-19.webp\",\"width\":557,\"height\":327},{\"@type\":\"BreadcrumbList\",\"@id\":\"https:\/\/westcoasttriallawyers.com\/es\/california\/fresno\/abogado-de-responsabilidad-de-locales-de-fresno#breadcrumb\",\"itemListElement\":[{\"@type\":\"ListItem\",\"position\":1,\"name\":\"Inicio\",\"item\":\"https:\/\/westcoasttriallawyers.com\/es\"},{\"@type\":\"ListItem\",\"position\":2,\"name\":\"California\",\"item\":\"https:\/\/westcoasttriallawyers.com\/es\/california\"},{\"@type\":\"ListItem\",\"position\":3,\"name\":\"Fresno\",\"item\":\"https:\/\/westcoasttriallawyers.com\/es\/california\/fresno\"},{\"@type\":\"ListItem\",\"position\":4,\"name\":\"Abogado de Responsabilidad de Locales de Fresno\"}]},{\"@type\":\"WebSite\",\"@id\":\"https:\/\/westcoasttriallawyers.com\/es#website\",\"url\":\"https:\/\/westcoasttriallawyers.com\/es\",\"name\":\"West Coast Trial Lawyers\",\"description\":\"West Coast Trial Lawyers\",\"publisher\":{\"@id\":\"https:\/\/westcoasttriallawyers.com\/es#organization\"},\"alternateName\":\"WCTL\",\"potentialAction\":[{\"@type\":\"SearchAction\",\"target\":{\"@type\":\"EntryPoint\",\"urlTemplate\":\"https:\/\/westcoasttriallawyers.com\/es?s={search_term_string}\"},\"query-input\":{\"@type\":\"PropertyValueSpecification\",\"valueRequired\":true,\"valueName\":\"search_term_string\"}}],\"inLanguage\":\"es\"},{\"@type\":\"Organization\",\"@id\":\"https:\/\/westcoasttriallawyers.com\/es#organization\",\"name\":\"West Coast Trial Lawyers\",\"alternateName\":\"WCTL\",\"url\":\"https:\/\/westcoasttriallawyers.com\/es\",\"logo\":{\"@type\":\"ImageObject\",\"inLanguage\":\"es\",\"@id\":\"https:\/\/westcoasttriallawyers.com\/es#\/schema\/logo\/image\/\",\"url\":\"https:\/\/westcoasttriallawyers.com\/wp-content\/uploads\/2026\/02\/WCTL-Logo.jpg\",\"contentUrl\":\"https:\/\/westcoasttriallawyers.com\/wp-content\/uploads\/2026\/02\/WCTL-Logo.jpg\",\"width\":696,\"height\":696,\"caption\":\"West Coast Trial Lawyers\"},\"image\":{\"@id\":\"https:\/\/westcoasttriallawyers.com\/es#\/schema\/logo\/image\/\"},\"sameAs\":[\"https:\/\/www.facebook.com\/westcoasttriallawyers\/\",\"https:\/\/x.com\/WestCoastTrial\",\"https:\/\/www.linkedin.com\/company\/west-coast-trial-lawyers\/\",\"https:\/\/www.instagram.com\/westcoasttriallawyers\/\",\"https:\/\/www.yelp.com\/biz\/west-coast-trial-lawyers-los-angeles-2\",\"https:\/\/www.pinterest.com\/westcoasttrial\/\",\"https:\/\/www.youtube.com\/westcoasttriallawyersla\/\",\"https:\/\/www.tiktok.com\/westcoasttriallawyers\"],\"description\":\"West Coast Trial Lawyers is a top-rated personal injury law firm with a goal to provide expert legal representation to those in need. The law firm has offices across California, Nevada, Arizona, and Washington.\",\"legalName\":\"West Coast Trial Lawyers\"}]}<\/script>\n<!-- \/ Yoast SEO Premium plugin. -->","yoast_head_json":{"title":"Abogado de Responsabilidad de Locales de Fresno | West Coast Trial Lawyers","robots":{"index":"index","follow":"follow","max-snippet":"max-snippet:-1","max-image-preview":"max-image-preview:large","max-video-preview":"max-video-preview:-1"},"canonical":"https:\/\/westcoasttriallawyers.com\/es\/california\/fresno\/abogado-de-responsabilidad-de-locales-de-fresno","og_locale":"es_ES","og_type":"article","og_title":"Abogado de Responsabilidad de Locales de Fresno","og_description":"Tipos Comunes de Casos de Responsabilidad de Locales y c\u00f3mo Determinar la Responsabilidad Los propietarios tienen el deber legal de garantizar que sus instalaciones se mantengan a salvo de peligros razonablemente previsibles. Las lesiones causadas por la administraci\u00f3n negligente de la propiedad pueden hacer que el due\u00f1o de la propiedad sea responsable de las p\u00e9rdidas [&hellip;]","og_url":"https:\/\/westcoasttriallawyers.com\/es\/california\/fresno\/abogado-de-responsabilidad-de-locales-de-fresno","og_site_name":"West Coast Trial Lawyers","article_publisher":"https:\/\/www.facebook.com\/westcoasttriallawyers\/","article_modified_time":"2026-01-21T08:43:24+00:00","og_image":[{"width":557,"height":327,"url":"https:\/\/westcoasttriallawyers.com\/wp-content\/uploads\/2025\/07\/Fresno-19.webp","type":"image\/webp"}],"twitter_card":"summary_large_image","twitter_site":"@WestCoastTrial","twitter_misc":{"Tiempo de lectura":"10 minutos"},"schema":{"@context":"https:\/\/schema.org","@graph":[{"@type":["WebPage","ItemPage"],"@id":"https:\/\/westcoasttriallawyers.com\/es\/california\/fresno\/abogado-de-responsabilidad-de-locales-de-fresno","url":"https:\/\/westcoasttriallawyers.com\/es\/california\/fresno\/abogado-de-responsabilidad-de-locales-de-fresno","name":"Abogado de Responsabilidad de Locales de Fresno | West Coast Trial Lawyers","isPartOf":{"@id":"https:\/\/westcoasttriallawyers.com\/es#website"},"primaryImageOfPage":{"@id":"https:\/\/westcoasttriallawyers.com\/es\/california\/fresno\/abogado-de-responsabilidad-de-locales-de-fresno#primaryimage"},"image":{"@id":"https:\/\/westcoasttriallawyers.com\/es\/california\/fresno\/abogado-de-responsabilidad-de-locales-de-fresno#primaryimage"},"thumbnailUrl":"https:\/\/westcoasttriallawyers.com\/wp-content\/uploads\/2025\/07\/Fresno-19.webp","datePublished":"2026-01-13T21:30:36+00:00","dateModified":"2026-01-21T08:43:24+00:00","breadcrumb":{"@id":"https:\/\/westcoasttriallawyers.com\/es\/california\/fresno\/abogado-de-responsabilidad-de-locales-de-fresno#breadcrumb"},"inLanguage":"es","potentialAction":[{"@type":"ReadAction","target":["https:\/\/westcoasttriallawyers.com\/es\/california\/fresno\/abogado-de-responsabilidad-de-locales-de-fresno"]}]},{"@type":"ImageObject","inLanguage":"es","@id":"https:\/\/westcoasttriallawyers.com\/es\/california\/fresno\/abogado-de-responsabilidad-de-locales-de-fresno#primaryimage","url":"https:\/\/westcoasttriallawyers.com\/wp-content\/uploads\/2025\/07\/Fresno-19.webp","contentUrl":"https:\/\/westcoasttriallawyers.com\/wp-content\/uploads\/2025\/07\/Fresno-19.webp","width":557,"height":327},{"@type":"BreadcrumbList","@id":"https:\/\/westcoasttriallawyers.com\/es\/california\/fresno\/abogado-de-responsabilidad-de-locales-de-fresno#breadcrumb","itemListElement":[{"@type":"ListItem","position":1,"name":"Inicio","item":"https:\/\/westcoasttriallawyers.com\/es"},{"@type":"ListItem","position":2,"name":"California","item":"https:\/\/westcoasttriallawyers.com\/es\/california"},{"@type":"ListItem","position":3,"name":"Fresno","item":"https:\/\/westcoasttriallawyers.com\/es\/california\/fresno"},{"@type":"ListItem","position":4,"name":"Abogado de Responsabilidad de Locales de Fresno"}]},{"@type":"WebSite","@id":"https:\/\/westcoasttriallawyers.com\/es#website","url":"https:\/\/westcoasttriallawyers.com\/es","name":"West Coast Trial Lawyers","description":"West Coast Trial Lawyers","publisher":{"@id":"https:\/\/westcoasttriallawyers.com\/es#organization"},"alternateName":"WCTL","potentialAction":[{"@type":"SearchAction","target":{"@type":"EntryPoint","urlTemplate":"https:\/\/westcoasttriallawyers.com\/es?s={search_term_string}"},"query-input":{"@type":"PropertyValueSpecification","valueRequired":true,"valueName":"search_term_string"}}],"inLanguage":"es"},{"@type":"Organization","@id":"https:\/\/westcoasttriallawyers.com\/es#organization","name":"West Coast Trial Lawyers","alternateName":"WCTL","url":"https:\/\/westcoasttriallawyers.com\/es","logo":{"@type":"ImageObject","inLanguage":"es","@id":"https:\/\/westcoasttriallawyers.com\/es#\/schema\/logo\/image\/","url":"https:\/\/westcoasttriallawyers.com\/wp-content\/uploads\/2026\/02\/WCTL-Logo.jpg","contentUrl":"https:\/\/westcoasttriallawyers.com\/wp-content\/uploads\/2026\/02\/WCTL-Logo.jpg","width":696,"height":696,"caption":"West Coast Trial Lawyers"},"image":{"@id":"https:\/\/westcoasttriallawyers.com\/es#\/schema\/logo\/image\/"},"sameAs":["https:\/\/www.facebook.com\/westcoasttriallawyers\/","https:\/\/x.com\/WestCoastTrial","https:\/\/www.linkedin.com\/company\/west-coast-trial-lawyers\/","https:\/\/www.instagram.com\/westcoasttriallawyers\/","https:\/\/www.yelp.com\/biz\/west-coast-trial-lawyers-los-angeles-2","https:\/\/www.pinterest.com\/westcoasttrial\/","https:\/\/www.youtube.com\/westcoasttriallawyersla\/","https:\/\/www.tiktok.com\/westcoasttriallawyers"],"description":"West Coast Trial Lawyers is a top-rated personal injury law firm with a goal to provide expert legal representation to those in need. The law firm has offices across California, Nevada, Arizona, and Washington.","legalName":"West Coast Trial Lawyers"}]}},"_links":{"self":[{"href":"https:\/\/westcoasttriallawyers.com\/es\/wp-json\/wp\/v2\/pages\/12825","targetHints":{"allow":["GET"]}}],"collection":[{"href":"https:\/\/westcoasttriallawyers.com\/es\/wp-json\/wp\/v2\/pages"}],"about":[{"href":"https:\/\/westcoasttriallawyers.com\/es\/wp-json\/wp\/v2\/types\/page"}],"author":[{"embeddable":true,"href":"https:\/\/westcoasttriallawyers.com\/es\/wp-json\/wp\/v2\/users\/475"}],"replies":[{"embeddable":true,"href":"https:\/\/westcoasttriallawyers.com\/es\/wp-json\/wp\/v2\/comments?post=12825"}],"version-history":[{"count":3,"href":"https:\/\/westcoasttriallawyers.com\/es\/wp-json\/wp\/v2\/pages\/12825\/revisions"}],"predecessor-version":[{"id":47602,"href":"https:\/\/westcoasttriallawyers.com\/es\/wp-json\/wp\/v2\/pages\/12825\/revisions\/47602"}],"up":[{"embeddable":true,"href":"https:\/\/westcoasttriallawyers.com\/es\/wp-json\/wp\/v2\/pages\/47276"}],"wp:featuredmedia":[{"embeddable":true,"href":"https:\/\/westcoasttriallawyers.com\/es\/wp-json\/wp\/v2\/media\/45571"}],"wp:attachment":[{"href":"https:\/\/westcoasttriallawyers.com\/es\/wp-json\/wp\/v2\/media?parent=12825"}],"curies":[{"name":"wp","href":"https:\/\/api.w.org\/{rel}","templated":true}]}}