{"id":12818,"date":"2026-01-13T21:30:27","date_gmt":"2026-01-13T21:30:27","guid":{"rendered":"https:\/\/wctl1stg.wpengine.com\/?page_id=12818"},"modified":"2026-01-21T08:14:16","modified_gmt":"2026-01-21T08:14:16","slug":"abogado-de-lesiones-cerebrales-en-fresno","status":"publish","type":"page","link":"https:\/\/westcoasttriallawyers.com\/es\/california\/fresno\/abogado-de-lesiones-cerebrales-en-fresno","title":{"rendered":"Abogado de Lesiones Cerebrales en Fresno"},"content":{"rendered":"<h2><strong>\u00bfCu\u00e1les son algunas de Las Causas Comunes de Una Lesi\u00f3n Cerebral? \u00bfC\u00f3mo puede evitar que ocurra?<\/strong><\/h2>\n<p>Podr\u00eda decirse que el cerebro es el \u00f3rgano m\u00e1s importante del cuerpo. Ayuda a los humanos a funcionar con sus pensamientos, emociones y movimientos. Cualquier tipo de da\u00f1o que se produzca directamente en el cerebro podr\u00eda provocar cambios graves en el estilo de vida general de una persona. Los s\u00edntomas comunes de da\u00f1o cerebral incluyen, entre otros, dificultad para hablar, visi\u00f3n borrosa, par\u00e1lisis, sensibilidad a la luz o al sonido, convulsiones o p\u00e9rdida del conocimiento.\u00a0<\/p>\n<p>Las v\u00edctimas que sufran una lesi\u00f3n cerebral deber\u00e1n buscar atenci\u00f3n m\u00e9dica inmediata, ya que este tipo de da\u00f1o podr\u00eda poner en peligro la vida si no se trata adecuadamente. Obtener atenci\u00f3n m\u00e9dica para una lesi\u00f3n cerebral es bastante costoso, ya que se pueden necesitar m\u00faltiples tratamientos para mejorar o mejorar la condici\u00f3n del cerebro. Desafortunadamente, esto podr\u00eda convertirse en una carga financiera ya que los costos de la atenci\u00f3n m\u00e9dica son bastante elevados. Si su lesi\u00f3n cerebral fue causada por una parte negligente, puede tener derecho a presentar un reclamo por lesiones personales para obtener una compensaci\u00f3n recuperable, incluidas las facturas m\u00e9dicas.\u00a0<\/p>\n<p>En Los Abogados de la Costa Oeste, nuestros\u00a0<strong>abogados de lesiones cerebrales de Fresno<\/strong> tienen m\u00e1s de 60 a\u00f1os de experiencia legal colectiva en el manejo de casos de lesiones personales. Con nuestro historial de ganar m\u00e1s de $1 mil millones en acuerdos para nuestros clientes, estamos seguros de que obtendremos un buen resultado en su acuerdo.<\/p>\n<p>No dude en comunicarse con nuestro equipo legal las 24 horas, los 7 d\u00edas de la semana llamando al\u00a0<strong>213-927-3700<\/strong> o enviando un correo electr\u00f3nico\u00a0<a href=\"mailto:info@westcoasttriallawyers.com\"><strong>info@westcoasttriallawyers.com<\/strong><\/a> para programar una consulta gratuita y sin compromiso en nuestro\u00a0<strong>bufete de abogados de lesiones personales de Fresno.<\/strong><\/p>\n<p><strong>Causas Comunes de una Lesi\u00f3n Cerebral\u00a0<\/strong><\/p>\n<p>Un impacto fuerte en la cabeza puede provocar un da\u00f1o cerebral grave. Existen m\u00faltiples factores que pueden hacer que una persona sufra este tipo de lesiones, tales como:<\/p>\n<ul>\n<li>accidentes automovil\u00edsticos,<\/li>\n<li>violencia f\u00edsica,<\/li>\n<li>ca\u00eddas,<\/li>\n<li>disparos o<\/li>\n<li>explosiones de bombas por ataques militares.<\/li>\n<\/ul>\n<p>Las enfermedades tambi\u00e9n pueden tener la capacidad de causar da\u00f1o cerebral. Seg\u00fan la\u00a0<a href=\"https:\/\/www.americanbrainfoundation.org\/diseases\/\"><strong>American Brain Foundation<\/strong><\/a>, 1 de cada 6 personas en todo el mundo se ve afectada por una enfermedad cerebral, que incluye Alzheimer, esclerosis m\u00faltiple, epilepsia, tumor cerebral y m\u00e1s. Cada condici\u00f3n podr\u00eda tener un impacto diferente en el cerebro. Algunos pueden hacer que su cerebro, tejidos y nervios empeoran progresivamente con el tiempo, mientras que otros pueden causar un cambio de personalidad y dejarlo confundido.\u00a0<\/p>\n<p>Tambi\u00e9n es probable que el abuso de drogas da\u00f1a el cerebro. A medida que las personas consumen drogas para obtener alg\u00fan tipo de sensaci\u00f3n, es probable que las drogas comiencen a manipular el cerebro al distorsionar la forma en que las neuronas env\u00edan, aceptan y procesan las se\u00f1ales. Tambi\u00e9n podr\u00edan hacer que las neuronas liberen una cantidad significativa de neurotransmisores naturales o detengan el reciclaje normal de estos qu\u00edmicos cerebrales al interferir con los transportadores. Esto interrumpir\u00e1 la comunicaci\u00f3n entre las neuronas.<\/p>\n<p><strong>C\u00f3mo Prevenir una Lesi\u00f3n Cerebral<\/strong><\/p>\n<p>Hay varios cursos de acci\u00f3n que puede tomar para disminuir la probabilidad de sufrir una lesi\u00f3n cerebral. Esto incluye lo siguiente:<\/p>\n<ul>\n<li><strong>No consumir drogas ilegales.\u00a0<\/strong>Los efectos de las drogas pueden hacer que te sientas inconsciente de tu entorno, lo que puede influir en que realices ciertas acciones que podr\u00edan lesionarte.<\/li>\n<li><strong>No beba alcohol sin moderaci\u00f3n.\u00a0<\/strong>Es peligroso beber y conducir. La intoxicaci\u00f3n y la visi\u00f3n borrosa no son una buena combinaci\u00f3n, especialmente si conduces.<\/li>\n<li><strong>Use su cintur\u00f3n de seguridad cuando est\u00e9 en un veh\u00edculo.\u00a0<\/strong>Esto reducir\u00e1 las posibilidades de sufrir lesiones graves o fatales en un 50 por ciento.<\/li>\n<li><strong>No env\u00ede mensajes de texto mientras conduce<\/strong>. Permitir que las distracciones afecten sus habilidades de conducci\u00f3n podr\u00eda causar un accidente grave. Coloque su tel\u00e9fono a un lado y conc\u00e9ntrese en la carretera. Una vez que haya llegado a su destino y haya estacionado su veh\u00edculo, ser\u00e1 lo suficientemente seguro para que revise su tel\u00e9fono en busca de notificaciones.<\/li>\n<li><strong>Use cascos para actividades deportivas<\/strong>. Esto ayudar\u00e1 a proteger su cabeza de sufrir lesiones de moderadas a graves cuando realice actividades que puedan implicar un fuerte impacto en la cabeza.<\/li>\n<li><strong>Instale equipo de prevenci\u00f3n de ca\u00eddas en casa.\u00a0<\/strong>Tenga en cuenta los consejos que se enumeran a continuaci\u00f3n para hacer de su hogar un entorno antideslizante para usted, su familia y sus invitados.\n<ul>\n<li>Instale protectores de ventanas para evitar que ocurran ca\u00eddas cuando las ventanas se dejan abiertas.<\/li>\n<li>Instale puertas de seguridad en la parte superior e inferior de las escaleras si tiene un ni\u00f1o peque\u00f1o.<\/li>\n<li>Coloque tapetes al lado de la ducha o la ba\u00f1era. Todas las gotas de agua ser\u00e1n absorbidas por la alfombrilla, lo que reducir\u00e1 la probabilidad de que te resbales y caigas sobre una superficie mojada.<\/li>\n<\/ul>\n<\/li>\n<\/ul>\n<p><strong>Liquidaci\u00f3n por Lesi\u00f3n Cerebral<\/strong><\/p>\n<p>Los costes de la liquidaci\u00f3n variar\u00e1n mucho, porque las lesiones cerebrales en s\u00ed mismas pueden presentar una variedad de s\u00edntomas, desde leves hasta graves<i>.\u00a0<\/i>En t\u00e9rminos generales, los da\u00f1os compensatorios se pueden dividir en cualquiera de las dos categor\u00edas siguientes, que son da\u00f1os econ\u00f3micos y da\u00f1os no econ\u00f3micos.<\/p>\n<p><strong>Los da\u00f1os econ\u00f3micos\u00a0<\/strong>est\u00e1n destinados a compensar al demandante por las p\u00e9rdidas a las que se puede adjuntar f\u00e1cilmente una cantidad en d\u00f3lares. Se calcula determinando la cantidad de p\u00e9rdidas de bolsillo que una persona agraviada tiene o esperar\u00e1 incurrir como resultado de sus lesiones. Algunos ejemplos de p\u00e9rdidas econ\u00f3micas incluyen la p\u00e9rdida de la capacidad de generar ingresos, las facturas m\u00e9dicas y la p\u00e9rdida de salarios.<\/p>\n<p><strong>Los da\u00f1os no econ\u00f3micos\u00a0<\/strong>est\u00e1n destinados esencialmente a cubrir p\u00e9rdidas que se consideran subjetivas y no necesariamente cubrir\u00e1n p\u00e9rdidas de bolsillo. Esto puede incluir compensaci\u00f3n por angustia emocional, dolor y sufrimiento, y p\u00e9rdida del disfrute de la vida.<\/p>\n<h2><strong>Ejemplos de Acuerdos por Lesiones Cerebrales<\/strong><\/h2>\n<ul>\n<li>$26 millones fueron recuperados por un hombre en Florida que sufri\u00f3 da\u00f1o cerebral permanente despu\u00e9s de ser atropellado por un cami\u00f3n comercial.<\/li>\n<li>Una mujer que sufri\u00f3 una lesi\u00f3n cerebral traum\u00e1tica despu\u00e9s de que una llanta defectuosa fall\u00f3 en su motocicleta recuper\u00f3 $14 millones.<\/li>\n<li>Una mujer que result\u00f3 herida en un accidente automovil\u00edstico recuper\u00f3 $7.5 millones, estuvo en coma durante 3 semanas y luego requiri\u00f3 2 meses de rehabilitaci\u00f3n.<\/li>\n<li>$3.2 millones fueron recuperados por un camionero en Virginia que sufri\u00f3 una lesi\u00f3n cerebral traum\u00e1tica mientras trabajaba.<\/li>\n<\/ul>\n<p><strong>Los Abogados de la Costa Oeste est\u00e1n Aqu\u00ed para Ayudarlo<\/strong><\/p>\n<p>Si ha sufrido una lesi\u00f3n cerebral como resultado de la negligencia o los actos deliberados de malicia de alguien, tiene derecho a responsabilizar a la parte culpable por sus p\u00e9rdidas. Un abogado de lesiones cerebrales de Fresno en\u00a0<a href=\"\/\"><strong>Los Abogados de la Coste Oeste<\/strong><\/a><strong>\u00a0<\/strong>le ayudar\u00e1 a recuperar una compensaci\u00f3n por sus p\u00e9rdidas.<\/p>\n<p>Para programar una consulta gratuita en nuestro bufete de abogados de lesiones personales de Fresno, comun\u00edquese con nuestro equipo legal las 24 horas, los 7 d\u00edas de la semana llamando al\u00a0<strong>213-927-3700<\/strong> o enviando un correo electr\u00f3nico\u00a0<a href=\"mailto:info@westcoasttriallawyers.com\">a\u00a0<strong>info@westcoasttriallawyers.com<\/strong><\/a>.<\/p>\n<p><!-- WCTL_DEBUG: no shortcode in this_content --><\/p>\n","protected":false},"excerpt":{"rendered":"<p>\u00bfCu\u00e1les son algunas de Las Causas Comunes de Una Lesi\u00f3n Cerebral? \u00bfC\u00f3mo puede evitar que ocurra? Podr\u00eda decirse que el cerebro es el \u00f3rgano m\u00e1s importante del cuerpo. Ayuda a los humanos a funcionar con sus pensamientos, emociones y movimientos. Cualquier tipo de da\u00f1o que se produzca directamente en el cerebro podr\u00eda provocar cambios graves [&hellip;]<\/p>\n","protected":false},"author":475,"featured_media":45531,"parent":47276,"menu_order":0,"comment_status":"closed","ping_status":"closed","template":"","meta":{"inline_featured_image":false,"footnotes":""},"class_list":["post-12818","page","type-page","status-publish","has-post-thumbnail","hentry"],"acf":[],"yoast_head":"<!-- This site is optimized with the Yoast SEO Premium plugin v26.0 (Yoast SEO v26.0) - https:\/\/yoast.com\/wordpress\/plugins\/seo\/ -->\n<title>Abogado de Lesiones Cerebrales en Fresno | West Coast Trial Lawyers<\/title>\n<meta name=\"robots\" content=\"index, follow, max-snippet:-1, max-image-preview:large, max-video-preview:-1\" \/>\n<link rel=\"canonical\" href=\"https:\/\/westcoasttriallawyers.com\/es\/california\/fresno\/abogado-de-lesiones-cerebrales-en-fresno\" \/>\n<meta property=\"og:locale\" content=\"es_ES\" \/>\n<meta property=\"og:type\" content=\"article\" \/>\n<meta property=\"og:title\" content=\"Abogado de Lesiones Cerebrales en Fresno\" \/>\n<meta property=\"og:description\" content=\"\u00bfCu\u00e1les son algunas de Las Causas Comunes de Una Lesi\u00f3n Cerebral? \u00bfC\u00f3mo puede evitar que ocurra? Podr\u00eda decirse que el cerebro es el \u00f3rgano m\u00e1s importante del cuerpo. Ayuda a los humanos a funcionar con sus pensamientos, emociones y movimientos. Cualquier tipo de da\u00f1o que se produzca directamente en el cerebro podr\u00eda provocar cambios graves [&hellip;]\" \/>\n<meta property=\"og:url\" content=\"https:\/\/westcoasttriallawyers.com\/es\/california\/fresno\/abogado-de-lesiones-cerebrales-en-fresno\" \/>\n<meta property=\"og:site_name\" content=\"West Coast Trial Lawyers\" \/>\n<meta property=\"article:publisher\" content=\"https:\/\/www.facebook.com\/westcoasttriallawyers\/\" \/>\n<meta property=\"article:modified_time\" content=\"2026-01-21T08:14:16+00:00\" \/>\n<meta property=\"og:image\" content=\"https:\/\/westcoasttriallawyers.com\/wp-content\/uploads\/2025\/07\/Fresno-3.webp\" \/>\n\t<meta property=\"og:image:width\" content=\"557\" \/>\n\t<meta property=\"og:image:height\" content=\"327\" \/>\n\t<meta property=\"og:image:type\" content=\"image\/webp\" \/>\n<meta name=\"twitter:card\" content=\"summary_large_image\" \/>\n<meta name=\"twitter:site\" content=\"@WestCoastTrial\" \/>\n<meta name=\"twitter:label1\" content=\"Tiempo de lectura\" \/>\n\t<meta name=\"twitter:data1\" content=\"9 minutos\" \/>\n<script type=\"application\/ld+json\" class=\"yoast-schema-graph\">{\"@context\":\"https:\/\/schema.org\",\"@graph\":[{\"@type\":[\"WebPage\",\"ItemPage\"],\"@id\":\"https:\/\/westcoasttriallawyers.com\/es\/california\/fresno\/abogado-de-lesiones-cerebrales-en-fresno\",\"url\":\"https:\/\/westcoasttriallawyers.com\/es\/california\/fresno\/abogado-de-lesiones-cerebrales-en-fresno\",\"name\":\"Abogado de Lesiones Cerebrales en Fresno | West Coast Trial Lawyers\",\"isPartOf\":{\"@id\":\"https:\/\/westcoasttriallawyers.com\/es#website\"},\"primaryImageOfPage\":{\"@id\":\"https:\/\/westcoasttriallawyers.com\/es\/california\/fresno\/abogado-de-lesiones-cerebrales-en-fresno#primaryimage\"},\"image\":{\"@id\":\"https:\/\/westcoasttriallawyers.com\/es\/california\/fresno\/abogado-de-lesiones-cerebrales-en-fresno#primaryimage\"},\"thumbnailUrl\":\"https:\/\/westcoasttriallawyers.com\/wp-content\/uploads\/2025\/07\/Fresno-3.webp\",\"datePublished\":\"2026-01-13T21:30:27+00:00\",\"dateModified\":\"2026-01-21T08:14:16+00:00\",\"breadcrumb\":{\"@id\":\"https:\/\/westcoasttriallawyers.com\/es\/california\/fresno\/abogado-de-lesiones-cerebrales-en-fresno#breadcrumb\"},\"inLanguage\":\"es\",\"potentialAction\":[{\"@type\":\"ReadAction\",\"target\":[\"https:\/\/westcoasttriallawyers.com\/es\/california\/fresno\/abogado-de-lesiones-cerebrales-en-fresno\"]}]},{\"@type\":\"ImageObject\",\"inLanguage\":\"es\",\"@id\":\"https:\/\/westcoasttriallawyers.com\/es\/california\/fresno\/abogado-de-lesiones-cerebrales-en-fresno#primaryimage\",\"url\":\"https:\/\/westcoasttriallawyers.com\/wp-content\/uploads\/2025\/07\/Fresno-3.webp\",\"contentUrl\":\"https:\/\/westcoasttriallawyers.com\/wp-content\/uploads\/2025\/07\/Fresno-3.webp\",\"width\":557,\"height\":327},{\"@type\":\"BreadcrumbList\",\"@id\":\"https:\/\/westcoasttriallawyers.com\/es\/california\/fresno\/abogado-de-lesiones-cerebrales-en-fresno#breadcrumb\",\"itemListElement\":[{\"@type\":\"ListItem\",\"position\":1,\"name\":\"Inicio\",\"item\":\"https:\/\/westcoasttriallawyers.com\/es\"},{\"@type\":\"ListItem\",\"position\":2,\"name\":\"California\",\"item\":\"https:\/\/westcoasttriallawyers.com\/es\/california\"},{\"@type\":\"ListItem\",\"position\":3,\"name\":\"Fresno\",\"item\":\"https:\/\/westcoasttriallawyers.com\/es\/california\/fresno\"},{\"@type\":\"ListItem\",\"position\":4,\"name\":\"Abogado de Lesiones Cerebrales en Fresno\"}]},{\"@type\":\"WebSite\",\"@id\":\"https:\/\/westcoasttriallawyers.com\/es#website\",\"url\":\"https:\/\/westcoasttriallawyers.com\/es\",\"name\":\"West Coast Trial Lawyers\",\"description\":\"West Coast Trial Lawyers\",\"publisher\":{\"@id\":\"https:\/\/westcoasttriallawyers.com\/es#organization\"},\"alternateName\":\"WCTL\",\"potentialAction\":[{\"@type\":\"SearchAction\",\"target\":{\"@type\":\"EntryPoint\",\"urlTemplate\":\"https:\/\/westcoasttriallawyers.com\/es?s={search_term_string}\"},\"query-input\":{\"@type\":\"PropertyValueSpecification\",\"valueRequired\":true,\"valueName\":\"search_term_string\"}}],\"inLanguage\":\"es\"},{\"@type\":\"Organization\",\"@id\":\"https:\/\/westcoasttriallawyers.com\/es#organization\",\"name\":\"West Coast Trial Lawyers\",\"alternateName\":\"WCTL\",\"url\":\"https:\/\/westcoasttriallawyers.com\/es\",\"logo\":{\"@type\":\"ImageObject\",\"inLanguage\":\"es\",\"@id\":\"https:\/\/westcoasttriallawyers.com\/es#\/schema\/logo\/image\/\",\"url\":\"https:\/\/westcoasttriallawyers.com\/wp-content\/uploads\/2026\/02\/WCTL-Logo.jpg\",\"contentUrl\":\"https:\/\/westcoasttriallawyers.com\/wp-content\/uploads\/2026\/02\/WCTL-Logo.jpg\",\"width\":696,\"height\":696,\"caption\":\"West Coast Trial Lawyers\"},\"image\":{\"@id\":\"https:\/\/westcoasttriallawyers.com\/es#\/schema\/logo\/image\/\"},\"sameAs\":[\"https:\/\/www.facebook.com\/westcoasttriallawyers\/\",\"https:\/\/x.com\/WestCoastTrial\",\"https:\/\/www.linkedin.com\/company\/west-coast-trial-lawyers\/\",\"https:\/\/www.instagram.com\/westcoasttriallawyers\/\",\"https:\/\/www.yelp.com\/biz\/west-coast-trial-lawyers-los-angeles-2\",\"https:\/\/www.pinterest.com\/westcoasttrial\/\",\"https:\/\/www.youtube.com\/westcoasttriallawyersla\/\",\"https:\/\/www.tiktok.com\/westcoasttriallawyers\"],\"description\":\"West Coast Trial Lawyers is a top-rated personal injury law firm with a goal to provide expert legal representation to those in need. The law firm has offices across California, Nevada, Arizona, and Washington.\",\"legalName\":\"West Coast Trial Lawyers\"}]}<\/script>\n<!-- \/ Yoast SEO Premium plugin. -->","yoast_head_json":{"title":"Abogado de Lesiones Cerebrales en Fresno | West Coast Trial Lawyers","robots":{"index":"index","follow":"follow","max-snippet":"max-snippet:-1","max-image-preview":"max-image-preview:large","max-video-preview":"max-video-preview:-1"},"canonical":"https:\/\/westcoasttriallawyers.com\/es\/california\/fresno\/abogado-de-lesiones-cerebrales-en-fresno","og_locale":"es_ES","og_type":"article","og_title":"Abogado de Lesiones Cerebrales en Fresno","og_description":"\u00bfCu\u00e1les son algunas de Las Causas Comunes de Una Lesi\u00f3n Cerebral? \u00bfC\u00f3mo puede evitar que ocurra? Podr\u00eda decirse que el cerebro es el \u00f3rgano m\u00e1s importante del cuerpo. Ayuda a los humanos a funcionar con sus pensamientos, emociones y movimientos. Cualquier tipo de da\u00f1o que se produzca directamente en el cerebro podr\u00eda provocar cambios graves [&hellip;]","og_url":"https:\/\/westcoasttriallawyers.com\/es\/california\/fresno\/abogado-de-lesiones-cerebrales-en-fresno","og_site_name":"West Coast Trial Lawyers","article_publisher":"https:\/\/www.facebook.com\/westcoasttriallawyers\/","article_modified_time":"2026-01-21T08:14:16+00:00","og_image":[{"width":557,"height":327,"url":"https:\/\/westcoasttriallawyers.com\/wp-content\/uploads\/2025\/07\/Fresno-3.webp","type":"image\/webp"}],"twitter_card":"summary_large_image","twitter_site":"@WestCoastTrial","twitter_misc":{"Tiempo de lectura":"9 minutos"},"schema":{"@context":"https:\/\/schema.org","@graph":[{"@type":["WebPage","ItemPage"],"@id":"https:\/\/westcoasttriallawyers.com\/es\/california\/fresno\/abogado-de-lesiones-cerebrales-en-fresno","url":"https:\/\/westcoasttriallawyers.com\/es\/california\/fresno\/abogado-de-lesiones-cerebrales-en-fresno","name":"Abogado de Lesiones Cerebrales en Fresno | West Coast Trial Lawyers","isPartOf":{"@id":"https:\/\/westcoasttriallawyers.com\/es#website"},"primaryImageOfPage":{"@id":"https:\/\/westcoasttriallawyers.com\/es\/california\/fresno\/abogado-de-lesiones-cerebrales-en-fresno#primaryimage"},"image":{"@id":"https:\/\/westcoasttriallawyers.com\/es\/california\/fresno\/abogado-de-lesiones-cerebrales-en-fresno#primaryimage"},"thumbnailUrl":"https:\/\/westcoasttriallawyers.com\/wp-content\/uploads\/2025\/07\/Fresno-3.webp","datePublished":"2026-01-13T21:30:27+00:00","dateModified":"2026-01-21T08:14:16+00:00","breadcrumb":{"@id":"https:\/\/westcoasttriallawyers.com\/es\/california\/fresno\/abogado-de-lesiones-cerebrales-en-fresno#breadcrumb"},"inLanguage":"es","potentialAction":[{"@type":"ReadAction","target":["https:\/\/westcoasttriallawyers.com\/es\/california\/fresno\/abogado-de-lesiones-cerebrales-en-fresno"]}]},{"@type":"ImageObject","inLanguage":"es","@id":"https:\/\/westcoasttriallawyers.com\/es\/california\/fresno\/abogado-de-lesiones-cerebrales-en-fresno#primaryimage","url":"https:\/\/westcoasttriallawyers.com\/wp-content\/uploads\/2025\/07\/Fresno-3.webp","contentUrl":"https:\/\/westcoasttriallawyers.com\/wp-content\/uploads\/2025\/07\/Fresno-3.webp","width":557,"height":327},{"@type":"BreadcrumbList","@id":"https:\/\/westcoasttriallawyers.com\/es\/california\/fresno\/abogado-de-lesiones-cerebrales-en-fresno#breadcrumb","itemListElement":[{"@type":"ListItem","position":1,"name":"Inicio","item":"https:\/\/westcoasttriallawyers.com\/es"},{"@type":"ListItem","position":2,"name":"California","item":"https:\/\/westcoasttriallawyers.com\/es\/california"},{"@type":"ListItem","position":3,"name":"Fresno","item":"https:\/\/westcoasttriallawyers.com\/es\/california\/fresno"},{"@type":"ListItem","position":4,"name":"Abogado de Lesiones Cerebrales en Fresno"}]},{"@type":"WebSite","@id":"https:\/\/westcoasttriallawyers.com\/es#website","url":"https:\/\/westcoasttriallawyers.com\/es","name":"West Coast Trial Lawyers","description":"West Coast Trial Lawyers","publisher":{"@id":"https:\/\/westcoasttriallawyers.com\/es#organization"},"alternateName":"WCTL","potentialAction":[{"@type":"SearchAction","target":{"@type":"EntryPoint","urlTemplate":"https:\/\/westcoasttriallawyers.com\/es?s={search_term_string}"},"query-input":{"@type":"PropertyValueSpecification","valueRequired":true,"valueName":"search_term_string"}}],"inLanguage":"es"},{"@type":"Organization","@id":"https:\/\/westcoasttriallawyers.com\/es#organization","name":"West Coast Trial Lawyers","alternateName":"WCTL","url":"https:\/\/westcoasttriallawyers.com\/es","logo":{"@type":"ImageObject","inLanguage":"es","@id":"https:\/\/westcoasttriallawyers.com\/es#\/schema\/logo\/image\/","url":"https:\/\/westcoasttriallawyers.com\/wp-content\/uploads\/2026\/02\/WCTL-Logo.jpg","contentUrl":"https:\/\/westcoasttriallawyers.com\/wp-content\/uploads\/2026\/02\/WCTL-Logo.jpg","width":696,"height":696,"caption":"West Coast Trial Lawyers"},"image":{"@id":"https:\/\/westcoasttriallawyers.com\/es#\/schema\/logo\/image\/"},"sameAs":["https:\/\/www.facebook.com\/westcoasttriallawyers\/","https:\/\/x.com\/WestCoastTrial","https:\/\/www.linkedin.com\/company\/west-coast-trial-lawyers\/","https:\/\/www.instagram.com\/westcoasttriallawyers\/","https:\/\/www.yelp.com\/biz\/west-coast-trial-lawyers-los-angeles-2","https:\/\/www.pinterest.com\/westcoasttrial\/","https:\/\/www.youtube.com\/westcoasttriallawyersla\/","https:\/\/www.tiktok.com\/westcoasttriallawyers"],"description":"West Coast Trial Lawyers is a top-rated personal injury law firm with a goal to provide expert legal representation to those in need. The law firm has offices across California, Nevada, Arizona, and Washington.","legalName":"West Coast Trial Lawyers"}]}},"_links":{"self":[{"href":"https:\/\/westcoasttriallawyers.com\/es\/wp-json\/wp\/v2\/pages\/12818","targetHints":{"allow":["GET"]}}],"collection":[{"href":"https:\/\/westcoasttriallawyers.com\/es\/wp-json\/wp\/v2\/pages"}],"about":[{"href":"https:\/\/westcoasttriallawyers.com\/es\/wp-json\/wp\/v2\/types\/page"}],"author":[{"embeddable":true,"href":"https:\/\/westcoasttriallawyers.com\/es\/wp-json\/wp\/v2\/users\/475"}],"replies":[{"embeddable":true,"href":"https:\/\/westcoasttriallawyers.com\/es\/wp-json\/wp\/v2\/comments?post=12818"}],"version-history":[{"count":3,"href":"https:\/\/westcoasttriallawyers.com\/es\/wp-json\/wp\/v2\/pages\/12818\/revisions"}],"predecessor-version":[{"id":47577,"href":"https:\/\/westcoasttriallawyers.com\/es\/wp-json\/wp\/v2\/pages\/12818\/revisions\/47577"}],"up":[{"embeddable":true,"href":"https:\/\/westcoasttriallawyers.com\/es\/wp-json\/wp\/v2\/pages\/47276"}],"wp:featuredmedia":[{"embeddable":true,"href":"https:\/\/westcoasttriallawyers.com\/es\/wp-json\/wp\/v2\/media\/45531"}],"wp:attachment":[{"href":"https:\/\/westcoasttriallawyers.com\/es\/wp-json\/wp\/v2\/media?parent=12818"}],"curies":[{"name":"wp","href":"https:\/\/api.w.org\/{rel}","templated":true}]}}