{"id":12817,"date":"2026-01-13T21:30:41","date_gmt":"2026-01-13T21:30:41","guid":{"rendered":"https:\/\/wctl1stg.wpengine.com\/?page_id=12817"},"modified":"2026-01-21T08:53:39","modified_gmt":"2026-01-21T08:53:39","slug":"abogado-de-accidentes-de-uber-y-lyft-en-fresno","status":"publish","type":"page","link":"https:\/\/westcoasttriallawyers.com\/es\/california\/fresno\/abogado-de-accidentes-de-uber-y-lyft-en-fresno","title":{"rendered":"Abogado de Accidentes de Uber y Lyft en Fresno"},"content":{"rendered":"<h2><strong>Nuestros Abogados Expertos en Accidentes de Uber y Lyft en Fresno Analizar\u00e1n los Pasos Importantes que un Conductor o Pasajero de Viaje Compartido debe Considerar Despu\u00e9s de un Accidente<\/strong><\/h2>\n<p>Servicios de viaje compartido, como Uber y Lyft , ofrecen transporte conveniente y econ\u00f3mico. Estos servicios permiten a las personas viajar sin tener el estr\u00e9s y la molestia de hacerlo ellos mismos. La mayor\u00eda de los pasajeros de viajes compartidos suelen ser personas que necesitan un viaje para ir al trabajo o planean salir por la noche.<\/p>\n<p>Durante estos viajes, las aplicaciones de Uber y Lyft proporcionar\u00e1n al conductor y al pasajero un marco de tiempo estimado de cu\u00e1ndo ocurrir\u00e1 una recogida o entrega. Esto podr\u00eda ser algo bueno o malo. Ofrecer un marco de tiempo estimado podr\u00eda permitir al pasajero programar su d\u00eda en consecuencia. Sin embargo, para un conductor de viaje compartido, est\u00e1 obligado a cumplir con la fecha l\u00edmite para recibir una buena revisi\u00f3n. Aquellos que no cumplan con estas limitaciones de tiempo pueden terminar con una mala revisi\u00f3n, lo que podr\u00eda ser perjudicial para su trabajo. Esta es particularmente la raz\u00f3n por la cual los conductores de viajes compartidos pueden verse influenciados por la velocidad. No obstante, podr\u00edan estar poni\u00e9ndose a s\u00ed mismos y a los pasajeros en el veh\u00edculo en peligro de sufrir un accidente.<\/p>\n<p>Si estuvo involucrado en un accidente de Uber o Lyft debido a la negligencia causada por otra parte, puede tener derecho a presentar una demanda por lesiones personales en su contra. En Los Abogados de la Costa Oeste, nuestros abogados con experiencia\u00a0<strong>en accidentes de Fresno Uber o Lyft<\/strong> est\u00e1n disponibles las 24 horas del d\u00eda, los 7 d\u00edas de la semana para ofrecer asistencia legal. Con nuestro historial de recuperaci\u00f3n de m\u00e1s de $1 mil millones en acuerdos para nuestros clientes, estamos seguros de que obtendremos un buen resultado para su caso.<\/p>\n<p>No dude en comunicarse con nosotros llamando al\u00a0<strong>213-927-3700\u00a0<\/strong>o enviando un correo electr\u00f3nico\u00a0<a href=\"mailto:info@westcoasttriallawyers.com\">a\u00a0<strong>info@westcoasttriallawyers.com<\/strong><\/a><strong>\u00a0<\/strong>para programar una consulta gratuita y sin compromiso en nuestro\u00a0<strong>bufete de abogados de lesiones personales de Fresno.<\/strong><\/p>\n<p><strong>Qu\u00e9 hacer si lo Atropell\u00f3 un Conductor de Viaje Compartido<\/strong><\/p>\n<p>Los accidentes pueden ocurrir cuando menos lo espera. Podr\u00edas estar manejando con seguridad y siguiendo las reglas de tr\u00e1nsito, sin embargo, otros conductores pueden cometer acciones imprudentes que, lamentablemente, pueden afectar. Seg\u00fan los informes de seguridad publicados por\u00a0<a href=\"https:\/\/www.uber.com\/us\/en\/about\/reports\/u213-927-3700safet213-927-3700report\/\"><strong>Uber<\/strong><\/a> y\u00a0<a href=\"https:\/\/assets.ctfassets.net\/q8mvene1wzq4\/4jxkFTH5YCQK8T96STULMd\/4269e14dbcb8578ff64da45df08b8147\/Community_Safety_Report.pdf\"><strong>Lyft,<\/strong><\/a> los conductores de viajes compartidos de ambas compa\u00f1\u00edas tuvieron un accidente automovil\u00edstico. Las v\u00edctimas que han estado involucradas en un accidente con un conductor de viaje compartido deben considerar seguir los pasos que se enumeran a continuaci\u00f3n para aumentar la probabilidad de obtener una compensaci\u00f3n justa.<\/p>\n<ul>\n<li><strong>Comprueba a los dem\u00e1s.\u00a0<\/strong>Si puede, verifique a las otras partes involucradas en el accidente.<\/li>\n<li><strong>Llame al 911.\u00a0<\/strong>Si nota lesiones o da\u00f1os, comun\u00edquese con la polic\u00eda de inmediato. Llegar\u00e1n al lugar del accidente y realizar\u00e1n un informe policial oficial. Los param\u00e9dicos tambi\u00e9n pueden estar presentes para brindar atenci\u00f3n m\u00e9dica a quienes la necesiten.<\/li>\n<li><strong>Intercambiar informaci\u00f3n de contacto y de seguros.\u00a0<\/strong>\u00a0Habla con el conductor del viaje compartido. Aseg\u00farese de obtener su n\u00famero de matr\u00edcula, informaci\u00f3n de contacto, informaci\u00f3n del seguro y licencia de conducir.<\/li>\n<li><strong>Adquirir informaci\u00f3n de testigos.\u00a0<\/strong>Si nota alg\u00fan testigo alrededor, debe pedir su consentimiento para adquirir su informaci\u00f3n de contacto. Los testimonios de los testigos pueden respaldar en gran medida su afirmaci\u00f3n.<\/li>\n<li><strong>Reunir evidencias.\u00a0<\/strong>Tome fotograf\u00edas o videos de las lesiones, los da\u00f1os y el lugar donde ocurri\u00f3 el accidente. Tambi\u00e9n debe documentar lo que sucedi\u00f3, antes, durante y despu\u00e9s del impacto. No olvides incluir la fecha y hora en que se realiz\u00f3 el evento.<\/li>\n<li><strong>Ten cuidado con lo que dices.\u00a0<\/strong>No hable con ning\u00fan ajustador y no se comunique con Uber o Lyft. Cualquier informaci\u00f3n que discuta con otra parte, como la compa\u00f1\u00eda de seguros o de viajes compartidos, puede usarse en su contra.<\/li>\n<li><strong>Comun\u00edquese con un abogado con experiencia en accidentes de Uber o Lyft.\u00a0 <\/strong>No permita que Uber, Lyft o cualquier compa\u00f1\u00eda de seguros maneje su reclamo. A menudo intentar\u00e1n que te conformes con menos de lo que mereces. En su lugar, p\u00f3ngase en contacto con un abogado de accidentes de Fresno Uber o Lyft. Ayudar\u00e1n a fortalecer su reclamo y negociar\u00e1n con las compa\u00f1\u00edas de seguros para obtener la compensaci\u00f3n que merecen.<\/li>\n<\/ul>\n<h2><strong>Lo que Debe hacer un Conductor de Uber o Lyft Despu\u00e9s de un Accidente<\/strong><\/h2>\n<p>Si estuvo involucrado en un accidente mientras realizaba tareas relacionadas con el viaje compartido, puede tener derecho a presentar un reclamo por lesiones personales contra la parte culpable. Recomendamos encarecidamente a los conductores de viajes compartidos que sigan los pasos que se enumeran a continuaci\u00f3n para tener una mayor probabilidad de adquirir un monto de liquidaci\u00f3n justo.<\/p>\n<ul>\n<li><strong>P\u00f3ngase en contacto con la polic\u00eda.\u00a0<\/strong>Si observa lesiones o da\u00f1os, debe comunicarse con la polic\u00eda de inmediato. Llegar\u00e1n al lugar del accidente y crear\u00e1n un informe policial oficial.<\/li>\n<li><strong>Busque atenci\u00f3n m\u00e9dica.<\/strong>\u00a0Los param\u00e9dicos estar\u00e1n presentes durante la escena del accidente. Si ha sufrido alguna lesi\u00f3n por el accidente, debe pedirle a los param\u00e9dicos que examinen su \u00e1rea herida. Si cree que no necesita atenci\u00f3n m\u00e9dica inmediata, a\u00fan debe programar una cita para visitar a un m\u00e9dico que examinar\u00e1 el \u00e1rea herida. Las visitas al m\u00e9dico o al hospital se guardar\u00e1n en el archivo y se pueden usar como evidencia para demostrar que sufri\u00f3 lesiones despu\u00e9s del accidente.<\/li>\n<li><strong>Intercambiar informaci\u00f3n.\u00a0<\/strong>Aseg\u00farese de intercambiar la informaci\u00f3n de contacto, la informaci\u00f3n del seguro, los detalles de la licencia de conducir y los n\u00fameros de placa de cada uno.<\/li>\n<li><strong>Obtener informaci\u00f3n de testigos.<\/strong>\u00a0Si observa alg\u00fan testigo cerca, debe obtener su consentimiento para adquirir su informaci\u00f3n de contacto. Como se mencion\u00f3 anteriormente, los testimonios de los testigos pueden respaldar en gran medida su reclamo.<\/li>\n<li><strong>Reunir evidencias.<\/strong>\u00a0Debe tomar fotograf\u00edas o videos de sus lesiones, da\u00f1os y la ubicaci\u00f3n donde ocurri\u00f3 el accidente. Aseg\u00farese de solicitar tambi\u00e9n una copia del informe policial oficial.<\/li>\n<li><strong>Comun\u00edquese con un abogado de accidentes de Uber o Lyft.\u00a0<\/strong>Un abogado de accidentes de Uber o Lyft lo guiar\u00e1 a trav\u00e9s del proceso de presentaci\u00f3n de un reclamo y le otorgar\u00e1 la compensaci\u00f3n que se merece.<\/li>\n<\/ul>\n<p><strong>P\u00f3lizas de seguro de Uber y Lyft<\/strong><\/p>\n<p>En el caso de un viaje compartido\u00a0accidente,\u00a0<a href=\"https:\/\/www.uber.com\/us\/en\/drive\/insurance\/\"><strong>lyft<\/strong><\/a> y\u00a0<a href=\"https:\/\/help.lyft.com\/hc\/e\/articles\/115013080548\"><strong>uber<\/strong><\/a><strong>\u00a0<\/strong>ofrecer\u00e1 la cobertura del conductor de viaje compartido, dependiendo de si iniciaron sesi\u00f3n o no en la aplicaci\u00f3n durante el momento del impacto.<\/p>\n<ul>\n<li><strong>Sin conexi\u00f3n:\u00a0<\/strong>el conductor no ha iniciado sesi\u00f3n en la aplicaci\u00f3n de viaje compartido. Si est\u00e1n involucrados en un accidente durante este tiempo, entonces tendr\u00e1n que depender de su propio seguro personal.<\/li>\n<li><strong>En l\u00ednea y esperando una solicitud:<\/strong> el conductor sufre un accidente mientras est\u00e1 en l\u00ednea y esperando una solicitud. En este tipo de circunstancias, Uber y Lyft ofrecer\u00e1n responsabilidad a terceros si su seguro no se aplica.\n<ul>\n<li>$50,000 por lesi\u00f3n corporal por persona<\/li>\n<li>$100,000 por incidente<\/li>\n<li>$25,000 por da\u00f1os a la propiedad<\/li>\n<\/ul>\n<\/li>\n<li><strong>En l\u00ednea y aceptando una solicitud:<\/strong> el conductor est\u00e1 involucrado en una colisi\u00f3n despu\u00e9s de aceptar una solicitud o mientras se encuentra en el camino para recoger o dejar a un pasajero. Uber y Lyft ofrecer\u00e1n al conductor una cobertura de responsabilidad civil de terceros de $1 mill\u00f3n, cobertura de lesiones corporales para conductores sin seguro o con seguro insuficiente, y cobertura integral contingente y de colisi\u00f3n.<\/li>\n<\/ul>\n<p><strong>Los Abogados de la Costa Oeste est\u00e1n Aqu\u00ed para Ayudarlo<\/strong><\/p>\n<p>Si ha sufrido lesiones en un accidente de Uber o Lyft como resultado de la negligencia de alguien o actos deliberados de malicia, tiene derecho a responsabilizar a la parte culpable por sus p\u00e9rdidas. Un abogado de accidentes de Fresno Uber o Lyft en\u00a0<a href=\"\/\"><strong>Los Abogados de la Costa Oeste\u00a0<\/strong><\/a>le ayudar\u00e1 a recuperar una compensaci\u00f3n por sus p\u00e9rdidas.<\/p>\n<p>Para programar una consulta gratuita en nuestro bufete de abogados de lesiones personales de Fresno, comun\u00edquese con nuestro equipo legal las 24 horas, los 7 d\u00edas de la semana llamando al\u00a0<strong>213-927-3700<\/strong> o enviando un correo electr\u00f3nico\u00a0<a href=\"mailto:info@westcoasttriallawyers.com\">a\u00a0<strong>info@westcoasttriallawyers.com<\/strong><\/a>.<br \/>\n<!-- WCTL_DEBUG: no shortcode in this_content --><\/p>\n","protected":false},"excerpt":{"rendered":"<p>Nuestros Abogados Expertos en Accidentes de Uber y Lyft en Fresno Analizar\u00e1n los Pasos Importantes que un Conductor o Pasajero de Viaje Compartido debe Considerar Despu\u00e9s de un Accidente Servicios de viaje compartido, como Uber y Lyft , ofrecen transporte conveniente y econ\u00f3mico. Estos servicios permiten a las personas viajar sin tener el estr\u00e9s y [&hellip;]<\/p>\n","protected":false},"author":475,"featured_media":45591,"parent":47276,"menu_order":0,"comment_status":"closed","ping_status":"closed","template":"","meta":{"inline_featured_image":false,"footnotes":""},"class_list":["post-12817","page","type-page","status-publish","has-post-thumbnail","hentry"],"acf":[],"yoast_head":"<!-- This site is optimized with the Yoast SEO Premium plugin v26.0 (Yoast SEO v26.0) - https:\/\/yoast.com\/wordpress\/plugins\/seo\/ -->\n<title>Abogado de Accidentes de Uber y Lyft en Fresno | West Coast Trial Lawyers<\/title>\n<meta name=\"robots\" content=\"index, follow, max-snippet:-1, max-image-preview:large, max-video-preview:-1\" \/>\n<link rel=\"canonical\" href=\"https:\/\/westcoasttriallawyers.com\/es\/california\/fresno\/abogado-de-accidentes-de-uber-y-lyft-en-fresno\" \/>\n<meta property=\"og:locale\" content=\"es_ES\" \/>\n<meta property=\"og:type\" content=\"article\" \/>\n<meta property=\"og:title\" content=\"Abogado de Accidentes de Uber y Lyft en Fresno\" \/>\n<meta property=\"og:description\" content=\"Nuestros Abogados Expertos en Accidentes de Uber y Lyft en Fresno Analizar\u00e1n los Pasos Importantes que un Conductor o Pasajero de Viaje Compartido debe Considerar Despu\u00e9s de un Accidente Servicios de viaje compartido, como Uber y Lyft , ofrecen transporte conveniente y econ\u00f3mico. Estos servicios permiten a las personas viajar sin tener el estr\u00e9s y [&hellip;]\" \/>\n<meta property=\"og:url\" content=\"https:\/\/westcoasttriallawyers.com\/es\/california\/fresno\/abogado-de-accidentes-de-uber-y-lyft-en-fresno\" \/>\n<meta property=\"og:site_name\" content=\"West Coast Trial Lawyers\" \/>\n<meta property=\"article:publisher\" content=\"https:\/\/www.facebook.com\/westcoasttriallawyers\/\" \/>\n<meta property=\"article:modified_time\" content=\"2026-01-21T08:53:39+00:00\" \/>\n<meta property=\"og:image\" content=\"https:\/\/westcoasttriallawyers.com\/wp-content\/uploads\/2025\/07\/Fresno-27.webp\" \/>\n\t<meta property=\"og:image:width\" content=\"557\" \/>\n\t<meta property=\"og:image:height\" content=\"327\" \/>\n\t<meta property=\"og:image:type\" content=\"image\/webp\" \/>\n<meta name=\"twitter:card\" content=\"summary_large_image\" \/>\n<meta name=\"twitter:site\" content=\"@WestCoastTrial\" \/>\n<meta name=\"twitter:label1\" content=\"Tiempo de lectura\" \/>\n\t<meta name=\"twitter:data1\" content=\"6 minutos\" \/>\n<script type=\"application\/ld+json\" class=\"yoast-schema-graph\">{\"@context\":\"https:\/\/schema.org\",\"@graph\":[{\"@type\":[\"WebPage\",\"ItemPage\"],\"@id\":\"https:\/\/westcoasttriallawyers.com\/es\/california\/fresno\/abogado-de-accidentes-de-uber-y-lyft-en-fresno\",\"url\":\"https:\/\/westcoasttriallawyers.com\/es\/california\/fresno\/abogado-de-accidentes-de-uber-y-lyft-en-fresno\",\"name\":\"Abogado de Accidentes de Uber y Lyft en Fresno | West Coast Trial Lawyers\",\"isPartOf\":{\"@id\":\"https:\/\/westcoasttriallawyers.com\/es#website\"},\"primaryImageOfPage\":{\"@id\":\"https:\/\/westcoasttriallawyers.com\/es\/california\/fresno\/abogado-de-accidentes-de-uber-y-lyft-en-fresno#primaryimage\"},\"image\":{\"@id\":\"https:\/\/westcoasttriallawyers.com\/es\/california\/fresno\/abogado-de-accidentes-de-uber-y-lyft-en-fresno#primaryimage\"},\"thumbnailUrl\":\"https:\/\/westcoasttriallawyers.com\/wp-content\/uploads\/2025\/07\/Fresno-27.webp\",\"datePublished\":\"2026-01-13T21:30:41+00:00\",\"dateModified\":\"2026-01-21T08:53:39+00:00\",\"breadcrumb\":{\"@id\":\"https:\/\/westcoasttriallawyers.com\/es\/california\/fresno\/abogado-de-accidentes-de-uber-y-lyft-en-fresno#breadcrumb\"},\"inLanguage\":\"es\",\"potentialAction\":[{\"@type\":\"ReadAction\",\"target\":[\"https:\/\/westcoasttriallawyers.com\/es\/california\/fresno\/abogado-de-accidentes-de-uber-y-lyft-en-fresno\"]}]},{\"@type\":\"ImageObject\",\"inLanguage\":\"es\",\"@id\":\"https:\/\/westcoasttriallawyers.com\/es\/california\/fresno\/abogado-de-accidentes-de-uber-y-lyft-en-fresno#primaryimage\",\"url\":\"https:\/\/westcoasttriallawyers.com\/wp-content\/uploads\/2025\/07\/Fresno-27.webp\",\"contentUrl\":\"https:\/\/westcoasttriallawyers.com\/wp-content\/uploads\/2025\/07\/Fresno-27.webp\",\"width\":557,\"height\":327},{\"@type\":\"BreadcrumbList\",\"@id\":\"https:\/\/westcoasttriallawyers.com\/es\/california\/fresno\/abogado-de-accidentes-de-uber-y-lyft-en-fresno#breadcrumb\",\"itemListElement\":[{\"@type\":\"ListItem\",\"position\":1,\"name\":\"Inicio\",\"item\":\"https:\/\/westcoasttriallawyers.com\/es\"},{\"@type\":\"ListItem\",\"position\":2,\"name\":\"California\",\"item\":\"https:\/\/westcoasttriallawyers.com\/es\/california\"},{\"@type\":\"ListItem\",\"position\":3,\"name\":\"Fresno\",\"item\":\"https:\/\/westcoasttriallawyers.com\/es\/california\/fresno\"},{\"@type\":\"ListItem\",\"position\":4,\"name\":\"Abogado de Accidentes de Uber y Lyft en Fresno\"}]},{\"@type\":\"WebSite\",\"@id\":\"https:\/\/westcoasttriallawyers.com\/es#website\",\"url\":\"https:\/\/westcoasttriallawyers.com\/es\",\"name\":\"West Coast Trial Lawyers\",\"description\":\"West Coast Trial Lawyers\",\"publisher\":{\"@id\":\"https:\/\/westcoasttriallawyers.com\/es#organization\"},\"alternateName\":\"WCTL\",\"potentialAction\":[{\"@type\":\"SearchAction\",\"target\":{\"@type\":\"EntryPoint\",\"urlTemplate\":\"https:\/\/westcoasttriallawyers.com\/es?s={search_term_string}\"},\"query-input\":{\"@type\":\"PropertyValueSpecification\",\"valueRequired\":true,\"valueName\":\"search_term_string\"}}],\"inLanguage\":\"es\"},{\"@type\":\"Organization\",\"@id\":\"https:\/\/westcoasttriallawyers.com\/es#organization\",\"name\":\"West Coast Trial Lawyers\",\"alternateName\":\"WCTL\",\"url\":\"https:\/\/westcoasttriallawyers.com\/es\",\"logo\":{\"@type\":\"ImageObject\",\"inLanguage\":\"es\",\"@id\":\"https:\/\/westcoasttriallawyers.com\/es#\/schema\/logo\/image\/\",\"url\":\"https:\/\/westcoasttriallawyers.com\/wp-content\/uploads\/2026\/02\/WCTL-Logo.jpg\",\"contentUrl\":\"https:\/\/westcoasttriallawyers.com\/wp-content\/uploads\/2026\/02\/WCTL-Logo.jpg\",\"width\":696,\"height\":696,\"caption\":\"West Coast Trial Lawyers\"},\"image\":{\"@id\":\"https:\/\/westcoasttriallawyers.com\/es#\/schema\/logo\/image\/\"},\"sameAs\":[\"https:\/\/www.facebook.com\/westcoasttriallawyers\/\",\"https:\/\/x.com\/WestCoastTrial\",\"https:\/\/www.linkedin.com\/company\/west-coast-trial-lawyers\/\",\"https:\/\/www.instagram.com\/westcoasttriallawyers\/\",\"https:\/\/www.yelp.com\/biz\/west-coast-trial-lawyers-los-angeles-2\",\"https:\/\/www.pinterest.com\/westcoasttrial\/\",\"https:\/\/www.youtube.com\/westcoasttriallawyersla\/\",\"https:\/\/www.tiktok.com\/westcoasttriallawyers\"],\"description\":\"West Coast Trial Lawyers is a top-rated personal injury law firm with a goal to provide expert legal representation to those in need. The law firm has offices across California, Nevada, Arizona, and Washington.\",\"legalName\":\"West Coast Trial Lawyers\"}]}<\/script>\n<!-- \/ Yoast SEO Premium plugin. -->","yoast_head_json":{"title":"Abogado de Accidentes de Uber y Lyft en Fresno | West Coast Trial Lawyers","robots":{"index":"index","follow":"follow","max-snippet":"max-snippet:-1","max-image-preview":"max-image-preview:large","max-video-preview":"max-video-preview:-1"},"canonical":"https:\/\/westcoasttriallawyers.com\/es\/california\/fresno\/abogado-de-accidentes-de-uber-y-lyft-en-fresno","og_locale":"es_ES","og_type":"article","og_title":"Abogado de Accidentes de Uber y Lyft en Fresno","og_description":"Nuestros Abogados Expertos en Accidentes de Uber y Lyft en Fresno Analizar\u00e1n los Pasos Importantes que un Conductor o Pasajero de Viaje Compartido debe Considerar Despu\u00e9s de un Accidente Servicios de viaje compartido, como Uber y Lyft , ofrecen transporte conveniente y econ\u00f3mico. Estos servicios permiten a las personas viajar sin tener el estr\u00e9s y [&hellip;]","og_url":"https:\/\/westcoasttriallawyers.com\/es\/california\/fresno\/abogado-de-accidentes-de-uber-y-lyft-en-fresno","og_site_name":"West Coast Trial Lawyers","article_publisher":"https:\/\/www.facebook.com\/westcoasttriallawyers\/","article_modified_time":"2026-01-21T08:53:39+00:00","og_image":[{"width":557,"height":327,"url":"https:\/\/westcoasttriallawyers.com\/wp-content\/uploads\/2025\/07\/Fresno-27.webp","type":"image\/webp"}],"twitter_card":"summary_large_image","twitter_site":"@WestCoastTrial","twitter_misc":{"Tiempo de lectura":"6 minutos"},"schema":{"@context":"https:\/\/schema.org","@graph":[{"@type":["WebPage","ItemPage"],"@id":"https:\/\/westcoasttriallawyers.com\/es\/california\/fresno\/abogado-de-accidentes-de-uber-y-lyft-en-fresno","url":"https:\/\/westcoasttriallawyers.com\/es\/california\/fresno\/abogado-de-accidentes-de-uber-y-lyft-en-fresno","name":"Abogado de Accidentes de Uber y Lyft en Fresno | West Coast Trial Lawyers","isPartOf":{"@id":"https:\/\/westcoasttriallawyers.com\/es#website"},"primaryImageOfPage":{"@id":"https:\/\/westcoasttriallawyers.com\/es\/california\/fresno\/abogado-de-accidentes-de-uber-y-lyft-en-fresno#primaryimage"},"image":{"@id":"https:\/\/westcoasttriallawyers.com\/es\/california\/fresno\/abogado-de-accidentes-de-uber-y-lyft-en-fresno#primaryimage"},"thumbnailUrl":"https:\/\/westcoasttriallawyers.com\/wp-content\/uploads\/2025\/07\/Fresno-27.webp","datePublished":"2026-01-13T21:30:41+00:00","dateModified":"2026-01-21T08:53:39+00:00","breadcrumb":{"@id":"https:\/\/westcoasttriallawyers.com\/es\/california\/fresno\/abogado-de-accidentes-de-uber-y-lyft-en-fresno#breadcrumb"},"inLanguage":"es","potentialAction":[{"@type":"ReadAction","target":["https:\/\/westcoasttriallawyers.com\/es\/california\/fresno\/abogado-de-accidentes-de-uber-y-lyft-en-fresno"]}]},{"@type":"ImageObject","inLanguage":"es","@id":"https:\/\/westcoasttriallawyers.com\/es\/california\/fresno\/abogado-de-accidentes-de-uber-y-lyft-en-fresno#primaryimage","url":"https:\/\/westcoasttriallawyers.com\/wp-content\/uploads\/2025\/07\/Fresno-27.webp","contentUrl":"https:\/\/westcoasttriallawyers.com\/wp-content\/uploads\/2025\/07\/Fresno-27.webp","width":557,"height":327},{"@type":"BreadcrumbList","@id":"https:\/\/westcoasttriallawyers.com\/es\/california\/fresno\/abogado-de-accidentes-de-uber-y-lyft-en-fresno#breadcrumb","itemListElement":[{"@type":"ListItem","position":1,"name":"Inicio","item":"https:\/\/westcoasttriallawyers.com\/es"},{"@type":"ListItem","position":2,"name":"California","item":"https:\/\/westcoasttriallawyers.com\/es\/california"},{"@type":"ListItem","position":3,"name":"Fresno","item":"https:\/\/westcoasttriallawyers.com\/es\/california\/fresno"},{"@type":"ListItem","position":4,"name":"Abogado de Accidentes de Uber y Lyft en Fresno"}]},{"@type":"WebSite","@id":"https:\/\/westcoasttriallawyers.com\/es#website","url":"https:\/\/westcoasttriallawyers.com\/es","name":"West Coast Trial Lawyers","description":"West Coast Trial Lawyers","publisher":{"@id":"https:\/\/westcoasttriallawyers.com\/es#organization"},"alternateName":"WCTL","potentialAction":[{"@type":"SearchAction","target":{"@type":"EntryPoint","urlTemplate":"https:\/\/westcoasttriallawyers.com\/es?s={search_term_string}"},"query-input":{"@type":"PropertyValueSpecification","valueRequired":true,"valueName":"search_term_string"}}],"inLanguage":"es"},{"@type":"Organization","@id":"https:\/\/westcoasttriallawyers.com\/es#organization","name":"West Coast Trial Lawyers","alternateName":"WCTL","url":"https:\/\/westcoasttriallawyers.com\/es","logo":{"@type":"ImageObject","inLanguage":"es","@id":"https:\/\/westcoasttriallawyers.com\/es#\/schema\/logo\/image\/","url":"https:\/\/westcoasttriallawyers.com\/wp-content\/uploads\/2026\/02\/WCTL-Logo.jpg","contentUrl":"https:\/\/westcoasttriallawyers.com\/wp-content\/uploads\/2026\/02\/WCTL-Logo.jpg","width":696,"height":696,"caption":"West Coast Trial Lawyers"},"image":{"@id":"https:\/\/westcoasttriallawyers.com\/es#\/schema\/logo\/image\/"},"sameAs":["https:\/\/www.facebook.com\/westcoasttriallawyers\/","https:\/\/x.com\/WestCoastTrial","https:\/\/www.linkedin.com\/company\/west-coast-trial-lawyers\/","https:\/\/www.instagram.com\/westcoasttriallawyers\/","https:\/\/www.yelp.com\/biz\/west-coast-trial-lawyers-los-angeles-2","https:\/\/www.pinterest.com\/westcoasttrial\/","https:\/\/www.youtube.com\/westcoasttriallawyersla\/","https:\/\/www.tiktok.com\/westcoasttriallawyers"],"description":"West Coast Trial Lawyers is a top-rated personal injury law firm with a goal to provide expert legal representation to those in need. The law firm has offices across California, Nevada, Arizona, and Washington.","legalName":"West Coast Trial Lawyers"}]}},"_links":{"self":[{"href":"https:\/\/westcoasttriallawyers.com\/es\/wp-json\/wp\/v2\/pages\/12817","targetHints":{"allow":["GET"]}}],"collection":[{"href":"https:\/\/westcoasttriallawyers.com\/es\/wp-json\/wp\/v2\/pages"}],"about":[{"href":"https:\/\/westcoasttriallawyers.com\/es\/wp-json\/wp\/v2\/types\/page"}],"author":[{"embeddable":true,"href":"https:\/\/westcoasttriallawyers.com\/es\/wp-json\/wp\/v2\/users\/475"}],"replies":[{"embeddable":true,"href":"https:\/\/westcoasttriallawyers.com\/es\/wp-json\/wp\/v2\/comments?post=12817"}],"version-history":[{"count":3,"href":"https:\/\/westcoasttriallawyers.com\/es\/wp-json\/wp\/v2\/pages\/12817\/revisions"}],"predecessor-version":[{"id":47615,"href":"https:\/\/westcoasttriallawyers.com\/es\/wp-json\/wp\/v2\/pages\/12817\/revisions\/47615"}],"up":[{"embeddable":true,"href":"https:\/\/westcoasttriallawyers.com\/es\/wp-json\/wp\/v2\/pages\/47276"}],"wp:featuredmedia":[{"embeddable":true,"href":"https:\/\/westcoasttriallawyers.com\/es\/wp-json\/wp\/v2\/media\/45591"}],"wp:attachment":[{"href":"https:\/\/westcoasttriallawyers.com\/es\/wp-json\/wp\/v2\/media?parent=12817"}],"curies":[{"name":"wp","href":"https:\/\/api.w.org\/{rel}","templated":true}]}}