{"id":12814,"date":"2026-01-13T21:30:28","date_gmt":"2026-01-13T21:30:28","guid":{"rendered":"https:\/\/wctl1stg.wpengine.com\/?page_id=12814"},"modified":"2026-01-21T08:21:09","modified_gmt":"2026-01-21T08:21:09","slug":"abogado-de-lesiones-por-quemaduras-en-fresno","status":"publish","type":"page","link":"https:\/\/westcoasttriallawyers.com\/es\/california\/fresno\/abogado-de-lesiones-por-quemaduras-en-fresno","title":{"rendered":"Abogado de Lesiones por Quemaduras en Fresno"},"content":{"rendered":"<h2><strong>\u00c1reas Comunes en Fresno donde puede Sufrir una Lesi\u00f3n por Quemaduras<\/strong><\/h2>\n<p>Las lesiones por quemaduras pueden variar seg\u00fan la gravedad del da\u00f1o de la piel por un l\u00edquido u objeto caliente. A menudo, se puede necesitar tratamiento m\u00e9dico para curar una lesi\u00f3n por quemadura. Los procedimientos son bastante costosos y podr\u00edan suponer una carga financiera para el paciente. Adem\u00e1s, las consecuencias de recuperarse de una lesi\u00f3n por quemadura podr\u00edan afectar mentalmente al paciente, ya que es probable que sufra dolor y cicatrices psicol\u00f3gicas.\u00a0<\/p>\n<p>Las lesiones por quemaduras pueden ocurrir accidentalmente, especialmente cuando se cocinan alimentos calientes. Sin embargo, ha habido casos en los que se ha producido una lesi\u00f3n por quemadura debido a intenciones maliciosas. Si su lesi\u00f3n por quemadura fue causada por una parte negligente, es posible que tenga derecho a presentar una demanda por lesiones personales en su contra. En West Coast Trial Lawyers, nuestros\u00a0<strong>abogados de lesiones por quemaduras de Fresno<\/strong> est\u00e1n disponibles las 24 horas del d\u00eda, los 7 d\u00edas de la semana para ofrecer asistencia legal. Con nuestro historial de recuperaci\u00f3n de m\u00e1s de $1 mil millones en acuerdos para nuestros clientes, estamos seguros de que obtendremos un buen resultado para su caso.<\/p>\n<p>Para programar una consulta gratuita y sin compromiso en nuestro\u00a0<strong>bufete de abogados de lesiones personales de Fresno<\/strong>, cont\u00e1ctenos llamando al\u00a0<strong>213-927-3700<\/strong> o enviando un correo electr\u00f3nico\u00a0<a href=\"mailto:info@westcoasttriallawyers.com\">a\u00a0<strong>info@westcoasttriallawyers.com<\/strong><\/a>.<\/p>\n<p><strong>Lugares Donde Podr\u00eda Quemarse<\/strong><\/p>\n<p><strong>Los salones de bronceado\u00a0<\/strong>son uno de los casos m\u00e1s comunes en los que se ha producido una lesi\u00f3n por quemadura. Muchas personas quieren lograr el objetivo de tener una piel perfectamente dorada, sin embargo, no son conscientes de las graves condiciones de salud que pueden presentarse. Se ha informado que las camas de bronceado han causado m\u00e1s de 170,000<a href=\"https:\/\/www.cbsnews.com\/news\/stud213-927-3700tannin213-927-3700bed213-927-3700caus213-927-3700213-927-3700ski213-927-3700cance213-927-3700case213-927-3700yearly\/\"><strong> casos de c\u00e1ncer de piel al a\u00f1o<\/strong><\/a><strong>.\u00a0<\/strong>Alrededor del 80 por ciento de estas lesiones fueron quemaduras profundas o graves. El melanoma tambi\u00e9n se ha relacionado con las camas de bronceado.\u00a0<\/p>\n<p><strong>Los salones\u00a0<\/strong>causan lesiones por quemaduras. Con base en informes anteriores, los clientes de salones de belleza han presentado quejas a los peluqueros sobre lesiones por quemaduras con secadores de cabello o productos qu\u00edmicos fuertes utilizados para te\u00f1ir el cabello. Los estilistas, o la empresa, podr\u00edan enfrentar repercusiones legales si el cliente lesionado puede proporcionar pruebas suficientes para demostrar que hubo negligencia.\u00a0<\/p>\n<p>No sorprende que los<strong> restaurantes<\/strong> hayan sido otro lugar com\u00fan donde las personas han sufrido lesiones por quemaduras. Los restaurantes generalmente usan herramientas y l\u00edquidos calientes para preparar los platos, lo que podr\u00eda provocar que un empleado o cliente sufra una lesi\u00f3n por quemadura. Si un empleado se quema mientras est\u00e1 en el trabajo y necesita atenci\u00f3n m\u00e9dica, puede tener derecho a los beneficios de compensaci\u00f3n para trabajadores. Cuando se trata de un cliente, se requiere que un empleado le d\u00e9 una advertencia adecuada sobre cualquier comida o l\u00edquido caliente que se le est\u00e9 sirviendo. De no hacerlo<strong>\u00a0<\/strong>probablemente podr\u00eda resultar en una demanda si el cliente sufre quemaduras graves.\u00a0<\/p>\n<p>Otros\u00a0<strong>trabajos<\/strong> donde los empleados pueden correr un alto riesgo de sufrir lesiones por quemaduras incluyen las obras de construcci\u00f3n (trabajadores de la construcci\u00f3n) y las \u00e1reas donde se propagan las llamas (bomberos). Las quemaduras en el trabajo deben estar cubiertas por la p\u00f3liza de seguro de su empleador.<\/p>\n<p>El \u00faltimo lugar donde puede ocurrir una lesi\u00f3n por quemadura es en tu propia\u00a0<strong>casa<\/strong>, espec\u00edficamente en la cocina. La mayor\u00eda de los accidentes ocurren al cocinar, como derramar l\u00edquidos calientes o tocar un objeto caliente. Otros pueden ocurrir por el uso de productos para la piel que podr\u00edan provocar una quemadura qu\u00edmica. Tambi\u00e9n es probable que se produzcan quemaduras el\u00e9ctricas por tomas de corriente en el hogar. Por lo general, estos tipos de casos de lesiones por quemaduras est\u00e1n cubiertos por el seguro de propietario de vivienda o por su propio seguro de salud personal.<\/p>\n<p><strong>Tratamiento de una Lesi\u00f3n por Quemadura\u00a0<\/strong><\/p>\n<p>Los tratamientos de lesiones por quemadura pueden variar seg\u00fan la gravedad del impacto en la piel. Para lesiones menores, generalmente se sugiere que las v\u00edctimas hagan lo siguiente:<\/p>\n<ul>\n<li><strong>Aplicar un vendaje o gasa sobre el \u00e1rea herida.\u00a0<\/strong>No aplique ning\u00fan algod\u00f3n esponjoso. Aseg\u00farese de que est\u00e9 envuelto sin apretar alrededor del \u00e1rea lesionada. Esto te proteger\u00e1 de infecciones.<\/li>\n<li><strong>Toma un analg\u00e9sico.\u00a0<\/strong>Se pueden usar Advil, Aleve o Tylenol para reducir el dolor.\u00a0<\/li>\n<li><strong>Aplica agua fr\u00eda sobre la herida.\u00a0<\/strong>Evite colocar hielo sobre \u00e9l, ya que puede da\u00f1ar m\u00e1s los tejidos.<\/li>\n<li><strong>Aplicar loci\u00f3n o ung\u00fcento sobre la herida.\u00a0<\/strong>El aloe vera se ha utilizado com\u00fanmente para aliviar una lesi\u00f3n por quemadura. Tambi\u00e9n puede aliviar el dolor.<\/li>\n<\/ul>\n<p>Para aquellos que sufren una lesi\u00f3n por quemadura de moderada a grave, debe visitar a un m\u00e9dico o al hospital. Si puede manejar el dolor, puede programar una cita para que le examinen la herida. Sin embargo, si el dolor es demasiado insoportable, debe ingresar en la sala de emergencias. Un m\u00e9dico podr\u00e1 examinar su herida y realizar pruebas para determinar un diagn\u00f3stico. Una vez que los resultados est\u00e9n disponibles, el m\u00e9dico diagnostic\u00f3 su condici\u00f3n y crear\u00e1 un plan de tratamiento para ayudarlo con su recuperaci\u00f3n. Las sugerencias comunes que se han incorporado a estos planes de tratamiento incluyen las siguientes:<\/p>\n<ul>\n<li><strong>Procedimiento quir\u00fargico.<\/strong> Es probable que el m\u00e9dico sugiera someterse a un procedimiento llamado injerto de piel. Este proceso consiste en quitar un parche de piel de un \u00e1rea del cuerpo y pegarlo en otra \u00e1rea.\u00a0\u00a0<\/li>\n<li><strong>IV.\u00a0 <\/strong>Es posible que le pidan que le coloquen una v\u00eda intravenosa para evitar la insuficiencia org\u00e1nica o la deshidrataci\u00f3n.<\/li>\n<li><strong>Vacuna contra el t\u00e9tanos.\u00a0<\/strong>Si sufre de una\u00a0quemadura, es posible que deba vacunarse contra el t\u00e9tanos.<\/li>\n<li><strong>Medicamentos para el dolor y la ansiedad.\u00a0<\/strong>Seg\u00fan la gravedad de la quemadura, es probable que le den morfina para tratar el dolor intenso. Los medicamentos contra la ansiedad tambi\u00e9n pueden ayudarlo a mantener la calma.<\/li>\n<li><strong>Tubo de alimentaci\u00f3n.<\/strong>\u00a0Se insertar\u00e1 una sonda de alimentaci\u00f3n a trav\u00e9s de la nariz, que bajar\u00e1 hasta el est\u00f3mago. Este m\u00e9todo generalmente se recomienda a quienes sufren quemaduras graves y necesitan apoyo nutricional.<\/li>\n<\/ul>\n<p>Adem\u00e1s de los tratamientos m\u00e9dicos, la terapia tambi\u00e9n puede ser otro m\u00e9todo que lo ayudar\u00e1 con su recuperaci\u00f3n, especialmente si la quemadura se ha apoderado de una gran parte de su cuerpo. Es probable que un fisioterapeuta le pida que realice ejercicios y actividades que mostrar\u00e1n su piel, lo que, a su vez, ayudar\u00e1 a que sus articulaciones mantengan la flexibilidad. Otros ejercicios adicionales mejorar\u00e1n su fuerza muscular.\u00a0<\/p>\n<p>La terapia ocupacional tambi\u00e9n es conocida por ayudar a las v\u00edctimas con sus lesiones por quemaduras. Este tipo de terapia est\u00e1 dise\u00f1ada para que usted desarrolle, recupere, mejore y controle las habilidades b\u00e1sicas que se necesitan para realizar las actividades del d\u00eda a d\u00eda.<\/p>\n<p><strong>Acuerdos por Lesiones por Quemaduras<\/strong><\/p>\n<p>Se considerar\u00e1n muchos factores para determinar el monto total de un acuerdo por lesiones por quemaduras. La forma en que ocurri\u00f3 la quemadura y d\u00f3nde se encuentra, son quiz\u00e1s los elementos m\u00e1s importantes que deben revisarse para acumular una cantidad precisa de da\u00f1os econ\u00f3micos y no econ\u00f3micos que se le debe otorgar a la v\u00edctima. Cada v\u00edctima de lesi\u00f3n por quemadura tendr\u00e1 un resultado diferente en comparaci\u00f3n con los dem\u00e1s, ya que cada situaci\u00f3n implica diferentes causas y efectos.<\/p>\n<p><strong>Da\u00f1os Disponibles\u00a0<\/strong><\/p>\n<p>Los da\u00f1os son un tipo de compensaci\u00f3n monetaria determinada por un tribunal de justicia para ayudar a compensar a una persona agraviada por cualquier p\u00e9rdida o lesi\u00f3n sufrida como resultado de la negligencia de alguien.<\/p>\n<p><strong>Los da\u00f1os econ\u00f3micos<\/strong> est\u00e1n destinados a compensar al demandante por las p\u00e9rdidas a las que se puede adjuntar f\u00e1cilmente una cantidad en d\u00f3lares. Se calcula determinando la cantidad de p\u00e9rdidas de bolsillo que una persona agraviada tiene o esperar\u00e1 incurrir como resultado de sus lesiones. Algunos ejemplos de p\u00e9rdidas econ\u00f3micas incluyen la p\u00e9rdida de la capacidad de generar ingresos, las facturas m\u00e9dicas y la p\u00e9rdida de salarios.<\/p>\n<p><strong>Los da\u00f1os no econ\u00f3micos<\/strong> est\u00e1n destinados esencialmente a cubrir p\u00e9rdidas que se consideran subjetivas y no necesariamente cubrir\u00e1n p\u00e9rdidas de bolsillo. Esto puede incluir compensaci\u00f3n por angustia emocional, dolor y sufrimiento, y p\u00e9rdida del disfrute de la vida.<\/p>\n<p>El tercer tipo de da\u00f1os que un tribunal de California puede otorgar se conoce como<a href=\"https:\/\/www.law.cornell.edu\/wex\/punitive_damages\"><strong> da\u00f1os punitivos<\/strong><\/a>. Los da\u00f1os punitivos tienen la intenci\u00f3n de ser un castigo y solo se otorgan cuando el comportamiento del acusado es especialmente da\u00f1ino. Es relativamente raro y, de hecho, s\u00f3lo se incorpor\u00f3 en el 5 por ciento de todos los veredictos. Adem\u00e1s, no existe un est\u00e1ndar real establecido para calcular y otorgar da\u00f1os punitivos. Los da\u00f1os punitivos se otorgan a discreci\u00f3n del tribunal y variar\u00e1n seg\u00fan las circunstancias espec\u00edficas de cada caso.<\/p>\n<p><strong>Los Abogados de la Costa Oeste est\u00e1n Aqu\u00ed para Ayudarlo<\/strong><\/p>\n<p>Si ha sufrido una lesi\u00f3n por quemadura como resultado de la negligencia de alguien o actos deliberados de malicia, tiene derecho a responsabilizar a la parte culpable por sus p\u00e9rdidas. Un abogado de lesiones por quemaduras de Fresno en\u00a0<a href=\"\/\"><strong>Los Abogados de la Costa Oeste\u00a0<\/strong><\/a>le ayudar\u00e1 a recuperar una compensaci\u00f3n por sus p\u00e9rdidas.<\/p>\n<p>Para programar una consulta gratuita en nuestro bufete de abogados de lesiones personales de Fresno, comun\u00edquese con nuestro equipo legal las 24 horas, los 7 d\u00edas de la semana llamando al\u00a0<strong>213-927-3700<\/strong> o enviando un correo electr\u00f3nico\u00a0<a href=\"mailto:info@westcoasttriallawyers.com\">a\u00a0<strong>info@westcoasttriallawyers.com<\/strong><\/a>.<\/p>\n<p><!-- WCTL_DEBUG: no shortcode in this_content --><\/p>\n","protected":false},"excerpt":{"rendered":"<p>\u00c1reas Comunes en Fresno donde puede Sufrir una Lesi\u00f3n por Quemaduras Las lesiones por quemaduras pueden variar seg\u00fan la gravedad del da\u00f1o de la piel por un l\u00edquido u objeto caliente. A menudo, se puede necesitar tratamiento m\u00e9dico para curar una lesi\u00f3n por quemadura. Los procedimientos son bastante costosos y podr\u00edan suponer una carga financiera [&hellip;]<\/p>\n","protected":false},"author":475,"featured_media":45536,"parent":47276,"menu_order":0,"comment_status":"closed","ping_status":"closed","template":"","meta":{"inline_featured_image":false,"footnotes":""},"class_list":["post-12814","page","type-page","status-publish","has-post-thumbnail","hentry"],"acf":[],"yoast_head":"<!-- This site is optimized with the Yoast SEO Premium plugin v26.0 (Yoast SEO v26.0) - https:\/\/yoast.com\/wordpress\/plugins\/seo\/ -->\n<title>Abogado de Lesiones por Quemaduras en Fresno | West Coast Trial Lawyers<\/title>\n<meta name=\"robots\" content=\"index, follow, max-snippet:-1, max-image-preview:large, max-video-preview:-1\" \/>\n<link rel=\"canonical\" href=\"https:\/\/westcoasttriallawyers.com\/es\/california\/fresno\/abogado-de-lesiones-por-quemaduras-en-fresno\" \/>\n<meta property=\"og:locale\" content=\"es_ES\" \/>\n<meta property=\"og:type\" content=\"article\" \/>\n<meta property=\"og:title\" content=\"Abogado de Lesiones por Quemaduras en Fresno\" \/>\n<meta property=\"og:description\" content=\"\u00c1reas Comunes en Fresno donde puede Sufrir una Lesi\u00f3n por Quemaduras Las lesiones por quemaduras pueden variar seg\u00fan la gravedad del da\u00f1o de la piel por un l\u00edquido u objeto caliente. A menudo, se puede necesitar tratamiento m\u00e9dico para curar una lesi\u00f3n por quemadura. Los procedimientos son bastante costosos y podr\u00edan suponer una carga financiera [&hellip;]\" \/>\n<meta property=\"og:url\" content=\"https:\/\/westcoasttriallawyers.com\/es\/california\/fresno\/abogado-de-lesiones-por-quemaduras-en-fresno\" \/>\n<meta property=\"og:site_name\" content=\"West Coast Trial Lawyers\" \/>\n<meta property=\"article:publisher\" content=\"https:\/\/www.facebook.com\/westcoasttriallawyers\/\" \/>\n<meta property=\"article:modified_time\" content=\"2026-01-21T08:21:09+00:00\" \/>\n<meta property=\"og:image\" content=\"https:\/\/westcoasttriallawyers.com\/wp-content\/uploads\/2025\/07\/Fresno-5.webp\" \/>\n\t<meta property=\"og:image:width\" content=\"557\" \/>\n\t<meta property=\"og:image:height\" content=\"327\" \/>\n\t<meta property=\"og:image:type\" content=\"image\/webp\" \/>\n<meta name=\"twitter:card\" content=\"summary_large_image\" \/>\n<meta name=\"twitter:site\" content=\"@WestCoastTrial\" \/>\n<meta name=\"twitter:label1\" content=\"Tiempo de lectura\" \/>\n\t<meta name=\"twitter:data1\" content=\"11 minutos\" \/>\n<script type=\"application\/ld+json\" class=\"yoast-schema-graph\">{\"@context\":\"https:\/\/schema.org\",\"@graph\":[{\"@type\":[\"WebPage\",\"ItemPage\"],\"@id\":\"https:\/\/westcoasttriallawyers.com\/es\/california\/fresno\/abogado-de-lesiones-por-quemaduras-en-fresno\",\"url\":\"https:\/\/westcoasttriallawyers.com\/es\/california\/fresno\/abogado-de-lesiones-por-quemaduras-en-fresno\",\"name\":\"Abogado de Lesiones por Quemaduras en Fresno | West Coast Trial Lawyers\",\"isPartOf\":{\"@id\":\"https:\/\/westcoasttriallawyers.com\/es#website\"},\"primaryImageOfPage\":{\"@id\":\"https:\/\/westcoasttriallawyers.com\/es\/california\/fresno\/abogado-de-lesiones-por-quemaduras-en-fresno#primaryimage\"},\"image\":{\"@id\":\"https:\/\/westcoasttriallawyers.com\/es\/california\/fresno\/abogado-de-lesiones-por-quemaduras-en-fresno#primaryimage\"},\"thumbnailUrl\":\"https:\/\/westcoasttriallawyers.com\/wp-content\/uploads\/2025\/07\/Fresno-5.webp\",\"datePublished\":\"2026-01-13T21:30:28+00:00\",\"dateModified\":\"2026-01-21T08:21:09+00:00\",\"breadcrumb\":{\"@id\":\"https:\/\/westcoasttriallawyers.com\/es\/california\/fresno\/abogado-de-lesiones-por-quemaduras-en-fresno#breadcrumb\"},\"inLanguage\":\"es\",\"potentialAction\":[{\"@type\":\"ReadAction\",\"target\":[\"https:\/\/westcoasttriallawyers.com\/es\/california\/fresno\/abogado-de-lesiones-por-quemaduras-en-fresno\"]}]},{\"@type\":\"ImageObject\",\"inLanguage\":\"es\",\"@id\":\"https:\/\/westcoasttriallawyers.com\/es\/california\/fresno\/abogado-de-lesiones-por-quemaduras-en-fresno#primaryimage\",\"url\":\"https:\/\/westcoasttriallawyers.com\/wp-content\/uploads\/2025\/07\/Fresno-5.webp\",\"contentUrl\":\"https:\/\/westcoasttriallawyers.com\/wp-content\/uploads\/2025\/07\/Fresno-5.webp\",\"width\":557,\"height\":327},{\"@type\":\"BreadcrumbList\",\"@id\":\"https:\/\/westcoasttriallawyers.com\/es\/california\/fresno\/abogado-de-lesiones-por-quemaduras-en-fresno#breadcrumb\",\"itemListElement\":[{\"@type\":\"ListItem\",\"position\":1,\"name\":\"Inicio\",\"item\":\"https:\/\/westcoasttriallawyers.com\/es\"},{\"@type\":\"ListItem\",\"position\":2,\"name\":\"California\",\"item\":\"https:\/\/westcoasttriallawyers.com\/es\/california\"},{\"@type\":\"ListItem\",\"position\":3,\"name\":\"Fresno\",\"item\":\"https:\/\/westcoasttriallawyers.com\/es\/california\/fresno\"},{\"@type\":\"ListItem\",\"position\":4,\"name\":\"Abogado de Lesiones por Quemaduras en Fresno\"}]},{\"@type\":\"WebSite\",\"@id\":\"https:\/\/westcoasttriallawyers.com\/es#website\",\"url\":\"https:\/\/westcoasttriallawyers.com\/es\",\"name\":\"West Coast Trial Lawyers\",\"description\":\"West Coast Trial Lawyers\",\"publisher\":{\"@id\":\"https:\/\/westcoasttriallawyers.com\/es#organization\"},\"alternateName\":\"WCTL\",\"potentialAction\":[{\"@type\":\"SearchAction\",\"target\":{\"@type\":\"EntryPoint\",\"urlTemplate\":\"https:\/\/westcoasttriallawyers.com\/es?s={search_term_string}\"},\"query-input\":{\"@type\":\"PropertyValueSpecification\",\"valueRequired\":true,\"valueName\":\"search_term_string\"}}],\"inLanguage\":\"es\"},{\"@type\":\"Organization\",\"@id\":\"https:\/\/westcoasttriallawyers.com\/es#organization\",\"name\":\"West Coast Trial Lawyers\",\"alternateName\":\"WCTL\",\"url\":\"https:\/\/westcoasttriallawyers.com\/es\",\"logo\":{\"@type\":\"ImageObject\",\"inLanguage\":\"es\",\"@id\":\"https:\/\/westcoasttriallawyers.com\/es#\/schema\/logo\/image\/\",\"url\":\"https:\/\/westcoasttriallawyers.com\/wp-content\/uploads\/2026\/02\/WCTL-Logo.jpg\",\"contentUrl\":\"https:\/\/westcoasttriallawyers.com\/wp-content\/uploads\/2026\/02\/WCTL-Logo.jpg\",\"width\":696,\"height\":696,\"caption\":\"West Coast Trial Lawyers\"},\"image\":{\"@id\":\"https:\/\/westcoasttriallawyers.com\/es#\/schema\/logo\/image\/\"},\"sameAs\":[\"https:\/\/www.facebook.com\/westcoasttriallawyers\/\",\"https:\/\/x.com\/WestCoastTrial\",\"https:\/\/www.linkedin.com\/company\/west-coast-trial-lawyers\/\",\"https:\/\/www.instagram.com\/westcoasttriallawyers\/\",\"https:\/\/www.yelp.com\/biz\/west-coast-trial-lawyers-los-angeles-2\",\"https:\/\/www.pinterest.com\/westcoasttrial\/\",\"https:\/\/www.youtube.com\/westcoasttriallawyersla\/\",\"https:\/\/www.tiktok.com\/westcoasttriallawyers\"],\"description\":\"West Coast Trial Lawyers is a top-rated personal injury law firm with a goal to provide expert legal representation to those in need. The law firm has offices across California, Nevada, Arizona, and Washington.\",\"legalName\":\"West Coast Trial Lawyers\"}]}<\/script>\n<!-- \/ Yoast SEO Premium plugin. -->","yoast_head_json":{"title":"Abogado de Lesiones por Quemaduras en Fresno | West Coast Trial Lawyers","robots":{"index":"index","follow":"follow","max-snippet":"max-snippet:-1","max-image-preview":"max-image-preview:large","max-video-preview":"max-video-preview:-1"},"canonical":"https:\/\/westcoasttriallawyers.com\/es\/california\/fresno\/abogado-de-lesiones-por-quemaduras-en-fresno","og_locale":"es_ES","og_type":"article","og_title":"Abogado de Lesiones por Quemaduras en Fresno","og_description":"\u00c1reas Comunes en Fresno donde puede Sufrir una Lesi\u00f3n por Quemaduras Las lesiones por quemaduras pueden variar seg\u00fan la gravedad del da\u00f1o de la piel por un l\u00edquido u objeto caliente. A menudo, se puede necesitar tratamiento m\u00e9dico para curar una lesi\u00f3n por quemadura. Los procedimientos son bastante costosos y podr\u00edan suponer una carga financiera [&hellip;]","og_url":"https:\/\/westcoasttriallawyers.com\/es\/california\/fresno\/abogado-de-lesiones-por-quemaduras-en-fresno","og_site_name":"West Coast Trial Lawyers","article_publisher":"https:\/\/www.facebook.com\/westcoasttriallawyers\/","article_modified_time":"2026-01-21T08:21:09+00:00","og_image":[{"width":557,"height":327,"url":"https:\/\/westcoasttriallawyers.com\/wp-content\/uploads\/2025\/07\/Fresno-5.webp","type":"image\/webp"}],"twitter_card":"summary_large_image","twitter_site":"@WestCoastTrial","twitter_misc":{"Tiempo de lectura":"11 minutos"},"schema":{"@context":"https:\/\/schema.org","@graph":[{"@type":["WebPage","ItemPage"],"@id":"https:\/\/westcoasttriallawyers.com\/es\/california\/fresno\/abogado-de-lesiones-por-quemaduras-en-fresno","url":"https:\/\/westcoasttriallawyers.com\/es\/california\/fresno\/abogado-de-lesiones-por-quemaduras-en-fresno","name":"Abogado de Lesiones por Quemaduras en Fresno | West Coast Trial Lawyers","isPartOf":{"@id":"https:\/\/westcoasttriallawyers.com\/es#website"},"primaryImageOfPage":{"@id":"https:\/\/westcoasttriallawyers.com\/es\/california\/fresno\/abogado-de-lesiones-por-quemaduras-en-fresno#primaryimage"},"image":{"@id":"https:\/\/westcoasttriallawyers.com\/es\/california\/fresno\/abogado-de-lesiones-por-quemaduras-en-fresno#primaryimage"},"thumbnailUrl":"https:\/\/westcoasttriallawyers.com\/wp-content\/uploads\/2025\/07\/Fresno-5.webp","datePublished":"2026-01-13T21:30:28+00:00","dateModified":"2026-01-21T08:21:09+00:00","breadcrumb":{"@id":"https:\/\/westcoasttriallawyers.com\/es\/california\/fresno\/abogado-de-lesiones-por-quemaduras-en-fresno#breadcrumb"},"inLanguage":"es","potentialAction":[{"@type":"ReadAction","target":["https:\/\/westcoasttriallawyers.com\/es\/california\/fresno\/abogado-de-lesiones-por-quemaduras-en-fresno"]}]},{"@type":"ImageObject","inLanguage":"es","@id":"https:\/\/westcoasttriallawyers.com\/es\/california\/fresno\/abogado-de-lesiones-por-quemaduras-en-fresno#primaryimage","url":"https:\/\/westcoasttriallawyers.com\/wp-content\/uploads\/2025\/07\/Fresno-5.webp","contentUrl":"https:\/\/westcoasttriallawyers.com\/wp-content\/uploads\/2025\/07\/Fresno-5.webp","width":557,"height":327},{"@type":"BreadcrumbList","@id":"https:\/\/westcoasttriallawyers.com\/es\/california\/fresno\/abogado-de-lesiones-por-quemaduras-en-fresno#breadcrumb","itemListElement":[{"@type":"ListItem","position":1,"name":"Inicio","item":"https:\/\/westcoasttriallawyers.com\/es"},{"@type":"ListItem","position":2,"name":"California","item":"https:\/\/westcoasttriallawyers.com\/es\/california"},{"@type":"ListItem","position":3,"name":"Fresno","item":"https:\/\/westcoasttriallawyers.com\/es\/california\/fresno"},{"@type":"ListItem","position":4,"name":"Abogado de Lesiones por Quemaduras en Fresno"}]},{"@type":"WebSite","@id":"https:\/\/westcoasttriallawyers.com\/es#website","url":"https:\/\/westcoasttriallawyers.com\/es","name":"West Coast Trial Lawyers","description":"West Coast Trial Lawyers","publisher":{"@id":"https:\/\/westcoasttriallawyers.com\/es#organization"},"alternateName":"WCTL","potentialAction":[{"@type":"SearchAction","target":{"@type":"EntryPoint","urlTemplate":"https:\/\/westcoasttriallawyers.com\/es?s={search_term_string}"},"query-input":{"@type":"PropertyValueSpecification","valueRequired":true,"valueName":"search_term_string"}}],"inLanguage":"es"},{"@type":"Organization","@id":"https:\/\/westcoasttriallawyers.com\/es#organization","name":"West Coast Trial Lawyers","alternateName":"WCTL","url":"https:\/\/westcoasttriallawyers.com\/es","logo":{"@type":"ImageObject","inLanguage":"es","@id":"https:\/\/westcoasttriallawyers.com\/es#\/schema\/logo\/image\/","url":"https:\/\/westcoasttriallawyers.com\/wp-content\/uploads\/2026\/02\/WCTL-Logo.jpg","contentUrl":"https:\/\/westcoasttriallawyers.com\/wp-content\/uploads\/2026\/02\/WCTL-Logo.jpg","width":696,"height":696,"caption":"West Coast Trial Lawyers"},"image":{"@id":"https:\/\/westcoasttriallawyers.com\/es#\/schema\/logo\/image\/"},"sameAs":["https:\/\/www.facebook.com\/westcoasttriallawyers\/","https:\/\/x.com\/WestCoastTrial","https:\/\/www.linkedin.com\/company\/west-coast-trial-lawyers\/","https:\/\/www.instagram.com\/westcoasttriallawyers\/","https:\/\/www.yelp.com\/biz\/west-coast-trial-lawyers-los-angeles-2","https:\/\/www.pinterest.com\/westcoasttrial\/","https:\/\/www.youtube.com\/westcoasttriallawyersla\/","https:\/\/www.tiktok.com\/westcoasttriallawyers"],"description":"West Coast Trial Lawyers is a top-rated personal injury law firm with a goal to provide expert legal representation to those in need. The law firm has offices across California, Nevada, Arizona, and Washington.","legalName":"West Coast Trial Lawyers"}]}},"_links":{"self":[{"href":"https:\/\/westcoasttriallawyers.com\/es\/wp-json\/wp\/v2\/pages\/12814","targetHints":{"allow":["GET"]}}],"collection":[{"href":"https:\/\/westcoasttriallawyers.com\/es\/wp-json\/wp\/v2\/pages"}],"about":[{"href":"https:\/\/westcoasttriallawyers.com\/es\/wp-json\/wp\/v2\/types\/page"}],"author":[{"embeddable":true,"href":"https:\/\/westcoasttriallawyers.com\/es\/wp-json\/wp\/v2\/users\/475"}],"replies":[{"embeddable":true,"href":"https:\/\/westcoasttriallawyers.com\/es\/wp-json\/wp\/v2\/comments?post=12814"}],"version-history":[{"count":3,"href":"https:\/\/westcoasttriallawyers.com\/es\/wp-json\/wp\/v2\/pages\/12814\/revisions"}],"predecessor-version":[{"id":47580,"href":"https:\/\/westcoasttriallawyers.com\/es\/wp-json\/wp\/v2\/pages\/12814\/revisions\/47580"}],"up":[{"embeddable":true,"href":"https:\/\/westcoasttriallawyers.com\/es\/wp-json\/wp\/v2\/pages\/47276"}],"wp:featuredmedia":[{"embeddable":true,"href":"https:\/\/westcoasttriallawyers.com\/es\/wp-json\/wp\/v2\/media\/45536"}],"wp:attachment":[{"href":"https:\/\/westcoasttriallawyers.com\/es\/wp-json\/wp\/v2\/media?parent=12814"}],"curies":[{"name":"wp","href":"https:\/\/api.w.org\/{rel}","templated":true}]}}