{"id":12813,"date":"2026-01-13T21:30:40","date_gmt":"2026-01-13T21:30:40","guid":{"rendered":"https:\/\/wctl1stg.wpengine.com\/?page_id=12813"},"modified":"2026-01-21T08:51:18","modified_gmt":"2026-01-21T08:51:18","slug":"abogado-de-accidentes-de-camiones-en-fresno","status":"publish","type":"page","link":"https:\/\/westcoasttriallawyers.com\/es\/california\/fresno\/abogado-de-accidentes-de-camiones-en-fresno","title":{"rendered":"Abogado de Accidentes de Camiones en Fresno"},"content":{"rendered":"<h2><strong>\u00bfQui\u00e9n puede Tener la Culpa de un Accidente de Cami\u00f3n? \u00bfC\u00f3mo se Determinar\u00e1 una Oferta de Liquidaci\u00f3n?<\/strong><\/h2>\n<p>Los accidentes de camiones tienen la capacidad de crear un resultado desastroso debido al gran tama\u00f1o y potencia del veh\u00edculo. En<strong>&nbsp;<\/strong><a href=\"https:\/\/www.yourcentralvalley.com\/news\/local-news\/crash-involving-overturned-semi-truck-causes-traffic-backup-on-highway-99-in-fresno-county\/\"><strong>Octubre de 2012<\/strong><\/a>, ocurri\u00f3 un accidente de cami\u00f3n en la autopista 99 en direcci\u00f3n norte en el condado de Fresno. Dos semirremolques, uno de ellos volcado, y otros tres veh\u00edculos atestaban el tr\u00e1nsito. En&nbsp;<a href=\"https:\/\/abc30.com\/highway-99-traffic-hwy-fresno-crash-semi-truck-slow-down\/11315897\/\"><strong>diciembre de 2012<\/strong><\/a>, ocurri\u00f3 una situaci\u00f3n similar en la que un cami\u00f3n volc\u00f3 a lo largo de la autopista 99 en direcci\u00f3n sur en el condado de Fresno. Este incidente tambi\u00e9n retras\u00f3 el tr\u00e1fico por millas.&nbsp;<\/p>\n<p>Los accidentes de camiones pueden ser causados \u200b\u200bpor m\u00faltiples factores, que incluyen los siguientes:<\/p>\n<ul>\n<li><strong>Conductor del cami\u00f3n.&nbsp;<\/strong>Es posible que un conductor de cami\u00f3n sin experiencia no pueda cambiar de carril o girar correctamente, lo que podr\u00eda provocar que el veh\u00edculo grande vuelque. Un conductor de cami\u00f3n negligente puede cometer actos imprudentes, como acelerar o enviar mensajes de texto y conducir. Es probable que cualquiera de los escenarios resulte en un accidente de cami\u00f3n que podr\u00eda involucrar a m\u00e1s de un veh\u00edculo.&nbsp;<\/li>\n<li><strong>Otros conductores.<\/strong> Los conductores est\u00e1n obligados a proporcionar un deber de cuidado. Se espera que todos los conductores sigan los sem\u00e1foros y las se\u00f1ales, junto con otras reglas viales de California. Quienes opten por actuar en contra de estas leyes crear\u00e1n un entorno peligroso para los que est\u00e9n cerca.<\/li>\n<li><strong>Compa\u00f1\u00eda.&nbsp;<\/strong>Se requiere que una empresa de camiones comerciales capacite adecuadamente a los empleados y realice controles de mantenimiento regulares en cada cami\u00f3n para garantizar que todos est\u00e9n en buenas condiciones antes de llevarlos a la carretera. Las empresas que no cumplan con estas tareas pueden ser responsables de un accidente de cami\u00f3n.&nbsp;<\/li>\n<li><strong>Fabricante.&nbsp;<\/strong>Si un fabricante no inspecciona correctamente cada cami\u00f3n antes de enviarlo a las empresas de camiones, es muy probable que haya m\u00e1s de una pieza defectuosa en cada cami\u00f3n. Adem\u00e1s, si un fabricante tiene conocimiento de piezas defectuosas encontradas en un cami\u00f3n y no se lo menciona a la empresa de camiones, podr\u00eda ser considerado responsable de los accidentes causados \u200b\u200bpor la pieza defectuosa.<\/li>\n<li><strong>Malas condiciones clim\u00e1ticas.&nbsp;<\/strong>Siempre se recomienda a los automovilistas que conduzcan con mucho cuidado durante las condiciones clim\u00e1ticas de lluvia o nieve, ya que las carreteras pueden volverse m\u00e1s resbaladizas. Dado que un cami\u00f3n es de gran tama\u00f1o, puede causar da\u00f1os graves si se desliza por la carretera.&nbsp;<\/li>\n<li><strong>Peligros de la carretera.<\/strong> Es importante que los conductores de camiones est\u00e9n atentos a los baches, pavimentos agrietados y escombros, ya que estos peligros en la carretera podr\u00edan hacer que el conductor del cami\u00f3n pierde el control de su veh\u00edculo y se estrelle contra un objeto cercano, como otro veh\u00edculo, \u00e1rbol o poste de luz.<\/li>\n<\/ul>\n<p>Las v\u00edctimas de un accidente de cami\u00f3n tienen derecho a presentar una demanda contra la parte culpable para recuperar los da\u00f1os. En Los Abogados de la Costa Oeste, nuestros&nbsp;<strong>abogados de accidentes de camiones en Fresno&nbsp;<\/strong>tienen m\u00e1s de 60 a\u00f1os de experiencia legal colectiva en el manejo de casos de lesiones personales. Con nuestro historial de ganar m\u00e1s de $1 mil millones en acuerdos para nuestros clientes, estamos seguros de que obtendremos un buen resultado en su caso.<\/p>\n<p>No dude en comunicarse con nuestro equipo legal las 24 horas, los 7 d\u00edas de la semana llamando al&nbsp;<strong>213-927-3700<\/strong> o enviando un correo electr\u00f3nico&nbsp;<a href=\"mailto:info@westcoasttriallawyers.com\"><strong>info@westcoasttriallawyers.com<\/strong><\/a> para programar una consulta gratuita en nuestro&nbsp;<strong>bufete de abogados de lesiones personales de Fresno.&nbsp;<\/strong><\/p>\n<p><strong>Causas comunes de un accidente de cami\u00f3n<\/strong><\/p>\n<p><strong>Capacitaci\u00f3n de conductores y mantenimiento de camiones deficientes.&nbsp;<\/strong>Los conductores de camiones est\u00e1n obligados a cumplir con una cierta cantidad de horas de capacitaci\u00f3n, as\u00ed como a seguir<strong>&nbsp;<\/strong><a href=\"https:\/\/www.truckingtruth.com\/becoming-a-truck-driver.html\"><strong>requisitos de seguridad<\/strong><\/a>, previo a que se le d\u00e9 acceso para conducir un cami\u00f3n en la v\u00eda p\u00fablica. Sin embargo, no muchas empresas de camiones comerciales o conductores de camiones cumplir\u00e1n con estos requisitos. Ha habido casos en los que una empresa de camiones comerciales ha ofrecido programas de capacitaci\u00f3n deficientes o ha permitido que camioneros sin experiencia salgan a la carretera. Estas acciones negligentes pueden aumentar la probabilidad de que ocurra un accidente de cami\u00f3n.<\/p>\n<p>La falta de mantenimiento es otro problema que ha contribuido a la causa de un accidente de cami\u00f3n. Las empresas de camiones comerciales deben mantener todos los camiones en buenas condiciones antes de permitir que los conductores los lleven a dar una vuelta. Sin embargo, dado que las empresas de camiones est\u00e1n impulsadas principalmente por las ganancias, es posible que no siempre invierten por completo el tiempo y el dinero necesarios para mantener adecuadamente sus camiones. Como resultado, es probable que un cami\u00f3n con mantenimiento deficiente se desmorone durante un viaje. La empresa de camiones comerciales puede ser considerada responsable de los da\u00f1os o lesiones causados \u200b\u200bpor su negligencia.<\/p>\n<p><strong>Exceso de velocidad.&nbsp;<\/strong>Los conductores de camiones est\u00e1n obligados a cumplir con las obligaciones relacionadas con el trabajo antes de sus fechas l\u00edmite. Sin embargo, muchos factores pueden contribuir a que el conductor del cami\u00f3n no pueda cumplir con su horario, como las malas condiciones clim\u00e1ticas, los peligros en la carretera o el tr\u00e1fico lento. Debido a la enorme cantidad de estr\u00e9s que se les impone a los conductores de camiones, pueden sentirse obligados a cometer acciones negligentes, como exceso de velocidad, para evitar atrasarse en sus tareas. Sin embargo, se est\u00e1n poniendo en una situaci\u00f3n peligrosa ya que en cualquier momento puede ocurrir un accidente de cami\u00f3n.<\/p>\n<p><strong>Fatiga.<\/strong> Un conductor de cami\u00f3n suele conducir hasta 11 horas al d\u00eda. Durante estos turnos prolongados, la mayor\u00eda de los conductores de camiones comienzan a desarrollar fatiga severa. Como se mencion\u00f3 anteriormente, los conductores de camiones a menudo se ven presionados para cumplir con los plazos. Esto puede afectar la cantidad de tiempo que se dan para descansar, lo que en \u00faltima instancia puede provocar que el conductor del cami\u00f3n se quede dormido al volante y tenga un accidente.<\/p>\n<p><strong>Conducci\u00f3n distra\u00edda.<\/strong> Los camioneros pasan la mayor parte de su tiempo en la carretera. A medida que pasan varias horas, el conductor de un cami\u00f3n puede comenzar a aburrirse y dirigir su atenci\u00f3n a otras cosas, como su tel\u00e9fono. Independientemente de si fue un vistazo r\u00e1pido para verificar si hay llamadas o mensajes de texto, una distracci\u00f3n aparentemente inofensiva que dura unos segundos a\u00fan podr\u00eda provocar un accidente.<\/p>\n<p><strong>Consumo de drogas y alcohol.&nbsp;<\/strong>Como se indic\u00f3 anteriormente, los conductores de camiones a menudo se ven sometidos a una enorme presi\u00f3n para desempe\u00f1arse bien. Algunos camioneros creen que las drogas o el alcohol pueden ayudarlos a aliviar su estr\u00e9s o permitirles continuar conduciendo sin sentirse agotados. De todos modos, es extremadamente peligroso conducir un veh\u00edculo grande en estado de ebriedad. El conductor del cami\u00f3n no solo arriesgar\u00e1 su propia vida, sino tambi\u00e9n la vida de otros automovilistas y peatones inocentes.<\/p>\n<h2><strong>Liquidaci\u00f3n por Accidente de Cami\u00f3n<\/strong><\/h2>\n<p>Aquellos que han sufrido lesiones graves debido a un accidente de cami\u00f3n probablemente necesitar\u00e1n atenci\u00f3n m\u00e9dica inmediata. En algunos casos, la v\u00edctima necesitar\u00e1 atenci\u00f3n m\u00e9dica a largo plazo, lo que puede resultar costoso. Adem\u00e1s, la v\u00edctima puede quedar en una posici\u00f3n en la que no puede trabajar o no puede realizar sus tareas relacionadas con el trabajo de la misma manera que lo hac\u00eda antes del incidente. Esto puede resultar en dificultades financieras.&nbsp;<\/p>\n<p>Para recuperar los da\u00f1os, se recomienda que la v\u00edctima se comunique con un abogado experimentado en lesiones personales de Fresno que lo ayudar\u00e1 a fortalecer su reclamo y obtener la compensaci\u00f3n que merece. Los montos de liquidaci\u00f3n de accidentes de camiones pueden variar debido a que cada situaci\u00f3n tiene su propio problema \u00fanico.<\/p>\n<h2><strong>Da\u00f1os Disponibles&nbsp;<\/strong><\/h2>\n<p>Los da\u00f1os son un tipo de compensaci\u00f3n monetaria determinada por un tribunal de justicia para ayudar a compensar a una persona agraviada por cualquier p\u00e9rdida o lesi\u00f3n sufrida como resultado de la negligencia de alguien. En un accidente de cami\u00f3n, los da\u00f1os pueden variar seg\u00fan la situaci\u00f3n. Por lo general, la v\u00edctima puede recibir da\u00f1os econ\u00f3micos y no econ\u00f3micos.<\/p>\n<p><strong>Los da\u00f1os econ\u00f3micos&nbsp;<\/strong>est\u00e1n destinados a compensar al demandante por las p\u00e9rdidas a las que se puede adjuntar f\u00e1cilmente una cantidad en d\u00f3lares. Se calcula determinando la cantidad de p\u00e9rdidas de bolsillo que una persona agraviada tiene o esperar\u00e1 incurrir como resultado de sus lesiones. Algunos ejemplos de p\u00e9rdidas econ\u00f3micas incluyen la p\u00e9rdida de la capacidad de generar ingresos, la reparaci\u00f3n de veh\u00edculos, las facturas m\u00e9dicas y la p\u00e9rdida de salarios.<\/p>\n<p><strong>Los da\u00f1os no econ\u00f3micos&nbsp;<\/strong>est\u00e1n destinados esencialmente a cubrir p\u00e9rdidas que se consideran subjetivas y no necesariamente cubrir\u00e1n p\u00e9rdidas de bolsillo. Puede incluir compensaci\u00f3n por angustia emocional, dolor y sufrimiento, y p\u00e9rdida del disfrute de la vida.<\/p>\n<p>El tercer tipo de da\u00f1os que un tribunal de California puede otorgar se conoce como<a href=\"https:\/\/www.law.cornell.edu\/wex\/punitive_damages\"><strong> da\u00f1os punitivos<\/strong><\/a>. Los da\u00f1os punitivos tienen la intenci\u00f3n de ser un castigo y solo se otorgan cuando el comportamiento del acusado es especialmente da\u00f1ino. Es relativamente raro y, de hecho, s\u00f3lo se incorpor\u00f3 en el 5 por ciento de todos los veredictos. Adem\u00e1s, no existe un est\u00e1ndar real establecido para calcular y otorgar da\u00f1os punitivos. Los da\u00f1os punitivos se otorgan a discreci\u00f3n del tribunal y variar\u00e1n seg\u00fan las circunstancias espec\u00edficas de cada caso.<\/p>\n<p><strong>Los Abogados de la Costa Oeste est\u00e1n Aqu\u00ed para Ayudarlo<\/strong><\/p>\n<p>Si ha sufrido lesiones en un accidente de cami\u00f3n como resultado de la negligencia de alguien o actos deliberados de malicia, tiene derecho a responsabilizar a la parte culpable por sus p\u00e9rdidas. Un abogado de accidentes de camiones en Fresno en&nbsp;<a href=\"\/\"><strong>Los Abogados de la Costa Oeste<\/strong><\/a><strong>&nbsp;<\/strong>le ayudar\u00e1 a recuperar una compensaci\u00f3n por sus p\u00e9rdidas.<\/p>\n<p>Para programar una consulta gratuita en nuestro bufete de abogados de lesiones personales de Fresno, comun\u00edquese con nuestro equipo legal las 24 horas, los 7 d\u00edas de la semana llamando al&nbsp;<strong>213-927-3700<\/strong> o enviando un correo electr\u00f3nico&nbsp;<a href=\"mailto:info@westcoasttriallawyers.com\">a&nbsp;<strong>info@westcoasttriallawyers.com<\/strong><\/a>.<br \/>\n<!-- WCTL_DEBUG: no shortcode in this_content --><\/p>\n","protected":false},"excerpt":{"rendered":"<p>\u00bfQui\u00e9n puede Tener la Culpa de un Accidente de Cami\u00f3n? \u00bfC\u00f3mo se Determinar\u00e1 una Oferta de Liquidaci\u00f3n? Los accidentes de camiones tienen la capacidad de crear un resultado desastroso debido al gran tama\u00f1o y potencia del veh\u00edculo. En&nbsp;Octubre de 2012, ocurri\u00f3 un accidente de cami\u00f3n en la autopista 99 en direcci\u00f3n norte en el condado [&hellip;]<\/p>\n","protected":false},"author":475,"featured_media":45586,"parent":47276,"menu_order":0,"comment_status":"closed","ping_status":"closed","template":"","meta":{"inline_featured_image":false,"footnotes":""},"class_list":["post-12813","page","type-page","status-publish","has-post-thumbnail","hentry"],"acf":[],"yoast_head":"<!-- This site is optimized with the Yoast SEO Premium plugin v26.0 (Yoast SEO v26.0) - https:\/\/yoast.com\/wordpress\/plugins\/seo\/ -->\n<title>Abogado de Accidentes de Camiones en Fresno | West Coast Trial Lawyers<\/title>\n<meta name=\"robots\" content=\"index, follow, max-snippet:-1, max-image-preview:large, max-video-preview:-1\" \/>\n<link rel=\"canonical\" href=\"https:\/\/westcoasttriallawyers.com\/es\/california\/fresno\/abogado-de-accidentes-de-camiones-en-fresno\" \/>\n<meta property=\"og:locale\" content=\"es_ES\" \/>\n<meta property=\"og:type\" content=\"article\" \/>\n<meta property=\"og:title\" content=\"Abogado de Accidentes de Camiones en Fresno\" \/>\n<meta property=\"og:description\" content=\"\u00bfQui\u00e9n puede Tener la Culpa de un Accidente de Cami\u00f3n? \u00bfC\u00f3mo se Determinar\u00e1 una Oferta de Liquidaci\u00f3n? Los accidentes de camiones tienen la capacidad de crear un resultado desastroso debido al gran tama\u00f1o y potencia del veh\u00edculo. En&nbsp;Octubre de 2012, ocurri\u00f3 un accidente de cami\u00f3n en la autopista 99 en direcci\u00f3n norte en el condado [&hellip;]\" \/>\n<meta property=\"og:url\" content=\"https:\/\/westcoasttriallawyers.com\/es\/california\/fresno\/abogado-de-accidentes-de-camiones-en-fresno\" \/>\n<meta property=\"og:site_name\" content=\"West Coast Trial Lawyers\" \/>\n<meta property=\"article:publisher\" content=\"https:\/\/www.facebook.com\/westcoasttriallawyers\/\" \/>\n<meta property=\"article:modified_time\" content=\"2026-01-21T08:51:18+00:00\" \/>\n<meta property=\"og:image\" content=\"https:\/\/westcoasttriallawyers.com\/wp-content\/uploads\/2025\/07\/Fresno-25.webp\" \/>\n\t<meta property=\"og:image:width\" content=\"557\" \/>\n\t<meta property=\"og:image:height\" content=\"327\" \/>\n\t<meta property=\"og:image:type\" content=\"image\/webp\" \/>\n<meta name=\"twitter:card\" content=\"summary_large_image\" \/>\n<meta name=\"twitter:site\" content=\"@WestCoastTrial\" \/>\n<meta name=\"twitter:label1\" content=\"Tiempo de lectura\" \/>\n\t<meta name=\"twitter:data1\" content=\"14 minutos\" \/>\n<script type=\"application\/ld+json\" class=\"yoast-schema-graph\">{\"@context\":\"https:\/\/schema.org\",\"@graph\":[{\"@type\":[\"WebPage\",\"ItemPage\"],\"@id\":\"https:\/\/westcoasttriallawyers.com\/es\/california\/fresno\/abogado-de-accidentes-de-camiones-en-fresno\",\"url\":\"https:\/\/westcoasttriallawyers.com\/es\/california\/fresno\/abogado-de-accidentes-de-camiones-en-fresno\",\"name\":\"Abogado de Accidentes de Camiones en Fresno | West Coast Trial Lawyers\",\"isPartOf\":{\"@id\":\"https:\/\/westcoasttriallawyers.com\/es#website\"},\"primaryImageOfPage\":{\"@id\":\"https:\/\/westcoasttriallawyers.com\/es\/california\/fresno\/abogado-de-accidentes-de-camiones-en-fresno#primaryimage\"},\"image\":{\"@id\":\"https:\/\/westcoasttriallawyers.com\/es\/california\/fresno\/abogado-de-accidentes-de-camiones-en-fresno#primaryimage\"},\"thumbnailUrl\":\"https:\/\/westcoasttriallawyers.com\/wp-content\/uploads\/2025\/07\/Fresno-25.webp\",\"datePublished\":\"2026-01-13T21:30:40+00:00\",\"dateModified\":\"2026-01-21T08:51:18+00:00\",\"breadcrumb\":{\"@id\":\"https:\/\/westcoasttriallawyers.com\/es\/california\/fresno\/abogado-de-accidentes-de-camiones-en-fresno#breadcrumb\"},\"inLanguage\":\"es\",\"potentialAction\":[{\"@type\":\"ReadAction\",\"target\":[\"https:\/\/westcoasttriallawyers.com\/es\/california\/fresno\/abogado-de-accidentes-de-camiones-en-fresno\"]}]},{\"@type\":\"ImageObject\",\"inLanguage\":\"es\",\"@id\":\"https:\/\/westcoasttriallawyers.com\/es\/california\/fresno\/abogado-de-accidentes-de-camiones-en-fresno#primaryimage\",\"url\":\"https:\/\/westcoasttriallawyers.com\/wp-content\/uploads\/2025\/07\/Fresno-25.webp\",\"contentUrl\":\"https:\/\/westcoasttriallawyers.com\/wp-content\/uploads\/2025\/07\/Fresno-25.webp\",\"width\":557,\"height\":327},{\"@type\":\"BreadcrumbList\",\"@id\":\"https:\/\/westcoasttriallawyers.com\/es\/california\/fresno\/abogado-de-accidentes-de-camiones-en-fresno#breadcrumb\",\"itemListElement\":[{\"@type\":\"ListItem\",\"position\":1,\"name\":\"Inicio\",\"item\":\"https:\/\/westcoasttriallawyers.com\/es\"},{\"@type\":\"ListItem\",\"position\":2,\"name\":\"California\",\"item\":\"https:\/\/westcoasttriallawyers.com\/es\/california\"},{\"@type\":\"ListItem\",\"position\":3,\"name\":\"Fresno\",\"item\":\"https:\/\/westcoasttriallawyers.com\/es\/california\/fresno\"},{\"@type\":\"ListItem\",\"position\":4,\"name\":\"Abogado de Accidentes de Camiones en Fresno\"}]},{\"@type\":\"WebSite\",\"@id\":\"https:\/\/westcoasttriallawyers.com\/es#website\",\"url\":\"https:\/\/westcoasttriallawyers.com\/es\",\"name\":\"West Coast Trial Lawyers\",\"description\":\"West Coast Trial Lawyers\",\"publisher\":{\"@id\":\"https:\/\/westcoasttriallawyers.com\/es#organization\"},\"alternateName\":\"WCTL\",\"potentialAction\":[{\"@type\":\"SearchAction\",\"target\":{\"@type\":\"EntryPoint\",\"urlTemplate\":\"https:\/\/westcoasttriallawyers.com\/es?s={search_term_string}\"},\"query-input\":{\"@type\":\"PropertyValueSpecification\",\"valueRequired\":true,\"valueName\":\"search_term_string\"}}],\"inLanguage\":\"es\"},{\"@type\":\"Organization\",\"@id\":\"https:\/\/westcoasttriallawyers.com\/es#organization\",\"name\":\"West Coast Trial Lawyers\",\"alternateName\":\"WCTL\",\"url\":\"https:\/\/westcoasttriallawyers.com\/es\",\"logo\":{\"@type\":\"ImageObject\",\"inLanguage\":\"es\",\"@id\":\"https:\/\/westcoasttriallawyers.com\/es#\/schema\/logo\/image\/\",\"url\":\"https:\/\/westcoasttriallawyers.com\/wp-content\/uploads\/2026\/02\/WCTL-Logo.jpg\",\"contentUrl\":\"https:\/\/westcoasttriallawyers.com\/wp-content\/uploads\/2026\/02\/WCTL-Logo.jpg\",\"width\":696,\"height\":696,\"caption\":\"West Coast Trial Lawyers\"},\"image\":{\"@id\":\"https:\/\/westcoasttriallawyers.com\/es#\/schema\/logo\/image\/\"},\"sameAs\":[\"https:\/\/www.facebook.com\/westcoasttriallawyers\/\",\"https:\/\/x.com\/WestCoastTrial\",\"https:\/\/www.linkedin.com\/company\/west-coast-trial-lawyers\/\",\"https:\/\/www.instagram.com\/westcoasttriallawyers\/\",\"https:\/\/www.yelp.com\/biz\/west-coast-trial-lawyers-los-angeles-2\",\"https:\/\/www.pinterest.com\/westcoasttrial\/\",\"https:\/\/www.youtube.com\/westcoasttriallawyersla\/\",\"https:\/\/www.tiktok.com\/westcoasttriallawyers\"],\"description\":\"West Coast Trial Lawyers is a top-rated personal injury law firm with a goal to provide expert legal representation to those in need. The law firm has offices across California, Nevada, Arizona, and Washington.\",\"legalName\":\"West Coast Trial Lawyers\"}]}<\/script>\n<!-- \/ Yoast SEO Premium plugin. -->","yoast_head_json":{"title":"Abogado de Accidentes de Camiones en Fresno | West Coast Trial Lawyers","robots":{"index":"index","follow":"follow","max-snippet":"max-snippet:-1","max-image-preview":"max-image-preview:large","max-video-preview":"max-video-preview:-1"},"canonical":"https:\/\/westcoasttriallawyers.com\/es\/california\/fresno\/abogado-de-accidentes-de-camiones-en-fresno","og_locale":"es_ES","og_type":"article","og_title":"Abogado de Accidentes de Camiones en Fresno","og_description":"\u00bfQui\u00e9n puede Tener la Culpa de un Accidente de Cami\u00f3n? \u00bfC\u00f3mo se Determinar\u00e1 una Oferta de Liquidaci\u00f3n? Los accidentes de camiones tienen la capacidad de crear un resultado desastroso debido al gran tama\u00f1o y potencia del veh\u00edculo. En&nbsp;Octubre de 2012, ocurri\u00f3 un accidente de cami\u00f3n en la autopista 99 en direcci\u00f3n norte en el condado [&hellip;]","og_url":"https:\/\/westcoasttriallawyers.com\/es\/california\/fresno\/abogado-de-accidentes-de-camiones-en-fresno","og_site_name":"West Coast Trial Lawyers","article_publisher":"https:\/\/www.facebook.com\/westcoasttriallawyers\/","article_modified_time":"2026-01-21T08:51:18+00:00","og_image":[{"width":557,"height":327,"url":"https:\/\/westcoasttriallawyers.com\/wp-content\/uploads\/2025\/07\/Fresno-25.webp","type":"image\/webp"}],"twitter_card":"summary_large_image","twitter_site":"@WestCoastTrial","twitter_misc":{"Tiempo de lectura":"14 minutos"},"schema":{"@context":"https:\/\/schema.org","@graph":[{"@type":["WebPage","ItemPage"],"@id":"https:\/\/westcoasttriallawyers.com\/es\/california\/fresno\/abogado-de-accidentes-de-camiones-en-fresno","url":"https:\/\/westcoasttriallawyers.com\/es\/california\/fresno\/abogado-de-accidentes-de-camiones-en-fresno","name":"Abogado de Accidentes de Camiones en Fresno | West Coast Trial Lawyers","isPartOf":{"@id":"https:\/\/westcoasttriallawyers.com\/es#website"},"primaryImageOfPage":{"@id":"https:\/\/westcoasttriallawyers.com\/es\/california\/fresno\/abogado-de-accidentes-de-camiones-en-fresno#primaryimage"},"image":{"@id":"https:\/\/westcoasttriallawyers.com\/es\/california\/fresno\/abogado-de-accidentes-de-camiones-en-fresno#primaryimage"},"thumbnailUrl":"https:\/\/westcoasttriallawyers.com\/wp-content\/uploads\/2025\/07\/Fresno-25.webp","datePublished":"2026-01-13T21:30:40+00:00","dateModified":"2026-01-21T08:51:18+00:00","breadcrumb":{"@id":"https:\/\/westcoasttriallawyers.com\/es\/california\/fresno\/abogado-de-accidentes-de-camiones-en-fresno#breadcrumb"},"inLanguage":"es","potentialAction":[{"@type":"ReadAction","target":["https:\/\/westcoasttriallawyers.com\/es\/california\/fresno\/abogado-de-accidentes-de-camiones-en-fresno"]}]},{"@type":"ImageObject","inLanguage":"es","@id":"https:\/\/westcoasttriallawyers.com\/es\/california\/fresno\/abogado-de-accidentes-de-camiones-en-fresno#primaryimage","url":"https:\/\/westcoasttriallawyers.com\/wp-content\/uploads\/2025\/07\/Fresno-25.webp","contentUrl":"https:\/\/westcoasttriallawyers.com\/wp-content\/uploads\/2025\/07\/Fresno-25.webp","width":557,"height":327},{"@type":"BreadcrumbList","@id":"https:\/\/westcoasttriallawyers.com\/es\/california\/fresno\/abogado-de-accidentes-de-camiones-en-fresno#breadcrumb","itemListElement":[{"@type":"ListItem","position":1,"name":"Inicio","item":"https:\/\/westcoasttriallawyers.com\/es"},{"@type":"ListItem","position":2,"name":"California","item":"https:\/\/westcoasttriallawyers.com\/es\/california"},{"@type":"ListItem","position":3,"name":"Fresno","item":"https:\/\/westcoasttriallawyers.com\/es\/california\/fresno"},{"@type":"ListItem","position":4,"name":"Abogado de Accidentes de Camiones en Fresno"}]},{"@type":"WebSite","@id":"https:\/\/westcoasttriallawyers.com\/es#website","url":"https:\/\/westcoasttriallawyers.com\/es","name":"West Coast Trial Lawyers","description":"West Coast Trial Lawyers","publisher":{"@id":"https:\/\/westcoasttriallawyers.com\/es#organization"},"alternateName":"WCTL","potentialAction":[{"@type":"SearchAction","target":{"@type":"EntryPoint","urlTemplate":"https:\/\/westcoasttriallawyers.com\/es?s={search_term_string}"},"query-input":{"@type":"PropertyValueSpecification","valueRequired":true,"valueName":"search_term_string"}}],"inLanguage":"es"},{"@type":"Organization","@id":"https:\/\/westcoasttriallawyers.com\/es#organization","name":"West Coast Trial Lawyers","alternateName":"WCTL","url":"https:\/\/westcoasttriallawyers.com\/es","logo":{"@type":"ImageObject","inLanguage":"es","@id":"https:\/\/westcoasttriallawyers.com\/es#\/schema\/logo\/image\/","url":"https:\/\/westcoasttriallawyers.com\/wp-content\/uploads\/2026\/02\/WCTL-Logo.jpg","contentUrl":"https:\/\/westcoasttriallawyers.com\/wp-content\/uploads\/2026\/02\/WCTL-Logo.jpg","width":696,"height":696,"caption":"West Coast Trial Lawyers"},"image":{"@id":"https:\/\/westcoasttriallawyers.com\/es#\/schema\/logo\/image\/"},"sameAs":["https:\/\/www.facebook.com\/westcoasttriallawyers\/","https:\/\/x.com\/WestCoastTrial","https:\/\/www.linkedin.com\/company\/west-coast-trial-lawyers\/","https:\/\/www.instagram.com\/westcoasttriallawyers\/","https:\/\/www.yelp.com\/biz\/west-coast-trial-lawyers-los-angeles-2","https:\/\/www.pinterest.com\/westcoasttrial\/","https:\/\/www.youtube.com\/westcoasttriallawyersla\/","https:\/\/www.tiktok.com\/westcoasttriallawyers"],"description":"West Coast Trial Lawyers is a top-rated personal injury law firm with a goal to provide expert legal representation to those in need. The law firm has offices across California, Nevada, Arizona, and Washington.","legalName":"West Coast Trial Lawyers"}]}},"_links":{"self":[{"href":"https:\/\/westcoasttriallawyers.com\/es\/wp-json\/wp\/v2\/pages\/12813","targetHints":{"allow":["GET"]}}],"collection":[{"href":"https:\/\/westcoasttriallawyers.com\/es\/wp-json\/wp\/v2\/pages"}],"about":[{"href":"https:\/\/westcoasttriallawyers.com\/es\/wp-json\/wp\/v2\/types\/page"}],"author":[{"embeddable":true,"href":"https:\/\/westcoasttriallawyers.com\/es\/wp-json\/wp\/v2\/users\/475"}],"replies":[{"embeddable":true,"href":"https:\/\/westcoasttriallawyers.com\/es\/wp-json\/wp\/v2\/comments?post=12813"}],"version-history":[{"count":3,"href":"https:\/\/westcoasttriallawyers.com\/es\/wp-json\/wp\/v2\/pages\/12813\/revisions"}],"predecessor-version":[{"id":47612,"href":"https:\/\/westcoasttriallawyers.com\/es\/wp-json\/wp\/v2\/pages\/12813\/revisions\/47612"}],"up":[{"embeddable":true,"href":"https:\/\/westcoasttriallawyers.com\/es\/wp-json\/wp\/v2\/pages\/47276"}],"wp:featuredmedia":[{"embeddable":true,"href":"https:\/\/westcoasttriallawyers.com\/es\/wp-json\/wp\/v2\/media\/45586"}],"wp:attachment":[{"href":"https:\/\/westcoasttriallawyers.com\/es\/wp-json\/wp\/v2\/media?parent=12813"}],"curies":[{"name":"wp","href":"https:\/\/api.w.org\/{rel}","templated":true}]}}