{"id":12812,"date":"2026-01-13T21:30:29","date_gmt":"2026-01-13T21:30:29","guid":{"rendered":"https:\/\/wctl1stg.wpengine.com\/?page_id=12812"},"modified":"2026-01-21T08:24:16","modified_gmt":"2026-01-21T08:24:16","slug":"abogado-de-accidentes-de-autobus-de-fresno","status":"publish","type":"page","link":"https:\/\/westcoasttriallawyers.com\/es\/california\/fresno\/abogado-de-accidentes-de-autobus-de-fresno","title":{"rendered":"Abogado de Accidentes de Autob\u00fas de Fresno"},"content":{"rendered":"<h2><strong>Tipos comunes de Accidentes y Lesiones de Autob\u00fas<\/strong><\/h2>\n<p><strong>Fresno\u00a0<\/strong>tiene\u00a0<a href=\"https:\/\/www.fresno.gov\/transportation\/fax\/routes\/\"><strong>18 rutas de autob\u00fas expr\u00e9s y 4 rutas de tr\u00e1nsito de Clovis.<\/strong><\/a> La apertura de numerosas rutas de autob\u00fas permite a las personas tener m\u00e1s acceso a los viajes. Antes de que los autobuses se utilicen para el transporte p\u00fablico, se deben realizar inspecciones para garantizar que los autobuses est\u00e9n en buenas condiciones. Despu\u00e9s de que todo est\u00e9 despejado, el conductor del autob\u00fas puede comenzar su turno. Una vez que los pasajeros suben al autob\u00fas, se espera que el conductor del autob\u00fas brinde un deber de cuidado para garantizar que todos est\u00e9n seguros. Desafortunadamente, muchos obst\u00e1culos, como conductores negligentes, peligros en la carretera y malas condiciones clim\u00e1ticas, pueden alterar el resultado de un viaje.\u00a0<\/p>\n<p>Aquellos que han estado involucrados en un accidente de autob\u00fas pueden tener derecho a presentar una demanda por lesiones personales contra la parte culpable por sus p\u00e9rdidas. Es ideal ponerse en contacto con un abogado con experiencia en accidentes de autob\u00fas en Fresno que evaluar\u00e1 su caso para determinar qui\u00e9n debe ser responsable de sus lesiones y\/o da\u00f1os. En West Coast Trial Lawyers, nuestros\u00a0<strong>abogados de accidentes de autob\u00fas en Fresno<\/strong> tienen m\u00e1s de 60 a\u00f1os de experiencia legal colectiva en el manejo de casos de lesiones personales. Hemos ganado m\u00e1s de 5,000 casos y recuperado m\u00e1s de $1,000 millones en acuerdos para nuestros clientes. Debido a nuestros logros, hemos sido clasificados como uno de los mejores bufetes de abogados de lesiones personales en Fresno.<\/p>\n<p>Para programar una consulta gratuita y sin compromiso en nuestro\u00a0<strong>bufete de abogados de lesiones personales de Fresno<\/strong>, comun\u00edquese con nuestro equipo legal las 24 horas, los 7 d\u00edas de la semana llamando al\u00a0<strong>213-927-3700\u00a0<\/strong>o enviando un correo electr\u00f3nico\u00a0<a href=\"mailto:info@westcoasttriallawyers.com\">a\u00a0<strong>info@westcoasttriallawyers.com<\/strong><\/a>.<\/p>\n<p><strong>Tipos de Accidentes de Autob\u00fas\u00a0<\/strong><\/p>\n<p>Los accidentes de autob\u00fas tienen la capacidad de causar un resultado desastroso. Debido a su gran tama\u00f1o, el impacto podr\u00eda involucrar a varios veh\u00edculos. Adem\u00e1s, varios pasajeros podr\u00edan sufrir lesiones graves o morir. El resultado de cada accidente de autob\u00fas puede diferir seg\u00fan el tipo de autob\u00fas y el impacto infligido.<\/p>\n<p>Un\u00a0<strong>accidente de autob\u00fas escolar<\/strong> puede ocurrir mientras el conductor del autob\u00fas recoge o deja a los ni\u00f1os en la casa o en la escuela. Para mantener a estos ni\u00f1os a salvo de un accidente, se han establecido leyes de California para informar a los conductores sobre los pasos importantes que deben tomar para evitar chocar contra un autob\u00fas escolar. Por ejemplo:<\/p>\n<ul>\n<li>en una carretera de dos carriles sin mediana, el tr\u00e1fico de ambos lados debe detenerse.<\/li>\n<li>En una carretera de dos carriles que tiene un carril de giro central, se requiere que el tr\u00e1fico de ambos lados se detenga.<\/li>\n<li>Los veh\u00edculos pueden pasar por un autob\u00fas escolar despu\u00e9s de que la se\u00f1al de alto ya no est\u00e9 presente, el autob\u00fas escolar est\u00e9 conduciendo o el conductor del autob\u00fas le d\u00e9 una se\u00f1al para pasar.\u00a0<\/li>\n<li>Cuando hay cuatro carriles, el lado de la carretera que no tiene un autob\u00fas escolar detenido puede proceder a conducir con precauci\u00f3n.<\/li>\n<li>Si hay un divisor elevado, el lado de la carretera que no tiene un autob\u00fas escolar detenido puede proceder a conducir con precauci\u00f3n.\u00a0<\/li>\n<li>Los veh\u00edculos en una carretera de dos carriles que tienen una mediana no est\u00e1n obligados a detenerse si el autob\u00fas se detiene en el lado opuesto de la carretera.<\/li>\n<\/ul>\n<p>En California, si se sorprende a un conductor rebasando un autob\u00fas escolar, se le impondr\u00e1 una multa de hasta $600.<\/p>\n<p><strong>Los accidentes de autobuses de transporte p\u00fablico<\/strong> tambi\u00e9n comparten resultados similares a los de un accidente de autob\u00fas escolar. La \u00fanica diferencia son los pasajeros a bordo. Casi todos los pasajeros mencionados son personas mayores que dependen del transporte p\u00fablico para ir al trabajo, a casa u otros lugares. Otros tipos comunes de autobuses de transporte p\u00fablico que han estado involucrados en accidentes de autob\u00fas incluyen los siguientes:<\/p>\n<ul>\n<li><strong>Autob\u00fas de carga.\u00a0<\/strong>Este autob\u00fas transporta carga de un lugar a otro. Existe un l\u00edmite de peso espec\u00edfico para los autobuses de carga de 40 pies, que es de 33,000 libras. Los pesos completamente cargados son de hasta 44,000 libras. Los autobuses de carga que miden 60 pies tienen un l\u00edmite de peso de hasta 50,000 libras. Los pesos completamente cargados son de hasta 65,000 libras. Si un autob\u00fas de carga excede el l\u00edmite m\u00e1ximo, ser\u00e1 dif\u00edcil para el conductor controlar el veh\u00edculo.\u00a0<\/li>\n<li><strong>Autob\u00fas de enlace.\u00a0<\/strong>Los hoteles y las universidades suelen utilizar este autob\u00fas para transportar a sus invitados o estudiantes. Un autob\u00fas lanzadera puede ser dif\u00edcil de operar debido a su tama\u00f1o y forma.\u00a0<\/li>\n<li><strong>Autob\u00fas privado, comercial y ch\u00e1rter.\u00a0<\/strong>La mayor\u00eda de estos autobuses se utilizan para excursiones o fiestas. Algunos est\u00e1n dise\u00f1ados como autobuses de lujo. El conductor de este tipo de autob\u00fas debe permanecer concentrado en la carretera para garantizar que los pasajeros lleguen seguros a su destino. El no hacerlo podr\u00eda resultar en un accidente.\u00a0<\/li>\n<\/ul>\n<p>Es importante tener en cuenta que todos los autobuses deben someterse a inspecciones peri\u00f3dicas para garantizar que no haya piezas defectuosas. Las empresas que no verifican los autobuses por cualquier problema pueden ser responsables si contribuyen a la causa de un accidente de autob\u00fas.\u00a0<\/p>\n<p><strong>Lesiones por Accidentes de Autob\u00fas\u00a0<\/strong><\/p>\n<p>Las lesiones por accidentes de autob\u00fas pueden variar. Todo depende de qu\u00e9 tan poderoso fue el nivel de impacto entre el autob\u00fas y el otro objeto, como un veh\u00edculo, un edificio o un \u00e1rbol. Las lesiones comunes en accidentes de autob\u00fas que se han informado incluyen las siguientes:<\/p>\n<ul>\n<li><strong>Lesiones Cuello.<\/strong> Esto ocurre cuando se da\u00f1an los tejidos blandos del cuello. Este tipo de lesi\u00f3n generalmente es causada por un accidente brusco. Puede comenzar a experimentar s\u00edntomas d\u00edas, semanas o meses despu\u00e9s. Los s\u00edntomas notables a tener en cuenta incluyen dolor de cuello, hinchaz\u00f3n, dolor de cabeza, mareos, visi\u00f3n borrosa, sensaci\u00f3n de ardor, falta de concentraci\u00f3n, dificultad para dormir o dolor en el brazo, la espalda o el hombro.<\/li>\n<li><strong>Lesi\u00f3n de la m\u00e9dula espinal.<\/strong> Se puede producir una lesi\u00f3n de la m\u00e9dula espinal si el conductor o los pasajeros soportan un impacto fuerte en la zona de la espalda. Si golpea violentamente la espalda contra los asientos del autob\u00fas o sale expulsado del veh\u00edculo, es probable que se produzca una lesi\u00f3n en la m\u00e9dula espinal. Los s\u00edntomas var\u00edan seg\u00fan el segmento vertebral afectado. Sin embargo, los s\u00edntomas generales que se han informado incluyen debilidad en los m\u00fasculos, espasmos musculares, entumecimiento, dificultad para respirar, hormigueo, problemas digestivos o sensaci\u00f3n de escozor.<\/li>\n<li><strong>Lesi\u00f3n craneal.<\/strong>\u00a0Puede ocurrir una lesi\u00f3n en la cabeza o una lesi\u00f3n cerebral traum\u00e1tica (TBI, por sus siglas en ingl\u00e9s) si el conductor del autob\u00fas o un pasajero golpea violentamente su cabeza contra objetos cercanos, como el volante, las ventanas o los asientos del autob\u00fas. Los s\u00edntomas de una lesi\u00f3n en la cabeza incluyen dolor de cabeza, n\u00e1useas, v\u00f3mitos, fatiga, dificultad para hablar, mareos, sensibilidad a la luz o al sonido, visi\u00f3n borrosa, problemas de memoria, cambios de humor, p\u00e9rdida del conocimiento, convulsiones, l\u00edquido transparente que drena de la nariz o los o\u00eddos, entumecimiento en los dedos de las manos o de los pies, o cambios en los h\u00e1bitos alimenticios. Estos s\u00edntomas pueden persistir durante d\u00edas, semanas, meses o incluso a\u00f1os.\u00a0<\/li>\n<li><strong>Huesos rotos.\u00a0<\/strong>El contacto intenso con cualquier parte del cuerpo, como los brazos o las piernas, podr\u00eda provocar la fractura de un hueso. Los s\u00edntomas de un hueso roto pueden incluir dolor intenso en el \u00e1rea lesionada, incapacidad para funcionar en el \u00e1rea lesionada, hinchaz\u00f3n, hematomas o un hueso que sobresale de la piel. Por lo general, toma alrededor de 6 a 8 semanas para que un hueso sane.<\/li>\n<li><strong>Cortadas y moretones. <\/strong>Durante un accidente de autob\u00fas, las ventanas pueden romperse, lo que podr\u00eda causar que el vidrio atraviese la piel del conductor o del pasajero del autob\u00fas. Tambi\u00e9n es probable que se produzcan moretones, especialmente si un pasajero es arrojado agresivamente y golpeado contra objetos cercanos, como el asiento o la ventana de un autob\u00fas.\u00a0<\/li>\n<\/ul>\n<p><strong>Los Abogados de la Costa Oeste est\u00e1n Aqu\u00ed para Ayudarlo<\/strong><\/p>\n<p>Si ha sufrido lesiones en un accidente de autob\u00fas como resultado de la negligencia de alguien o actos deliberados de malicia, tiene derecho a responsabilizar a la parte culpable por sus p\u00e9rdidas. Un abogado de accidentes de autob\u00fas en Fresno en<a href=\"\/\"><strong> Los Abogados de la Costa Oeste<\/strong><\/a><strong>\u00a0<\/strong>le ayudar\u00e1 a recuperar una compensaci\u00f3n por sus p\u00e9rdidas.<\/p>\n<p>Para programar una consulta gratuita en nuestro bufete de abogados de lesiones personales de Fresno, comun\u00edquese con nuestro equipo legal las 24 horas, los 7 d\u00edas de la semana llamando al\u00a0<strong>213-927-3700<\/strong> o enviando un correo electr\u00f3nico\u00a0<a href=\"mailto:info@westcoasttriallawyers.com\">a<strong> info@westcoasttriallawyers.com<\/strong><\/a>.<\/p>\n<p><!-- WCTL_DEBUG: no shortcode in this_content --><\/p>\n","protected":false},"excerpt":{"rendered":"<p>Tipos comunes de Accidentes y Lesiones de Autob\u00fas Fresno\u00a0tiene\u00a018 rutas de autob\u00fas expr\u00e9s y 4 rutas de tr\u00e1nsito de Clovis. La apertura de numerosas rutas de autob\u00fas permite a las personas tener m\u00e1s acceso a los viajes. Antes de que los autobuses se utilicen para el transporte p\u00fablico, se deben realizar inspecciones para garantizar que [&hellip;]<\/p>\n","protected":false},"author":475,"featured_media":45541,"parent":47276,"menu_order":0,"comment_status":"closed","ping_status":"closed","template":"","meta":{"inline_featured_image":false,"footnotes":""},"class_list":["post-12812","page","type-page","status-publish","has-post-thumbnail","hentry"],"acf":[],"yoast_head":"<!-- This site is optimized with the Yoast SEO Premium plugin v26.0 (Yoast SEO v26.0) - https:\/\/yoast.com\/wordpress\/plugins\/seo\/ -->\n<title>Abogado de Accidentes de Autob\u00fas de Fresno | West Coast Trial Lawyers<\/title>\n<meta name=\"robots\" content=\"index, follow, max-snippet:-1, max-image-preview:large, max-video-preview:-1\" \/>\n<link rel=\"canonical\" href=\"https:\/\/westcoasttriallawyers.com\/es\/california\/fresno\/abogado-de-accidentes-de-autobus-de-fresno\" \/>\n<meta property=\"og:locale\" content=\"es_ES\" \/>\n<meta property=\"og:type\" content=\"article\" \/>\n<meta property=\"og:title\" content=\"Abogado de Accidentes de Autob\u00fas de Fresno\" \/>\n<meta property=\"og:description\" content=\"Tipos comunes de Accidentes y Lesiones de Autob\u00fas Fresno\u00a0tiene\u00a018 rutas de autob\u00fas expr\u00e9s y 4 rutas de tr\u00e1nsito de Clovis. La apertura de numerosas rutas de autob\u00fas permite a las personas tener m\u00e1s acceso a los viajes. Antes de que los autobuses se utilicen para el transporte p\u00fablico, se deben realizar inspecciones para garantizar que [&hellip;]\" \/>\n<meta property=\"og:url\" content=\"https:\/\/westcoasttriallawyers.com\/es\/california\/fresno\/abogado-de-accidentes-de-autobus-de-fresno\" \/>\n<meta property=\"og:site_name\" content=\"West Coast Trial Lawyers\" \/>\n<meta property=\"article:publisher\" content=\"https:\/\/www.facebook.com\/westcoasttriallawyers\/\" \/>\n<meta property=\"article:modified_time\" content=\"2026-01-21T08:24:16+00:00\" \/>\n<meta property=\"og:image\" content=\"https:\/\/westcoasttriallawyers.com\/wp-content\/uploads\/2025\/07\/Fresno-7.webp\" \/>\n\t<meta property=\"og:image:width\" content=\"557\" \/>\n\t<meta property=\"og:image:height\" content=\"327\" \/>\n\t<meta property=\"og:image:type\" content=\"image\/webp\" \/>\n<meta name=\"twitter:card\" content=\"summary_large_image\" \/>\n<meta name=\"twitter:site\" content=\"@WestCoastTrial\" \/>\n<meta name=\"twitter:label1\" content=\"Tiempo de lectura\" \/>\n\t<meta name=\"twitter:data1\" content=\"10 minutos\" \/>\n<script type=\"application\/ld+json\" class=\"yoast-schema-graph\">{\"@context\":\"https:\/\/schema.org\",\"@graph\":[{\"@type\":[\"WebPage\",\"ItemPage\"],\"@id\":\"https:\/\/westcoasttriallawyers.com\/es\/california\/fresno\/abogado-de-accidentes-de-autobus-de-fresno\",\"url\":\"https:\/\/westcoasttriallawyers.com\/es\/california\/fresno\/abogado-de-accidentes-de-autobus-de-fresno\",\"name\":\"Abogado de Accidentes de Autob\u00fas de Fresno | West Coast Trial Lawyers\",\"isPartOf\":{\"@id\":\"https:\/\/westcoasttriallawyers.com\/es#website\"},\"primaryImageOfPage\":{\"@id\":\"https:\/\/westcoasttriallawyers.com\/es\/california\/fresno\/abogado-de-accidentes-de-autobus-de-fresno#primaryimage\"},\"image\":{\"@id\":\"https:\/\/westcoasttriallawyers.com\/es\/california\/fresno\/abogado-de-accidentes-de-autobus-de-fresno#primaryimage\"},\"thumbnailUrl\":\"https:\/\/westcoasttriallawyers.com\/wp-content\/uploads\/2025\/07\/Fresno-7.webp\",\"datePublished\":\"2026-01-13T21:30:29+00:00\",\"dateModified\":\"2026-01-21T08:24:16+00:00\",\"breadcrumb\":{\"@id\":\"https:\/\/westcoasttriallawyers.com\/es\/california\/fresno\/abogado-de-accidentes-de-autobus-de-fresno#breadcrumb\"},\"inLanguage\":\"es\",\"potentialAction\":[{\"@type\":\"ReadAction\",\"target\":[\"https:\/\/westcoasttriallawyers.com\/es\/california\/fresno\/abogado-de-accidentes-de-autobus-de-fresno\"]}]},{\"@type\":\"ImageObject\",\"inLanguage\":\"es\",\"@id\":\"https:\/\/westcoasttriallawyers.com\/es\/california\/fresno\/abogado-de-accidentes-de-autobus-de-fresno#primaryimage\",\"url\":\"https:\/\/westcoasttriallawyers.com\/wp-content\/uploads\/2025\/07\/Fresno-7.webp\",\"contentUrl\":\"https:\/\/westcoasttriallawyers.com\/wp-content\/uploads\/2025\/07\/Fresno-7.webp\",\"width\":557,\"height\":327},{\"@type\":\"BreadcrumbList\",\"@id\":\"https:\/\/westcoasttriallawyers.com\/es\/california\/fresno\/abogado-de-accidentes-de-autobus-de-fresno#breadcrumb\",\"itemListElement\":[{\"@type\":\"ListItem\",\"position\":1,\"name\":\"Inicio\",\"item\":\"https:\/\/westcoasttriallawyers.com\/es\"},{\"@type\":\"ListItem\",\"position\":2,\"name\":\"California\",\"item\":\"https:\/\/westcoasttriallawyers.com\/es\/california\"},{\"@type\":\"ListItem\",\"position\":3,\"name\":\"Fresno\",\"item\":\"https:\/\/westcoasttriallawyers.com\/es\/california\/fresno\"},{\"@type\":\"ListItem\",\"position\":4,\"name\":\"Abogado de Accidentes de Autob\u00fas de Fresno\"}]},{\"@type\":\"WebSite\",\"@id\":\"https:\/\/westcoasttriallawyers.com\/es#website\",\"url\":\"https:\/\/westcoasttriallawyers.com\/es\",\"name\":\"West Coast Trial Lawyers\",\"description\":\"West Coast Trial Lawyers\",\"publisher\":{\"@id\":\"https:\/\/westcoasttriallawyers.com\/es#organization\"},\"alternateName\":\"WCTL\",\"potentialAction\":[{\"@type\":\"SearchAction\",\"target\":{\"@type\":\"EntryPoint\",\"urlTemplate\":\"https:\/\/westcoasttriallawyers.com\/es?s={search_term_string}\"},\"query-input\":{\"@type\":\"PropertyValueSpecification\",\"valueRequired\":true,\"valueName\":\"search_term_string\"}}],\"inLanguage\":\"es\"},{\"@type\":\"Organization\",\"@id\":\"https:\/\/westcoasttriallawyers.com\/es#organization\",\"name\":\"West Coast Trial Lawyers\",\"alternateName\":\"WCTL\",\"url\":\"https:\/\/westcoasttriallawyers.com\/es\",\"logo\":{\"@type\":\"ImageObject\",\"inLanguage\":\"es\",\"@id\":\"https:\/\/westcoasttriallawyers.com\/es#\/schema\/logo\/image\/\",\"url\":\"https:\/\/westcoasttriallawyers.com\/wp-content\/uploads\/2026\/02\/WCTL-Logo.jpg\",\"contentUrl\":\"https:\/\/westcoasttriallawyers.com\/wp-content\/uploads\/2026\/02\/WCTL-Logo.jpg\",\"width\":696,\"height\":696,\"caption\":\"West Coast Trial Lawyers\"},\"image\":{\"@id\":\"https:\/\/westcoasttriallawyers.com\/es#\/schema\/logo\/image\/\"},\"sameAs\":[\"https:\/\/www.facebook.com\/westcoasttriallawyers\/\",\"https:\/\/x.com\/WestCoastTrial\",\"https:\/\/www.linkedin.com\/company\/west-coast-trial-lawyers\/\",\"https:\/\/www.instagram.com\/westcoasttriallawyers\/\",\"https:\/\/www.yelp.com\/biz\/west-coast-trial-lawyers-los-angeles-2\",\"https:\/\/www.pinterest.com\/westcoasttrial\/\",\"https:\/\/www.youtube.com\/westcoasttriallawyersla\/\",\"https:\/\/www.tiktok.com\/westcoasttriallawyers\"],\"description\":\"West Coast Trial Lawyers is a top-rated personal injury law firm with a goal to provide expert legal representation to those in need. The law firm has offices across California, Nevada, Arizona, and Washington.\",\"legalName\":\"West Coast Trial Lawyers\"}]}<\/script>\n<!-- \/ Yoast SEO Premium plugin. -->","yoast_head_json":{"title":"Abogado de Accidentes de Autob\u00fas de Fresno | West Coast Trial Lawyers","robots":{"index":"index","follow":"follow","max-snippet":"max-snippet:-1","max-image-preview":"max-image-preview:large","max-video-preview":"max-video-preview:-1"},"canonical":"https:\/\/westcoasttriallawyers.com\/es\/california\/fresno\/abogado-de-accidentes-de-autobus-de-fresno","og_locale":"es_ES","og_type":"article","og_title":"Abogado de Accidentes de Autob\u00fas de Fresno","og_description":"Tipos comunes de Accidentes y Lesiones de Autob\u00fas Fresno\u00a0tiene\u00a018 rutas de autob\u00fas expr\u00e9s y 4 rutas de tr\u00e1nsito de Clovis. La apertura de numerosas rutas de autob\u00fas permite a las personas tener m\u00e1s acceso a los viajes. Antes de que los autobuses se utilicen para el transporte p\u00fablico, se deben realizar inspecciones para garantizar que [&hellip;]","og_url":"https:\/\/westcoasttriallawyers.com\/es\/california\/fresno\/abogado-de-accidentes-de-autobus-de-fresno","og_site_name":"West Coast Trial Lawyers","article_publisher":"https:\/\/www.facebook.com\/westcoasttriallawyers\/","article_modified_time":"2026-01-21T08:24:16+00:00","og_image":[{"width":557,"height":327,"url":"https:\/\/westcoasttriallawyers.com\/wp-content\/uploads\/2025\/07\/Fresno-7.webp","type":"image\/webp"}],"twitter_card":"summary_large_image","twitter_site":"@WestCoastTrial","twitter_misc":{"Tiempo de lectura":"10 minutos"},"schema":{"@context":"https:\/\/schema.org","@graph":[{"@type":["WebPage","ItemPage"],"@id":"https:\/\/westcoasttriallawyers.com\/es\/california\/fresno\/abogado-de-accidentes-de-autobus-de-fresno","url":"https:\/\/westcoasttriallawyers.com\/es\/california\/fresno\/abogado-de-accidentes-de-autobus-de-fresno","name":"Abogado de Accidentes de Autob\u00fas de Fresno | West Coast Trial Lawyers","isPartOf":{"@id":"https:\/\/westcoasttriallawyers.com\/es#website"},"primaryImageOfPage":{"@id":"https:\/\/westcoasttriallawyers.com\/es\/california\/fresno\/abogado-de-accidentes-de-autobus-de-fresno#primaryimage"},"image":{"@id":"https:\/\/westcoasttriallawyers.com\/es\/california\/fresno\/abogado-de-accidentes-de-autobus-de-fresno#primaryimage"},"thumbnailUrl":"https:\/\/westcoasttriallawyers.com\/wp-content\/uploads\/2025\/07\/Fresno-7.webp","datePublished":"2026-01-13T21:30:29+00:00","dateModified":"2026-01-21T08:24:16+00:00","breadcrumb":{"@id":"https:\/\/westcoasttriallawyers.com\/es\/california\/fresno\/abogado-de-accidentes-de-autobus-de-fresno#breadcrumb"},"inLanguage":"es","potentialAction":[{"@type":"ReadAction","target":["https:\/\/westcoasttriallawyers.com\/es\/california\/fresno\/abogado-de-accidentes-de-autobus-de-fresno"]}]},{"@type":"ImageObject","inLanguage":"es","@id":"https:\/\/westcoasttriallawyers.com\/es\/california\/fresno\/abogado-de-accidentes-de-autobus-de-fresno#primaryimage","url":"https:\/\/westcoasttriallawyers.com\/wp-content\/uploads\/2025\/07\/Fresno-7.webp","contentUrl":"https:\/\/westcoasttriallawyers.com\/wp-content\/uploads\/2025\/07\/Fresno-7.webp","width":557,"height":327},{"@type":"BreadcrumbList","@id":"https:\/\/westcoasttriallawyers.com\/es\/california\/fresno\/abogado-de-accidentes-de-autobus-de-fresno#breadcrumb","itemListElement":[{"@type":"ListItem","position":1,"name":"Inicio","item":"https:\/\/westcoasttriallawyers.com\/es"},{"@type":"ListItem","position":2,"name":"California","item":"https:\/\/westcoasttriallawyers.com\/es\/california"},{"@type":"ListItem","position":3,"name":"Fresno","item":"https:\/\/westcoasttriallawyers.com\/es\/california\/fresno"},{"@type":"ListItem","position":4,"name":"Abogado de Accidentes de Autob\u00fas de Fresno"}]},{"@type":"WebSite","@id":"https:\/\/westcoasttriallawyers.com\/es#website","url":"https:\/\/westcoasttriallawyers.com\/es","name":"West Coast Trial Lawyers","description":"West Coast Trial Lawyers","publisher":{"@id":"https:\/\/westcoasttriallawyers.com\/es#organization"},"alternateName":"WCTL","potentialAction":[{"@type":"SearchAction","target":{"@type":"EntryPoint","urlTemplate":"https:\/\/westcoasttriallawyers.com\/es?s={search_term_string}"},"query-input":{"@type":"PropertyValueSpecification","valueRequired":true,"valueName":"search_term_string"}}],"inLanguage":"es"},{"@type":"Organization","@id":"https:\/\/westcoasttriallawyers.com\/es#organization","name":"West Coast Trial Lawyers","alternateName":"WCTL","url":"https:\/\/westcoasttriallawyers.com\/es","logo":{"@type":"ImageObject","inLanguage":"es","@id":"https:\/\/westcoasttriallawyers.com\/es#\/schema\/logo\/image\/","url":"https:\/\/westcoasttriallawyers.com\/wp-content\/uploads\/2026\/02\/WCTL-Logo.jpg","contentUrl":"https:\/\/westcoasttriallawyers.com\/wp-content\/uploads\/2026\/02\/WCTL-Logo.jpg","width":696,"height":696,"caption":"West Coast Trial Lawyers"},"image":{"@id":"https:\/\/westcoasttriallawyers.com\/es#\/schema\/logo\/image\/"},"sameAs":["https:\/\/www.facebook.com\/westcoasttriallawyers\/","https:\/\/x.com\/WestCoastTrial","https:\/\/www.linkedin.com\/company\/west-coast-trial-lawyers\/","https:\/\/www.instagram.com\/westcoasttriallawyers\/","https:\/\/www.yelp.com\/biz\/west-coast-trial-lawyers-los-angeles-2","https:\/\/www.pinterest.com\/westcoasttrial\/","https:\/\/www.youtube.com\/westcoasttriallawyersla\/","https:\/\/www.tiktok.com\/westcoasttriallawyers"],"description":"West Coast Trial Lawyers is a top-rated personal injury law firm with a goal to provide expert legal representation to those in need. The law firm has offices across California, Nevada, Arizona, and Washington.","legalName":"West Coast Trial Lawyers"}]}},"_links":{"self":[{"href":"https:\/\/westcoasttriallawyers.com\/es\/wp-json\/wp\/v2\/pages\/12812","targetHints":{"allow":["GET"]}}],"collection":[{"href":"https:\/\/westcoasttriallawyers.com\/es\/wp-json\/wp\/v2\/pages"}],"about":[{"href":"https:\/\/westcoasttriallawyers.com\/es\/wp-json\/wp\/v2\/types\/page"}],"author":[{"embeddable":true,"href":"https:\/\/westcoasttriallawyers.com\/es\/wp-json\/wp\/v2\/users\/475"}],"replies":[{"embeddable":true,"href":"https:\/\/westcoasttriallawyers.com\/es\/wp-json\/wp\/v2\/comments?post=12812"}],"version-history":[{"count":3,"href":"https:\/\/westcoasttriallawyers.com\/es\/wp-json\/wp\/v2\/pages\/12812\/revisions"}],"predecessor-version":[{"id":47583,"href":"https:\/\/westcoasttriallawyers.com\/es\/wp-json\/wp\/v2\/pages\/12812\/revisions\/47583"}],"up":[{"embeddable":true,"href":"https:\/\/westcoasttriallawyers.com\/es\/wp-json\/wp\/v2\/pages\/47276"}],"wp:featuredmedia":[{"embeddable":true,"href":"https:\/\/westcoasttriallawyers.com\/es\/wp-json\/wp\/v2\/media\/45541"}],"wp:attachment":[{"href":"https:\/\/westcoasttriallawyers.com\/es\/wp-json\/wp\/v2\/media?parent=12812"}],"curies":[{"name":"wp","href":"https:\/\/api.w.org\/{rel}","templated":true}]}}