{"id":12811,"date":"2026-01-13T21:30:42","date_gmt":"2026-01-13T21:30:42","guid":{"rendered":"https:\/\/wctl1stg.wpengine.com\/?page_id=12811"},"modified":"2026-01-21T08:58:59","modified_gmt":"2026-01-21T08:58:59","slug":"abogado-de-muerte-injusta-en-fresno","status":"publish","type":"page","link":"https:\/\/westcoasttriallawyers.com\/es\/california\/fresno\/abogado-de-muerte-injusta-en-fresno","title":{"rendered":"Abogado de Muerte Injusta en Fresno"},"content":{"rendered":"<h2><strong>\u00bfQui\u00e9n es Elegible para Demandar por muerte injusta? \u00bfQu\u00e9 prueba debe incluirse en el Reclamo para determinar la responsabilidad? \u00a0<\/strong><\/h2>\n<p>Muchos factores pueden conducir a la muerte injusta de un ser querido. Una muerte injusta generalmente es causada por un individuo negligente al que se le dio la obligaci\u00f3n de cumplir con el deber de cuidar a los dem\u00e1s, pero se opuso a cumplir sus propios deseos ego\u00edstas. Por ejemplo, se espera que un conductor se detenga en un sem\u00e1foro en rojo. Sin embargo, el conductor opta por incumplir su deber de cuidado al conducir bajo la luz roja, lo que finalmente conduce a la muerte de la v\u00edctima. Debido a la naturaleza tr\u00e1gica de una muerte injusta, ha habido\u00a0<a href=\"https:\/\/leginfo.legislature.ca.gov\/faces\/codes_displaySection.xhtml?lawCode=CCP&amp;sectionNum=377.60.\"><strong>leyes<\/strong><\/a> establecidas para garantizar que los familiares sobrevivientes tengan la oportunidad de buscar justicia y compensaci\u00f3n por la p\u00e9rdida de su ser querido.<\/p>\n<p>Se espera que las v\u00edctimas de una muerte injusta proporcionen evidencia convincente para aumentar sus posibilidades de obtener una compensaci\u00f3n justa. Se recomienda a aquellos interesados \u200b\u200ben presentar un reclamo por muerte injusta que contraten a un abogado con experiencia en lesiones personales. Un abogado de lesiones personales evaluar\u00e1 su caso y le ofrecer\u00e1 orientaci\u00f3n legal para garantizar que obtenga da\u00f1os econ\u00f3micos y no econ\u00f3micos causados \u200b\u200bpor la negligencia del acusado.<\/p>\n<p>Si ha perdido a un ser querido por muerte injusta, le enviamos nuestro m\u00e1s sentido p\u00e9same. En Los Abogados de la Costa Oeste, nuestros\u00a0<strong>abogados de muerte injusta de Fresno<\/strong> est\u00e1n disponibles las 24 horas del d\u00eda, los 7 d\u00edas de la semana para ofrecer asistencia legal a las v\u00edctimas de muerte injusta. Tenemos m\u00e1s de 60 a\u00f1os de experiencia legal colectiva en el manejo de casos de lesiones personales. Con nuestro historial de ganar m\u00e1s de 5,000 casos de lesiones personales, estamos seguros de que obtendremos un buen resultado en su acuerdo.<\/p>\n<p>No dude en comunicarse con nuestro equipo legal las 24 horas, los 7 d\u00edas de la semana llamando al\u00a0<strong>213-927-3700\u00a0<\/strong>o enviando un correo electr\u00f3nico<strong>\u00a0<\/strong><a href=\"mailto:info@westcoasttriallawyers.com\"><strong>info@westcoasttriallawyers.com<\/strong><\/a><strong>\u00a0<\/strong>para programar una consulta gratuita en nuestro\u00a0<strong>bufete de abogados de lesiones personales de Fresno.<\/strong><\/p>\n<p><strong>\u00bfQui\u00e9n puede demandar por Muerte Injusta?<\/strong><\/p>\n<p>Existe una categor\u00eda limitada de personas que pueden tener derecho a presentar una demanda por muerte injusta ante un tribunal. Las personas que pueden presentar una demanda a menudo est\u00e1n determinadas por aquellas que pueden heredar las pertenencias del difunto despu\u00e9s de su muerte. Por lo general, s\u00f3lo podr\u00edan demandar en orden de prioridad, como se indica a continuaci\u00f3n:<\/p>\n<ul>\n<li><strong>El c\u00f3nyuge sobreviviente:\u00a0<\/strong>el c\u00f3nyuge del difunto suele ser la primera persona que tiene la capacidad de demandar.<\/li>\n<li><strong>Hijos o hijos del difunto:\u00a0<\/strong>si no hay c\u00f3nyuge o si el c\u00f3nyuge no quiere o no puede, entonces los hijos del difunto tendr\u00e1n derecho a demandar por muerte injusta.<\/li>\n<li><strong>Menores dependientes:\u00a0<\/strong>En situaciones en las que el difunto est\u00e9 casado y tanto \u00e9l como su c\u00f3nyuge haya fallecido, los hijos menores que hayan vivido en el hogar del difunto durante al menos 6 meses tendr\u00e1n derecho a demandar.<\/li>\n<li><strong>El c\u00f3nyuge putativo:\u00a0<\/strong>Un c\u00f3nyuge putativo es aquel que no est\u00e1 legalmente casado con el difunto. Bajo la ley, este puede ser el c\u00f3nyuge sobreviviente de un matrimonio nulo o anulable que haya cre\u00eddo de buena fe que el matrimonio era v\u00e1lido. Tal c\u00f3nyuge tambi\u00e9n puede demandar.<\/li>\n<li><strong>Hijos del c\u00f3nyuge putativo:<\/strong> Si se demuestra que los hijos del c\u00f3nyuge putativo dependen econ\u00f3micamente del difunto, tambi\u00e9n pueden demandar.<\/li>\n<li><strong>Hijastros del difunto:\u00a0<\/strong>Cuando se demuestre que los hijastros depend\u00edan econ\u00f3micamente del difunto, tambi\u00e9n pueden demandar.<\/li>\n<li><strong>Padres del difunto:<\/strong> Si los padres del difunto pueden demostrar confianza o dependencia econ\u00f3mica del difunto, tambi\u00e9n tendr\u00e1n derecho a demandar. Por ejemplo, si pueden demostrar que el difunto era una fuente importante de apoyo familiar para ellos antes de su muerte.<\/li>\n<li><strong>Si no hay c\u00f3nyuge o descendencia sobreviviente:\u00a0<\/strong>En esta situaci\u00f3n, cualquiera que tenga derecho a la propiedad del difunto por sucesi\u00f3n intestada puede demandar. Esto puede ampliar la cantidad de personas potencialmente elegibles para incluir hermanos, t\u00edas, t\u00edos, sobrinos, sobrinas o cualquier otra persona que pueda tener la posibilidad de heredar al difunto.<\/li>\n<\/ul>\n<p><strong>3 Elementos para Probar un Caso de Muerte Injusta<\/strong><\/p>\n<p>Hay tres elementos importantes que deben probarse en un caso de muerte injusta. Esto incluye lo siguiente:<\/p>\n<ul>\n<li><strong>La muerte debe haber ocurrido.<\/strong> La muerte de la v\u00edctima debe probarse con un certificado de defunci\u00f3n emitido por el m\u00e9dico forense del condado correspondiente. Si se prueba la muerte, se espera que el demandante demuestre que el acusado cometi\u00f3 el acto de manera intencional, imprudente o negligente.<\/li>\n<li><strong>La muerte debe haber sido causada por el acto il\u00edcito del acusado.<\/strong>\u00a0Esto requiere prueba de que el acusado le debe a la v\u00edctima fallecida un deber de cuidado, el acusado incumple su deber de cuidado y la causalidad que surge de ese incumplimiento.<\/li>\n<li><strong>El sobreviviente debe haber sufrido una p\u00e9rdida.<\/strong>\u00a0Debe mostrar pruebas de que sufri\u00f3 una p\u00e9rdida debido a la muerte del difunto. Por ejemplo, si el difunto era su pareja y proporcion\u00f3 apoyo financiero para el hogar, tendr\u00e1 un claro caso de p\u00e9rdida. Tambi\u00e9n podr\u00eda probar la p\u00e9rdida de amor y afecto que habr\u00eda seguido disfrutando del difunto. Por \u00faltimo, puede probar cualquier gasto que le hayan podido cobrar como resultado del fallecimiento de su ser querido, como los costos del funeral o del entierro.<\/li>\n<\/ul>\n<p>Esto no significa necesariamente que una vez que se muestran los elementos, sea autom\u00e1ticamente exitoso. Nadie puede decir con certeza si su caso terminar\u00e1 con \u00e9xito, ya que hay muchos factores involucrados. Sin embargo, si no tiene ninguno de estos tres elementos incorporados en su reclamo, es posible que tenga menos posibilidades de obtener una compensaci\u00f3n justa.<\/p>\n<p><strong>Ejemplos de Muerte Injusta<\/strong><\/p>\n<p>Algunos ejemplos comunes de actos o muertes por negligencia incluyen:<\/p>\n<ul>\n<li>Accidentes automovil\u00edsticos, especialmente aquellos que involucran conductores que est\u00e1n bajo la influencia de drogas o alcohol<\/li>\n<li>Asesinato u homicidio involuntario<\/li>\n<li>Abuso y negligencia de ancianos que ocurren en hogares de ancianos<\/li>\n<li>Abuso y negligencia infantil<\/li>\n<li>Resbalones y ca\u00eddas<\/li>\n<li>Ahogarse en una piscina<\/li>\n<li>Negligencia policial<\/li>\n<li>Agresi\u00f3n y agresi\u00f3n<\/li>\n<li>Negligencia m\u00e9dica, como proporcionar a un paciente el medicamento o la dosis de medicamento incorrectos<\/li>\n<\/ul>\n<p><strong>Los Abogados de la Costa Oeste est\u00e1n aqu\u00ed para Ayudarlo<\/strong><\/p>\n<p>Si ha perdido a un ser querido debido a negligencia, es posible que tenga derecho a obtener una compensaci\u00f3n por tus p\u00e9rdidas En Los Abogados de la Coasta Oeste, nuestros abogados experimentados en muerte injusta en Fresno est\u00e1n disponibles las 24 horas del d\u00eda, los 7 d\u00edas de la semana para ofrecer asistencia legal.<\/p>\n<p>Cont\u00e1ctenos hoy llamando al\u00a0<strong>213-927-3700<\/strong> o enviando un correo electr\u00f3nico\u00a0<a href=\"mailto:info@westcoasttriallawyers.com\"><strong>info@westcoasttriallawyers.com<\/strong><\/a> para programar una consulta gratuita en nuestro bufete de abogados de lesiones personales en Fresno.<br \/>\n<!-- WCTL_DEBUG: no shortcode in this_content --><\/p>\n","protected":false},"excerpt":{"rendered":"<p>\u00bfQui\u00e9n es Elegible para Demandar por muerte injusta? \u00bfQu\u00e9 prueba debe incluirse en el Reclamo para determinar la responsabilidad? \u00a0 Muchos factores pueden conducir a la muerte injusta de un ser querido. Una muerte injusta generalmente es causada por un individuo negligente al que se le dio la obligaci\u00f3n de cumplir con el deber de [&hellip;]<\/p>\n","protected":false},"author":475,"featured_media":45596,"parent":47276,"menu_order":0,"comment_status":"closed","ping_status":"closed","template":"","meta":{"inline_featured_image":false,"footnotes":""},"class_list":["post-12811","page","type-page","status-publish","has-post-thumbnail","hentry"],"acf":[],"yoast_head":"<!-- This site is optimized with the Yoast SEO Premium plugin v26.0 (Yoast SEO v26.0) - https:\/\/yoast.com\/wordpress\/plugins\/seo\/ -->\n<title>Abogado de Muerte Injusta en Fresno | West Coast Trial Lawyers<\/title>\n<meta name=\"robots\" content=\"index, follow, max-snippet:-1, max-image-preview:large, max-video-preview:-1\" \/>\n<link rel=\"canonical\" href=\"https:\/\/westcoasttriallawyers.com\/es\/california\/fresno\/abogado-de-muerte-injusta-en-fresno\" \/>\n<meta property=\"og:locale\" content=\"es_ES\" \/>\n<meta property=\"og:type\" content=\"article\" \/>\n<meta property=\"og:title\" content=\"Abogado de Muerte Injusta en Fresno\" \/>\n<meta property=\"og:description\" content=\"\u00bfQui\u00e9n es Elegible para Demandar por muerte injusta? \u00bfQu\u00e9 prueba debe incluirse en el Reclamo para determinar la responsabilidad? \u00a0 Muchos factores pueden conducir a la muerte injusta de un ser querido. Una muerte injusta generalmente es causada por un individuo negligente al que se le dio la obligaci\u00f3n de cumplir con el deber de [&hellip;]\" \/>\n<meta property=\"og:url\" content=\"https:\/\/westcoasttriallawyers.com\/es\/california\/fresno\/abogado-de-muerte-injusta-en-fresno\" \/>\n<meta property=\"og:site_name\" content=\"West Coast Trial Lawyers\" \/>\n<meta property=\"article:publisher\" content=\"https:\/\/www.facebook.com\/westcoasttriallawyers\/\" \/>\n<meta property=\"article:modified_time\" content=\"2026-01-21T08:58:59+00:00\" \/>\n<meta property=\"og:image\" content=\"https:\/\/westcoasttriallawyers.com\/wp-content\/uploads\/2025\/07\/Fresno-29.webp\" \/>\n\t<meta property=\"og:image:width\" content=\"557\" \/>\n\t<meta property=\"og:image:height\" content=\"327\" \/>\n\t<meta property=\"og:image:type\" content=\"image\/webp\" \/>\n<meta name=\"twitter:card\" content=\"summary_large_image\" \/>\n<meta name=\"twitter:site\" content=\"@WestCoastTrial\" \/>\n<meta name=\"twitter:label1\" content=\"Tiempo de lectura\" \/>\n\t<meta name=\"twitter:data1\" content=\"6 minutos\" \/>\n<script type=\"application\/ld+json\" class=\"yoast-schema-graph\">{\"@context\":\"https:\/\/schema.org\",\"@graph\":[{\"@type\":[\"WebPage\",\"ItemPage\"],\"@id\":\"https:\/\/westcoasttriallawyers.com\/es\/california\/fresno\/abogado-de-muerte-injusta-en-fresno\",\"url\":\"https:\/\/westcoasttriallawyers.com\/es\/california\/fresno\/abogado-de-muerte-injusta-en-fresno\",\"name\":\"Abogado de Muerte Injusta en Fresno | West Coast Trial Lawyers\",\"isPartOf\":{\"@id\":\"https:\/\/westcoasttriallawyers.com\/es#website\"},\"primaryImageOfPage\":{\"@id\":\"https:\/\/westcoasttriallawyers.com\/es\/california\/fresno\/abogado-de-muerte-injusta-en-fresno#primaryimage\"},\"image\":{\"@id\":\"https:\/\/westcoasttriallawyers.com\/es\/california\/fresno\/abogado-de-muerte-injusta-en-fresno#primaryimage\"},\"thumbnailUrl\":\"https:\/\/westcoasttriallawyers.com\/wp-content\/uploads\/2025\/07\/Fresno-29.webp\",\"datePublished\":\"2026-01-13T21:30:42+00:00\",\"dateModified\":\"2026-01-21T08:58:59+00:00\",\"breadcrumb\":{\"@id\":\"https:\/\/westcoasttriallawyers.com\/es\/california\/fresno\/abogado-de-muerte-injusta-en-fresno#breadcrumb\"},\"inLanguage\":\"es\",\"potentialAction\":[{\"@type\":\"ReadAction\",\"target\":[\"https:\/\/westcoasttriallawyers.com\/es\/california\/fresno\/abogado-de-muerte-injusta-en-fresno\"]}]},{\"@type\":\"ImageObject\",\"inLanguage\":\"es\",\"@id\":\"https:\/\/westcoasttriallawyers.com\/es\/california\/fresno\/abogado-de-muerte-injusta-en-fresno#primaryimage\",\"url\":\"https:\/\/westcoasttriallawyers.com\/wp-content\/uploads\/2025\/07\/Fresno-29.webp\",\"contentUrl\":\"https:\/\/westcoasttriallawyers.com\/wp-content\/uploads\/2025\/07\/Fresno-29.webp\",\"width\":557,\"height\":327},{\"@type\":\"BreadcrumbList\",\"@id\":\"https:\/\/westcoasttriallawyers.com\/es\/california\/fresno\/abogado-de-muerte-injusta-en-fresno#breadcrumb\",\"itemListElement\":[{\"@type\":\"ListItem\",\"position\":1,\"name\":\"Inicio\",\"item\":\"https:\/\/westcoasttriallawyers.com\/es\"},{\"@type\":\"ListItem\",\"position\":2,\"name\":\"California\",\"item\":\"https:\/\/westcoasttriallawyers.com\/es\/california\"},{\"@type\":\"ListItem\",\"position\":3,\"name\":\"Fresno\",\"item\":\"https:\/\/westcoasttriallawyers.com\/es\/california\/fresno\"},{\"@type\":\"ListItem\",\"position\":4,\"name\":\"Abogado de Muerte Injusta en Fresno\"}]},{\"@type\":\"WebSite\",\"@id\":\"https:\/\/westcoasttriallawyers.com\/es#website\",\"url\":\"https:\/\/westcoasttriallawyers.com\/es\",\"name\":\"West Coast Trial Lawyers\",\"description\":\"West Coast Trial Lawyers\",\"publisher\":{\"@id\":\"https:\/\/westcoasttriallawyers.com\/es#organization\"},\"alternateName\":\"WCTL\",\"potentialAction\":[{\"@type\":\"SearchAction\",\"target\":{\"@type\":\"EntryPoint\",\"urlTemplate\":\"https:\/\/westcoasttriallawyers.com\/es?s={search_term_string}\"},\"query-input\":{\"@type\":\"PropertyValueSpecification\",\"valueRequired\":true,\"valueName\":\"search_term_string\"}}],\"inLanguage\":\"es\"},{\"@type\":\"Organization\",\"@id\":\"https:\/\/westcoasttriallawyers.com\/es#organization\",\"name\":\"West Coast Trial Lawyers\",\"alternateName\":\"WCTL\",\"url\":\"https:\/\/westcoasttriallawyers.com\/es\",\"logo\":{\"@type\":\"ImageObject\",\"inLanguage\":\"es\",\"@id\":\"https:\/\/westcoasttriallawyers.com\/es#\/schema\/logo\/image\/\",\"url\":\"https:\/\/westcoasttriallawyers.com\/wp-content\/uploads\/2026\/02\/WCTL-Logo.jpg\",\"contentUrl\":\"https:\/\/westcoasttriallawyers.com\/wp-content\/uploads\/2026\/02\/WCTL-Logo.jpg\",\"width\":696,\"height\":696,\"caption\":\"West Coast Trial Lawyers\"},\"image\":{\"@id\":\"https:\/\/westcoasttriallawyers.com\/es#\/schema\/logo\/image\/\"},\"sameAs\":[\"https:\/\/www.facebook.com\/westcoasttriallawyers\/\",\"https:\/\/x.com\/WestCoastTrial\",\"https:\/\/www.linkedin.com\/company\/west-coast-trial-lawyers\/\",\"https:\/\/www.instagram.com\/westcoasttriallawyers\/\",\"https:\/\/www.yelp.com\/biz\/west-coast-trial-lawyers-los-angeles-2\",\"https:\/\/www.pinterest.com\/westcoasttrial\/\",\"https:\/\/www.youtube.com\/westcoasttriallawyersla\/\",\"https:\/\/www.tiktok.com\/westcoasttriallawyers\"],\"description\":\"West Coast Trial Lawyers is a top-rated personal injury law firm with a goal to provide expert legal representation to those in need. The law firm has offices across California, Nevada, Arizona, and Washington.\",\"legalName\":\"West Coast Trial Lawyers\"}]}<\/script>\n<!-- \/ Yoast SEO Premium plugin. -->","yoast_head_json":{"title":"Abogado de Muerte Injusta en Fresno | West Coast Trial Lawyers","robots":{"index":"index","follow":"follow","max-snippet":"max-snippet:-1","max-image-preview":"max-image-preview:large","max-video-preview":"max-video-preview:-1"},"canonical":"https:\/\/westcoasttriallawyers.com\/es\/california\/fresno\/abogado-de-muerte-injusta-en-fresno","og_locale":"es_ES","og_type":"article","og_title":"Abogado de Muerte Injusta en Fresno","og_description":"\u00bfQui\u00e9n es Elegible para Demandar por muerte injusta? \u00bfQu\u00e9 prueba debe incluirse en el Reclamo para determinar la responsabilidad? \u00a0 Muchos factores pueden conducir a la muerte injusta de un ser querido. Una muerte injusta generalmente es causada por un individuo negligente al que se le dio la obligaci\u00f3n de cumplir con el deber de [&hellip;]","og_url":"https:\/\/westcoasttriallawyers.com\/es\/california\/fresno\/abogado-de-muerte-injusta-en-fresno","og_site_name":"West Coast Trial Lawyers","article_publisher":"https:\/\/www.facebook.com\/westcoasttriallawyers\/","article_modified_time":"2026-01-21T08:58:59+00:00","og_image":[{"width":557,"height":327,"url":"https:\/\/westcoasttriallawyers.com\/wp-content\/uploads\/2025\/07\/Fresno-29.webp","type":"image\/webp"}],"twitter_card":"summary_large_image","twitter_site":"@WestCoastTrial","twitter_misc":{"Tiempo de lectura":"6 minutos"},"schema":{"@context":"https:\/\/schema.org","@graph":[{"@type":["WebPage","ItemPage"],"@id":"https:\/\/westcoasttriallawyers.com\/es\/california\/fresno\/abogado-de-muerte-injusta-en-fresno","url":"https:\/\/westcoasttriallawyers.com\/es\/california\/fresno\/abogado-de-muerte-injusta-en-fresno","name":"Abogado de Muerte Injusta en Fresno | West Coast Trial Lawyers","isPartOf":{"@id":"https:\/\/westcoasttriallawyers.com\/es#website"},"primaryImageOfPage":{"@id":"https:\/\/westcoasttriallawyers.com\/es\/california\/fresno\/abogado-de-muerte-injusta-en-fresno#primaryimage"},"image":{"@id":"https:\/\/westcoasttriallawyers.com\/es\/california\/fresno\/abogado-de-muerte-injusta-en-fresno#primaryimage"},"thumbnailUrl":"https:\/\/westcoasttriallawyers.com\/wp-content\/uploads\/2025\/07\/Fresno-29.webp","datePublished":"2026-01-13T21:30:42+00:00","dateModified":"2026-01-21T08:58:59+00:00","breadcrumb":{"@id":"https:\/\/westcoasttriallawyers.com\/es\/california\/fresno\/abogado-de-muerte-injusta-en-fresno#breadcrumb"},"inLanguage":"es","potentialAction":[{"@type":"ReadAction","target":["https:\/\/westcoasttriallawyers.com\/es\/california\/fresno\/abogado-de-muerte-injusta-en-fresno"]}]},{"@type":"ImageObject","inLanguage":"es","@id":"https:\/\/westcoasttriallawyers.com\/es\/california\/fresno\/abogado-de-muerte-injusta-en-fresno#primaryimage","url":"https:\/\/westcoasttriallawyers.com\/wp-content\/uploads\/2025\/07\/Fresno-29.webp","contentUrl":"https:\/\/westcoasttriallawyers.com\/wp-content\/uploads\/2025\/07\/Fresno-29.webp","width":557,"height":327},{"@type":"BreadcrumbList","@id":"https:\/\/westcoasttriallawyers.com\/es\/california\/fresno\/abogado-de-muerte-injusta-en-fresno#breadcrumb","itemListElement":[{"@type":"ListItem","position":1,"name":"Inicio","item":"https:\/\/westcoasttriallawyers.com\/es"},{"@type":"ListItem","position":2,"name":"California","item":"https:\/\/westcoasttriallawyers.com\/es\/california"},{"@type":"ListItem","position":3,"name":"Fresno","item":"https:\/\/westcoasttriallawyers.com\/es\/california\/fresno"},{"@type":"ListItem","position":4,"name":"Abogado de Muerte Injusta en Fresno"}]},{"@type":"WebSite","@id":"https:\/\/westcoasttriallawyers.com\/es#website","url":"https:\/\/westcoasttriallawyers.com\/es","name":"West Coast Trial Lawyers","description":"West Coast Trial Lawyers","publisher":{"@id":"https:\/\/westcoasttriallawyers.com\/es#organization"},"alternateName":"WCTL","potentialAction":[{"@type":"SearchAction","target":{"@type":"EntryPoint","urlTemplate":"https:\/\/westcoasttriallawyers.com\/es?s={search_term_string}"},"query-input":{"@type":"PropertyValueSpecification","valueRequired":true,"valueName":"search_term_string"}}],"inLanguage":"es"},{"@type":"Organization","@id":"https:\/\/westcoasttriallawyers.com\/es#organization","name":"West Coast Trial Lawyers","alternateName":"WCTL","url":"https:\/\/westcoasttriallawyers.com\/es","logo":{"@type":"ImageObject","inLanguage":"es","@id":"https:\/\/westcoasttriallawyers.com\/es#\/schema\/logo\/image\/","url":"https:\/\/westcoasttriallawyers.com\/wp-content\/uploads\/2026\/02\/WCTL-Logo.jpg","contentUrl":"https:\/\/westcoasttriallawyers.com\/wp-content\/uploads\/2026\/02\/WCTL-Logo.jpg","width":696,"height":696,"caption":"West Coast Trial Lawyers"},"image":{"@id":"https:\/\/westcoasttriallawyers.com\/es#\/schema\/logo\/image\/"},"sameAs":["https:\/\/www.facebook.com\/westcoasttriallawyers\/","https:\/\/x.com\/WestCoastTrial","https:\/\/www.linkedin.com\/company\/west-coast-trial-lawyers\/","https:\/\/www.instagram.com\/westcoasttriallawyers\/","https:\/\/www.yelp.com\/biz\/west-coast-trial-lawyers-los-angeles-2","https:\/\/www.pinterest.com\/westcoasttrial\/","https:\/\/www.youtube.com\/westcoasttriallawyersla\/","https:\/\/www.tiktok.com\/westcoasttriallawyers"],"description":"West Coast Trial Lawyers is a top-rated personal injury law firm with a goal to provide expert legal representation to those in need. The law firm has offices across California, Nevada, Arizona, and Washington.","legalName":"West Coast Trial Lawyers"}]}},"_links":{"self":[{"href":"https:\/\/westcoasttriallawyers.com\/es\/wp-json\/wp\/v2\/pages\/12811","targetHints":{"allow":["GET"]}}],"collection":[{"href":"https:\/\/westcoasttriallawyers.com\/es\/wp-json\/wp\/v2\/pages"}],"about":[{"href":"https:\/\/westcoasttriallawyers.com\/es\/wp-json\/wp\/v2\/types\/page"}],"author":[{"embeddable":true,"href":"https:\/\/westcoasttriallawyers.com\/es\/wp-json\/wp\/v2\/users\/475"}],"replies":[{"embeddable":true,"href":"https:\/\/westcoasttriallawyers.com\/es\/wp-json\/wp\/v2\/comments?post=12811"}],"version-history":[{"count":4,"href":"https:\/\/westcoasttriallawyers.com\/es\/wp-json\/wp\/v2\/pages\/12811\/revisions"}],"predecessor-version":[{"id":47619,"href":"https:\/\/westcoasttriallawyers.com\/es\/wp-json\/wp\/v2\/pages\/12811\/revisions\/47619"}],"up":[{"embeddable":true,"href":"https:\/\/westcoasttriallawyers.com\/es\/wp-json\/wp\/v2\/pages\/47276"}],"wp:featuredmedia":[{"embeddable":true,"href":"https:\/\/westcoasttriallawyers.com\/es\/wp-json\/wp\/v2\/media\/45596"}],"wp:attachment":[{"href":"https:\/\/westcoasttriallawyers.com\/es\/wp-json\/wp\/v2\/media?parent=12811"}],"curies":[{"name":"wp","href":"https:\/\/api.w.org\/{rel}","templated":true}]}}