{"id":12810,"date":"2026-01-13T21:30:26","date_gmt":"2026-01-13T21:30:26","guid":{"rendered":"https:\/\/wctl1stg.wpengine.com\/?page_id=12810"},"modified":"2026-01-21T08:11:56","modified_gmt":"2026-01-21T08:11:56","slug":"abogado-de-accidentes-de-bicicleta-en-fresno","status":"publish","type":"page","link":"https:\/\/westcoasttriallawyers.com\/es\/california\/fresno\/abogado-de-accidentes-de-bicicleta-en-fresno","title":{"rendered":"Abogado de Accidentes de Bicicleta en Fresno"},"content":{"rendered":"<h2>Qu\u00e9 debe Considerar hacer Despu\u00e9s de un Accidente de Bicicleta y c\u00f3mo puede Determinar qui\u00e9n Tiene la Culpa de los Da\u00f1os\u00a0<\/h2>\n<p>En 2019, <b>Fresno<\/b> se clasific\u00f3 como la <a href=\"https:\/\/abc30.com\/fresno-worst-driving-city-cities-in-america-drivers\/5618432\/\"><b>ciudad n\u00famero 12<\/b><\/a> con los peores conductores de California. Se inform\u00f3 que se producir\u00eda una estimaci\u00f3n de 400 colisiones de tr\u00e1fico cada mes. Con una cantidad tan alta de accidentes de tr\u00e1fico que ocurren con tanta frecuencia, ha dejado a los ciclistas en una situaci\u00f3n dif\u00edcil. En comparaci\u00f3n con los conductores, los ciclistas quedan vulnerables mientras est\u00e1n en la carretera. Con poca o ninguna protecci\u00f3n, un accidente de bicicleta podr\u00eda causar lesiones graves o la muerte.\u00a0<\/p>\n<p>Quienes hayan estado involucrados en un accidente de bicicleta en Fresno pueden tener derecho a recibir una compensaci\u00f3n recuperable por sus p\u00e9rdidas. En Los Abogados de la Costa Oeste, nuestros <b>abogados de accidentes de bicicleta en Fresno<\/b> est\u00e1n disponibles las 24 horas del d\u00eda, los 7 d\u00edas de la semana para ofrecer asistencia legal. Hemos ganado m\u00e1s de 5000 casos de lesiones personales y hemos recuperado m\u00e1s de mil millones de d\u00f3lares en acuerdos para nuestros clientes. Debido a nuestros logros, hemos sido clasificados como uno de los mejores bufetes de abogados de lesiones personales en Fresno.<\/p>\n<p>Si est\u00e1 interesado en utilizar nuestros servicios, no dude en comunicarse con nosotros llamando al <a href=\"tel:213-927-3700\"><strong>213-927-3700<\/strong><\/a>\u00a0o enviando un correo electr\u00f3nico <a href=\"mailto:info@westcoasttriallawyers.com\"><b>info@westcoasttriallawyers.com<\/b><\/a> para programar una consulta gratuita y sin compromiso en nuestro<b> bufete de abogados de lesiones personales de Fresno.\u00a0<\/b><\/p>\n<h2>Qu\u00e9 hacer despu\u00e9s de un accidente de bicicleta<\/h2>\n<p>Para construir un reclamo s\u00f3lido, debe considerar seguir los consejos que se enumeran a continuaci\u00f3n.<b><\/b><\/p>\n<ul>\n<li aria-level=\"1\"><b>No abandone la escena del accidente.<\/b> Incluso si nadie parece estar herido o si las lesiones parecen menores, no debe abandonar la escena del accidente.\u00a0<\/li>\n<\/ul>\n<ul>\n<li aria-level=\"1\"><b>P\u00f3ngase en contacto con la polic\u00eda. <\/b>Si nota lesiones o da\u00f1os, debe llamar al 911 de inmediato. La polic\u00eda llegar\u00e1 al lugar del accidente y realizar\u00e1 un informe policial oficial. Los param\u00e9dicos tambi\u00e9n pueden estar presentes para brindar atenci\u00f3n m\u00e9dica a quienes la necesiten.\u00a0<\/li>\n<\/ul>\n<ul>\n<li aria-level=\"1\"><b>Comparta informaci\u00f3n con todas las partes involucradas en el accidente. <\/b>Aseg\u00farese de adquirir el n\u00famero de matr\u00edcula de la otra parte, los detalles de la licencia de conducir, la informaci\u00f3n del seguro y la informaci\u00f3n de contacto.\u00a0<\/li>\n<\/ul>\n<ul>\n<li aria-level=\"1\"><b>Obtener informaci\u00f3n de testigos.<\/b> Si observa alg\u00fan testigo cerca, debe pedir su consentimiento para obtener su informaci\u00f3n de contacto. Los testimonios de los testigos pueden respaldar en gran medida su afirmaci\u00f3n.\u00a0<\/li>\n<\/ul>\n<ul>\n<li aria-level=\"1\"><b>Reunir evidencias. <\/b>Trate de tomar fotograf\u00edas y\/o secuencias de video de sus lesiones, da\u00f1os y el lugar donde ocurri\u00f3 el accidente de bicicleta. Tambi\u00e9n debe solicitar una copia del informe policial oficial. Por \u00faltimo, ser\u00eda ideal que anotaras tu perspectiva del accidente en un diario o diario. No olvide incluir la fecha y la hora en su entrada.\u00a0<\/li>\n<\/ul>\n<ul>\n<li aria-level=\"1\"><b>Mira lo que dices. <\/b>Si bien puede estar inundado de emociones, es importante tener cuidado con lo que dice. Nunca debe disculparse ni sugerir qui\u00e9n puede tener la culpa de causar el accidente. Recuerde, cualquier declaraci\u00f3n que haga puede usarse en su contra m\u00e1s adelante.<\/li>\n<\/ul>\n<ul>\n<li aria-level=\"1\"><b>Busque atenci\u00f3n m\u00e9dica.<\/b> Incluso si sus lesiones pueden parecer menores, debe hacer que un m\u00e9dico las revise. El m\u00e9dico examinar\u00e1 el \u00e1rea lesionada realizando pruebas de imagen para determinar si es necesario un diagn\u00f3stico. Si surge un problema, se le puede dar un plan de tratamiento a seguir para recuperarse.\u00a0<\/li>\n<\/ul>\n<ul>\n<li aria-level=\"1\"><b>Comun\u00edquese con un abogado. <\/b>Uno de los mayores errores que puede cometer una v\u00edctima de un accidente de bicicleta es tratar de manejar su caso por su cuenta. Los accidentes de bicicleta a menudo involucran situaciones complejas y da\u00f1os que son mejor manejados por un abogado con experiencia en accidentes de bicicleta. Lo guiar\u00e1n en la direcci\u00f3n correcta para ayudarlo a adquirir la compensaci\u00f3n que merece por sus p\u00e9rdidas.<\/li>\n<\/ul>\n<h2>\u00bfQui\u00e9n puede ser Encontrado Culpable en un Accidente de Bicicleta?<\/h2>\n<p>Determinar qui\u00e9n tiene la culpa en un accidente de bicicleta puede ser bastante dif\u00edcil, por lo que ser\u00eda ideal contratar a un abogado de accidentes de bicicleta para que lo ayude. Aquellos que probablemente causen un accidente de bicicleta incluyen:<\/p>\n<ul>\n<li style=\"font-weight: 400;\" aria-level=\"1\"><b>Ciclista. <\/b>Si se descubre que un ciclista va en contra de las reglas de la carretera, como andar en un carril que no es el carril para bicicletas o andar en \u00e1reas prohibidas, podr\u00eda provocar un accidente y enfrentar repercusiones legales por su comportamiento negligente.<\/li>\n<li style=\"font-weight: 400;\" aria-level=\"1\"><b>Conductor.<\/b> Si un conductor est\u00e1 ocupando un carril para bicicletas o no est\u00e1 observando cuidadosamente el camino, podr\u00eda causar un accidente de bicicleta.\u00a0<\/li>\n<li style=\"font-weight: 400;\" aria-level=\"1\"><b>Fabricante.<\/b> Si un veh\u00edculo o bicicleta se fabric\u00f3 incorrectamente, los fabricantes pueden ser responsables del accidente.\u00a0<\/li>\n<li style=\"font-weight: 400;\" aria-level=\"1\"><b>Compa\u00f1\u00eda. <\/b>Si la empresa vendi\u00f3 a sabiendas un producto defectuoso y no emiti\u00f3 ninguna advertencia para notificar al comprador los defectos encontrados en el veh\u00edculo o bicicleta que estaba vendiendo, enfrentar\u00e1 consecuencias legales.\u00a0<\/li>\n<\/ul>\n<h2><b>Da\u00f1os Disponibles\u00a0<\/b><\/h2>\n<p>Los da\u00f1os son un tipo de compensaci\u00f3n monetaria determinada por un tribunal de justicia para ayudar a compensar a una persona agraviada por cualquier p\u00e9rdida o lesi\u00f3n sufrida como resultado de la negligencia de alguien.<\/p>\n<p><b>Los da\u00f1os econ\u00f3micos<\/b> est\u00e1n destinados a compensar al demandante por las p\u00e9rdidas a las que se puede adjuntar f\u00e1cilmente una cantidad en d\u00f3lares. Se calcula determinando la cantidad de p\u00e9rdidas de bolsillo que una persona agraviada tiene o esperar\u00e1 incurrir como resultado de sus lesiones. Algunos ejemplos de p\u00e9rdidas econ\u00f3micas incluyen la p\u00e9rdida de la capacidad de generar ingresos, las facturas m\u00e9dicas y la p\u00e9rdida de salarios.<\/p>\n<p><b>Los da\u00f1os no econ\u00f3micos <\/b>est\u00e1n destinados esencialmente a cubrir p\u00e9rdidas que se consideran subjetivas y no necesariamente cubrir\u00e1n p\u00e9rdidas de bolsillo. Puede incluir compensaci\u00f3n por angustia emocional, dolor y sufrimiento, y p\u00e9rdida del disfrute de la vida.<\/p>\n<p>El tercer tipo de da\u00f1os que un tribunal de California puede otorgar se conoce como<a href=\"https:\/\/www.law.cornell.edu\/wex\/punitive_damages\"> <b>da\u00f1os punitivos<\/b><\/a><b>.<\/b> Los da\u00f1os punitivos tienen la intenci\u00f3n de ser un castigo y solo se otorgan cuando el comportamiento del acusado es especialmente da\u00f1ino. Es relativamente raro y, de hecho, solo se incorpor\u00f3 en el 5 por ciento de todos los veredictos.<\/p>\n<p><b>Los Abogados de la Costa Oeste est\u00e1n Aqu\u00ed para Ayudar<\/b><\/p>\n<p>Si ha sufrido lesiones en un accidente de bicicleta como resultado de la negligencia de alguien o actos deliberados de malicia, tiene derecho a responsabilizar a la parte culpable por sus p\u00e9rdidas. Un abogado de accidentes de bicicleta en Fresno en <a href=\"\/\"><b>Los Abogados de la Costa Oeste <\/b><\/a>le ayudar\u00e1 a recuperar una compensaci\u00f3n por sus p\u00e9rdidas.<\/p>\n<p>Para programar una consulta gratuita en nuestro bufete de abogados de lesiones personales de Fresno, comun\u00edquese con nuestro equipo legal las 24 horas, los 7 d\u00edas de la semana llamando al <a href=\"tel:213-927-3700\"><strong>213-927-3700<\/strong><\/a>\u00a0o enviando un correo electr\u00f3nico <a href=\"mailto:info@westcoasttriallawyers.com\">a <b>info@westcoasttriallawyers.com<\/b><\/a>.<\/p>\n<p><!-- WCTL_DEBUG: no shortcode in this_content --><\/p>\n","protected":false},"excerpt":{"rendered":"<p>Qu\u00e9 debe Considerar hacer Despu\u00e9s de un Accidente de Bicicleta y c\u00f3mo puede Determinar qui\u00e9n Tiene la Culpa de los Da\u00f1os\u00a0 En 2019, Fresno se clasific\u00f3 como la ciudad n\u00famero 12 con los peores conductores de California. Se inform\u00f3 que se producir\u00eda una estimaci\u00f3n de 400 colisiones de tr\u00e1fico cada mes. Con una cantidad tan [&hellip;]<\/p>\n","protected":false},"author":475,"featured_media":45526,"parent":47276,"menu_order":0,"comment_status":"closed","ping_status":"closed","template":"","meta":{"inline_featured_image":false,"footnotes":""},"class_list":["post-12810","page","type-page","status-publish","has-post-thumbnail","hentry"],"acf":[],"yoast_head":"<!-- This site is optimized with the Yoast SEO Premium plugin v26.0 (Yoast SEO v26.0) - https:\/\/yoast.com\/wordpress\/plugins\/seo\/ -->\n<title>Abogado de Accidentes de Bicicleta en Fresno | West Coast Trial Lawyers<\/title>\n<meta name=\"robots\" content=\"index, follow, max-snippet:-1, max-image-preview:large, max-video-preview:-1\" \/>\n<link rel=\"canonical\" href=\"https:\/\/westcoasttriallawyers.com\/es\/california\/fresno\/abogado-de-accidentes-de-bicicleta-en-fresno\" \/>\n<meta property=\"og:locale\" content=\"es_ES\" \/>\n<meta property=\"og:type\" content=\"article\" \/>\n<meta property=\"og:title\" content=\"Abogado de Accidentes de Bicicleta en Fresno\" \/>\n<meta property=\"og:description\" content=\"Qu\u00e9 debe Considerar hacer Despu\u00e9s de un Accidente de Bicicleta y c\u00f3mo puede Determinar qui\u00e9n Tiene la Culpa de los Da\u00f1os\u00a0 En 2019, Fresno se clasific\u00f3 como la ciudad n\u00famero 12 con los peores conductores de California. Se inform\u00f3 que se producir\u00eda una estimaci\u00f3n de 400 colisiones de tr\u00e1fico cada mes. Con una cantidad tan [&hellip;]\" \/>\n<meta property=\"og:url\" content=\"https:\/\/westcoasttriallawyers.com\/es\/california\/fresno\/abogado-de-accidentes-de-bicicleta-en-fresno\" \/>\n<meta property=\"og:site_name\" content=\"West Coast Trial Lawyers\" \/>\n<meta property=\"article:publisher\" content=\"https:\/\/www.facebook.com\/westcoasttriallawyers\/\" \/>\n<meta property=\"article:modified_time\" content=\"2026-01-21T08:11:56+00:00\" \/>\n<meta property=\"og:image\" content=\"https:\/\/westcoasttriallawyers.com\/wp-content\/uploads\/2025\/07\/Fresno-1.webp\" \/>\n\t<meta property=\"og:image:width\" content=\"557\" \/>\n\t<meta property=\"og:image:height\" content=\"327\" \/>\n\t<meta property=\"og:image:type\" content=\"image\/webp\" \/>\n<meta name=\"twitter:card\" content=\"summary_large_image\" \/>\n<meta name=\"twitter:site\" content=\"@WestCoastTrial\" \/>\n<meta name=\"twitter:label1\" content=\"Tiempo de lectura\" \/>\n\t<meta name=\"twitter:data1\" content=\"11 minutos\" \/>\n<script type=\"application\/ld+json\" class=\"yoast-schema-graph\">{\"@context\":\"https:\/\/schema.org\",\"@graph\":[{\"@type\":[\"WebPage\",\"ItemPage\"],\"@id\":\"https:\/\/westcoasttriallawyers.com\/es\/california\/fresno\/abogado-de-accidentes-de-bicicleta-en-fresno\",\"url\":\"https:\/\/westcoasttriallawyers.com\/es\/california\/fresno\/abogado-de-accidentes-de-bicicleta-en-fresno\",\"name\":\"Abogado de Accidentes de Bicicleta en Fresno | West Coast Trial Lawyers\",\"isPartOf\":{\"@id\":\"https:\/\/westcoasttriallawyers.com\/es#website\"},\"primaryImageOfPage\":{\"@id\":\"https:\/\/westcoasttriallawyers.com\/es\/california\/fresno\/abogado-de-accidentes-de-bicicleta-en-fresno#primaryimage\"},\"image\":{\"@id\":\"https:\/\/westcoasttriallawyers.com\/es\/california\/fresno\/abogado-de-accidentes-de-bicicleta-en-fresno#primaryimage\"},\"thumbnailUrl\":\"https:\/\/westcoasttriallawyers.com\/wp-content\/uploads\/2025\/07\/Fresno-1.webp\",\"datePublished\":\"2026-01-13T21:30:26+00:00\",\"dateModified\":\"2026-01-21T08:11:56+00:00\",\"breadcrumb\":{\"@id\":\"https:\/\/westcoasttriallawyers.com\/es\/california\/fresno\/abogado-de-accidentes-de-bicicleta-en-fresno#breadcrumb\"},\"inLanguage\":\"es\",\"potentialAction\":[{\"@type\":\"ReadAction\",\"target\":[\"https:\/\/westcoasttriallawyers.com\/es\/california\/fresno\/abogado-de-accidentes-de-bicicleta-en-fresno\"]}]},{\"@type\":\"ImageObject\",\"inLanguage\":\"es\",\"@id\":\"https:\/\/westcoasttriallawyers.com\/es\/california\/fresno\/abogado-de-accidentes-de-bicicleta-en-fresno#primaryimage\",\"url\":\"https:\/\/westcoasttriallawyers.com\/wp-content\/uploads\/2025\/07\/Fresno-1.webp\",\"contentUrl\":\"https:\/\/westcoasttriallawyers.com\/wp-content\/uploads\/2025\/07\/Fresno-1.webp\",\"width\":557,\"height\":327},{\"@type\":\"BreadcrumbList\",\"@id\":\"https:\/\/westcoasttriallawyers.com\/es\/california\/fresno\/abogado-de-accidentes-de-bicicleta-en-fresno#breadcrumb\",\"itemListElement\":[{\"@type\":\"ListItem\",\"position\":1,\"name\":\"Inicio\",\"item\":\"https:\/\/westcoasttriallawyers.com\/es\"},{\"@type\":\"ListItem\",\"position\":2,\"name\":\"California\",\"item\":\"https:\/\/westcoasttriallawyers.com\/es\/california\"},{\"@type\":\"ListItem\",\"position\":3,\"name\":\"Fresno\",\"item\":\"https:\/\/westcoasttriallawyers.com\/es\/california\/fresno\"},{\"@type\":\"ListItem\",\"position\":4,\"name\":\"Abogado de Accidentes de Bicicleta en Fresno\"}]},{\"@type\":\"WebSite\",\"@id\":\"https:\/\/westcoasttriallawyers.com\/es#website\",\"url\":\"https:\/\/westcoasttriallawyers.com\/es\",\"name\":\"West Coast Trial Lawyers\",\"description\":\"West Coast Trial Lawyers\",\"publisher\":{\"@id\":\"https:\/\/westcoasttriallawyers.com\/es#organization\"},\"alternateName\":\"WCTL\",\"potentialAction\":[{\"@type\":\"SearchAction\",\"target\":{\"@type\":\"EntryPoint\",\"urlTemplate\":\"https:\/\/westcoasttriallawyers.com\/es?s={search_term_string}\"},\"query-input\":{\"@type\":\"PropertyValueSpecification\",\"valueRequired\":true,\"valueName\":\"search_term_string\"}}],\"inLanguage\":\"es\"},{\"@type\":\"Organization\",\"@id\":\"https:\/\/westcoasttriallawyers.com\/es#organization\",\"name\":\"West Coast Trial Lawyers\",\"alternateName\":\"WCTL\",\"url\":\"https:\/\/westcoasttriallawyers.com\/es\",\"logo\":{\"@type\":\"ImageObject\",\"inLanguage\":\"es\",\"@id\":\"https:\/\/westcoasttriallawyers.com\/es#\/schema\/logo\/image\/\",\"url\":\"https:\/\/westcoasttriallawyers.com\/wp-content\/uploads\/2026\/02\/WCTL-Logo.jpg\",\"contentUrl\":\"https:\/\/westcoasttriallawyers.com\/wp-content\/uploads\/2026\/02\/WCTL-Logo.jpg\",\"width\":696,\"height\":696,\"caption\":\"West Coast Trial Lawyers\"},\"image\":{\"@id\":\"https:\/\/westcoasttriallawyers.com\/es#\/schema\/logo\/image\/\"},\"sameAs\":[\"https:\/\/www.facebook.com\/westcoasttriallawyers\/\",\"https:\/\/x.com\/WestCoastTrial\",\"https:\/\/www.linkedin.com\/company\/west-coast-trial-lawyers\/\",\"https:\/\/www.instagram.com\/westcoasttriallawyers\/\",\"https:\/\/www.yelp.com\/biz\/west-coast-trial-lawyers-los-angeles-2\",\"https:\/\/www.pinterest.com\/westcoasttrial\/\",\"https:\/\/www.youtube.com\/westcoasttriallawyersla\/\",\"https:\/\/www.tiktok.com\/westcoasttriallawyers\"],\"description\":\"West Coast Trial Lawyers is a top-rated personal injury law firm with a goal to provide expert legal representation to those in need. The law firm has offices across California, Nevada, Arizona, and Washington.\",\"legalName\":\"West Coast Trial Lawyers\"}]}<\/script>\n<!-- \/ Yoast SEO Premium plugin. -->","yoast_head_json":{"title":"Abogado de Accidentes de Bicicleta en Fresno | West Coast Trial Lawyers","robots":{"index":"index","follow":"follow","max-snippet":"max-snippet:-1","max-image-preview":"max-image-preview:large","max-video-preview":"max-video-preview:-1"},"canonical":"https:\/\/westcoasttriallawyers.com\/es\/california\/fresno\/abogado-de-accidentes-de-bicicleta-en-fresno","og_locale":"es_ES","og_type":"article","og_title":"Abogado de Accidentes de Bicicleta en Fresno","og_description":"Qu\u00e9 debe Considerar hacer Despu\u00e9s de un Accidente de Bicicleta y c\u00f3mo puede Determinar qui\u00e9n Tiene la Culpa de los Da\u00f1os\u00a0 En 2019, Fresno se clasific\u00f3 como la ciudad n\u00famero 12 con los peores conductores de California. Se inform\u00f3 que se producir\u00eda una estimaci\u00f3n de 400 colisiones de tr\u00e1fico cada mes. Con una cantidad tan [&hellip;]","og_url":"https:\/\/westcoasttriallawyers.com\/es\/california\/fresno\/abogado-de-accidentes-de-bicicleta-en-fresno","og_site_name":"West Coast Trial Lawyers","article_publisher":"https:\/\/www.facebook.com\/westcoasttriallawyers\/","article_modified_time":"2026-01-21T08:11:56+00:00","og_image":[{"width":557,"height":327,"url":"https:\/\/westcoasttriallawyers.com\/wp-content\/uploads\/2025\/07\/Fresno-1.webp","type":"image\/webp"}],"twitter_card":"summary_large_image","twitter_site":"@WestCoastTrial","twitter_misc":{"Tiempo de lectura":"11 minutos"},"schema":{"@context":"https:\/\/schema.org","@graph":[{"@type":["WebPage","ItemPage"],"@id":"https:\/\/westcoasttriallawyers.com\/es\/california\/fresno\/abogado-de-accidentes-de-bicicleta-en-fresno","url":"https:\/\/westcoasttriallawyers.com\/es\/california\/fresno\/abogado-de-accidentes-de-bicicleta-en-fresno","name":"Abogado de Accidentes de Bicicleta en Fresno | West Coast Trial Lawyers","isPartOf":{"@id":"https:\/\/westcoasttriallawyers.com\/es#website"},"primaryImageOfPage":{"@id":"https:\/\/westcoasttriallawyers.com\/es\/california\/fresno\/abogado-de-accidentes-de-bicicleta-en-fresno#primaryimage"},"image":{"@id":"https:\/\/westcoasttriallawyers.com\/es\/california\/fresno\/abogado-de-accidentes-de-bicicleta-en-fresno#primaryimage"},"thumbnailUrl":"https:\/\/westcoasttriallawyers.com\/wp-content\/uploads\/2025\/07\/Fresno-1.webp","datePublished":"2026-01-13T21:30:26+00:00","dateModified":"2026-01-21T08:11:56+00:00","breadcrumb":{"@id":"https:\/\/westcoasttriallawyers.com\/es\/california\/fresno\/abogado-de-accidentes-de-bicicleta-en-fresno#breadcrumb"},"inLanguage":"es","potentialAction":[{"@type":"ReadAction","target":["https:\/\/westcoasttriallawyers.com\/es\/california\/fresno\/abogado-de-accidentes-de-bicicleta-en-fresno"]}]},{"@type":"ImageObject","inLanguage":"es","@id":"https:\/\/westcoasttriallawyers.com\/es\/california\/fresno\/abogado-de-accidentes-de-bicicleta-en-fresno#primaryimage","url":"https:\/\/westcoasttriallawyers.com\/wp-content\/uploads\/2025\/07\/Fresno-1.webp","contentUrl":"https:\/\/westcoasttriallawyers.com\/wp-content\/uploads\/2025\/07\/Fresno-1.webp","width":557,"height":327},{"@type":"BreadcrumbList","@id":"https:\/\/westcoasttriallawyers.com\/es\/california\/fresno\/abogado-de-accidentes-de-bicicleta-en-fresno#breadcrumb","itemListElement":[{"@type":"ListItem","position":1,"name":"Inicio","item":"https:\/\/westcoasttriallawyers.com\/es"},{"@type":"ListItem","position":2,"name":"California","item":"https:\/\/westcoasttriallawyers.com\/es\/california"},{"@type":"ListItem","position":3,"name":"Fresno","item":"https:\/\/westcoasttriallawyers.com\/es\/california\/fresno"},{"@type":"ListItem","position":4,"name":"Abogado de Accidentes de Bicicleta en Fresno"}]},{"@type":"WebSite","@id":"https:\/\/westcoasttriallawyers.com\/es#website","url":"https:\/\/westcoasttriallawyers.com\/es","name":"West Coast Trial Lawyers","description":"West Coast Trial Lawyers","publisher":{"@id":"https:\/\/westcoasttriallawyers.com\/es#organization"},"alternateName":"WCTL","potentialAction":[{"@type":"SearchAction","target":{"@type":"EntryPoint","urlTemplate":"https:\/\/westcoasttriallawyers.com\/es?s={search_term_string}"},"query-input":{"@type":"PropertyValueSpecification","valueRequired":true,"valueName":"search_term_string"}}],"inLanguage":"es"},{"@type":"Organization","@id":"https:\/\/westcoasttriallawyers.com\/es#organization","name":"West Coast Trial Lawyers","alternateName":"WCTL","url":"https:\/\/westcoasttriallawyers.com\/es","logo":{"@type":"ImageObject","inLanguage":"es","@id":"https:\/\/westcoasttriallawyers.com\/es#\/schema\/logo\/image\/","url":"https:\/\/westcoasttriallawyers.com\/wp-content\/uploads\/2026\/02\/WCTL-Logo.jpg","contentUrl":"https:\/\/westcoasttriallawyers.com\/wp-content\/uploads\/2026\/02\/WCTL-Logo.jpg","width":696,"height":696,"caption":"West Coast Trial Lawyers"},"image":{"@id":"https:\/\/westcoasttriallawyers.com\/es#\/schema\/logo\/image\/"},"sameAs":["https:\/\/www.facebook.com\/westcoasttriallawyers\/","https:\/\/x.com\/WestCoastTrial","https:\/\/www.linkedin.com\/company\/west-coast-trial-lawyers\/","https:\/\/www.instagram.com\/westcoasttriallawyers\/","https:\/\/www.yelp.com\/biz\/west-coast-trial-lawyers-los-angeles-2","https:\/\/www.pinterest.com\/westcoasttrial\/","https:\/\/www.youtube.com\/westcoasttriallawyersla\/","https:\/\/www.tiktok.com\/westcoasttriallawyers"],"description":"West Coast Trial Lawyers is a top-rated personal injury law firm with a goal to provide expert legal representation to those in need. The law firm has offices across California, Nevada, Arizona, and Washington.","legalName":"West Coast Trial Lawyers"}]}},"_links":{"self":[{"href":"https:\/\/westcoasttriallawyers.com\/es\/wp-json\/wp\/v2\/pages\/12810","targetHints":{"allow":["GET"]}}],"collection":[{"href":"https:\/\/westcoasttriallawyers.com\/es\/wp-json\/wp\/v2\/pages"}],"about":[{"href":"https:\/\/westcoasttriallawyers.com\/es\/wp-json\/wp\/v2\/types\/page"}],"author":[{"embeddable":true,"href":"https:\/\/westcoasttriallawyers.com\/es\/wp-json\/wp\/v2\/users\/475"}],"replies":[{"embeddable":true,"href":"https:\/\/westcoasttriallawyers.com\/es\/wp-json\/wp\/v2\/comments?post=12810"}],"version-history":[{"count":3,"href":"https:\/\/westcoasttriallawyers.com\/es\/wp-json\/wp\/v2\/pages\/12810\/revisions"}],"predecessor-version":[{"id":47573,"href":"https:\/\/westcoasttriallawyers.com\/es\/wp-json\/wp\/v2\/pages\/12810\/revisions\/47573"}],"up":[{"embeddable":true,"href":"https:\/\/westcoasttriallawyers.com\/es\/wp-json\/wp\/v2\/pages\/47276"}],"wp:featuredmedia":[{"embeddable":true,"href":"https:\/\/westcoasttriallawyers.com\/es\/wp-json\/wp\/v2\/media\/45526"}],"wp:attachment":[{"href":"https:\/\/westcoasttriallawyers.com\/es\/wp-json\/wp\/v2\/media?parent=12810"}],"curies":[{"name":"wp","href":"https:\/\/api.w.org\/{rel}","templated":true}]}}