{"id":12809,"date":"2026-01-13T21:30:34","date_gmt":"2026-01-13T21:30:34","guid":{"rendered":"https:\/\/wctl1stg.wpengine.com\/?page_id=12809"},"modified":"2026-01-21T08:38:45","modified_gmt":"2026-01-21T08:38:45","slug":"abogado-de-accidentes-de-motocicleta-en-fresno","status":"publish","type":"page","link":"https:\/\/westcoasttriallawyers.com\/es\/california\/fresno\/abogado-de-accidentes-de-motocicleta-en-fresno","title":{"rendered":"Abogado de Accidentes de Motocicleta en Fresno"},"content":{"rendered":"<h2><strong>Nuestros Abogados expertos en Accidentes de Motocicleta en Fresno Hablar\u00e1n sobre las Leyes Relacionadas con Los Cascos, los Tipos de Accidentes de Motocicleta y las Lesiones comunes que han Sufrido las V\u00edctimas Despu\u00e9s del Incidente<\/strong><\/h2>\n<p><strong>Fresno<\/strong> ha sido reconocida como una de las\u00a0<a href=\"https:\/\/abc30.com\/fresn213-927-3700wors213-927-3700drivin213-927-3700cit213-927-3700citie213-927-3700i213-927-3700americ213-927-3700drivers\/5618432\/\"><strong>ciudades m\u00e1s peligrosas<\/strong><\/a> de California para los conductores. Como muchos conductores negligentes contin\u00faan ocupando las carreteras, otros automovilistas, como los motociclistas, pueden correr el riesgo de verse involucrados en un accidente. Los motociclistas tienen m\u00e1s vulnerabilidad en comparaci\u00f3n con los que conducen veh\u00edculos est\u00e1ndar. Con poca o ninguna protecci\u00f3n disponible, los motociclistas suelen ser los que terminan sufriendo lesiones graves que pueden requerir atenci\u00f3n y atenci\u00f3n m\u00e9dica inmediata.\u00a0<\/p>\n<p>Los propios motociclistas tambi\u00e9n han contribuido a la causa de un accidente. En Fresno, los dos factores m\u00e1s comunes de un accidente de motocicleta han sido el exceso de velocidad y la p\u00e9rdida de control de la motocicleta. Independientemente de la experiencia que tenga un motociclista, es muy probable que tenga percances que pueden resultar en lesiones graves o la muerte.<\/p>\n<p>Se alienta a las v\u00edctimas de un accidente de motocicleta a presentar una demanda contra la parte culpable por da\u00f1os y perjuicios. En Los Abogados de la Costa Oeste, nuestros\u00a0<strong>abogados de accidentes de motocicleta en Fresno<\/strong> tienen m\u00e1s de 60 a\u00f1os de experiencia legal colectiva en el manejo de casos de lesiones personales. Hemos ganado m\u00e1s de 5,000 casos y recuperado m\u00e1s de $1,000 millones en acuerdos para nuestros clientes. Debido a nuestros logros, hemos sido reconocidos como uno de los mejores bufetes de abogados de lesiones personales en Fresno.<\/p>\n<p>No dude en ponerse en contacto con nuestro equipo legal las 24 horas del d\u00eda, los 7 d\u00edas de la semana hoy llamando al\u00a0 <strong>213-927-3700<\/strong> o enviando un correo electr\u00f3nico\u00a0<a href=\"mailto:info@westcoasttriallawyers.com\"><strong>info@westcoasttriallawyers.com<\/strong><\/a> para programar una consulta gratuita y sin compromiso en nuestro\u00a0<strong>bufete de abogados de lesiones personales de Fresno.<\/strong><\/p>\n<p><strong>Leyes Sobre Cascos de Motocicletas en California<\/strong><\/p>\n<p>En California, los motociclistas deben usar un casco que cumpla con el\u00a0 <a href=\"https:\/\/leginfo.legislature.ca.gov\/faces\/codes_displaySection.xhtml?sectionNum=21212.&amp;lawCode=VEH\"><strong>C\u00f3digo de Veh\u00edculos de California 21212<\/strong><\/a>. Los cascos deben pasar por ciertos requisitos antes de que se les permita venderlos legalmente a los consumidores. A continuaci\u00f3n se enumeran algunas condiciones que se han establecido bajo la ley de California:<\/p>\n<ul>\n<li><strong>Comisi\u00f3n de Seguridad de Productos del Consumidor (CPSC).\u00a0<\/strong>Con respecto a la Ley de Seguridad de Productos de Consumo, la CPSC exige que los cascos no tengan anteojeras, ya que pueden bloquear la vista del ciclista. Tambi\u00e9n indica que el casco debe estar bien sujeto a la cabeza.<\/li>\n<li><strong>Sociedad Americana de Prueba de Materiales.\u00a0<\/strong>Esta asociaci\u00f3n prueba los productos en cuanto a impacto, resistencia y estabilidad.<\/li>\n<li><strong>Fundaci\u00f3n conmemorativa de Snell.\u00a0<\/strong>Esta fundaci\u00f3n se estableci\u00f3 en 1976 y es conocida por imponer requisitos estrictos para el uso del casco. Su sitio web oficial ofrece una variedad de documentos para que las personas obtengan informaci\u00f3n m\u00e1s detallada sobre los cascos.<\/li>\n<\/ul>\n<p>La venta de cascos que no cumplen con los est\u00e1ndares de la industria es\u00a0<strong>ilegal\u00a0<\/strong>en el estado de California. Usar un casco no aprobado no solo es inseguro, sino que tambi\u00e9n puede exponerlo a responsabilidades legales.<\/p>\n<p><strong>Tipos Comunes de Accidentes de Motocicleta en Fresno<\/strong><\/p>\n<p>Ha habido varios factores que han contribuido a la causa de un accidente de motocicleta en Fresno. Esto incluye lo siguiente: El<\/p>\n<ul>\n<li><a href=\"https:\/\/www.yourcentralvalley.com\/news\/loca213-927-3700news\/official213-927-3700identif213-927-3700sange213-927-3700ma213-927-3700kille213-927-3700i213-927-3700motorcycl213-927-3700crash\/\"><strong>El exceso<\/strong><\/a> es la causa principal de todos los accidentes de motocicleta. Los motociclistas favorecen la idea de conducir a altas velocidades por una multitud de razones, como para obtener un subid\u00f3n de adrenalina o para salir del tr\u00e1fico lento. El exceso de velocidad nunca se recomienda para ning\u00fan automovilista, independientemente de cu\u00e1l sea el motivo. Los motociclistas experimentados e inexpertos corren el riesgo de sufrir un accidente, ya que puede ser dif\u00edcil controlar una motocicleta, especialmente si va a una velocidad peligrosamente alta.<\/li>\n<li>Los accidentes por exceso de velocidad pueden estar asociados con\u00a0<strong>paradas abruptas<\/strong>. Si un motociclista conduce a altas velocidades, no tendr\u00e1 tiempo suficiente para reaccionar ante un veh\u00edculo que se detiene repentinamente delante de \u00e9l. Las paradas abruptas tambi\u00e9n pueden provocar que un motociclista se desv\u00ede, lo que podr\u00eda provocar que choque contra otro objeto, como un veh\u00edculo o un \u00e1rbol.\u00a0<\/li>\n<li><a href=\"https:\/\/abc30.com\/fata213-927-3700cras213-927-3700deadl213-927-3700motorcycl213-927-3700acciden213-927-3700motorcyclis213-927-3700kille213-927-3700northeas213-927-3700fresno\/11264560\/\"><strong>La p\u00e9rdida de control<\/strong><\/a> es otro factor com\u00fan que ha resultado en accidentes de motocicleta en Fresno. Este tipo de accidente generalmente ocurre cuando un motociclista est\u00e1\u00a0<a href=\"https:\/\/kmph.com\/news\/local\/ma213-927-3700eject213-927-3700fro213-927-3700motorcycl213-927-3700late213-927-3700die213-927-3700i213-927-3700fresn213-927-3700county\"><strong>acelerando<\/strong><\/a>, manejando en\u00a0<a href=\"https:\/\/www.fresnobee.com\/news\/local\/article256081237.html\"><strong>malas condiciones clim\u00e1ticas<\/strong><\/a>, chocando con obst\u00e1culos en la carretera o manejando bajo la influencia.\u00a0<\/li>\n<li>Los automovilistas que se encuentran<strong> bajo la influencia del alcohol\u00a0<\/strong>a menudo han contribuido a los accidentes de motocicleta en Fresno. La mayor\u00eda de estos tipos de accidentes involucran\u00a0<a href=\"https:\/\/www.yourcentralvalley.com\/news\/loca213-927-3700news\/ch213-927-3700motorcyclis213-927-3700lef213-927-3700wit213-927-3700majo213-927-3700injurie213-927-3700afte213-927-3700bein213-927-3700hi213-927-3700b213-927-3700drun213-927-3700driver\/\"><strong>a conductores ebrios que<\/strong><\/a> chocan contra motociclistas. Los efectos del alcohol, como la visi\u00f3n borrosa y la falta de conciencia, pueden tener un gran impacto en la forma en que un conductor o motociclista maneja su veh\u00edculo. Cualquiera de las partes puede tener dificultades para intentar conducir con cautela en la carretera, ya que el alcohol contin\u00faa afectando sus habilidades para conducir o andar en bicicleta.\u00a0<\/li>\n<\/ul>\n<p><strong>Tipos Comunes de Lesiones por Accidentes de Motocicleta<\/strong><\/p>\n<ul>\n<li><strong>Lesi\u00f3n cerebral traum\u00e1tica (TBI).<\/strong> Una TBI generalmente ocurre cuando una persona sufre un golpe violento en la cabeza. Un objeto, como una bala o un cuchillo, que atraviesa el tejido cerebral tambi\u00e9n puede causar una TBI. Es probable que quienes sufren una lesi\u00f3n cerebral traum\u00e1tica desarrollen s\u00edntomas que pueden afectar sus capacidades f\u00edsicas y cognitivas. A menudo se recomiendan visitas al m\u00e9dico, sesiones de terapia, procedimientos y medicamentos para ayudar a mejorar la condici\u00f3n del cerebro.\u00a0<\/li>\n<li><strong>Huesos rotos.\u00a0<\/strong>Es probable que un motociclista golpee agresivamente el suelo despu\u00e9s de un accidente de motocicleta de alto impacto. Las \u00e1reas del cuerpo que pueden fracturarse despu\u00e9s de un accidente de motocicleta incluyen los brazos, las piernas o las costillas. Tambi\u00e9n pueden ocurrir lesiones de la m\u00e9dula espinal. Si el impacto no fue tan severo, el motociclista puede quedar con cortes, rasgu\u00f1os o magulladuras.\u00a0<\/li>\n<li><strong>Erupci\u00f3n de la carretera.\u00a0<\/strong>Este tipo de lesi\u00f3n generalmente ocurre cuando la piel de un motociclista es arrastrada por la carretera despu\u00e9s de ser expulsada de su veh\u00edculo. Las quemaduras en la carretera generalmente no causan lesiones fatales, sin embargo, pueden surgir infecciones si el \u00e1rea herida no se trata adecuadamente. Las quemaduras de carretera generalmente se tratan con pomadas antibi\u00f3ticas, como Neosporin.\u00a0<\/li>\n<li><strong>Hemorragia interna.<\/strong> Cualquier impacto contundente en el cuerpo puede desencadenar una hemorragia interna. Se alienta a los motociclistas a que examinen su cuerpo despu\u00e9s de un accidente para verificar si se est\u00e1 produciendo una hemorragia interna en su sistema. Un m\u00e9dico administra pruebas de imagen, como una tomograf\u00eda computarizada o una ecograf\u00eda, para determinar un diagn\u00f3stico, si es necesario.<\/li>\n<li><strong>Lesi\u00f3n de la m\u00e9dula espinal.<\/strong> Si un motociclista cae de espaldas despu\u00e9s de un accidente de motocicleta, es probable que se da\u00f1e la m\u00e9dula espinal. Los s\u00edntomas pueden variar seg\u00fan el segmento vertebral afectado por el impacto. Una v\u00edctima de lesi\u00f3n de la m\u00e9dula espinal tendr\u00e1 que asistir a citas m\u00e9dicas y sesiones de terapia para mejorar su lesi\u00f3n.\u00a0<\/li>\n<\/ul>\n<p><strong>Los Abogados de la Costa Oeste est\u00e1n aqu\u00ed para ayudarlo<\/strong><\/p>\n<p>Si ha sufrido lesiones en un accidente de motocicleta como resultado de la negligencia de alguien o actos deliberados de malicia, tiene derecho a responsabilizar a la parte culpable por sus p\u00e9rdidas. Un abogado de accidentes de motocicleta en Fresno en\u00a0<a href=\"\/\"><strong>Los Abogados de la Costa Oeste<\/strong><\/a><strong>\u00a0<\/strong>le ayudar\u00e1 a recuperar una compensaci\u00f3n por sus p\u00e9rdidas.<\/p>\n<p>Para programar una consulta gratuita en nuestro bufete de abogados de lesiones personales de Fresno, comun\u00edquese con nuestro equipo legal las 24 horas, los 7 d\u00edas de la semana llamando al\u00a0<strong>213-927-3700<\/strong> o enviando un correo electr\u00f3nico\u00a0<a href=\"mailto:info@westcoasttriallawyers.com\"><strong>a info@westcoasttriallawyers.com<\/strong><\/a>.<\/p>\n<p><!-- WCTL_DEBUG: no shortcode in this_content --><\/p>\n","protected":false},"excerpt":{"rendered":"<p>Nuestros Abogados expertos en Accidentes de Motocicleta en Fresno Hablar\u00e1n sobre las Leyes Relacionadas con Los Cascos, los Tipos de Accidentes de Motocicleta y las Lesiones comunes que han Sufrido las V\u00edctimas Despu\u00e9s del Incidente Fresno ha sido reconocida como una de las\u00a0ciudades m\u00e1s peligrosas de California para los conductores. Como muchos conductores negligentes contin\u00faan [&hellip;]<\/p>\n","protected":false},"author":475,"featured_media":45561,"parent":47276,"menu_order":0,"comment_status":"closed","ping_status":"closed","template":"","meta":{"inline_featured_image":false,"footnotes":""},"class_list":["post-12809","page","type-page","status-publish","has-post-thumbnail","hentry"],"acf":[],"yoast_head":"<!-- This site is optimized with the Yoast SEO Premium plugin v26.0 (Yoast SEO v26.0) - https:\/\/yoast.com\/wordpress\/plugins\/seo\/ -->\n<title>Abogado de Accidentes de Motocicleta en Fresno | West Coast Trial Lawyers<\/title>\n<meta name=\"robots\" content=\"index, follow, max-snippet:-1, max-image-preview:large, max-video-preview:-1\" \/>\n<link rel=\"canonical\" href=\"https:\/\/westcoasttriallawyers.com\/es\/california\/fresno\/abogado-de-accidentes-de-motocicleta-en-fresno\" \/>\n<meta property=\"og:locale\" content=\"es_ES\" \/>\n<meta property=\"og:type\" content=\"article\" \/>\n<meta property=\"og:title\" content=\"Abogado de Accidentes de Motocicleta en Fresno\" \/>\n<meta property=\"og:description\" content=\"Nuestros Abogados expertos en Accidentes de Motocicleta en Fresno Hablar\u00e1n sobre las Leyes Relacionadas con Los Cascos, los Tipos de Accidentes de Motocicleta y las Lesiones comunes que han Sufrido las V\u00edctimas Despu\u00e9s del Incidente Fresno ha sido reconocida como una de las\u00a0ciudades m\u00e1s peligrosas de California para los conductores. Como muchos conductores negligentes contin\u00faan [&hellip;]\" \/>\n<meta property=\"og:url\" content=\"https:\/\/westcoasttriallawyers.com\/es\/california\/fresno\/abogado-de-accidentes-de-motocicleta-en-fresno\" \/>\n<meta property=\"og:site_name\" content=\"West Coast Trial Lawyers\" \/>\n<meta property=\"article:publisher\" content=\"https:\/\/www.facebook.com\/westcoasttriallawyers\/\" \/>\n<meta property=\"article:modified_time\" content=\"2026-01-21T08:38:45+00:00\" \/>\n<meta property=\"og:image\" content=\"https:\/\/westcoasttriallawyers.com\/wp-content\/uploads\/2025\/07\/Fresno-15.webp\" \/>\n\t<meta property=\"og:image:width\" content=\"557\" \/>\n\t<meta property=\"og:image:height\" content=\"327\" \/>\n\t<meta property=\"og:image:type\" content=\"image\/webp\" \/>\n<meta name=\"twitter:card\" content=\"summary_large_image\" \/>\n<meta name=\"twitter:site\" content=\"@WestCoastTrial\" \/>\n<meta name=\"twitter:label1\" content=\"Tiempo de lectura\" \/>\n\t<meta name=\"twitter:data1\" content=\"10 minutos\" \/>\n<script type=\"application\/ld+json\" class=\"yoast-schema-graph\">{\"@context\":\"https:\/\/schema.org\",\"@graph\":[{\"@type\":[\"WebPage\",\"ItemPage\"],\"@id\":\"https:\/\/westcoasttriallawyers.com\/es\/california\/fresno\/abogado-de-accidentes-de-motocicleta-en-fresno\",\"url\":\"https:\/\/westcoasttriallawyers.com\/es\/california\/fresno\/abogado-de-accidentes-de-motocicleta-en-fresno\",\"name\":\"Abogado de Accidentes de Motocicleta en Fresno | West Coast Trial Lawyers\",\"isPartOf\":{\"@id\":\"https:\/\/westcoasttriallawyers.com\/es#website\"},\"primaryImageOfPage\":{\"@id\":\"https:\/\/westcoasttriallawyers.com\/es\/california\/fresno\/abogado-de-accidentes-de-motocicleta-en-fresno#primaryimage\"},\"image\":{\"@id\":\"https:\/\/westcoasttriallawyers.com\/es\/california\/fresno\/abogado-de-accidentes-de-motocicleta-en-fresno#primaryimage\"},\"thumbnailUrl\":\"https:\/\/westcoasttriallawyers.com\/wp-content\/uploads\/2025\/07\/Fresno-15.webp\",\"datePublished\":\"2026-01-13T21:30:34+00:00\",\"dateModified\":\"2026-01-21T08:38:45+00:00\",\"breadcrumb\":{\"@id\":\"https:\/\/westcoasttriallawyers.com\/es\/california\/fresno\/abogado-de-accidentes-de-motocicleta-en-fresno#breadcrumb\"},\"inLanguage\":\"es\",\"potentialAction\":[{\"@type\":\"ReadAction\",\"target\":[\"https:\/\/westcoasttriallawyers.com\/es\/california\/fresno\/abogado-de-accidentes-de-motocicleta-en-fresno\"]}]},{\"@type\":\"ImageObject\",\"inLanguage\":\"es\",\"@id\":\"https:\/\/westcoasttriallawyers.com\/es\/california\/fresno\/abogado-de-accidentes-de-motocicleta-en-fresno#primaryimage\",\"url\":\"https:\/\/westcoasttriallawyers.com\/wp-content\/uploads\/2025\/07\/Fresno-15.webp\",\"contentUrl\":\"https:\/\/westcoasttriallawyers.com\/wp-content\/uploads\/2025\/07\/Fresno-15.webp\",\"width\":557,\"height\":327},{\"@type\":\"BreadcrumbList\",\"@id\":\"https:\/\/westcoasttriallawyers.com\/es\/california\/fresno\/abogado-de-accidentes-de-motocicleta-en-fresno#breadcrumb\",\"itemListElement\":[{\"@type\":\"ListItem\",\"position\":1,\"name\":\"Inicio\",\"item\":\"https:\/\/westcoasttriallawyers.com\/es\"},{\"@type\":\"ListItem\",\"position\":2,\"name\":\"California\",\"item\":\"https:\/\/westcoasttriallawyers.com\/es\/california\"},{\"@type\":\"ListItem\",\"position\":3,\"name\":\"Fresno\",\"item\":\"https:\/\/westcoasttriallawyers.com\/es\/california\/fresno\"},{\"@type\":\"ListItem\",\"position\":4,\"name\":\"Abogado de Accidentes de Motocicleta en Fresno\"}]},{\"@type\":\"WebSite\",\"@id\":\"https:\/\/westcoasttriallawyers.com\/es#website\",\"url\":\"https:\/\/westcoasttriallawyers.com\/es\",\"name\":\"West Coast Trial Lawyers\",\"description\":\"West Coast Trial Lawyers\",\"publisher\":{\"@id\":\"https:\/\/westcoasttriallawyers.com\/es#organization\"},\"alternateName\":\"WCTL\",\"potentialAction\":[{\"@type\":\"SearchAction\",\"target\":{\"@type\":\"EntryPoint\",\"urlTemplate\":\"https:\/\/westcoasttriallawyers.com\/es?s={search_term_string}\"},\"query-input\":{\"@type\":\"PropertyValueSpecification\",\"valueRequired\":true,\"valueName\":\"search_term_string\"}}],\"inLanguage\":\"es\"},{\"@type\":\"Organization\",\"@id\":\"https:\/\/westcoasttriallawyers.com\/es#organization\",\"name\":\"West Coast Trial Lawyers\",\"alternateName\":\"WCTL\",\"url\":\"https:\/\/westcoasttriallawyers.com\/es\",\"logo\":{\"@type\":\"ImageObject\",\"inLanguage\":\"es\",\"@id\":\"https:\/\/westcoasttriallawyers.com\/es#\/schema\/logo\/image\/\",\"url\":\"https:\/\/westcoasttriallawyers.com\/wp-content\/uploads\/2026\/02\/WCTL-Logo.jpg\",\"contentUrl\":\"https:\/\/westcoasttriallawyers.com\/wp-content\/uploads\/2026\/02\/WCTL-Logo.jpg\",\"width\":696,\"height\":696,\"caption\":\"West Coast Trial Lawyers\"},\"image\":{\"@id\":\"https:\/\/westcoasttriallawyers.com\/es#\/schema\/logo\/image\/\"},\"sameAs\":[\"https:\/\/www.facebook.com\/westcoasttriallawyers\/\",\"https:\/\/x.com\/WestCoastTrial\",\"https:\/\/www.linkedin.com\/company\/west-coast-trial-lawyers\/\",\"https:\/\/www.instagram.com\/westcoasttriallawyers\/\",\"https:\/\/www.yelp.com\/biz\/west-coast-trial-lawyers-los-angeles-2\",\"https:\/\/www.pinterest.com\/westcoasttrial\/\",\"https:\/\/www.youtube.com\/westcoasttriallawyersla\/\",\"https:\/\/www.tiktok.com\/westcoasttriallawyers\"],\"description\":\"West Coast Trial Lawyers is a top-rated personal injury law firm with a goal to provide expert legal representation to those in need. The law firm has offices across California, Nevada, Arizona, and Washington.\",\"legalName\":\"West Coast Trial Lawyers\"}]}<\/script>\n<!-- \/ Yoast SEO Premium plugin. -->","yoast_head_json":{"title":"Abogado de Accidentes de Motocicleta en Fresno | West Coast Trial Lawyers","robots":{"index":"index","follow":"follow","max-snippet":"max-snippet:-1","max-image-preview":"max-image-preview:large","max-video-preview":"max-video-preview:-1"},"canonical":"https:\/\/westcoasttriallawyers.com\/es\/california\/fresno\/abogado-de-accidentes-de-motocicleta-en-fresno","og_locale":"es_ES","og_type":"article","og_title":"Abogado de Accidentes de Motocicleta en Fresno","og_description":"Nuestros Abogados expertos en Accidentes de Motocicleta en Fresno Hablar\u00e1n sobre las Leyes Relacionadas con Los Cascos, los Tipos de Accidentes de Motocicleta y las Lesiones comunes que han Sufrido las V\u00edctimas Despu\u00e9s del Incidente Fresno ha sido reconocida como una de las\u00a0ciudades m\u00e1s peligrosas de California para los conductores. Como muchos conductores negligentes contin\u00faan [&hellip;]","og_url":"https:\/\/westcoasttriallawyers.com\/es\/california\/fresno\/abogado-de-accidentes-de-motocicleta-en-fresno","og_site_name":"West Coast Trial Lawyers","article_publisher":"https:\/\/www.facebook.com\/westcoasttriallawyers\/","article_modified_time":"2026-01-21T08:38:45+00:00","og_image":[{"width":557,"height":327,"url":"https:\/\/westcoasttriallawyers.com\/wp-content\/uploads\/2025\/07\/Fresno-15.webp","type":"image\/webp"}],"twitter_card":"summary_large_image","twitter_site":"@WestCoastTrial","twitter_misc":{"Tiempo de lectura":"10 minutos"},"schema":{"@context":"https:\/\/schema.org","@graph":[{"@type":["WebPage","ItemPage"],"@id":"https:\/\/westcoasttriallawyers.com\/es\/california\/fresno\/abogado-de-accidentes-de-motocicleta-en-fresno","url":"https:\/\/westcoasttriallawyers.com\/es\/california\/fresno\/abogado-de-accidentes-de-motocicleta-en-fresno","name":"Abogado de Accidentes de Motocicleta en Fresno | West Coast Trial Lawyers","isPartOf":{"@id":"https:\/\/westcoasttriallawyers.com\/es#website"},"primaryImageOfPage":{"@id":"https:\/\/westcoasttriallawyers.com\/es\/california\/fresno\/abogado-de-accidentes-de-motocicleta-en-fresno#primaryimage"},"image":{"@id":"https:\/\/westcoasttriallawyers.com\/es\/california\/fresno\/abogado-de-accidentes-de-motocicleta-en-fresno#primaryimage"},"thumbnailUrl":"https:\/\/westcoasttriallawyers.com\/wp-content\/uploads\/2025\/07\/Fresno-15.webp","datePublished":"2026-01-13T21:30:34+00:00","dateModified":"2026-01-21T08:38:45+00:00","breadcrumb":{"@id":"https:\/\/westcoasttriallawyers.com\/es\/california\/fresno\/abogado-de-accidentes-de-motocicleta-en-fresno#breadcrumb"},"inLanguage":"es","potentialAction":[{"@type":"ReadAction","target":["https:\/\/westcoasttriallawyers.com\/es\/california\/fresno\/abogado-de-accidentes-de-motocicleta-en-fresno"]}]},{"@type":"ImageObject","inLanguage":"es","@id":"https:\/\/westcoasttriallawyers.com\/es\/california\/fresno\/abogado-de-accidentes-de-motocicleta-en-fresno#primaryimage","url":"https:\/\/westcoasttriallawyers.com\/wp-content\/uploads\/2025\/07\/Fresno-15.webp","contentUrl":"https:\/\/westcoasttriallawyers.com\/wp-content\/uploads\/2025\/07\/Fresno-15.webp","width":557,"height":327},{"@type":"BreadcrumbList","@id":"https:\/\/westcoasttriallawyers.com\/es\/california\/fresno\/abogado-de-accidentes-de-motocicleta-en-fresno#breadcrumb","itemListElement":[{"@type":"ListItem","position":1,"name":"Inicio","item":"https:\/\/westcoasttriallawyers.com\/es"},{"@type":"ListItem","position":2,"name":"California","item":"https:\/\/westcoasttriallawyers.com\/es\/california"},{"@type":"ListItem","position":3,"name":"Fresno","item":"https:\/\/westcoasttriallawyers.com\/es\/california\/fresno"},{"@type":"ListItem","position":4,"name":"Abogado de Accidentes de Motocicleta en Fresno"}]},{"@type":"WebSite","@id":"https:\/\/westcoasttriallawyers.com\/es#website","url":"https:\/\/westcoasttriallawyers.com\/es","name":"West Coast Trial Lawyers","description":"West Coast Trial Lawyers","publisher":{"@id":"https:\/\/westcoasttriallawyers.com\/es#organization"},"alternateName":"WCTL","potentialAction":[{"@type":"SearchAction","target":{"@type":"EntryPoint","urlTemplate":"https:\/\/westcoasttriallawyers.com\/es?s={search_term_string}"},"query-input":{"@type":"PropertyValueSpecification","valueRequired":true,"valueName":"search_term_string"}}],"inLanguage":"es"},{"@type":"Organization","@id":"https:\/\/westcoasttriallawyers.com\/es#organization","name":"West Coast Trial Lawyers","alternateName":"WCTL","url":"https:\/\/westcoasttriallawyers.com\/es","logo":{"@type":"ImageObject","inLanguage":"es","@id":"https:\/\/westcoasttriallawyers.com\/es#\/schema\/logo\/image\/","url":"https:\/\/westcoasttriallawyers.com\/wp-content\/uploads\/2026\/02\/WCTL-Logo.jpg","contentUrl":"https:\/\/westcoasttriallawyers.com\/wp-content\/uploads\/2026\/02\/WCTL-Logo.jpg","width":696,"height":696,"caption":"West Coast Trial Lawyers"},"image":{"@id":"https:\/\/westcoasttriallawyers.com\/es#\/schema\/logo\/image\/"},"sameAs":["https:\/\/www.facebook.com\/westcoasttriallawyers\/","https:\/\/x.com\/WestCoastTrial","https:\/\/www.linkedin.com\/company\/west-coast-trial-lawyers\/","https:\/\/www.instagram.com\/westcoasttriallawyers\/","https:\/\/www.yelp.com\/biz\/west-coast-trial-lawyers-los-angeles-2","https:\/\/www.pinterest.com\/westcoasttrial\/","https:\/\/www.youtube.com\/westcoasttriallawyersla\/","https:\/\/www.tiktok.com\/westcoasttriallawyers"],"description":"West Coast Trial Lawyers is a top-rated personal injury law firm with a goal to provide expert legal representation to those in need. The law firm has offices across California, Nevada, Arizona, and Washington.","legalName":"West Coast Trial Lawyers"}]}},"_links":{"self":[{"href":"https:\/\/westcoasttriallawyers.com\/es\/wp-json\/wp\/v2\/pages\/12809","targetHints":{"allow":["GET"]}}],"collection":[{"href":"https:\/\/westcoasttriallawyers.com\/es\/wp-json\/wp\/v2\/pages"}],"about":[{"href":"https:\/\/westcoasttriallawyers.com\/es\/wp-json\/wp\/v2\/types\/page"}],"author":[{"embeddable":true,"href":"https:\/\/westcoasttriallawyers.com\/es\/wp-json\/wp\/v2\/users\/475"}],"replies":[{"embeddable":true,"href":"https:\/\/westcoasttriallawyers.com\/es\/wp-json\/wp\/v2\/comments?post=12809"}],"version-history":[{"count":3,"href":"https:\/\/westcoasttriallawyers.com\/es\/wp-json\/wp\/v2\/pages\/12809\/revisions"}],"predecessor-version":[{"id":47595,"href":"https:\/\/westcoasttriallawyers.com\/es\/wp-json\/wp\/v2\/pages\/12809\/revisions\/47595"}],"up":[{"embeddable":true,"href":"https:\/\/westcoasttriallawyers.com\/es\/wp-json\/wp\/v2\/pages\/47276"}],"wp:featuredmedia":[{"embeddable":true,"href":"https:\/\/westcoasttriallawyers.com\/es\/wp-json\/wp\/v2\/media\/45561"}],"wp:attachment":[{"href":"https:\/\/westcoasttriallawyers.com\/es\/wp-json\/wp\/v2\/media?parent=12809"}],"curies":[{"name":"wp","href":"https:\/\/api.w.org\/{rel}","templated":true}]}}