{"id":12808,"date":"2026-01-13T21:30:35","date_gmt":"2026-01-13T21:30:35","guid":{"rendered":"https:\/\/wctl1stg.wpengine.com\/?page_id=12808"},"modified":"2026-01-21T08:40:53","modified_gmt":"2026-01-21T08:40:53","slug":"abogado-de-accidentes-de-peatones-en-fresno","status":"publish","type":"page","link":"https:\/\/westcoasttriallawyers.com\/es\/california\/fresno\/abogado-de-accidentes-de-peatones-en-fresno","title":{"rendered":"Abogado de Accidentes de Peatones en Fresno"},"content":{"rendered":"<h2><strong>Tipos comunes de Accidentes de Peatones y c\u00f3mo Reducir las Posibilidades de Involucrarse en uno<\/strong><\/h2>\n<p>Fresno ha sido conocida como una de las ciudades m\u00e1s peligrosas para los conductores en California. Los accidentes son bastante comunes y alrededor del 64 por<a href=\"https:\/\/www.yourcentralvalley.com\/news213-927-3700percen213-927-3700o213-927-3700fresno213-927-3700deadl213-927-3700collision213-927-3700ar213-927-3700vehicl213-927-3700v213-927-3700pedestria213-927-3700one213-927-3700polic213-927-3700say\/\"><strong> ciento<\/strong><\/a> de ellos involucran a peatones. En 2018, se inform\u00f3 que ocurrieron 21 accidentes fatales de peatones en las calles de Fresno. Con una cantidad alarmante de lesiones y muertes, la polic\u00eda ha instado a los residentes y visitantes a caminar con cautela en los cruces peatonales, ya que no siempre se garantiza que un conductor le dar\u00e1 el derecho de paso a un peat\u00f3n.\u00a0<\/p>\n<p>Seg\u00fan<a href=\"https:\/\/leginfo.legislature.ca.gov\/faces\/codes_displaySection.xhtml?sectionNum=21950.&amp;lawCode=VEH\"><strong> la ley de California<\/strong><\/a>, se requiere que un conductor ceda el derecho de paso a los peatones que cruzan la calle dentro de cualquier cruce de peatones marcado o no marcado en una intersecci\u00f3n. Aquellos que violen esta ley enfrentar\u00e1n repercusiones legales, como cargos penales, multas, sanciones y\/o una demanda por lesiones personales. En California, la multa por violar el CVC 21950 es de $238. Tambi\u00e9n se agrega un punto al registro del DMV del conductor. Si el conductor recibe 4 puntos en 12 meses, 6 puntos en 24 meses u 8 puntos en 36 meses, correr\u00e1 el riesgo de que le suspendan la licencia.\u00a0<\/p>\n<p>Las sanciones por homicidio vehicular en California dependen de si las acciones del conductor se consideran negligencia grave u ordinaria. Si el conductor cometi\u00f3 una negligencia grave, se le acusa de un delito menor o un delito grave. La sentencia por delito menor por homicidio vehicular con negligencia grave es de hasta un a\u00f1o en la c\u00e1rcel del condado, mientras que la sentencia por delito grave ser\u00eda de seis a\u00f1os en una prisi\u00f3n estatal. Si el conductor cometi\u00f3 negligencia ordinaria, entonces ser\u00e1 acusado de un delito menor. El conductor puede enfrentar hasta un a\u00f1o en la c\u00e1rcel del condado.<\/p>\n<p>Las v\u00edctimas de un accidente peatonal pueden tener derecho a presentar una demanda por lesiones personales contra el conductor culpable por sus lesiones y da\u00f1os. En Los Abogados de la Costa Oeste, nuestros\u00a0<strong>abogados de accidentes de peatones en Fresno\u00a0<\/strong>tienen m\u00e1s de 60 a\u00f1os de experiencia legal colectiva en el manejo de casos de lesiones personales. Con nuestro historial de recuperaci\u00f3n de m\u00e1s de $1 mil millones en acuerdos para nuestros clientes, estamos seguros de que obtendremos un buen resultado para su caso.<\/p>\n<p>Para programar una consulta gratuita y sin compromiso en nuestro<strong> bufete de abogados de lesiones personales de Fresno<\/strong>, comun\u00edquese con nuestro equipo legal las 24 horas, los 7 d\u00edas de la semana llamando al\u00a0<strong>213-927-3700<\/strong> o enviando un correo electr\u00f3nico\u00a0<a href=\"mailto:info@westcoasttriallawyers.com\"><strong>a info@westcoasttriallawyers.com<\/strong><\/a>.<\/p>\n<p><strong>Tipos de Accidentes de Peatones<\/strong><\/p>\n<p>Hay m\u00faltiples factores que han contribuido a la causa de un accidente peatonal. Esto incluye lo siguiente:\u00a0<\/p>\n<ol>\n<li><strong>Retroceso del veh\u00edculo.\u00a0<\/strong>Este tipo de accidente suele ocurrir en los estacionamientos. Se espera que los conductores observen cuidadosamente su entorno antes de realizar acciones, como retroceder su veh\u00edculo. Si un conductor no se da cuenta de que hay peatones cerca de su veh\u00edculo, es probable que resulte en un accidente de peatones.\u00a0<\/li>\n<li><strong>Fuera del camino.\u00a0<\/strong>Esto puede ocurrir cuando un conductor se desv\u00eda de la carretera y golpea a un peat\u00f3n que est\u00e1 en la acera o demasiado cerca del borde de la carretera.<\/li>\n<li><strong>Lado de la carretera.\u00a0<\/strong>Si no hay una acera, se espera que un peat\u00f3n camine por el extremo derecho de la carretera. Sin embargo, esto puede ser peligroso, especialmente de noche. Un peat\u00f3n puede parecer menos visible, lo que en \u00faltima instancia puede provocar que un veh\u00edculo se estrelle contra \u00e9l sin saberlo.\u00a0<\/li>\n<li><strong>Cruzando una autopista.<\/strong> A menudo, un veh\u00edculo puede dejar de responder o averiarse en medio de la carretera. Es probable que el conductor del veh\u00edculo se sienta obligado a cruzar la carretera para llegar a un lugar seguro que est\u00e9 alejado del tr\u00e1fico. Sin embargo, est\u00e1n poniendo sus vidas en riesgo al correr frente a m\u00faltiples veh\u00edculos que se aproximan.\u00a0<\/li>\n<li><strong>Conducci\u00f3n de veh\u00edculos a trav\u00e9s de una intersecci\u00f3n.<\/strong> Este tipo de accidente puede desencadenarse por un sem\u00e1foro que no funciona correctamente o por un conductor negligente.\u00a0<\/li>\n<li><strong>Giro de veh\u00edculos en una intersecci\u00f3n.\u00a0<\/strong>Un conductor debe ser consciente de su entorno antes de realizar acciones, como incorporarse, cambiar de carril o girar en una intersecci\u00f3n. Desafortunadamente, muchos conductores imprudentes e impacientes eligen girar sin importar si ven a un peat\u00f3n cruzando la calle.\u00a0<\/li>\n<li><strong>No ceder el paso a un peat\u00f3n usando el paso de peatones.\u00a0<\/strong>Como se indic\u00f3 anteriormente, seg\u00fan la ley de California, un conductor debe proporcionar un derecho de paso a los peatones que cruzan un cruce de peatones marcado o no marcado en una intersecci\u00f3n. Sin embargo, hay conductores negligentes que contin\u00faan conduciendo incluso cuando un peat\u00f3n sigue caminando en el cruce de peatones. Esto es extremadamente peligroso ya que el conductor podr\u00eda lesionar gravemente o matar al peat\u00f3n.\u00a0<\/li>\n<li><strong>Carrera repentina al otro lado de la calle.\u00a0<\/strong>Este tipo de accidente es causado por un peat\u00f3n negligente que intenta hacer una carrera repentina para cruzar la calle mientras est\u00e1 completamente consciente de los veh\u00edculos que se aproximan. Generalmente, un peat\u00f3n tendr\u00e1 la culpa de causar este tipo de accidente, sin embargo, el conductor tambi\u00e9n podr\u00eda ser responsable si estuviera realizando acciones ilegales, como conducir a alta velocidad o bajo la influencia.<\/li>\n<\/ol>\n<p><strong>C\u00f3mo Reducir los Accidentes de Peatones<\/strong><\/p>\n<p>Las calles se dise\u00f1an com\u00fanmente para brindar comodidad a los conductores m\u00e1s que a los peatones, lo que deja a los peatones en una posici\u00f3n vulnerable. Para mejorar las posibilidades de que un peat\u00f3n camine con seguridad por las calles de Fresno, hemos creado una lista de consejos que deben tenerse en cuenta al salir a caminar.<\/p>\n<ol>\n<li><strong>Camina defensivamente.\u00a0<\/strong>Sea consciente de su entorno mientras camina por la acera o el cruce de peatones.\u00a0<\/li>\n<li><strong>Mant\u00e9ngase alejado de su tel\u00e9fono cuando camine.\u00a0<\/strong>No permita que su tel\u00e9fono lo distraiga de concentrarse en su entorno. Si pega los ojos al tel\u00e9fono, puede chocar con un objeto, como un poste de luz, un \u00e1rbol o un veh\u00edculo.\u00a0<\/li>\n<li><strong>Utilice un paso de peatones.\u00a0<\/strong>Si necesita cruzar la calle, debe usar un paso de peatones. Si camina imprudentemente, es probable que tenga un accidente con los veh\u00edculos que se aproximan.<\/li>\n<li><strong>Hacer contacto visual.\u00a0<\/strong>No asuma siempre que un conductor le dar\u00e1 el derecho de paso cuando est\u00e9 caminando en un cruce de peatones. Aseg\u00farese de mirar a los conductores a los ojos para hacerles saber que est\u00e1 a punto de cruzar la calle.<\/li>\n<li><strong>Cuidado con los autos estacionados.<\/strong> Debe hacer observaciones cuidadosas de los veh\u00edculos estacionados mientras camina en un estacionamiento. Si nota que un conductor intenta retroceder, debe alejarse lo m\u00e1s posible del veh\u00edculo.\u00a0<\/li>\n<li><strong>Mire a ambos lados antes de cruzar la calle.\u00a0<\/strong>A pesar de que se le da el derecho de paso para cruzar un cruce de peatones marcado o no marcado, no siempre se garantiza al 100 por ciento que un conductor le ceda el paso. Siempre aseg\u00farese de mirar a ambos lados para verificar si hay alg\u00fan veh\u00edculo que se aproxime para poder cruzar la calle de manera segura.<\/li>\n<li><strong>Aseg\u00farese de ser visible para los conductores.\u00a0<\/strong>Se recomienda que los peatones usen ropa reflectante o de colores claros, especialmente durante la noche, para que los conductores nos vean mejor.<\/li>\n<li><strong>Evite beber alcohol antes de salir a caminar.\u00a0<\/strong>El alcohol puede causar visi\u00f3n borrosa, dificultad para hablar y escuchar, y falta de control. Estos s\u00edntomas pueden dificultar que un peat\u00f3n se mantenga estable al caminar por la acera.\u00a0<\/li>\n<\/ol>\n<p><strong>Da\u00f1os Disponibles Los da\u00f1os<\/strong><\/p>\n<p>Los\u00a0<strong>da\u00f1os econ\u00f3micos<\/strong> est\u00e1n destinados a compensar a un demandante por las p\u00e9rdidas a las que se puede adjuntar f\u00e1cilmente una cantidad en d\u00f3lares. Se calcula determinando la cantidad de p\u00e9rdidas de bolsillo que una persona agraviada tiene o esperar\u00e1 incurrir como resultado de sus lesiones. Algunos ejemplos de p\u00e9rdidas econ\u00f3micas incluyen la p\u00e9rdida de la capacidad de generar ingresos, las facturas m\u00e9dicas y la p\u00e9rdida de salarios.<\/p>\n<p><strong>Los da\u00f1os no econ\u00f3micos<\/strong> est\u00e1n destinados esencialmente a cubrir p\u00e9rdidas que se consideran subjetivas y no necesariamente cubrir\u00e1n p\u00e9rdidas de bolsillo. Puede incluir compensaci\u00f3n por angustia emocional, dolor y sufrimiento, y p\u00e9rdida del disfrute de la vida.<\/p>\n<p>El tercer tipo de da\u00f1os que un tribunal de California puede otorgar se conoce como<a href=\"https:\/\/www.law.cornell.edu\/wex\/punitive_damages\"><strong> da\u00f1os punitivos<\/strong><\/a>. Los da\u00f1os punitivos tienen la intenci\u00f3n de ser un castigo y solo se otorgan cuando el comportamiento del acusado es especialmente da\u00f1ino. Es relativamente raro y, de hecho, solo se incorpora en el 5 por ciento de todos los veredictos. Adem\u00e1s, no existe un est\u00e1ndar real establecido para calcular y otorgar da\u00f1os punitivos. Los da\u00f1os punitivos se otorgan a discreci\u00f3n del tribunal y variar\u00e1n seg\u00fan las circunstancias espec\u00edficas de cada caso.\u00a0<\/p>\n<p><strong>Los Abogados de la Costa Oeste Est\u00e1n Aqu\u00ed<\/strong><\/p>\n<p>Si result\u00f3 lesionado debido a un accidente de peatones y desea emprender acciones legales contra la parte culpable, nuestros abogados de accidentes de peatones de Fresno en\u00a0<a href=\"\/\"><strong>Los Abogados de la Costa Oeste<\/strong><\/a> lo ayudar\u00e1n a recuperar una compensaci\u00f3n por las p\u00e9rdidas que ha sufrido. sufrido.\u00a0<\/p>\n<p>Comun\u00edquese con nosotros hoy llamando al\u00a0<strong>213-927-3700<\/strong> o enviando un correo electr\u00f3nico\u00a0<a href=\"mailto:info@westcoasttriallawyers.com\"><strong>a info@westcoasttriallawyers.com<\/strong><\/a><strong>\u00a0<\/strong>para programar una consulta gratuita con nuestro equipo legal experimentado, atento y compasivo.<\/p>\n<p><!-- WCTL_DEBUG: no shortcode in this_content --><\/p>\n","protected":false},"excerpt":{"rendered":"<p>Tipos comunes de Accidentes de Peatones y c\u00f3mo Reducir las Posibilidades de Involucrarse en uno Fresno ha sido conocida como una de las ciudades m\u00e1s peligrosas para los conductores en California. Los accidentes son bastante comunes y alrededor del 64 por ciento de ellos involucran a peatones. En 2018, se inform\u00f3 que ocurrieron 21 accidentes [&hellip;]<\/p>\n","protected":false},"author":475,"featured_media":45566,"parent":47276,"menu_order":0,"comment_status":"closed","ping_status":"closed","template":"","meta":{"inline_featured_image":false,"footnotes":""},"class_list":["post-12808","page","type-page","status-publish","has-post-thumbnail","hentry"],"acf":[],"yoast_head":"<!-- This site is optimized with the Yoast SEO Premium plugin v26.0 (Yoast SEO v26.0) - https:\/\/yoast.com\/wordpress\/plugins\/seo\/ -->\n<title>Abogado de Accidentes de Peatones en Fresno | West Coast Trial Lawyers<\/title>\n<meta name=\"robots\" content=\"index, follow, max-snippet:-1, max-image-preview:large, max-video-preview:-1\" \/>\n<link rel=\"canonical\" href=\"https:\/\/westcoasttriallawyers.com\/es\/california\/fresno\/abogado-de-accidentes-de-peatones-en-fresno\" \/>\n<meta property=\"og:locale\" content=\"es_ES\" \/>\n<meta property=\"og:type\" content=\"article\" \/>\n<meta property=\"og:title\" content=\"Abogado de Accidentes de Peatones en Fresno\" \/>\n<meta property=\"og:description\" content=\"Tipos comunes de Accidentes de Peatones y c\u00f3mo Reducir las Posibilidades de Involucrarse en uno Fresno ha sido conocida como una de las ciudades m\u00e1s peligrosas para los conductores en California. Los accidentes son bastante comunes y alrededor del 64 por ciento de ellos involucran a peatones. En 2018, se inform\u00f3 que ocurrieron 21 accidentes [&hellip;]\" \/>\n<meta property=\"og:url\" content=\"https:\/\/westcoasttriallawyers.com\/es\/california\/fresno\/abogado-de-accidentes-de-peatones-en-fresno\" \/>\n<meta property=\"og:site_name\" content=\"West Coast Trial Lawyers\" \/>\n<meta property=\"article:publisher\" content=\"https:\/\/www.facebook.com\/westcoasttriallawyers\/\" \/>\n<meta property=\"article:modified_time\" content=\"2026-01-21T08:40:53+00:00\" \/>\n<meta property=\"og:image\" content=\"https:\/\/westcoasttriallawyers.com\/wp-content\/uploads\/2025\/07\/Fresno-17.webp\" \/>\n\t<meta property=\"og:image:width\" content=\"557\" \/>\n\t<meta property=\"og:image:height\" content=\"327\" \/>\n\t<meta property=\"og:image:type\" content=\"image\/webp\" \/>\n<meta name=\"twitter:card\" content=\"summary_large_image\" \/>\n<meta name=\"twitter:site\" content=\"@WestCoastTrial\" \/>\n<meta name=\"twitter:label1\" content=\"Tiempo de lectura\" \/>\n\t<meta name=\"twitter:data1\" content=\"13 minutos\" \/>\n<script type=\"application\/ld+json\" class=\"yoast-schema-graph\">{\"@context\":\"https:\/\/schema.org\",\"@graph\":[{\"@type\":[\"WebPage\",\"ItemPage\"],\"@id\":\"https:\/\/westcoasttriallawyers.com\/es\/california\/fresno\/abogado-de-accidentes-de-peatones-en-fresno\",\"url\":\"https:\/\/westcoasttriallawyers.com\/es\/california\/fresno\/abogado-de-accidentes-de-peatones-en-fresno\",\"name\":\"Abogado de Accidentes de Peatones en Fresno | West Coast Trial Lawyers\",\"isPartOf\":{\"@id\":\"https:\/\/westcoasttriallawyers.com\/es#website\"},\"primaryImageOfPage\":{\"@id\":\"https:\/\/westcoasttriallawyers.com\/es\/california\/fresno\/abogado-de-accidentes-de-peatones-en-fresno#primaryimage\"},\"image\":{\"@id\":\"https:\/\/westcoasttriallawyers.com\/es\/california\/fresno\/abogado-de-accidentes-de-peatones-en-fresno#primaryimage\"},\"thumbnailUrl\":\"https:\/\/westcoasttriallawyers.com\/wp-content\/uploads\/2025\/07\/Fresno-17.webp\",\"datePublished\":\"2026-01-13T21:30:35+00:00\",\"dateModified\":\"2026-01-21T08:40:53+00:00\",\"breadcrumb\":{\"@id\":\"https:\/\/westcoasttriallawyers.com\/es\/california\/fresno\/abogado-de-accidentes-de-peatones-en-fresno#breadcrumb\"},\"inLanguage\":\"es\",\"potentialAction\":[{\"@type\":\"ReadAction\",\"target\":[\"https:\/\/westcoasttriallawyers.com\/es\/california\/fresno\/abogado-de-accidentes-de-peatones-en-fresno\"]}]},{\"@type\":\"ImageObject\",\"inLanguage\":\"es\",\"@id\":\"https:\/\/westcoasttriallawyers.com\/es\/california\/fresno\/abogado-de-accidentes-de-peatones-en-fresno#primaryimage\",\"url\":\"https:\/\/westcoasttriallawyers.com\/wp-content\/uploads\/2025\/07\/Fresno-17.webp\",\"contentUrl\":\"https:\/\/westcoasttriallawyers.com\/wp-content\/uploads\/2025\/07\/Fresno-17.webp\",\"width\":557,\"height\":327},{\"@type\":\"BreadcrumbList\",\"@id\":\"https:\/\/westcoasttriallawyers.com\/es\/california\/fresno\/abogado-de-accidentes-de-peatones-en-fresno#breadcrumb\",\"itemListElement\":[{\"@type\":\"ListItem\",\"position\":1,\"name\":\"Inicio\",\"item\":\"https:\/\/westcoasttriallawyers.com\/es\"},{\"@type\":\"ListItem\",\"position\":2,\"name\":\"California\",\"item\":\"https:\/\/westcoasttriallawyers.com\/es\/california\"},{\"@type\":\"ListItem\",\"position\":3,\"name\":\"Fresno\",\"item\":\"https:\/\/westcoasttriallawyers.com\/es\/california\/fresno\"},{\"@type\":\"ListItem\",\"position\":4,\"name\":\"Abogado de Accidentes de Peatones en Fresno\"}]},{\"@type\":\"WebSite\",\"@id\":\"https:\/\/westcoasttriallawyers.com\/es#website\",\"url\":\"https:\/\/westcoasttriallawyers.com\/es\",\"name\":\"West Coast Trial Lawyers\",\"description\":\"West Coast Trial Lawyers\",\"publisher\":{\"@id\":\"https:\/\/westcoasttriallawyers.com\/es#organization\"},\"alternateName\":\"WCTL\",\"potentialAction\":[{\"@type\":\"SearchAction\",\"target\":{\"@type\":\"EntryPoint\",\"urlTemplate\":\"https:\/\/westcoasttriallawyers.com\/es?s={search_term_string}\"},\"query-input\":{\"@type\":\"PropertyValueSpecification\",\"valueRequired\":true,\"valueName\":\"search_term_string\"}}],\"inLanguage\":\"es\"},{\"@type\":\"Organization\",\"@id\":\"https:\/\/westcoasttriallawyers.com\/es#organization\",\"name\":\"West Coast Trial Lawyers\",\"alternateName\":\"WCTL\",\"url\":\"https:\/\/westcoasttriallawyers.com\/es\",\"logo\":{\"@type\":\"ImageObject\",\"inLanguage\":\"es\",\"@id\":\"https:\/\/westcoasttriallawyers.com\/es#\/schema\/logo\/image\/\",\"url\":\"https:\/\/westcoasttriallawyers.com\/wp-content\/uploads\/2026\/02\/WCTL-Logo.jpg\",\"contentUrl\":\"https:\/\/westcoasttriallawyers.com\/wp-content\/uploads\/2026\/02\/WCTL-Logo.jpg\",\"width\":696,\"height\":696,\"caption\":\"West Coast Trial Lawyers\"},\"image\":{\"@id\":\"https:\/\/westcoasttriallawyers.com\/es#\/schema\/logo\/image\/\"},\"sameAs\":[\"https:\/\/www.facebook.com\/westcoasttriallawyers\/\",\"https:\/\/x.com\/WestCoastTrial\",\"https:\/\/www.linkedin.com\/company\/west-coast-trial-lawyers\/\",\"https:\/\/www.instagram.com\/westcoasttriallawyers\/\",\"https:\/\/www.yelp.com\/biz\/west-coast-trial-lawyers-los-angeles-2\",\"https:\/\/www.pinterest.com\/westcoasttrial\/\",\"https:\/\/www.youtube.com\/westcoasttriallawyersla\/\",\"https:\/\/www.tiktok.com\/westcoasttriallawyers\"],\"description\":\"West Coast Trial Lawyers is a top-rated personal injury law firm with a goal to provide expert legal representation to those in need. The law firm has offices across California, Nevada, Arizona, and Washington.\",\"legalName\":\"West Coast Trial Lawyers\"}]}<\/script>\n<!-- \/ Yoast SEO Premium plugin. -->","yoast_head_json":{"title":"Abogado de Accidentes de Peatones en Fresno | West Coast Trial Lawyers","robots":{"index":"index","follow":"follow","max-snippet":"max-snippet:-1","max-image-preview":"max-image-preview:large","max-video-preview":"max-video-preview:-1"},"canonical":"https:\/\/westcoasttriallawyers.com\/es\/california\/fresno\/abogado-de-accidentes-de-peatones-en-fresno","og_locale":"es_ES","og_type":"article","og_title":"Abogado de Accidentes de Peatones en Fresno","og_description":"Tipos comunes de Accidentes de Peatones y c\u00f3mo Reducir las Posibilidades de Involucrarse en uno Fresno ha sido conocida como una de las ciudades m\u00e1s peligrosas para los conductores en California. Los accidentes son bastante comunes y alrededor del 64 por ciento de ellos involucran a peatones. En 2018, se inform\u00f3 que ocurrieron 21 accidentes [&hellip;]","og_url":"https:\/\/westcoasttriallawyers.com\/es\/california\/fresno\/abogado-de-accidentes-de-peatones-en-fresno","og_site_name":"West Coast Trial Lawyers","article_publisher":"https:\/\/www.facebook.com\/westcoasttriallawyers\/","article_modified_time":"2026-01-21T08:40:53+00:00","og_image":[{"width":557,"height":327,"url":"https:\/\/westcoasttriallawyers.com\/wp-content\/uploads\/2025\/07\/Fresno-17.webp","type":"image\/webp"}],"twitter_card":"summary_large_image","twitter_site":"@WestCoastTrial","twitter_misc":{"Tiempo de lectura":"13 minutos"},"schema":{"@context":"https:\/\/schema.org","@graph":[{"@type":["WebPage","ItemPage"],"@id":"https:\/\/westcoasttriallawyers.com\/es\/california\/fresno\/abogado-de-accidentes-de-peatones-en-fresno","url":"https:\/\/westcoasttriallawyers.com\/es\/california\/fresno\/abogado-de-accidentes-de-peatones-en-fresno","name":"Abogado de Accidentes de Peatones en Fresno | West Coast Trial Lawyers","isPartOf":{"@id":"https:\/\/westcoasttriallawyers.com\/es#website"},"primaryImageOfPage":{"@id":"https:\/\/westcoasttriallawyers.com\/es\/california\/fresno\/abogado-de-accidentes-de-peatones-en-fresno#primaryimage"},"image":{"@id":"https:\/\/westcoasttriallawyers.com\/es\/california\/fresno\/abogado-de-accidentes-de-peatones-en-fresno#primaryimage"},"thumbnailUrl":"https:\/\/westcoasttriallawyers.com\/wp-content\/uploads\/2025\/07\/Fresno-17.webp","datePublished":"2026-01-13T21:30:35+00:00","dateModified":"2026-01-21T08:40:53+00:00","breadcrumb":{"@id":"https:\/\/westcoasttriallawyers.com\/es\/california\/fresno\/abogado-de-accidentes-de-peatones-en-fresno#breadcrumb"},"inLanguage":"es","potentialAction":[{"@type":"ReadAction","target":["https:\/\/westcoasttriallawyers.com\/es\/california\/fresno\/abogado-de-accidentes-de-peatones-en-fresno"]}]},{"@type":"ImageObject","inLanguage":"es","@id":"https:\/\/westcoasttriallawyers.com\/es\/california\/fresno\/abogado-de-accidentes-de-peatones-en-fresno#primaryimage","url":"https:\/\/westcoasttriallawyers.com\/wp-content\/uploads\/2025\/07\/Fresno-17.webp","contentUrl":"https:\/\/westcoasttriallawyers.com\/wp-content\/uploads\/2025\/07\/Fresno-17.webp","width":557,"height":327},{"@type":"BreadcrumbList","@id":"https:\/\/westcoasttriallawyers.com\/es\/california\/fresno\/abogado-de-accidentes-de-peatones-en-fresno#breadcrumb","itemListElement":[{"@type":"ListItem","position":1,"name":"Inicio","item":"https:\/\/westcoasttriallawyers.com\/es"},{"@type":"ListItem","position":2,"name":"California","item":"https:\/\/westcoasttriallawyers.com\/es\/california"},{"@type":"ListItem","position":3,"name":"Fresno","item":"https:\/\/westcoasttriallawyers.com\/es\/california\/fresno"},{"@type":"ListItem","position":4,"name":"Abogado de Accidentes de Peatones en Fresno"}]},{"@type":"WebSite","@id":"https:\/\/westcoasttriallawyers.com\/es#website","url":"https:\/\/westcoasttriallawyers.com\/es","name":"West Coast Trial Lawyers","description":"West Coast Trial Lawyers","publisher":{"@id":"https:\/\/westcoasttriallawyers.com\/es#organization"},"alternateName":"WCTL","potentialAction":[{"@type":"SearchAction","target":{"@type":"EntryPoint","urlTemplate":"https:\/\/westcoasttriallawyers.com\/es?s={search_term_string}"},"query-input":{"@type":"PropertyValueSpecification","valueRequired":true,"valueName":"search_term_string"}}],"inLanguage":"es"},{"@type":"Organization","@id":"https:\/\/westcoasttriallawyers.com\/es#organization","name":"West Coast Trial Lawyers","alternateName":"WCTL","url":"https:\/\/westcoasttriallawyers.com\/es","logo":{"@type":"ImageObject","inLanguage":"es","@id":"https:\/\/westcoasttriallawyers.com\/es#\/schema\/logo\/image\/","url":"https:\/\/westcoasttriallawyers.com\/wp-content\/uploads\/2026\/02\/WCTL-Logo.jpg","contentUrl":"https:\/\/westcoasttriallawyers.com\/wp-content\/uploads\/2026\/02\/WCTL-Logo.jpg","width":696,"height":696,"caption":"West Coast Trial Lawyers"},"image":{"@id":"https:\/\/westcoasttriallawyers.com\/es#\/schema\/logo\/image\/"},"sameAs":["https:\/\/www.facebook.com\/westcoasttriallawyers\/","https:\/\/x.com\/WestCoastTrial","https:\/\/www.linkedin.com\/company\/west-coast-trial-lawyers\/","https:\/\/www.instagram.com\/westcoasttriallawyers\/","https:\/\/www.yelp.com\/biz\/west-coast-trial-lawyers-los-angeles-2","https:\/\/www.pinterest.com\/westcoasttrial\/","https:\/\/www.youtube.com\/westcoasttriallawyersla\/","https:\/\/www.tiktok.com\/westcoasttriallawyers"],"description":"West Coast Trial Lawyers is a top-rated personal injury law firm with a goal to provide expert legal representation to those in need. The law firm has offices across California, Nevada, Arizona, and Washington.","legalName":"West Coast Trial Lawyers"}]}},"_links":{"self":[{"href":"https:\/\/westcoasttriallawyers.com\/es\/wp-json\/wp\/v2\/pages\/12808","targetHints":{"allow":["GET"]}}],"collection":[{"href":"https:\/\/westcoasttriallawyers.com\/es\/wp-json\/wp\/v2\/pages"}],"about":[{"href":"https:\/\/westcoasttriallawyers.com\/es\/wp-json\/wp\/v2\/types\/page"}],"author":[{"embeddable":true,"href":"https:\/\/westcoasttriallawyers.com\/es\/wp-json\/wp\/v2\/users\/475"}],"replies":[{"embeddable":true,"href":"https:\/\/westcoasttriallawyers.com\/es\/wp-json\/wp\/v2\/comments?post=12808"}],"version-history":[{"count":3,"href":"https:\/\/westcoasttriallawyers.com\/es\/wp-json\/wp\/v2\/pages\/12808\/revisions"}],"predecessor-version":[{"id":47598,"href":"https:\/\/westcoasttriallawyers.com\/es\/wp-json\/wp\/v2\/pages\/12808\/revisions\/47598"}],"up":[{"embeddable":true,"href":"https:\/\/westcoasttriallawyers.com\/es\/wp-json\/wp\/v2\/pages\/47276"}],"wp:featuredmedia":[{"embeddable":true,"href":"https:\/\/westcoasttriallawyers.com\/es\/wp-json\/wp\/v2\/media\/45566"}],"wp:attachment":[{"href":"https:\/\/westcoasttriallawyers.com\/es\/wp-json\/wp\/v2\/media?parent=12808"}],"curies":[{"name":"wp","href":"https:\/\/api.w.org\/{rel}","templated":true}]}}