{"id":12806,"date":"2026-01-13T21:30:32","date_gmt":"2026-01-13T21:30:32","guid":{"rendered":"https:\/\/wctl1stg.wpengine.com\/?page_id=12806"},"modified":"2026-01-21T08:32:55","modified_gmt":"2026-01-21T08:32:55","slug":"abogado-de-mordedura-de-perro-en-fresno","status":"publish","type":"page","link":"https:\/\/westcoasttriallawyers.com\/es\/california\/fresno\/abogado-de-mordedura-de-perro-en-fresno","title":{"rendered":"Abogado de Mordedura de Perro en Fresno"},"content":{"rendered":"<h2><strong>Pasos a Seguir Despu\u00e9s de una Mordedura de Perro para obtener la Oferta de Acuerdo que se Merece<\/strong><\/h2>\n<p><strong>Fresno<\/strong> tiene una abrumadora poblaci\u00f3n de perros, particularmente perros callejeros. Los oficiales de control de animales del condado de Fresno lograron capturar m\u00e1s de\u00a0<a href=\"https:\/\/www.yourcentralvalley.com\/news\/investigation-fresno-countys-stray-dog-crisis\/\"><strong>20,500 perros callejeros<\/strong><\/a> entre 2015 y 2016. Con cientos de perros callejeros deambulando por las calles, puede ser peligroso para las personas caminar afuera, especialmente si hay perros agresivos sueltos.\u00a0<\/p>\n<p>Si un perro callejero muerde a una persona, esa persona generalmente no tendr\u00e1 derecho a presentar un reclamo. Por lo general, los municipios no se hacen responsables de los incidentes relacionados con perros callejeros. Sin embargo, si el perro estaba en un refugio de animales local y logr\u00f3 escapar de las instalaciones, es posible que pueda presentar un reclamo contra el refugio de animales. Se espera que proporcione pruebas de que el refugio de animales no cumpli\u00f3 con su deber de cuidado, lo que finalmente result\u00f3 en sus lesiones.<\/p>\n<p>Las v\u00edctimas de una mordedura de perro pueden comunicarse con nuestros\u00a0<strong>abogados especialistas en mordeduras de perro en Fresno<\/strong> en West Coast Trial Lawyers. Tenemos m\u00e1s de 60 a\u00f1os de experiencia legal colectiva en el manejo de casos de lesiones personales. Con nuestro historial de recuperaci\u00f3n de m\u00e1s de $1 mil millones en acuerdos para nuestros clientes, estamos seguros de que obtendremos un buen resultado para su caso.<\/p>\n<p>Para programar una consulta gratuita y sin compromiso en nuestro\u00a0<strong>bufete de abogados de lesiones personales de Fresno<\/strong>, comun\u00edquese con nuestro equipo legal las 24 horas, los 7 d\u00edas de la semana llamando al\u00a0<strong>213-927-3700<\/strong> o enviando un correo electr\u00f3nico\u00a0<a href=\"mailto:info@westcoasttriallawyers.com\"><strong>a info@westcoasttriallawyers.com<\/strong><\/a><strong>.\u00a0<\/strong><\/p>\n<p><strong>Qu\u00e9 debe Hacer Despu\u00e9s de ser Mordido por un Perro<\/strong><\/p>\n<p>Las v\u00edctimas de una mordedura de perro pueden tener derecho a presentar una demanda contra el due\u00f1o negligente del perro. De acuerdo con\u00a0<a href=\"https:\/\/leginfo.legislature.ca.gov\/faces\/codes_displaySection.xhtml?sectionNum=3342.&amp;lawCode=CIV\"><strong>la secci\u00f3n 3342 del C\u00f3digo Civil,<\/strong><\/a> el due\u00f1o de un perro ser\u00e1 responsable de las lesiones si la persona no se burl\u00f3 o provoc\u00f3 al perro y el incidente ocurri\u00f3 en un \u00e1rea p\u00fablica o legalmente privada.\u00a0<\/p>\n<p>Se recomienda enf\u00e1ticamente que las v\u00edctimas de mordeduras de perro hagan lo siguiente:<\/p>\n<ul>\n<li><strong>Trate su lesi\u00f3n lo antes posible.\u00a0<\/strong>Si su lesi\u00f3n es leve, puede realizar primeros auxilios en casa. Idealmente, debe colocar una toalla limpia sobre el \u00e1rea lesionada, mantener el \u00e1rea lesionada elevada, lavar suavemente la marca de la mordedura con agua y jab\u00f3n, aplicar un ung\u00fcento antibi\u00f3tico en el \u00e1rea lesionada para evitar que se propaguen las infecciones y colocar un vendaje est\u00e9ril sobre el lesionado. \u00e1rea. Si su lesi\u00f3n es de moderada a grave, es posible que deba que un m\u00e9dico la revise. El m\u00e9dico examinar\u00e1 el \u00e1rea lesionada para determinar qu\u00e9 tratamiento ayudar\u00e1 con su recuperaci\u00f3n.\u00a0<\/li>\n<li><strong>Reunir evidencias.\u00a0<\/strong>Debe tomar fotograf\u00edas y\/o secuencias de video de sus lesiones. Si hay alg\u00fan testigo cerca, debe pedir su consentimiento para adquirir su informaci\u00f3n de contacto. Los testimonios de los testigos pueden fortalecer en gran medida su reclamo por lesiones personales.\u00a0<\/li>\n<li><strong>Obtenga la informaci\u00f3n del due\u00f1o del perro.<\/strong> Aseg\u00farese de obtener el nombre, la direcci\u00f3n y la informaci\u00f3n del contrato del due\u00f1o del perro.\u00a0<\/li>\n<li><strong>Documente su experiencia del ataque.\u00a0<\/strong>Escriba su perspectiva del incidente en un diario o diario. No olvides incluir la fecha y hora en que se realiz\u00f3 el evento.<\/li>\n<\/ul>\n<p><strong>\u00bfQu\u00e9 Pasar\u00e1 con el Perro que me Mordi\u00f3?<\/strong><\/p>\n<p>De acuerdo a las Leyes<a href=\"http:\/\/publichealth.lacounty.gov\/vet\/rabiesmanual\/quarantines.htm\"><strong> de cuarentena de mordedura de perro de California<\/strong><\/a>, los perros que han mordido a alguien deben estar en cuarentena durante 10 d\u00edas. Este tiempo es necesario para asegurarse de que el animal no es portador de la rabia. Estos perros podr\u00e1n permanecer en la propiedad del propietario durante este per\u00edodo de 10 d\u00edas. Una vez que el perro est\u00e9 sano, se le devolver\u00e1 oficialmente al cuidado del propietario.<\/p>\n<p>Los perros que muerden a las personas no suelen ser sacrificados.<a href=\"https:\/\/leginfo.legislature.ca.gov\/faces\/codes_displaySection.xhtml?lawCode=CIV&amp;sectionNum=3342.5\"><strong>\u00a0eutanasia solo se administra<\/strong><\/a> a los siguientes:<\/p>\n<ul>\n<li>Perros que ya han mordido a alguien en dos ocasiones distintas.<\/li>\n<li>El perro fue entrenado para atacar o matar, y ha mordido a una persona, lo que result\u00f3 en que la persona sufriera una lesi\u00f3n f\u00edsica grave.<\/li>\n<\/ul>\n<p>Los perros que cumplan con estos requisitos pueden ser retirados de sus due\u00f1os y sacrificados despu\u00e9s de una audiencia. La v\u00edctima de la mordedura de perro, un miembro de la comunidad o un funcionario del gobierno pueden iniciar un proceso de audiencia.<\/p>\n<p><strong>Estatuto de Limitaciones para una Mordedura<\/strong><\/p>\n<p>Un reclamo por mordedura de perro se considera como un reclamo por lesiones personales.<a href=\"https:\/\/www.courts.ca.gov\/9618.htm\"><strong>\u00a0<\/strong><\/a>El estatuto de limitaciones de California en un caso de lesiones personales es de<a href=\"https:\/\/www.courts.ca.gov\/9618.htm\"><strong> dos a\u00f1os<\/strong><\/a>\u00a0a partir de la fecha inicial del incidente. Hay algunas excepciones que pueden permitir que se le conceda una pr\u00f3rroga al demandante. El demandante debe ser:<\/p>\n<ul>\n<li>Un menor<\/li>\n<li>Encarcelado\u00a0<\/li>\n<li>Fuera del estado<\/li>\n<li>Legalmente loco<\/li>\n<li>Incapacitado\u00a0<\/li>\n<\/ul>\n<p><strong>Excepciones de Mordedura<\/strong><\/p>\n<p>Los due\u00f1os de perros no siempre tienen la culpa de una mordedura de perro. En muchos casos, una persona que fue mordida por un perro puede no ser elegible para presentar un reclamo por lesiones personales debido a las siguientes razones:<\/p>\n<ul>\n<li>La persona fue sorprendida invadiendo la propiedad privada del due\u00f1o del perro.<\/li>\n<li>La persona estaba provocando al perro.<\/li>\n<li>El perro estaba protegiendo a su due\u00f1o u otra persona de acuerdo con las leyes de autodefensa de California.\u00a0<\/li>\n<li>El perro estaba involucrado con deberes militares o policiales.\u00a0<\/li>\n<\/ul>\n<p><strong>Da\u00f1os disponibles por una Mordedura de Perro<\/strong><\/p>\n<p>Si result\u00f3 lesionado debido a una mordedura de perro en la ciudad de Fresno, puede tener derecho a varias formas de compensaci\u00f3n, como da\u00f1os econ\u00f3micos y no econ\u00f3micos.<\/p>\n<p><strong>Los da\u00f1os econ\u00f3micos<\/strong> generalmente se otorgan para cubrir los gastos de bolsillo que pagar\u00e1 o tendr\u00e1 que pagar una v\u00edctima a causa del accidente.\u00a0<strong>Los da\u00f1os no econ\u00f3micos<\/strong>, por otro lado, incluyen la compensaci\u00f3n recuperable por p\u00e9rdidas que no necesariamente tienen un valor monetario tangible.<\/p>\n<p>En general, los da\u00f1os despu\u00e9s de un reclamo por mordedura de perro pueden incluir potencialmente una combinaci\u00f3n de lo siguiente:\u00a0<\/p>\n<ul>\n<li>Angustia emocional<\/li>\n<li>Dolor y sufrimiento<\/li>\n<li>Salarios perdidos\u00a0<\/li>\n<li>Facturas m\u00e9dicas\u00a0<\/li>\n<li>P\u00e9rdida de consorcio<\/li>\n<li>Tratamiento de emergencia<\/li>\n<li>Medicamentos y suministros m\u00e9dicos<\/li>\n<li>Fisioterapia<\/li>\n<li>Futuros ingresos perdidos<\/li>\n<li>P\u00e9rdida del disfrute de la vida<\/li>\n<li>Costos y tarifas judiciales<\/li>\n<\/ul>\n<p><strong>Los Abogados de la Costa Oeste est\u00e1 Aqu\u00ed para Ayudar<\/strong><\/p>\n<p>Si usted es v\u00edctima de una mordedura de perro y le gustar\u00eda emprender acciones legales contra la parte culpable, nuestros abogados especialistas en mordeduras de perro en Fresno en\u00a0<a href=\"\/es\/\"><strong>Los Abogados de la Costa Oeste\u00a0<\/strong><\/a>lo ayudar\u00e1n a recuperar una compensaci\u00f3n por las p\u00e9rdidas que ha sufrido.\u00a0<\/p>\n<p>Comun\u00edquese con nosotros hoy llamando al\u00a0<strong>213-927-3700<\/strong> o enviando un correo electr\u00f3nico\u00a0<a href=\"mailto:info@westcoasttriallawyers.com\">a<strong> info@westcoasttriallawyers.com<\/strong><\/a><strong>\u00a0<\/strong>para programar una consulta gratuita con nuestro equipo legal experimentado, atento y compasivo.<\/p>\n<p><!-- WCTL_DEBUG: no shortcode in this_content --><\/p>\n","protected":false},"excerpt":{"rendered":"<p>Pasos a Seguir Despu\u00e9s de una Mordedura de Perro para obtener la Oferta de Acuerdo que se Merece Fresno tiene una abrumadora poblaci\u00f3n de perros, particularmente perros callejeros. Los oficiales de control de animales del condado de Fresno lograron capturar m\u00e1s de\u00a020,500 perros callejeros entre 2015 y 2016. Con cientos de perros callejeros deambulando por [&hellip;]<\/p>\n","protected":false},"author":475,"featured_media":45551,"parent":47276,"menu_order":0,"comment_status":"closed","ping_status":"closed","template":"","meta":{"inline_featured_image":false,"footnotes":""},"class_list":["post-12806","page","type-page","status-publish","has-post-thumbnail","hentry"],"acf":[],"yoast_head":"<!-- This site is optimized with the Yoast SEO Premium plugin v26.0 (Yoast SEO v26.0) - https:\/\/yoast.com\/wordpress\/plugins\/seo\/ -->\n<title>Abogado de Mordedura de Perro en Fresno | West Coast Trial Lawyers<\/title>\n<meta name=\"robots\" content=\"index, follow, max-snippet:-1, max-image-preview:large, max-video-preview:-1\" \/>\n<link rel=\"canonical\" href=\"https:\/\/westcoasttriallawyers.com\/es\/california\/fresno\/abogado-de-mordedura-de-perro-en-fresno\" \/>\n<meta property=\"og:locale\" content=\"es_ES\" \/>\n<meta property=\"og:type\" content=\"article\" \/>\n<meta property=\"og:title\" content=\"Abogado de Mordedura de Perro en Fresno\" \/>\n<meta property=\"og:description\" content=\"Pasos a Seguir Despu\u00e9s de una Mordedura de Perro para obtener la Oferta de Acuerdo que se Merece Fresno tiene una abrumadora poblaci\u00f3n de perros, particularmente perros callejeros. Los oficiales de control de animales del condado de Fresno lograron capturar m\u00e1s de\u00a020,500 perros callejeros entre 2015 y 2016. Con cientos de perros callejeros deambulando por [&hellip;]\" \/>\n<meta property=\"og:url\" content=\"https:\/\/westcoasttriallawyers.com\/es\/california\/fresno\/abogado-de-mordedura-de-perro-en-fresno\" \/>\n<meta property=\"og:site_name\" content=\"West Coast Trial Lawyers\" \/>\n<meta property=\"article:publisher\" content=\"https:\/\/www.facebook.com\/westcoasttriallawyers\/\" \/>\n<meta property=\"article:modified_time\" content=\"2026-01-21T08:32:55+00:00\" \/>\n<meta property=\"og:image\" content=\"https:\/\/westcoasttriallawyers.com\/wp-content\/uploads\/2025\/07\/Fresno-11.webp\" \/>\n\t<meta property=\"og:image:width\" content=\"557\" \/>\n\t<meta property=\"og:image:height\" content=\"327\" \/>\n\t<meta property=\"og:image:type\" content=\"image\/webp\" \/>\n<meta name=\"twitter:card\" content=\"summary_large_image\" \/>\n<meta name=\"twitter:site\" content=\"@WestCoastTrial\" \/>\n<meta name=\"twitter:label1\" content=\"Tiempo de lectura\" \/>\n\t<meta name=\"twitter:data1\" content=\"11 minutos\" \/>\n<script type=\"application\/ld+json\" class=\"yoast-schema-graph\">{\"@context\":\"https:\/\/schema.org\",\"@graph\":[{\"@type\":[\"WebPage\",\"ItemPage\"],\"@id\":\"https:\/\/westcoasttriallawyers.com\/es\/california\/fresno\/abogado-de-mordedura-de-perro-en-fresno\",\"url\":\"https:\/\/westcoasttriallawyers.com\/es\/california\/fresno\/abogado-de-mordedura-de-perro-en-fresno\",\"name\":\"Abogado de Mordedura de Perro en Fresno | West Coast Trial Lawyers\",\"isPartOf\":{\"@id\":\"https:\/\/westcoasttriallawyers.com\/es#website\"},\"primaryImageOfPage\":{\"@id\":\"https:\/\/westcoasttriallawyers.com\/es\/california\/fresno\/abogado-de-mordedura-de-perro-en-fresno#primaryimage\"},\"image\":{\"@id\":\"https:\/\/westcoasttriallawyers.com\/es\/california\/fresno\/abogado-de-mordedura-de-perro-en-fresno#primaryimage\"},\"thumbnailUrl\":\"https:\/\/westcoasttriallawyers.com\/wp-content\/uploads\/2025\/07\/Fresno-11.webp\",\"datePublished\":\"2026-01-13T21:30:32+00:00\",\"dateModified\":\"2026-01-21T08:32:55+00:00\",\"breadcrumb\":{\"@id\":\"https:\/\/westcoasttriallawyers.com\/es\/california\/fresno\/abogado-de-mordedura-de-perro-en-fresno#breadcrumb\"},\"inLanguage\":\"es\",\"potentialAction\":[{\"@type\":\"ReadAction\",\"target\":[\"https:\/\/westcoasttriallawyers.com\/es\/california\/fresno\/abogado-de-mordedura-de-perro-en-fresno\"]}]},{\"@type\":\"ImageObject\",\"inLanguage\":\"es\",\"@id\":\"https:\/\/westcoasttriallawyers.com\/es\/california\/fresno\/abogado-de-mordedura-de-perro-en-fresno#primaryimage\",\"url\":\"https:\/\/westcoasttriallawyers.com\/wp-content\/uploads\/2025\/07\/Fresno-11.webp\",\"contentUrl\":\"https:\/\/westcoasttriallawyers.com\/wp-content\/uploads\/2025\/07\/Fresno-11.webp\",\"width\":557,\"height\":327},{\"@type\":\"BreadcrumbList\",\"@id\":\"https:\/\/westcoasttriallawyers.com\/es\/california\/fresno\/abogado-de-mordedura-de-perro-en-fresno#breadcrumb\",\"itemListElement\":[{\"@type\":\"ListItem\",\"position\":1,\"name\":\"Inicio\",\"item\":\"https:\/\/westcoasttriallawyers.com\/es\"},{\"@type\":\"ListItem\",\"position\":2,\"name\":\"California\",\"item\":\"https:\/\/westcoasttriallawyers.com\/es\/california\"},{\"@type\":\"ListItem\",\"position\":3,\"name\":\"Fresno\",\"item\":\"https:\/\/westcoasttriallawyers.com\/es\/california\/fresno\"},{\"@type\":\"ListItem\",\"position\":4,\"name\":\"Abogado de Mordedura de Perro en Fresno\"}]},{\"@type\":\"WebSite\",\"@id\":\"https:\/\/westcoasttriallawyers.com\/es#website\",\"url\":\"https:\/\/westcoasttriallawyers.com\/es\",\"name\":\"West Coast Trial Lawyers\",\"description\":\"West Coast Trial Lawyers\",\"publisher\":{\"@id\":\"https:\/\/westcoasttriallawyers.com\/es#organization\"},\"alternateName\":\"WCTL\",\"potentialAction\":[{\"@type\":\"SearchAction\",\"target\":{\"@type\":\"EntryPoint\",\"urlTemplate\":\"https:\/\/westcoasttriallawyers.com\/es?s={search_term_string}\"},\"query-input\":{\"@type\":\"PropertyValueSpecification\",\"valueRequired\":true,\"valueName\":\"search_term_string\"}}],\"inLanguage\":\"es\"},{\"@type\":\"Organization\",\"@id\":\"https:\/\/westcoasttriallawyers.com\/es#organization\",\"name\":\"West Coast Trial Lawyers\",\"alternateName\":\"WCTL\",\"url\":\"https:\/\/westcoasttriallawyers.com\/es\",\"logo\":{\"@type\":\"ImageObject\",\"inLanguage\":\"es\",\"@id\":\"https:\/\/westcoasttriallawyers.com\/es#\/schema\/logo\/image\/\",\"url\":\"https:\/\/westcoasttriallawyers.com\/wp-content\/uploads\/2026\/02\/WCTL-Logo.jpg\",\"contentUrl\":\"https:\/\/westcoasttriallawyers.com\/wp-content\/uploads\/2026\/02\/WCTL-Logo.jpg\",\"width\":696,\"height\":696,\"caption\":\"West Coast Trial Lawyers\"},\"image\":{\"@id\":\"https:\/\/westcoasttriallawyers.com\/es#\/schema\/logo\/image\/\"},\"sameAs\":[\"https:\/\/www.facebook.com\/westcoasttriallawyers\/\",\"https:\/\/x.com\/WestCoastTrial\",\"https:\/\/www.linkedin.com\/company\/west-coast-trial-lawyers\/\",\"https:\/\/www.instagram.com\/westcoasttriallawyers\/\",\"https:\/\/www.yelp.com\/biz\/west-coast-trial-lawyers-los-angeles-2\",\"https:\/\/www.pinterest.com\/westcoasttrial\/\",\"https:\/\/www.youtube.com\/westcoasttriallawyersla\/\",\"https:\/\/www.tiktok.com\/westcoasttriallawyers\"],\"description\":\"West Coast Trial Lawyers is a top-rated personal injury law firm with a goal to provide expert legal representation to those in need. The law firm has offices across California, Nevada, Arizona, and Washington.\",\"legalName\":\"West Coast Trial Lawyers\"}]}<\/script>\n<!-- \/ Yoast SEO Premium plugin. -->","yoast_head_json":{"title":"Abogado de Mordedura de Perro en Fresno | West Coast Trial Lawyers","robots":{"index":"index","follow":"follow","max-snippet":"max-snippet:-1","max-image-preview":"max-image-preview:large","max-video-preview":"max-video-preview:-1"},"canonical":"https:\/\/westcoasttriallawyers.com\/es\/california\/fresno\/abogado-de-mordedura-de-perro-en-fresno","og_locale":"es_ES","og_type":"article","og_title":"Abogado de Mordedura de Perro en Fresno","og_description":"Pasos a Seguir Despu\u00e9s de una Mordedura de Perro para obtener la Oferta de Acuerdo que se Merece Fresno tiene una abrumadora poblaci\u00f3n de perros, particularmente perros callejeros. Los oficiales de control de animales del condado de Fresno lograron capturar m\u00e1s de\u00a020,500 perros callejeros entre 2015 y 2016. Con cientos de perros callejeros deambulando por [&hellip;]","og_url":"https:\/\/westcoasttriallawyers.com\/es\/california\/fresno\/abogado-de-mordedura-de-perro-en-fresno","og_site_name":"West Coast Trial Lawyers","article_publisher":"https:\/\/www.facebook.com\/westcoasttriallawyers\/","article_modified_time":"2026-01-21T08:32:55+00:00","og_image":[{"width":557,"height":327,"url":"https:\/\/westcoasttriallawyers.com\/wp-content\/uploads\/2025\/07\/Fresno-11.webp","type":"image\/webp"}],"twitter_card":"summary_large_image","twitter_site":"@WestCoastTrial","twitter_misc":{"Tiempo de lectura":"11 minutos"},"schema":{"@context":"https:\/\/schema.org","@graph":[{"@type":["WebPage","ItemPage"],"@id":"https:\/\/westcoasttriallawyers.com\/es\/california\/fresno\/abogado-de-mordedura-de-perro-en-fresno","url":"https:\/\/westcoasttriallawyers.com\/es\/california\/fresno\/abogado-de-mordedura-de-perro-en-fresno","name":"Abogado de Mordedura de Perro en Fresno | West Coast Trial Lawyers","isPartOf":{"@id":"https:\/\/westcoasttriallawyers.com\/es#website"},"primaryImageOfPage":{"@id":"https:\/\/westcoasttriallawyers.com\/es\/california\/fresno\/abogado-de-mordedura-de-perro-en-fresno#primaryimage"},"image":{"@id":"https:\/\/westcoasttriallawyers.com\/es\/california\/fresno\/abogado-de-mordedura-de-perro-en-fresno#primaryimage"},"thumbnailUrl":"https:\/\/westcoasttriallawyers.com\/wp-content\/uploads\/2025\/07\/Fresno-11.webp","datePublished":"2026-01-13T21:30:32+00:00","dateModified":"2026-01-21T08:32:55+00:00","breadcrumb":{"@id":"https:\/\/westcoasttriallawyers.com\/es\/california\/fresno\/abogado-de-mordedura-de-perro-en-fresno#breadcrumb"},"inLanguage":"es","potentialAction":[{"@type":"ReadAction","target":["https:\/\/westcoasttriallawyers.com\/es\/california\/fresno\/abogado-de-mordedura-de-perro-en-fresno"]}]},{"@type":"ImageObject","inLanguage":"es","@id":"https:\/\/westcoasttriallawyers.com\/es\/california\/fresno\/abogado-de-mordedura-de-perro-en-fresno#primaryimage","url":"https:\/\/westcoasttriallawyers.com\/wp-content\/uploads\/2025\/07\/Fresno-11.webp","contentUrl":"https:\/\/westcoasttriallawyers.com\/wp-content\/uploads\/2025\/07\/Fresno-11.webp","width":557,"height":327},{"@type":"BreadcrumbList","@id":"https:\/\/westcoasttriallawyers.com\/es\/california\/fresno\/abogado-de-mordedura-de-perro-en-fresno#breadcrumb","itemListElement":[{"@type":"ListItem","position":1,"name":"Inicio","item":"https:\/\/westcoasttriallawyers.com\/es"},{"@type":"ListItem","position":2,"name":"California","item":"https:\/\/westcoasttriallawyers.com\/es\/california"},{"@type":"ListItem","position":3,"name":"Fresno","item":"https:\/\/westcoasttriallawyers.com\/es\/california\/fresno"},{"@type":"ListItem","position":4,"name":"Abogado de Mordedura de Perro en Fresno"}]},{"@type":"WebSite","@id":"https:\/\/westcoasttriallawyers.com\/es#website","url":"https:\/\/westcoasttriallawyers.com\/es","name":"West Coast Trial Lawyers","description":"West Coast Trial Lawyers","publisher":{"@id":"https:\/\/westcoasttriallawyers.com\/es#organization"},"alternateName":"WCTL","potentialAction":[{"@type":"SearchAction","target":{"@type":"EntryPoint","urlTemplate":"https:\/\/westcoasttriallawyers.com\/es?s={search_term_string}"},"query-input":{"@type":"PropertyValueSpecification","valueRequired":true,"valueName":"search_term_string"}}],"inLanguage":"es"},{"@type":"Organization","@id":"https:\/\/westcoasttriallawyers.com\/es#organization","name":"West Coast Trial Lawyers","alternateName":"WCTL","url":"https:\/\/westcoasttriallawyers.com\/es","logo":{"@type":"ImageObject","inLanguage":"es","@id":"https:\/\/westcoasttriallawyers.com\/es#\/schema\/logo\/image\/","url":"https:\/\/westcoasttriallawyers.com\/wp-content\/uploads\/2026\/02\/WCTL-Logo.jpg","contentUrl":"https:\/\/westcoasttriallawyers.com\/wp-content\/uploads\/2026\/02\/WCTL-Logo.jpg","width":696,"height":696,"caption":"West Coast Trial Lawyers"},"image":{"@id":"https:\/\/westcoasttriallawyers.com\/es#\/schema\/logo\/image\/"},"sameAs":["https:\/\/www.facebook.com\/westcoasttriallawyers\/","https:\/\/x.com\/WestCoastTrial","https:\/\/www.linkedin.com\/company\/west-coast-trial-lawyers\/","https:\/\/www.instagram.com\/westcoasttriallawyers\/","https:\/\/www.yelp.com\/biz\/west-coast-trial-lawyers-los-angeles-2","https:\/\/www.pinterest.com\/westcoasttrial\/","https:\/\/www.youtube.com\/westcoasttriallawyersla\/","https:\/\/www.tiktok.com\/westcoasttriallawyers"],"description":"West Coast Trial Lawyers is a top-rated personal injury law firm with a goal to provide expert legal representation to those in need. The law firm has offices across California, Nevada, Arizona, and Washington.","legalName":"West Coast Trial Lawyers"}]}},"_links":{"self":[{"href":"https:\/\/westcoasttriallawyers.com\/es\/wp-json\/wp\/v2\/pages\/12806","targetHints":{"allow":["GET"]}}],"collection":[{"href":"https:\/\/westcoasttriallawyers.com\/es\/wp-json\/wp\/v2\/pages"}],"about":[{"href":"https:\/\/westcoasttriallawyers.com\/es\/wp-json\/wp\/v2\/types\/page"}],"author":[{"embeddable":true,"href":"https:\/\/westcoasttriallawyers.com\/es\/wp-json\/wp\/v2\/users\/475"}],"replies":[{"embeddable":true,"href":"https:\/\/westcoasttriallawyers.com\/es\/wp-json\/wp\/v2\/comments?post=12806"}],"version-history":[{"count":3,"href":"https:\/\/westcoasttriallawyers.com\/es\/wp-json\/wp\/v2\/pages\/12806\/revisions"}],"predecessor-version":[{"id":47589,"href":"https:\/\/westcoasttriallawyers.com\/es\/wp-json\/wp\/v2\/pages\/12806\/revisions\/47589"}],"up":[{"embeddable":true,"href":"https:\/\/westcoasttriallawyers.com\/es\/wp-json\/wp\/v2\/pages\/47276"}],"wp:featuredmedia":[{"embeddable":true,"href":"https:\/\/westcoasttriallawyers.com\/es\/wp-json\/wp\/v2\/media\/45551"}],"wp:attachment":[{"href":"https:\/\/westcoasttriallawyers.com\/es\/wp-json\/wp\/v2\/media?parent=12806"}],"curies":[{"name":"wp","href":"https:\/\/api.w.org\/{rel}","templated":true}]}}