{"id":12774,"date":"2026-01-14T18:56:03","date_gmt":"2026-01-14T18:56:03","guid":{"rendered":"https:\/\/wctl1stg.wpengine.com\/?page_id=12774"},"modified":"2026-01-20T13:35:53","modified_gmt":"2026-01-20T13:35:53","slug":"abogado-de-mordedura-de-perro-de-bakersfield","status":"publish","type":"page","link":"https:\/\/westcoasttriallawyers.com\/es\/california\/bakersfield\/abogado-de-mordedura-de-perro-de-bakersfield","title":{"rendered":"Abogado de Mordedura de Perro de Bakersfield"},"content":{"rendered":"<h2><strong>Todo lo que Necesita Saber Sobre un Caso de Mordedura de Perro<\/strong><\/h2>\n<p>La ciudad de<strong> Bakersfield\u00a0<\/strong>cumple con las leyes de responsabilidad estricta cuando se trata de mordeduras de perro. En otras palabras, el due\u00f1o de un perro no puede escapar de la responsabilidad por una mordedura de perro incluso si no sab\u00eda que su perro era capaz de comportarse agresivamente. De acuerdo con la ley de responsabilidad estricta de California, los due\u00f1os de perros son completamente responsables de los da\u00f1os causados \u200b\u200bpor una mordedura de perro, incluso si el perro hab\u00eda mordido a alguien previamente o no.<\/p>\n<p>Si sufri\u00f3 una mordedura de perro en Bakersfield y quiere demandar para recuperar los da\u00f1os, todo lo que necesita probar es que la mordedura ocurri\u00f3 en un lugar p\u00fablico o mientras estaba legalmente en la propiedad privada de otra persona. En lo que respecta a las mordeduras de perros, no es necesario que demuestre que el due\u00f1o del perro fue negligente o no tuvo el cuidado razonable.<\/p>\n<p>En Abogados de la Costa Oeste, nuestros abogados con experiencia\u00a0<strong>en mordeduras de perro en Bakersfield\u00a0<\/strong>lo ayudar\u00e1n a adquirir da\u00f1os econ\u00f3micos y no econ\u00f3micos causados \u200b\u200bpor el ataque. La compensaci\u00f3n recuperable puede incluir facturas m\u00e9dicas, salarios perdidos, dolor y sufrimiento, y m\u00e1s. No dude en comunicarse con nuestro equipo legal las 24 horas, los 7 d\u00edas llamando al\u00a0<strong>213-927-3700\u00a0<\/strong>o enviando un correo electr\u00f3nico\u00a0<a href=\"mailto:info@westcoasttriallawyers.com\"><strong>info@westcoasttriallawyers.com<\/strong><\/a>\u00a0para programar una consulta gratuita y sin compromiso en nuestro\u00a0<strong>bufete de abogados de lesiones personales de Bakersfield.<\/strong><\/p>\n<p><strong>Demandar por una Mordedura de Perro<\/strong><\/p>\n<p>Desafortunadamente, hay muchas personas que eligen tratar mal a sus perros al descuidarlos o abusarlos. Esto puede hacer que los animales se vuelven agresivos.<strong>\u00a0<\/strong><a href=\"https:\/\/www.kerncountyanimalservices.org\/\"><strong>Servicios para animales del condado de Kern<\/strong><\/a>\u00a0sirve al \u00e1rea de Bakersfield y protege la salud y la seguridad de todos sus residentes y animales.\u00a0<\/p>\n<p>Los due\u00f1os de perros de Bakersfield est\u00e1n legalmente obligados a respetar la seguridad de sus residentes actuando de manera responsable y evitando que sus perros causen lesiones a otros o creen molestias.\u00a0<a href=\"https:\/\/leginfo.legislature.ca.gov\/faces\/codes_displaySection.xhtml?sectionNum=3342.&amp;lawCode=CIV\"><strong>C\u00f3digo Civil de California, secci\u00f3n 3342<\/strong><\/a>\u00a0es el principal estatuto de mordedura de perro civil del estado. De acuerdo con CC 3342, el due\u00f1o de un perro ser\u00e1 autom\u00e1ticamente responsable por las lesiones causadas a otros si la v\u00edctima de la mordedura de perro no provoc\u00f3 que el perro mordiera, y si la v\u00edctima fue mordida en un lugar p\u00fablico o en propiedad privada.\u00a0<\/p>\n<p>Sin embargo, la siguiente informaci\u00f3n es muy importante. Las v\u00edctimas de mordeduras de perros<strong> no<\/strong> derecho a da\u00f1os en California cuando:<\/p>\n<ul>\n<li>Allanamiento de la propiedad privada.<\/li>\n<li>Provocan deliberadamente al perro.<\/li>\n<li>El perro estaba protegiendo a su due\u00f1o o a otra persona de acuerdo con las leyes de autodefensa de California.<\/li>\n<li>El perro estaba involucrado en trabajos militares\/policiales<\/li>\n<\/ul>\n<p><strong>\u00bfQu\u00e9 le Pasa al Perro Despu\u00e9s de Morderme?<\/strong><\/p>\n<p>De acuerdo a las Leyes<a href=\"http:\/\/publichealth.lacounty.gov\/vet\/rabiesmanual\/quarantines.htm\"><strong> de cuarentena de mordedura de perro de California<\/strong><\/a>, los perros que han mordido a alguien deben estar en cuarentena durante 10 d\u00edas. Este tiempo es necesario para asegurarse de que el animal no es portador de la rabia. Estos perros podr\u00e1n permanecer en la propiedad del propietario durante este per\u00edodo de 10 d\u00edas. Una vez que el perro est\u00e9 sano, se le devolver\u00e1 oficialmente al cuidado del propietario.<\/p>\n<p>Los perros que muerden a las personas no suelen ser sacrificados.<a href=\"https:\/\/leginfo.legislature.ca.gov\/faces\/codes_displaySection.xhtml?lawCode=CIV&amp;sectionNum=3342.5\"><strong>\u00a0La eutanasia solo est\u00e1 permitida<\/strong><\/a> para perros que muerden si el perro ya hab\u00eda mordido a alguien en dos ocasiones distintas; o si el perro fue entrenado para atacar, matar o morder una vez, y esa mordedura caus\u00f3 lesiones f\u00edsicas graves.<\/p>\n<p>Los perros que cumplan con estos requisitos pueden ser retirados de sus due\u00f1os y sacrificados despu\u00e9s de una audiencia. Cualquier individuo, la v\u00edctima de la mordedura de perro, un miembro de la comunidad o un funcionario del gobierno puede presentar un proceso de audiencia.<\/p>\n<p><strong>Lesiones por Mordedura de Perro<\/strong>\u00a0<\/p>\n<p><strong>Abrasi\u00f3nes<\/strong><\/p>\n<p>Es una lesi\u00f3n superficial que no traspasa la epidermis. Las abrasiones por mordeduras de perros no causan mucho sangrado y solo dejan cicatrices en los peores casos. Las v\u00edctimas que sufren lesiones por abrasi\u00f3n a menudo pueden tratar estas lesiones por su cuenta. Sin embargo, generalmente se recomienda atenci\u00f3n m\u00e9dica para asegurarse de que no tenga una infecci\u00f3n.<\/p>\n<p><strong>Laceraci\u00f3n<\/strong><\/p>\n<p>Las laceraciones son cortes o desgarros profundos en la piel. Las laceraciones van m\u00e1s all\u00e1 de la epidermis y pueden penetrar a trav\u00e9s de huesos, m\u00fasculos, nervios y vasos sangu\u00edneos. Estas lesiones se caracterizan por patrones de tipo \u201czig-zig\u201d y sangrado abundante. Las laceraciones por mordedura de perro requieren atenci\u00f3n m\u00e9dica y, a menudo, se necesitan puntos de sutura. No se recomienda intentar cerrar una herida de laceraci\u00f3n por su cuenta, ya que esto puede bloquear la infecci\u00f3n y crear complicaciones m\u00e1s graves.<\/p>\n<p><strong>Punciones<\/strong><\/p>\n<p>Estas heridas ocurren cuando los dientes de un perro perforan completamente la piel de la v\u00edctima. Las heridas punzantes no son tan grandes como las laceraciones, pero son m\u00e1s profundas y aumentan el riesgo de infecci\u00f3n. Siempre se debe buscar atenci\u00f3n m\u00e9dica para tratar este tipo de lesiones.<\/p>\n<p><strong>Tratamiento de una Herida por Mordedura de Perro<\/strong><\/p>\n<p>Despu\u00e9s de que el perro haya soltado los colmillos de tu piel, debes lavar inmediatamente la herida con jab\u00f3n y agua tibia durante 5 a 10 minutos. Una vez que haya completado este paso, debe obtener un pa\u00f1o limpio y colocarlo sobre el \u00e1rea mordida para frenar el sangrado. A continuaci\u00f3n, debe aplicar una crema antibi\u00f3tica sobre la herida y envolverla en un vendaje est\u00e9ril. El \u00faltimo paso ser\u00eda ponerse en contacto con su m\u00e9dico y programar una cita para que le examinen la herida. El m\u00e9dico realizar\u00e1 pruebas para determinar si tiene alg\u00fan da\u00f1o o infecci\u00f3n grave en la piel. Si su mordida es insoportable de manejar hasta la cita con su m\u00e9dico, debe visitar la sala de emergencias lo antes posible. El m\u00e9dico diagnostic\u00f3 su condici\u00f3n de inmediato y crear\u00e1 un plan de tratamiento que lo ayudar\u00e1 con su recuperaci\u00f3n.<\/p>\n<p><strong>Estatuto de Limitaciones<\/strong><\/p>\n<p>Un reclamo por mordedura de perro se considera un reclamo por lesiones personales.<a href=\"https:\/\/www.courts.ca.gov\/9618.htm\"><strong>\u00a0<\/strong><\/a>El estatuto de limitaciones de California en un caso de lesiones personales es de<a href=\"https:\/\/www.courts.ca.gov\/9618.htm\"><strong> dos a\u00f1os<\/strong><\/a>\u00a0a partir de la fecha inicial del incidente. Hay algunas excepciones que pueden solicitar una extensi\u00f3n. El demandante debe ser:<\/p>\n<ul>\n<li>Un menor<\/li>\n<li>Encarcelado\u00a0<\/li>\n<li>Fuera del estado<\/li>\n<li>Legalmente loco<\/li>\n<li>Incapacitado\u00a0<\/li>\n<\/ul>\n<p><strong>Da\u00f1os Disponibles<\/strong><\/p>\n<p>Los da\u00f1os son una compensaci\u00f3n monetaria determinada por un tribunal para compensar a una v\u00edctima de mordedura de perro por cualquier p\u00e9rdida o lesi\u00f3n sufrida como resultado de una mordedura de perro. Est\u00e1 destinado a compensar a una persona agraviada por las p\u00e9rdidas a las que se puede adjuntar f\u00e1cilmente una cantidad en d\u00f3lares.\u00a0<\/p>\n<p><strong>Los da\u00f1os econ\u00f3micos<\/strong> se calculan determinando la cantidad de gastos de bolsillo que una v\u00edctima de mordedura de perro tiene o esperar\u00e1 incurrir como resultado de sus lesiones, como la p\u00e9rdida de capacidad de ingresos, las facturas m\u00e9dicas y la p\u00e9rdida de salarios.<\/p>\n<p><strong>no econ\u00f3micos\u00a0<\/strong>est\u00e1n destinados esencialmente a cubrir las p\u00e9rdidas que se consideran subjetivas, como la angustia emocional, el dolor y el sufrimiento, y la p\u00e9rdida del disfrute de la vida.<\/p>\n<p><strong>Abogados de la Costa Oeste Siempre est\u00e1 Aqu\u00ed Para Ayudar<\/strong><\/p>\n<p>Si ha sufrido una lesi\u00f3n por mordedura de perro, tiene derecho a responsabilizar a la parte culpable por sus p\u00e9rdidas. Un abogado de mordeduras de perro en Bakersfield en\u00a0<a href=\"\/\"><strong>Abogados de la Costa Oeste<\/strong><\/a> le ayudar\u00e1 a recuperar una compensaci\u00f3n por sus p\u00e9rdidas.<\/p>\n<p>Para programar una consulta gratuita en nuestro bufete de abogados de lesiones personales de Bakersfield, comun\u00edquese con nuestro equipo legal las 24 horas, los 7 d\u00edas de la semana llamando al\u00a0<strong>213-927-3700\u00a0<\/strong>o enviando un correo electr\u00f3nico\u00a0<a href=\"mailto:info@westcoasttriallawyers.com\">a<strong> info@westcoasttriallawyers.com<\/strong><\/a><\/p>\n<p><!-- WCTL_DEBUG: no shortcode in this_content --><\/p>\n","protected":false},"excerpt":{"rendered":"<p>Todo lo que Necesita Saber Sobre un Caso de Mordedura de Perro La ciudad de Bakersfield\u00a0cumple con las leyes de responsabilidad estricta cuando se trata de mordeduras de perro. En otras palabras, el due\u00f1o de un perro no puede escapar de la responsabilidad por una mordedura de perro incluso si no sab\u00eda que su perro [&hellip;]<\/p>\n","protected":false},"author":475,"featured_media":47213,"parent":47337,"menu_order":0,"comment_status":"closed","ping_status":"closed","template":"","meta":{"inline_featured_image":false,"footnotes":""},"class_list":["post-12774","page","type-page","status-publish","has-post-thumbnail","hentry"],"acf":[],"yoast_head":"<!-- This site is optimized with the Yoast SEO Premium plugin v26.0 (Yoast SEO v26.0) - https:\/\/yoast.com\/wordpress\/plugins\/seo\/ -->\n<title>Abogado de Mordedura de Perro de Bakersfield | West Coast Trial Lawyers<\/title>\n<meta name=\"robots\" content=\"index, follow, max-snippet:-1, max-image-preview:large, max-video-preview:-1\" \/>\n<link rel=\"canonical\" href=\"https:\/\/westcoasttriallawyers.com\/es\/california\/bakersfield\/abogado-de-mordedura-de-perro-de-bakersfield\" \/>\n<meta property=\"og:locale\" content=\"es_ES\" \/>\n<meta property=\"og:type\" content=\"article\" \/>\n<meta property=\"og:title\" content=\"Abogado de Mordedura de Perro de Bakersfield\" \/>\n<meta property=\"og:description\" content=\"Todo lo que Necesita Saber Sobre un Caso de Mordedura de Perro La ciudad de Bakersfield\u00a0cumple con las leyes de responsabilidad estricta cuando se trata de mordeduras de perro. En otras palabras, el due\u00f1o de un perro no puede escapar de la responsabilidad por una mordedura de perro incluso si no sab\u00eda que su perro [&hellip;]\" \/>\n<meta property=\"og:url\" content=\"https:\/\/westcoasttriallawyers.com\/es\/california\/bakersfield\/abogado-de-mordedura-de-perro-de-bakersfield\" \/>\n<meta property=\"og:site_name\" content=\"West Coast Trial Lawyers\" \/>\n<meta property=\"article:publisher\" content=\"https:\/\/www.facebook.com\/westcoasttriallawyers\/\" \/>\n<meta property=\"article:modified_time\" content=\"2026-01-20T13:35:53+00:00\" \/>\n<meta property=\"og:image\" content=\"https:\/\/westcoasttriallawyers.com\/wp-content\/uploads\/2025\/07\/Bakersfield-21.webp\" \/>\n\t<meta property=\"og:image:width\" content=\"557\" \/>\n\t<meta property=\"og:image:height\" content=\"327\" \/>\n\t<meta property=\"og:image:type\" content=\"image\/webp\" \/>\n<meta name=\"twitter:card\" content=\"summary_large_image\" \/>\n<meta name=\"twitter:site\" content=\"@WestCoastTrial\" \/>\n<meta name=\"twitter:label1\" content=\"Tiempo de lectura\" \/>\n\t<meta name=\"twitter:data1\" content=\"6 minutos\" \/>\n<script type=\"application\/ld+json\" class=\"yoast-schema-graph\">{\"@context\":\"https:\/\/schema.org\",\"@graph\":[{\"@type\":[\"WebPage\",\"ItemPage\"],\"@id\":\"https:\/\/westcoasttriallawyers.com\/es\/california\/bakersfield\/abogado-de-mordedura-de-perro-de-bakersfield\",\"url\":\"https:\/\/westcoasttriallawyers.com\/es\/california\/bakersfield\/abogado-de-mordedura-de-perro-de-bakersfield\",\"name\":\"Abogado de Mordedura de Perro de Bakersfield | West Coast Trial Lawyers\",\"isPartOf\":{\"@id\":\"https:\/\/westcoasttriallawyers.com\/es#website\"},\"primaryImageOfPage\":{\"@id\":\"https:\/\/westcoasttriallawyers.com\/es\/california\/bakersfield\/abogado-de-mordedura-de-perro-de-bakersfield#primaryimage\"},\"image\":{\"@id\":\"https:\/\/westcoasttriallawyers.com\/es\/california\/bakersfield\/abogado-de-mordedura-de-perro-de-bakersfield#primaryimage\"},\"thumbnailUrl\":\"https:\/\/westcoasttriallawyers.com\/wp-content\/uploads\/2025\/07\/Bakersfield-21.webp\",\"datePublished\":\"2026-01-14T18:56:03+00:00\",\"dateModified\":\"2026-01-20T13:35:53+00:00\",\"breadcrumb\":{\"@id\":\"https:\/\/westcoasttriallawyers.com\/es\/california\/bakersfield\/abogado-de-mordedura-de-perro-de-bakersfield#breadcrumb\"},\"inLanguage\":\"es\",\"potentialAction\":[{\"@type\":\"ReadAction\",\"target\":[\"https:\/\/westcoasttriallawyers.com\/es\/california\/bakersfield\/abogado-de-mordedura-de-perro-de-bakersfield\"]}]},{\"@type\":\"ImageObject\",\"inLanguage\":\"es\",\"@id\":\"https:\/\/westcoasttriallawyers.com\/es\/california\/bakersfield\/abogado-de-mordedura-de-perro-de-bakersfield#primaryimage\",\"url\":\"https:\/\/westcoasttriallawyers.com\/wp-content\/uploads\/2025\/07\/Bakersfield-21.webp\",\"contentUrl\":\"https:\/\/westcoasttriallawyers.com\/wp-content\/uploads\/2025\/07\/Bakersfield-21.webp\",\"width\":557,\"height\":327},{\"@type\":\"BreadcrumbList\",\"@id\":\"https:\/\/westcoasttriallawyers.com\/es\/california\/bakersfield\/abogado-de-mordedura-de-perro-de-bakersfield#breadcrumb\",\"itemListElement\":[{\"@type\":\"ListItem\",\"position\":1,\"name\":\"Inicio\",\"item\":\"https:\/\/westcoasttriallawyers.com\/es\"},{\"@type\":\"ListItem\",\"position\":2,\"name\":\"California\",\"item\":\"https:\/\/westcoasttriallawyers.com\/es\/california\"},{\"@type\":\"ListItem\",\"position\":3,\"name\":\"Bakersfield\",\"item\":\"https:\/\/westcoasttriallawyers.com\/es\/california\/bakersfield\"},{\"@type\":\"ListItem\",\"position\":4,\"name\":\"Abogado de Mordedura de Perro de Bakersfield\"}]},{\"@type\":\"WebSite\",\"@id\":\"https:\/\/westcoasttriallawyers.com\/es#website\",\"url\":\"https:\/\/westcoasttriallawyers.com\/es\",\"name\":\"West Coast Trial Lawyers\",\"description\":\"West Coast Trial Lawyers\",\"publisher\":{\"@id\":\"https:\/\/westcoasttriallawyers.com\/es#organization\"},\"alternateName\":\"WCTL\",\"potentialAction\":[{\"@type\":\"SearchAction\",\"target\":{\"@type\":\"EntryPoint\",\"urlTemplate\":\"https:\/\/westcoasttriallawyers.com\/es?s={search_term_string}\"},\"query-input\":{\"@type\":\"PropertyValueSpecification\",\"valueRequired\":true,\"valueName\":\"search_term_string\"}}],\"inLanguage\":\"es\"},{\"@type\":\"Organization\",\"@id\":\"https:\/\/westcoasttriallawyers.com\/es#organization\",\"name\":\"West Coast Trial Lawyers\",\"alternateName\":\"WCTL\",\"url\":\"https:\/\/westcoasttriallawyers.com\/es\",\"logo\":{\"@type\":\"ImageObject\",\"inLanguage\":\"es\",\"@id\":\"https:\/\/westcoasttriallawyers.com\/es#\/schema\/logo\/image\/\",\"url\":\"https:\/\/westcoasttriallawyers.com\/wp-content\/uploads\/2026\/02\/WCTL-Logo.jpg\",\"contentUrl\":\"https:\/\/westcoasttriallawyers.com\/wp-content\/uploads\/2026\/02\/WCTL-Logo.jpg\",\"width\":696,\"height\":696,\"caption\":\"West Coast Trial Lawyers\"},\"image\":{\"@id\":\"https:\/\/westcoasttriallawyers.com\/es#\/schema\/logo\/image\/\"},\"sameAs\":[\"https:\/\/www.facebook.com\/westcoasttriallawyers\/\",\"https:\/\/x.com\/WestCoastTrial\",\"https:\/\/www.linkedin.com\/company\/west-coast-trial-lawyers\/\",\"https:\/\/www.instagram.com\/westcoasttriallawyers\/\",\"https:\/\/www.yelp.com\/biz\/west-coast-trial-lawyers-los-angeles-2\",\"https:\/\/www.pinterest.com\/westcoasttrial\/\",\"https:\/\/www.youtube.com\/westcoasttriallawyersla\/\",\"https:\/\/www.tiktok.com\/westcoasttriallawyers\"],\"description\":\"West Coast Trial Lawyers is a top-rated personal injury law firm with a goal to provide expert legal representation to those in need. The law firm has offices across California, Nevada, Arizona, and Washington.\",\"legalName\":\"West Coast Trial Lawyers\"}]}<\/script>\n<!-- \/ Yoast SEO Premium plugin. -->","yoast_head_json":{"title":"Abogado de Mordedura de Perro de Bakersfield | West Coast Trial Lawyers","robots":{"index":"index","follow":"follow","max-snippet":"max-snippet:-1","max-image-preview":"max-image-preview:large","max-video-preview":"max-video-preview:-1"},"canonical":"https:\/\/westcoasttriallawyers.com\/es\/california\/bakersfield\/abogado-de-mordedura-de-perro-de-bakersfield","og_locale":"es_ES","og_type":"article","og_title":"Abogado de Mordedura de Perro de Bakersfield","og_description":"Todo lo que Necesita Saber Sobre un Caso de Mordedura de Perro La ciudad de Bakersfield\u00a0cumple con las leyes de responsabilidad estricta cuando se trata de mordeduras de perro. En otras palabras, el due\u00f1o de un perro no puede escapar de la responsabilidad por una mordedura de perro incluso si no sab\u00eda que su perro [&hellip;]","og_url":"https:\/\/westcoasttriallawyers.com\/es\/california\/bakersfield\/abogado-de-mordedura-de-perro-de-bakersfield","og_site_name":"West Coast Trial Lawyers","article_publisher":"https:\/\/www.facebook.com\/westcoasttriallawyers\/","article_modified_time":"2026-01-20T13:35:53+00:00","og_image":[{"width":557,"height":327,"url":"https:\/\/westcoasttriallawyers.com\/wp-content\/uploads\/2025\/07\/Bakersfield-21.webp","type":"image\/webp"}],"twitter_card":"summary_large_image","twitter_site":"@WestCoastTrial","twitter_misc":{"Tiempo de lectura":"6 minutos"},"schema":{"@context":"https:\/\/schema.org","@graph":[{"@type":["WebPage","ItemPage"],"@id":"https:\/\/westcoasttriallawyers.com\/es\/california\/bakersfield\/abogado-de-mordedura-de-perro-de-bakersfield","url":"https:\/\/westcoasttriallawyers.com\/es\/california\/bakersfield\/abogado-de-mordedura-de-perro-de-bakersfield","name":"Abogado de Mordedura de Perro de Bakersfield | West Coast Trial Lawyers","isPartOf":{"@id":"https:\/\/westcoasttriallawyers.com\/es#website"},"primaryImageOfPage":{"@id":"https:\/\/westcoasttriallawyers.com\/es\/california\/bakersfield\/abogado-de-mordedura-de-perro-de-bakersfield#primaryimage"},"image":{"@id":"https:\/\/westcoasttriallawyers.com\/es\/california\/bakersfield\/abogado-de-mordedura-de-perro-de-bakersfield#primaryimage"},"thumbnailUrl":"https:\/\/westcoasttriallawyers.com\/wp-content\/uploads\/2025\/07\/Bakersfield-21.webp","datePublished":"2026-01-14T18:56:03+00:00","dateModified":"2026-01-20T13:35:53+00:00","breadcrumb":{"@id":"https:\/\/westcoasttriallawyers.com\/es\/california\/bakersfield\/abogado-de-mordedura-de-perro-de-bakersfield#breadcrumb"},"inLanguage":"es","potentialAction":[{"@type":"ReadAction","target":["https:\/\/westcoasttriallawyers.com\/es\/california\/bakersfield\/abogado-de-mordedura-de-perro-de-bakersfield"]}]},{"@type":"ImageObject","inLanguage":"es","@id":"https:\/\/westcoasttriallawyers.com\/es\/california\/bakersfield\/abogado-de-mordedura-de-perro-de-bakersfield#primaryimage","url":"https:\/\/westcoasttriallawyers.com\/wp-content\/uploads\/2025\/07\/Bakersfield-21.webp","contentUrl":"https:\/\/westcoasttriallawyers.com\/wp-content\/uploads\/2025\/07\/Bakersfield-21.webp","width":557,"height":327},{"@type":"BreadcrumbList","@id":"https:\/\/westcoasttriallawyers.com\/es\/california\/bakersfield\/abogado-de-mordedura-de-perro-de-bakersfield#breadcrumb","itemListElement":[{"@type":"ListItem","position":1,"name":"Inicio","item":"https:\/\/westcoasttriallawyers.com\/es"},{"@type":"ListItem","position":2,"name":"California","item":"https:\/\/westcoasttriallawyers.com\/es\/california"},{"@type":"ListItem","position":3,"name":"Bakersfield","item":"https:\/\/westcoasttriallawyers.com\/es\/california\/bakersfield"},{"@type":"ListItem","position":4,"name":"Abogado de Mordedura de Perro de Bakersfield"}]},{"@type":"WebSite","@id":"https:\/\/westcoasttriallawyers.com\/es#website","url":"https:\/\/westcoasttriallawyers.com\/es","name":"West Coast Trial Lawyers","description":"West Coast Trial Lawyers","publisher":{"@id":"https:\/\/westcoasttriallawyers.com\/es#organization"},"alternateName":"WCTL","potentialAction":[{"@type":"SearchAction","target":{"@type":"EntryPoint","urlTemplate":"https:\/\/westcoasttriallawyers.com\/es?s={search_term_string}"},"query-input":{"@type":"PropertyValueSpecification","valueRequired":true,"valueName":"search_term_string"}}],"inLanguage":"es"},{"@type":"Organization","@id":"https:\/\/westcoasttriallawyers.com\/es#organization","name":"West Coast Trial Lawyers","alternateName":"WCTL","url":"https:\/\/westcoasttriallawyers.com\/es","logo":{"@type":"ImageObject","inLanguage":"es","@id":"https:\/\/westcoasttriallawyers.com\/es#\/schema\/logo\/image\/","url":"https:\/\/westcoasttriallawyers.com\/wp-content\/uploads\/2026\/02\/WCTL-Logo.jpg","contentUrl":"https:\/\/westcoasttriallawyers.com\/wp-content\/uploads\/2026\/02\/WCTL-Logo.jpg","width":696,"height":696,"caption":"West Coast Trial Lawyers"},"image":{"@id":"https:\/\/westcoasttriallawyers.com\/es#\/schema\/logo\/image\/"},"sameAs":["https:\/\/www.facebook.com\/westcoasttriallawyers\/","https:\/\/x.com\/WestCoastTrial","https:\/\/www.linkedin.com\/company\/west-coast-trial-lawyers\/","https:\/\/www.instagram.com\/westcoasttriallawyers\/","https:\/\/www.yelp.com\/biz\/west-coast-trial-lawyers-los-angeles-2","https:\/\/www.pinterest.com\/westcoasttrial\/","https:\/\/www.youtube.com\/westcoasttriallawyersla\/","https:\/\/www.tiktok.com\/westcoasttriallawyers"],"description":"West Coast Trial Lawyers is a top-rated personal injury law firm with a goal to provide expert legal representation to those in need. The law firm has offices across California, Nevada, Arizona, and Washington.","legalName":"West Coast Trial Lawyers"}]}},"_links":{"self":[{"href":"https:\/\/westcoasttriallawyers.com\/es\/wp-json\/wp\/v2\/pages\/12774","targetHints":{"allow":["GET"]}}],"collection":[{"href":"https:\/\/westcoasttriallawyers.com\/es\/wp-json\/wp\/v2\/pages"}],"about":[{"href":"https:\/\/westcoasttriallawyers.com\/es\/wp-json\/wp\/v2\/types\/page"}],"author":[{"embeddable":true,"href":"https:\/\/westcoasttriallawyers.com\/es\/wp-json\/wp\/v2\/users\/475"}],"replies":[{"embeddable":true,"href":"https:\/\/westcoasttriallawyers.com\/es\/wp-json\/wp\/v2\/comments?post=12774"}],"version-history":[{"count":3,"href":"https:\/\/westcoasttriallawyers.com\/es\/wp-json\/wp\/v2\/pages\/12774\/revisions"}],"predecessor-version":[{"id":47518,"href":"https:\/\/westcoasttriallawyers.com\/es\/wp-json\/wp\/v2\/pages\/12774\/revisions\/47518"}],"up":[{"embeddable":true,"href":"https:\/\/westcoasttriallawyers.com\/es\/wp-json\/wp\/v2\/pages\/47337"}],"wp:featuredmedia":[{"embeddable":true,"href":"https:\/\/westcoasttriallawyers.com\/es\/wp-json\/wp\/v2\/media\/47213"}],"wp:attachment":[{"href":"https:\/\/westcoasttriallawyers.com\/es\/wp-json\/wp\/v2\/media?parent=12774"}],"curies":[{"name":"wp","href":"https:\/\/api.w.org\/{rel}","templated":true}]}}