{"id":12769,"date":"2026-01-14T18:56:02","date_gmt":"2026-01-14T18:56:02","guid":{"rendered":"https:\/\/wctl1stg.wpengine.com\/?page_id=12769"},"modified":"2026-01-20T13:54:55","modified_gmt":"2026-01-20T13:54:55","slug":"abogado-de-accidentes-de-scooter-electrico-en-bakersfield","status":"publish","type":"page","link":"https:\/\/westcoasttriallawyers.com\/es\/california\/bakersfield\/abogado-de-accidentes-de-scooter-electrico-en-bakersfield","title":{"rendered":"Abogado de Accidentes de Scooter El\u00e9ctrico en Bakersfield"},"content":{"rendered":"<h2><strong>\u00bfQu\u00e9 Diferencia a un Scooter El\u00e9ctrico de un Scooter Normal? \u00bfCu\u00e1ntos Tipos de Accidentes de E-Scooter han Ocurrido en Bakersfield Roads?<\/strong><\/h2>\n<p>Los informes de lesiones, accidentes y muertes causados \u200b\u200bpor accidentes relacionados con Scooter El\u00e9ctrico (e-scooters) se est\u00e1n disparando. Los scooters el\u00e9ctricos actualmente son legales en\u00a0<strong>Bakersfield<\/strong>, pero son ilegales en muchas ciudades y estados de todo el pa\u00eds debido a lo peligrosos que son. Los scooters el\u00e9ctricos son una forma popular de transporte porque son divertidos, econ\u00f3micos y convenientes. Sin embargo, ya no es un secreto que pueden ser peligrosos.\u00a0<\/p>\n<p>Incluso siguiendo las pautas de seguridad de los scooters el\u00e9ctricos y conduciendo con cuidado, muchos accidentes de scooters el\u00e9ctricos son causados \u200b\u200bpor la negligencia de alguien. Si se lesion\u00f3 mientras usaba un e-scooter, es posible que pueda presentar un reclamo por lesiones personales contra la parte responsable de sus p\u00e9rdidas.\u00a0<\/p>\n<p>En West Coast Trial Lawyers, nuestros abogados con experiencia\u00a0<strong>en accidentes de Scooter El\u00e9ctrico en Bakersfield\u00a0<\/strong>han ganado m\u00e1s de 5,000 casos y han recuperado m\u00e1s de $1,000 millones en acuerdos para nuestros clientes. Debido a nuestros logros, hemos sido reconocidos como uno de los mejores bufetes de abogados de lesiones personales en Bakersfield.\u00a0<\/p>\n<p>Comun\u00edquese hoy con nuestro equipo legal disponible las 24 horas, los 7 d\u00edas de la semana llamando al\u00a0<strong>213-927-3700\u00a0<\/strong>o enviando un correo electr\u00f3nico\u00a0<a href=\"mailto:info@westcoasttriallawyers.com\"><strong>info@westcoasttriallawyers.com<\/strong><\/a> para programar una consulta gratuita en nuestro<strong> bufete de abogados de lesiones personales de Bakersfield.<\/strong><\/p>\n<p><strong>La diferencia entre un scooter el\u00e9ctrico y un scooter normal<\/strong><\/p>\n<p>No hay muchas reglas que controlen d\u00f3nde pueden y no pueden ir los e-scooters. Muchas de estas decisiones se dejan a los gobiernos locales. Esta ambig\u00fcedad e inconsistencia legal puede hacer que las reclamaciones por accidentes de e-scooter sean muy confusas, especialmente en lo que se refiere a cuestiones de responsabilidad. Una ciudad en particular, por ejemplo, puede requerir que los usuarios de scooters el\u00e9ctricos permanezcan en la acera, mientras que otra ciudad puede permitirles usar la calle.<\/p>\n<p>Hay varias diferencias clave entre un scooter y un e-scooter. Los scooters son dispositivos rudimentarios que tienen dos ruedas y una plataforma plana entre estas ruedas. Un conductor de scooter se para en la plataforma plana y avanza pateando el suelo para ganar impulso.<\/p>\n<p>Un e-scooter, por otro lado, es impulsado por un motor el\u00e9ctrico y no por el impulso del ciclista. Esta diferencia principal significa que los e-scooters pueden viajar a velocidades de hasta 15 millas por hora. Por lo tanto, el potencial de lesiones s\u00f3lo puede aumentar debido a que un e-scooter se mueve a velocidades mucho m\u00e1s r\u00e1pidas. Debido a su mayor velocidad y conveniencia, los e-scooters se han convertido r\u00e1pidamente en la opci\u00f3n preferida para la mayor\u00eda de los usuarios de scooters.\u00a0<\/p>\n<p>Un usuario de e-scooter puede alquilar un e-scooter usando una aplicaci\u00f3n de tel\u00e9fono inteligente por tan solo un d\u00f3lar por viaje, m\u00e1s el kilometraje. Un conductor de e-scooter simplemente deja ese scooter en cualquier lugar de la calle una vez que llega a su destino.\u00a0<\/p>\n<p><strong>Lesiones de Scooter El\u00e9ctrico<\/strong><\/p>\n<p>Las lesiones en la cabeza son el tipo de lesi\u00f3n m\u00e1s com\u00fan despu\u00e9s de un accidente de e-scooter. El 40 por ciento de todas las lesiones con patinetes afectan el \u00e1rea de la cabeza. Los huesos rotos representan el 31 por ciento de todas las lesiones y las lesiones de tejidos blandos representan el 27 por ciento.<\/p>\n<p>Un estudio realizado por los CDC tambi\u00e9n determin\u00f3 que casi la mitad de todas las lesiones por scooters en la ciudad involucraron lesiones graves en la cabeza. Los porcentajes de este estudio se desglosan de la siguiente manera: el<\/p>\n<ul>\n<li>48 por ciento experiment\u00f3 una fractura, abrasi\u00f3n o laceraci\u00f3n, o abrasi\u00f3n en la cabeza El<\/li>\n<li>35 por ciento experiment\u00f3 fracturas graves en un hueso que no era la nariz, el dedo de la mano o el pie El<\/li>\n<li>19 por ciento experiment\u00f3 fracturas m\u00faltiples\u00a0<\/li>\n<li>3 por ciento experiment\u00f3 fracturas de cr\u00e1neo<\/li>\n<\/ul>\n<p><strong>Accidentes de Peatones y Scooters el\u00e9ctricos<\/strong>\u00a0<\/p>\n<p>Consideremos dos ejemplos comunes de accidentes de e-scooters relacionados con peatones.<\/p>\n<p><strong>Ejemplo 1:\u00a0<\/strong><\/p>\n<p>Jane est\u00e1 esperando en una intersecci\u00f3n, lista para cruzar una calle. Tiene cuidado de buscar autos que se aproximan y mira a ambos lados. Sin embargo, Jane no ve un scooter el\u00e9ctrico que se aproxima usando el carril para bicicletas. El ciclista de e-scooter en realidad puede estar en el carril para bicicletas. Luego, Jane camina hacia la calle y la persona en el scooter el\u00e9ctrico la golpea. Tanto Jane como el conductor del e-scooter sufrieron heridas leves. En este caso, a pesar de que Jane fue golpeada por el pasajero del e-scooter, ella puede ser considerada responsable porque no vio venir al pasajero del e-scooter.<\/p>\n<p><strong>Ejemplo 2:\u00a0<\/strong><\/p>\n<p>A Sam se le permite montar en la acera. Conduce a 15 millas por hora, lo cual es demasiado r\u00e1pido para una acera llena de gente. Luego, Jimmy sale de un bar local, sube a la acera y es golpeado por Sam, que va demasiado r\u00e1pido para detenerse. En este caso, es probable que Sam sea responsable del accidente.<\/p>\n<p><strong>Accidentes de Scooter El\u00e9ctrico y Automovil\u00edsticos\u00a0<\/strong><\/p>\n<p>que involucran a un conductor de e-scooter y un autom\u00f3vil no son demasiado comunes, lo cual es una suerte porque cuando ocurren, el potencial de lesiones graves y p\u00e9rdida de propiedad es muy alto. Un escenario com\u00fan relacionado con un e-scooter y un accidente automovil\u00edstico es cuando un conductor abre repentinamente la puerta de un autom\u00f3vil en el camino de un e-scooter que se aproxima.\u00a0<\/p>\n<p>La mayor\u00eda de las ciudades exigen que los patinetes el\u00e9ctricos circulen por un carril para bicicletas, o lo m\u00e1s lejos posible del lado derecho de la calle. Adem\u00e1s, todos los conductores deben revisar sus espejos laterales antes de abrir la puerta de un autom\u00f3vil. Un conductor que abre la puerta de su autom\u00f3vil repentinamente y golpea a un pasajero de E-scooter puede ser considerado responsable de ese accidente.<\/p>\n<p><strong>Accidentes de Scooters El\u00e9ctricos defectuosos<\/strong>\u00a0<\/p>\n<p>Muchos accidentes de scooter son causados \u200b\u200bpor scooters defectuosos o rotos. Todos los usuarios de e-scooter tienen derecho a una expectativa razonable de un producto seguro. Los usuarios de scooters el\u00e9ctricos no tienen control sobre la seguridad del scooter en el que viajan. Estas personas han puesto su bienestar en manos de la compa\u00f1\u00eda de e-scooter.\u00a0<\/p>\n<p>Adem\u00e1s, si una empresa de e-scooter no mantiene sus scooters en buenas condiciones de funcionamiento, o si lanza un producto defectuoso para que el p\u00fablico lo use, puede estar sujeto a responsabilidad por las lesiones causadas. Por lo tanto, una persona agraviada tiene derecho a presentar una demanda por lesiones personales contra una empresa de e-scooter si result\u00f3 lesionado por un scooter da\u00f1ado o defectuoso.\u00a0<\/p>\n<p>Sin embargo, es muy importante comprender que debe haber sido el scooter defectuoso el que caus\u00f3 sus lesiones, y no su propio comportamiento. Por ejemplo, si viajaba en estado de ebriedad y sufri\u00f3 un accidente causado por un producto defectuoso, la compensaci\u00f3n se reducir\u00e1.\u00a0<\/p>\n<p>Esto no significa que no tendr\u00e1 derecho a una indemnizaci\u00f3n por sus lesiones. Sin embargo, significa que no se recuperar\u00e1 tanto como lo har\u00eda si estuviera conduciendo sobrio.\u00a0\u00a0<\/p>\n<p><strong>Los Abogados de la Costa Oeste Siempre est\u00e1n aqu\u00ed para Ayudar<\/strong><\/p>\n<p>Si ha sufrido lesiones en un accidente relacionado con un scooter el\u00e9ctrico debido a la negligencia de alguien o actos deliberados de malicia, tiene derecho a responsabilizar a la parte culpable por sus p\u00e9rdidas. Un abogado de accidentes de e-scooter de Bakersfield en\u00a0<a href=\"\/\"><strong>Abogados de la Costa Oeste<\/strong><\/a> lo ayudar\u00e1 a recuperar la compensaci\u00f3n por las p\u00e9rdidas que ha sufrido, incluidas las facturas m\u00e9dicas, la p\u00e9rdida de salarios, la p\u00e9rdida del consorcio y m\u00e1s.\u00a0<\/p>\n<p>Comun\u00edquese con nosotros hoy llamando al\u00a0<strong>213-927-3700\u00a0<\/strong>o enviando un correo electr\u00f3nico\u00a0<a href=\"mailto:info@westcoasttriallawyers.com\">a\u00a0<strong>info@westcoasttriallawyers.com<\/strong><\/a><strong>\u00a0<\/strong>para programar una consulta gratuita con nuestro equipo legal experimentado, atento y compasivo.<\/p>\n<p><!-- WCTL_DEBUG: no shortcode in this_content --><\/p>\n","protected":false},"excerpt":{"rendered":"<p>\u00bfQu\u00e9 Diferencia a un Scooter El\u00e9ctrico de un Scooter Normal? \u00bfCu\u00e1ntos Tipos de Accidentes de E-Scooter han Ocurrido en Bakersfield Roads? Los informes de lesiones, accidentes y muertes causados \u200b\u200bpor accidentes relacionados con Scooter El\u00e9ctrico (e-scooters) se est\u00e1n disparando. Los scooters el\u00e9ctricos actualmente son legales en\u00a0Bakersfield, pero son ilegales en muchas ciudades y estados de [&hellip;]<\/p>\n","protected":false},"author":475,"featured_media":47208,"parent":47337,"menu_order":0,"comment_status":"closed","ping_status":"closed","template":"","meta":{"inline_featured_image":false,"footnotes":""},"class_list":["post-12769","page","type-page","status-publish","has-post-thumbnail","hentry"],"acf":[],"yoast_head":"<!-- This site is optimized with the Yoast SEO Premium plugin v26.0 (Yoast SEO v26.0) - https:\/\/yoast.com\/wordpress\/plugins\/seo\/ -->\n<title>Abogado de Accidentes de Scooter El\u00e9ctrico en Bakersfield | West Coast Trial Lawyers<\/title>\n<meta name=\"robots\" content=\"index, follow, max-snippet:-1, max-image-preview:large, max-video-preview:-1\" \/>\n<link rel=\"canonical\" href=\"https:\/\/westcoasttriallawyers.com\/es\/california\/bakersfield\/abogado-de-accidentes-de-scooter-electrico-en-bakersfield\" \/>\n<meta property=\"og:locale\" content=\"es_ES\" \/>\n<meta property=\"og:type\" content=\"article\" \/>\n<meta property=\"og:title\" content=\"Abogado de Accidentes de Scooter El\u00e9ctrico en Bakersfield\" \/>\n<meta property=\"og:description\" content=\"\u00bfQu\u00e9 Diferencia a un Scooter El\u00e9ctrico de un Scooter Normal? \u00bfCu\u00e1ntos Tipos de Accidentes de E-Scooter han Ocurrido en Bakersfield Roads? Los informes de lesiones, accidentes y muertes causados \u200b\u200bpor accidentes relacionados con Scooter El\u00e9ctrico (e-scooters) se est\u00e1n disparando. Los scooters el\u00e9ctricos actualmente son legales en\u00a0Bakersfield, pero son ilegales en muchas ciudades y estados de [&hellip;]\" \/>\n<meta property=\"og:url\" content=\"https:\/\/westcoasttriallawyers.com\/es\/california\/bakersfield\/abogado-de-accidentes-de-scooter-electrico-en-bakersfield\" \/>\n<meta property=\"og:site_name\" content=\"West Coast Trial Lawyers\" \/>\n<meta property=\"article:publisher\" content=\"https:\/\/www.facebook.com\/westcoasttriallawyers\/\" \/>\n<meta property=\"article:modified_time\" content=\"2026-01-20T13:54:55+00:00\" \/>\n<meta property=\"og:image\" content=\"https:\/\/westcoasttriallawyers.com\/wp-content\/uploads\/2025\/07\/Bakersfield-19.webp\" \/>\n\t<meta property=\"og:image:width\" content=\"557\" \/>\n\t<meta property=\"og:image:height\" content=\"327\" \/>\n\t<meta property=\"og:image:type\" content=\"image\/webp\" \/>\n<meta name=\"twitter:card\" content=\"summary_large_image\" \/>\n<meta name=\"twitter:site\" content=\"@WestCoastTrial\" \/>\n<meta name=\"twitter:label1\" content=\"Tiempo de lectura\" \/>\n\t<meta name=\"twitter:data1\" content=\"6 minutos\" \/>\n<script type=\"application\/ld+json\" class=\"yoast-schema-graph\">{\"@context\":\"https:\/\/schema.org\",\"@graph\":[{\"@type\":[\"WebPage\",\"ItemPage\"],\"@id\":\"https:\/\/westcoasttriallawyers.com\/es\/california\/bakersfield\/abogado-de-accidentes-de-scooter-electrico-en-bakersfield\",\"url\":\"https:\/\/westcoasttriallawyers.com\/es\/california\/bakersfield\/abogado-de-accidentes-de-scooter-electrico-en-bakersfield\",\"name\":\"Abogado de Accidentes de Scooter El\u00e9ctrico en Bakersfield | West Coast Trial Lawyers\",\"isPartOf\":{\"@id\":\"https:\/\/westcoasttriallawyers.com\/es#website\"},\"primaryImageOfPage\":{\"@id\":\"https:\/\/westcoasttriallawyers.com\/es\/california\/bakersfield\/abogado-de-accidentes-de-scooter-electrico-en-bakersfield#primaryimage\"},\"image\":{\"@id\":\"https:\/\/westcoasttriallawyers.com\/es\/california\/bakersfield\/abogado-de-accidentes-de-scooter-electrico-en-bakersfield#primaryimage\"},\"thumbnailUrl\":\"https:\/\/westcoasttriallawyers.com\/wp-content\/uploads\/2025\/07\/Bakersfield-19.webp\",\"datePublished\":\"2026-01-14T18:56:02+00:00\",\"dateModified\":\"2026-01-20T13:54:55+00:00\",\"breadcrumb\":{\"@id\":\"https:\/\/westcoasttriallawyers.com\/es\/california\/bakersfield\/abogado-de-accidentes-de-scooter-electrico-en-bakersfield#breadcrumb\"},\"inLanguage\":\"es\",\"potentialAction\":[{\"@type\":\"ReadAction\",\"target\":[\"https:\/\/westcoasttriallawyers.com\/es\/california\/bakersfield\/abogado-de-accidentes-de-scooter-electrico-en-bakersfield\"]}]},{\"@type\":\"ImageObject\",\"inLanguage\":\"es\",\"@id\":\"https:\/\/westcoasttriallawyers.com\/es\/california\/bakersfield\/abogado-de-accidentes-de-scooter-electrico-en-bakersfield#primaryimage\",\"url\":\"https:\/\/westcoasttriallawyers.com\/wp-content\/uploads\/2025\/07\/Bakersfield-19.webp\",\"contentUrl\":\"https:\/\/westcoasttriallawyers.com\/wp-content\/uploads\/2025\/07\/Bakersfield-19.webp\",\"width\":557,\"height\":327},{\"@type\":\"BreadcrumbList\",\"@id\":\"https:\/\/westcoasttriallawyers.com\/es\/california\/bakersfield\/abogado-de-accidentes-de-scooter-electrico-en-bakersfield#breadcrumb\",\"itemListElement\":[{\"@type\":\"ListItem\",\"position\":1,\"name\":\"Inicio\",\"item\":\"https:\/\/westcoasttriallawyers.com\/es\"},{\"@type\":\"ListItem\",\"position\":2,\"name\":\"California\",\"item\":\"https:\/\/westcoasttriallawyers.com\/es\/california\"},{\"@type\":\"ListItem\",\"position\":3,\"name\":\"Bakersfield\",\"item\":\"https:\/\/westcoasttriallawyers.com\/es\/california\/bakersfield\"},{\"@type\":\"ListItem\",\"position\":4,\"name\":\"Abogado de Accidentes de Scooter El\u00e9ctrico en Bakersfield\"}]},{\"@type\":\"WebSite\",\"@id\":\"https:\/\/westcoasttriallawyers.com\/es#website\",\"url\":\"https:\/\/westcoasttriallawyers.com\/es\",\"name\":\"West Coast Trial Lawyers\",\"description\":\"West Coast Trial Lawyers\",\"publisher\":{\"@id\":\"https:\/\/westcoasttriallawyers.com\/es#organization\"},\"alternateName\":\"WCTL\",\"potentialAction\":[{\"@type\":\"SearchAction\",\"target\":{\"@type\":\"EntryPoint\",\"urlTemplate\":\"https:\/\/westcoasttriallawyers.com\/es?s={search_term_string}\"},\"query-input\":{\"@type\":\"PropertyValueSpecification\",\"valueRequired\":true,\"valueName\":\"search_term_string\"}}],\"inLanguage\":\"es\"},{\"@type\":\"Organization\",\"@id\":\"https:\/\/westcoasttriallawyers.com\/es#organization\",\"name\":\"West Coast Trial Lawyers\",\"alternateName\":\"WCTL\",\"url\":\"https:\/\/westcoasttriallawyers.com\/es\",\"logo\":{\"@type\":\"ImageObject\",\"inLanguage\":\"es\",\"@id\":\"https:\/\/westcoasttriallawyers.com\/es#\/schema\/logo\/image\/\",\"url\":\"https:\/\/westcoasttriallawyers.com\/wp-content\/uploads\/2026\/02\/WCTL-Logo.jpg\",\"contentUrl\":\"https:\/\/westcoasttriallawyers.com\/wp-content\/uploads\/2026\/02\/WCTL-Logo.jpg\",\"width\":696,\"height\":696,\"caption\":\"West Coast Trial Lawyers\"},\"image\":{\"@id\":\"https:\/\/westcoasttriallawyers.com\/es#\/schema\/logo\/image\/\"},\"sameAs\":[\"https:\/\/www.facebook.com\/westcoasttriallawyers\/\",\"https:\/\/x.com\/WestCoastTrial\",\"https:\/\/www.linkedin.com\/company\/west-coast-trial-lawyers\/\",\"https:\/\/www.instagram.com\/westcoasttriallawyers\/\",\"https:\/\/www.yelp.com\/biz\/west-coast-trial-lawyers-los-angeles-2\",\"https:\/\/www.pinterest.com\/westcoasttrial\/\",\"https:\/\/www.youtube.com\/westcoasttriallawyersla\/\",\"https:\/\/www.tiktok.com\/westcoasttriallawyers\"],\"description\":\"West Coast Trial Lawyers is a top-rated personal injury law firm with a goal to provide expert legal representation to those in need. The law firm has offices across California, Nevada, Arizona, and Washington.\",\"legalName\":\"West Coast Trial Lawyers\"}]}<\/script>\n<!-- \/ Yoast SEO Premium plugin. -->","yoast_head_json":{"title":"Abogado de Accidentes de Scooter El\u00e9ctrico en Bakersfield | West Coast Trial Lawyers","robots":{"index":"index","follow":"follow","max-snippet":"max-snippet:-1","max-image-preview":"max-image-preview:large","max-video-preview":"max-video-preview:-1"},"canonical":"https:\/\/westcoasttriallawyers.com\/es\/california\/bakersfield\/abogado-de-accidentes-de-scooter-electrico-en-bakersfield","og_locale":"es_ES","og_type":"article","og_title":"Abogado de Accidentes de Scooter El\u00e9ctrico en Bakersfield","og_description":"\u00bfQu\u00e9 Diferencia a un Scooter El\u00e9ctrico de un Scooter Normal? \u00bfCu\u00e1ntos Tipos de Accidentes de E-Scooter han Ocurrido en Bakersfield Roads? Los informes de lesiones, accidentes y muertes causados \u200b\u200bpor accidentes relacionados con Scooter El\u00e9ctrico (e-scooters) se est\u00e1n disparando. Los scooters el\u00e9ctricos actualmente son legales en\u00a0Bakersfield, pero son ilegales en muchas ciudades y estados de [&hellip;]","og_url":"https:\/\/westcoasttriallawyers.com\/es\/california\/bakersfield\/abogado-de-accidentes-de-scooter-electrico-en-bakersfield","og_site_name":"West Coast Trial Lawyers","article_publisher":"https:\/\/www.facebook.com\/westcoasttriallawyers\/","article_modified_time":"2026-01-20T13:54:55+00:00","og_image":[{"width":557,"height":327,"url":"https:\/\/westcoasttriallawyers.com\/wp-content\/uploads\/2025\/07\/Bakersfield-19.webp","type":"image\/webp"}],"twitter_card":"summary_large_image","twitter_site":"@WestCoastTrial","twitter_misc":{"Tiempo de lectura":"6 minutos"},"schema":{"@context":"https:\/\/schema.org","@graph":[{"@type":["WebPage","ItemPage"],"@id":"https:\/\/westcoasttriallawyers.com\/es\/california\/bakersfield\/abogado-de-accidentes-de-scooter-electrico-en-bakersfield","url":"https:\/\/westcoasttriallawyers.com\/es\/california\/bakersfield\/abogado-de-accidentes-de-scooter-electrico-en-bakersfield","name":"Abogado de Accidentes de Scooter El\u00e9ctrico en Bakersfield | West Coast Trial Lawyers","isPartOf":{"@id":"https:\/\/westcoasttriallawyers.com\/es#website"},"primaryImageOfPage":{"@id":"https:\/\/westcoasttriallawyers.com\/es\/california\/bakersfield\/abogado-de-accidentes-de-scooter-electrico-en-bakersfield#primaryimage"},"image":{"@id":"https:\/\/westcoasttriallawyers.com\/es\/california\/bakersfield\/abogado-de-accidentes-de-scooter-electrico-en-bakersfield#primaryimage"},"thumbnailUrl":"https:\/\/westcoasttriallawyers.com\/wp-content\/uploads\/2025\/07\/Bakersfield-19.webp","datePublished":"2026-01-14T18:56:02+00:00","dateModified":"2026-01-20T13:54:55+00:00","breadcrumb":{"@id":"https:\/\/westcoasttriallawyers.com\/es\/california\/bakersfield\/abogado-de-accidentes-de-scooter-electrico-en-bakersfield#breadcrumb"},"inLanguage":"es","potentialAction":[{"@type":"ReadAction","target":["https:\/\/westcoasttriallawyers.com\/es\/california\/bakersfield\/abogado-de-accidentes-de-scooter-electrico-en-bakersfield"]}]},{"@type":"ImageObject","inLanguage":"es","@id":"https:\/\/westcoasttriallawyers.com\/es\/california\/bakersfield\/abogado-de-accidentes-de-scooter-electrico-en-bakersfield#primaryimage","url":"https:\/\/westcoasttriallawyers.com\/wp-content\/uploads\/2025\/07\/Bakersfield-19.webp","contentUrl":"https:\/\/westcoasttriallawyers.com\/wp-content\/uploads\/2025\/07\/Bakersfield-19.webp","width":557,"height":327},{"@type":"BreadcrumbList","@id":"https:\/\/westcoasttriallawyers.com\/es\/california\/bakersfield\/abogado-de-accidentes-de-scooter-electrico-en-bakersfield#breadcrumb","itemListElement":[{"@type":"ListItem","position":1,"name":"Inicio","item":"https:\/\/westcoasttriallawyers.com\/es"},{"@type":"ListItem","position":2,"name":"California","item":"https:\/\/westcoasttriallawyers.com\/es\/california"},{"@type":"ListItem","position":3,"name":"Bakersfield","item":"https:\/\/westcoasttriallawyers.com\/es\/california\/bakersfield"},{"@type":"ListItem","position":4,"name":"Abogado de Accidentes de Scooter El\u00e9ctrico en Bakersfield"}]},{"@type":"WebSite","@id":"https:\/\/westcoasttriallawyers.com\/es#website","url":"https:\/\/westcoasttriallawyers.com\/es","name":"West Coast Trial Lawyers","description":"West Coast Trial Lawyers","publisher":{"@id":"https:\/\/westcoasttriallawyers.com\/es#organization"},"alternateName":"WCTL","potentialAction":[{"@type":"SearchAction","target":{"@type":"EntryPoint","urlTemplate":"https:\/\/westcoasttriallawyers.com\/es?s={search_term_string}"},"query-input":{"@type":"PropertyValueSpecification","valueRequired":true,"valueName":"search_term_string"}}],"inLanguage":"es"},{"@type":"Organization","@id":"https:\/\/westcoasttriallawyers.com\/es#organization","name":"West Coast Trial Lawyers","alternateName":"WCTL","url":"https:\/\/westcoasttriallawyers.com\/es","logo":{"@type":"ImageObject","inLanguage":"es","@id":"https:\/\/westcoasttriallawyers.com\/es#\/schema\/logo\/image\/","url":"https:\/\/westcoasttriallawyers.com\/wp-content\/uploads\/2026\/02\/WCTL-Logo.jpg","contentUrl":"https:\/\/westcoasttriallawyers.com\/wp-content\/uploads\/2026\/02\/WCTL-Logo.jpg","width":696,"height":696,"caption":"West Coast Trial Lawyers"},"image":{"@id":"https:\/\/westcoasttriallawyers.com\/es#\/schema\/logo\/image\/"},"sameAs":["https:\/\/www.facebook.com\/westcoasttriallawyers\/","https:\/\/x.com\/WestCoastTrial","https:\/\/www.linkedin.com\/company\/west-coast-trial-lawyers\/","https:\/\/www.instagram.com\/westcoasttriallawyers\/","https:\/\/www.yelp.com\/biz\/west-coast-trial-lawyers-los-angeles-2","https:\/\/www.pinterest.com\/westcoasttrial\/","https:\/\/www.youtube.com\/westcoasttriallawyersla\/","https:\/\/www.tiktok.com\/westcoasttriallawyers"],"description":"West Coast Trial Lawyers is a top-rated personal injury law firm with a goal to provide expert legal representation to those in need. The law firm has offices across California, Nevada, Arizona, and Washington.","legalName":"West Coast Trial Lawyers"}]}},"_links":{"self":[{"href":"https:\/\/westcoasttriallawyers.com\/es\/wp-json\/wp\/v2\/pages\/12769","targetHints":{"allow":["GET"]}}],"collection":[{"href":"https:\/\/westcoasttriallawyers.com\/es\/wp-json\/wp\/v2\/pages"}],"about":[{"href":"https:\/\/westcoasttriallawyers.com\/es\/wp-json\/wp\/v2\/types\/page"}],"author":[{"embeddable":true,"href":"https:\/\/westcoasttriallawyers.com\/es\/wp-json\/wp\/v2\/users\/475"}],"replies":[{"embeddable":true,"href":"https:\/\/westcoasttriallawyers.com\/es\/wp-json\/wp\/v2\/comments?post=12769"}],"version-history":[{"count":3,"href":"https:\/\/westcoasttriallawyers.com\/es\/wp-json\/wp\/v2\/pages\/12769\/revisions"}],"predecessor-version":[{"id":47534,"href":"https:\/\/westcoasttriallawyers.com\/es\/wp-json\/wp\/v2\/pages\/12769\/revisions\/47534"}],"up":[{"embeddable":true,"href":"https:\/\/westcoasttriallawyers.com\/es\/wp-json\/wp\/v2\/pages\/47337"}],"wp:featuredmedia":[{"embeddable":true,"href":"https:\/\/westcoasttriallawyers.com\/es\/wp-json\/wp\/v2\/media\/47208"}],"wp:attachment":[{"href":"https:\/\/westcoasttriallawyers.com\/es\/wp-json\/wp\/v2\/media?parent=12769"}],"curies":[{"name":"wp","href":"https:\/\/api.w.org\/{rel}","templated":true}]}}