{"id":12768,"date":"2026-01-14T18:56:06","date_gmt":"2026-01-14T18:56:06","guid":{"rendered":"https:\/\/wctl1stg.wpengine.com\/?page_id=12768"},"modified":"2026-01-20T13:52:45","modified_gmt":"2026-01-20T13:52:45","slug":"abogado-de-responsabilidad-de-locales-de-bakersfield","status":"publish","type":"page","link":"https:\/\/westcoasttriallawyers.com\/es\/california\/bakersfield\/abogado-de-responsabilidad-de-locales-de-bakersfield","title":{"rendered":"Abogado de Responsabilidad de Locales de Bakersfield"},"content":{"rendered":"<h2><strong>Nuestros Abogados Expertos en Responsabilidad de Locales Analizan la Responsabilidad de Locales<\/strong><\/h2>\n<p>Los propietarios tienen el deber legal de garantizar que sus instalaciones se mantengan a salvo de peligros razonablemente previsibles. Las lesiones causadas por la administraci\u00f3n negligente de la propiedad pueden hacer que el due\u00f1o de la propiedad sea responsable de las p\u00e9rdidas causadas. La recuperaci\u00f3n de la compensaci\u00f3n, o da\u00f1os, comienza con la presentaci\u00f3n de un reclamo de responsabilidad del local.\u00a0\u00a0\u00a0\u00a0<\/p>\n<p>Por ejemplo, miles se lesionan anualmente despu\u00e9s de un resbal\u00f3n y una ca\u00edda causados \u200b\u200bpor condiciones peligrosas. Un resbal\u00f3n y una ca\u00edda es uno de los reclamos por lesiones personales m\u00e1s comunes cubiertos por el paraguas de responsabilidad de las instalaciones, pero hay muchos m\u00e1s ejemplos, como un asalto causado por seguridad negligente o un ahogamiento causado por condiciones peligrosas en la piscina.<\/p>\n<p>Consideremos el siguiente ejemplo. Un jurado del condado de Kern otorg\u00f3 $16.2 millones a W. Kidd en 2018 despu\u00e9s de que sufri\u00f3 una lesi\u00f3n cerebral traum\u00e1tica como resultado de un resbal\u00f3n y una ca\u00edda en un restaurante El Pollo Loco en 2012. Se determin\u00f3 que la lesi\u00f3n de Kidd fue causada directamente por la administraci\u00f3n negligente del restaurante.\u00a0\u00a0<\/p>\n<p>El incidente tuvo lugar despu\u00e9s de que un cocinero sin querer introdujera grasa en el comedor. Kidd luego se resbal\u00f3 en una gran mancha de grasa que dej\u00f3 el cocinero y golpe\u00f3 su cabeza contra el suelo. Kidd sufri\u00f3 una hemorragia cerebral, se someti\u00f3 a una cirug\u00eda cerebral y ahora debe lidiar con un da\u00f1o cerebral permanente y una mayor probabilidad de desarrollar demencia.<\/p>\n<p>El escenario anterior es solo una de las muchas formas en que la vida de una v\u00edctima puede cambiar debido a un accidente de responsabilidad del local. Si usted fue v\u00edctima de un incidente de responsabilidad en las instalaciones, Abogados de la Costa Oeste tiene<strong> abogados de lesiones personales en Bakersfield<\/strong> que han ganado m\u00e1s de 5,000 casos y han recuperado m\u00e1s de $1,000 millones en acuerdos para nuestros clientes. Debido a nuestros logros, hemos sido clasificados como uno de los mejores bufetes de abogados de lesiones personales en\u00a0<strong>Bakersfield.<\/strong><\/p>\n<p>Para programar una consulta gratuita y sin compromiso en nuestro<strong> bufete de abogados de lesiones personales de Bakersfield,\u00a0<\/strong>comun\u00edquese con nuestro equipo legal las 24 horas, los 7 d\u00edas de la semana llamando al\u00a0<strong>213-927-3700\u00a0<\/strong>o enviando un correo electr\u00f3nico\u00a0<a href=\"mailto:info@westcoasttriallawyers.com\">a\u00a0<strong>info@westcoasttriallawyers.com<\/strong><\/a>.<\/p>\n<p><strong>Casos Comunes de Responsabilidad de Locales<\/strong>\u00a0<\/p>\n<p><strong>Seguridad inadecuada:\u00a0<\/strong>este tipo de incidentes ocurren principalmente en edificios de apartamentos u oficinas.<a href=\"https:\/\/www.american-apartment-owners-association.org\/landlord-tenant-laws\/california\/\"><strong>\u00a0Propietarios de apartamentos<\/strong><\/a>\u00a0y oficinas deben proporcionar seguridad razonable para sus edificios. Esto incluye la contrataci\u00f3n de un portero o guardias de seguridad, as\u00ed como la instalaci\u00f3n de puertas que funcionan, puertas que puedan cerrarse con llave y vigilancia, si es necesario.\u00a0<\/p>\n<p>Por ejemplo, si un edificio de apartamentos est\u00e1 ubicado en un \u00e1rea de alta criminalidad y un intruso entra a la fuerza y \u200b\u200blo lastima, es posible que tenga un caso de responsabilidad del local contra el due\u00f1o de la propiedad por negligencia.\u00a0\u00a0\u00a0<\/p>\n<p><strong>Accidentes en piscinas:<\/strong> Lamentablemente, este tipo de accidentes en su mayor\u00eda involucran una combinaci\u00f3n de ni\u00f1os y piscinas sin supervisi\u00f3n o con un mantenimiento inadecuado. Las piscinas deben estar cercadas y deben tener puertas con cerrojo. El due\u00f1o de una propiedad que deja una piscina sin vigilancia puede ser considerado responsable de cualquier lesi\u00f3n que ocurra dentro o alrededor de esa piscina.\u00a0<\/p>\n<p><strong>Accidentes en tiendas de comestibles:\u00a0<\/strong>El accidente m\u00e1s com\u00fan es un resbal\u00f3n y una ca\u00edda. Estos accidentes en gran parte prevenibles a menudo ocurren cuando no hay se\u00f1ales que adviertan a los compradores sobre un peligro potencial. Los ancianos son especialmente vulnerables a sufrir lesiones graves despu\u00e9s de un resbal\u00f3n y una ca\u00edda. La ca\u00edda de objetos es otro ejemplo com\u00fan de un accidente que suele ocurrir en las tiendas de comestibles. Un comprador puede alcanzar un art\u00edculo en un estante alto y luego tener art\u00edculos pesados \u200b\u200bque llueven sobre su cabeza. En el peor de los casos, un estante completo puede caer sobre alguien, lo que puede causar lesiones graves o incluso la muerte.<\/p>\n<p><strong>Mordeduras de perro:\u00a0<\/strong>el due\u00f1o de un perro es responsable del comportamiento de su perro. Influenciar intencionalmente al perro para que desarrolle un comportamiento agresivo podr\u00eda hacer que el perro ataque a cualquier persona con la que no est\u00e9 familiarizado, incluidos los invitados o visitantes que ingresen a la propiedad del due\u00f1o del perro. Cualquier mordedura que tenga lugar en la propiedad del due\u00f1o puede hacer que el due\u00f1o enfrente repercusiones legales debido a su negligencia.\u00a0<\/p>\n<p><strong>Introducci\u00f3n a la responsabilidad de las instalaciones<\/strong>\u00a0<\/p>\n<p>La siguiente informaci\u00f3n es muy importante. De acuerdo a\u00a0<a href=\"https:\/\/leginfo.legislature.ca.gov\/faces\/codes_displaySection.xhtml?sectionNum=1714.&amp;lawCode=CIV\"><strong>C\u00f3digo Civil de California 1714(a)<\/strong><\/a>: \u201cToda persona es responsable, no solo por el resultado de sus actos intencionales, sino tambi\u00e9n por una lesi\u00f3n ocasionada a otro por su falta de cuidado ordinario o habilidad en el manejo de su propiedad o persona.\u201d<\/p>\n<p>En esencia, las demandas de responsabilidad de locales requieren que una persona lesionada muestre evidencia de que fue da\u00f1ada debido a la negligencia del propietario\/administrador de la propiedad. Si result\u00f3 lesionado en la propiedad de alguien, debe probar que:<\/p>\n<ul>\n<li>El demandado arrend\u00f3, posey\u00f3, ocup\u00f3 o control\u00f3 la propiedad donde ocurrieron sus lesiones\u00a0\u00a0<\/li>\n<li>El acusado actu\u00f3 negligentemente con respecto al uso o mantenimiento de la propiedad +\u00a0<\/li>\n<li>Usted result\u00f3 herido\u00a0\u00a0<\/li>\n<li>La negligencia del acusado fue la raz\u00f3n principal por la que sufri\u00f3 lesiones<\/li>\n<\/ul>\n<p>Todos los due\u00f1os de propiedades tienen el<a href=\"https:\/\/www.justia.com\/trials-litigation\/docs\/caci\/1000\/1001\/\"><strong> deber de cuidar<\/strong><\/a> razonablemente sus instalaciones. El deber de cuidado del due\u00f1o de una propiedad se refiere esencialmente a las acciones que un due\u00f1o de propiedad razonable deber\u00eda tomar o deber\u00eda haber tomado en circunstancias similares. Por ejemplo, si se espera razonablemente que el propietario de una empresa instale iluminaci\u00f3n en sus estacionamientos, se aplicar\u00eda el mismo est\u00e1ndar a otros propietarios de empresas en circunstancias similares.\u00a0<\/p>\n<p>Adem\u00e1s, el deber de cuidado del due\u00f1o de una propiedad var\u00eda seg\u00fan qui\u00e9n est\u00e9 en su propiedad. Por ejemplo, las personas que han sido invitadas a una propiedad tienen un deber de cuidado mucho mayor que el de un intruso.<\/p>\n<p>Cuando se trata de decidir si el due\u00f1o de una propiedad incumpli\u00f3 su deber de cuidado, un abogado con experiencia en responsabilidad de locales de Bakersfield considerar\u00e1:<\/p>\n<ul>\n<li>La probabilidad de que ocurra una lesi\u00f3n dadas las circunstancias<\/li>\n<li>La posibilidad de lesiones graves dadas las circunstancias<\/li>\n<li>Si el due\u00f1o sab\u00eda o deber\u00eda haber sabido sobre la condici\u00f3n peligrosa<\/li>\n<li>La ubicaci\u00f3n real de la propiedad<\/li>\n<li>Los costos y\/o esfuerzos en los que se habr\u00eda incurrido para minimizar o eliminar la condici\u00f3n peligrosa<\/li>\n<li>La cantidad de control que el due\u00f1o de la propiedad ten\u00eda sobre la condici\u00f3n peligrosa<\/li>\n<\/ul>\n<p><strong>M\u00e1s Casos de Responsabilidad de Locales que Podemos Manejar<\/strong><\/p>\n<p><strong>Moho t\u00f3xico<\/strong><\/p>\n<p>Hay un tipo de moho negro t\u00f3xico que puede enfermar gravemente a las personas. Si vive en una casa con moho negro, plante\u00f3 el problemay el propietario no tom\u00f3 ninguna medida, es posible que tenga derecho a presentar un reclamo de responsabilidad del local.<\/p>\n<p><strong>Exposici\u00f3n a la pintura con plomo<\/strong><\/p>\n<p>Si un propietario o vendedor sab\u00eda o deber\u00eda haber sabido de la exposici\u00f3n al plomo, pero no actu\u00f3 en consecuencia, puede estar sujeto a un caso de responsabilidad del local por cualquier p\u00e9rdida causada por su negligencia.<\/p>\n<p><strong>Responsabilidad y Robo de Locales<\/strong><\/p>\n<p>Una v\u00edctima debe demostrar que su arrendador sab\u00eda acerca de una condici\u00f3n peligrosa pero no hizo nada para cambiarla. Por ejemplo, si entraron a robar en su apartamento debido a una puerta de entrada defectuosa, tendr\u00eda que demostrar que ha informado repetidamente al propietario sobre el problema y que no se tom\u00f3 ninguna medida correctiva.<\/p>\n<p><strong>Los Abogados de la Costa Oeste est\u00e1n Aqu\u00ed para Ayudar<\/strong><\/p>\n<p>Si usted fue v\u00edctima de un incidente de responsabilidad en las instalaciones, puede ser elegible para presentar un reclamo contra el due\u00f1o de la propiedad culpable por su negligencia. Un abogado de responsabilidad civil de Bakersfield en\u00a0<a href=\"\/\"><strong>Abogados de la Costa Oeste<\/strong><\/a> puede ayudar a fortalecer su reclamo y obtener la compensaci\u00f3n que merece por sus p\u00e9rdidas.<\/p>\n<p>Cont\u00e1ctenos hoy llamando al\u00a0<strong>213-927-3700\u00a0<\/strong>o enviando un correo electr\u00f3nico\u00a0<a href=\"mailto:info@westcoasttriallawyers.com\">a\u00a0<strong>info@westcoasttriallawyers.com<\/strong><\/a><strong>\u00a0<\/strong>para programar una consulta gratuita con nuestro equipo legal experimentado, atento y compasivo.<\/p>\n<p><!-- WCTL_DEBUG: no shortcode in this_content --><\/p>\n","protected":false},"excerpt":{"rendered":"<p>Nuestros Abogados Expertos en Responsabilidad de Locales Analizan la Responsabilidad de Locales Los propietarios tienen el deber legal de garantizar que sus instalaciones se mantengan a salvo de peligros razonablemente previsibles. Las lesiones causadas por la administraci\u00f3n negligente de la propiedad pueden hacer que el due\u00f1o de la propiedad sea responsable de las p\u00e9rdidas causadas. [&hellip;]<\/p>\n","protected":false},"author":475,"featured_media":47228,"parent":47337,"menu_order":0,"comment_status":"closed","ping_status":"closed","template":"","meta":{"inline_featured_image":false,"footnotes":""},"class_list":["post-12768","page","type-page","status-publish","has-post-thumbnail","hentry"],"acf":[],"yoast_head":"<!-- This site is optimized with the Yoast SEO Premium plugin v26.0 (Yoast SEO v26.0) - https:\/\/yoast.com\/wordpress\/plugins\/seo\/ -->\n<title>Abogado de Responsabilidad de Locales de Bakersfield | West Coast Trial Lawyers<\/title>\n<meta name=\"robots\" content=\"index, follow, max-snippet:-1, max-image-preview:large, max-video-preview:-1\" \/>\n<link rel=\"canonical\" href=\"https:\/\/westcoasttriallawyers.com\/es\/california\/bakersfield\/abogado-de-responsabilidad-de-locales-de-bakersfield\" \/>\n<meta property=\"og:locale\" content=\"es_ES\" \/>\n<meta property=\"og:type\" content=\"article\" \/>\n<meta property=\"og:title\" content=\"Abogado de Responsabilidad de Locales de Bakersfield\" \/>\n<meta property=\"og:description\" content=\"Nuestros Abogados Expertos en Responsabilidad de Locales Analizan la Responsabilidad de Locales Los propietarios tienen el deber legal de garantizar que sus instalaciones se mantengan a salvo de peligros razonablemente previsibles. Las lesiones causadas por la administraci\u00f3n negligente de la propiedad pueden hacer que el due\u00f1o de la propiedad sea responsable de las p\u00e9rdidas causadas. [&hellip;]\" \/>\n<meta property=\"og:url\" content=\"https:\/\/westcoasttriallawyers.com\/es\/california\/bakersfield\/abogado-de-responsabilidad-de-locales-de-bakersfield\" \/>\n<meta property=\"og:site_name\" content=\"West Coast Trial Lawyers\" \/>\n<meta property=\"article:publisher\" content=\"https:\/\/www.facebook.com\/westcoasttriallawyers\/\" \/>\n<meta property=\"article:modified_time\" content=\"2026-01-20T13:52:45+00:00\" \/>\n<meta property=\"og:image\" content=\"https:\/\/westcoasttriallawyers.com\/wp-content\/uploads\/2025\/07\/Bakersfield-27.webp\" \/>\n\t<meta property=\"og:image:width\" content=\"557\" \/>\n\t<meta property=\"og:image:height\" content=\"327\" \/>\n\t<meta property=\"og:image:type\" content=\"image\/webp\" \/>\n<meta name=\"twitter:card\" content=\"summary_large_image\" \/>\n<meta name=\"twitter:site\" content=\"@WestCoastTrial\" \/>\n<meta name=\"twitter:label1\" content=\"Tiempo de lectura\" \/>\n\t<meta name=\"twitter:data1\" content=\"6 minutos\" \/>\n<script type=\"application\/ld+json\" class=\"yoast-schema-graph\">{\"@context\":\"https:\/\/schema.org\",\"@graph\":[{\"@type\":[\"WebPage\",\"ItemPage\"],\"@id\":\"https:\/\/westcoasttriallawyers.com\/es\/california\/bakersfield\/abogado-de-responsabilidad-de-locales-de-bakersfield\",\"url\":\"https:\/\/westcoasttriallawyers.com\/es\/california\/bakersfield\/abogado-de-responsabilidad-de-locales-de-bakersfield\",\"name\":\"Abogado de Responsabilidad de Locales de Bakersfield | West Coast Trial Lawyers\",\"isPartOf\":{\"@id\":\"https:\/\/westcoasttriallawyers.com\/es#website\"},\"primaryImageOfPage\":{\"@id\":\"https:\/\/westcoasttriallawyers.com\/es\/california\/bakersfield\/abogado-de-responsabilidad-de-locales-de-bakersfield#primaryimage\"},\"image\":{\"@id\":\"https:\/\/westcoasttriallawyers.com\/es\/california\/bakersfield\/abogado-de-responsabilidad-de-locales-de-bakersfield#primaryimage\"},\"thumbnailUrl\":\"https:\/\/westcoasttriallawyers.com\/wp-content\/uploads\/2025\/07\/Bakersfield-27.webp\",\"datePublished\":\"2026-01-14T18:56:06+00:00\",\"dateModified\":\"2026-01-20T13:52:45+00:00\",\"breadcrumb\":{\"@id\":\"https:\/\/westcoasttriallawyers.com\/es\/california\/bakersfield\/abogado-de-responsabilidad-de-locales-de-bakersfield#breadcrumb\"},\"inLanguage\":\"es\",\"potentialAction\":[{\"@type\":\"ReadAction\",\"target\":[\"https:\/\/westcoasttriallawyers.com\/es\/california\/bakersfield\/abogado-de-responsabilidad-de-locales-de-bakersfield\"]}]},{\"@type\":\"ImageObject\",\"inLanguage\":\"es\",\"@id\":\"https:\/\/westcoasttriallawyers.com\/es\/california\/bakersfield\/abogado-de-responsabilidad-de-locales-de-bakersfield#primaryimage\",\"url\":\"https:\/\/westcoasttriallawyers.com\/wp-content\/uploads\/2025\/07\/Bakersfield-27.webp\",\"contentUrl\":\"https:\/\/westcoasttriallawyers.com\/wp-content\/uploads\/2025\/07\/Bakersfield-27.webp\",\"width\":557,\"height\":327},{\"@type\":\"BreadcrumbList\",\"@id\":\"https:\/\/westcoasttriallawyers.com\/es\/california\/bakersfield\/abogado-de-responsabilidad-de-locales-de-bakersfield#breadcrumb\",\"itemListElement\":[{\"@type\":\"ListItem\",\"position\":1,\"name\":\"Inicio\",\"item\":\"https:\/\/westcoasttriallawyers.com\/es\"},{\"@type\":\"ListItem\",\"position\":2,\"name\":\"California\",\"item\":\"https:\/\/westcoasttriallawyers.com\/es\/california\"},{\"@type\":\"ListItem\",\"position\":3,\"name\":\"Bakersfield\",\"item\":\"https:\/\/westcoasttriallawyers.com\/es\/california\/bakersfield\"},{\"@type\":\"ListItem\",\"position\":4,\"name\":\"Abogado de Responsabilidad de Locales de Bakersfield\"}]},{\"@type\":\"WebSite\",\"@id\":\"https:\/\/westcoasttriallawyers.com\/es#website\",\"url\":\"https:\/\/westcoasttriallawyers.com\/es\",\"name\":\"West Coast Trial Lawyers\",\"description\":\"West Coast Trial Lawyers\",\"publisher\":{\"@id\":\"https:\/\/westcoasttriallawyers.com\/es#organization\"},\"alternateName\":\"WCTL\",\"potentialAction\":[{\"@type\":\"SearchAction\",\"target\":{\"@type\":\"EntryPoint\",\"urlTemplate\":\"https:\/\/westcoasttriallawyers.com\/es?s={search_term_string}\"},\"query-input\":{\"@type\":\"PropertyValueSpecification\",\"valueRequired\":true,\"valueName\":\"search_term_string\"}}],\"inLanguage\":\"es\"},{\"@type\":\"Organization\",\"@id\":\"https:\/\/westcoasttriallawyers.com\/es#organization\",\"name\":\"West Coast Trial Lawyers\",\"alternateName\":\"WCTL\",\"url\":\"https:\/\/westcoasttriallawyers.com\/es\",\"logo\":{\"@type\":\"ImageObject\",\"inLanguage\":\"es\",\"@id\":\"https:\/\/westcoasttriallawyers.com\/es#\/schema\/logo\/image\/\",\"url\":\"https:\/\/westcoasttriallawyers.com\/wp-content\/uploads\/2026\/02\/WCTL-Logo.jpg\",\"contentUrl\":\"https:\/\/westcoasttriallawyers.com\/wp-content\/uploads\/2026\/02\/WCTL-Logo.jpg\",\"width\":696,\"height\":696,\"caption\":\"West Coast Trial Lawyers\"},\"image\":{\"@id\":\"https:\/\/westcoasttriallawyers.com\/es#\/schema\/logo\/image\/\"},\"sameAs\":[\"https:\/\/www.facebook.com\/westcoasttriallawyers\/\",\"https:\/\/x.com\/WestCoastTrial\",\"https:\/\/www.linkedin.com\/company\/west-coast-trial-lawyers\/\",\"https:\/\/www.instagram.com\/westcoasttriallawyers\/\",\"https:\/\/www.yelp.com\/biz\/west-coast-trial-lawyers-los-angeles-2\",\"https:\/\/www.pinterest.com\/westcoasttrial\/\",\"https:\/\/www.youtube.com\/westcoasttriallawyersla\/\",\"https:\/\/www.tiktok.com\/westcoasttriallawyers\"],\"description\":\"West Coast Trial Lawyers is a top-rated personal injury law firm with a goal to provide expert legal representation to those in need. The law firm has offices across California, Nevada, Arizona, and Washington.\",\"legalName\":\"West Coast Trial Lawyers\"}]}<\/script>\n<!-- \/ Yoast SEO Premium plugin. -->","yoast_head_json":{"title":"Abogado de Responsabilidad de Locales de Bakersfield | West Coast Trial Lawyers","robots":{"index":"index","follow":"follow","max-snippet":"max-snippet:-1","max-image-preview":"max-image-preview:large","max-video-preview":"max-video-preview:-1"},"canonical":"https:\/\/westcoasttriallawyers.com\/es\/california\/bakersfield\/abogado-de-responsabilidad-de-locales-de-bakersfield","og_locale":"es_ES","og_type":"article","og_title":"Abogado de Responsabilidad de Locales de Bakersfield","og_description":"Nuestros Abogados Expertos en Responsabilidad de Locales Analizan la Responsabilidad de Locales Los propietarios tienen el deber legal de garantizar que sus instalaciones se mantengan a salvo de peligros razonablemente previsibles. Las lesiones causadas por la administraci\u00f3n negligente de la propiedad pueden hacer que el due\u00f1o de la propiedad sea responsable de las p\u00e9rdidas causadas. [&hellip;]","og_url":"https:\/\/westcoasttriallawyers.com\/es\/california\/bakersfield\/abogado-de-responsabilidad-de-locales-de-bakersfield","og_site_name":"West Coast Trial Lawyers","article_publisher":"https:\/\/www.facebook.com\/westcoasttriallawyers\/","article_modified_time":"2026-01-20T13:52:45+00:00","og_image":[{"width":557,"height":327,"url":"https:\/\/westcoasttriallawyers.com\/wp-content\/uploads\/2025\/07\/Bakersfield-27.webp","type":"image\/webp"}],"twitter_card":"summary_large_image","twitter_site":"@WestCoastTrial","twitter_misc":{"Tiempo de lectura":"6 minutos"},"schema":{"@context":"https:\/\/schema.org","@graph":[{"@type":["WebPage","ItemPage"],"@id":"https:\/\/westcoasttriallawyers.com\/es\/california\/bakersfield\/abogado-de-responsabilidad-de-locales-de-bakersfield","url":"https:\/\/westcoasttriallawyers.com\/es\/california\/bakersfield\/abogado-de-responsabilidad-de-locales-de-bakersfield","name":"Abogado de Responsabilidad de Locales de Bakersfield | West Coast Trial Lawyers","isPartOf":{"@id":"https:\/\/westcoasttriallawyers.com\/es#website"},"primaryImageOfPage":{"@id":"https:\/\/westcoasttriallawyers.com\/es\/california\/bakersfield\/abogado-de-responsabilidad-de-locales-de-bakersfield#primaryimage"},"image":{"@id":"https:\/\/westcoasttriallawyers.com\/es\/california\/bakersfield\/abogado-de-responsabilidad-de-locales-de-bakersfield#primaryimage"},"thumbnailUrl":"https:\/\/westcoasttriallawyers.com\/wp-content\/uploads\/2025\/07\/Bakersfield-27.webp","datePublished":"2026-01-14T18:56:06+00:00","dateModified":"2026-01-20T13:52:45+00:00","breadcrumb":{"@id":"https:\/\/westcoasttriallawyers.com\/es\/california\/bakersfield\/abogado-de-responsabilidad-de-locales-de-bakersfield#breadcrumb"},"inLanguage":"es","potentialAction":[{"@type":"ReadAction","target":["https:\/\/westcoasttriallawyers.com\/es\/california\/bakersfield\/abogado-de-responsabilidad-de-locales-de-bakersfield"]}]},{"@type":"ImageObject","inLanguage":"es","@id":"https:\/\/westcoasttriallawyers.com\/es\/california\/bakersfield\/abogado-de-responsabilidad-de-locales-de-bakersfield#primaryimage","url":"https:\/\/westcoasttriallawyers.com\/wp-content\/uploads\/2025\/07\/Bakersfield-27.webp","contentUrl":"https:\/\/westcoasttriallawyers.com\/wp-content\/uploads\/2025\/07\/Bakersfield-27.webp","width":557,"height":327},{"@type":"BreadcrumbList","@id":"https:\/\/westcoasttriallawyers.com\/es\/california\/bakersfield\/abogado-de-responsabilidad-de-locales-de-bakersfield#breadcrumb","itemListElement":[{"@type":"ListItem","position":1,"name":"Inicio","item":"https:\/\/westcoasttriallawyers.com\/es"},{"@type":"ListItem","position":2,"name":"California","item":"https:\/\/westcoasttriallawyers.com\/es\/california"},{"@type":"ListItem","position":3,"name":"Bakersfield","item":"https:\/\/westcoasttriallawyers.com\/es\/california\/bakersfield"},{"@type":"ListItem","position":4,"name":"Abogado de Responsabilidad de Locales de Bakersfield"}]},{"@type":"WebSite","@id":"https:\/\/westcoasttriallawyers.com\/es#website","url":"https:\/\/westcoasttriallawyers.com\/es","name":"West Coast Trial Lawyers","description":"West Coast Trial Lawyers","publisher":{"@id":"https:\/\/westcoasttriallawyers.com\/es#organization"},"alternateName":"WCTL","potentialAction":[{"@type":"SearchAction","target":{"@type":"EntryPoint","urlTemplate":"https:\/\/westcoasttriallawyers.com\/es?s={search_term_string}"},"query-input":{"@type":"PropertyValueSpecification","valueRequired":true,"valueName":"search_term_string"}}],"inLanguage":"es"},{"@type":"Organization","@id":"https:\/\/westcoasttriallawyers.com\/es#organization","name":"West Coast Trial Lawyers","alternateName":"WCTL","url":"https:\/\/westcoasttriallawyers.com\/es","logo":{"@type":"ImageObject","inLanguage":"es","@id":"https:\/\/westcoasttriallawyers.com\/es#\/schema\/logo\/image\/","url":"https:\/\/westcoasttriallawyers.com\/wp-content\/uploads\/2026\/02\/WCTL-Logo.jpg","contentUrl":"https:\/\/westcoasttriallawyers.com\/wp-content\/uploads\/2026\/02\/WCTL-Logo.jpg","width":696,"height":696,"caption":"West Coast Trial Lawyers"},"image":{"@id":"https:\/\/westcoasttriallawyers.com\/es#\/schema\/logo\/image\/"},"sameAs":["https:\/\/www.facebook.com\/westcoasttriallawyers\/","https:\/\/x.com\/WestCoastTrial","https:\/\/www.linkedin.com\/company\/west-coast-trial-lawyers\/","https:\/\/www.instagram.com\/westcoasttriallawyers\/","https:\/\/www.yelp.com\/biz\/west-coast-trial-lawyers-los-angeles-2","https:\/\/www.pinterest.com\/westcoasttrial\/","https:\/\/www.youtube.com\/westcoasttriallawyersla\/","https:\/\/www.tiktok.com\/westcoasttriallawyers"],"description":"West Coast Trial Lawyers is a top-rated personal injury law firm with a goal to provide expert legal representation to those in need. The law firm has offices across California, Nevada, Arizona, and Washington.","legalName":"West Coast Trial Lawyers"}]}},"_links":{"self":[{"href":"https:\/\/westcoasttriallawyers.com\/es\/wp-json\/wp\/v2\/pages\/12768","targetHints":{"allow":["GET"]}}],"collection":[{"href":"https:\/\/westcoasttriallawyers.com\/es\/wp-json\/wp\/v2\/pages"}],"about":[{"href":"https:\/\/westcoasttriallawyers.com\/es\/wp-json\/wp\/v2\/types\/page"}],"author":[{"embeddable":true,"href":"https:\/\/westcoasttriallawyers.com\/es\/wp-json\/wp\/v2\/users\/475"}],"replies":[{"embeddable":true,"href":"https:\/\/westcoasttriallawyers.com\/es\/wp-json\/wp\/v2\/comments?post=12768"}],"version-history":[{"count":3,"href":"https:\/\/westcoasttriallawyers.com\/es\/wp-json\/wp\/v2\/pages\/12768\/revisions"}],"predecessor-version":[{"id":47531,"href":"https:\/\/westcoasttriallawyers.com\/es\/wp-json\/wp\/v2\/pages\/12768\/revisions\/47531"}],"up":[{"embeddable":true,"href":"https:\/\/westcoasttriallawyers.com\/es\/wp-json\/wp\/v2\/pages\/47337"}],"wp:featuredmedia":[{"embeddable":true,"href":"https:\/\/westcoasttriallawyers.com\/es\/wp-json\/wp\/v2\/media\/47228"}],"wp:attachment":[{"href":"https:\/\/westcoasttriallawyers.com\/es\/wp-json\/wp\/v2\/media?parent=12768"}],"curies":[{"name":"wp","href":"https:\/\/api.w.org\/{rel}","templated":true}]}}