{"id":12767,"date":"2026-01-14T18:56:07","date_gmt":"2026-01-14T18:56:07","guid":{"rendered":"https:\/\/wctl1stg.wpengine.com\/?page_id=12767"},"modified":"2026-01-20T13:38:48","modified_gmt":"2026-01-20T13:38:48","slug":"abogado-de-accidentes-de-entrega-de-comida-de-bakersfield","status":"publish","type":"page","link":"https:\/\/westcoasttriallawyers.com\/es\/california\/bakersfield\/abogado-de-accidentes-de-entrega-de-comida-de-bakersfield","title":{"rendered":"Abogado de Accidentes de Entrega de Comida de Bakersfield"},"content":{"rendered":"<h2><strong>Tipos Comunes de Problemas que Pueden Causar los Conductores de Entrega de Comida<\/strong><\/h2>\n<p>Si sufri\u00f3 lesiones despu\u00e9s de un accidente causado por un conductor de entrega de alimentos, tiene derecho a presentar una demanda por lesiones personales para recuperar la compensaci\u00f3n por sus p\u00e9rdidas. Los accidentes de entrega de comida a menudo resultan en da\u00f1os significativos a la propiedad y lesiones que pueden requerir atenci\u00f3n m\u00e9dica costosa. Estos tipos de reclamos son log\u00edsticamente complicados, y lidiar con un accidente de entrega de comida por su cuenta puede ser estresante y desafiante para usted y su familia.<\/p>\n<p>Como se mencion\u00f3, las reclamaciones por accidentes de entrega de comida son complicadas principalmente porque muchas empresas de entrega de comida har\u00e1n todo lo posible para negar a sus conductores como empleados y, en cambio, identificarlos como contratistas independientes. En su mayor parte, los empleadores no son responsables de la conducta negligente o criminal de los contratistas independientes que trabajan para ellos.<\/p>\n<p>Si ha sufrido lesiones como resultado de un accidente con un conductor de entrega de alimentos, nuestros experimentados<strong> abogados de accidentes de entrega de comida\u00a0<\/strong>en West Coast en West Coast han ganado m\u00e1s de 5,000 casos de lesiones personales y recuperaron m\u00e1s de $ 1 mil millones en asentamientos para nuestros clientes. Debido a nuestros logros, hemos sido clasificados como uno de los mejores bufetes de abogados de lesiones personales en<strong> Bakersfield.\u00a0<\/strong><\/p>\n<p>Para programar una consulta gratuita y sin compromiso en nuestro\u00a0<strong>bufete de abogados de lesiones personales de Bakersfield,\u00a0<\/strong>comun\u00edquese con nosotros llamando al\u00a0<strong>213-927-3700\u00a0<\/strong>o enviando un correo electr\u00f3nico\u00a0<a href=\"mailto:info@westcoasttriallawyers.com\">a\u00a0<strong>info@westcoasttriallawyers.com<\/strong><\/a>.<\/p>\n<p><strong>Los fundamentos de un reclamo por accidente<\/strong><\/p>\n<p>comida Es m\u00e1s probable que los conductores de entrega de comida conduzcan sin cuidado debido a su incentivo para maximizar las ganancias. A los repartidores de comida generalmente se les paga por la entrega y no por hora y, por lo tanto, es m\u00e1s probable que participen en comportamientos de manejo imprudentes, como acelerar, hacer cambios de carril peligrosos y detener el veh\u00edculo abruptamente.<\/p>\n<p>La consideraci\u00f3n m\u00e1s importante de un reclamo por accidente de entrega de comida en Bakersfield se tendr\u00e1 en cuenta al determinar la responsabilidad. Si un conductor de entrega de comida caus\u00f3 su accidente al conducir bajo la influencia, por ejemplo, \u00e9l o ella ser\u00e1 responsable del accidente y tendr\u00e1 que pagar por sus p\u00e9rdidas.<\/p>\n<p>Hay muchos ejemplos de comportamientos que pueden someter a un conductor de entrega a responsabilidad por un accidente. Un abogado con experiencia en lesiones personales de West Coast Trial Lawyers puede ayudarlo a determinar si tiene o no derecho a presentar un reclamo contra el conductor que caus\u00f3 sus p\u00e9rdidas.<\/p>\n<p>Como se mencion\u00f3, algunas empresas de entrega de comida argumentar\u00e1n que sus conductores son contratistas independientes y no empleados, sin embargo, \u00bfcu\u00e1l es la diferencia entre los dos? En su mayor parte, cuanto m\u00e1s control tenga un empleador sobre el desempe\u00f1o del conductor y las tareas relacionadas con el trabajo, es m\u00e1s probable que un conductor sea un empleado real y no un contratista independiente.<\/p>\n<p>Si el conductor de la entrega de comida que caus\u00f3 sus lesiones es un empleado o un contratista independiente, es una consideraci\u00f3n importante si sus da\u00f1os superan la cobertura de exceso de $ 1 mill\u00f3n. La responsabilidad y los da\u00f1os los determina mejor un abogado con experiencia en accidentes de entrega de comida en Bakersfield.<\/p>\n<p><strong>Otros Tipos de Problemas de Entrega de Comida<\/strong><\/p>\n<p>La seguridad de los comida es otra preocupaci\u00f3n importante para los restaurantes que entregan alimentos. Muchos restaurantes a menudo luchan por mantener la temperatura correcta para sus comida durante las entregas. Los comida que se consumen a temperaturas inseguras son peligrosos porque pueden enfermar gravemente a las personas.<\/p>\n<p>Los restaurantes que sirven comida que hace que alguien se enferme normalmente pueden ser considerados responsables de las p\u00e9rdidas causadas. Esto tambi\u00e9n se aplica a la comida que se entrega. Todos los restaurantes tienen el deber de cuidar a sus clientes de servir comida que no est\u00e9n contaminados.<\/p>\n<p>Sin embargo, si se enferm\u00f3 debido a la comida de un restaurante, debe probar que el restaurante, o el empleado del restaurante, fue negligente y que esa negligencia caus\u00f3 su enfermedad. Por ejemplo, si tiene sobras de la comida, que cree que lo enfermaron, esa comida se puede analizar para determinar si un virus, una bacteria u otro pat\u00f3geno lo enferm\u00f3. Estas pruebas tambi\u00e9n pueden determinar si fue el restaurante, la fuente de la comida o un empleado enfermo el responsable de su enfermedad.<\/p>\n<p>Finalmente, si otras personas tambi\u00e9n se enfermaron por la misma comida, puede ayudar a fortalecer su reclamo. Recomendamos encarecidamente visitar a un m\u00e9dico para hacerse la prueba si se enferma despu\u00e9s de beber o comer comida contaminados.<\/p>\n<p><strong>Leyes Contra la Manipulaci\u00f3n de Comida<\/strong><\/p>\n<p>Existen leyes federales y espec\u00edficas de California que proh\u00edben la manipulaci\u00f3n de alimentos. Seg\u00fan\u00a0los<a href=\"https:\/\/www.justice.gov\/jm\/criminal-resource-manual-1449-tampering-consumer-product\"><strong> Estados Unidos<\/strong><\/a><strong>,<\/strong> subsecci\u00f3n (a) de 18 USC \u00a7 1365 \u00abproh\u00edbe la manipulaci\u00f3n o intenta manipular cualquier producto de consumo que afecte el comercio interestatal o extranjero, o con el etiquetado o el contenedor para dicho producto. La manipulaci\u00f3n debe hacerse con un desprecio imprudente por el riesgo de que otra persona se ponga en peligro de muerte o lesiones corporales. Adem\u00e1s, la manipulaci\u00f3n debe hacerse en circunstancias que manifiesten una indiferencia extrema al riesgo de muerte o lesiones corporales \u00ab.<\/p>\n<p>La ley de California es m\u00e1s espec\u00edfica.\u00a0<a href=\"http:\/\/www.leginfo.ca.gov\/cgi-bin\/displaycode?section=pen&amp;group=00001-01000&amp;file=346-367g\"><strong>C\u00f3digo Penal Secci\u00f3n 347<\/strong><\/a>\u00a0establece que las personas que a sabiendas agregan veneno o sustancias nocivas a Comida o bebidas en situaciones en las que alguien puede resultar da\u00f1ado pueden ser declaradas culpables de un delito grave, que puede ser punible con una pena de prisi\u00f3n de 2 a 5 a\u00f1os. Esto significa que un conductor con una enfermedad transmisible que deliberadamente escupe en la comida de alguien puede ser culpable de un delito grave y enfrentarse a la c\u00e1rcel.<\/p>\n<p>Cualquier sustancia que cause lesiones f\u00edsicas graves o la muerte agregar\u00e1 3 a\u00f1os m\u00e1s a la sentencia de esa persona.<\/p>\n<p><strong>Los Abogados de la Costa Oeste Siempre est\u00e1 Aqu\u00ed para Ayudar<\/strong><\/p>\n<p>Si ha sufrido p\u00e9rdidas despu\u00e9s de un incidente relacionado con la entrega de alimentos, tiene derecho a responsabilizar a la parte culpable por sus p\u00e9rdidas. Un abogado de accidentes de entrega de Comida de Bakersfield en<strong>\u00a0<\/strong><a href=\"\/\"><strong>Los Abogados de la Costa Oeste<\/strong><\/a> lo ayudar\u00e1n a recuperar una compensaci\u00f3n por sus p\u00e9rdidas, incluidas las facturas m\u00e9dicas, la angustia emocional, la p\u00e9rdida del consorcio y m\u00e1s.<\/p>\n<p>P\u00f3ngase en contacto con nuestro equipo legal las 24 horas del d\u00eda, los 7 d\u00edas de la semana hoy llamando al\u00a0<strong>213-927-3700\u00a0<\/strong>o enviando un correo electr\u00f3nico\u00a0<a href=\"mailto:info@westcoasttriallawyers.com\">a\u00a0<strong>info@westcoasttriallawyers.com<\/strong><\/a><strong>\u00a0<\/strong>para programar una consulta gratuita en nuestro bufete de abogados de lesiones personales de Bakersfield.<br \/>\n<!-- WCTL_DEBUG: no shortcode in this_content --><\/p>\n","protected":false},"excerpt":{"rendered":"<p>Tipos Comunes de Problemas que Pueden Causar los Conductores de Entrega de Comida Si sufri\u00f3 lesiones despu\u00e9s de un accidente causado por un conductor de entrega de alimentos, tiene derecho a presentar una demanda por lesiones personales para recuperar la compensaci\u00f3n por sus p\u00e9rdidas. Los accidentes de entrega de comida a menudo resultan en da\u00f1os [&hellip;]<\/p>\n","protected":false},"author":475,"featured_media":47233,"parent":47337,"menu_order":0,"comment_status":"closed","ping_status":"closed","template":"","meta":{"inline_featured_image":false,"footnotes":""},"class_list":["post-12767","page","type-page","status-publish","has-post-thumbnail","hentry"],"acf":[],"yoast_head":"<!-- This site is optimized with the Yoast SEO Premium plugin v26.0 (Yoast SEO v26.0) - https:\/\/yoast.com\/wordpress\/plugins\/seo\/ -->\n<title>Abogado de Accidentes de Entrega de Comida de Bakersfield | West Coast Trial Lawyers<\/title>\n<meta name=\"robots\" content=\"index, follow, max-snippet:-1, max-image-preview:large, max-video-preview:-1\" \/>\n<link rel=\"canonical\" href=\"https:\/\/westcoasttriallawyers.com\/es\/california\/bakersfield\/abogado-de-accidentes-de-entrega-de-comida-de-bakersfield\" \/>\n<meta property=\"og:locale\" content=\"es_ES\" \/>\n<meta property=\"og:type\" content=\"article\" \/>\n<meta property=\"og:title\" content=\"Abogado de Accidentes de Entrega de Comida de Bakersfield\" \/>\n<meta property=\"og:description\" content=\"Tipos Comunes de Problemas que Pueden Causar los Conductores de Entrega de Comida Si sufri\u00f3 lesiones despu\u00e9s de un accidente causado por un conductor de entrega de alimentos, tiene derecho a presentar una demanda por lesiones personales para recuperar la compensaci\u00f3n por sus p\u00e9rdidas. Los accidentes de entrega de comida a menudo resultan en da\u00f1os [&hellip;]\" \/>\n<meta property=\"og:url\" content=\"https:\/\/westcoasttriallawyers.com\/es\/california\/bakersfield\/abogado-de-accidentes-de-entrega-de-comida-de-bakersfield\" \/>\n<meta property=\"og:site_name\" content=\"West Coast Trial Lawyers\" \/>\n<meta property=\"article:publisher\" content=\"https:\/\/www.facebook.com\/westcoasttriallawyers\/\" \/>\n<meta property=\"article:modified_time\" content=\"2026-01-20T13:38:48+00:00\" \/>\n<meta property=\"og:image\" content=\"https:\/\/westcoasttriallawyers.com\/wp-content\/uploads\/2025\/07\/Bakersfield-29.webp\" \/>\n\t<meta property=\"og:image:width\" content=\"557\" \/>\n\t<meta property=\"og:image:height\" content=\"327\" \/>\n\t<meta property=\"og:image:type\" content=\"image\/webp\" \/>\n<meta name=\"twitter:card\" content=\"summary_large_image\" \/>\n<meta name=\"twitter:site\" content=\"@WestCoastTrial\" \/>\n<meta name=\"twitter:label1\" content=\"Tiempo de lectura\" \/>\n\t<meta name=\"twitter:data1\" content=\"5 minutos\" \/>\n<script type=\"application\/ld+json\" class=\"yoast-schema-graph\">{\"@context\":\"https:\/\/schema.org\",\"@graph\":[{\"@type\":[\"WebPage\",\"ItemPage\"],\"@id\":\"https:\/\/westcoasttriallawyers.com\/es\/california\/bakersfield\/abogado-de-accidentes-de-entrega-de-comida-de-bakersfield\",\"url\":\"https:\/\/westcoasttriallawyers.com\/es\/california\/bakersfield\/abogado-de-accidentes-de-entrega-de-comida-de-bakersfield\",\"name\":\"Abogado de Accidentes de Entrega de Comida de Bakersfield | West Coast Trial Lawyers\",\"isPartOf\":{\"@id\":\"https:\/\/westcoasttriallawyers.com\/es#website\"},\"primaryImageOfPage\":{\"@id\":\"https:\/\/westcoasttriallawyers.com\/es\/california\/bakersfield\/abogado-de-accidentes-de-entrega-de-comida-de-bakersfield#primaryimage\"},\"image\":{\"@id\":\"https:\/\/westcoasttriallawyers.com\/es\/california\/bakersfield\/abogado-de-accidentes-de-entrega-de-comida-de-bakersfield#primaryimage\"},\"thumbnailUrl\":\"https:\/\/westcoasttriallawyers.com\/wp-content\/uploads\/2025\/07\/Bakersfield-29.webp\",\"datePublished\":\"2026-01-14T18:56:07+00:00\",\"dateModified\":\"2026-01-20T13:38:48+00:00\",\"breadcrumb\":{\"@id\":\"https:\/\/westcoasttriallawyers.com\/es\/california\/bakersfield\/abogado-de-accidentes-de-entrega-de-comida-de-bakersfield#breadcrumb\"},\"inLanguage\":\"es\",\"potentialAction\":[{\"@type\":\"ReadAction\",\"target\":[\"https:\/\/westcoasttriallawyers.com\/es\/california\/bakersfield\/abogado-de-accidentes-de-entrega-de-comida-de-bakersfield\"]}]},{\"@type\":\"ImageObject\",\"inLanguage\":\"es\",\"@id\":\"https:\/\/westcoasttriallawyers.com\/es\/california\/bakersfield\/abogado-de-accidentes-de-entrega-de-comida-de-bakersfield#primaryimage\",\"url\":\"https:\/\/westcoasttriallawyers.com\/wp-content\/uploads\/2025\/07\/Bakersfield-29.webp\",\"contentUrl\":\"https:\/\/westcoasttriallawyers.com\/wp-content\/uploads\/2025\/07\/Bakersfield-29.webp\",\"width\":557,\"height\":327},{\"@type\":\"BreadcrumbList\",\"@id\":\"https:\/\/westcoasttriallawyers.com\/es\/california\/bakersfield\/abogado-de-accidentes-de-entrega-de-comida-de-bakersfield#breadcrumb\",\"itemListElement\":[{\"@type\":\"ListItem\",\"position\":1,\"name\":\"Inicio\",\"item\":\"https:\/\/westcoasttriallawyers.com\/es\"},{\"@type\":\"ListItem\",\"position\":2,\"name\":\"California\",\"item\":\"https:\/\/westcoasttriallawyers.com\/es\/california\"},{\"@type\":\"ListItem\",\"position\":3,\"name\":\"Bakersfield\",\"item\":\"https:\/\/westcoasttriallawyers.com\/es\/california\/bakersfield\"},{\"@type\":\"ListItem\",\"position\":4,\"name\":\"Abogado de Accidentes de Entrega de Comida de Bakersfield\"}]},{\"@type\":\"WebSite\",\"@id\":\"https:\/\/westcoasttriallawyers.com\/es#website\",\"url\":\"https:\/\/westcoasttriallawyers.com\/es\",\"name\":\"West Coast Trial Lawyers\",\"description\":\"West Coast Trial Lawyers\",\"publisher\":{\"@id\":\"https:\/\/westcoasttriallawyers.com\/es#organization\"},\"alternateName\":\"WCTL\",\"potentialAction\":[{\"@type\":\"SearchAction\",\"target\":{\"@type\":\"EntryPoint\",\"urlTemplate\":\"https:\/\/westcoasttriallawyers.com\/es?s={search_term_string}\"},\"query-input\":{\"@type\":\"PropertyValueSpecification\",\"valueRequired\":true,\"valueName\":\"search_term_string\"}}],\"inLanguage\":\"es\"},{\"@type\":\"Organization\",\"@id\":\"https:\/\/westcoasttriallawyers.com\/es#organization\",\"name\":\"West Coast Trial Lawyers\",\"alternateName\":\"WCTL\",\"url\":\"https:\/\/westcoasttriallawyers.com\/es\",\"logo\":{\"@type\":\"ImageObject\",\"inLanguage\":\"es\",\"@id\":\"https:\/\/westcoasttriallawyers.com\/es#\/schema\/logo\/image\/\",\"url\":\"https:\/\/westcoasttriallawyers.com\/wp-content\/uploads\/2026\/02\/WCTL-Logo.jpg\",\"contentUrl\":\"https:\/\/westcoasttriallawyers.com\/wp-content\/uploads\/2026\/02\/WCTL-Logo.jpg\",\"width\":696,\"height\":696,\"caption\":\"West Coast Trial Lawyers\"},\"image\":{\"@id\":\"https:\/\/westcoasttriallawyers.com\/es#\/schema\/logo\/image\/\"},\"sameAs\":[\"https:\/\/www.facebook.com\/westcoasttriallawyers\/\",\"https:\/\/x.com\/WestCoastTrial\",\"https:\/\/www.linkedin.com\/company\/west-coast-trial-lawyers\/\",\"https:\/\/www.instagram.com\/westcoasttriallawyers\/\",\"https:\/\/www.yelp.com\/biz\/west-coast-trial-lawyers-los-angeles-2\",\"https:\/\/www.pinterest.com\/westcoasttrial\/\",\"https:\/\/www.youtube.com\/westcoasttriallawyersla\/\",\"https:\/\/www.tiktok.com\/westcoasttriallawyers\"],\"description\":\"West Coast Trial Lawyers is a top-rated personal injury law firm with a goal to provide expert legal representation to those in need. The law firm has offices across California, Nevada, Arizona, and Washington.\",\"legalName\":\"West Coast Trial Lawyers\"}]}<\/script>\n<!-- \/ Yoast SEO Premium plugin. -->","yoast_head_json":{"title":"Abogado de Accidentes de Entrega de Comida de Bakersfield | West Coast Trial Lawyers","robots":{"index":"index","follow":"follow","max-snippet":"max-snippet:-1","max-image-preview":"max-image-preview:large","max-video-preview":"max-video-preview:-1"},"canonical":"https:\/\/westcoasttriallawyers.com\/es\/california\/bakersfield\/abogado-de-accidentes-de-entrega-de-comida-de-bakersfield","og_locale":"es_ES","og_type":"article","og_title":"Abogado de Accidentes de Entrega de Comida de Bakersfield","og_description":"Tipos Comunes de Problemas que Pueden Causar los Conductores de Entrega de Comida Si sufri\u00f3 lesiones despu\u00e9s de un accidente causado por un conductor de entrega de alimentos, tiene derecho a presentar una demanda por lesiones personales para recuperar la compensaci\u00f3n por sus p\u00e9rdidas. Los accidentes de entrega de comida a menudo resultan en da\u00f1os [&hellip;]","og_url":"https:\/\/westcoasttriallawyers.com\/es\/california\/bakersfield\/abogado-de-accidentes-de-entrega-de-comida-de-bakersfield","og_site_name":"West Coast Trial Lawyers","article_publisher":"https:\/\/www.facebook.com\/westcoasttriallawyers\/","article_modified_time":"2026-01-20T13:38:48+00:00","og_image":[{"width":557,"height":327,"url":"https:\/\/westcoasttriallawyers.com\/wp-content\/uploads\/2025\/07\/Bakersfield-29.webp","type":"image\/webp"}],"twitter_card":"summary_large_image","twitter_site":"@WestCoastTrial","twitter_misc":{"Tiempo de lectura":"5 minutos"},"schema":{"@context":"https:\/\/schema.org","@graph":[{"@type":["WebPage","ItemPage"],"@id":"https:\/\/westcoasttriallawyers.com\/es\/california\/bakersfield\/abogado-de-accidentes-de-entrega-de-comida-de-bakersfield","url":"https:\/\/westcoasttriallawyers.com\/es\/california\/bakersfield\/abogado-de-accidentes-de-entrega-de-comida-de-bakersfield","name":"Abogado de Accidentes de Entrega de Comida de Bakersfield | West Coast Trial Lawyers","isPartOf":{"@id":"https:\/\/westcoasttriallawyers.com\/es#website"},"primaryImageOfPage":{"@id":"https:\/\/westcoasttriallawyers.com\/es\/california\/bakersfield\/abogado-de-accidentes-de-entrega-de-comida-de-bakersfield#primaryimage"},"image":{"@id":"https:\/\/westcoasttriallawyers.com\/es\/california\/bakersfield\/abogado-de-accidentes-de-entrega-de-comida-de-bakersfield#primaryimage"},"thumbnailUrl":"https:\/\/westcoasttriallawyers.com\/wp-content\/uploads\/2025\/07\/Bakersfield-29.webp","datePublished":"2026-01-14T18:56:07+00:00","dateModified":"2026-01-20T13:38:48+00:00","breadcrumb":{"@id":"https:\/\/westcoasttriallawyers.com\/es\/california\/bakersfield\/abogado-de-accidentes-de-entrega-de-comida-de-bakersfield#breadcrumb"},"inLanguage":"es","potentialAction":[{"@type":"ReadAction","target":["https:\/\/westcoasttriallawyers.com\/es\/california\/bakersfield\/abogado-de-accidentes-de-entrega-de-comida-de-bakersfield"]}]},{"@type":"ImageObject","inLanguage":"es","@id":"https:\/\/westcoasttriallawyers.com\/es\/california\/bakersfield\/abogado-de-accidentes-de-entrega-de-comida-de-bakersfield#primaryimage","url":"https:\/\/westcoasttriallawyers.com\/wp-content\/uploads\/2025\/07\/Bakersfield-29.webp","contentUrl":"https:\/\/westcoasttriallawyers.com\/wp-content\/uploads\/2025\/07\/Bakersfield-29.webp","width":557,"height":327},{"@type":"BreadcrumbList","@id":"https:\/\/westcoasttriallawyers.com\/es\/california\/bakersfield\/abogado-de-accidentes-de-entrega-de-comida-de-bakersfield#breadcrumb","itemListElement":[{"@type":"ListItem","position":1,"name":"Inicio","item":"https:\/\/westcoasttriallawyers.com\/es"},{"@type":"ListItem","position":2,"name":"California","item":"https:\/\/westcoasttriallawyers.com\/es\/california"},{"@type":"ListItem","position":3,"name":"Bakersfield","item":"https:\/\/westcoasttriallawyers.com\/es\/california\/bakersfield"},{"@type":"ListItem","position":4,"name":"Abogado de Accidentes de Entrega de Comida de Bakersfield"}]},{"@type":"WebSite","@id":"https:\/\/westcoasttriallawyers.com\/es#website","url":"https:\/\/westcoasttriallawyers.com\/es","name":"West Coast Trial Lawyers","description":"West Coast Trial Lawyers","publisher":{"@id":"https:\/\/westcoasttriallawyers.com\/es#organization"},"alternateName":"WCTL","potentialAction":[{"@type":"SearchAction","target":{"@type":"EntryPoint","urlTemplate":"https:\/\/westcoasttriallawyers.com\/es?s={search_term_string}"},"query-input":{"@type":"PropertyValueSpecification","valueRequired":true,"valueName":"search_term_string"}}],"inLanguage":"es"},{"@type":"Organization","@id":"https:\/\/westcoasttriallawyers.com\/es#organization","name":"West Coast Trial Lawyers","alternateName":"WCTL","url":"https:\/\/westcoasttriallawyers.com\/es","logo":{"@type":"ImageObject","inLanguage":"es","@id":"https:\/\/westcoasttriallawyers.com\/es#\/schema\/logo\/image\/","url":"https:\/\/westcoasttriallawyers.com\/wp-content\/uploads\/2026\/02\/WCTL-Logo.jpg","contentUrl":"https:\/\/westcoasttriallawyers.com\/wp-content\/uploads\/2026\/02\/WCTL-Logo.jpg","width":696,"height":696,"caption":"West Coast Trial Lawyers"},"image":{"@id":"https:\/\/westcoasttriallawyers.com\/es#\/schema\/logo\/image\/"},"sameAs":["https:\/\/www.facebook.com\/westcoasttriallawyers\/","https:\/\/x.com\/WestCoastTrial","https:\/\/www.linkedin.com\/company\/west-coast-trial-lawyers\/","https:\/\/www.instagram.com\/westcoasttriallawyers\/","https:\/\/www.yelp.com\/biz\/west-coast-trial-lawyers-los-angeles-2","https:\/\/www.pinterest.com\/westcoasttrial\/","https:\/\/www.youtube.com\/westcoasttriallawyersla\/","https:\/\/www.tiktok.com\/westcoasttriallawyers"],"description":"West Coast Trial Lawyers is a top-rated personal injury law firm with a goal to provide expert legal representation to those in need. The law firm has offices across California, Nevada, Arizona, and Washington.","legalName":"West Coast Trial Lawyers"}]}},"_links":{"self":[{"href":"https:\/\/westcoasttriallawyers.com\/es\/wp-json\/wp\/v2\/pages\/12767","targetHints":{"allow":["GET"]}}],"collection":[{"href":"https:\/\/westcoasttriallawyers.com\/es\/wp-json\/wp\/v2\/pages"}],"about":[{"href":"https:\/\/westcoasttriallawyers.com\/es\/wp-json\/wp\/v2\/types\/page"}],"author":[{"embeddable":true,"href":"https:\/\/westcoasttriallawyers.com\/es\/wp-json\/wp\/v2\/users\/475"}],"replies":[{"embeddable":true,"href":"https:\/\/westcoasttriallawyers.com\/es\/wp-json\/wp\/v2\/comments?post=12767"}],"version-history":[{"count":3,"href":"https:\/\/westcoasttriallawyers.com\/es\/wp-json\/wp\/v2\/pages\/12767\/revisions"}],"predecessor-version":[{"id":47521,"href":"https:\/\/westcoasttriallawyers.com\/es\/wp-json\/wp\/v2\/pages\/12767\/revisions\/47521"}],"up":[{"embeddable":true,"href":"https:\/\/westcoasttriallawyers.com\/es\/wp-json\/wp\/v2\/pages\/47337"}],"wp:featuredmedia":[{"embeddable":true,"href":"https:\/\/westcoasttriallawyers.com\/es\/wp-json\/wp\/v2\/media\/47233"}],"wp:attachment":[{"href":"https:\/\/westcoasttriallawyers.com\/es\/wp-json\/wp\/v2\/media?parent=12767"}],"curies":[{"name":"wp","href":"https:\/\/api.w.org\/{rel}","templated":true}]}}