{"id":12765,"date":"2026-01-14T18:56:00","date_gmt":"2026-01-14T18:56:00","guid":{"rendered":"https:\/\/wctl1stg.wpengine.com\/?page_id=12765"},"modified":"2026-01-18T14:42:54","modified_gmt":"2026-01-18T14:42:54","slug":"abogados-lesiones-cerebrales-bakersfield","status":"publish","type":"page","link":"https:\/\/westcoasttriallawyers.com\/es\/california\/bakersfield\/abogados-lesiones-cerebrales-bakersfield","title":{"rendered":"Abogado Especializado en Lesiones Cerebrales de Bakersfield"},"content":{"rendered":"<h2><strong>Las Consecuencias de una Lesi\u00f3n Cerebral Traum\u00e1tica: \u00bfQu\u00e9 Tipos de Terapia Necesitar\u00e1? \u00bfC\u00f3mo Presentar\u00e1 un Reclamo por Lesi\u00f3n Cerebral Para Obtener con Exito la Compensaci\u00f3n Que Merece?<\/strong><\/h2>\n<p>Las lesiones cerebrales se encuentran entre las lesiones m\u00e1s traum\u00e1ticas y costosas que alguien pueda experimentar. Las peores lesiones cerebrales pueden resultar f\u00e1cilmente en discapacidad f\u00edsica permanente, par\u00e1lisis o incluso la muerte. Seg\u00fan datos citados por\u00a0<a href=\"https:\/\/www.statista.com\/statistics\/1074064\/number-tbi-related-deaths-in-the-us\/\"><strong>Statista<\/strong><\/a>, hubo m\u00e1s de 61.000 muertes en los Estados Unidos relacionadas con lesiones cerebrales traum\u00e1ticas en 2017.<\/p>\n<p>A diferencia de otros \u00f3rganos, el cerebro humano no puede regenerar nuevas c\u00e9lulas para curarse a s\u00ed mismo. En otras palabras, una vez que las c\u00e9lulas cerebrales se da\u00f1an, permanecer\u00e1n as\u00ed por el resto de la vida de la v\u00edctima. Desafortunadamente, esto puede crear cambios irreversibles, impredecibles y que alteran la vida de las v\u00edctimas de lesiones cerebrales.<\/p>\n<p>Las lesiones cerebrales traum\u00e1ticas pueden exhibir una variedad infinita de efectos f\u00edsicos, psicol\u00f3gicos y emocionales. La rehabilitaci\u00f3n casi siempre es necesaria para que las v\u00edctimas de lesiones cerebrales traum\u00e1ticas puedan volver a aprender habilidades b\u00e1sicas, como caminar y hablar.<\/p>\n<p>Seg\u00fan la gravedad de una lesi\u00f3n, los servicios de rehabilitaci\u00f3n pueden incluir:<\/p>\n<ul>\n<li><strong>Terapia ocupacional<\/strong>. Esto es necesario para que una v\u00edctima de lesi\u00f3n cerebral pueda realizar con \u00e9xito sus actividades diarias.<\/li>\n<li><strong>fisioterapia Esto<\/strong> ayudar\u00e1 a mejorar la movilidad, el equilibrio y la marcha.<\/li>\n<li><strong>Patolog\u00eda del habla y del lenguaje<\/strong>. Algunas personas requieren terapia para ayudar a mejorar sus habilidades de comunicaci\u00f3n y, si es necesario, para usar dispositivos de ayuda para la comunicaci\u00f3n.<\/li>\n<li><strong>Neuropsicolog\u00eda<\/strong>. Esto puede ayudar a las v\u00edctimas a controlar sus comportamientos y aprender m\u00e1s sobre las estrategias de afrontamiento, as\u00ed como a mejorar el bienestar psicol\u00f3gico y emocional.<\/li>\n<\/ul>\n<p>Si sufri\u00f3 una lesi\u00f3n cerebral traum\u00e1tica como resultado de la negligencia de alguien o un producto defectuoso en el \u00e1rea de Bakersfield, nuestros\u00a0<strong>abogados experimentados en lesiones cerebrales de Bakersfield<\/strong> en Abogados de la Costa Oeste lo ayudar\u00e1n a obtener la compensaci\u00f3n y la justicia que se merece. Con nuestro historial de ganar m\u00e1s de $1 mil millones en acuerdos para nuestros clientes, hemos sido reconocidos como uno de los mejores abogados de lesiones personales en<strong> Bakersfield.<\/strong><\/p>\n<p>Para programar una consulta gratuita en nuestro\u00a0<strong>bufete de abogados de lesiones personales de Bakersfield,<\/strong> comun\u00edquese con nuestro equipo legal las 24 horas, los 7 d\u00edas de la semana llamando al<strong> 213-927-3700\u00a0<\/strong>o enviando un correo electr\u00f3nico\u00a0<a href=\"mailto:info@westcoasttriallawyers.com\"><strong>a info@westcoasttriallawyers.com<\/strong><\/a>.<\/p>\n<p><strong>Problemas Comunes de Lesiones Cerebrales Traum\u00e1ticas<\/strong><\/p>\n<p>William Kidd visit\u00f3 el restaurante Bakersfield El Pollo Loco en 2012. Cuando lleg\u00f3, un cocinero estaba limpiando. Mientras a\u00fan usaba botas de trabajo mojadas, el cocinero entr\u00f3 al comedor para limpiar algunas mesas. Kidd luego sali\u00f3 del ba\u00f1o y se resbal\u00f3 en un parche de grasa dejado por el cocinero, golpeando su cabeza contra el suelo.<\/p>\n<p>Como resultado de la negligencia del cocinero, Kidd sufri\u00f3 una hemorragia en el cerebro y tuvo que ser operado de emergencia. Ahora tiene da\u00f1o cerebral permanente y es probable que desarrolle demencia m\u00e1s adelante en su vida. En 2018, un jurado del condado de Kern otorg\u00f3 $16,2 millones a William Kidd.<\/p>\n<p>El ejemplo anterior ilustra la gravedad de una lesi\u00f3n cerebral. Las lesiones cerebrales moderadas y graves pueden causar cambios permanentes y a largo plazo. Algunos de los diferentes estados de conciencia que una v\u00edctima puede experimentar incluyen:<\/p>\n<ul>\n<li><strong>Muerte cerebral<\/strong>. El peor estado, esto ocurre cuando ya no hay ninguna actividad medible en el cerebro y el tronco encef\u00e1lico de la v\u00edctima. Esta condici\u00f3n es irreversible.<\/li>\n<li><strong>Estado vegetativo<\/strong>. Esto ocurre despu\u00e9s de un da\u00f1o significativo en el cerebro. Alguien en estado vegetativo a veces puede abrir los ojos, responder a los reflejos y\/o emitir sonidos audibles. Sin embargo, los individuos en estado vegetativo ya no son conscientes de su entorno. Un estado vegetativo puede volverse permanente, pero a veces mejora a un estado m\u00ednimamente consciente.<\/li>\n<li><strong>Estado de m\u00ednima conciencia<\/strong>. Este es un estado de conciencia alterada con algunos signos de autoconciencia.<\/li>\n<li><strong>Alguien<\/strong> en coma no se da cuenta de nada y no puede responder a la estimulaci\u00f3n. Un estado comatoso ocurre despu\u00e9s de un da\u00f1o generalizado en cada parte del cerebro de la v\u00edctima. Algunas personas salen del coma o pasan a un estado vegetativo despu\u00e9s de d\u00edas o semanas.<\/li>\n<\/ul>\n<p><strong>Reclamos por Lesiones Cerebrales<\/strong><\/p>\n<p>Las demandas por lesiones cerebrales casi siempre se dividen en dos categor\u00edas, las causadas por negligencia y las causadas por productos defectuosos. Seg\u00fan la ley de California,<a href=\"https:\/\/www.justia.com\/trials-litigation\/docs\/caci\/400\/400\/\">\u00a0<strong>la negligencia<\/strong><\/a> es la omisi\u00f3n de actuar de manera razonable cuando exist\u00eda un deber legal de hacerlo.<\/p>\n<p>La negligencia es generalmente un acto il\u00edcito, que puede ser cometido por un individuo, una empresa, una entidad o un grupo que causa da\u00f1o a otra persona. Una v\u00edctima de una lesi\u00f3n cerebral en Bakersfield que quiera presentar con \u00e9xito una demanda por lesiones cerebrales debe probar que:<\/p>\n<ul>\n<li>El acusado le deb\u00eda a la v\u00edctima una<strong>\u00a0<\/strong><a href=\"https:\/\/www.justia.com\/trials-litigation\/docs\/caci\/1000\/1001\/\"><strong>deber de cuidado<\/strong><\/a><\/li>\n<li>El acusado no cumpli\u00f3 con su deber de cuidado, y<\/li>\n<li>El incumplimiento del acusado de cumplir con su deber de cuidado caus\u00f3 p\u00e9rdidas a la v\u00edctima de una lesi\u00f3n cerebral.<\/li>\n<\/ul>\n<p>Consideremos un ejemplo de una lesi\u00f3n cerebral causada por negligencia: Loretta est\u00e1 conduciendo por la autopista 99 a una velocidad razonable y est\u00e1 concentrada en conducir con seguridad. Steve conduce detr\u00e1s de Loretta. Steve est\u00e1 mirando el camino, pero est\u00e1 enviando mensajes de texto con su novia. Steve est\u00e1 atento a la carretera y revisa sus mensajes de texto cuando el tr\u00e1fico est\u00e1 parado.<\/p>\n<p>Steve no se da cuenta de la parada repentina del tr\u00e1fico. Aprieta los frenos, pero no puede evitar chocar contra la parte trasera del auto de Loretta. Loretta experimenta huesos rotos y da\u00f1o cerebral.<\/p>\n<p>En este ejemplo, el comportamiento negligente de Steve fue enviar mensajes de texto mientras conduc\u00eda. Enviar mensajes de texto no es un delito, pero fue la causa del accidente y de las lesiones de Loretta. Por lo tanto, Steve ser\u00e1 responsable de las lesiones y p\u00e9rdidas de Loretta.<\/p>\n<p>\u00bfQu\u00e9 pasa con las lesiones cerebrales causadas por productos defectuosos? Cualquier empresa que produzca o venda un producto defectuoso que cause una lesi\u00f3n cerebral puede ser considerada responsable de las lesiones y p\u00e9rdidas causadas. Esto significa que los dise\u00f1adores, fabricantes y vendedores de productos pueden ser considerados estrictamente responsables de las lesiones causadas por un producto defectuoso.<\/p>\n<p><a href=\"https:\/\/www.justia.com\/trials-litigation\/docs\/caci\/1200\/1200\/\"><strong>de responsabilidad estricta<\/strong><\/a> generalmente giran en torno a:<\/p>\n<ul>\n<li>Fallas o defectos en el dise\u00f1o o el proceso de fabricaci\u00f3n<\/li>\n<li>Advertencias inadecuadas sobre un peligro potencial o falta de instrucciones adecuadas sobre c\u00f3mo usar un producto<\/li>\n<\/ul>\n<p>Para llevar a cabo con \u00e9xito una demanda de responsabilidad del producto despu\u00e9s de una lesi\u00f3n cerebral, una v\u00edctima debe demostrar que:<\/p>\n<ul>\n<li>El demandado dise\u00f1\u00f3, fabric\u00f3 o vendi\u00f3 un producto defectuoso.<\/li>\n<li>ya ten\u00eda un defecto de dise\u00f1o, fabricaci\u00f3n o advertencia cuando sali\u00f3 de la posesi\u00f3n del demandado. La<\/li>\n<li>v\u00edctima de lesi\u00f3n cerebral us\u00f3 el producto de manera razonable<\/li>\n<li>El defecto del producto fue el factor significativo que caus\u00f3 un p\u00e9rdidas de v\u00edctimas de lesiones cerebrales Los<\/li>\n<\/ul>\n<p><strong>Abogados de la Costa Oeste est\u00e1n Aqu\u00ed para Ayudar<\/strong><\/p>\n<p>Si ha sufrido una lesi\u00f3n cerebral traum\u00e1tica debido a la negligencia de alguien o un producto defectuoso, tiene derecho a responsabilizar a la parte culpable por sus p\u00e9rdidas. Un abogado de lesiones cerebrales de Bakersfield en<strong> A<\/strong><a href=\"\/\"><strong>bogados de la Costa Oeste<\/strong><\/a> lo ayudar\u00e1n a recuperar compensaci\u00f3n por las p\u00e9rdidas que ha sufrido, incluidas las facturas m\u00e9dicas, la angustia emocional, p\u00e9rdida del consorcio y m\u00e1s.<\/p>\n<p>Para programar una consulta gratuita en nuestro bufete de abogados de lesiones personales de Bakersfield, comun\u00edquese con nuestro equipo legal las 24 horas, los 7 d\u00edas de la semana llamando al<strong> 213-927-3700\u00a0<\/strong>o enviando un correo electr\u00f3nico<strong>\u00a0<\/strong><a href=\"mailto:info@westcoasttriallawyers.com\"><strong>info@westcoasttriallawyers.com<\/strong><\/a>.<br \/>\n<!-- WCTL_DEBUG: no shortcode in this_content --><\/p>\n","protected":false},"excerpt":{"rendered":"<p>Las Consecuencias de una Lesi\u00f3n Cerebral Traum\u00e1tica: \u00bfQu\u00e9 Tipos de Terapia Necesitar\u00e1? \u00bfC\u00f3mo Presentar\u00e1 un Reclamo por Lesi\u00f3n Cerebral Para Obtener con Exito la Compensaci\u00f3n Que Merece? Las lesiones cerebrales se encuentran entre las lesiones m\u00e1s traum\u00e1ticas y costosas que alguien pueda experimentar. Las peores lesiones cerebrales pueden resultar f\u00e1cilmente en discapacidad f\u00edsica permanente, par\u00e1lisis [&hellip;]<\/p>\n","protected":false},"author":470,"featured_media":2393,"parent":47337,"menu_order":967,"comment_status":"closed","ping_status":"closed","template":"","meta":{"inline_featured_image":false,"footnotes":""},"class_list":["post-12765","page","type-page","status-publish","has-post-thumbnail","hentry"],"acf":[],"yoast_head":"<!-- This site is optimized with the Yoast SEO Premium plugin v26.0 (Yoast SEO v26.0) - https:\/\/yoast.com\/wordpress\/plugins\/seo\/ -->\n<title>Abogado Especializado en Lesiones Cerebrales de Bakersfield | West Coast Trial Lawyers<\/title>\n<meta name=\"robots\" content=\"index, follow, max-snippet:-1, max-image-preview:large, max-video-preview:-1\" \/>\n<link rel=\"canonical\" href=\"https:\/\/westcoasttriallawyers.com\/es\/california\/bakersfield\/abogados-lesiones-cerebrales-bakersfield\" \/>\n<meta property=\"og:locale\" content=\"es_ES\" \/>\n<meta property=\"og:type\" content=\"article\" \/>\n<meta property=\"og:title\" content=\"Abogado Especializado en Lesiones Cerebrales de Bakersfield\" \/>\n<meta property=\"og:description\" content=\"Las Consecuencias de una Lesi\u00f3n Cerebral Traum\u00e1tica: \u00bfQu\u00e9 Tipos de Terapia Necesitar\u00e1? \u00bfC\u00f3mo Presentar\u00e1 un Reclamo por Lesi\u00f3n Cerebral Para Obtener con Exito la Compensaci\u00f3n Que Merece? Las lesiones cerebrales se encuentran entre las lesiones m\u00e1s traum\u00e1ticas y costosas que alguien pueda experimentar. Las peores lesiones cerebrales pueden resultar f\u00e1cilmente en discapacidad f\u00edsica permanente, par\u00e1lisis [&hellip;]\" \/>\n<meta property=\"og:url\" content=\"https:\/\/westcoasttriallawyers.com\/es\/california\/bakersfield\/abogados-lesiones-cerebrales-bakersfield\" \/>\n<meta property=\"og:site_name\" content=\"West Coast Trial Lawyers\" \/>\n<meta property=\"article:publisher\" content=\"https:\/\/www.facebook.com\/westcoasttriallawyers\/\" \/>\n<meta property=\"article:modified_time\" content=\"2026-01-18T14:42:54+00:00\" \/>\n<meta property=\"og:image\" content=\"https:\/\/westcoasttriallawyers.com\/wp-content\/uploads\/2022\/03\/intro-4-1-1024x680.png\" \/>\n\t<meta property=\"og:image:width\" content=\"1024\" \/>\n\t<meta property=\"og:image:height\" content=\"680\" \/>\n\t<meta property=\"og:image:type\" content=\"image\/png\" \/>\n<meta name=\"twitter:card\" content=\"summary_large_image\" \/>\n<meta name=\"twitter:site\" content=\"@WestCoastTrial\" \/>\n<meta name=\"twitter:label1\" content=\"Tiempo de lectura\" \/>\n\t<meta name=\"twitter:data1\" content=\"6 minutos\" \/>\n<script type=\"application\/ld+json\" class=\"yoast-schema-graph\">{\"@context\":\"https:\/\/schema.org\",\"@graph\":[{\"@type\":[\"WebPage\",\"ItemPage\"],\"@id\":\"https:\/\/westcoasttriallawyers.com\/es\/california\/bakersfield\/abogados-lesiones-cerebrales-bakersfield\",\"url\":\"https:\/\/westcoasttriallawyers.com\/es\/california\/bakersfield\/abogados-lesiones-cerebrales-bakersfield\",\"name\":\"Abogado Especializado en Lesiones Cerebrales de Bakersfield | West Coast Trial Lawyers\",\"isPartOf\":{\"@id\":\"https:\/\/westcoasttriallawyers.com\/es#website\"},\"primaryImageOfPage\":{\"@id\":\"https:\/\/westcoasttriallawyers.com\/es\/california\/bakersfield\/abogados-lesiones-cerebrales-bakersfield#primaryimage\"},\"image\":{\"@id\":\"https:\/\/westcoasttriallawyers.com\/es\/california\/bakersfield\/abogados-lesiones-cerebrales-bakersfield#primaryimage\"},\"thumbnailUrl\":\"https:\/\/westcoasttriallawyers.com\/wp-content\/uploads\/2022\/03\/intro-4-1.png\",\"datePublished\":\"2026-01-14T18:56:00+00:00\",\"dateModified\":\"2026-01-18T14:42:54+00:00\",\"breadcrumb\":{\"@id\":\"https:\/\/westcoasttriallawyers.com\/es\/california\/bakersfield\/abogados-lesiones-cerebrales-bakersfield#breadcrumb\"},\"inLanguage\":\"es\",\"potentialAction\":[{\"@type\":\"ReadAction\",\"target\":[\"https:\/\/westcoasttriallawyers.com\/es\/california\/bakersfield\/abogados-lesiones-cerebrales-bakersfield\"]}]},{\"@type\":\"ImageObject\",\"inLanguage\":\"es\",\"@id\":\"https:\/\/westcoasttriallawyers.com\/es\/california\/bakersfield\/abogados-lesiones-cerebrales-bakersfield#primaryimage\",\"url\":\"https:\/\/westcoasttriallawyers.com\/wp-content\/uploads\/2022\/03\/intro-4-1.png\",\"contentUrl\":\"https:\/\/westcoasttriallawyers.com\/wp-content\/uploads\/2022\/03\/intro-4-1.png\",\"width\":2880,\"height\":1912},{\"@type\":\"BreadcrumbList\",\"@id\":\"https:\/\/westcoasttriallawyers.com\/es\/california\/bakersfield\/abogados-lesiones-cerebrales-bakersfield#breadcrumb\",\"itemListElement\":[{\"@type\":\"ListItem\",\"position\":1,\"name\":\"Inicio\",\"item\":\"https:\/\/westcoasttriallawyers.com\/es\"},{\"@type\":\"ListItem\",\"position\":2,\"name\":\"California\",\"item\":\"https:\/\/westcoasttriallawyers.com\/es\/california\"},{\"@type\":\"ListItem\",\"position\":3,\"name\":\"Bakersfield\",\"item\":\"https:\/\/westcoasttriallawyers.com\/es\/california\/bakersfield\"},{\"@type\":\"ListItem\",\"position\":4,\"name\":\"Abogado Especializado en Lesiones Cerebrales de Bakersfield\"}]},{\"@type\":\"WebSite\",\"@id\":\"https:\/\/westcoasttriallawyers.com\/es#website\",\"url\":\"https:\/\/westcoasttriallawyers.com\/es\",\"name\":\"West Coast Trial Lawyers\",\"description\":\"West Coast Trial Lawyers\",\"publisher\":{\"@id\":\"https:\/\/westcoasttriallawyers.com\/es#organization\"},\"alternateName\":\"WCTL\",\"potentialAction\":[{\"@type\":\"SearchAction\",\"target\":{\"@type\":\"EntryPoint\",\"urlTemplate\":\"https:\/\/westcoasttriallawyers.com\/es?s={search_term_string}\"},\"query-input\":{\"@type\":\"PropertyValueSpecification\",\"valueRequired\":true,\"valueName\":\"search_term_string\"}}],\"inLanguage\":\"es\"},{\"@type\":\"Organization\",\"@id\":\"https:\/\/westcoasttriallawyers.com\/es#organization\",\"name\":\"West Coast Trial Lawyers\",\"alternateName\":\"WCTL\",\"url\":\"https:\/\/westcoasttriallawyers.com\/es\",\"logo\":{\"@type\":\"ImageObject\",\"inLanguage\":\"es\",\"@id\":\"https:\/\/westcoasttriallawyers.com\/es#\/schema\/logo\/image\/\",\"url\":\"https:\/\/westcoasttriallawyers.com\/wp-content\/uploads\/2026\/02\/WCTL-Logo.jpg\",\"contentUrl\":\"https:\/\/westcoasttriallawyers.com\/wp-content\/uploads\/2026\/02\/WCTL-Logo.jpg\",\"width\":696,\"height\":696,\"caption\":\"West Coast Trial Lawyers\"},\"image\":{\"@id\":\"https:\/\/westcoasttriallawyers.com\/es#\/schema\/logo\/image\/\"},\"sameAs\":[\"https:\/\/www.facebook.com\/westcoasttriallawyers\/\",\"https:\/\/x.com\/WestCoastTrial\",\"https:\/\/www.linkedin.com\/company\/west-coast-trial-lawyers\/\",\"https:\/\/www.instagram.com\/westcoasttriallawyers\/\",\"https:\/\/www.yelp.com\/biz\/west-coast-trial-lawyers-los-angeles-2\",\"https:\/\/www.pinterest.com\/westcoasttrial\/\",\"https:\/\/www.youtube.com\/westcoasttriallawyersla\/\",\"https:\/\/www.tiktok.com\/westcoasttriallawyers\"],\"description\":\"West Coast Trial Lawyers is a top-rated personal injury law firm with a goal to provide expert legal representation to those in need. The law firm has offices across California, Nevada, Arizona, and Washington.\",\"legalName\":\"West Coast Trial Lawyers\"}]}<\/script>\n<!-- \/ Yoast SEO Premium plugin. -->","yoast_head_json":{"title":"Abogado Especializado en Lesiones Cerebrales de Bakersfield | West Coast Trial Lawyers","robots":{"index":"index","follow":"follow","max-snippet":"max-snippet:-1","max-image-preview":"max-image-preview:large","max-video-preview":"max-video-preview:-1"},"canonical":"https:\/\/westcoasttriallawyers.com\/es\/california\/bakersfield\/abogados-lesiones-cerebrales-bakersfield","og_locale":"es_ES","og_type":"article","og_title":"Abogado Especializado en Lesiones Cerebrales de Bakersfield","og_description":"Las Consecuencias de una Lesi\u00f3n Cerebral Traum\u00e1tica: \u00bfQu\u00e9 Tipos de Terapia Necesitar\u00e1? \u00bfC\u00f3mo Presentar\u00e1 un Reclamo por Lesi\u00f3n Cerebral Para Obtener con Exito la Compensaci\u00f3n Que Merece? Las lesiones cerebrales se encuentran entre las lesiones m\u00e1s traum\u00e1ticas y costosas que alguien pueda experimentar. Las peores lesiones cerebrales pueden resultar f\u00e1cilmente en discapacidad f\u00edsica permanente, par\u00e1lisis [&hellip;]","og_url":"https:\/\/westcoasttriallawyers.com\/es\/california\/bakersfield\/abogados-lesiones-cerebrales-bakersfield","og_site_name":"West Coast Trial Lawyers","article_publisher":"https:\/\/www.facebook.com\/westcoasttriallawyers\/","article_modified_time":"2026-01-18T14:42:54+00:00","og_image":[{"width":1024,"height":680,"url":"https:\/\/westcoasttriallawyers.com\/wp-content\/uploads\/2022\/03\/intro-4-1-1024x680.png","type":"image\/png"}],"twitter_card":"summary_large_image","twitter_site":"@WestCoastTrial","twitter_misc":{"Tiempo de lectura":"6 minutos"},"schema":{"@context":"https:\/\/schema.org","@graph":[{"@type":["WebPage","ItemPage"],"@id":"https:\/\/westcoasttriallawyers.com\/es\/california\/bakersfield\/abogados-lesiones-cerebrales-bakersfield","url":"https:\/\/westcoasttriallawyers.com\/es\/california\/bakersfield\/abogados-lesiones-cerebrales-bakersfield","name":"Abogado Especializado en Lesiones Cerebrales de Bakersfield | West Coast Trial Lawyers","isPartOf":{"@id":"https:\/\/westcoasttriallawyers.com\/es#website"},"primaryImageOfPage":{"@id":"https:\/\/westcoasttriallawyers.com\/es\/california\/bakersfield\/abogados-lesiones-cerebrales-bakersfield#primaryimage"},"image":{"@id":"https:\/\/westcoasttriallawyers.com\/es\/california\/bakersfield\/abogados-lesiones-cerebrales-bakersfield#primaryimage"},"thumbnailUrl":"https:\/\/westcoasttriallawyers.com\/wp-content\/uploads\/2022\/03\/intro-4-1.png","datePublished":"2026-01-14T18:56:00+00:00","dateModified":"2026-01-18T14:42:54+00:00","breadcrumb":{"@id":"https:\/\/westcoasttriallawyers.com\/es\/california\/bakersfield\/abogados-lesiones-cerebrales-bakersfield#breadcrumb"},"inLanguage":"es","potentialAction":[{"@type":"ReadAction","target":["https:\/\/westcoasttriallawyers.com\/es\/california\/bakersfield\/abogados-lesiones-cerebrales-bakersfield"]}]},{"@type":"ImageObject","inLanguage":"es","@id":"https:\/\/westcoasttriallawyers.com\/es\/california\/bakersfield\/abogados-lesiones-cerebrales-bakersfield#primaryimage","url":"https:\/\/westcoasttriallawyers.com\/wp-content\/uploads\/2022\/03\/intro-4-1.png","contentUrl":"https:\/\/westcoasttriallawyers.com\/wp-content\/uploads\/2022\/03\/intro-4-1.png","width":2880,"height":1912},{"@type":"BreadcrumbList","@id":"https:\/\/westcoasttriallawyers.com\/es\/california\/bakersfield\/abogados-lesiones-cerebrales-bakersfield#breadcrumb","itemListElement":[{"@type":"ListItem","position":1,"name":"Inicio","item":"https:\/\/westcoasttriallawyers.com\/es"},{"@type":"ListItem","position":2,"name":"California","item":"https:\/\/westcoasttriallawyers.com\/es\/california"},{"@type":"ListItem","position":3,"name":"Bakersfield","item":"https:\/\/westcoasttriallawyers.com\/es\/california\/bakersfield"},{"@type":"ListItem","position":4,"name":"Abogado Especializado en Lesiones Cerebrales de Bakersfield"}]},{"@type":"WebSite","@id":"https:\/\/westcoasttriallawyers.com\/es#website","url":"https:\/\/westcoasttriallawyers.com\/es","name":"West Coast Trial Lawyers","description":"West Coast Trial Lawyers","publisher":{"@id":"https:\/\/westcoasttriallawyers.com\/es#organization"},"alternateName":"WCTL","potentialAction":[{"@type":"SearchAction","target":{"@type":"EntryPoint","urlTemplate":"https:\/\/westcoasttriallawyers.com\/es?s={search_term_string}"},"query-input":{"@type":"PropertyValueSpecification","valueRequired":true,"valueName":"search_term_string"}}],"inLanguage":"es"},{"@type":"Organization","@id":"https:\/\/westcoasttriallawyers.com\/es#organization","name":"West Coast Trial Lawyers","alternateName":"WCTL","url":"https:\/\/westcoasttriallawyers.com\/es","logo":{"@type":"ImageObject","inLanguage":"es","@id":"https:\/\/westcoasttriallawyers.com\/es#\/schema\/logo\/image\/","url":"https:\/\/westcoasttriallawyers.com\/wp-content\/uploads\/2026\/02\/WCTL-Logo.jpg","contentUrl":"https:\/\/westcoasttriallawyers.com\/wp-content\/uploads\/2026\/02\/WCTL-Logo.jpg","width":696,"height":696,"caption":"West Coast Trial Lawyers"},"image":{"@id":"https:\/\/westcoasttriallawyers.com\/es#\/schema\/logo\/image\/"},"sameAs":["https:\/\/www.facebook.com\/westcoasttriallawyers\/","https:\/\/x.com\/WestCoastTrial","https:\/\/www.linkedin.com\/company\/west-coast-trial-lawyers\/","https:\/\/www.instagram.com\/westcoasttriallawyers\/","https:\/\/www.yelp.com\/biz\/west-coast-trial-lawyers-los-angeles-2","https:\/\/www.pinterest.com\/westcoasttrial\/","https:\/\/www.youtube.com\/westcoasttriallawyersla\/","https:\/\/www.tiktok.com\/westcoasttriallawyers"],"description":"West Coast Trial Lawyers is a top-rated personal injury law firm with a goal to provide expert legal representation to those in need. The law firm has offices across California, Nevada, Arizona, and Washington.","legalName":"West Coast Trial Lawyers"}]}},"_links":{"self":[{"href":"https:\/\/westcoasttriallawyers.com\/es\/wp-json\/wp\/v2\/pages\/12765","targetHints":{"allow":["GET"]}}],"collection":[{"href":"https:\/\/westcoasttriallawyers.com\/es\/wp-json\/wp\/v2\/pages"}],"about":[{"href":"https:\/\/westcoasttriallawyers.com\/es\/wp-json\/wp\/v2\/types\/page"}],"author":[{"embeddable":true,"href":"https:\/\/westcoasttriallawyers.com\/es\/wp-json\/wp\/v2\/users\/470"}],"replies":[{"embeddable":true,"href":"https:\/\/westcoasttriallawyers.com\/es\/wp-json\/wp\/v2\/comments?post=12765"}],"version-history":[{"count":1,"href":"https:\/\/westcoasttriallawyers.com\/es\/wp-json\/wp\/v2\/pages\/12765\/revisions"}],"predecessor-version":[{"id":47348,"href":"https:\/\/westcoasttriallawyers.com\/es\/wp-json\/wp\/v2\/pages\/12765\/revisions\/47348"}],"up":[{"embeddable":true,"href":"https:\/\/westcoasttriallawyers.com\/es\/wp-json\/wp\/v2\/pages\/47337"}],"wp:featuredmedia":[{"embeddable":true,"href":"https:\/\/westcoasttriallawyers.com\/es\/wp-json\/wp\/v2\/media\/2393"}],"wp:attachment":[{"href":"https:\/\/westcoasttriallawyers.com\/es\/wp-json\/wp\/v2\/media?parent=12765"}],"curies":[{"name":"wp","href":"https:\/\/api.w.org\/{rel}","templated":true}]}}