{"id":12764,"date":"2026-01-13T13:24:53","date_gmt":"2026-01-13T13:24:53","guid":{"rendered":"https:\/\/wctl1stg.wpengine.com\/?page_id=12764"},"modified":"2026-01-20T14:16:34","modified_gmt":"2026-01-20T14:16:34","slug":"abogado-de-uber-y-lyft-en-bakersfield","status":"publish","type":"page","link":"https:\/\/westcoasttriallawyers.com\/es\/california\/bakersfield\/abogado-de-uber-y-lyft-en-bakersfield","title":{"rendered":"Abogado de Uber y Lyft en Bakersfield"},"content":{"rendered":"<h2><strong>\u00bfInvolucrado en un Accidente de Uber o Lyft? Obtenga Asistencia Legal de Nuestros Abogados Expertos en Bakersfield<\/strong><\/h2>\n<p>Lyft, brindan una alternativa conveniente y relativamente econ\u00f3mica al transporte p\u00fablico. Estos servicios eliminan todo el estr\u00e9s y la responsabilidad de conducir para que pueda relajarse y disfrutar de una noche divertida. Tener la opci\u00f3n de viajar en un veh\u00edculo c\u00f3modo al destino de su elecci\u00f3n en cualquier momento es algo que muchos en el&nbsp;<strong>Bakersfield<\/strong> est\u00e1n aprovechando al m\u00e1ximo.&nbsp;<\/p>\n<p>Sin embargo, una consecuencia no deseada de este cambio cultural es que ahora hay m\u00e1s autom\u00f3viles en las calles de Bakersfield que nunca. Naturalmente, el riesgo de verse involucrado en una colisi\u00f3n ha aumentado considerablemente, especialmente cuando algunos conductores de Uber y Lyft&nbsp; se involucran en comportamientos imprudentes, como acelerar o conducir bajo la influencia.&nbsp;<\/p>\n<p>Los accidentes de Uber y Lyft son cada vez m\u00e1s comunes, lo que ha dejado a muchos con una pregunta muy importante: \u00bfqui\u00e9n es responsable en caso de un accidente mientras viaja en un Uber o Lyft?<\/p>\n<p>A pesar de su conveniencia, los accidentes ocurren. Y es importante comprender sus derechos en caso de un accidente de Uber o Lyft. No dude en ponerse en contacto con nuestros&nbsp;<strong>abogados con experiencia en accidentes de Uber y Lyft en Bakersfield<\/strong> 24\/7 llamando al&nbsp;<strong>213-927-3700&nbsp;<\/strong>o enviando un correo electr\u00f3nico llf<a href=\"mailto:info@westcoasttriallawyers.com\"><strong>a info@westcoasttriallawyers.com<\/strong><\/a><strong>&nbsp;<\/strong>para programar una consulta gratuita en nuestro&nbsp;<strong>bufete de abogados de lesiones personales de Bakersfield.<\/strong><\/p>\n<p><strong>Me Lastim\u00e9 en un Accidente de Uber o Lyft, \u00bfQu\u00e9 debo Hacer?<\/strong><\/p>\n<p>En primer lugar, existen opciones legales a las que puede recurrir si result\u00f3 lesionado en un accidente de Uber o Lyft. Si sufri\u00f3 lesiones como pasajero en un accidente de Uber o Lyft, est\u00e1 cubierto por su cobertura de responsabilidad comercial. Adem\u00e1s, tiene derecho a presentar un reclamo contra Uber o Lyft si result\u00f3 lesionado como resultado de un conductor de viaje compartido.&nbsp;<\/p>\n<p>infame&nbsp;<strong>pol\u00edtica comercial&nbsp;<\/strong>Por ejemplo, si sus da\u00f1os superan la cobertura del seguro personal de los conductores, entonces la p\u00f3liza comercial de Uber y Lyft puede cubrir la diferencia. Adem\u00e1s, si la responsabilidad del accidente estuvo en manos de otro conductor, puede presentar un reclamo contra el culpable.&nbsp;conductor.&nbsp;<\/p>\n<p>Sin embargo, en el caso de que el conductor que caus\u00f3 sus lesiones y p\u00e9rdidas financieras no tuviera seguro o tuviera un seguro insuficiente,<strong>&nbsp;<\/strong>La p\u00f3liza de motorista sin seguro o con seguro insuficiente (UM\/UIM) de Uber y Lyft generalmente cubrir\u00e1 sus da\u00f1os hasta $1 mill\u00f3n por accidente.<\/p>\n<p><strong>Cuando el Conductor de Uber o Lyft es Responsable\u2026<\/strong><\/p>\n<p>Nadie espera estar involucrado en un accidente de Uber o Lyft. Sin embargo, si un conductor de Uber o Lyft lesiona a alguien, la parte lesionada podr\u00e1 presentar un reclamo por lesiones personales contra el conductor responsable.&nbsp;<\/p>\n<p>La responsabilidad depender\u00e1 de si el conductor del viaje compartido:<strong>&nbsp;<\/strong><\/p>\n<ul>\n<li>Tiene la aplicaci\u00f3n encendida y est\u00e1 esperando para recoger a un pasajero.<\/li>\n<li>No tiene un pasajero en el autom\u00f3vil y no tiene la aplicaci\u00f3n encendida.<\/li>\n<li>Est\u00e1 transportando a un pasajero o est\u00e1 en camino a recoger a alguien.<\/li>\n<\/ul>\n<p>Analicemos esta informaci\u00f3n. Si un conductor tiene la aplicaci\u00f3n apagada, cualquier accidente en el que est\u00e9 involucrado se tratar\u00e1 como un accidente automovil\u00edstico normal. Esto significa que la cobertura del seguro est\u00e1 estrictamente limitada a la cobertura del seguro personal del conductor del viaje compartido. En otras palabras, estar involucrado en un accidente con un conductor de viaje compartido que tiene la aplicaci\u00f3n apagada es como estar involucrado en un accidente con cualquier conductor. En estos casos, las p\u00f3lizas de seguro de Uber y Lyft son irrelevantes.&nbsp;<\/p>\n<p>Sin embargo, si un conductor tiene la aplicaci\u00f3n activada y est\u00e1 esperando un viaje, se aplicar\u00e1 la cobertura contingente con l\u00edmites de $50,000\/$100,000\/$25,000. Adem\u00e1s, si un conductor de viaje compartido est\u00e1 en camino para recoger o dejar a un pasajero, entonces&nbsp;<strong>de $ 1 mill\u00f3n&nbsp;<\/strong>entrar\u00e1 en vigencia el plan de cobertura comercial<\/p>\n<p>Si eso no fuera lo suficientemente complicado, es importante comprender que California se encuentra actualmente en el proceso de hacer cumplir<a href=\"https:\/\/www.vox.com\/2019\/6\/18\/18682002\/uber-lyft-drivers-california-ab5-bill\"><strong> AB5<\/strong><\/a>. Esta ley entr\u00f3 en vigencia en 2020. Esto significa que las leyes con respecto a la clasificaci\u00f3n de empleados de los conductores de Uber y Lyft est\u00e1n cambiando dr\u00e1sticamente. Lo que es m\u00e1s importante, estas leyes alterar\u00e1n significativamente la forma en que se manejan los reclamos de Uber y Lyft a partir de ahora. Sin embargo, con la aprobaci\u00f3n de la Proposici\u00f3n 22, Uber y Lyft obtuvieron la exenci\u00f3n de AB5.<\/p>\n<p>En resumen, si estuvo involucrado en un accidente que involucr\u00f3 lesiones personales y da\u00f1os a la propiedad, se recomienda que se comunique con un abogado con experiencia en accidentes de viajes compartidos para evaluar su caso y determinar si puede o no presentar un reclamo contra la parte culpable por causar sus lesiones y\/o da\u00f1os.<\/p>\n<p><strong>Negligencia y Responsabilidad del Conductor de Uber o Lyft<\/strong><\/p>\n<p>\u00bfC\u00f3mo se determina la responsabilidad en un accidente de viaje compartido? En otras palabras, \u00bfc\u00f3mo determina un abogado de lesiones personales de Bakersfield qui\u00e9n fue responsable del accidente? Por lo general, se trata de negligencia de alg\u00fan tipo.&nbsp;<a href=\"https:\/\/www.justia.com\/trials-litigation\/docs\/caci\/400\/400\/\"><strong>Comportamiento negligente<\/strong><\/a>&nbsp;es alguna forma de comportamiento irresponsable y peligroso, que tambi\u00e9n es ilegal.&nbsp;<\/p>\n<p>La ley de California requiere que todos los conductores, incluidos los conductores de Uber y Lyft, cumplan con el<a href=\"https:\/\/www.justia.com\/trials-litigation\/docs\/caci\/1000\/1001\/\"><strong> deber de cuidado<\/strong><\/a>&nbsp;y conducir con responsabilidad. En el sentido m\u00e1s b\u00e1sico, esto significa que los conductores de Uber y Lyft deben tener cuidado, obedecer las leyes de tr\u00e1nsito y concentrarse en la tarea de conducir con seguridad. Si result\u00f3 herido debido a la negligencia de un conductor de Uber o Lyft, su abogado de Bakersfield Uber y Lyft tendr\u00e1 que demostrar que la negligencia caus\u00f3 sus lesiones.&nbsp;<\/p>\n<p>En resumen, si desea presentar un reclamo por lesiones personales para la recuperaci\u00f3n de da\u00f1os,&nbsp;<strong>debe probar<\/strong> que el conductor de Uber o Lyft que caus\u00f3 sus lesiones:<\/p>\n<ul>\n<li>Ten\u00eda Un deber de cuidado<\/li>\n<li>Viol\u00f3 este deber de cuidado por negligencia, y&nbsp;<\/li>\n<li>Que un acto de negligencia caus\u00f3 sus lesiones.<\/li>\n<\/ul>\n<p><strong>Los Abogados de la Costa Oeste Siempre est\u00e1 Aqu\u00ed para Ayudar<\/strong><\/p>\n<p>Si ha sufrido lesiones en un accidente relacionado con Uber o Lyft como resultado de la negligencia de alguien o actos deliberados de malicia, tiene derecho a responsabilizar a la parte culpable por sus p\u00e9rdidas. Un abogado de accidentes de Bakersfield Uber y Lyft en&nbsp;<a href=\"\/\"><strong>Abogados de la Costa Oeste<\/strong><\/a><strong>&nbsp;<\/strong>le ayudar\u00e1 a recuperar una compensaci\u00f3n por las p\u00e9rdidas que ha sufrido.&nbsp;<\/p>\n<p>Ll\u00e1menos hoy al&nbsp;<strong>213-927-3700&nbsp;<\/strong>o env\u00ede un correo electr\u00f3nico&nbsp;<a href=\"mailto:info@westcoasttriallawyers.com\">a<strong> info@westcoasttriallawyers.com<\/strong><\/a><strong>&nbsp;<\/strong>para programar una consulta gratuita con nuestro equipo legal experimentado, atento y compasivo.<br \/>\n<!-- WCTL_DEBUG: no shortcode in this_content --><\/p>\n","protected":false},"excerpt":{"rendered":"<p>\u00bfInvolucrado en un Accidente de Uber o Lyft? Obtenga Asistencia Legal de Nuestros Abogados Expertos en Bakersfield Lyft, brindan una alternativa conveniente y relativamente econ\u00f3mica al transporte p\u00fablico. Estos servicios eliminan todo el estr\u00e9s y la responsabilidad de conducir para que pueda relajarse y disfrutar de una noche divertida. Tener la opci\u00f3n de viajar en [&hellip;]<\/p>\n","protected":false},"author":484,"featured_media":0,"parent":47337,"menu_order":0,"comment_status":"closed","ping_status":"closed","template":"","meta":{"inline_featured_image":false,"footnotes":""},"class_list":["post-12764","page","type-page","status-publish","hentry"],"acf":[],"yoast_head":"<!-- This site is optimized with the Yoast SEO Premium plugin v26.0 (Yoast SEO v26.0) - https:\/\/yoast.com\/wordpress\/plugins\/seo\/ -->\n<title>Abogado de Uber y Lyft en Bakersfield | West Coast Trial Lawyers<\/title>\n<meta name=\"robots\" content=\"index, follow, max-snippet:-1, max-image-preview:large, max-video-preview:-1\" \/>\n<link rel=\"canonical\" href=\"https:\/\/westcoasttriallawyers.com\/es\/california\/bakersfield\/abogado-de-uber-y-lyft-en-bakersfield\" \/>\n<meta property=\"og:locale\" content=\"es_ES\" \/>\n<meta property=\"og:type\" content=\"article\" \/>\n<meta property=\"og:title\" content=\"Abogado de Uber y Lyft en Bakersfield\" \/>\n<meta property=\"og:description\" content=\"\u00bfInvolucrado en un Accidente de Uber o Lyft? Obtenga Asistencia Legal de Nuestros Abogados Expertos en Bakersfield Lyft, brindan una alternativa conveniente y relativamente econ\u00f3mica al transporte p\u00fablico. Estos servicios eliminan todo el estr\u00e9s y la responsabilidad de conducir para que pueda relajarse y disfrutar de una noche divertida. Tener la opci\u00f3n de viajar en [&hellip;]\" \/>\n<meta property=\"og:url\" content=\"https:\/\/westcoasttriallawyers.com\/es\/california\/bakersfield\/abogado-de-uber-y-lyft-en-bakersfield\" \/>\n<meta property=\"og:site_name\" content=\"West Coast Trial Lawyers\" \/>\n<meta property=\"article:publisher\" content=\"https:\/\/www.facebook.com\/westcoasttriallawyers\/\" \/>\n<meta property=\"article:modified_time\" content=\"2026-01-20T14:16:34+00:00\" \/>\n<meta property=\"og:image\" content=\"https:\/\/westcoasttriallawyers.com\/wp-content\/uploads\/2025\/07\/Bakersfield-9.webp\" \/>\n\t<meta property=\"og:image:width\" content=\"557\" \/>\n\t<meta property=\"og:image:height\" content=\"327\" \/>\n\t<meta property=\"og:image:type\" content=\"image\/webp\" \/>\n<meta name=\"twitter:card\" content=\"summary_large_image\" \/>\n<meta name=\"twitter:site\" content=\"@WestCoastTrial\" \/>\n<meta name=\"twitter:label1\" content=\"Tiempo de lectura\" \/>\n\t<meta name=\"twitter:data1\" content=\"10 minutos\" \/>\n<script type=\"application\/ld+json\" class=\"yoast-schema-graph\">{\"@context\":\"https:\/\/schema.org\",\"@graph\":[{\"@type\":[\"WebPage\",\"ItemPage\"],\"@id\":\"https:\/\/westcoasttriallawyers.com\/es\/california\/bakersfield\/abogado-de-uber-y-lyft-en-bakersfield\",\"url\":\"https:\/\/westcoasttriallawyers.com\/es\/california\/bakersfield\/abogado-de-uber-y-lyft-en-bakersfield\",\"name\":\"Abogado de Uber y Lyft en Bakersfield | West Coast Trial Lawyers\",\"isPartOf\":{\"@id\":\"https:\/\/westcoasttriallawyers.com\/es#website\"},\"datePublished\":\"2026-01-13T13:24:53+00:00\",\"dateModified\":\"2026-01-20T14:16:34+00:00\",\"breadcrumb\":{\"@id\":\"https:\/\/westcoasttriallawyers.com\/es\/california\/bakersfield\/abogado-de-uber-y-lyft-en-bakersfield#breadcrumb\"},\"inLanguage\":\"es\",\"potentialAction\":[{\"@type\":\"ReadAction\",\"target\":[\"https:\/\/westcoasttriallawyers.com\/es\/california\/bakersfield\/abogado-de-uber-y-lyft-en-bakersfield\"]}]},{\"@type\":\"BreadcrumbList\",\"@id\":\"https:\/\/westcoasttriallawyers.com\/es\/california\/bakersfield\/abogado-de-uber-y-lyft-en-bakersfield#breadcrumb\",\"itemListElement\":[{\"@type\":\"ListItem\",\"position\":1,\"name\":\"Inicio\",\"item\":\"https:\/\/westcoasttriallawyers.com\/es\"},{\"@type\":\"ListItem\",\"position\":2,\"name\":\"California\",\"item\":\"https:\/\/westcoasttriallawyers.com\/es\/california\"},{\"@type\":\"ListItem\",\"position\":3,\"name\":\"Bakersfield\",\"item\":\"https:\/\/westcoasttriallawyers.com\/es\/california\/bakersfield\"},{\"@type\":\"ListItem\",\"position\":4,\"name\":\"Abogado de Uber y Lyft en Bakersfield\"}]},{\"@type\":\"WebSite\",\"@id\":\"https:\/\/westcoasttriallawyers.com\/es#website\",\"url\":\"https:\/\/westcoasttriallawyers.com\/es\",\"name\":\"West Coast Trial Lawyers\",\"description\":\"West Coast Trial Lawyers\",\"publisher\":{\"@id\":\"https:\/\/westcoasttriallawyers.com\/es#organization\"},\"alternateName\":\"WCTL\",\"potentialAction\":[{\"@type\":\"SearchAction\",\"target\":{\"@type\":\"EntryPoint\",\"urlTemplate\":\"https:\/\/westcoasttriallawyers.com\/es?s={search_term_string}\"},\"query-input\":{\"@type\":\"PropertyValueSpecification\",\"valueRequired\":true,\"valueName\":\"search_term_string\"}}],\"inLanguage\":\"es\"},{\"@type\":\"Organization\",\"@id\":\"https:\/\/westcoasttriallawyers.com\/es#organization\",\"name\":\"West Coast Trial Lawyers\",\"alternateName\":\"WCTL\",\"url\":\"https:\/\/westcoasttriallawyers.com\/es\",\"logo\":{\"@type\":\"ImageObject\",\"inLanguage\":\"es\",\"@id\":\"https:\/\/westcoasttriallawyers.com\/es#\/schema\/logo\/image\/\",\"url\":\"https:\/\/westcoasttriallawyers.com\/wp-content\/uploads\/2026\/02\/WCTL-Logo.jpg\",\"contentUrl\":\"https:\/\/westcoasttriallawyers.com\/wp-content\/uploads\/2026\/02\/WCTL-Logo.jpg\",\"width\":696,\"height\":696,\"caption\":\"West Coast Trial Lawyers\"},\"image\":{\"@id\":\"https:\/\/westcoasttriallawyers.com\/es#\/schema\/logo\/image\/\"},\"sameAs\":[\"https:\/\/www.facebook.com\/westcoasttriallawyers\/\",\"https:\/\/x.com\/WestCoastTrial\",\"https:\/\/www.linkedin.com\/company\/west-coast-trial-lawyers\/\",\"https:\/\/www.instagram.com\/westcoasttriallawyers\/\",\"https:\/\/www.yelp.com\/biz\/west-coast-trial-lawyers-los-angeles-2\",\"https:\/\/www.pinterest.com\/westcoasttrial\/\",\"https:\/\/www.youtube.com\/westcoasttriallawyersla\/\",\"https:\/\/www.tiktok.com\/westcoasttriallawyers\"],\"description\":\"West Coast Trial Lawyers is a top-rated personal injury law firm with a goal to provide expert legal representation to those in need. The law firm has offices across California, Nevada, Arizona, and Washington.\",\"legalName\":\"West Coast Trial Lawyers\"}]}<\/script>\n<!-- \/ Yoast SEO Premium plugin. -->","yoast_head_json":{"title":"Abogado de Uber y Lyft en Bakersfield | West Coast Trial Lawyers","robots":{"index":"index","follow":"follow","max-snippet":"max-snippet:-1","max-image-preview":"max-image-preview:large","max-video-preview":"max-video-preview:-1"},"canonical":"https:\/\/westcoasttriallawyers.com\/es\/california\/bakersfield\/abogado-de-uber-y-lyft-en-bakersfield","og_locale":"es_ES","og_type":"article","og_title":"Abogado de Uber y Lyft en Bakersfield","og_description":"\u00bfInvolucrado en un Accidente de Uber o Lyft? Obtenga Asistencia Legal de Nuestros Abogados Expertos en Bakersfield Lyft, brindan una alternativa conveniente y relativamente econ\u00f3mica al transporte p\u00fablico. Estos servicios eliminan todo el estr\u00e9s y la responsabilidad de conducir para que pueda relajarse y disfrutar de una noche divertida. Tener la opci\u00f3n de viajar en [&hellip;]","og_url":"https:\/\/westcoasttriallawyers.com\/es\/california\/bakersfield\/abogado-de-uber-y-lyft-en-bakersfield","og_site_name":"West Coast Trial Lawyers","article_publisher":"https:\/\/www.facebook.com\/westcoasttriallawyers\/","article_modified_time":"2026-01-20T14:16:34+00:00","og_image":[{"width":557,"height":327,"url":"https:\/\/westcoasttriallawyers.com\/wp-content\/uploads\/2025\/07\/Bakersfield-9.webp","type":"image\/webp"}],"twitter_card":"summary_large_image","twitter_site":"@WestCoastTrial","twitter_misc":{"Tiempo de lectura":"10 minutos"},"schema":{"@context":"https:\/\/schema.org","@graph":[{"@type":["WebPage","ItemPage"],"@id":"https:\/\/westcoasttriallawyers.com\/es\/california\/bakersfield\/abogado-de-uber-y-lyft-en-bakersfield","url":"https:\/\/westcoasttriallawyers.com\/es\/california\/bakersfield\/abogado-de-uber-y-lyft-en-bakersfield","name":"Abogado de Uber y Lyft en Bakersfield | West Coast Trial Lawyers","isPartOf":{"@id":"https:\/\/westcoasttriallawyers.com\/es#website"},"datePublished":"2026-01-13T13:24:53+00:00","dateModified":"2026-01-20T14:16:34+00:00","breadcrumb":{"@id":"https:\/\/westcoasttriallawyers.com\/es\/california\/bakersfield\/abogado-de-uber-y-lyft-en-bakersfield#breadcrumb"},"inLanguage":"es","potentialAction":[{"@type":"ReadAction","target":["https:\/\/westcoasttriallawyers.com\/es\/california\/bakersfield\/abogado-de-uber-y-lyft-en-bakersfield"]}]},{"@type":"BreadcrumbList","@id":"https:\/\/westcoasttriallawyers.com\/es\/california\/bakersfield\/abogado-de-uber-y-lyft-en-bakersfield#breadcrumb","itemListElement":[{"@type":"ListItem","position":1,"name":"Inicio","item":"https:\/\/westcoasttriallawyers.com\/es"},{"@type":"ListItem","position":2,"name":"California","item":"https:\/\/westcoasttriallawyers.com\/es\/california"},{"@type":"ListItem","position":3,"name":"Bakersfield","item":"https:\/\/westcoasttriallawyers.com\/es\/california\/bakersfield"},{"@type":"ListItem","position":4,"name":"Abogado de Uber y Lyft en Bakersfield"}]},{"@type":"WebSite","@id":"https:\/\/westcoasttriallawyers.com\/es#website","url":"https:\/\/westcoasttriallawyers.com\/es","name":"West Coast Trial Lawyers","description":"West Coast Trial Lawyers","publisher":{"@id":"https:\/\/westcoasttriallawyers.com\/es#organization"},"alternateName":"WCTL","potentialAction":[{"@type":"SearchAction","target":{"@type":"EntryPoint","urlTemplate":"https:\/\/westcoasttriallawyers.com\/es?s={search_term_string}"},"query-input":{"@type":"PropertyValueSpecification","valueRequired":true,"valueName":"search_term_string"}}],"inLanguage":"es"},{"@type":"Organization","@id":"https:\/\/westcoasttriallawyers.com\/es#organization","name":"West Coast Trial Lawyers","alternateName":"WCTL","url":"https:\/\/westcoasttriallawyers.com\/es","logo":{"@type":"ImageObject","inLanguage":"es","@id":"https:\/\/westcoasttriallawyers.com\/es#\/schema\/logo\/image\/","url":"https:\/\/westcoasttriallawyers.com\/wp-content\/uploads\/2026\/02\/WCTL-Logo.jpg","contentUrl":"https:\/\/westcoasttriallawyers.com\/wp-content\/uploads\/2026\/02\/WCTL-Logo.jpg","width":696,"height":696,"caption":"West Coast Trial Lawyers"},"image":{"@id":"https:\/\/westcoasttriallawyers.com\/es#\/schema\/logo\/image\/"},"sameAs":["https:\/\/www.facebook.com\/westcoasttriallawyers\/","https:\/\/x.com\/WestCoastTrial","https:\/\/www.linkedin.com\/company\/west-coast-trial-lawyers\/","https:\/\/www.instagram.com\/westcoasttriallawyers\/","https:\/\/www.yelp.com\/biz\/west-coast-trial-lawyers-los-angeles-2","https:\/\/www.pinterest.com\/westcoasttrial\/","https:\/\/www.youtube.com\/westcoasttriallawyersla\/","https:\/\/www.tiktok.com\/westcoasttriallawyers"],"description":"West Coast Trial Lawyers is a top-rated personal injury law firm with a goal to provide expert legal representation to those in need. The law firm has offices across California, Nevada, Arizona, and Washington.","legalName":"West Coast Trial Lawyers"}]}},"_links":{"self":[{"href":"https:\/\/westcoasttriallawyers.com\/es\/wp-json\/wp\/v2\/pages\/12764","targetHints":{"allow":["GET"]}}],"collection":[{"href":"https:\/\/westcoasttriallawyers.com\/es\/wp-json\/wp\/v2\/pages"}],"about":[{"href":"https:\/\/westcoasttriallawyers.com\/es\/wp-json\/wp\/v2\/types\/page"}],"author":[{"embeddable":true,"href":"https:\/\/westcoasttriallawyers.com\/es\/wp-json\/wp\/v2\/users\/484"}],"replies":[{"embeddable":true,"href":"https:\/\/westcoasttriallawyers.com\/es\/wp-json\/wp\/v2\/comments?post=12764"}],"version-history":[{"count":3,"href":"https:\/\/westcoasttriallawyers.com\/es\/wp-json\/wp\/v2\/pages\/12764\/revisions"}],"predecessor-version":[{"id":47537,"href":"https:\/\/westcoasttriallawyers.com\/es\/wp-json\/wp\/v2\/pages\/12764\/revisions\/47537"}],"up":[{"embeddable":true,"href":"https:\/\/westcoasttriallawyers.com\/es\/wp-json\/wp\/v2\/pages\/47337"}],"wp:attachment":[{"href":"https:\/\/westcoasttriallawyers.com\/es\/wp-json\/wp\/v2\/media?parent=12764"}],"curies":[{"name":"wp","href":"https:\/\/api.w.org\/{rel}","templated":true}]}}