{"id":12763,"date":"2026-01-14T18:55:58","date_gmt":"2026-01-14T18:55:58","guid":{"rendered":"https:\/\/wctl1stg.wpengine.com\/?page_id=12763"},"modified":"2026-01-23T00:06:51","modified_gmt":"2026-01-23T00:06:51","slug":"abogados-accidentes-medula-espinal-bakersfield","status":"publish","type":"page","link":"https:\/\/westcoasttriallawyers.com\/es\/california\/bakersfield\/abogados-accidentes-medula-espinal-bakersfield","title":{"rendered":"Abogado Especializado en Lesiones de la M\u00e9dula Espinal de Bakersfield"},"content":{"rendered":"<h2><strong>\u00bfQu\u00e9 Puede Causar una Lesi\u00f3n de la M\u00e9dula Espinal? \u00bfC\u00f3mo se Determina la Responsabilidad?<\/strong><\/h2>\n<p>Una lesi\u00f3n en la m\u00e9dula espinal siempre es grave. Estos tipos de lesiones requieren atenci\u00f3n m\u00e9dica costosa y, por lo general, le negar\u00e1n a la v\u00edctima la oportunidad de avanzar en su carrera y vivir una vida independiente. Las v\u00edctimas de par\u00e1lisis necesitar\u00e1n fisioterapia regular, terapia de ejercicios y psicoterapia solo para recuperar la funcionalidad y aprender a vivir con los efectos sociales y psicol\u00f3gicos causados \u200b\u200bpor su lesi\u00f3n.<\/p>\n<p>Hay esencialmente dos tipos de lesiones de la m\u00e9dula espinal,\u00a0<strong>completas e incompletas.\u00a0<\/strong>Alguien con una lesi\u00f3n incompleta de la m\u00e9dula espinal retiene diversos grados de funcionamiento sensorial o motor. En otras palabras, su m\u00e9dula espinal no estaba completamente da\u00f1ada.<\/p>\n<p>Desafortunadamente, alguien con una lesi\u00f3n completa de la m\u00e9dula espinal tiene da\u00f1o en los nervios que obstruye totalmente todas las se\u00f1ales del cerebro al cuerpo debajo de la lesi\u00f3n. Esto significa que las v\u00edctimas con lesiones incompletas de la m\u00e9dula espinal tienen una mayor probabilidad de mejorar con el tiempo y el tratamiento. Y es probable que aquellos con lesiones completas no vean ninguna mejora adicional, incluso con una terapia constante.<\/p>\n<p>Si ha sufrido una lesi\u00f3n en la m\u00e9dula espinal como resultado de la negligencia de alguien, Abogados de la Costa Oeste tiene abogados con experiencia\u00a0<strong>en lesiones en la m\u00e9dula espinal de Bakersfield<\/strong> que est\u00e1n disponibles las 24 horas del d\u00eda, los 7 d\u00edas de la semana para brindarle asistencia legal. Con nuestro historial de recuperaci\u00f3n de m\u00e1s de $1 mil millones en acuerdos para nuestros clientes, hemos sido reconocidos como uno de los principales bufetes de abogados de lesiones personales en Bakersfield.<\/p>\n<p>Para programar una consulta gratuita en nuestro\u00a0<strong>bufete de abogados de lesiones personales de Bakersfield<\/strong>, cont\u00e1ctenos llamando al\u00a0<strong>213-927-3700\u00a0<\/strong>o enviando un correo electr\u00f3nico\u00a0<a href=\"mailto:info@westcoasttriallawyers.com\">a\u00a0<strong>info@westcoasttriallawyers.com<\/strong><\/a><strong>\u00a0<\/strong>para programar una consulta gratuita con nuestro equipo legal experimentado, atento y compasivo.<\/p>\n<p><strong>Causas de Lesiones de la M\u00e9dula Espinal<\/strong><\/p>\n<p>Una lesi\u00f3n de la m\u00e9dula espinal generalmente es causada por da\u00f1o a los ligamentos, v\u00e9rtebras o discos ubicados en la columna o m\u00e9dula espinal. Algunas de las lesiones m\u00e1s comunes que pueden causar una lesi\u00f3n de la m\u00e9dula espinal incluyen:<\/p>\n<ul>\n<li><strong>Accidentes automovil\u00edsticos.<\/strong> Las estad\u00edsticas indican que esta es la causa m\u00e1s com\u00fan de lesi\u00f3n de la m\u00e9dula espinal. De hecho, el 38 por ciento de las lesiones de la m\u00e9dula espinal son causadas por accidentes automovil\u00edsticos.<\/li>\n<li><strong>Ca\u00eddas.<\/strong> La siguiente causa m\u00e1s com\u00fan de lesi\u00f3n de la m\u00e9dula espinal es la ca\u00edda. El 31 por ciento de las lesiones de la m\u00e9dula espinal son causadas por una ca\u00edda grave. Este tipo de escenario generalmente se aplica a aquellos que tienen 65 a\u00f1os o m\u00e1s. Los ancianos a menudo sufren problemas de salud que los hacen m\u00e1s propensos a resbalones y ca\u00eddas.<\/li>\n<li><strong>Violencia.<\/strong> Casi el 13 por ciento de las lesiones de la m\u00e9dula espinal son causadas por actos de violencia. Los disparos o las pu\u00f1aladas a menudo son un factor.<\/li>\n<li><strong>Deportes.\u00a0<\/strong>Aproximadamente el 10 por ciento de las lesiones de la m\u00e9dula espinal son causadas por actividades deportivas. Desafortunadamente, la mayor\u00eda de las personas que sufren una lesi\u00f3n en la m\u00e9dula espinal causada por un problema relacionado con el deporte son ni\u00f1os y adolescentes. Este tipo de lesi\u00f3n puede ser provocada por una ca\u00edda o por sufrir un fuerte impacto en la espalda que pueda da\u00f1ar la columna. La par\u00e1lisis es com\u00fan si un individuo experimenta un contacto lo suficientemente severo con el suelo o un objeto duro. Los deportes que com\u00fanmente experimentan lesiones de la m\u00e9dula espinal son el buceo, el f\u00fatbol, \u200b\u200bel hockey y el esqu\u00ed.<\/li>\n<\/ul>\n<p><strong>Responsabilidad y Da\u00f1os<\/strong><\/p>\n<p>Las lesiones de la m\u00e9dula espinal se clasifican en una de dos categor\u00edas, las causadas por productos defectuosos o defectuosos y las causadas por negligencia. En general, si su lesi\u00f3n de la m\u00e9dula espinal fue causada por negligencia, puede presentar una demanda contra la parte responsable, ya sea una empresa local de Bakersfield, un individuo u otro tipo de entidad.<\/p>\n<p>Comencemos con\u00a0<strong>las demandas por responsabilidad del producto.\u00a0<\/strong>Este tipo de reclamos involucran lesiones como consecuencia de un defecto de fabricaci\u00f3n o dise\u00f1o. Los defectos del producto pueden estar relacionados con advertencias inadecuadas sobre un defecto del producto, o incluso con instrucciones inadecuadas sobre c\u00f3mo usar un producto de manera segura.<\/p>\n<p><strong>Un ejemplo:<\/strong> Sandra compr\u00f3 un sistema de levantamiento de pesas personal para usar en su garaje. Es diligente, sigue las instrucciones y tiene cuidado durante la instalaci\u00f3n. Inmediatamente usa el equipo de ejercicio de una manera razonablemente segura y est\u00e1 contenta con su compra.<\/p>\n<p>Unos d\u00edas m\u00e1s tarde, mientras Sandra levanta una barra con peso por encima de la cabeza, se suelta un tornillo. La barra resbala y golpea la nuca, caus\u00e1ndole graves da\u00f1os en la columna. Desafortunadamente, sufre una grave lesi\u00f3n en la columna que le provoca una par\u00e1lisis incompleta.<\/p>\n<p>Debido a que hubo una correlaci\u00f3n directa entre el equipo de ejercicio defectuoso y su lesi\u00f3n en la m\u00e9dula espinal, Sandra tiene derecho a presentar una demanda por da\u00f1os y perjuicios por lesiones personales contra el fabricante del equipo de ejercicio. Dada la gravedad de las lesiones, Sandra probablemente tendr\u00eda derecho a una cantidad significativa de da\u00f1os por sus p\u00e9rdidas.<\/p>\n<p><strong>\u00bfQu\u00e9 pasa con una lesi\u00f3n causada por negligencia?\u00a0<\/strong><\/p>\n<p><strong>La negligencia<\/strong> es b\u00e1sicamente el hecho de que alguien no actu\u00f3 de manera razonable cuando ten\u00eda la obligaci\u00f3n legal de hacerlo. Por ejemplo, si sufri\u00f3 una lesi\u00f3n causada por un conductor que conduc\u00eda a exceso de velocidad, esto le dar\u00eda derecho a presentar una demanda por negligencia contra ese conductor. Para llevar adelante con \u00e9xito un caso de negligencia, un abogado especializado en lesiones de la m\u00e9dula espinal de Bakersfield deber\u00e1 demostrar que el exceso de velocidad imprudente del conductor caus\u00f3 una lesi\u00f3n en la m\u00e9dula espinal. Otro ejemplo de negligencia podr\u00eda ser una lesi\u00f3n causada por una agresi\u00f3n f\u00edsica.<\/p>\n<p>Como se mencion\u00f3, el tratamiento para este tipo de lesiones es muy costoso. Una v\u00edctima de lesi\u00f3n de la m\u00e9dula espinal puede sufrir hasta<strong>\u00a0<\/strong>$1 mill\u00f3n en gastos m\u00e9dicos durante el primer a\u00f1o y hasta $200,000 al a\u00f1o en los a\u00f1os siguientes.<\/p>\n<p>Incluso las personas con planes de cobertura de seguro m\u00e1s generosos probablemente tendr\u00e1n dificultades para pagar costos tan extremos. Muchas v\u00edctimas de lesiones de la m\u00e9dula espinal, desafortunadamente, ir\u00e1n a la bancarrota como resultado de tratar de mantenerse al d\u00eda con sus facturas de atenci\u00f3n m\u00e9dica.<\/p>\n<p><strong>Los Abogados de la Costa Oeste Siempre est\u00e1n aqu\u00ed para Ayudar<\/strong><\/p>\n<p>Si ha sufrido una lesi\u00f3n en la m\u00e9dula espinal como resultado de la negligencia de alguien o actos deliberados de malicia, tiene derecho a responsabilizar a la parte culpable por sus p\u00e9rdidas. Un abogado especializado en lesiones de la m\u00e9dula espinal de Bakersfield en\u00a0<strong>Abogados de la Costa Oeste<\/strong> le ayudar\u00e1 a recuperar una compensaci\u00f3n por las p\u00e9rdidas que ha sufrido.<\/p>\n<p>Comun\u00edquese con nosotros hoy llamando al\u00a0<strong>213-927-3700\u00a0<\/strong>o enviando un correo electr\u00f3nico\u00a0<a href=\"mailto:info@westcoasttriallawyers.com\">a\u00a0<strong>info@westcoasttriallawyers.com<\/strong><\/a><strong>\u00a0<\/strong>para programar una consulta gratuita con nuestro equipo legal experimentado, atento y compasivo.<br \/>\n<!-- WCTL_DEBUG: no shortcode in this_content --><\/p>\n","protected":false},"excerpt":{"rendered":"<p>\u00bfQu\u00e9 Puede Causar una Lesi\u00f3n de la M\u00e9dula Espinal? \u00bfC\u00f3mo se Determina la Responsabilidad? Una lesi\u00f3n en la m\u00e9dula espinal siempre es grave. Estos tipos de lesiones requieren atenci\u00f3n m\u00e9dica costosa y, por lo general, le negar\u00e1n a la v\u00edctima la oportunidad de avanzar en su carrera y vivir una vida independiente. Las v\u00edctimas de [&hellip;]<\/p>\n","protected":false},"author":475,"featured_media":47193,"parent":47337,"menu_order":0,"comment_status":"closed","ping_status":"closed","template":"","meta":{"inline_featured_image":false,"footnotes":""},"class_list":["post-12763","page","type-page","status-publish","has-post-thumbnail","hentry"],"acf":[],"yoast_head":"<!-- This site is optimized with the Yoast SEO Premium plugin v26.0 (Yoast SEO v26.0) - https:\/\/yoast.com\/wordpress\/plugins\/seo\/ -->\n<title>Abogado Especializado en Lesiones de la M\u00e9dula Espinal de Bakersfield | West Coast Trial Lawyers<\/title>\n<meta name=\"robots\" content=\"index, follow, max-snippet:-1, max-image-preview:large, max-video-preview:-1\" \/>\n<link rel=\"canonical\" href=\"https:\/\/westcoasttriallawyers.com\/es\/california\/bakersfield\/abogados-accidentes-medula-espinal-bakersfield\" \/>\n<meta property=\"og:locale\" content=\"es_ES\" \/>\n<meta property=\"og:type\" content=\"article\" \/>\n<meta property=\"og:title\" content=\"Abogado Especializado en Lesiones de la M\u00e9dula Espinal de Bakersfield\" \/>\n<meta property=\"og:description\" content=\"\u00bfQu\u00e9 Puede Causar una Lesi\u00f3n de la M\u00e9dula Espinal? \u00bfC\u00f3mo se Determina la Responsabilidad? Una lesi\u00f3n en la m\u00e9dula espinal siempre es grave. Estos tipos de lesiones requieren atenci\u00f3n m\u00e9dica costosa y, por lo general, le negar\u00e1n a la v\u00edctima la oportunidad de avanzar en su carrera y vivir una vida independiente. Las v\u00edctimas de [&hellip;]\" \/>\n<meta property=\"og:url\" content=\"https:\/\/westcoasttriallawyers.com\/es\/california\/bakersfield\/abogados-accidentes-medula-espinal-bakersfield\" \/>\n<meta property=\"og:site_name\" content=\"West Coast Trial Lawyers\" \/>\n<meta property=\"article:publisher\" content=\"https:\/\/www.facebook.com\/westcoasttriallawyers\/\" \/>\n<meta property=\"article:modified_time\" content=\"2026-01-23T00:06:51+00:00\" \/>\n<meta property=\"og:image\" content=\"https:\/\/westcoasttriallawyers.com\/wp-content\/uploads\/2025\/07\/Bakersfield-13.webp\" \/>\n\t<meta property=\"og:image:width\" content=\"557\" \/>\n\t<meta property=\"og:image:height\" content=\"327\" \/>\n\t<meta property=\"og:image:type\" content=\"image\/webp\" \/>\n<meta name=\"twitter:card\" content=\"summary_large_image\" \/>\n<meta name=\"twitter:site\" content=\"@WestCoastTrial\" \/>\n<meta name=\"twitter:label1\" content=\"Tiempo de lectura\" \/>\n\t<meta name=\"twitter:data1\" content=\"6 minutos\" \/>\n<script type=\"application\/ld+json\" class=\"yoast-schema-graph\">{\"@context\":\"https:\/\/schema.org\",\"@graph\":[{\"@type\":[\"WebPage\",\"ItemPage\"],\"@id\":\"https:\/\/westcoasttriallawyers.com\/es\/california\/bakersfield\/abogados-accidentes-medula-espinal-bakersfield\",\"url\":\"https:\/\/westcoasttriallawyers.com\/es\/california\/bakersfield\/abogados-accidentes-medula-espinal-bakersfield\",\"name\":\"Abogado Especializado en Lesiones de la M\u00e9dula Espinal de Bakersfield | West Coast Trial Lawyers\",\"isPartOf\":{\"@id\":\"https:\/\/westcoasttriallawyers.com\/es#website\"},\"primaryImageOfPage\":{\"@id\":\"https:\/\/westcoasttriallawyers.com\/es\/california\/bakersfield\/abogados-accidentes-medula-espinal-bakersfield#primaryimage\"},\"image\":{\"@id\":\"https:\/\/westcoasttriallawyers.com\/es\/california\/bakersfield\/abogados-accidentes-medula-espinal-bakersfield#primaryimage\"},\"thumbnailUrl\":\"https:\/\/westcoasttriallawyers.com\/wp-content\/uploads\/2025\/07\/Bakersfield-13.webp\",\"datePublished\":\"2026-01-14T18:55:58+00:00\",\"dateModified\":\"2026-01-23T00:06:51+00:00\",\"breadcrumb\":{\"@id\":\"https:\/\/westcoasttriallawyers.com\/es\/california\/bakersfield\/abogados-accidentes-medula-espinal-bakersfield#breadcrumb\"},\"inLanguage\":\"es\",\"potentialAction\":[{\"@type\":\"ReadAction\",\"target\":[\"https:\/\/westcoasttriallawyers.com\/es\/california\/bakersfield\/abogados-accidentes-medula-espinal-bakersfield\"]}]},{\"@type\":\"ImageObject\",\"inLanguage\":\"es\",\"@id\":\"https:\/\/westcoasttriallawyers.com\/es\/california\/bakersfield\/abogados-accidentes-medula-espinal-bakersfield#primaryimage\",\"url\":\"https:\/\/westcoasttriallawyers.com\/wp-content\/uploads\/2025\/07\/Bakersfield-13.webp\",\"contentUrl\":\"https:\/\/westcoasttriallawyers.com\/wp-content\/uploads\/2025\/07\/Bakersfield-13.webp\",\"width\":557,\"height\":327},{\"@type\":\"BreadcrumbList\",\"@id\":\"https:\/\/westcoasttriallawyers.com\/es\/california\/bakersfield\/abogados-accidentes-medula-espinal-bakersfield#breadcrumb\",\"itemListElement\":[{\"@type\":\"ListItem\",\"position\":1,\"name\":\"Inicio\",\"item\":\"https:\/\/westcoasttriallawyers.com\/es\"},{\"@type\":\"ListItem\",\"position\":2,\"name\":\"California\",\"item\":\"https:\/\/westcoasttriallawyers.com\/es\/california\"},{\"@type\":\"ListItem\",\"position\":3,\"name\":\"Bakersfield\",\"item\":\"https:\/\/westcoasttriallawyers.com\/es\/california\/bakersfield\"},{\"@type\":\"ListItem\",\"position\":4,\"name\":\"Abogado Especializado en Lesiones de la M\u00e9dula Espinal de Bakersfield\"}]},{\"@type\":\"WebSite\",\"@id\":\"https:\/\/westcoasttriallawyers.com\/es#website\",\"url\":\"https:\/\/westcoasttriallawyers.com\/es\",\"name\":\"West Coast Trial Lawyers\",\"description\":\"West Coast Trial Lawyers\",\"publisher\":{\"@id\":\"https:\/\/westcoasttriallawyers.com\/es#organization\"},\"alternateName\":\"WCTL\",\"potentialAction\":[{\"@type\":\"SearchAction\",\"target\":{\"@type\":\"EntryPoint\",\"urlTemplate\":\"https:\/\/westcoasttriallawyers.com\/es?s={search_term_string}\"},\"query-input\":{\"@type\":\"PropertyValueSpecification\",\"valueRequired\":true,\"valueName\":\"search_term_string\"}}],\"inLanguage\":\"es\"},{\"@type\":\"Organization\",\"@id\":\"https:\/\/westcoasttriallawyers.com\/es#organization\",\"name\":\"West Coast Trial Lawyers\",\"alternateName\":\"WCTL\",\"url\":\"https:\/\/westcoasttriallawyers.com\/es\",\"logo\":{\"@type\":\"ImageObject\",\"inLanguage\":\"es\",\"@id\":\"https:\/\/westcoasttriallawyers.com\/es#\/schema\/logo\/image\/\",\"url\":\"https:\/\/westcoasttriallawyers.com\/wp-content\/uploads\/2026\/02\/WCTL-Logo.jpg\",\"contentUrl\":\"https:\/\/westcoasttriallawyers.com\/wp-content\/uploads\/2026\/02\/WCTL-Logo.jpg\",\"width\":696,\"height\":696,\"caption\":\"West Coast Trial Lawyers\"},\"image\":{\"@id\":\"https:\/\/westcoasttriallawyers.com\/es#\/schema\/logo\/image\/\"},\"sameAs\":[\"https:\/\/www.facebook.com\/westcoasttriallawyers\/\",\"https:\/\/x.com\/WestCoastTrial\",\"https:\/\/www.linkedin.com\/company\/west-coast-trial-lawyers\/\",\"https:\/\/www.instagram.com\/westcoasttriallawyers\/\",\"https:\/\/www.yelp.com\/biz\/west-coast-trial-lawyers-los-angeles-2\",\"https:\/\/www.pinterest.com\/westcoasttrial\/\",\"https:\/\/www.youtube.com\/westcoasttriallawyersla\/\",\"https:\/\/www.tiktok.com\/westcoasttriallawyers\"],\"description\":\"West Coast Trial Lawyers is a top-rated personal injury law firm with a goal to provide expert legal representation to those in need. The law firm has offices across California, Nevada, Arizona, and Washington.\",\"legalName\":\"West Coast Trial Lawyers\"}]}<\/script>\n<!-- \/ Yoast SEO Premium plugin. -->","yoast_head_json":{"title":"Abogado Especializado en Lesiones de la M\u00e9dula Espinal de Bakersfield | West Coast Trial Lawyers","robots":{"index":"index","follow":"follow","max-snippet":"max-snippet:-1","max-image-preview":"max-image-preview:large","max-video-preview":"max-video-preview:-1"},"canonical":"https:\/\/westcoasttriallawyers.com\/es\/california\/bakersfield\/abogados-accidentes-medula-espinal-bakersfield","og_locale":"es_ES","og_type":"article","og_title":"Abogado Especializado en Lesiones de la M\u00e9dula Espinal de Bakersfield","og_description":"\u00bfQu\u00e9 Puede Causar una Lesi\u00f3n de la M\u00e9dula Espinal? \u00bfC\u00f3mo se Determina la Responsabilidad? Una lesi\u00f3n en la m\u00e9dula espinal siempre es grave. Estos tipos de lesiones requieren atenci\u00f3n m\u00e9dica costosa y, por lo general, le negar\u00e1n a la v\u00edctima la oportunidad de avanzar en su carrera y vivir una vida independiente. Las v\u00edctimas de [&hellip;]","og_url":"https:\/\/westcoasttriallawyers.com\/es\/california\/bakersfield\/abogados-accidentes-medula-espinal-bakersfield","og_site_name":"West Coast Trial Lawyers","article_publisher":"https:\/\/www.facebook.com\/westcoasttriallawyers\/","article_modified_time":"2026-01-23T00:06:51+00:00","og_image":[{"width":557,"height":327,"url":"https:\/\/westcoasttriallawyers.com\/wp-content\/uploads\/2025\/07\/Bakersfield-13.webp","type":"image\/webp"}],"twitter_card":"summary_large_image","twitter_site":"@WestCoastTrial","twitter_misc":{"Tiempo de lectura":"6 minutos"},"schema":{"@context":"https:\/\/schema.org","@graph":[{"@type":["WebPage","ItemPage"],"@id":"https:\/\/westcoasttriallawyers.com\/es\/california\/bakersfield\/abogados-accidentes-medula-espinal-bakersfield","url":"https:\/\/westcoasttriallawyers.com\/es\/california\/bakersfield\/abogados-accidentes-medula-espinal-bakersfield","name":"Abogado Especializado en Lesiones de la M\u00e9dula Espinal de Bakersfield | West Coast Trial Lawyers","isPartOf":{"@id":"https:\/\/westcoasttriallawyers.com\/es#website"},"primaryImageOfPage":{"@id":"https:\/\/westcoasttriallawyers.com\/es\/california\/bakersfield\/abogados-accidentes-medula-espinal-bakersfield#primaryimage"},"image":{"@id":"https:\/\/westcoasttriallawyers.com\/es\/california\/bakersfield\/abogados-accidentes-medula-espinal-bakersfield#primaryimage"},"thumbnailUrl":"https:\/\/westcoasttriallawyers.com\/wp-content\/uploads\/2025\/07\/Bakersfield-13.webp","datePublished":"2026-01-14T18:55:58+00:00","dateModified":"2026-01-23T00:06:51+00:00","breadcrumb":{"@id":"https:\/\/westcoasttriallawyers.com\/es\/california\/bakersfield\/abogados-accidentes-medula-espinal-bakersfield#breadcrumb"},"inLanguage":"es","potentialAction":[{"@type":"ReadAction","target":["https:\/\/westcoasttriallawyers.com\/es\/california\/bakersfield\/abogados-accidentes-medula-espinal-bakersfield"]}]},{"@type":"ImageObject","inLanguage":"es","@id":"https:\/\/westcoasttriallawyers.com\/es\/california\/bakersfield\/abogados-accidentes-medula-espinal-bakersfield#primaryimage","url":"https:\/\/westcoasttriallawyers.com\/wp-content\/uploads\/2025\/07\/Bakersfield-13.webp","contentUrl":"https:\/\/westcoasttriallawyers.com\/wp-content\/uploads\/2025\/07\/Bakersfield-13.webp","width":557,"height":327},{"@type":"BreadcrumbList","@id":"https:\/\/westcoasttriallawyers.com\/es\/california\/bakersfield\/abogados-accidentes-medula-espinal-bakersfield#breadcrumb","itemListElement":[{"@type":"ListItem","position":1,"name":"Inicio","item":"https:\/\/westcoasttriallawyers.com\/es"},{"@type":"ListItem","position":2,"name":"California","item":"https:\/\/westcoasttriallawyers.com\/es\/california"},{"@type":"ListItem","position":3,"name":"Bakersfield","item":"https:\/\/westcoasttriallawyers.com\/es\/california\/bakersfield"},{"@type":"ListItem","position":4,"name":"Abogado Especializado en Lesiones de la M\u00e9dula Espinal de Bakersfield"}]},{"@type":"WebSite","@id":"https:\/\/westcoasttriallawyers.com\/es#website","url":"https:\/\/westcoasttriallawyers.com\/es","name":"West Coast Trial Lawyers","description":"West Coast Trial Lawyers","publisher":{"@id":"https:\/\/westcoasttriallawyers.com\/es#organization"},"alternateName":"WCTL","potentialAction":[{"@type":"SearchAction","target":{"@type":"EntryPoint","urlTemplate":"https:\/\/westcoasttriallawyers.com\/es?s={search_term_string}"},"query-input":{"@type":"PropertyValueSpecification","valueRequired":true,"valueName":"search_term_string"}}],"inLanguage":"es"},{"@type":"Organization","@id":"https:\/\/westcoasttriallawyers.com\/es#organization","name":"West Coast Trial Lawyers","alternateName":"WCTL","url":"https:\/\/westcoasttriallawyers.com\/es","logo":{"@type":"ImageObject","inLanguage":"es","@id":"https:\/\/westcoasttriallawyers.com\/es#\/schema\/logo\/image\/","url":"https:\/\/westcoasttriallawyers.com\/wp-content\/uploads\/2026\/02\/WCTL-Logo.jpg","contentUrl":"https:\/\/westcoasttriallawyers.com\/wp-content\/uploads\/2026\/02\/WCTL-Logo.jpg","width":696,"height":696,"caption":"West Coast Trial Lawyers"},"image":{"@id":"https:\/\/westcoasttriallawyers.com\/es#\/schema\/logo\/image\/"},"sameAs":["https:\/\/www.facebook.com\/westcoasttriallawyers\/","https:\/\/x.com\/WestCoastTrial","https:\/\/www.linkedin.com\/company\/west-coast-trial-lawyers\/","https:\/\/www.instagram.com\/westcoasttriallawyers\/","https:\/\/www.yelp.com\/biz\/west-coast-trial-lawyers-los-angeles-2","https:\/\/www.pinterest.com\/westcoasttrial\/","https:\/\/www.youtube.com\/westcoasttriallawyersla\/","https:\/\/www.tiktok.com\/westcoasttriallawyers"],"description":"West Coast Trial Lawyers is a top-rated personal injury law firm with a goal to provide expert legal representation to those in need. The law firm has offices across California, Nevada, Arizona, and Washington.","legalName":"West Coast Trial Lawyers"}]}},"_links":{"self":[{"href":"https:\/\/westcoasttriallawyers.com\/es\/wp-json\/wp\/v2\/pages\/12763","targetHints":{"allow":["GET"]}}],"collection":[{"href":"https:\/\/westcoasttriallawyers.com\/es\/wp-json\/wp\/v2\/pages"}],"about":[{"href":"https:\/\/westcoasttriallawyers.com\/es\/wp-json\/wp\/v2\/types\/page"}],"author":[{"embeddable":true,"href":"https:\/\/westcoasttriallawyers.com\/es\/wp-json\/wp\/v2\/users\/475"}],"replies":[{"embeddable":true,"href":"https:\/\/westcoasttriallawyers.com\/es\/wp-json\/wp\/v2\/comments?post=12763"}],"version-history":[{"count":4,"href":"https:\/\/westcoasttriallawyers.com\/es\/wp-json\/wp\/v2\/pages\/12763\/revisions"}],"predecessor-version":[{"id":48101,"href":"https:\/\/westcoasttriallawyers.com\/es\/wp-json\/wp\/v2\/pages\/12763\/revisions\/48101"}],"up":[{"embeddable":true,"href":"https:\/\/westcoasttriallawyers.com\/es\/wp-json\/wp\/v2\/pages\/47337"}],"wp:featuredmedia":[{"embeddable":true,"href":"https:\/\/westcoasttriallawyers.com\/es\/wp-json\/wp\/v2\/media\/47193"}],"wp:attachment":[{"href":"https:\/\/westcoasttriallawyers.com\/es\/wp-json\/wp\/v2\/media?parent=12763"}],"curies":[{"name":"wp","href":"https:\/\/api.w.org\/{rel}","templated":true}]}}