{"id":12761,"date":"2026-01-30T03:17:53","date_gmt":"2026-01-30T03:17:53","guid":{"rendered":"https:\/\/wctl1stg.wpengine.com\/?page_id=12761"},"modified":"2023-03-13T14:18:31","modified_gmt":"2023-03-13T14:18:31","slug":"abogados-accidentes-camion-bakersfield","status":"publish","type":"page","link":"https:\/\/westcoasttriallawyers.com\/es\/abogados-accidentes-camion-bakersfield","title":{"rendered":"Abogado de Accidentes de Camiones de Bakersfield"},"content":{"rendered":"<h2><strong>\u00bfQu\u00e9 puede Causar un Accidente de Cami\u00f3n? \u00bfQui\u00e9n Puede ser Considerado Responsable de los Da\u00f1os?<\/strong><\/h2>\n<p><a href=\"https:\/\/www.chp.ca.gov\/home\"><strong>La Patrulla de Carreteras<\/strong><\/a> informa que el centro de California es testigo de 72 accidentes mortales de camiones y 976 accidentes relacionados con lesiones al a\u00f1o. La autopista 99 conecta\u00a0<strong>Bakersfield<\/strong> con el resto de California y, de hecho, fue declarada la carretera m\u00e1s letal de todo el pa\u00eds en 2016. Los camiones comerciales son una parte necesaria de nuestra econom\u00eda, pero los camiones grandes suelen ser mortales cuando no se mantienen las normas de seguridad o si los conductores de los camiones no conducen con seguridad.\u00a0<\/p>\n<p>Si ha sufrido lesiones despu\u00e9s de un accidente de cami\u00f3n causado por la negligencia de otra persona, puede tener derecho a presentar una demanda por lesiones personales contra la parte responsable de sus p\u00e9rdidas. Abogados de la Costa Oeste, nuestros\u00a0<strong>abogados de accidentes de camiones en Bakersfield<\/strong> tienen m\u00e1s de 60 a\u00f1os de experiencia legal colectiva en el manejo de casos de lesiones personales. Estamos seguros de que le daremos un buen resultado a su acuerdo.<\/p>\n<p>No dude en comunicarse con nuestro equipo legal las 24 horas del d\u00eda, los 7 d\u00edas de la semana llamando al\u00a0<strong>213-927-3700\u00a0<\/strong>o enviando un correo electr\u00f3nico\u00a0<a href=\"mailto:info@westcoasttriallawyers.com\"><strong>info@westcoasttriallawyers.com<\/strong><\/a> para programar una consulta gratuita con nuestro\u00a0<strong>bufete de abogados de lesiones personales de Bakersfield.<\/strong><\/p>\n<p><strong>Causas de un Accidente de Cami\u00f3n<\/strong><\/p>\n<p>Hay m\u00faltiples factores que pueden contribuir a la causa de un accidente de cami\u00f3n. Esto incluye lo siguiente:<\/p>\n<p><strong>Capacitaci\u00f3n inadecuada y mantenimiento deficiente de los camiones:<\/strong> los conductores de camiones comerciales deben cumplir con una cantidad m\u00ednima de capacitaci\u00f3n y otros\u00a0<a href=\"https:\/\/www.truckingtruth.com\/becoming-a-truck-driver.html\"><strong>requisitos de seguridad.<\/strong><\/a><strong>\u00a0<\/strong>antes de poder conducir un cami\u00f3n en la v\u00eda p\u00fablica. Sin embargo, muchas empresas de camiones comerciales y conductores de camiones no cumplen con las pautas de seguridad requeridas. Las empresas de camiones comerciales o los conductores de camiones que no cumplan con las pautas de seguridad pueden ser considerados responsables de un accidente.\u00a0\u00a0<\/p>\n<p>Las empresas de camiones tambi\u00e9n deben mantener sus camiones en buenas condiciones antes de que se les permita circular por la carretera. Sin embargo, las empresas de camiones comerciales se basan en gran medida en las ganancias y es posible que no siempre invierten el tiempo y el dinero necesarios para mantener sus camiones en las mejores condiciones.\u00a0<\/p>\n<p><strong>Uso de drogas y alcohol:\u00a0<\/strong>Desafortunadamente, es com\u00fan que los camioneros usen drogas y alcohol. Los camioneros a veces consumen drogas o alcohol para aliviar el estr\u00e9s o simplemente para seguir conduciendo durante muchas horas. Conducir bajo la influencia de un camionero es especialmente peligroso. Todos los conductores de camiones, debido al gran tama\u00f1o de los veh\u00edculos que conducen, tienen un deber adicional de cuidado mientras est\u00e1n detr\u00e1s del volante.<\/p>\n<p><strong>Exceso de velocidad:\u00a0<\/strong>las empresas de camiones comerciales a menudo presionan a sus conductores para que cumplan con plazos estrictos, a veces poco realistas. Hay muchos factores que pueden causar retrasos, como accidentes de tr\u00e1fico, mal tiempo y otras emergencias. Debido a la presi\u00f3n a la que est\u00e1n sometidos muchos camioneros, no es raro que aceleren para llegar a sus destinos m\u00e1s r\u00e1pidamente. El exceso de velocidad no es seguro y es un ejemplo cl\u00e1sico de comportamiento negligente que puede hacer que el conductor de un cami\u00f3n sea responsable.\u00a0<\/p>\n<p><strong>Fatiga:\u00a0<\/strong>muchos conductores de camiones est\u00e1n\u00a0<a href=\"http:\/\/www.alltrucking.com\/faq\/per-mile-trucking-salary\/\"><strong>muy fatigados despu\u00e9s de conducir muchas horas<\/strong><\/a>\u00a0en largos tramos de carretera. Muchos conductores suelen trabajar con poco o ning\u00fan descanso, lo que va en contra de las normas de seguridad. La falta de sue\u00f1o y el cansancio acumulado pueden provocar f\u00e1cilmente que el camionero se duerma al volante o se distraiga, lo que puede ocasionar un grave accidente de cami\u00f3n.\u00a0<\/p>\n<p><strong>Conducci\u00f3n distra\u00edda:\u00a0<\/strong>un conductor de cami\u00f3n que ha estado conduciendo durante demasiadas horas puede aburrirse o perder la concentraci\u00f3n. Un conductor de cami\u00f3n puede optar por navegar por Internet o revisar su mensaje de texto en lugar de mirar la carretera. Si bien aparentemente es inofensivo, incluso quitar la vista de la carretera durante unos segundos para responder a un mensaje de texto es suficiente para causar un accidente y puede hacer que el conductor del cami\u00f3n sea responsable de un accidente.\u00a0<\/p>\n<p><strong>Responsabilidad Despu\u00e9s de un Accidente de Cami\u00f3n en Bakersfield<\/strong><\/p>\n<p>Esta es la consideraci\u00f3n m\u00e1s importante despu\u00e9s de un accidente de cami\u00f3n. Determinar si la parte que caus\u00f3 sus lesiones fue responsable o no tambi\u00e9n determinar\u00e1 si tiene derecho a una compensaci\u00f3n por sus p\u00e9rdidas. Sin embargo, este proceso es una pesadilla log\u00edstica, porque los accidentes de camiones a menudo implican lesiones y p\u00e9rdidas m\u00e1s significativas que los accidentes automovil\u00edsticos normales. Los accidentes de camiones son m\u00e1s complejos desde un punto de vista legal, especialmente porque varias partes pueden ser consideradas responsables.\u00a0<\/p>\n<p>Dependiendo de las circunstancias, el conductor del cami\u00f3n, la empresa de camiones o incluso el fabricante del cami\u00f3n pueden ser considerados responsables de un accidente. Sin embargo, la negligencia debe haber jugado el papel principal en la causa de sus lesiones. Por ejemplo, si un conductor de cami\u00f3n conduc\u00eda bajo la influencia y caus\u00f3 un accidente, es casi seguro que ese conductor de cami\u00f3n ser\u00eda responsable. Si un conductor de cami\u00f3n mal capacitado caus\u00f3 su accidente, la compa\u00f1\u00eda que lo contrat\u00f3 probablemente ser\u00eda responsable de no capacitar adecuadamente a ese conductor. Finalmente, si la explosi\u00f3n de un neum\u00e1tico de cami\u00f3n le causara lesiones, el fabricante y\/o el distribuidor del neum\u00e1tico podr\u00edan ser responsables de sus p\u00e9rdidas.\u00a0<\/p>\n<p>Tenga en cuenta que tambi\u00e9n puede compartir un grado de responsabilidad por causar un accidente de cami\u00f3n, incluso si result\u00f3 lesionado. Si se le encuentra en parte responsable de causar un accidente de cami\u00f3n, es posible que a\u00fan pueda recuperar algunos da\u00f1os. California es un estado de negligencia comparativa. Esto significa que un conductor culpable puede tener derecho a presentar una demanda por da\u00f1os y perjuicios por lesiones personales, incluso si fue parcialmente culpable de causar un accidente de cami\u00f3n.<\/p>\n<p><strong>Da\u00f1os Despu\u00e9s de un Accidente de Cami\u00f3n en Bakersfield<\/strong><\/p>\n<p>Los da\u00f1os est\u00e1n destinados a compensar a un conductor lesionado por sus p\u00e9rdidas despu\u00e9s de un accidente de cami\u00f3n. En general, debe probar que result\u00f3 lesionado para tener derecho a una indemnizaci\u00f3n. Si no sufri\u00f3 ninguna lesi\u00f3n, normalmente no calificar\u00e1 para una compensaci\u00f3n.\u00a0<\/p>\n<p>Los da\u00f1os compensatorios se pueden dividir en cualquiera de las dos categor\u00edas siguientes, da\u00f1os econ\u00f3micos y da\u00f1os no econ\u00f3micos. Los da\u00f1os econ\u00f3micos incluyen compensaci\u00f3n por p\u00e9rdidas tangibles, como da\u00f1os a la propiedad, facturas m\u00e9dicas, salarios perdidos y tratamiento m\u00e9dico de por vida. Los da\u00f1os no econ\u00f3micos incluyen compensaci\u00f3n financiera por p\u00e9rdidas subjetivas, como dolor y sufrimiento, p\u00e9rdida del disfrute de la vida y desfiguraci\u00f3n f\u00edsica.\u00a0<\/p>\n<p><strong>Los Abogados Litigantes de la Costa Oeste Siempre est\u00e1n aqu\u00ed para Ayudar<\/strong><\/p>\n<p>Si result\u00f3 lesionado en un accidente de cami\u00f3n causado por la negligencia de alguien o un producto defectuoso, tiene derecho a responsabilizar a la parte culpable por sus p\u00e9rdidas. Un abogado de accidentes de camiones de Bakersfield en\u00a0<a href=\"\/\"><strong>Abogados de la Costa Oeste<\/strong><\/a> lo ayudar\u00e1 a recuperar una compensaci\u00f3n por las p\u00e9rdidas que ha sufrido.\u00a0<\/p>\n<p>Comun\u00edquese con nuestro equipo legal las 24 horas, los 7 d\u00edas de la semana llamando al\u00a0<strong>213-927-3700\u00a0<\/strong>o enviando un correo electr\u00f3nico\u00a0<a href=\"mailto:info@westcoasttriallawyers.com\">a\u00a0<strong>info@westcoasttriallawyers.com<\/strong><\/a><strong>\u00a0<\/strong>para programar una consulta gratuita en nuestro bufete de abogados de lesiones personales de Bakersfield.\u00a0<\/p>\n<p><!-- WCTL_DEBUG: no shortcode in this_content --><\/p>\n","protected":false},"excerpt":{"rendered":"<p>\u00bfQu\u00e9 puede Causar un Accidente de Cami\u00f3n? \u00bfQui\u00e9n Puede ser Considerado Responsable de los Da\u00f1os? La Patrulla de Carreteras informa que el centro de California es testigo de 72 accidentes mortales de camiones y 976 accidentes relacionados con lesiones al a\u00f1o. La autopista 99 conecta\u00a0Bakersfield con el resto de California y, de hecho, fue declarada [&hellip;]<\/p>\n","protected":false},"author":470,"featured_media":0,"parent":0,"menu_order":979,"comment_status":"closed","ping_status":"closed","template":"","meta":{"inline_featured_image":false,"footnotes":""},"class_list":["post-12761","page","type-page","status-publish","hentry"],"acf":[],"yoast_head":"<!-- This site is optimized with the Yoast SEO Premium plugin v26.0 (Yoast SEO v26.0) - https:\/\/yoast.com\/wordpress\/plugins\/seo\/ -->\n<title>Abogado de Accidentes de Camiones de Bakersfield | West Coast Trial Lawyers<\/title>\n<meta name=\"robots\" content=\"index, follow, max-snippet:-1, max-image-preview:large, max-video-preview:-1\" \/>\n<link rel=\"canonical\" href=\"https:\/\/westcoasttriallawyers.com\/es\/abogados-accidentes-camion-bakersfield\" \/>\n<meta property=\"og:locale\" content=\"es_ES\" \/>\n<meta property=\"og:type\" content=\"article\" \/>\n<meta property=\"og:title\" content=\"Abogado de Accidentes de Camiones de Bakersfield\" \/>\n<meta property=\"og:description\" content=\"\u00bfQu\u00e9 puede Causar un Accidente de Cami\u00f3n? \u00bfQui\u00e9n Puede ser Considerado Responsable de los Da\u00f1os? La Patrulla de Carreteras informa que el centro de California es testigo de 72 accidentes mortales de camiones y 976 accidentes relacionados con lesiones al a\u00f1o. La autopista 99 conecta\u00a0Bakersfield con el resto de California y, de hecho, fue declarada [&hellip;]\" \/>\n<meta property=\"og:url\" content=\"https:\/\/westcoasttriallawyers.com\/es\/abogados-accidentes-camion-bakersfield\" \/>\n<meta property=\"og:site_name\" content=\"West Coast Trial Lawyers\" \/>\n<meta property=\"article:publisher\" content=\"https:\/\/www.facebook.com\/westcoasttriallawyers\/\" \/>\n<meta property=\"og:image\" content=\"https:\/\/westcoasttriallawyers.com\/wp-content\/uploads\/2022\/08\/WCTL_square_logo.jpg\" \/>\n\t<meta property=\"og:image:width\" content=\"285\" \/>\n\t<meta property=\"og:image:height\" content=\"280\" \/>\n\t<meta property=\"og:image:type\" content=\"image\/jpeg\" \/>\n<meta name=\"twitter:card\" content=\"summary_large_image\" \/>\n<meta name=\"twitter:site\" content=\"@WestCoastTrial\" \/>\n<meta name=\"twitter:label1\" content=\"Tiempo de lectura\" \/>\n\t<meta name=\"twitter:data1\" content=\"7 minutos\" \/>\n<script type=\"application\/ld+json\" class=\"yoast-schema-graph\">{\"@context\":\"https:\/\/schema.org\",\"@graph\":[{\"@type\":[\"WebPage\",\"ItemPage\"],\"@id\":\"https:\/\/westcoasttriallawyers.com\/es\/abogados-accidentes-camion-bakersfield\",\"url\":\"https:\/\/westcoasttriallawyers.com\/es\/abogados-accidentes-camion-bakersfield\",\"name\":\"Abogado de Accidentes de Camiones de Bakersfield | West Coast Trial Lawyers\",\"isPartOf\":{\"@id\":\"https:\/\/westcoasttriallawyers.com\/es#website\"},\"datePublished\":\"2026-01-30T03:17:53+00:00\",\"breadcrumb\":{\"@id\":\"https:\/\/westcoasttriallawyers.com\/es\/abogados-accidentes-camion-bakersfield#breadcrumb\"},\"inLanguage\":\"es\",\"potentialAction\":[{\"@type\":\"ReadAction\",\"target\":[\"https:\/\/westcoasttriallawyers.com\/es\/abogados-accidentes-camion-bakersfield\"]}]},{\"@type\":\"BreadcrumbList\",\"@id\":\"https:\/\/westcoasttriallawyers.com\/es\/abogados-accidentes-camion-bakersfield#breadcrumb\",\"itemListElement\":[{\"@type\":\"ListItem\",\"position\":1,\"name\":\"Inicio\",\"item\":\"https:\/\/westcoasttriallawyers.com\/es\"},{\"@type\":\"ListItem\",\"position\":2,\"name\":\"Abogado de Accidentes de Camiones de Bakersfield\"}]},{\"@type\":\"WebSite\",\"@id\":\"https:\/\/westcoasttriallawyers.com\/es#website\",\"url\":\"https:\/\/westcoasttriallawyers.com\/es\",\"name\":\"West Coast Trial Lawyers\",\"description\":\"West Coast Trial Lawyers\",\"publisher\":{\"@id\":\"https:\/\/westcoasttriallawyers.com\/es#organization\"},\"alternateName\":\"WCTL\",\"potentialAction\":[{\"@type\":\"SearchAction\",\"target\":{\"@type\":\"EntryPoint\",\"urlTemplate\":\"https:\/\/westcoasttriallawyers.com\/es?s={search_term_string}\"},\"query-input\":{\"@type\":\"PropertyValueSpecification\",\"valueRequired\":true,\"valueName\":\"search_term_string\"}}],\"inLanguage\":\"es\"},{\"@type\":\"Organization\",\"@id\":\"https:\/\/westcoasttriallawyers.com\/es#organization\",\"name\":\"West Coast Trial Lawyers\",\"alternateName\":\"WCTL\",\"url\":\"https:\/\/westcoasttriallawyers.com\/es\",\"logo\":{\"@type\":\"ImageObject\",\"inLanguage\":\"es\",\"@id\":\"https:\/\/westcoasttriallawyers.com\/es#\/schema\/logo\/image\/\",\"url\":\"https:\/\/westcoasttriallawyers.com\/wp-content\/uploads\/2026\/02\/WCTL-Logo.jpg\",\"contentUrl\":\"https:\/\/westcoasttriallawyers.com\/wp-content\/uploads\/2026\/02\/WCTL-Logo.jpg\",\"width\":696,\"height\":696,\"caption\":\"West Coast Trial Lawyers\"},\"image\":{\"@id\":\"https:\/\/westcoasttriallawyers.com\/es#\/schema\/logo\/image\/\"},\"sameAs\":[\"https:\/\/www.facebook.com\/westcoasttriallawyers\/\",\"https:\/\/x.com\/WestCoastTrial\",\"https:\/\/www.linkedin.com\/company\/west-coast-trial-lawyers\/\",\"https:\/\/www.instagram.com\/westcoasttriallawyers\/\",\"https:\/\/www.yelp.com\/biz\/west-coast-trial-lawyers-los-angeles-2\",\"https:\/\/www.pinterest.com\/westcoasttrial\/\",\"https:\/\/www.youtube.com\/westcoasttriallawyersla\/\",\"https:\/\/www.tiktok.com\/westcoasttriallawyers\"],\"description\":\"West Coast Trial Lawyers is a top-rated personal injury law firm with a goal to provide expert legal representation to those in need. The law firm has offices across California, Nevada, Arizona, and Washington.\",\"legalName\":\"West Coast Trial Lawyers\"}]}<\/script>\n<!-- \/ Yoast SEO Premium plugin. -->","yoast_head_json":{"title":"Abogado de Accidentes de Camiones de Bakersfield | West Coast Trial Lawyers","robots":{"index":"index","follow":"follow","max-snippet":"max-snippet:-1","max-image-preview":"max-image-preview:large","max-video-preview":"max-video-preview:-1"},"canonical":"https:\/\/westcoasttriallawyers.com\/es\/abogados-accidentes-camion-bakersfield","og_locale":"es_ES","og_type":"article","og_title":"Abogado de Accidentes de Camiones de Bakersfield","og_description":"\u00bfQu\u00e9 puede Causar un Accidente de Cami\u00f3n? \u00bfQui\u00e9n Puede ser Considerado Responsable de los Da\u00f1os? La Patrulla de Carreteras informa que el centro de California es testigo de 72 accidentes mortales de camiones y 976 accidentes relacionados con lesiones al a\u00f1o. La autopista 99 conecta\u00a0Bakersfield con el resto de California y, de hecho, fue declarada [&hellip;]","og_url":"https:\/\/westcoasttriallawyers.com\/es\/abogados-accidentes-camion-bakersfield","og_site_name":"West Coast Trial Lawyers","article_publisher":"https:\/\/www.facebook.com\/westcoasttriallawyers\/","og_image":[{"width":285,"height":280,"url":"https:\/\/westcoasttriallawyers.com\/wp-content\/uploads\/2022\/08\/WCTL_square_logo.jpg","type":"image\/jpeg"}],"twitter_card":"summary_large_image","twitter_site":"@WestCoastTrial","twitter_misc":{"Tiempo de lectura":"7 minutos"},"schema":{"@context":"https:\/\/schema.org","@graph":[{"@type":["WebPage","ItemPage"],"@id":"https:\/\/westcoasttriallawyers.com\/es\/abogados-accidentes-camion-bakersfield","url":"https:\/\/westcoasttriallawyers.com\/es\/abogados-accidentes-camion-bakersfield","name":"Abogado de Accidentes de Camiones de Bakersfield | West Coast Trial Lawyers","isPartOf":{"@id":"https:\/\/westcoasttriallawyers.com\/es#website"},"datePublished":"2026-01-30T03:17:53+00:00","breadcrumb":{"@id":"https:\/\/westcoasttriallawyers.com\/es\/abogados-accidentes-camion-bakersfield#breadcrumb"},"inLanguage":"es","potentialAction":[{"@type":"ReadAction","target":["https:\/\/westcoasttriallawyers.com\/es\/abogados-accidentes-camion-bakersfield"]}]},{"@type":"BreadcrumbList","@id":"https:\/\/westcoasttriallawyers.com\/es\/abogados-accidentes-camion-bakersfield#breadcrumb","itemListElement":[{"@type":"ListItem","position":1,"name":"Inicio","item":"https:\/\/westcoasttriallawyers.com\/es"},{"@type":"ListItem","position":2,"name":"Abogado de Accidentes de Camiones de Bakersfield"}]},{"@type":"WebSite","@id":"https:\/\/westcoasttriallawyers.com\/es#website","url":"https:\/\/westcoasttriallawyers.com\/es","name":"West Coast Trial Lawyers","description":"West Coast Trial Lawyers","publisher":{"@id":"https:\/\/westcoasttriallawyers.com\/es#organization"},"alternateName":"WCTL","potentialAction":[{"@type":"SearchAction","target":{"@type":"EntryPoint","urlTemplate":"https:\/\/westcoasttriallawyers.com\/es?s={search_term_string}"},"query-input":{"@type":"PropertyValueSpecification","valueRequired":true,"valueName":"search_term_string"}}],"inLanguage":"es"},{"@type":"Organization","@id":"https:\/\/westcoasttriallawyers.com\/es#organization","name":"West Coast Trial Lawyers","alternateName":"WCTL","url":"https:\/\/westcoasttriallawyers.com\/es","logo":{"@type":"ImageObject","inLanguage":"es","@id":"https:\/\/westcoasttriallawyers.com\/es#\/schema\/logo\/image\/","url":"https:\/\/westcoasttriallawyers.com\/wp-content\/uploads\/2026\/02\/WCTL-Logo.jpg","contentUrl":"https:\/\/westcoasttriallawyers.com\/wp-content\/uploads\/2026\/02\/WCTL-Logo.jpg","width":696,"height":696,"caption":"West Coast Trial Lawyers"},"image":{"@id":"https:\/\/westcoasttriallawyers.com\/es#\/schema\/logo\/image\/"},"sameAs":["https:\/\/www.facebook.com\/westcoasttriallawyers\/","https:\/\/x.com\/WestCoastTrial","https:\/\/www.linkedin.com\/company\/west-coast-trial-lawyers\/","https:\/\/www.instagram.com\/westcoasttriallawyers\/","https:\/\/www.yelp.com\/biz\/west-coast-trial-lawyers-los-angeles-2","https:\/\/www.pinterest.com\/westcoasttrial\/","https:\/\/www.youtube.com\/westcoasttriallawyersla\/","https:\/\/www.tiktok.com\/westcoasttriallawyers"],"description":"West Coast Trial Lawyers is a top-rated personal injury law firm with a goal to provide expert legal representation to those in need. The law firm has offices across California, Nevada, Arizona, and Washington.","legalName":"West Coast Trial Lawyers"}]}},"_links":{"self":[{"href":"https:\/\/westcoasttriallawyers.com\/es\/wp-json\/wp\/v2\/pages\/12761","targetHints":{"allow":["GET"]}}],"collection":[{"href":"https:\/\/westcoasttriallawyers.com\/es\/wp-json\/wp\/v2\/pages"}],"about":[{"href":"https:\/\/westcoasttriallawyers.com\/es\/wp-json\/wp\/v2\/types\/page"}],"author":[{"embeddable":true,"href":"https:\/\/westcoasttriallawyers.com\/es\/wp-json\/wp\/v2\/users\/470"}],"replies":[{"embeddable":true,"href":"https:\/\/westcoasttriallawyers.com\/es\/wp-json\/wp\/v2\/comments?post=12761"}],"version-history":[{"count":0,"href":"https:\/\/westcoasttriallawyers.com\/es\/wp-json\/wp\/v2\/pages\/12761\/revisions"}],"wp:attachment":[{"href":"https:\/\/westcoasttriallawyers.com\/es\/wp-json\/wp\/v2\/media?parent=12761"}],"curies":[{"name":"wp","href":"https:\/\/api.w.org\/{rel}","templated":true}]}}