{"id":12759,"date":"2026-01-14T18:56:08","date_gmt":"2026-01-14T18:56:08","guid":{"rendered":"https:\/\/wctl1stg.wpengine.com\/?page_id=12759"},"modified":"2026-01-20T12:57:44","modified_gmt":"2026-01-20T12:57:44","slug":"abogado-de-accidentes-de-autobuses-en-bakersfield","status":"publish","type":"page","link":"https:\/\/westcoasttriallawyers.com\/es\/california\/bakersfield\/abogado-de-accidentes-de-autobuses-en-bakersfield","title":{"rendered":"Abogado de Accidentes de Autobuses en Bakersfield"},"content":{"rendered":"<h2><strong>C\u00f3mo se Manejan los Reclamos de Accidentes de Autobuses P\u00fablicos y Privados en Bakersfield<\/strong><\/h2>\n<p>Hay varios tipos de reclamos de accidentes de autob\u00fas y todos son notoriamente complejos. Los accidentes de autob\u00fas pueden ser causados \u200b\u200bpor una serie de circunstancias. Por ejemplo, las v\u00edctimas pueden sufrir lesiones por accidentes relacionados con el transporte p\u00fablico, ch\u00e1rter o autobuses escolares. Los accidentes tambi\u00e9n pueden ser causados \u200b\u200bpor paradas de autob\u00fas mal dise\u00f1adas. Independientemente del tipo espec\u00edfico de accidente, las v\u00edctimas de accidentes de autob\u00fas potencialmente tendr\u00e1n que tratar con las empresas operadoras de autobuses, los propietarios de autobuses, las compa\u00f1\u00edas de seguros y otras entidades en la industria de autobuses y vuelos ch\u00e1rter.<\/p>\n<p>Una consideraci\u00f3n importante a tener en cuenta si desea presentar una demanda por accidente de autob\u00fas es si el autob\u00fas era propiedad de una entidad p\u00fablica o privada. Los autobuses p\u00fablicos, por ejemplo, probablemente sean propiedad de una entidad gubernamental, lo que puede desencadenar<strong>\u00a0\u00ab<\/strong><a href=\"https:\/\/legal-dictionary.thefreedictionary.com\/Sovereign+Immunity\"><strong>inmunidad soberana<\/strong><\/a><strong>\u00ab.<\/strong> Esto significa que se espera que cumpla con ciertos requisitos para presentar un reclamo. Si est\u00e1 pensando en presentar un reclamo contra la parte culpable por causar sus lesiones o da\u00f1os, nuestros\u00a0<strong>abogados con experiencia en accidentes de autob\u00fas en Bakersfield<\/strong> est\u00e1n disponibles las 24 horas del d\u00eda, los 7 d\u00edas de la semana para brindarle asistencia legal.<\/p>\n<p>No dude en contactarnos llamando al\u00a0<strong>213-927-3700\u00a0<\/strong>o enviando un correo electr\u00f3nico a\u00a0<a href=\"mailto:info@westcoasttriallawyers.com\"><strong>info@westcoasttriallawyers.com<\/strong><\/a><strong>\u00a0<\/strong>para programar una consulta gratuita en nuestro\u00a0<strong>bufete de abogados de lesiones personales de Bakersfield.\u00a0<\/strong><\/p>\n<p><strong>Reclamaciones de Accidentes de Autob\u00fas de Bakersfield 101<\/strong><\/p>\n<p>Hay\u00a0<a href=\"https:\/\/moovitapp.com\/index\/en\/public_transit-lines-Bakersfield_Kern_County_CA-2755-851752\"><strong>16 l\u00edneas de autob\u00fas<\/strong><\/a> en funcionamiento en todo Bakersfield y el \u00e1rea metropolitana de Bakersfield. Todos los conductores de autobuses p\u00fablicos se conocen como transportistas comunes, lo que significa que tienen el deber legal de tener mucho cuidado porque transportan pasajeros. Un transportista com\u00fan es una empresa que se encarga de transportar personas o mercanc\u00edas con fines lucrativos. De acuerdo con\u00a0<a href=\"https:\/\/leginfo.legislature.ca.gov\/faces\/codes_displaySection.xhtml?sectionNum=2100.&amp;lawCode=CIV\"><strong>el C\u00f3digo Civil de California 2100<\/strong><\/a><strong>,\u00a0<\/strong>\u201cun transportista de personas por recompensa debe usar el mayor cuidado y diligencia para su transporte seguro, debe proporcionar todo lo necesario para ese fin y debe ejercer un grado razonable de habilidad para ese fin\u201d.<\/p>\n<p>Como se mencion\u00f3, los accidentes de autob\u00fas pueden ser causados \u200b\u200bpor varios factores. Las causas comunes incluyen la negligencia del conductor del autob\u00fas o de la compa\u00f1\u00eda de autobuses, e incluso las regulaciones del condado mal administradas tambi\u00e9n pueden causar un accidente grave. Sin embargo, cada vez que la negligencia de un individuo o grupo de individuos cause un accidente de autob\u00fas, por lo general ser\u00e1n responsables de las p\u00e9rdidas causadas.<\/p>\n<p>Un autob\u00fas p\u00fablico puede ser operado por una ciudad, condado, estado u otro tipo de autoridad regional. Una demanda por accidente de autob\u00fas p\u00fablico implica un reclamo contra una entidad gubernamental, lo que implica distintos requisitos legales y un estatuto de limitaci\u00f3n. Por ejemplo, si un conductor de autob\u00fas negligente caus\u00f3 su accidente, debe<a href=\"https:\/\/leginfo.legislature.ca.gov\/faces\/codes_displaySection.xhtml?lawCode=GOV&amp;sectionNum=945\"><strong> presentar un reclamo contra la entidad gubernamental<\/strong><\/a>\u00a0que opera esa l\u00ednea de autob\u00fas espec\u00edfica.<\/p>\n<p>Las demandas por lesiones personales en California generalmente tienen un estatuto de limitaciones de 2 a\u00f1os. Sin embargo, las reclamaciones contra el gobierno tienen diferentes plazos. Estos tipos de reclamos generalmente deben<a href=\"https:\/\/leginfo.legislature.ca.gov\/faces\/codes_displaySection.xhtml?lawCode=GOV&amp;sectionNum=911.2\"><strong> presentarse al gobierno dentro de los 6 meses.<\/strong><\/a>\u00a0desde la fecha en que ocurri\u00f3 el accidente por primera vez. Si no presenta un reclamo dentro de los 6 meses, es posible que no sea elegible para recibir da\u00f1os.<\/p>\n<p><strong>Responsabilidad y Accidentes de Autobuses Tur\u00edsticos<\/strong><\/p>\n<p>Analicemos un ejemplo com\u00fan de un reclamo de accidente de autob\u00fas privado. Cuando se trata de accidentes de autobuses tur\u00edsticos, la compa\u00f1\u00eda de autobuses tur\u00edsticos, el conductor del autob\u00fas tur\u00edstico, el fabricante del autob\u00fas tur\u00edstico e incluso otros conductores pueden ser responsables de las p\u00e9rdidas causadas. Al igual que con la mayor\u00eda de los reclamos por lesiones personales, la consideraci\u00f3n m\u00e1s importante es determinar qui\u00e9n fue negligente al causar el accidente.<\/p>\n<p>Las entidades que a menudo est\u00e1n involucradas en un reclamo por lesiones en un autob\u00fas tur\u00edstico son:<\/p>\n<ul>\n<li><strong>La empresa tur\u00edstica<\/strong> de autobuses tur\u00edsticos est\u00e1 legalmente obligada a hacer todo lo posible para contratar empresas de autobuses con buenos antecedentes de seguridad. Si una empresa de viajes contrata empresas de autobuses que son citadas con frecuencia por infracciones de seguridad, la empresa de viajes puede compartir un grado de responsabilidad por las lesiones o p\u00e9rdidas causadas.<\/li>\n<li><strong>La empresa de autobuses<\/strong>: Una empresa de autobuses posee una flota de autobuses. Tambi\u00e9n tienen el deber legal de operar autobuses razonablemente seguros. Adem\u00e1s, una empresa de autobuses debe contratar y capacitar a conductores con licencia que cumplan o excedan los requisitos b\u00e1sicos de seguridad.<\/li>\n<li><strong>El fabricante del autob\u00fas:<\/strong> un autob\u00fas defectuoso o mal mantenido puede causar lesiones graves en caso de mal funcionamiento.\u00a0<\/li>\n<\/ul>\n<p>A menudo es necesaria una investigaci\u00f3n de accidentes para determinar qui\u00e9n fue exactamente responsable de un accidente de autob\u00fas tur\u00edstico. Otros factores que pueden causar o contribuir a un accidente de autob\u00fas tur\u00edstico incluyen:<\/p>\n<ul>\n<li>Conductores de autobuses tur\u00edsticos que est\u00e1n fatigados y conducen durante m\u00e1s horas de lo que es seguro o legal<\/li>\n<li>Conductores de autobuses mal capacitados o mal evaluados Conductores de<\/li>\n<li>autobuses tur\u00edsticos que conducen bajo la influencia de drogas o alcohol<\/li>\n<li>Tour autobuses que transportan demasiados pasajeros o carga<\/li>\n<\/ul>\n<p><strong>Da\u00f1os Despu\u00e9s de un Accidente de Autob\u00fas en Bakersfield<\/strong><\/p>\n<p>Si result\u00f3 lesionado despu\u00e9s de un accidente relacionado con un autob\u00fas en la ciudad de Bakersfield, puede tener derecho a varias formas de compensaci\u00f3n econ\u00f3mica, seg\u00fan las circunstancias espec\u00edficas. Los da\u00f1os econ\u00f3micos, por ejemplo, generalmente se otorgan para cubrir los gastos de bolsillo que una v\u00edctima pagar\u00e1 o podr\u00eda tener que pagar a causa del accidente. Los da\u00f1os econ\u00f3micos podr\u00edan incluir compensaci\u00f3n por facturas m\u00e9dicas, salarios perdidos y posiblemente m\u00e1s.\u00a0<\/p>\n<p>Los da\u00f1os no econ\u00f3micos, por otro lado, incluyen la compensaci\u00f3n por p\u00e9rdidas que no necesariamente tienen un valor monetario tangible, como el dolor y el sufrimiento y la p\u00e9rdida de una extremidad.\u00a0<\/p>\n<p>En general, los da\u00f1os despu\u00e9s de un reclamo por accidente de autob\u00fas pueden incluir una combinaci\u00f3n de lo siguiente:\u00a0<\/p>\n<ul>\n<li>Angustia Emocional<\/li>\n<li>P\u00e9rdida Salarios\u00a0<\/li>\n<li>Perdida de Propiedad<\/li>\n<li>Facturas M\u00e9dicas\u00a0<\/li>\n<li>P\u00e9rdida de Consorcio<\/li>\n<li>Tratamiento de Emergencia<\/li>\n<li>Medicamentos y Suministros M\u00e9dicos<\/li>\n<li>Terapia Fisica<\/li>\n<li>P\u00e9rdida Futura\u00a0 de IIngresos<\/li>\n<li>P\u00e9rdida de disfrute de la vida<\/li>\n<li>Costos judiciales<\/li>\n<\/ul>\n<p><strong>Los Abogados de la Costa Oeste Siempre Est\u00e1n Aqu\u00ed para Ayudarlo<\/strong><\/p>\n<p>Si usted es v\u00edctima de un accidente de autob\u00fas y desea continuar acciones legales contra la parte culpable, nuestros abogados de accidentes de autob\u00fas en Bakersfield en\u00a0<a href=\"\/\"><strong>Abogados de la Costa Oeste<\/strong><\/a> lo ayudar\u00e1n a recuperar una compensaci\u00f3n por las p\u00e9rdidas que ha sufrido.\u00a0<\/p>\n<p>Comun\u00edquese con nosotros hoy llamando al\u00a0<strong>213-927-3700\u00a0<\/strong>o enviando un correo electr\u00f3nico\u00a0<a href=\"mailto:info@westcoasttriallawyers.com\">a\u00a0<strong>info@westcoasttriallawyers.com<\/strong><\/a><strong>\u00a0<\/strong>para programar una consulta gratuita con nuestro equipo legal experimentado, atento y compasivo.<\/p>\n<p><!-- WCTL_DEBUG: no shortcode in this_content --><\/p>\n","protected":false},"excerpt":{"rendered":"<p>C\u00f3mo se Manejan los Reclamos de Accidentes de Autobuses P\u00fablicos y Privados en Bakersfield Hay varios tipos de reclamos de accidentes de autob\u00fas y todos son notoriamente complejos. Los accidentes de autob\u00fas pueden ser causados \u200b\u200bpor una serie de circunstancias. Por ejemplo, las v\u00edctimas pueden sufrir lesiones por accidentes relacionados con el transporte p\u00fablico, ch\u00e1rter [&hellip;]<\/p>\n","protected":false},"author":475,"featured_media":47238,"parent":47337,"menu_order":0,"comment_status":"closed","ping_status":"closed","template":"","meta":{"inline_featured_image":false,"footnotes":""},"class_list":["post-12759","page","type-page","status-publish","has-post-thumbnail","hentry"],"acf":[],"yoast_head":"<!-- This site is optimized with the Yoast SEO Premium plugin v26.0 (Yoast SEO v26.0) - https:\/\/yoast.com\/wordpress\/plugins\/seo\/ -->\n<title>Abogado de Accidentes de Autobuses en Bakersfield | West Coast Trial Lawyers<\/title>\n<meta name=\"robots\" content=\"index, follow, max-snippet:-1, max-image-preview:large, max-video-preview:-1\" \/>\n<link rel=\"canonical\" href=\"https:\/\/westcoasttriallawyers.com\/es\/california\/bakersfield\/abogado-de-accidentes-de-autobuses-en-bakersfield\" \/>\n<meta property=\"og:locale\" content=\"es_ES\" \/>\n<meta property=\"og:type\" content=\"article\" \/>\n<meta property=\"og:title\" content=\"Abogado de Accidentes de Autobuses en Bakersfield\" \/>\n<meta property=\"og:description\" content=\"C\u00f3mo se Manejan los Reclamos de Accidentes de Autobuses P\u00fablicos y Privados en Bakersfield Hay varios tipos de reclamos de accidentes de autob\u00fas y todos son notoriamente complejos. Los accidentes de autob\u00fas pueden ser causados \u200b\u200bpor una serie de circunstancias. Por ejemplo, las v\u00edctimas pueden sufrir lesiones por accidentes relacionados con el transporte p\u00fablico, ch\u00e1rter [&hellip;]\" \/>\n<meta property=\"og:url\" content=\"https:\/\/westcoasttriallawyers.com\/es\/california\/bakersfield\/abogado-de-accidentes-de-autobuses-en-bakersfield\" \/>\n<meta property=\"og:site_name\" content=\"West Coast Trial Lawyers\" \/>\n<meta property=\"article:publisher\" content=\"https:\/\/www.facebook.com\/westcoasttriallawyers\/\" \/>\n<meta property=\"article:modified_time\" content=\"2026-01-20T12:57:44+00:00\" \/>\n<meta property=\"og:image\" content=\"https:\/\/westcoasttriallawyers.com\/wp-content\/uploads\/2025\/07\/Bakersfield-31.webp\" \/>\n\t<meta property=\"og:image:width\" content=\"557\" \/>\n\t<meta property=\"og:image:height\" content=\"327\" \/>\n\t<meta property=\"og:image:type\" content=\"image\/webp\" \/>\n<meta name=\"twitter:card\" content=\"summary_large_image\" \/>\n<meta name=\"twitter:site\" content=\"@WestCoastTrial\" \/>\n<meta name=\"twitter:label1\" content=\"Tiempo de lectura\" \/>\n\t<meta name=\"twitter:data1\" content=\"7 minutos\" \/>\n<script type=\"application\/ld+json\" class=\"yoast-schema-graph\">{\"@context\":\"https:\/\/schema.org\",\"@graph\":[{\"@type\":[\"WebPage\",\"ItemPage\"],\"@id\":\"https:\/\/westcoasttriallawyers.com\/es\/california\/bakersfield\/abogado-de-accidentes-de-autobuses-en-bakersfield\",\"url\":\"https:\/\/westcoasttriallawyers.com\/es\/california\/bakersfield\/abogado-de-accidentes-de-autobuses-en-bakersfield\",\"name\":\"Abogado de Accidentes de Autobuses en Bakersfield | West Coast Trial Lawyers\",\"isPartOf\":{\"@id\":\"https:\/\/westcoasttriallawyers.com\/es#website\"},\"primaryImageOfPage\":{\"@id\":\"https:\/\/westcoasttriallawyers.com\/es\/california\/bakersfield\/abogado-de-accidentes-de-autobuses-en-bakersfield#primaryimage\"},\"image\":{\"@id\":\"https:\/\/westcoasttriallawyers.com\/es\/california\/bakersfield\/abogado-de-accidentes-de-autobuses-en-bakersfield#primaryimage\"},\"thumbnailUrl\":\"https:\/\/westcoasttriallawyers.com\/wp-content\/uploads\/2025\/07\/Bakersfield-31.webp\",\"datePublished\":\"2026-01-14T18:56:08+00:00\",\"dateModified\":\"2026-01-20T12:57:44+00:00\",\"breadcrumb\":{\"@id\":\"https:\/\/westcoasttriallawyers.com\/es\/california\/bakersfield\/abogado-de-accidentes-de-autobuses-en-bakersfield#breadcrumb\"},\"inLanguage\":\"es\",\"potentialAction\":[{\"@type\":\"ReadAction\",\"target\":[\"https:\/\/westcoasttriallawyers.com\/es\/california\/bakersfield\/abogado-de-accidentes-de-autobuses-en-bakersfield\"]}]},{\"@type\":\"ImageObject\",\"inLanguage\":\"es\",\"@id\":\"https:\/\/westcoasttriallawyers.com\/es\/california\/bakersfield\/abogado-de-accidentes-de-autobuses-en-bakersfield#primaryimage\",\"url\":\"https:\/\/westcoasttriallawyers.com\/wp-content\/uploads\/2025\/07\/Bakersfield-31.webp\",\"contentUrl\":\"https:\/\/westcoasttriallawyers.com\/wp-content\/uploads\/2025\/07\/Bakersfield-31.webp\",\"width\":557,\"height\":327},{\"@type\":\"BreadcrumbList\",\"@id\":\"https:\/\/westcoasttriallawyers.com\/es\/california\/bakersfield\/abogado-de-accidentes-de-autobuses-en-bakersfield#breadcrumb\",\"itemListElement\":[{\"@type\":\"ListItem\",\"position\":1,\"name\":\"Inicio\",\"item\":\"https:\/\/westcoasttriallawyers.com\/es\"},{\"@type\":\"ListItem\",\"position\":2,\"name\":\"California\",\"item\":\"https:\/\/westcoasttriallawyers.com\/es\/california\"},{\"@type\":\"ListItem\",\"position\":3,\"name\":\"Bakersfield\",\"item\":\"https:\/\/westcoasttriallawyers.com\/es\/california\/bakersfield\"},{\"@type\":\"ListItem\",\"position\":4,\"name\":\"Abogado de Accidentes de Autobuses en Bakersfield\"}]},{\"@type\":\"WebSite\",\"@id\":\"https:\/\/westcoasttriallawyers.com\/es#website\",\"url\":\"https:\/\/westcoasttriallawyers.com\/es\",\"name\":\"West Coast Trial Lawyers\",\"description\":\"West Coast Trial Lawyers\",\"publisher\":{\"@id\":\"https:\/\/westcoasttriallawyers.com\/es#organization\"},\"alternateName\":\"WCTL\",\"potentialAction\":[{\"@type\":\"SearchAction\",\"target\":{\"@type\":\"EntryPoint\",\"urlTemplate\":\"https:\/\/westcoasttriallawyers.com\/es?s={search_term_string}\"},\"query-input\":{\"@type\":\"PropertyValueSpecification\",\"valueRequired\":true,\"valueName\":\"search_term_string\"}}],\"inLanguage\":\"es\"},{\"@type\":\"Organization\",\"@id\":\"https:\/\/westcoasttriallawyers.com\/es#organization\",\"name\":\"West Coast Trial Lawyers\",\"alternateName\":\"WCTL\",\"url\":\"https:\/\/westcoasttriallawyers.com\/es\",\"logo\":{\"@type\":\"ImageObject\",\"inLanguage\":\"es\",\"@id\":\"https:\/\/westcoasttriallawyers.com\/es#\/schema\/logo\/image\/\",\"url\":\"https:\/\/westcoasttriallawyers.com\/wp-content\/uploads\/2026\/02\/WCTL-Logo.jpg\",\"contentUrl\":\"https:\/\/westcoasttriallawyers.com\/wp-content\/uploads\/2026\/02\/WCTL-Logo.jpg\",\"width\":696,\"height\":696,\"caption\":\"West Coast Trial Lawyers\"},\"image\":{\"@id\":\"https:\/\/westcoasttriallawyers.com\/es#\/schema\/logo\/image\/\"},\"sameAs\":[\"https:\/\/www.facebook.com\/westcoasttriallawyers\/\",\"https:\/\/x.com\/WestCoastTrial\",\"https:\/\/www.linkedin.com\/company\/west-coast-trial-lawyers\/\",\"https:\/\/www.instagram.com\/westcoasttriallawyers\/\",\"https:\/\/www.yelp.com\/biz\/west-coast-trial-lawyers-los-angeles-2\",\"https:\/\/www.pinterest.com\/westcoasttrial\/\",\"https:\/\/www.youtube.com\/westcoasttriallawyersla\/\",\"https:\/\/www.tiktok.com\/westcoasttriallawyers\"],\"description\":\"West Coast Trial Lawyers is a top-rated personal injury law firm with a goal to provide expert legal representation to those in need. The law firm has offices across California, Nevada, Arizona, and Washington.\",\"legalName\":\"West Coast Trial Lawyers\"}]}<\/script>\n<!-- \/ Yoast SEO Premium plugin. -->","yoast_head_json":{"title":"Abogado de Accidentes de Autobuses en Bakersfield | West Coast Trial Lawyers","robots":{"index":"index","follow":"follow","max-snippet":"max-snippet:-1","max-image-preview":"max-image-preview:large","max-video-preview":"max-video-preview:-1"},"canonical":"https:\/\/westcoasttriallawyers.com\/es\/california\/bakersfield\/abogado-de-accidentes-de-autobuses-en-bakersfield","og_locale":"es_ES","og_type":"article","og_title":"Abogado de Accidentes de Autobuses en Bakersfield","og_description":"C\u00f3mo se Manejan los Reclamos de Accidentes de Autobuses P\u00fablicos y Privados en Bakersfield Hay varios tipos de reclamos de accidentes de autob\u00fas y todos son notoriamente complejos. Los accidentes de autob\u00fas pueden ser causados \u200b\u200bpor una serie de circunstancias. Por ejemplo, las v\u00edctimas pueden sufrir lesiones por accidentes relacionados con el transporte p\u00fablico, ch\u00e1rter [&hellip;]","og_url":"https:\/\/westcoasttriallawyers.com\/es\/california\/bakersfield\/abogado-de-accidentes-de-autobuses-en-bakersfield","og_site_name":"West Coast Trial Lawyers","article_publisher":"https:\/\/www.facebook.com\/westcoasttriallawyers\/","article_modified_time":"2026-01-20T12:57:44+00:00","og_image":[{"width":557,"height":327,"url":"https:\/\/westcoasttriallawyers.com\/wp-content\/uploads\/2025\/07\/Bakersfield-31.webp","type":"image\/webp"}],"twitter_card":"summary_large_image","twitter_site":"@WestCoastTrial","twitter_misc":{"Tiempo de lectura":"7 minutos"},"schema":{"@context":"https:\/\/schema.org","@graph":[{"@type":["WebPage","ItemPage"],"@id":"https:\/\/westcoasttriallawyers.com\/es\/california\/bakersfield\/abogado-de-accidentes-de-autobuses-en-bakersfield","url":"https:\/\/westcoasttriallawyers.com\/es\/california\/bakersfield\/abogado-de-accidentes-de-autobuses-en-bakersfield","name":"Abogado de Accidentes de Autobuses en Bakersfield | West Coast Trial Lawyers","isPartOf":{"@id":"https:\/\/westcoasttriallawyers.com\/es#website"},"primaryImageOfPage":{"@id":"https:\/\/westcoasttriallawyers.com\/es\/california\/bakersfield\/abogado-de-accidentes-de-autobuses-en-bakersfield#primaryimage"},"image":{"@id":"https:\/\/westcoasttriallawyers.com\/es\/california\/bakersfield\/abogado-de-accidentes-de-autobuses-en-bakersfield#primaryimage"},"thumbnailUrl":"https:\/\/westcoasttriallawyers.com\/wp-content\/uploads\/2025\/07\/Bakersfield-31.webp","datePublished":"2026-01-14T18:56:08+00:00","dateModified":"2026-01-20T12:57:44+00:00","breadcrumb":{"@id":"https:\/\/westcoasttriallawyers.com\/es\/california\/bakersfield\/abogado-de-accidentes-de-autobuses-en-bakersfield#breadcrumb"},"inLanguage":"es","potentialAction":[{"@type":"ReadAction","target":["https:\/\/westcoasttriallawyers.com\/es\/california\/bakersfield\/abogado-de-accidentes-de-autobuses-en-bakersfield"]}]},{"@type":"ImageObject","inLanguage":"es","@id":"https:\/\/westcoasttriallawyers.com\/es\/california\/bakersfield\/abogado-de-accidentes-de-autobuses-en-bakersfield#primaryimage","url":"https:\/\/westcoasttriallawyers.com\/wp-content\/uploads\/2025\/07\/Bakersfield-31.webp","contentUrl":"https:\/\/westcoasttriallawyers.com\/wp-content\/uploads\/2025\/07\/Bakersfield-31.webp","width":557,"height":327},{"@type":"BreadcrumbList","@id":"https:\/\/westcoasttriallawyers.com\/es\/california\/bakersfield\/abogado-de-accidentes-de-autobuses-en-bakersfield#breadcrumb","itemListElement":[{"@type":"ListItem","position":1,"name":"Inicio","item":"https:\/\/westcoasttriallawyers.com\/es"},{"@type":"ListItem","position":2,"name":"California","item":"https:\/\/westcoasttriallawyers.com\/es\/california"},{"@type":"ListItem","position":3,"name":"Bakersfield","item":"https:\/\/westcoasttriallawyers.com\/es\/california\/bakersfield"},{"@type":"ListItem","position":4,"name":"Abogado de Accidentes de Autobuses en Bakersfield"}]},{"@type":"WebSite","@id":"https:\/\/westcoasttriallawyers.com\/es#website","url":"https:\/\/westcoasttriallawyers.com\/es","name":"West Coast Trial Lawyers","description":"West Coast Trial Lawyers","publisher":{"@id":"https:\/\/westcoasttriallawyers.com\/es#organization"},"alternateName":"WCTL","potentialAction":[{"@type":"SearchAction","target":{"@type":"EntryPoint","urlTemplate":"https:\/\/westcoasttriallawyers.com\/es?s={search_term_string}"},"query-input":{"@type":"PropertyValueSpecification","valueRequired":true,"valueName":"search_term_string"}}],"inLanguage":"es"},{"@type":"Organization","@id":"https:\/\/westcoasttriallawyers.com\/es#organization","name":"West Coast Trial Lawyers","alternateName":"WCTL","url":"https:\/\/westcoasttriallawyers.com\/es","logo":{"@type":"ImageObject","inLanguage":"es","@id":"https:\/\/westcoasttriallawyers.com\/es#\/schema\/logo\/image\/","url":"https:\/\/westcoasttriallawyers.com\/wp-content\/uploads\/2026\/02\/WCTL-Logo.jpg","contentUrl":"https:\/\/westcoasttriallawyers.com\/wp-content\/uploads\/2026\/02\/WCTL-Logo.jpg","width":696,"height":696,"caption":"West Coast Trial Lawyers"},"image":{"@id":"https:\/\/westcoasttriallawyers.com\/es#\/schema\/logo\/image\/"},"sameAs":["https:\/\/www.facebook.com\/westcoasttriallawyers\/","https:\/\/x.com\/WestCoastTrial","https:\/\/www.linkedin.com\/company\/west-coast-trial-lawyers\/","https:\/\/www.instagram.com\/westcoasttriallawyers\/","https:\/\/www.yelp.com\/biz\/west-coast-trial-lawyers-los-angeles-2","https:\/\/www.pinterest.com\/westcoasttrial\/","https:\/\/www.youtube.com\/westcoasttriallawyersla\/","https:\/\/www.tiktok.com\/westcoasttriallawyers"],"description":"West Coast Trial Lawyers is a top-rated personal injury law firm with a goal to provide expert legal representation to those in need. The law firm has offices across California, Nevada, Arizona, and Washington.","legalName":"West Coast Trial Lawyers"}]}},"_links":{"self":[{"href":"https:\/\/westcoasttriallawyers.com\/es\/wp-json\/wp\/v2\/pages\/12759","targetHints":{"allow":["GET"]}}],"collection":[{"href":"https:\/\/westcoasttriallawyers.com\/es\/wp-json\/wp\/v2\/pages"}],"about":[{"href":"https:\/\/westcoasttriallawyers.com\/es\/wp-json\/wp\/v2\/types\/page"}],"author":[{"embeddable":true,"href":"https:\/\/westcoasttriallawyers.com\/es\/wp-json\/wp\/v2\/users\/475"}],"replies":[{"embeddable":true,"href":"https:\/\/westcoasttriallawyers.com\/es\/wp-json\/wp\/v2\/comments?post=12759"}],"version-history":[{"count":3,"href":"https:\/\/westcoasttriallawyers.com\/es\/wp-json\/wp\/v2\/pages\/12759\/revisions"}],"predecessor-version":[{"id":47504,"href":"https:\/\/westcoasttriallawyers.com\/es\/wp-json\/wp\/v2\/pages\/12759\/revisions\/47504"}],"up":[{"embeddable":true,"href":"https:\/\/westcoasttriallawyers.com\/es\/wp-json\/wp\/v2\/pages\/47337"}],"wp:featuredmedia":[{"embeddable":true,"href":"https:\/\/westcoasttriallawyers.com\/es\/wp-json\/wp\/v2\/media\/47238"}],"wp:attachment":[{"href":"https:\/\/westcoasttriallawyers.com\/es\/wp-json\/wp\/v2\/media?parent=12759"}],"curies":[{"name":"wp","href":"https:\/\/api.w.org\/{rel}","templated":true}]}}