{"id":12758,"date":"2026-01-14T18:56:09","date_gmt":"2026-01-14T18:56:09","guid":{"rendered":"https:\/\/wctl1stg.wpengine.com\/?page_id=12758"},"modified":"2026-01-20T15:27:15","modified_gmt":"2026-01-20T15:27:15","slug":"abogado-de-muerte-injusta-de-bakersfield","status":"publish","type":"page","link":"https:\/\/westcoasttriallawyers.com\/es\/california\/bakersfield\/abogado-de-muerte-injusta-de-bakersfield","title":{"rendered":"Abogado de Muerte Injusta de Bakersfield"},"content":{"rendered":"<h2><strong>C\u00f3mo Probar un Caso de Muerte Injusta para Obtener la Compensaci\u00f3n que Merece por los Da\u00f1os\u00a0<\/strong><\/h2>\n<p>Muchos tipos de situaciones pueden conducir a la muerte injusta de un ser querido. Sin embargo, la muerte injusta casi siempre es causada por la acci\u00f3n o la inacci\u00f3n de un individuo que ten\u00eda el deber legal de actuar con cuidado. Debido a la naturaleza tr\u00e1gica que es com\u00fan a todas las situaciones de muerte injusta, existen leyes para garantizar que los familiares sobrevivientes del difunto puedan buscar justicia y compensaci\u00f3n.<\/p>\n<p>La ley de California establece que ciertas personas, como c\u00f3nyuges sobrevivientes\/parejas de hecho v\u00e1lidas e hijos, pueden presentar una demanda por muerte injusta si su ser querido muri\u00f3 debido a la negligencia de otra persona, grupo u otro tipo de entidad. Las demandas por muerte injusta en Bakersfield se rigen por el<a href=\"https:\/\/law.justia.com\/codes\/california\/2005\/ccp.html\"><strong> C\u00f3digo de Procedimiento Civil<\/strong><\/a>. Este estatuto otorga a los sobrevivientes de una persona asesinada por negligencia el derecho a demandar para recuperar los da\u00f1os despu\u00e9s de una muerte causada por negligencia.<\/p>\n<p>Si ha perdido a un ser querido por muerte injusta, le enviamos nuestro m\u00e1s sentido p\u00e9same. En Abogados de la Costa Oeste, nuestros\u00a0<strong>abogados de homicidio culposo de Bakersfield<\/strong> est\u00e1n disponibles las 24 horas del d\u00eda, los 7 d\u00edas de la semana para ayudar con su caso. Nos aseguraremos de que obtenga la justicia y la compensaci\u00f3n que merece por sus p\u00e9rdidas.<\/p>\n<p>No dude en comunicarse con nuestro equipo legal las 24 horas del d\u00eda, los 7 d\u00edas de la semana llamando al\u00a0<strong>213-927-3700\u00a0<\/strong>o enviando un correo electr\u00f3nico<strong>\u00a0<\/strong><a href=\"mailto:info@westcoasttriallawyers.com\"><strong>info@westcoasttriallawyers.com<\/strong><\/a><strong>\u00a0<\/strong>para programar una consulta gratuita en nuestro\u00a0<strong>bufete de abogados de lesiones personales de Bakersfield.<\/strong><\/p>\n<p><strong>Ejemplos de Actos de Muerte Injusta<\/strong><\/p>\n<p>Algunos ejemplos comunes de actos\/muertes injustas incluyen:<\/p>\n<ul>\n<li>Accidentes automovil\u00edsticos, incluyendo DUI<\/li>\n<li>Asesinato\/homicidio involuntario<\/li>\n<li>ancianos Abuso y negligencia<\/li>\n<li>infantil<\/li>\n<li>Resbalones y ca\u00eddas<\/li>\n<li>Ahogamiento<\/li>\n<li>Negligencia policial<\/li>\n<li>Agresi\u00f3n y agresi\u00f3n<\/li>\n<li>Negligencia m\u00e9dica<\/li>\n<\/ul>\n<p><strong>\u00bfC\u00f3mo puedo Probar un Reclamo por Muerte Injusta?<\/strong><\/p>\n<p><strong>La muerte debe haber ocurrido\u00a0 <\/strong>Probar la muerte no es dif\u00edcil en la mayor\u00eda de las circunstancias. Sin embargo, vale la pena mencionar que hay casos raros en los que puede convertirse en un desaf\u00edo, especialmente cuando no est\u00e1 claro si el individuo realmente muri\u00f3. Por ejemplo, \u00bfqu\u00e9 pasa si un avi\u00f3n que transportaba a un ser querido desaparece? A menos que se recuperen las piezas del avi\u00f3n, o hasta que se encuentre un cuerpo, puede volverse imposible determinar si realmente ocurri\u00f3 una muerte.<\/p>\n<p><strong>La muerte debe haber sido causada por un acto il\u00edcito\u00a0<\/strong><\/p>\n<p>Debe probarse que un acto intencional imprudente o negligente fue la causa de la muerte de un ser querido. Tambi\u00e9n es necesario demostrar que exist\u00eda un deber de cuidado cuando ocurri\u00f3 la muerte, que se incumpli\u00f3 un deber de cuidado y que la muerte fue causada por este incumplimiento. A continuaci\u00f3n se muestra una explicaci\u00f3n m\u00e1s detallada de lo que significan estos t\u00e9rminos.<\/p>\n<ul>\n<li><strong>Deber de cuidado<\/strong>: cuando una persona le debe a alguien un deber de cuidado, significa que no debe hacer nada para da\u00f1arlo. Por ejemplo, un conductor debe detenerse por completo una vez que el sem\u00e1foro se pone en rojo.<\/li>\n<li><strong>Incumplimiento del deber<\/strong>: Tambi\u00e9n debe probarse que se incumpli\u00f3 un deber de cuidado. Por ejemplo, el conductor not\u00f3 la luz roja, sin embargo, prefiri\u00f3 acelerar en lugar de detenerse por completo. Mientras el conductor pasaba a toda velocidad, chocaron contra otro veh\u00edculo que conduc\u00eda bajo una luz verde.<\/li>\n<li><strong>Causalidad<\/strong>: Por \u00faltimo, tambi\u00e9n debe probarse que el incumplimiento fue la causa directa de la muerte. Siguiendo los ejemplos anteriores, el conductor fue en contra de las reglas de tr\u00e1nsito de California e infligi\u00f3 da\u00f1os severos al otro conductor inocente, lo que finalmente lo llev\u00f3 a la muerte.<\/li>\n<\/ul>\n<p><strong>Una Descripci\u00f3n General de los Da\u00f1os en un Reclamo por Muerte Injusta<\/strong><\/p>\n<p>\u00bfC\u00f3mo<a href=\"https:\/\/www.justia.com\/trials-litigation\/docs\/caci\/3900\/3921\/\"><strong> determina un tribunal cu\u00e1nto debe compensarse a los familiares sobrevivientes<\/strong><\/a><strong>?<\/strong>\u00a0El per\u00edodo de tiempo durante el cual los da\u00f1os son recuperables suele ser el menor de los siguientes:<\/p>\n<ul>\n<li>La expectativa de vida del difunto cuando ocurri\u00f3 el acto il\u00edcito<\/li>\n<li>La expectativa de vida del demandante cuando ocurri\u00f3 el acto il\u00edcito<\/li>\n<\/ul>\n<p>Se tomar\u00e1n en cuenta factores como el estilo de vida, la salud y la ocupaci\u00f3n laboral en consideraci\u00f3n por el tribunal para determinar el monto de los da\u00f1os econ\u00f3micos y no econ\u00f3micos que se le pueden otorgar al demandante.<\/p>\n<p><strong>Los da\u00f1os econ\u00f3micos<\/strong> est\u00e1n destinados a compensar a la v\u00edctima de un accidente por las p\u00e9rdidas a las que objetivamente se puede adjuntar una cantidad en d\u00f3lares. El monto total de la compensaci\u00f3n se calcula determinando el monto de las p\u00e9rdidas de bolsillo que un motociclista lesionado tiene o esperar\u00e1 incurrir como resultado de sus lesiones. Algunos ejemplos de p\u00e9rdidas econ\u00f3micas incluyen p\u00e9rdida de capacidad de ingresos, facturas m\u00e9dicas, p\u00e9rdida de capacidad de ingresos y gastos de funeral y entierro.<\/p>\n<p><strong>Los da\u00f1os no econ\u00f3micos<\/strong>, por otro lado, est\u00e1n destinados a compensar a una v\u00edctima de lesiones por p\u00e9rdidas que se consideran subjetivas. Por ejemplo, los da\u00f1os no econ\u00f3micos pueden incluir compensaci\u00f3n por angustia emocional, p\u00e9rdida de consorcio y dolor y sufrimiento.<\/p>\n<p><strong>Estatuto de Limitaci\u00f3n<\/strong><\/p>\n<p>Hay l\u00edmites de tiempo estrictos para presentar una demanda por muerte injusta. Hay diferentes l\u00edmites de tiempo dependiendo de las circunstancias. En la mayor\u00eda de los casos, el plazo de prescripci\u00f3n es de 2 a\u00f1os a partir de la fecha del fallecimiento. Si la causa de la muerte no fue evidente, el per\u00edodo de prescripci\u00f3n comienza a partir de la fecha en que se descubri\u00f3 por primera vez la causa de la muerte.<\/p>\n<ul>\n<li><strong>Muerte Causada por Entidades P\u00fablicas<\/strong>: El plazo de prescripci\u00f3n aqu\u00ed es menor. Solo tiene 6 meses a partir de la fecha de la muerte para presentar un aviso de su reclamo por muerte injusta. Una vez que la entidad p\u00fablica rechace tu reclamo, solo tienes 6 meses a partir de la fecha del rechazo para presentar una demanda.<\/li>\n<\/ul>\n<p><strong>Los Abogados de la Costa Oeste Siempre est\u00e1n aqu\u00ed para Ayudarlo<\/strong><\/p>\n<p>Si ha perdido a un ser querido como resultado de la negligencia de alguien o actos deliberados de malicia, tiene derecho a responsabilizar a la parte culpable por sus p\u00e9rdidas. Un abogado de muerte injusta de Bakersfield en<strong>\u00a0<\/strong><a href=\"\/\"><strong>Abogados de la Costa Oeste<\/strong><\/a> lo ayudar\u00e1 a recuperar una compensaci\u00f3n por las p\u00e9rdidas que ha sufrido.<\/p>\n<p>Cont\u00e1ctenos hoy llamando al\u00a0<strong>213-927-3700\u00a0<\/strong>o enviando un correo electr\u00f3nico\u00a0<a href=\"mailto:info@westcoasttriallawyers.com\"><strong>a info@westcoasttriallawyers.com<\/strong><\/a><strong>\u00a0<\/strong>para programar una consulta gratuita con nuestro equipo legal experimentado, atento y compasivo.<br \/>\n<!-- WCTL_DEBUG: no shortcode in this_content --><\/p>\n","protected":false},"excerpt":{"rendered":"<p>C\u00f3mo Probar un Caso de Muerte Injusta para Obtener la Compensaci\u00f3n que Merece por los Da\u00f1os\u00a0 Muchos tipos de situaciones pueden conducir a la muerte injusta de un ser querido. Sin embargo, la muerte injusta casi siempre es causada por la acci\u00f3n o la inacci\u00f3n de un individuo que ten\u00eda el deber legal de actuar [&hellip;]<\/p>\n","protected":false},"author":475,"featured_media":47243,"parent":47337,"menu_order":0,"comment_status":"closed","ping_status":"closed","template":"","meta":{"inline_featured_image":false,"footnotes":""},"class_list":["post-12758","page","type-page","status-publish","has-post-thumbnail","hentry"],"acf":[],"yoast_head":"<!-- This site is optimized with the Yoast SEO Premium plugin v26.0 (Yoast SEO v26.0) - https:\/\/yoast.com\/wordpress\/plugins\/seo\/ -->\n<title>Abogado de Muerte Injusta de Bakersfield | West Coast Trial Lawyers<\/title>\n<meta name=\"robots\" content=\"index, follow, max-snippet:-1, max-image-preview:large, max-video-preview:-1\" \/>\n<link rel=\"canonical\" href=\"https:\/\/westcoasttriallawyers.com\/es\/california\/bakersfield\/abogado-de-muerte-injusta-de-bakersfield\" \/>\n<meta property=\"og:locale\" content=\"es_ES\" \/>\n<meta property=\"og:type\" content=\"article\" \/>\n<meta property=\"og:title\" content=\"Abogado de Muerte Injusta de Bakersfield\" \/>\n<meta property=\"og:description\" content=\"C\u00f3mo Probar un Caso de Muerte Injusta para Obtener la Compensaci\u00f3n que Merece por los Da\u00f1os\u00a0 Muchos tipos de situaciones pueden conducir a la muerte injusta de un ser querido. Sin embargo, la muerte injusta casi siempre es causada por la acci\u00f3n o la inacci\u00f3n de un individuo que ten\u00eda el deber legal de actuar [&hellip;]\" \/>\n<meta property=\"og:url\" content=\"https:\/\/westcoasttriallawyers.com\/es\/california\/bakersfield\/abogado-de-muerte-injusta-de-bakersfield\" \/>\n<meta property=\"og:site_name\" content=\"West Coast Trial Lawyers\" \/>\n<meta property=\"article:publisher\" content=\"https:\/\/www.facebook.com\/westcoasttriallawyers\/\" \/>\n<meta property=\"article:modified_time\" content=\"2026-01-20T15:27:15+00:00\" \/>\n<meta property=\"og:image\" content=\"https:\/\/westcoasttriallawyers.com\/wp-content\/uploads\/2025\/07\/Bakersfield-33.webp\" \/>\n\t<meta property=\"og:image:width\" content=\"557\" \/>\n\t<meta property=\"og:image:height\" content=\"327\" \/>\n\t<meta property=\"og:image:type\" content=\"image\/webp\" \/>\n<meta name=\"twitter:card\" content=\"summary_large_image\" \/>\n<meta name=\"twitter:site\" content=\"@WestCoastTrial\" \/>\n<meta name=\"twitter:label1\" content=\"Tiempo de lectura\" \/>\n\t<meta name=\"twitter:data1\" content=\"7 minutos\" \/>\n<script type=\"application\/ld+json\" class=\"yoast-schema-graph\">{\"@context\":\"https:\/\/schema.org\",\"@graph\":[{\"@type\":[\"WebPage\",\"ItemPage\"],\"@id\":\"https:\/\/westcoasttriallawyers.com\/es\/california\/bakersfield\/abogado-de-muerte-injusta-de-bakersfield\",\"url\":\"https:\/\/westcoasttriallawyers.com\/es\/california\/bakersfield\/abogado-de-muerte-injusta-de-bakersfield\",\"name\":\"Abogado de Muerte Injusta de Bakersfield | West Coast Trial Lawyers\",\"isPartOf\":{\"@id\":\"https:\/\/westcoasttriallawyers.com\/es#website\"},\"primaryImageOfPage\":{\"@id\":\"https:\/\/westcoasttriallawyers.com\/es\/california\/bakersfield\/abogado-de-muerte-injusta-de-bakersfield#primaryimage\"},\"image\":{\"@id\":\"https:\/\/westcoasttriallawyers.com\/es\/california\/bakersfield\/abogado-de-muerte-injusta-de-bakersfield#primaryimage\"},\"thumbnailUrl\":\"https:\/\/westcoasttriallawyers.com\/wp-content\/uploads\/2025\/07\/Bakersfield-33.webp\",\"datePublished\":\"2026-01-14T18:56:09+00:00\",\"dateModified\":\"2026-01-20T15:27:15+00:00\",\"breadcrumb\":{\"@id\":\"https:\/\/westcoasttriallawyers.com\/es\/california\/bakersfield\/abogado-de-muerte-injusta-de-bakersfield#breadcrumb\"},\"inLanguage\":\"es\",\"potentialAction\":[{\"@type\":\"ReadAction\",\"target\":[\"https:\/\/westcoasttriallawyers.com\/es\/california\/bakersfield\/abogado-de-muerte-injusta-de-bakersfield\"]}]},{\"@type\":\"ImageObject\",\"inLanguage\":\"es\",\"@id\":\"https:\/\/westcoasttriallawyers.com\/es\/california\/bakersfield\/abogado-de-muerte-injusta-de-bakersfield#primaryimage\",\"url\":\"https:\/\/westcoasttriallawyers.com\/wp-content\/uploads\/2025\/07\/Bakersfield-33.webp\",\"contentUrl\":\"https:\/\/westcoasttriallawyers.com\/wp-content\/uploads\/2025\/07\/Bakersfield-33.webp\",\"width\":557,\"height\":327},{\"@type\":\"BreadcrumbList\",\"@id\":\"https:\/\/westcoasttriallawyers.com\/es\/california\/bakersfield\/abogado-de-muerte-injusta-de-bakersfield#breadcrumb\",\"itemListElement\":[{\"@type\":\"ListItem\",\"position\":1,\"name\":\"Inicio\",\"item\":\"https:\/\/westcoasttriallawyers.com\/es\"},{\"@type\":\"ListItem\",\"position\":2,\"name\":\"California\",\"item\":\"https:\/\/westcoasttriallawyers.com\/es\/california\"},{\"@type\":\"ListItem\",\"position\":3,\"name\":\"Bakersfield\",\"item\":\"https:\/\/westcoasttriallawyers.com\/es\/california\/bakersfield\"},{\"@type\":\"ListItem\",\"position\":4,\"name\":\"Abogado de Muerte Injusta de Bakersfield\"}]},{\"@type\":\"WebSite\",\"@id\":\"https:\/\/westcoasttriallawyers.com\/es#website\",\"url\":\"https:\/\/westcoasttriallawyers.com\/es\",\"name\":\"West Coast Trial Lawyers\",\"description\":\"West Coast Trial Lawyers\",\"publisher\":{\"@id\":\"https:\/\/westcoasttriallawyers.com\/es#organization\"},\"alternateName\":\"WCTL\",\"potentialAction\":[{\"@type\":\"SearchAction\",\"target\":{\"@type\":\"EntryPoint\",\"urlTemplate\":\"https:\/\/westcoasttriallawyers.com\/es?s={search_term_string}\"},\"query-input\":{\"@type\":\"PropertyValueSpecification\",\"valueRequired\":true,\"valueName\":\"search_term_string\"}}],\"inLanguage\":\"es\"},{\"@type\":\"Organization\",\"@id\":\"https:\/\/westcoasttriallawyers.com\/es#organization\",\"name\":\"West Coast Trial Lawyers\",\"alternateName\":\"WCTL\",\"url\":\"https:\/\/westcoasttriallawyers.com\/es\",\"logo\":{\"@type\":\"ImageObject\",\"inLanguage\":\"es\",\"@id\":\"https:\/\/westcoasttriallawyers.com\/es#\/schema\/logo\/image\/\",\"url\":\"https:\/\/westcoasttriallawyers.com\/wp-content\/uploads\/2026\/02\/WCTL-Logo.jpg\",\"contentUrl\":\"https:\/\/westcoasttriallawyers.com\/wp-content\/uploads\/2026\/02\/WCTL-Logo.jpg\",\"width\":696,\"height\":696,\"caption\":\"West Coast Trial Lawyers\"},\"image\":{\"@id\":\"https:\/\/westcoasttriallawyers.com\/es#\/schema\/logo\/image\/\"},\"sameAs\":[\"https:\/\/www.facebook.com\/westcoasttriallawyers\/\",\"https:\/\/x.com\/WestCoastTrial\",\"https:\/\/www.linkedin.com\/company\/west-coast-trial-lawyers\/\",\"https:\/\/www.instagram.com\/westcoasttriallawyers\/\",\"https:\/\/www.yelp.com\/biz\/west-coast-trial-lawyers-los-angeles-2\",\"https:\/\/www.pinterest.com\/westcoasttrial\/\",\"https:\/\/www.youtube.com\/westcoasttriallawyersla\/\",\"https:\/\/www.tiktok.com\/westcoasttriallawyers\"],\"description\":\"West Coast Trial Lawyers is a top-rated personal injury law firm with a goal to provide expert legal representation to those in need. The law firm has offices across California, Nevada, Arizona, and Washington.\",\"legalName\":\"West Coast Trial Lawyers\"}]}<\/script>\n<!-- \/ Yoast SEO Premium plugin. -->","yoast_head_json":{"title":"Abogado de Muerte Injusta de Bakersfield | West Coast Trial Lawyers","robots":{"index":"index","follow":"follow","max-snippet":"max-snippet:-1","max-image-preview":"max-image-preview:large","max-video-preview":"max-video-preview:-1"},"canonical":"https:\/\/westcoasttriallawyers.com\/es\/california\/bakersfield\/abogado-de-muerte-injusta-de-bakersfield","og_locale":"es_ES","og_type":"article","og_title":"Abogado de Muerte Injusta de Bakersfield","og_description":"C\u00f3mo Probar un Caso de Muerte Injusta para Obtener la Compensaci\u00f3n que Merece por los Da\u00f1os\u00a0 Muchos tipos de situaciones pueden conducir a la muerte injusta de un ser querido. Sin embargo, la muerte injusta casi siempre es causada por la acci\u00f3n o la inacci\u00f3n de un individuo que ten\u00eda el deber legal de actuar [&hellip;]","og_url":"https:\/\/westcoasttriallawyers.com\/es\/california\/bakersfield\/abogado-de-muerte-injusta-de-bakersfield","og_site_name":"West Coast Trial Lawyers","article_publisher":"https:\/\/www.facebook.com\/westcoasttriallawyers\/","article_modified_time":"2026-01-20T15:27:15+00:00","og_image":[{"width":557,"height":327,"url":"https:\/\/westcoasttriallawyers.com\/wp-content\/uploads\/2025\/07\/Bakersfield-33.webp","type":"image\/webp"}],"twitter_card":"summary_large_image","twitter_site":"@WestCoastTrial","twitter_misc":{"Tiempo de lectura":"7 minutos"},"schema":{"@context":"https:\/\/schema.org","@graph":[{"@type":["WebPage","ItemPage"],"@id":"https:\/\/westcoasttriallawyers.com\/es\/california\/bakersfield\/abogado-de-muerte-injusta-de-bakersfield","url":"https:\/\/westcoasttriallawyers.com\/es\/california\/bakersfield\/abogado-de-muerte-injusta-de-bakersfield","name":"Abogado de Muerte Injusta de Bakersfield | West Coast Trial Lawyers","isPartOf":{"@id":"https:\/\/westcoasttriallawyers.com\/es#website"},"primaryImageOfPage":{"@id":"https:\/\/westcoasttriallawyers.com\/es\/california\/bakersfield\/abogado-de-muerte-injusta-de-bakersfield#primaryimage"},"image":{"@id":"https:\/\/westcoasttriallawyers.com\/es\/california\/bakersfield\/abogado-de-muerte-injusta-de-bakersfield#primaryimage"},"thumbnailUrl":"https:\/\/westcoasttriallawyers.com\/wp-content\/uploads\/2025\/07\/Bakersfield-33.webp","datePublished":"2026-01-14T18:56:09+00:00","dateModified":"2026-01-20T15:27:15+00:00","breadcrumb":{"@id":"https:\/\/westcoasttriallawyers.com\/es\/california\/bakersfield\/abogado-de-muerte-injusta-de-bakersfield#breadcrumb"},"inLanguage":"es","potentialAction":[{"@type":"ReadAction","target":["https:\/\/westcoasttriallawyers.com\/es\/california\/bakersfield\/abogado-de-muerte-injusta-de-bakersfield"]}]},{"@type":"ImageObject","inLanguage":"es","@id":"https:\/\/westcoasttriallawyers.com\/es\/california\/bakersfield\/abogado-de-muerte-injusta-de-bakersfield#primaryimage","url":"https:\/\/westcoasttriallawyers.com\/wp-content\/uploads\/2025\/07\/Bakersfield-33.webp","contentUrl":"https:\/\/westcoasttriallawyers.com\/wp-content\/uploads\/2025\/07\/Bakersfield-33.webp","width":557,"height":327},{"@type":"BreadcrumbList","@id":"https:\/\/westcoasttriallawyers.com\/es\/california\/bakersfield\/abogado-de-muerte-injusta-de-bakersfield#breadcrumb","itemListElement":[{"@type":"ListItem","position":1,"name":"Inicio","item":"https:\/\/westcoasttriallawyers.com\/es"},{"@type":"ListItem","position":2,"name":"California","item":"https:\/\/westcoasttriallawyers.com\/es\/california"},{"@type":"ListItem","position":3,"name":"Bakersfield","item":"https:\/\/westcoasttriallawyers.com\/es\/california\/bakersfield"},{"@type":"ListItem","position":4,"name":"Abogado de Muerte Injusta de Bakersfield"}]},{"@type":"WebSite","@id":"https:\/\/westcoasttriallawyers.com\/es#website","url":"https:\/\/westcoasttriallawyers.com\/es","name":"West Coast Trial Lawyers","description":"West Coast Trial Lawyers","publisher":{"@id":"https:\/\/westcoasttriallawyers.com\/es#organization"},"alternateName":"WCTL","potentialAction":[{"@type":"SearchAction","target":{"@type":"EntryPoint","urlTemplate":"https:\/\/westcoasttriallawyers.com\/es?s={search_term_string}"},"query-input":{"@type":"PropertyValueSpecification","valueRequired":true,"valueName":"search_term_string"}}],"inLanguage":"es"},{"@type":"Organization","@id":"https:\/\/westcoasttriallawyers.com\/es#organization","name":"West Coast Trial Lawyers","alternateName":"WCTL","url":"https:\/\/westcoasttriallawyers.com\/es","logo":{"@type":"ImageObject","inLanguage":"es","@id":"https:\/\/westcoasttriallawyers.com\/es#\/schema\/logo\/image\/","url":"https:\/\/westcoasttriallawyers.com\/wp-content\/uploads\/2026\/02\/WCTL-Logo.jpg","contentUrl":"https:\/\/westcoasttriallawyers.com\/wp-content\/uploads\/2026\/02\/WCTL-Logo.jpg","width":696,"height":696,"caption":"West Coast Trial Lawyers"},"image":{"@id":"https:\/\/westcoasttriallawyers.com\/es#\/schema\/logo\/image\/"},"sameAs":["https:\/\/www.facebook.com\/westcoasttriallawyers\/","https:\/\/x.com\/WestCoastTrial","https:\/\/www.linkedin.com\/company\/west-coast-trial-lawyers\/","https:\/\/www.instagram.com\/westcoasttriallawyers\/","https:\/\/www.yelp.com\/biz\/west-coast-trial-lawyers-los-angeles-2","https:\/\/www.pinterest.com\/westcoasttrial\/","https:\/\/www.youtube.com\/westcoasttriallawyersla\/","https:\/\/www.tiktok.com\/westcoasttriallawyers"],"description":"West Coast Trial Lawyers is a top-rated personal injury law firm with a goal to provide expert legal representation to those in need. The law firm has offices across California, Nevada, Arizona, and Washington.","legalName":"West Coast Trial Lawyers"}]}},"_links":{"self":[{"href":"https:\/\/westcoasttriallawyers.com\/es\/wp-json\/wp\/v2\/pages\/12758","targetHints":{"allow":["GET"]}}],"collection":[{"href":"https:\/\/westcoasttriallawyers.com\/es\/wp-json\/wp\/v2\/pages"}],"about":[{"href":"https:\/\/westcoasttriallawyers.com\/es\/wp-json\/wp\/v2\/types\/page"}],"author":[{"embeddable":true,"href":"https:\/\/westcoasttriallawyers.com\/es\/wp-json\/wp\/v2\/users\/475"}],"replies":[{"embeddable":true,"href":"https:\/\/westcoasttriallawyers.com\/es\/wp-json\/wp\/v2\/comments?post=12758"}],"version-history":[{"count":3,"href":"https:\/\/westcoasttriallawyers.com\/es\/wp-json\/wp\/v2\/pages\/12758\/revisions"}],"predecessor-version":[{"id":47570,"href":"https:\/\/westcoasttriallawyers.com\/es\/wp-json\/wp\/v2\/pages\/12758\/revisions\/47570"}],"up":[{"embeddable":true,"href":"https:\/\/westcoasttriallawyers.com\/es\/wp-json\/wp\/v2\/pages\/47337"}],"wp:featuredmedia":[{"embeddable":true,"href":"https:\/\/westcoasttriallawyers.com\/es\/wp-json\/wp\/v2\/media\/47243"}],"wp:attachment":[{"href":"https:\/\/westcoasttriallawyers.com\/es\/wp-json\/wp\/v2\/media?parent=12758"}],"curies":[{"name":"wp","href":"https:\/\/api.w.org\/{rel}","templated":true}]}}