{"id":12754,"date":"2026-01-13T18:33:59","date_gmt":"2026-01-13T18:33:59","guid":{"rendered":"https:\/\/wctl1stg.wpengine.com\/?page_id=12754"},"modified":"2026-01-20T13:42:20","modified_gmt":"2026-01-20T13:42:20","slug":"abogados-de-accidentes-de-motocicleta-de-bakersfield","status":"publish","type":"page","link":"https:\/\/westcoasttriallawyers.com\/es\/california\/bakersfield\/abogados-de-accidentes-de-motocicleta-de-bakersfield","title":{"rendered":"ABOGADOS DE ACCIDENTES DE MOTOCICLETA DE BAKERSFIELD"},"content":{"rendered":"<h2><strong>\u00bfQu\u00e9 Responsabilidades Tiene Como Ciclista que Circula por las Calles de Bakersfield? \u00bfA Qui\u00e9n Quede Demandar por un Accidente de Bicicleta del que no Tuvo la Culpa?<\/strong><\/h2>\n<p>Los accidentes de bicicleta tienen el potencial de crear algunos de los peores tipos de reclamos por lesiones personales imaginables. Esto se debe en parte a que solo la mitad de los ciclistas usan cascos, lo que significa que las lesiones horribles son casi inevitables en caso de accidente. Adem\u00e1s, la ciudad de Bakersfield ya tiene problemas de larga data con la seguridad de las bicicletas que reci\u00e9n comienzan a abordarse.<\/p>\n<p>Con la aprobaci\u00f3n del\u00a0<a href=\"https:\/\/www.calbike.org\/our_initiatives\/central-valley-bikeways-project\/bakersfield\/\"><strong>Plan de Transporte de Bicicletas 2013<\/strong><\/a>,\u00a0<strong>Bakersfield<\/strong> est\u00e1 en proceso de completar o recibir fondos adicionales para construir 35 millas de carriles para bicicletas y rutas por toda la ciudad. La ciudad tambi\u00e9n colabora con<strong>\u00a0<\/strong><a href=\"http:\/\/bikebakersfield.org\/\"><strong>Bike Bakersfield<\/strong><\/a> para aumentar la conciencia p\u00fablica sobre la seguridad de las bicicletas para todos los residentes.<\/p>\n<p>Jake Becker de Bike Bakersfield, una agencia local sin fines de lucro, ha explicado que parte de la raz\u00f3n detr\u00e1s de estos graves problemas de seguridad de las bicicletas gira en torno al hecho de que muchas personas viajan de noche sin luces y contra el flujo del tr\u00e1fico. Estos dos comportamientos por s\u00ed solos aumentan en gran medida la probabilidad de un accidente grave. Becker tambi\u00e9n cree que los carriles para bicicletas en las calles m\u00e1s concurridas de Bakersfield son demasiado angostos para circular con seguridad.<\/p>\n<p>A pesar de las iniciativas de seguridad, ocurrir\u00e1n accidentes. Si sufri\u00f3 lesiones despu\u00e9s de un accidente de bicicleta como resultado de la negligencia de alguien o de un producto defectuoso en el \u00e1rea de Bakersfield, es posible que pueda presentar un reclamo por lesiones personales contra la parte responsable de sus p\u00e9rdidas. En Abogados de la Costa Oeste, nuestros\u00a0<strong>abogados de accidentes de bicicleta en Bakersfield<\/strong> lo ayudar\u00e1n a obtener la compensaci\u00f3n que merece por los da\u00f1os causados \u200b\u200bpor el accidente.<\/p>\n<p>No dude en comunicarse con nuestro equipo legal las 24 horas, los 7 d\u00edas de la semana llamando al\u00a0<strong>213-927-3700\u00a0<\/strong>o enviando un correo electr\u00f3nico<strong>\u00a0<\/strong><a href=\"mailto:info@westcoasttriallawyers.com\"><strong>info@westcoasttriallawyers.com<\/strong><\/a> para programar una consulta gratuita en nuestro\u00a0<strong>bufete de abogados de lesiones personales de Bakersfield.\u00a0<\/strong><\/p>\n<p><strong>Responsabilidades de los Ciclistas de Bakersfield<\/strong><\/p>\n<p>Los conductores y peatones no son los \u00fanicos que est\u00e1n obligados a actuar con responsabilidad en la carretera. A los ciclistas tambi\u00e9n se les dan normas y reglamentos viales a seguir para mantener un entorno seguro para los que est\u00e1n cerca. Esto incluye lo siguiente:<\/p>\n<ul>\n<li><strong>Obedecer las se\u00f1ales y se\u00f1ales de tr\u00e1nsito<\/strong>: Los ciclistas deben obedecer las mismas reglas de tr\u00e1nsito que todos los conductores. El no hacerlo puede resultar en que el ciclista sea responsable de un accidente.<\/li>\n<li><strong>Ceda el paso:<\/strong> siempre debe ceder el paso al tr\u00e1fico antes de ingresar de manera segura a cualquier carretera.<\/li>\n<li><strong>Andar con el tr\u00e1fico: Los<\/strong> ciclistas deben usar la mitad derecha de la calle y andar con el flujo del tr\u00e1fico. Cuando se trata de calles de un solo sentido, puede optar por viajar en el lado izquierdo o derecho.<\/li>\n<li><strong>Andar en el carril para bicicletas<\/strong>: aseg\u00farese de andar en el carril para bicicletas. Es probable que cause tr\u00e1fico si est\u00e1 ocupando otros carriles.<\/li>\n<li><strong>Elija un carril con cuidado<\/strong>: si un carril es demasiado angosto, puede circular cerca del centro de un carril. Sin embargo, debe conducir lo m\u00e1s cerca posible de la derecha, excepto cuando est\u00e9 evitando peligros o si un carril es demasiado angosto para compartirlo con un veh\u00edculo.<\/li>\n<li><strong>Aseg\u00farese de se\u00f1alar<\/strong>: esto es lo mejor para usted. Utilice se\u00f1ales manuales para que los conductores sepan que est\u00e1 girando, cambiando de carril o deteni\u00e9ndose.<\/li>\n<\/ul>\n<p><strong>\u00bfPuedo Demandar a Bakersfield por Condiciones Peligrosas en la Carretera?<\/strong><\/p>\n<p>La mayor\u00eda de los accidentes de bicicleta son causados \u200b\u200bpor negligencia del conductor, del ciclista o incluso de ambos. Esto significa que el conductor o el ciclista actu\u00f3 de manera imprudente, por ejemplo, al no seguir las leyes de tr\u00e1nsito o al estar intoxicado. Sin embargo, las carreteras en mal estado tambi\u00e9n son una causa com\u00fan de muchos accidentes de bicicleta graves.\u00a0<a href=\"https:\/\/www.justia.com\/trials-litigation\/docs\/caci\/1000\/1000\/\"><strong>La Ley de responsabilidad de locales de California<\/strong><\/a>\u00a0dicta que cualquier ciudad, incluida Bakersfield, puede ser considerada responsable por negligencia si no mantiene adecuadamente las v\u00edas p\u00fablicas en condiciones razonablemente seguras.<\/p>\n<p>Un accidente de bicicleta grave puede ser causado f\u00e1cilmente por condiciones de la carretera aparentemente inofensivas, como baches, cemento roto, grava suelta, aceras irregulares o se\u00f1ales de tr\u00e1fico que funcionan mal. Adem\u00e1s, todos los propietarios, incluidos los comerciales, privados y de la ciudad, pueden ser considerados responsables por no mantener adecuadamente sus superficies de asfalto o pavimento.<\/p>\n<p>Por lo tanto, es posible que pueda demandar a la ciudad de Bakersfield para recuperar los da\u00f1os y perjuicios si result\u00f3 lesionado como resultado de la negligencia de la ciudad.<\/p>\n<p><strong>\u00bfPuedo Demandar a un Peat\u00f3n por Causar un Accidente de Bicicleta?<\/strong><\/p>\n<p>Los accidentes de bicicleta causados \u200b\u200bpor peatones son otro tipo de reclamo com\u00fan por accidente de bicicleta. Los reclamos por lesiones personales para la recuperaci\u00f3n de da\u00f1os pueden presentarse contra la parte responsable de sus p\u00e9rdidas, ya sea otro conductor o un peat\u00f3n.<\/p>\n<p>Si se lesion\u00f3 en un accidente de bicicleta debido a la negligencia de un peat\u00f3n, debe poder probar que la negligencia fue la causa de sus lesiones. El est\u00e1ndar legal para negligencia en el estado de California considerar\u00e1 los siguientes tres elementos:<\/p>\n<ul>\n<li>El acusado le deb\u00eda un deber de cuidado<\/li>\n<li>El acusado incumpli\u00f3 su deber de cuidado por negligencia, y<\/li>\n<li>La negligencia del acusado fue la causa principal de las lesiones que usted sufri\u00f3<\/li>\n<\/ul>\n<p>Un peat\u00f3n puede estar sujeto a responsabilidad si caus\u00f3 un accidente de bicicleta al:<\/p>\n<ul>\n<li>Entrar repentinamente en un carril para bicicletas<\/li>\n<li>Salir corriendo frente a un ciclista<\/li>\n<li>texto y no mirar el camino<\/li>\n<li>No prestar atenci\u00f3n mientras usaba auriculares<\/li>\n<li>intencionalmente a un ciclista de su bicicleta<\/li>\n<li>No usar correa o controlar adecuadamente a su perro<\/li>\n<\/ul>\n<p><strong>Estatuto de Limitaciones\u00a0<\/strong><\/p>\n<p>El estatuto de limitaciones define el per\u00edodo de tiempo que tiene una v\u00edctima para presentar una demanda por lesiones personales y a\u00fan tener derecho a la recuperaci\u00f3n de da\u00f1os por sus p\u00e9rdidas. Este l\u00edmite de tiempo puede diferir de un estado a otro. En el estado de California, una v\u00edctima tiene dos a\u00f1os para presentar una demanda por lesiones personales por da\u00f1os y perjuicios contra otra persona o parte.<\/p>\n<p>Los reclamos por accidentes de bicicleta son un tipo de reclamo por lesiones personales, lo que significa que tiene dos a\u00f1os para presentar una demanda por accidente de bicicleta. Esperar m\u00e1s de dos a\u00f1os desde la fecha del incidente significa que no podr\u00e1 presentar un reclamo y no podr\u00e1 recuperar ninguna compensaci\u00f3n por sus p\u00e9rdidas.<\/p>\n<p><strong>Los Abogados Litigantes de la Costa Oeste Siempre Est\u00e1n aqu\u00ed para Ayudar<\/strong><\/p>\n<p>Si result\u00f3 lesionado en un accidente de bicicleta debido a la negligencia de alguien oa un producto defectuoso, tiene derecho a responsabilizar a la parte culpable por sus p\u00e9rdidas. Un abogado de accidentes de bicicleta de Bakersfield en\u00a0<a href=\"\/\"><strong>Abogados de la Costa Oeste<\/strong><\/a> puede recuperar una compensaci\u00f3n por las p\u00e9rdidas que ha sufrido.<\/p>\n<p>P\u00f3ngase en contacto con nuestro equipo legal las 24 horas del d\u00eda, los 7 d\u00edas de la semana hoy llamando al\u00a0<strong>213-927-3700\u00a0<\/strong>o enviando un correo electr\u00f3nico\u00a0<a href=\"mailto:info@westcoasttriallawyers.com\"><strong>a info@westcoasttriallawyers.com<\/strong><\/a><strong>\u00a0<\/strong>para programar una consulta gratuita en nuestro\u00a0<strong>bufete de abogados de lesiones personales de Bakersfield.\u00a0<\/strong><br \/>\n<!-- WCTL_DEBUG: no shortcode in this_content --><\/p>\n","protected":false},"excerpt":{"rendered":"<p>\u00bfQu\u00e9 Responsabilidades Tiene Como Ciclista que Circula por las Calles de Bakersfield? \u00bfA Qui\u00e9n Quede Demandar por un Accidente de Bicicleta del que no Tuvo la Culpa? Los accidentes de bicicleta tienen el potencial de crear algunos de los peores tipos de reclamos por lesiones personales imaginables. Esto se debe en parte a que solo [&hellip;]<\/p>\n","protected":false},"author":484,"featured_media":0,"parent":47337,"menu_order":0,"comment_status":"closed","ping_status":"closed","template":"","meta":{"inline_featured_image":false,"footnotes":""},"class_list":["post-12754","page","type-page","status-publish","hentry"],"acf":[],"yoast_head":"<!-- This site is optimized with the Yoast SEO Premium plugin v26.0 (Yoast SEO v26.0) - https:\/\/yoast.com\/wordpress\/plugins\/seo\/ -->\n<title>ABOGADOS DE ACCIDENTES DE MOTOCICLETA DE BAKERSFIELD | West Coast Trial Lawyers<\/title>\n<meta name=\"robots\" content=\"index, follow, max-snippet:-1, max-image-preview:large, max-video-preview:-1\" \/>\n<link rel=\"canonical\" href=\"https:\/\/westcoasttriallawyers.com\/es\/california\/bakersfield\/abogados-de-accidentes-de-motocicleta-de-bakersfield\" \/>\n<meta property=\"og:locale\" content=\"es_ES\" \/>\n<meta property=\"og:type\" content=\"article\" \/>\n<meta property=\"og:title\" content=\"ABOGADOS DE ACCIDENTES DE MOTOCICLETA DE BAKERSFIELD\" \/>\n<meta property=\"og:description\" content=\"\u00bfQu\u00e9 Responsabilidades Tiene Como Ciclista que Circula por las Calles de Bakersfield? \u00bfA Qui\u00e9n Quede Demandar por un Accidente de Bicicleta del que no Tuvo la Culpa? Los accidentes de bicicleta tienen el potencial de crear algunos de los peores tipos de reclamos por lesiones personales imaginables. Esto se debe en parte a que solo [&hellip;]\" \/>\n<meta property=\"og:url\" content=\"https:\/\/westcoasttriallawyers.com\/es\/california\/bakersfield\/abogados-de-accidentes-de-motocicleta-de-bakersfield\" \/>\n<meta property=\"og:site_name\" content=\"West Coast Trial Lawyers\" \/>\n<meta property=\"article:publisher\" content=\"https:\/\/www.facebook.com\/westcoasttriallawyers\/\" \/>\n<meta property=\"article:modified_time\" content=\"2026-01-20T13:42:20+00:00\" \/>\n<meta property=\"og:image\" content=\"https:\/\/westcoasttriallawyers.com\/wp-content\/uploads\/2025\/07\/Bakersfield-11.webp\" \/>\n\t<meta property=\"og:image:width\" content=\"557\" \/>\n\t<meta property=\"og:image:height\" content=\"327\" \/>\n\t<meta property=\"og:image:type\" content=\"image\/webp\" \/>\n<meta name=\"twitter:card\" content=\"summary_large_image\" \/>\n<meta name=\"twitter:site\" content=\"@WestCoastTrial\" \/>\n<meta name=\"twitter:label1\" content=\"Tiempo de lectura\" \/>\n\t<meta name=\"twitter:data1\" content=\"11 minutos\" \/>\n<script type=\"application\/ld+json\" class=\"yoast-schema-graph\">{\"@context\":\"https:\/\/schema.org\",\"@graph\":[{\"@type\":[\"WebPage\",\"ItemPage\"],\"@id\":\"https:\/\/westcoasttriallawyers.com\/es\/california\/bakersfield\/abogados-de-accidentes-de-motocicleta-de-bakersfield\",\"url\":\"https:\/\/westcoasttriallawyers.com\/es\/california\/bakersfield\/abogados-de-accidentes-de-motocicleta-de-bakersfield\",\"name\":\"ABOGADOS DE ACCIDENTES DE MOTOCICLETA DE BAKERSFIELD | West Coast Trial Lawyers\",\"isPartOf\":{\"@id\":\"https:\/\/westcoasttriallawyers.com\/es#website\"},\"datePublished\":\"2026-01-13T18:33:59+00:00\",\"dateModified\":\"2026-01-20T13:42:20+00:00\",\"breadcrumb\":{\"@id\":\"https:\/\/westcoasttriallawyers.com\/es\/california\/bakersfield\/abogados-de-accidentes-de-motocicleta-de-bakersfield#breadcrumb\"},\"inLanguage\":\"es\",\"potentialAction\":[{\"@type\":\"ReadAction\",\"target\":[\"https:\/\/westcoasttriallawyers.com\/es\/california\/bakersfield\/abogados-de-accidentes-de-motocicleta-de-bakersfield\"]}]},{\"@type\":\"BreadcrumbList\",\"@id\":\"https:\/\/westcoasttriallawyers.com\/es\/california\/bakersfield\/abogados-de-accidentes-de-motocicleta-de-bakersfield#breadcrumb\",\"itemListElement\":[{\"@type\":\"ListItem\",\"position\":1,\"name\":\"Inicio\",\"item\":\"https:\/\/westcoasttriallawyers.com\/es\"},{\"@type\":\"ListItem\",\"position\":2,\"name\":\"California\",\"item\":\"https:\/\/westcoasttriallawyers.com\/es\/california\"},{\"@type\":\"ListItem\",\"position\":3,\"name\":\"Bakersfield\",\"item\":\"https:\/\/westcoasttriallawyers.com\/es\/california\/bakersfield\"},{\"@type\":\"ListItem\",\"position\":4,\"name\":\"ABOGADOS DE ACCIDENTES DE MOTOCICLETA DE BAKERSFIELD\"}]},{\"@type\":\"WebSite\",\"@id\":\"https:\/\/westcoasttriallawyers.com\/es#website\",\"url\":\"https:\/\/westcoasttriallawyers.com\/es\",\"name\":\"West Coast Trial Lawyers\",\"description\":\"West Coast Trial Lawyers\",\"publisher\":{\"@id\":\"https:\/\/westcoasttriallawyers.com\/es#organization\"},\"alternateName\":\"WCTL\",\"potentialAction\":[{\"@type\":\"SearchAction\",\"target\":{\"@type\":\"EntryPoint\",\"urlTemplate\":\"https:\/\/westcoasttriallawyers.com\/es?s={search_term_string}\"},\"query-input\":{\"@type\":\"PropertyValueSpecification\",\"valueRequired\":true,\"valueName\":\"search_term_string\"}}],\"inLanguage\":\"es\"},{\"@type\":\"Organization\",\"@id\":\"https:\/\/westcoasttriallawyers.com\/es#organization\",\"name\":\"West Coast Trial Lawyers\",\"alternateName\":\"WCTL\",\"url\":\"https:\/\/westcoasttriallawyers.com\/es\",\"logo\":{\"@type\":\"ImageObject\",\"inLanguage\":\"es\",\"@id\":\"https:\/\/westcoasttriallawyers.com\/es#\/schema\/logo\/image\/\",\"url\":\"https:\/\/westcoasttriallawyers.com\/wp-content\/uploads\/2026\/02\/WCTL-Logo.jpg\",\"contentUrl\":\"https:\/\/westcoasttriallawyers.com\/wp-content\/uploads\/2026\/02\/WCTL-Logo.jpg\",\"width\":696,\"height\":696,\"caption\":\"West Coast Trial Lawyers\"},\"image\":{\"@id\":\"https:\/\/westcoasttriallawyers.com\/es#\/schema\/logo\/image\/\"},\"sameAs\":[\"https:\/\/www.facebook.com\/westcoasttriallawyers\/\",\"https:\/\/x.com\/WestCoastTrial\",\"https:\/\/www.linkedin.com\/company\/west-coast-trial-lawyers\/\",\"https:\/\/www.instagram.com\/westcoasttriallawyers\/\",\"https:\/\/www.yelp.com\/biz\/west-coast-trial-lawyers-los-angeles-2\",\"https:\/\/www.pinterest.com\/westcoasttrial\/\",\"https:\/\/www.youtube.com\/westcoasttriallawyersla\/\",\"https:\/\/www.tiktok.com\/westcoasttriallawyers\"],\"description\":\"West Coast Trial Lawyers is a top-rated personal injury law firm with a goal to provide expert legal representation to those in need. The law firm has offices across California, Nevada, Arizona, and Washington.\",\"legalName\":\"West Coast Trial Lawyers\"}]}<\/script>\n<!-- \/ Yoast SEO Premium plugin. -->","yoast_head_json":{"title":"ABOGADOS DE ACCIDENTES DE MOTOCICLETA DE BAKERSFIELD | West Coast Trial Lawyers","robots":{"index":"index","follow":"follow","max-snippet":"max-snippet:-1","max-image-preview":"max-image-preview:large","max-video-preview":"max-video-preview:-1"},"canonical":"https:\/\/westcoasttriallawyers.com\/es\/california\/bakersfield\/abogados-de-accidentes-de-motocicleta-de-bakersfield","og_locale":"es_ES","og_type":"article","og_title":"ABOGADOS DE ACCIDENTES DE MOTOCICLETA DE BAKERSFIELD","og_description":"\u00bfQu\u00e9 Responsabilidades Tiene Como Ciclista que Circula por las Calles de Bakersfield? \u00bfA Qui\u00e9n Quede Demandar por un Accidente de Bicicleta del que no Tuvo la Culpa? Los accidentes de bicicleta tienen el potencial de crear algunos de los peores tipos de reclamos por lesiones personales imaginables. Esto se debe en parte a que solo [&hellip;]","og_url":"https:\/\/westcoasttriallawyers.com\/es\/california\/bakersfield\/abogados-de-accidentes-de-motocicleta-de-bakersfield","og_site_name":"West Coast Trial Lawyers","article_publisher":"https:\/\/www.facebook.com\/westcoasttriallawyers\/","article_modified_time":"2026-01-20T13:42:20+00:00","og_image":[{"width":557,"height":327,"url":"https:\/\/westcoasttriallawyers.com\/wp-content\/uploads\/2025\/07\/Bakersfield-11.webp","type":"image\/webp"}],"twitter_card":"summary_large_image","twitter_site":"@WestCoastTrial","twitter_misc":{"Tiempo de lectura":"11 minutos"},"schema":{"@context":"https:\/\/schema.org","@graph":[{"@type":["WebPage","ItemPage"],"@id":"https:\/\/westcoasttriallawyers.com\/es\/california\/bakersfield\/abogados-de-accidentes-de-motocicleta-de-bakersfield","url":"https:\/\/westcoasttriallawyers.com\/es\/california\/bakersfield\/abogados-de-accidentes-de-motocicleta-de-bakersfield","name":"ABOGADOS DE ACCIDENTES DE MOTOCICLETA DE BAKERSFIELD | West Coast Trial Lawyers","isPartOf":{"@id":"https:\/\/westcoasttriallawyers.com\/es#website"},"datePublished":"2026-01-13T18:33:59+00:00","dateModified":"2026-01-20T13:42:20+00:00","breadcrumb":{"@id":"https:\/\/westcoasttriallawyers.com\/es\/california\/bakersfield\/abogados-de-accidentes-de-motocicleta-de-bakersfield#breadcrumb"},"inLanguage":"es","potentialAction":[{"@type":"ReadAction","target":["https:\/\/westcoasttriallawyers.com\/es\/california\/bakersfield\/abogados-de-accidentes-de-motocicleta-de-bakersfield"]}]},{"@type":"BreadcrumbList","@id":"https:\/\/westcoasttriallawyers.com\/es\/california\/bakersfield\/abogados-de-accidentes-de-motocicleta-de-bakersfield#breadcrumb","itemListElement":[{"@type":"ListItem","position":1,"name":"Inicio","item":"https:\/\/westcoasttriallawyers.com\/es"},{"@type":"ListItem","position":2,"name":"California","item":"https:\/\/westcoasttriallawyers.com\/es\/california"},{"@type":"ListItem","position":3,"name":"Bakersfield","item":"https:\/\/westcoasttriallawyers.com\/es\/california\/bakersfield"},{"@type":"ListItem","position":4,"name":"ABOGADOS DE ACCIDENTES DE MOTOCICLETA DE BAKERSFIELD"}]},{"@type":"WebSite","@id":"https:\/\/westcoasttriallawyers.com\/es#website","url":"https:\/\/westcoasttriallawyers.com\/es","name":"West Coast Trial Lawyers","description":"West Coast Trial Lawyers","publisher":{"@id":"https:\/\/westcoasttriallawyers.com\/es#organization"},"alternateName":"WCTL","potentialAction":[{"@type":"SearchAction","target":{"@type":"EntryPoint","urlTemplate":"https:\/\/westcoasttriallawyers.com\/es?s={search_term_string}"},"query-input":{"@type":"PropertyValueSpecification","valueRequired":true,"valueName":"search_term_string"}}],"inLanguage":"es"},{"@type":"Organization","@id":"https:\/\/westcoasttriallawyers.com\/es#organization","name":"West Coast Trial Lawyers","alternateName":"WCTL","url":"https:\/\/westcoasttriallawyers.com\/es","logo":{"@type":"ImageObject","inLanguage":"es","@id":"https:\/\/westcoasttriallawyers.com\/es#\/schema\/logo\/image\/","url":"https:\/\/westcoasttriallawyers.com\/wp-content\/uploads\/2026\/02\/WCTL-Logo.jpg","contentUrl":"https:\/\/westcoasttriallawyers.com\/wp-content\/uploads\/2026\/02\/WCTL-Logo.jpg","width":696,"height":696,"caption":"West Coast Trial Lawyers"},"image":{"@id":"https:\/\/westcoasttriallawyers.com\/es#\/schema\/logo\/image\/"},"sameAs":["https:\/\/www.facebook.com\/westcoasttriallawyers\/","https:\/\/x.com\/WestCoastTrial","https:\/\/www.linkedin.com\/company\/west-coast-trial-lawyers\/","https:\/\/www.instagram.com\/westcoasttriallawyers\/","https:\/\/www.yelp.com\/biz\/west-coast-trial-lawyers-los-angeles-2","https:\/\/www.pinterest.com\/westcoasttrial\/","https:\/\/www.youtube.com\/westcoasttriallawyersla\/","https:\/\/www.tiktok.com\/westcoasttriallawyers"],"description":"West Coast Trial Lawyers is a top-rated personal injury law firm with a goal to provide expert legal representation to those in need. The law firm has offices across California, Nevada, Arizona, and Washington.","legalName":"West Coast Trial Lawyers"}]}},"_links":{"self":[{"href":"https:\/\/westcoasttriallawyers.com\/es\/wp-json\/wp\/v2\/pages\/12754","targetHints":{"allow":["GET"]}}],"collection":[{"href":"https:\/\/westcoasttriallawyers.com\/es\/wp-json\/wp\/v2\/pages"}],"about":[{"href":"https:\/\/westcoasttriallawyers.com\/es\/wp-json\/wp\/v2\/types\/page"}],"author":[{"embeddable":true,"href":"https:\/\/westcoasttriallawyers.com\/es\/wp-json\/wp\/v2\/users\/484"}],"replies":[{"embeddable":true,"href":"https:\/\/westcoasttriallawyers.com\/es\/wp-json\/wp\/v2\/comments?post=12754"}],"version-history":[{"count":4,"href":"https:\/\/westcoasttriallawyers.com\/es\/wp-json\/wp\/v2\/pages\/12754\/revisions"}],"predecessor-version":[{"id":47525,"href":"https:\/\/westcoasttriallawyers.com\/es\/wp-json\/wp\/v2\/pages\/12754\/revisions\/47525"}],"up":[{"embeddable":true,"href":"https:\/\/westcoasttriallawyers.com\/es\/wp-json\/wp\/v2\/pages\/47337"}],"wp:attachment":[{"href":"https:\/\/westcoasttriallawyers.com\/es\/wp-json\/wp\/v2\/media?parent=12754"}],"curies":[{"name":"wp","href":"https:\/\/api.w.org\/{rel}","templated":true}]}}