{"id":12753,"date":"2026-01-14T18:56:04","date_gmt":"2026-01-14T18:56:04","guid":{"rendered":"https:\/\/wctl1stg.wpengine.com\/?page_id=12753"},"modified":"2026-01-20T13:49:13","modified_gmt":"2026-01-20T13:49:13","slug":"abogado-de-accidentes-de-peatones-de-bakersfield","status":"publish","type":"page","link":"https:\/\/westcoasttriallawyers.com\/es\/california\/bakersfield\/abogado-de-accidentes-de-peatones-de-bakersfield","title":{"rendered":"Abogado de Accidentes de Peatones de Bakersfield"},"content":{"rendered":"<h2><strong>Los Riesgos que un Peat\u00f3n Puede Soportar Mientras est\u00e1 Fuera de Casa en Bakersfield<\/strong><\/h2>\n<p>Los peatones simplemente no tienen ninguna posibilidad contra la fuerza y \u200b\u200bel poder de un veh\u00edculo que se aproxima. Lamentablemente, siempre terminar\u00e1n en el lado perdedor de un accidente peatonal. Recientemente,\u00a0<strong>Bakersfield<\/strong> fue clasificada como la s\u00e9ptima \u00e1rea metropolitana m\u00e1s peligrosa de los Estados Unidos para los peatones. Para poner esto en perspectiva, el \u00e1rea metropolitana de Bakersfield registr\u00f3 247 muertes de peatones entre 2008 y 2017. Esa cifra alarmante promedia alrededor de 2.83 muertes de peatones por cada 100,000 personas.\u00a0<\/p>\n<p>Estas estad\u00edsticas son inaceptables, especialmente porque los accidentes de peatones se pueden prevenir en gran medida y casi siempre son causados \u200b\u200bpor actos graves de negligencia. Desafortunadamente, la tendencia de accidentes de peatones no muestra signos de disminuir y, de hecho, se ha convertido en la norma en todo el pa\u00eds, ya que miles de peatones mueren o resultan heridos cada a\u00f1o por conductores negligentes o imprudentes.<\/p>\n<p>Si ha sufrido lesiones como resultado de un accidente peatonal en el \u00e1rea de Bakersfield, es posible que pueda presentar un reclamo por lesiones personales contra la parte responsable de sus p\u00e9rdidas. Los accidentes de peatones pueden ser causados \u200b\u200bpor muchas circunstancias, como conductores negligentes, condiciones defectuosas de las aceras o incluso mal funcionamiento de los sem\u00e1foros. En Abogados de la Costa Oeste Trial Lawyers, nuestros\u00a0<strong>abogados de accidentes de peatones en Bakersfield<\/strong> han ganado m\u00e1s de 5,000 casos de lesiones personales, lo que ha acumulado m\u00e1s de $1 mil millones en acuerdos recuperados para nuestros clientes. Debido a nuestros logros, hemos sido reconocidos como uno de los mejores bufetes de abogados de lesiones personales en Bakersfield.\u00a0<\/p>\n<p>No dude en comunicarse con nuestro 24 horas llamando al\u00a0<strong>213-927-3700\u00a0<\/strong>o enviando un correo electr\u00f3nico\u00a0<a href=\"mailto:info@westcoasttriallawyers.com\">info@westcoasttriallawyers.com<\/a> para programar una consulta gratuita en nuestro\u00a0<strong>bufete de abogados de lesiones personales de Bakersfield.<\/strong>\u00a0\u00a0<\/p>\n<p><strong>Los Peligros de ser Peat\u00f3n en Bakersfield<\/strong><\/p>\n<p>No es ning\u00fan secreto que Bakersfield es muy peligroso para los peatones. Hay varias razones para este problema de seguridad. Hay \u00e1reas en Bakersfield que carecen de infraestructura b\u00e1sica para caminar con seguridad. En otras palabras, hay muchas \u00e1reas que literalmente no tienen cruces peatonales. Y donde existen muchos de estos cruces peatonales, a menudo est\u00e1n muy separados y no brindan suficiente tiempo para que las personas crucen de manera segura.\u00a0<\/p>\n<p>Los carriles innecesariamente anchos tambi\u00e9n son comunes y desafortunadamente alientan a muchos conductores a acelerar. Algunas calles tienen carriles de giro amplios que tientan a\u00fan m\u00e1s a los conductores a girar a la derecha directamente a trav\u00e9s de los cruces peatonales.<\/p>\n<p>Finalmente, hay otro factor en juego, que est\u00e1 relacionado con las circunstancias socioecon\u00f3micas. Las estad\u00edsticas sugieren que la mayor\u00eda de las v\u00edctimas de accidentes de peatones son personas que viven en vecindarios de bajos ingresos, espec\u00edficamente los ancianos y los afroamericanos. Desafortunadamente, los residentes de bajos ingresos de Bakersfield no tienen otra opci\u00f3n que atravesar estas condiciones tan inseguras.\u00a0<\/p>\n<p><strong>Pasos Clave a Seguir Despu\u00e9s de un Accidente Peatonal en Bakersfield<\/strong><\/p>\n<p>213-927-3700<\/p>\n<p>Estar involucrado en un accidente peatonal puede ser aterrador. El potencial de lesiones graves es real. Es completamente normal entrar en p\u00e1nico y sentirse abrumado en el momento. Sin embargo, hay pasos clave que debe tomar para proteger su salud y sus derechos.\u00a0<\/p>\n<p>En primer lugar, su salud y bienestar deben ser su prioridad inmediata si result\u00f3 lesionado despu\u00e9s de un accidente peatonal. Llame\u00a0<strong>al 911<\/strong> y solicite ayuda inmediata si usted o cualquier otra persona resulta lesionada, incluso si las lesiones no parecen tan graves. Muchas personas creen que est\u00e1n perfectamente bien en los momentos posteriores a un accidente, pero incluso las lesiones graves pueden no mostrar ning\u00fan s\u00edntoma hasta varios d\u00edas, semanas o incluso meses despu\u00e9s.\u00a0<\/p>\n<p><strong>Buscar tratamiento m\u00e9dico<\/strong> tambi\u00e9n es importante porque un m\u00e9dico completar\u00e1 un informe m\u00e9dico completo de sus lesiones. Un informe m\u00e9dico es un documento importante que ayudar\u00e1 a demostrar que realmente result\u00f3 herido como resultado del accidente peatonal.<\/p>\n<p>El siguiente paso que debe tomar es\u00a0<strong>recopilar informaci\u00f3n y documentaci\u00f3n relevante<\/strong> sobre el accidente. Aseg\u00farese de incluir:\u00a0<\/p>\n<ul>\n<li>Nombres e informaci\u00f3n de contacto<\/li>\n<li>El nombre del conductor infractor, licencia de conducir, informaci\u00f3n del seguro y n\u00famero de placa<\/li>\n<li>Informaci\u00f3n de contacto de cualquier testigo<\/li>\n<li>Fotos\/videos de la escena del accidente, el veh\u00edculo infractor y sus lesiones\u00a0<\/li>\n<\/ul>\n<p>Como se mencion\u00f3, los momentos despu\u00e9s de un accidente son confusos y emocionalmente abrumadores. Sin embargo, lo mejor para usted es<strong> no<\/strong> admitir la responsabilidad o incluso sugerir qui\u00e9n puede tener la culpa del accidente. De hecho, se recomienda que\u00a0<strong>no hable sobre el accidente en absoluto.\u00a0\u00a0<\/strong><\/p>\n<p>Por favor, no intente manejar un reclamo de accidente de peat\u00f3n directamente con la compa\u00f1\u00eda de seguros. No est\u00e1n de su lado e inmediatamente intentar\u00e1n presionarlo para que se conforme con menos dinero del que realmente se le debe. Un abogado con experiencia en accidentes de peatones en Bakersfield comprende la forma en que operan estas compa\u00f1\u00edas y tratar\u00e1 con las compa\u00f1\u00edas de seguros por usted.\u00a0<\/p>\n<p><strong>Accidentes de Peatones y Responsabilidad Civil<\/strong><\/p>\n<p>Debido a la evidente falta de coincidencia entre un veh\u00edculo y un ser humano, muchas personas asumir\u00e1n autom\u00e1ticamente que el conductor tiene la culpa. Si bien esto es cierto en la mayor\u00eda de los accidentes de peatones, tambi\u00e9n es posible que un peat\u00f3n sea responsable, total o parcialmente.\u00a0<\/p>\n<p>Tanto los conductores como los peatones tienen una responsabilidad mutua. Los conductores deben tener un cuidado razonable para evitar atropellar a los peatones, y los peatones tambi\u00e9n deben tener un cuidado razonable para cruzar una calle de manera segura. California tiene muchas leyes\u00a0<a href=\"https:\/\/safety.fhwa.dot.gov\/ped_bike\/ped_transit\/ped_transguide\/ch5.cfm\"><strong>regulan la seguridad de los peatones<\/strong><\/a>.\u00a0<\/p>\n<p>Por ejemplo, la sanci\u00f3n para un conductor que no cede el derecho de paso a un peat\u00f3n es de $220 cuando se trata de lesiones. La sanci\u00f3n por no ceder el paso a un peat\u00f3n ciego es m\u00e1s severa: una multa m\u00e1xima de $1,000 y\/o seis meses de prisi\u00f3n.<\/p>\n<p>En resumen, todos los conductores y peatones deben ser plenamente conscientes de su entorno inmediato. Seguir las leyes de derecho de paso puede absolver a un conductor de un acto delictivo, pero esto no minimizar\u00e1 su grado de culpa. Esto significa que incluso si una persona est\u00e1 cruzando la calle y no usa un cruce de peatones cuando un conductor tiene una luz verde, ese conductor a\u00fan tiene el deber de cuidado para evitar golpear al peat\u00f3n imprudente.\u00a0<\/p>\n<p>Del mismo modo, los peatones no pueden bajarse de la acera al azar cuando hay un autom\u00f3vil cerca. Tampoco pueden detenerse en medio de una intersecci\u00f3n o bloquear el tr\u00e1fico simplemente porque tienen el derecho de paso.\u00a0<\/p>\n<p><strong>Abogados de la Costa Oeste Siempre Est\u00e1 Aqu\u00ed para Ayudar<\/strong><\/p>\n<p>Si ha sufrido p\u00e9rdidas despu\u00e9s de un accidente peatonal, tiene derecho a responsabilizar a la parte culpable por sus p\u00e9rdidas. Un abogado de accidentes de peatones de Bakersfield en\u00a0<a href=\"\/\"><strong>Abogados de la Costa Oeste<\/strong><\/a> lo ayudar\u00e1 a recuperar una compensaci\u00f3n por las p\u00e9rdidas que ha sufrido, incluidas las facturas m\u00e9dicas, la angustia emocional, p\u00e9rdida de consorcio y m\u00e1s.\u00a0<\/p>\n<p>Cont\u00e1ctenos hoy llamando al\u00a0<strong>213-927-3700\u00a0<\/strong>o correo electr\u00f3nicos\u00a0<a href=\"mailto:info@westcoasttriallawyers.com\"><strong>info@westcoasttriallawyers.com<\/strong><\/a><strong>\u00a0<\/strong>para programar una consulta gratuita con nuestro equipo legal experimentado, atento y compasivo.<\/p>\n<p><!-- WCTL_DEBUG: no shortcode in this_content --><\/p>\n","protected":false},"excerpt":{"rendered":"<p>Los Riesgos que un Peat\u00f3n Puede Soportar Mientras est\u00e1 Fuera de Casa en Bakersfield Los peatones simplemente no tienen ninguna posibilidad contra la fuerza y \u200b\u200bel poder de un veh\u00edculo que se aproxima. Lamentablemente, siempre terminar\u00e1n en el lado perdedor de un accidente peatonal. Recientemente,\u00a0Bakersfield fue clasificada como la s\u00e9ptima \u00e1rea metropolitana m\u00e1s peligrosa de [&hellip;]<\/p>\n","protected":false},"author":475,"featured_media":47218,"parent":47337,"menu_order":0,"comment_status":"closed","ping_status":"closed","template":"","meta":{"inline_featured_image":false,"footnotes":""},"class_list":["post-12753","page","type-page","status-publish","has-post-thumbnail","hentry"],"acf":[],"yoast_head":"<!-- This site is optimized with the Yoast SEO Premium plugin v26.0 (Yoast SEO v26.0) - https:\/\/yoast.com\/wordpress\/plugins\/seo\/ -->\n<title>Abogado de Accidentes de Peatones de Bakersfield | West Coast Trial Lawyers<\/title>\n<meta name=\"robots\" content=\"index, follow, max-snippet:-1, max-image-preview:large, max-video-preview:-1\" \/>\n<link rel=\"canonical\" href=\"https:\/\/westcoasttriallawyers.com\/es\/california\/bakersfield\/abogado-de-accidentes-de-peatones-de-bakersfield\" \/>\n<meta property=\"og:locale\" content=\"es_ES\" \/>\n<meta property=\"og:type\" content=\"article\" \/>\n<meta property=\"og:title\" content=\"Abogado de Accidentes de Peatones de Bakersfield\" \/>\n<meta property=\"og:description\" content=\"Los Riesgos que un Peat\u00f3n Puede Soportar Mientras est\u00e1 Fuera de Casa en Bakersfield Los peatones simplemente no tienen ninguna posibilidad contra la fuerza y \u200b\u200bel poder de un veh\u00edculo que se aproxima. Lamentablemente, siempre terminar\u00e1n en el lado perdedor de un accidente peatonal. Recientemente,\u00a0Bakersfield fue clasificada como la s\u00e9ptima \u00e1rea metropolitana m\u00e1s peligrosa de [&hellip;]\" \/>\n<meta property=\"og:url\" content=\"https:\/\/westcoasttriallawyers.com\/es\/california\/bakersfield\/abogado-de-accidentes-de-peatones-de-bakersfield\" \/>\n<meta property=\"og:site_name\" content=\"West Coast Trial Lawyers\" \/>\n<meta property=\"article:publisher\" content=\"https:\/\/www.facebook.com\/westcoasttriallawyers\/\" \/>\n<meta property=\"article:modified_time\" content=\"2026-01-20T13:49:13+00:00\" \/>\n<meta property=\"og:image\" content=\"https:\/\/westcoasttriallawyers.com\/wp-content\/uploads\/2025\/07\/Bakersfield-23.webp\" \/>\n\t<meta property=\"og:image:width\" content=\"557\" \/>\n\t<meta property=\"og:image:height\" content=\"327\" \/>\n\t<meta property=\"og:image:type\" content=\"image\/webp\" \/>\n<meta name=\"twitter:card\" content=\"summary_large_image\" \/>\n<meta name=\"twitter:site\" content=\"@WestCoastTrial\" \/>\n<meta name=\"twitter:label1\" content=\"Tiempo de lectura\" \/>\n\t<meta name=\"twitter:data1\" content=\"6 minutos\" \/>\n<script type=\"application\/ld+json\" class=\"yoast-schema-graph\">{\"@context\":\"https:\/\/schema.org\",\"@graph\":[{\"@type\":[\"WebPage\",\"ItemPage\"],\"@id\":\"https:\/\/westcoasttriallawyers.com\/es\/california\/bakersfield\/abogado-de-accidentes-de-peatones-de-bakersfield\",\"url\":\"https:\/\/westcoasttriallawyers.com\/es\/california\/bakersfield\/abogado-de-accidentes-de-peatones-de-bakersfield\",\"name\":\"Abogado de Accidentes de Peatones de Bakersfield | West Coast Trial Lawyers\",\"isPartOf\":{\"@id\":\"https:\/\/westcoasttriallawyers.com\/es#website\"},\"primaryImageOfPage\":{\"@id\":\"https:\/\/westcoasttriallawyers.com\/es\/california\/bakersfield\/abogado-de-accidentes-de-peatones-de-bakersfield#primaryimage\"},\"image\":{\"@id\":\"https:\/\/westcoasttriallawyers.com\/es\/california\/bakersfield\/abogado-de-accidentes-de-peatones-de-bakersfield#primaryimage\"},\"thumbnailUrl\":\"https:\/\/westcoasttriallawyers.com\/wp-content\/uploads\/2025\/07\/Bakersfield-23.webp\",\"datePublished\":\"2026-01-14T18:56:04+00:00\",\"dateModified\":\"2026-01-20T13:49:13+00:00\",\"breadcrumb\":{\"@id\":\"https:\/\/westcoasttriallawyers.com\/es\/california\/bakersfield\/abogado-de-accidentes-de-peatones-de-bakersfield#breadcrumb\"},\"inLanguage\":\"es\",\"potentialAction\":[{\"@type\":\"ReadAction\",\"target\":[\"https:\/\/westcoasttriallawyers.com\/es\/california\/bakersfield\/abogado-de-accidentes-de-peatones-de-bakersfield\"]}]},{\"@type\":\"ImageObject\",\"inLanguage\":\"es\",\"@id\":\"https:\/\/westcoasttriallawyers.com\/es\/california\/bakersfield\/abogado-de-accidentes-de-peatones-de-bakersfield#primaryimage\",\"url\":\"https:\/\/westcoasttriallawyers.com\/wp-content\/uploads\/2025\/07\/Bakersfield-23.webp\",\"contentUrl\":\"https:\/\/westcoasttriallawyers.com\/wp-content\/uploads\/2025\/07\/Bakersfield-23.webp\",\"width\":557,\"height\":327},{\"@type\":\"BreadcrumbList\",\"@id\":\"https:\/\/westcoasttriallawyers.com\/es\/california\/bakersfield\/abogado-de-accidentes-de-peatones-de-bakersfield#breadcrumb\",\"itemListElement\":[{\"@type\":\"ListItem\",\"position\":1,\"name\":\"Inicio\",\"item\":\"https:\/\/westcoasttriallawyers.com\/es\"},{\"@type\":\"ListItem\",\"position\":2,\"name\":\"California\",\"item\":\"https:\/\/westcoasttriallawyers.com\/es\/california\"},{\"@type\":\"ListItem\",\"position\":3,\"name\":\"Bakersfield\",\"item\":\"https:\/\/westcoasttriallawyers.com\/es\/california\/bakersfield\"},{\"@type\":\"ListItem\",\"position\":4,\"name\":\"Abogado de Accidentes de Peatones de Bakersfield\"}]},{\"@type\":\"WebSite\",\"@id\":\"https:\/\/westcoasttriallawyers.com\/es#website\",\"url\":\"https:\/\/westcoasttriallawyers.com\/es\",\"name\":\"West Coast Trial Lawyers\",\"description\":\"West Coast Trial Lawyers\",\"publisher\":{\"@id\":\"https:\/\/westcoasttriallawyers.com\/es#organization\"},\"alternateName\":\"WCTL\",\"potentialAction\":[{\"@type\":\"SearchAction\",\"target\":{\"@type\":\"EntryPoint\",\"urlTemplate\":\"https:\/\/westcoasttriallawyers.com\/es?s={search_term_string}\"},\"query-input\":{\"@type\":\"PropertyValueSpecification\",\"valueRequired\":true,\"valueName\":\"search_term_string\"}}],\"inLanguage\":\"es\"},{\"@type\":\"Organization\",\"@id\":\"https:\/\/westcoasttriallawyers.com\/es#organization\",\"name\":\"West Coast Trial Lawyers\",\"alternateName\":\"WCTL\",\"url\":\"https:\/\/westcoasttriallawyers.com\/es\",\"logo\":{\"@type\":\"ImageObject\",\"inLanguage\":\"es\",\"@id\":\"https:\/\/westcoasttriallawyers.com\/es#\/schema\/logo\/image\/\",\"url\":\"https:\/\/westcoasttriallawyers.com\/wp-content\/uploads\/2026\/02\/WCTL-Logo.jpg\",\"contentUrl\":\"https:\/\/westcoasttriallawyers.com\/wp-content\/uploads\/2026\/02\/WCTL-Logo.jpg\",\"width\":696,\"height\":696,\"caption\":\"West Coast Trial Lawyers\"},\"image\":{\"@id\":\"https:\/\/westcoasttriallawyers.com\/es#\/schema\/logo\/image\/\"},\"sameAs\":[\"https:\/\/www.facebook.com\/westcoasttriallawyers\/\",\"https:\/\/x.com\/WestCoastTrial\",\"https:\/\/www.linkedin.com\/company\/west-coast-trial-lawyers\/\",\"https:\/\/www.instagram.com\/westcoasttriallawyers\/\",\"https:\/\/www.yelp.com\/biz\/west-coast-trial-lawyers-los-angeles-2\",\"https:\/\/www.pinterest.com\/westcoasttrial\/\",\"https:\/\/www.youtube.com\/westcoasttriallawyersla\/\",\"https:\/\/www.tiktok.com\/westcoasttriallawyers\"],\"description\":\"West Coast Trial Lawyers is a top-rated personal injury law firm with a goal to provide expert legal representation to those in need. The law firm has offices across California, Nevada, Arizona, and Washington.\",\"legalName\":\"West Coast Trial Lawyers\"}]}<\/script>\n<!-- \/ Yoast SEO Premium plugin. -->","yoast_head_json":{"title":"Abogado de Accidentes de Peatones de Bakersfield | West Coast Trial Lawyers","robots":{"index":"index","follow":"follow","max-snippet":"max-snippet:-1","max-image-preview":"max-image-preview:large","max-video-preview":"max-video-preview:-1"},"canonical":"https:\/\/westcoasttriallawyers.com\/es\/california\/bakersfield\/abogado-de-accidentes-de-peatones-de-bakersfield","og_locale":"es_ES","og_type":"article","og_title":"Abogado de Accidentes de Peatones de Bakersfield","og_description":"Los Riesgos que un Peat\u00f3n Puede Soportar Mientras est\u00e1 Fuera de Casa en Bakersfield Los peatones simplemente no tienen ninguna posibilidad contra la fuerza y \u200b\u200bel poder de un veh\u00edculo que se aproxima. Lamentablemente, siempre terminar\u00e1n en el lado perdedor de un accidente peatonal. Recientemente,\u00a0Bakersfield fue clasificada como la s\u00e9ptima \u00e1rea metropolitana m\u00e1s peligrosa de [&hellip;]","og_url":"https:\/\/westcoasttriallawyers.com\/es\/california\/bakersfield\/abogado-de-accidentes-de-peatones-de-bakersfield","og_site_name":"West Coast Trial Lawyers","article_publisher":"https:\/\/www.facebook.com\/westcoasttriallawyers\/","article_modified_time":"2026-01-20T13:49:13+00:00","og_image":[{"width":557,"height":327,"url":"https:\/\/westcoasttriallawyers.com\/wp-content\/uploads\/2025\/07\/Bakersfield-23.webp","type":"image\/webp"}],"twitter_card":"summary_large_image","twitter_site":"@WestCoastTrial","twitter_misc":{"Tiempo de lectura":"6 minutos"},"schema":{"@context":"https:\/\/schema.org","@graph":[{"@type":["WebPage","ItemPage"],"@id":"https:\/\/westcoasttriallawyers.com\/es\/california\/bakersfield\/abogado-de-accidentes-de-peatones-de-bakersfield","url":"https:\/\/westcoasttriallawyers.com\/es\/california\/bakersfield\/abogado-de-accidentes-de-peatones-de-bakersfield","name":"Abogado de Accidentes de Peatones de Bakersfield | West Coast Trial Lawyers","isPartOf":{"@id":"https:\/\/westcoasttriallawyers.com\/es#website"},"primaryImageOfPage":{"@id":"https:\/\/westcoasttriallawyers.com\/es\/california\/bakersfield\/abogado-de-accidentes-de-peatones-de-bakersfield#primaryimage"},"image":{"@id":"https:\/\/westcoasttriallawyers.com\/es\/california\/bakersfield\/abogado-de-accidentes-de-peatones-de-bakersfield#primaryimage"},"thumbnailUrl":"https:\/\/westcoasttriallawyers.com\/wp-content\/uploads\/2025\/07\/Bakersfield-23.webp","datePublished":"2026-01-14T18:56:04+00:00","dateModified":"2026-01-20T13:49:13+00:00","breadcrumb":{"@id":"https:\/\/westcoasttriallawyers.com\/es\/california\/bakersfield\/abogado-de-accidentes-de-peatones-de-bakersfield#breadcrumb"},"inLanguage":"es","potentialAction":[{"@type":"ReadAction","target":["https:\/\/westcoasttriallawyers.com\/es\/california\/bakersfield\/abogado-de-accidentes-de-peatones-de-bakersfield"]}]},{"@type":"ImageObject","inLanguage":"es","@id":"https:\/\/westcoasttriallawyers.com\/es\/california\/bakersfield\/abogado-de-accidentes-de-peatones-de-bakersfield#primaryimage","url":"https:\/\/westcoasttriallawyers.com\/wp-content\/uploads\/2025\/07\/Bakersfield-23.webp","contentUrl":"https:\/\/westcoasttriallawyers.com\/wp-content\/uploads\/2025\/07\/Bakersfield-23.webp","width":557,"height":327},{"@type":"BreadcrumbList","@id":"https:\/\/westcoasttriallawyers.com\/es\/california\/bakersfield\/abogado-de-accidentes-de-peatones-de-bakersfield#breadcrumb","itemListElement":[{"@type":"ListItem","position":1,"name":"Inicio","item":"https:\/\/westcoasttriallawyers.com\/es"},{"@type":"ListItem","position":2,"name":"California","item":"https:\/\/westcoasttriallawyers.com\/es\/california"},{"@type":"ListItem","position":3,"name":"Bakersfield","item":"https:\/\/westcoasttriallawyers.com\/es\/california\/bakersfield"},{"@type":"ListItem","position":4,"name":"Abogado de Accidentes de Peatones de Bakersfield"}]},{"@type":"WebSite","@id":"https:\/\/westcoasttriallawyers.com\/es#website","url":"https:\/\/westcoasttriallawyers.com\/es","name":"West Coast Trial Lawyers","description":"West Coast Trial Lawyers","publisher":{"@id":"https:\/\/westcoasttriallawyers.com\/es#organization"},"alternateName":"WCTL","potentialAction":[{"@type":"SearchAction","target":{"@type":"EntryPoint","urlTemplate":"https:\/\/westcoasttriallawyers.com\/es?s={search_term_string}"},"query-input":{"@type":"PropertyValueSpecification","valueRequired":true,"valueName":"search_term_string"}}],"inLanguage":"es"},{"@type":"Organization","@id":"https:\/\/westcoasttriallawyers.com\/es#organization","name":"West Coast Trial Lawyers","alternateName":"WCTL","url":"https:\/\/westcoasttriallawyers.com\/es","logo":{"@type":"ImageObject","inLanguage":"es","@id":"https:\/\/westcoasttriallawyers.com\/es#\/schema\/logo\/image\/","url":"https:\/\/westcoasttriallawyers.com\/wp-content\/uploads\/2026\/02\/WCTL-Logo.jpg","contentUrl":"https:\/\/westcoasttriallawyers.com\/wp-content\/uploads\/2026\/02\/WCTL-Logo.jpg","width":696,"height":696,"caption":"West Coast Trial Lawyers"},"image":{"@id":"https:\/\/westcoasttriallawyers.com\/es#\/schema\/logo\/image\/"},"sameAs":["https:\/\/www.facebook.com\/westcoasttriallawyers\/","https:\/\/x.com\/WestCoastTrial","https:\/\/www.linkedin.com\/company\/west-coast-trial-lawyers\/","https:\/\/www.instagram.com\/westcoasttriallawyers\/","https:\/\/www.yelp.com\/biz\/west-coast-trial-lawyers-los-angeles-2","https:\/\/www.pinterest.com\/westcoasttrial\/","https:\/\/www.youtube.com\/westcoasttriallawyersla\/","https:\/\/www.tiktok.com\/westcoasttriallawyers"],"description":"West Coast Trial Lawyers is a top-rated personal injury law firm with a goal to provide expert legal representation to those in need. The law firm has offices across California, Nevada, Arizona, and Washington.","legalName":"West Coast Trial Lawyers"}]}},"_links":{"self":[{"href":"https:\/\/westcoasttriallawyers.com\/es\/wp-json\/wp\/v2\/pages\/12753","targetHints":{"allow":["GET"]}}],"collection":[{"href":"https:\/\/westcoasttriallawyers.com\/es\/wp-json\/wp\/v2\/pages"}],"about":[{"href":"https:\/\/westcoasttriallawyers.com\/es\/wp-json\/wp\/v2\/types\/page"}],"author":[{"embeddable":true,"href":"https:\/\/westcoasttriallawyers.com\/es\/wp-json\/wp\/v2\/users\/475"}],"replies":[{"embeddable":true,"href":"https:\/\/westcoasttriallawyers.com\/es\/wp-json\/wp\/v2\/comments?post=12753"}],"version-history":[{"count":3,"href":"https:\/\/westcoasttriallawyers.com\/es\/wp-json\/wp\/v2\/pages\/12753\/revisions"}],"predecessor-version":[{"id":47528,"href":"https:\/\/westcoasttriallawyers.com\/es\/wp-json\/wp\/v2\/pages\/12753\/revisions\/47528"}],"up":[{"embeddable":true,"href":"https:\/\/westcoasttriallawyers.com\/es\/wp-json\/wp\/v2\/pages\/47337"}],"wp:featuredmedia":[{"embeddable":true,"href":"https:\/\/westcoasttriallawyers.com\/es\/wp-json\/wp\/v2\/media\/47218"}],"wp:attachment":[{"href":"https:\/\/westcoasttriallawyers.com\/es\/wp-json\/wp\/v2\/media?parent=12753"}],"curies":[{"name":"wp","href":"https:\/\/api.w.org\/{rel}","templated":true}]}}