{"id":12731,"date":"2026-01-14T17:59:23","date_gmt":"2026-01-14T17:59:23","guid":{"rendered":"https:\/\/wctl1stg.wpengine.com\/?page_id=12731"},"modified":"2026-01-22T11:25:29","modified_gmt":"2026-01-22T11:25:29","slug":"abogado-de-responsabilidad-de-locales-en-san-bernardino","status":"publish","type":"page","link":"https:\/\/westcoasttriallawyers.com\/es\/california\/san-bernardino\/abogado-de-responsabilidad-de-locales-en-san-bernardino","title":{"rendered":"Abogado de Responsabilidad de Locales en San Bernardino"},"content":{"rendered":"<h2><strong>\u00bfQu\u00e9 Tipos de Casos de Responsabilidad de Locales han Ocurrido en San Bernardino?<\/strong><\/h2>\n<p>Ya sea que se resbal\u00f3 en un piso mojado en Westside Plaza, tropez\u00f3 con un obst\u00e1culo en su supermercado local o se rompi\u00f3 una pierna al faltar un escal\u00f3n en la casa de un vecino, sus lesiones pueden ser graves y cambiarle la vida. Las reclamaciones de responsabilidad de locales abarcan m\u00e1s que solo estos ejemplos. Si ha sufrido lesiones en un incidente de responsabilidad de locales en la ciudad de\u00a0<strong>San Bernardino<\/strong>, puede tener derecho a da\u00f1os compensatorios.\u00a0<\/p>\n<p>En West Coast Trial Lawyers, nuestros<strong> abogados de responsabilidad de locales de San Bernardino<\/strong> tienen m\u00e1s de 60 a\u00f1os de experiencia legal colectiva en el manejo de casos de lesiones personales. Con nuestro historial de recuperaci\u00f3n de m\u00e1s de mil millones de d\u00f3lares en acuerdos para clientes, estamos seguros de que le obtendremos la compensaci\u00f3n m\u00e1xima que merece por sus p\u00e9rdidas.compensaci\u00f3n recuperable puede incluir:\u00a0<\/p>\n<ul>\n<li><a href=\"\/emotional-distress\/\"><strong>Angustia emocional<\/strong><\/a><\/li>\n<li>Salarios perdidos\u00a0<\/li>\n<li>propiedad<\/li>\n<li>Facturas m\u00e9dicas\u00a0<\/li>\n<li><a href=\"\/ca\/los-angeles-car-accidents-lawyer\/loss-of-consortium\/\"><strong>P\u00e9rdida de consorcio<\/strong><\/a><\/li>\n<\/ul>\n<p>No dude en comunicarse con nuestro equipo legal las 24 horas, los 7 d\u00edas de la semana llamando al\u00a0<strong>213-927-3700\u00a0<\/strong>o enviando un correo electr\u00f3nico\u00a0<a href=\"mailto:info@westcoasttriallawyers.com\"><strong>info@westcoasttriallawyers.com<\/strong><\/a> para programar una consulta gratuita en nuestro\u00a0<strong>bufete de abogados de lesiones personales de San Bernardino.\u00a0<\/strong><\/p>\n<h2><strong>Ley de Responsabilidad de Locales en San Bernardino<\/strong><\/h2>\n<p>Por ejemplo, si todos los propietarios de un determinado vecindario contratan personal de seguridad, ese mismo est\u00e1ndar tambi\u00e9n se aplicar\u00eda a todos los propietarios de los alrededores. Cuando se trata de determinar si el propietario o administrador de una propiedad incumpli\u00f3 su deber de cuidado, se considerar\u00e1 lo siguiente:<\/p>\n<ul>\n<li>\u00bfQu\u00e9 probabilidad hay de que ocurra una lesi\u00f3n dadas las circunstancias?<\/li>\n<li>\u00bfQu\u00e9 tan grave podr\u00eda ser tal lesi\u00f3n en estas circunstancias?<\/li>\n<li>\u00bfEl propietario sab\u00eda o deber\u00eda haber sabido acerca de la condici\u00f3n peligrosa que caus\u00f3 el accidente?<\/li>\n<li>\u00bfD\u00f3nde est\u00e1 localizada la propiedad?<\/li>\n<li>\u00bfQu\u00e9 carga hubiera significado minimizar o eliminar la condici\u00f3n peligrosa?<\/li>\n<li>\u00bfCu\u00e1nto control ten\u00eda el due\u00f1o de la propiedad sobre la condici\u00f3n peligrosa?<\/li>\n<\/ul>\n<p><strong>Escaleras heladas o mojadas<\/strong><\/p>\n<p>Una acumulaci\u00f3n de lluvia, nieve o hielo en las escaleras exteriores puede convertirse en un gran peligro de resbalones y ca\u00eddas. Los propietarios que son conscientes de que las escaleras exteriores de su propiedad tienden a acumular agua o hielo tienen la responsabilidad de abordar el problema, especialmente porque ya conocen el peligro. El no abordar un peligro razonablemente previsible puede imponer responsabilidad por negligencia.\u00a0<\/p>\n<p><strong>Superficies resbaladizas<\/strong><\/p>\n<p>Otro peligro com\u00fan relacionado con las escaleras es un escal\u00f3n desgastado que es especialmente resbaladizo. Y, sin embargo, un escenario a\u00fan m\u00e1s peligroso involucra escaleras de madera o baldosas que son extremadamente resbaladizas. Si el propietario de una propiedad es plenamente consciente de estas condiciones, se espera que resuelva el problema lo antes posible. De lo contrario, ser\u00e1n responsables de las lesiones que ocurran en las escaleras.<\/p>\n<p><strong>Pasamanos inadecuados<\/strong><\/p>\n<p>Se requieren pasamanos apropiados para la mayor\u00eda de los tipos de escaleras. Si alguien sufri\u00f3 una ca\u00edda en las escaleras que legalmente deb\u00edan tener pasamanos y el due\u00f1o de la propiedad no los instala, es probable que sea responsable de las lesiones causadas como resultado de su incumplimiento. Tambi\u00e9n existen c\u00f3digos de construcci\u00f3n que establecen que los pasamanos deben tener una altura o un ancho espec\u00edficos. Los pasamanos instalados incorrectamente tambi\u00e9n pueden causar que alguien sufra una ca\u00edda grave, incluso si las escaleras reales fueran perfectamente seguras.\u00a0<\/p>\n<p><strong>Responsabilidad de Locales y Accidentes en Tiendas<\/strong><\/p>\n<p>crea o no, las tiendas de abarrotes son uno de los lugares m\u00e1s comunes donde pueden ocurrir accidentes serios de responsabilidad de locales. Desde la tienda de la esquina hasta las cadenas minoristas m\u00e1s grandes, todas las tiendas de comestibles est\u00e1n obligadas por la ley de California a cumplir con el deber de cuidar a sus clientes y brindar condiciones razonablemente seguras.\u00a0<\/p>\n<p>La seguridad se debe a cada individuo desde el momento en que ingresa a las instalaciones. Por ejemplo, si un cliente de una tienda de comestibles tropieza con la mercanc\u00eda, se resbala en el piso o sufre una agresi\u00f3n f\u00edsica en la propiedad de la tienda de comestibles, \u00e9l o ella puede tener derecho a una compensaci\u00f3n por sus lesiones y p\u00e9rdida de propiedad.\u00a0<\/p>\n<p>Con mucho, el tipo m\u00e1s recurrente de accidente en una tienda de comestibles es un resbal\u00f3n y una ca\u00edda causados \u200b\u200bpor un piso mojado. No hace falta decirlo, pero si los derrames no se limpian de inmediato, aumentan sustancialmente las posibilidades de que ocurra un accidente. Un resbal\u00f3n y una ca\u00edda tienden a ocurrir cuando no hay se\u00f1ales que adviertan a los clientes sobre el peligro potencial. Los ancianos, en particular, son muy vulnerables a sufrir lesiones graves como resultado de resbalones y ca\u00eddas prevenibles. Desafortunadamente, es com\u00fan que los ancianos se rompan los huesos o quedan discapacitados permanentemente, seg\u00fan la gravedad de la ca\u00edda.<\/p>\n<p>Otra fuente bien conocida de accidentes en tiendas de comestibles son los objetos que caen. A veces, los compradores pueden alcanzar inocentemente una lata de verduras en un estante alto. De repente, otros objetos pesados \u200b\u200bpueden caer sobre su cabeza. En los peores casos, un estante completo de productos pesados \u200b\u200bpuede caer sobre el \u00e1rea de la cabeza y el cuello de un comprador, causando lesiones graves o incluso la muerte.<\/p>\n<p>Finalmente, es importante comprender que los accidentes en las tiendas de comestibles tampoco se limitan solo a la tienda real. Hay otro tipo de accidente en la tienda de comestibles que tambi\u00e9n puede ocurrir en el estacionamiento.\u00a0<\/p>\n<p>Por ejemplo, un comprador puede lesionarse con un carrito de compras o incluso con otra persona. Es posible que una v\u00edctima sea agredida por otro comprador en el estacionamiento de una tienda de comestibles, o incluso que la atropelle un autom\u00f3vil.<\/p>\n<p><strong>Los Abogados de la Costa Oeste Siempre Est\u00e1n aqu\u00ed Para Ayudarlo<\/strong><\/p>\n<p>Si estuvo involucrado en un accidente de responsabilidad de locales y le gustar\u00eda emprender acciones legales contra el due\u00f1o de la propiedad,\u00a0<a href=\"\/\"><strong>en Los Abogados de la Costa Oeste tienen Abogados<\/strong><\/a> con experiencia en responsabilidad de locales de San Bernardino que est\u00e1n disponibles para ayudarlo con su caso. Le ayudaremos a obtener la justicia y la compensaci\u00f3n que se merece.\u00a0<\/p>\n<p>No dude en comunicarse con nuestro equipo legal las 24 horas, los 7 d\u00edas de la semana llamando al\u00a0<strong>213-927-3700\u00a0<\/strong>o enviando un correo electr\u00f3nico\u00a0<a href=\"mailto:info@westcoasttriallawyers.com\">a<strong> info@westcoasttriallawyers.com<\/strong><\/a><strong>\u00a0<\/strong>para programar una consulta gratuita en nuestro bufete de abogados de lesiones personales de San Bernardino.\u00a0<\/p>\n<p><!-- WCTL_DEBUG: no shortcode in this_content --><\/p>\n","protected":false},"excerpt":{"rendered":"<p>\u00bfQu\u00e9 Tipos de Casos de Responsabilidad de Locales han Ocurrido en San Bernardino? Ya sea que se resbal\u00f3 en un piso mojado en Westside Plaza, tropez\u00f3 con un obst\u00e1culo en su supermercado local o se rompi\u00f3 una pierna al faltar un escal\u00f3n en la casa de un vecino, sus lesiones pueden ser graves y cambiarle [&hellip;]<\/p>\n","protected":false},"author":475,"featured_media":46801,"parent":47392,"menu_order":0,"comment_status":"closed","ping_status":"closed","template":"","meta":{"inline_featured_image":false,"footnotes":""},"class_list":["post-12731","page","type-page","status-publish","has-post-thumbnail","hentry"],"acf":[],"yoast_head":"<!-- This site is optimized with the Yoast SEO Premium plugin v26.0 (Yoast SEO v26.0) - https:\/\/yoast.com\/wordpress\/plugins\/seo\/ -->\n<title>Abogado de Responsabilidad de Locales en San Bernardino | West Coast Trial Lawyers<\/title>\n<meta name=\"robots\" content=\"index, follow, max-snippet:-1, max-image-preview:large, max-video-preview:-1\" \/>\n<link rel=\"canonical\" href=\"https:\/\/westcoasttriallawyers.com\/es\/california\/san-bernardino\/abogado-de-responsabilidad-de-locales-en-san-bernardino\" \/>\n<meta property=\"og:locale\" content=\"es_ES\" \/>\n<meta property=\"og:type\" content=\"article\" \/>\n<meta property=\"og:title\" content=\"Abogado de Responsabilidad de Locales en San Bernardino\" \/>\n<meta property=\"og:description\" content=\"\u00bfQu\u00e9 Tipos de Casos de Responsabilidad de Locales han Ocurrido en San Bernardino? Ya sea que se resbal\u00f3 en un piso mojado en Westside Plaza, tropez\u00f3 con un obst\u00e1culo en su supermercado local o se rompi\u00f3 una pierna al faltar un escal\u00f3n en la casa de un vecino, sus lesiones pueden ser graves y cambiarle [&hellip;]\" \/>\n<meta property=\"og:url\" content=\"https:\/\/westcoasttriallawyers.com\/es\/california\/san-bernardino\/abogado-de-responsabilidad-de-locales-en-san-bernardino\" \/>\n<meta property=\"og:site_name\" content=\"West Coast Trial Lawyers\" \/>\n<meta property=\"article:publisher\" content=\"https:\/\/www.facebook.com\/westcoasttriallawyers\/\" \/>\n<meta property=\"article:modified_time\" content=\"2026-01-22T11:25:29+00:00\" \/>\n<meta property=\"og:image\" content=\"https:\/\/westcoasttriallawyers.com\/wp-content\/uploads\/2025\/07\/city-img-4-1.webp\" \/>\n\t<meta property=\"og:image:width\" content=\"557\" \/>\n\t<meta property=\"og:image:height\" content=\"329\" \/>\n\t<meta property=\"og:image:type\" content=\"image\/webp\" \/>\n<meta name=\"twitter:card\" content=\"summary_large_image\" \/>\n<meta name=\"twitter:site\" content=\"@WestCoastTrial\" \/>\n<meta name=\"twitter:label1\" content=\"Tiempo de lectura\" \/>\n\t<meta name=\"twitter:data1\" content=\"8 minutos\" \/>\n<script type=\"application\/ld+json\" class=\"yoast-schema-graph\">{\"@context\":\"https:\/\/schema.org\",\"@graph\":[{\"@type\":[\"WebPage\",\"ItemPage\"],\"@id\":\"https:\/\/westcoasttriallawyers.com\/es\/california\/san-bernardino\/abogado-de-responsabilidad-de-locales-en-san-bernardino\",\"url\":\"https:\/\/westcoasttriallawyers.com\/es\/california\/san-bernardino\/abogado-de-responsabilidad-de-locales-en-san-bernardino\",\"name\":\"Abogado de Responsabilidad de Locales en San Bernardino | West Coast Trial Lawyers\",\"isPartOf\":{\"@id\":\"https:\/\/westcoasttriallawyers.com\/es#website\"},\"primaryImageOfPage\":{\"@id\":\"https:\/\/westcoasttriallawyers.com\/es\/california\/san-bernardino\/abogado-de-responsabilidad-de-locales-en-san-bernardino#primaryimage\"},\"image\":{\"@id\":\"https:\/\/westcoasttriallawyers.com\/es\/california\/san-bernardino\/abogado-de-responsabilidad-de-locales-en-san-bernardino#primaryimage\"},\"thumbnailUrl\":\"https:\/\/westcoasttriallawyers.com\/wp-content\/uploads\/2025\/07\/city-img-4-1.webp\",\"datePublished\":\"2026-01-14T17:59:23+00:00\",\"dateModified\":\"2026-01-22T11:25:29+00:00\",\"breadcrumb\":{\"@id\":\"https:\/\/westcoasttriallawyers.com\/es\/california\/san-bernardino\/abogado-de-responsabilidad-de-locales-en-san-bernardino#breadcrumb\"},\"inLanguage\":\"es\",\"potentialAction\":[{\"@type\":\"ReadAction\",\"target\":[\"https:\/\/westcoasttriallawyers.com\/es\/california\/san-bernardino\/abogado-de-responsabilidad-de-locales-en-san-bernardino\"]}]},{\"@type\":\"ImageObject\",\"inLanguage\":\"es\",\"@id\":\"https:\/\/westcoasttriallawyers.com\/es\/california\/san-bernardino\/abogado-de-responsabilidad-de-locales-en-san-bernardino#primaryimage\",\"url\":\"https:\/\/westcoasttriallawyers.com\/wp-content\/uploads\/2025\/07\/city-img-4-1.webp\",\"contentUrl\":\"https:\/\/westcoasttriallawyers.com\/wp-content\/uploads\/2025\/07\/city-img-4-1.webp\",\"width\":557,\"height\":329},{\"@type\":\"BreadcrumbList\",\"@id\":\"https:\/\/westcoasttriallawyers.com\/es\/california\/san-bernardino\/abogado-de-responsabilidad-de-locales-en-san-bernardino#breadcrumb\",\"itemListElement\":[{\"@type\":\"ListItem\",\"position\":1,\"name\":\"Inicio\",\"item\":\"https:\/\/westcoasttriallawyers.com\/es\"},{\"@type\":\"ListItem\",\"position\":2,\"name\":\"California\",\"item\":\"https:\/\/westcoasttriallawyers.com\/es\/california\"},{\"@type\":\"ListItem\",\"position\":3,\"name\":\"San Bernardino\",\"item\":\"https:\/\/westcoasttriallawyers.com\/es\/california\/san-bernardino\"},{\"@type\":\"ListItem\",\"position\":4,\"name\":\"Abogado de Responsabilidad de Locales en San Bernardino\"}]},{\"@type\":\"WebSite\",\"@id\":\"https:\/\/westcoasttriallawyers.com\/es#website\",\"url\":\"https:\/\/westcoasttriallawyers.com\/es\",\"name\":\"West Coast Trial Lawyers\",\"description\":\"West Coast Trial Lawyers\",\"publisher\":{\"@id\":\"https:\/\/westcoasttriallawyers.com\/es#organization\"},\"alternateName\":\"WCTL\",\"potentialAction\":[{\"@type\":\"SearchAction\",\"target\":{\"@type\":\"EntryPoint\",\"urlTemplate\":\"https:\/\/westcoasttriallawyers.com\/es?s={search_term_string}\"},\"query-input\":{\"@type\":\"PropertyValueSpecification\",\"valueRequired\":true,\"valueName\":\"search_term_string\"}}],\"inLanguage\":\"es\"},{\"@type\":\"Organization\",\"@id\":\"https:\/\/westcoasttriallawyers.com\/es#organization\",\"name\":\"West Coast Trial Lawyers\",\"alternateName\":\"WCTL\",\"url\":\"https:\/\/westcoasttriallawyers.com\/es\",\"logo\":{\"@type\":\"ImageObject\",\"inLanguage\":\"es\",\"@id\":\"https:\/\/westcoasttriallawyers.com\/es#\/schema\/logo\/image\/\",\"url\":\"https:\/\/westcoasttriallawyers.com\/wp-content\/uploads\/2026\/02\/WCTL-Logo.jpg\",\"contentUrl\":\"https:\/\/westcoasttriallawyers.com\/wp-content\/uploads\/2026\/02\/WCTL-Logo.jpg\",\"width\":696,\"height\":696,\"caption\":\"West Coast Trial Lawyers\"},\"image\":{\"@id\":\"https:\/\/westcoasttriallawyers.com\/es#\/schema\/logo\/image\/\"},\"sameAs\":[\"https:\/\/www.facebook.com\/westcoasttriallawyers\/\",\"https:\/\/x.com\/WestCoastTrial\",\"https:\/\/www.linkedin.com\/company\/west-coast-trial-lawyers\/\",\"https:\/\/www.instagram.com\/westcoasttriallawyers\/\",\"https:\/\/www.yelp.com\/biz\/west-coast-trial-lawyers-los-angeles-2\",\"https:\/\/www.pinterest.com\/westcoasttrial\/\",\"https:\/\/www.youtube.com\/westcoasttriallawyersla\/\",\"https:\/\/www.tiktok.com\/westcoasttriallawyers\"],\"description\":\"West Coast Trial Lawyers is a top-rated personal injury law firm with a goal to provide expert legal representation to those in need. The law firm has offices across California, Nevada, Arizona, and Washington.\",\"legalName\":\"West Coast Trial Lawyers\"}]}<\/script>\n<!-- \/ Yoast SEO Premium plugin. -->","yoast_head_json":{"title":"Abogado de Responsabilidad de Locales en San Bernardino | West Coast Trial Lawyers","robots":{"index":"index","follow":"follow","max-snippet":"max-snippet:-1","max-image-preview":"max-image-preview:large","max-video-preview":"max-video-preview:-1"},"canonical":"https:\/\/westcoasttriallawyers.com\/es\/california\/san-bernardino\/abogado-de-responsabilidad-de-locales-en-san-bernardino","og_locale":"es_ES","og_type":"article","og_title":"Abogado de Responsabilidad de Locales en San Bernardino","og_description":"\u00bfQu\u00e9 Tipos de Casos de Responsabilidad de Locales han Ocurrido en San Bernardino? Ya sea que se resbal\u00f3 en un piso mojado en Westside Plaza, tropez\u00f3 con un obst\u00e1culo en su supermercado local o se rompi\u00f3 una pierna al faltar un escal\u00f3n en la casa de un vecino, sus lesiones pueden ser graves y cambiarle [&hellip;]","og_url":"https:\/\/westcoasttriallawyers.com\/es\/california\/san-bernardino\/abogado-de-responsabilidad-de-locales-en-san-bernardino","og_site_name":"West Coast Trial Lawyers","article_publisher":"https:\/\/www.facebook.com\/westcoasttriallawyers\/","article_modified_time":"2026-01-22T11:25:29+00:00","og_image":[{"width":557,"height":329,"url":"https:\/\/westcoasttriallawyers.com\/wp-content\/uploads\/2025\/07\/city-img-4-1.webp","type":"image\/webp"}],"twitter_card":"summary_large_image","twitter_site":"@WestCoastTrial","twitter_misc":{"Tiempo de lectura":"8 minutos"},"schema":{"@context":"https:\/\/schema.org","@graph":[{"@type":["WebPage","ItemPage"],"@id":"https:\/\/westcoasttriallawyers.com\/es\/california\/san-bernardino\/abogado-de-responsabilidad-de-locales-en-san-bernardino","url":"https:\/\/westcoasttriallawyers.com\/es\/california\/san-bernardino\/abogado-de-responsabilidad-de-locales-en-san-bernardino","name":"Abogado de Responsabilidad de Locales en San Bernardino | West Coast Trial Lawyers","isPartOf":{"@id":"https:\/\/westcoasttriallawyers.com\/es#website"},"primaryImageOfPage":{"@id":"https:\/\/westcoasttriallawyers.com\/es\/california\/san-bernardino\/abogado-de-responsabilidad-de-locales-en-san-bernardino#primaryimage"},"image":{"@id":"https:\/\/westcoasttriallawyers.com\/es\/california\/san-bernardino\/abogado-de-responsabilidad-de-locales-en-san-bernardino#primaryimage"},"thumbnailUrl":"https:\/\/westcoasttriallawyers.com\/wp-content\/uploads\/2025\/07\/city-img-4-1.webp","datePublished":"2026-01-14T17:59:23+00:00","dateModified":"2026-01-22T11:25:29+00:00","breadcrumb":{"@id":"https:\/\/westcoasttriallawyers.com\/es\/california\/san-bernardino\/abogado-de-responsabilidad-de-locales-en-san-bernardino#breadcrumb"},"inLanguage":"es","potentialAction":[{"@type":"ReadAction","target":["https:\/\/westcoasttriallawyers.com\/es\/california\/san-bernardino\/abogado-de-responsabilidad-de-locales-en-san-bernardino"]}]},{"@type":"ImageObject","inLanguage":"es","@id":"https:\/\/westcoasttriallawyers.com\/es\/california\/san-bernardino\/abogado-de-responsabilidad-de-locales-en-san-bernardino#primaryimage","url":"https:\/\/westcoasttriallawyers.com\/wp-content\/uploads\/2025\/07\/city-img-4-1.webp","contentUrl":"https:\/\/westcoasttriallawyers.com\/wp-content\/uploads\/2025\/07\/city-img-4-1.webp","width":557,"height":329},{"@type":"BreadcrumbList","@id":"https:\/\/westcoasttriallawyers.com\/es\/california\/san-bernardino\/abogado-de-responsabilidad-de-locales-en-san-bernardino#breadcrumb","itemListElement":[{"@type":"ListItem","position":1,"name":"Inicio","item":"https:\/\/westcoasttriallawyers.com\/es"},{"@type":"ListItem","position":2,"name":"California","item":"https:\/\/westcoasttriallawyers.com\/es\/california"},{"@type":"ListItem","position":3,"name":"San Bernardino","item":"https:\/\/westcoasttriallawyers.com\/es\/california\/san-bernardino"},{"@type":"ListItem","position":4,"name":"Abogado de Responsabilidad de Locales en San Bernardino"}]},{"@type":"WebSite","@id":"https:\/\/westcoasttriallawyers.com\/es#website","url":"https:\/\/westcoasttriallawyers.com\/es","name":"West Coast Trial Lawyers","description":"West Coast Trial Lawyers","publisher":{"@id":"https:\/\/westcoasttriallawyers.com\/es#organization"},"alternateName":"WCTL","potentialAction":[{"@type":"SearchAction","target":{"@type":"EntryPoint","urlTemplate":"https:\/\/westcoasttriallawyers.com\/es?s={search_term_string}"},"query-input":{"@type":"PropertyValueSpecification","valueRequired":true,"valueName":"search_term_string"}}],"inLanguage":"es"},{"@type":"Organization","@id":"https:\/\/westcoasttriallawyers.com\/es#organization","name":"West Coast Trial Lawyers","alternateName":"WCTL","url":"https:\/\/westcoasttriallawyers.com\/es","logo":{"@type":"ImageObject","inLanguage":"es","@id":"https:\/\/westcoasttriallawyers.com\/es#\/schema\/logo\/image\/","url":"https:\/\/westcoasttriallawyers.com\/wp-content\/uploads\/2026\/02\/WCTL-Logo.jpg","contentUrl":"https:\/\/westcoasttriallawyers.com\/wp-content\/uploads\/2026\/02\/WCTL-Logo.jpg","width":696,"height":696,"caption":"West Coast Trial Lawyers"},"image":{"@id":"https:\/\/westcoasttriallawyers.com\/es#\/schema\/logo\/image\/"},"sameAs":["https:\/\/www.facebook.com\/westcoasttriallawyers\/","https:\/\/x.com\/WestCoastTrial","https:\/\/www.linkedin.com\/company\/west-coast-trial-lawyers\/","https:\/\/www.instagram.com\/westcoasttriallawyers\/","https:\/\/www.yelp.com\/biz\/west-coast-trial-lawyers-los-angeles-2","https:\/\/www.pinterest.com\/westcoasttrial\/","https:\/\/www.youtube.com\/westcoasttriallawyersla\/","https:\/\/www.tiktok.com\/westcoasttriallawyers"],"description":"West Coast Trial Lawyers is a top-rated personal injury law firm with a goal to provide expert legal representation to those in need. The law firm has offices across California, Nevada, Arizona, and Washington.","legalName":"West Coast Trial Lawyers"}]}},"_links":{"self":[{"href":"https:\/\/westcoasttriallawyers.com\/es\/wp-json\/wp\/v2\/pages\/12731","targetHints":{"allow":["GET"]}}],"collection":[{"href":"https:\/\/westcoasttriallawyers.com\/es\/wp-json\/wp\/v2\/pages"}],"about":[{"href":"https:\/\/westcoasttriallawyers.com\/es\/wp-json\/wp\/v2\/types\/page"}],"author":[{"embeddable":true,"href":"https:\/\/westcoasttriallawyers.com\/es\/wp-json\/wp\/v2\/users\/475"}],"replies":[{"embeddable":true,"href":"https:\/\/westcoasttriallawyers.com\/es\/wp-json\/wp\/v2\/comments?post=12731"}],"version-history":[{"count":3,"href":"https:\/\/westcoasttriallawyers.com\/es\/wp-json\/wp\/v2\/pages\/12731\/revisions"}],"predecessor-version":[{"id":47881,"href":"https:\/\/westcoasttriallawyers.com\/es\/wp-json\/wp\/v2\/pages\/12731\/revisions\/47881"}],"up":[{"embeddable":true,"href":"https:\/\/westcoasttriallawyers.com\/es\/wp-json\/wp\/v2\/pages\/47392"}],"wp:featuredmedia":[{"embeddable":true,"href":"https:\/\/westcoasttriallawyers.com\/es\/wp-json\/wp\/v2\/media\/46801"}],"wp:attachment":[{"href":"https:\/\/westcoasttriallawyers.com\/es\/wp-json\/wp\/v2\/media?parent=12731"}],"curies":[{"name":"wp","href":"https:\/\/api.w.org\/{rel}","templated":true}]}}