{"id":12729,"date":"2026-01-14T17:59:27","date_gmt":"2026-01-14T17:59:27","guid":{"rendered":"https:\/\/wctl1stg.wpengine.com\/?page_id=12729"},"modified":"2026-01-22T11:36:39","modified_gmt":"2026-01-22T11:36:39","slug":"abogado-de-accidentes-de-uber-y-lyft-en-san-bernardino","status":"publish","type":"page","link":"https:\/\/westcoasttriallawyers.com\/es\/california\/san-bernardino\/abogado-de-accidentes-de-uber-y-lyft-en-san-bernardino","title":{"rendered":"Abogado de Accidentes de Uber y Lyft en San Bernardino"},"content":{"rendered":"<h2><strong>\u00bfCu\u00e1l es la diferencia entre Uber y Lyft?<\/strong><\/h2>\n<p>Los servicios de viajes compartidos ahora son omnipresentes en<strong> San Bernardino.<\/strong> Varios servicios est\u00e1n disponibles y son ampliamente utilizados por los residentes de la ciudad, siendo los m\u00e1s populares Uber y Lyft. \u00bfNo tienes coche? \u00bfEst\u00e1 tu coche en el taller? \u00bfTomaste demasiados tragos? Todo lo que tiene que hacer es descargar una aplicaci\u00f3n de tel\u00e9fono m\u00f3vil, y puede estar en camino a su destino en menos tiempo que un taxi y a un costo reducido.<\/p>\n<p>Compartir viaje parece un sue\u00f1o, pero no siempre es as\u00ed para todos los pasajeros. Aunque los conductores de Uber y Lyft son examinados rigurosamente, no son inmunes a cometer errores y tener accidentes. Debido a que estos accidentes involucran a grandes empresas y contratistas independientes que a menudo trabajan muchas horas, pueden ser complejos y requieren la ayuda de un buen abogado de lesiones personales. De hecho, este tipo de accidentes se han vuelto tan dif\u00edciles de manejar para el residente promedio de San Bernardino, que ahora hay especialistas disponibles para ayudarlo.\u00a0<\/p>\n<p>En West Coast Trial Lawyers, nuestros\u00a0<strong>abogados de accidentes de Uber y Lyft en San Bernardino\u00a0<\/strong>tienen m\u00e1s de 60 a\u00f1os de experiencia legal colectiva en el manejo de casos de lesiones personales. Con nuestro historial de ganar m\u00e1s de $1 mil millones en acuerdos para nuestros clientes, hemos sido reconocidos como uno de los principales bufetes de abogados de lesiones personales en San Bernardino.\u00a0<\/p>\n<p>Para programar una consulta gratuita en nuestro\u00a0<strong>bufete de abogados de lesiones personales de San Bernardino<\/strong>, comun\u00edquese con nuestro equipo legal las 24 horas, los 7 d\u00edas de la semana llamando al\u00a0<strong>213-927-3700<\/strong> o correo electr\u00f3nico\u00a0<a href=\"mailto:info@westcoasttriallawyers.com\"><strong>a info@westcoasttriallawyers.com<\/strong><\/a>.<\/p>\n<p><strong>Uber y Lyft<\/strong><\/p>\n<p>Uber y Lyft son las dos empresas de viajes compartidos m\u00e1s populares en San Bernardino. Aunque tanto los taxis como los viajes compartidos, reconocidos legalmente como Compa\u00f1\u00edas de Redes de Transporte (TNC), est\u00e1n regulados por la Comisi\u00f3n de Servicios P\u00fablicos de California (CPC), los dos tipos de servicios tienen varias diferencias importantes:<\/p>\n<ul>\n<li>Los conductores de viajes compartidos pueden elegir a quienes aceptan como pasajeros.<\/li>\n<li>Los conductores de Uber y Lyft operan veh\u00edculos privados y son responsables de todos los costos, incluidos el mantenimiento y el combustible.<\/li>\n<li>Los veh\u00edculos utilizados en las ETN no est\u00e1n obligados a tener carteles o pantallas claramente visibles.<\/li>\n<li>Los operadores de Uber y Lyft pueden trabajar en cualquier momento que deseen.<\/li>\n<\/ul>\n<p>Una diferencia importante entre las TNC y los taxis es que se requiere que los taxis tengan p\u00f3lizas de seguro comercial que permanezcan vigentes en todo momento, mientras que los conductores de viajes compartidos tienen seguro de autom\u00f3vil tanto privado como de la empresa. Cu\u00e1l est\u00e1 vigente en el momento de un accidente depende de la situaci\u00f3n espec\u00edfica del conductor.<\/p>\n<p><strong>Seguro de auto Uber y Lyft<\/strong><\/p>\n<p><a href=\"https:\/\/www.uber.com\/us\/en\/drive\/insurance\/\"><strong>Uber<\/strong><\/a> y<strong>\u00a0<\/strong><a href=\"https:\/\/www.lyft.com\/driver\/insurance\"><strong>Lyft<\/strong><\/a> la cobertura de seguro de autom\u00f3vil var\u00eda seg\u00fan lo que se conoce como per\u00edodos. En cada per\u00edodo, puede existir una cobertura diferente.<\/p>\n<ul>\n<li><strong>Per\u00edodo 0:<\/strong> la aplicaci\u00f3n de un conductor est\u00e1 desactivada. Cualquier accidente que se produzca durante este tiempo deber\u00e1 estar cubierto por el seguro de autom\u00f3vil personal del conductor.<\/li>\n<li><strong>Per\u00edodo 1<\/strong> : un conductor est\u00e1 en l\u00ednea y esperando una solicitud. Si ocurre un accidente durante este per\u00edodo, Uber y Lyft proporcionar\u00e1n $50,000 por lesiones corporales por persona\/$100,000 por lesiones corporales por accidente\/$25,000 por da\u00f1os a la propiedad por accidente si su seguro personal no se aplica.\u00a0<\/li>\n<li><strong>Per\u00edodo 2:<\/strong> un conductor est\u00e1 recogiendo o dejando a un pasajero. Si ocurre un accidente durante este per\u00edodo, Uber y Lyft proporcionar\u00e1n $1,000,000 por responsabilidad de terceros, cobertura de motorista sin seguro o con seguro insuficiente (UM\/UIM) y cobertura integral contingente y de colisi\u00f3n hasta el valor real en efectivo del veh\u00edculo (deducible de $2,500) .\u00a0<\/li>\n<\/ul>\n<p><strong>Responsabilidad en un Accidente de Uber o Lyft<\/strong><\/p>\n<p>La responsabilidad en California se basa en la negligencia, que determina qui\u00e9n caus\u00f3 el da\u00f1o en el accidente y cu\u00e1nto da\u00f1o sufri\u00f3. Los conductores son negligentes cuando toman acciones descuidadas o se involucran en un comportamiento imprudente. Si el conductor del viaje compartido viol\u00f3 la ley, la responsabilidad puede ser una simple determinaci\u00f3n.<\/p>\n<p>Algunos ejemplos de comportamiento negligente incluyen los siguientes:<\/p>\n<ul>\n<li>Exceso<\/li>\n<li>Conducci\u00f3n imprudente<\/li>\n<li>Ignorar los sem\u00e1foros y las se\u00f1ales\u00a0<\/li>\n<li>Conducir bajo la influencia del alcohol o las drogas Conducir<\/li>\n<li>distra\u00eddo, como enviar mensajes de texto y conducir\u00a0<\/li>\n<\/ul>\n<p>Deber\u00eda recibir una compensaci\u00f3n por los da\u00f1os sufridos en un accidente de Uber o Lyft el pasajero en el veh\u00edculo de viaje compartido o en otro veh\u00edculo que fue golpeado por el conductor de viaje compartido. La \u00fanica advertencia es que el conductor del viaje compartido debe ser total o parcialmente culpable de la colisi\u00f3n. Un problema con esto es que Uber y Lyft luchar\u00e1n diligentemente para demostrar que tuviste al menos parte de la culpa. Para defenderse de una situaci\u00f3n como esta, ser\u00eda ideal contactar a un abogado con experiencia en accidentes de Uber y Lyft en San Bernardino. Negociar\u00e1n con las compa\u00f1\u00edas de seguros para obtener la compensaci\u00f3n que merecen.<\/p>\n<p><strong>Da\u00f1os Disponibles<\/strong><\/p>\n<p>Uber y Lyft est\u00e1n dispuestos a ganar la mayor cantidad de dinero posible seg\u00fan la ley de los EE. UU., por lo que en muchos casos intentar\u00e1n brindarle la compensaci\u00f3n m\u00ednima \u00fanicamente para cubrir los gastos m\u00e9dicos; sin embargo, es posible que pueda recibir una compensaci\u00f3n mucho mayor si consulta a un abogado de lesiones personales en San Bernardino.<\/p>\n<p>Los da\u00f1os pueden incluir mucho m\u00e1s que solo gastos m\u00e9dicos. Despu\u00e9s de todo, lesionarse en un accidente traum\u00e1tico puede afectar otras \u00e1reas de su vida, incluida su capacidad para trabajar. Se pueden otorgar da\u00f1os econ\u00f3micos y no econ\u00f3micos a una v\u00edctima de un accidente de Uber y Lyft. La compensaci\u00f3n recuperable puede incluir lo siguiente:<\/p>\n<ul>\n<li><a href=\"https:\/\/westcoasttriallawyers.com\/es\/practice-areas\/abogado-de-accidentes-de-carro\/medical-bills\"><strong>Gastos m\u00e9dicos<\/strong><\/a><\/li>\n<li><a href=\"https:\/\/westcoasttriallawyers.com\/es\/practice-areas\/abogado-de-accidentes-de-carro\/lost-wages\"><strong>Salarios perdidos<\/strong><\/a><\/li>\n<li>Dolor y sufrimiento<\/li>\n<li>Da\u00f1os a la propiedad<\/li>\n<li>P\u00e9rdida de capacidad de\u00a0<\/li>\n<li><a href=\"\/emotional-distress\/\"><strong>ingresos Angustia emocional<\/strong><\/a><\/li>\n<\/ul>\n<p>En algunos casos, un tribunal tambi\u00e9n puede otorgar da\u00f1os punitivos. Esto es raro y generalmente s\u00f3lo ocurre en casos de imprudencia, fraude o acciones deliberadamente negligentes. Si es c\u00f3nyuge o hijo de alguien que muere en un accidente de Uber o Lyft, los da\u00f1os pueden incluir p\u00e9rdidas financieras futuras, costos funerarios y p\u00e9rdida de compa\u00f1\u00eda o apoyo.<\/p>\n<p><strong>Cont\u00e1ctenos<\/strong><\/p>\n<p>Si usted o un ser querido ha sufrido a causa de un accidente de Uber o Lyft,\u00a0<a href=\"\/\"><strong>los abogados litigantes de la Costa Oeste<\/strong><\/a> cuentan con abogados con experiencia en lesiones personales en San Bernardino que le brindar\u00e1n la compensaci\u00f3n y la justicia que se merece.\u00a0<\/p>\n<p>Para programar una consulta gratuita en nuestro bufete de abogados de lesiones personales de San Bernardino, comun\u00edquese con nuestro equipo legal las 24 horas, los 7 d\u00edas de la semana llamando al\u00a0<strong>213-927-3700<\/strong> o enviando un correo electr\u00f3nico\u00a0<a href=\"mailto:info@westcoasttriallawyers.com\">a\u00a0<strong>info@westcoasttriallawyers.com<\/strong><\/a>.<\/p>\n<p><!-- WCTL_DEBUG: no shortcode in this_content --><\/p>\n","protected":false},"excerpt":{"rendered":"<p>\u00bfCu\u00e1l es la diferencia entre Uber y Lyft? Los servicios de viajes compartidos ahora son omnipresentes en San Bernardino. Varios servicios est\u00e1n disponibles y son ampliamente utilizados por los residentes de la ciudad, siendo los m\u00e1s populares Uber y Lyft. \u00bfNo tienes coche? \u00bfEst\u00e1 tu coche en el taller? \u00bfTomaste demasiados tragos? Todo lo que [&hellip;]<\/p>\n","protected":false},"author":475,"featured_media":46821,"parent":47392,"menu_order":0,"comment_status":"closed","ping_status":"closed","template":"","meta":{"inline_featured_image":false,"footnotes":""},"class_list":["post-12729","page","type-page","status-publish","has-post-thumbnail","hentry"],"acf":[],"yoast_head":"<!-- This site is optimized with the Yoast SEO Premium plugin v26.0 (Yoast SEO v26.0) - https:\/\/yoast.com\/wordpress\/plugins\/seo\/ -->\n<title>Abogado de Accidentes de Uber y Lyft en San Bernardino | West Coast Trial Lawyers<\/title>\n<meta name=\"robots\" content=\"index, follow, max-snippet:-1, max-image-preview:large, max-video-preview:-1\" \/>\n<link rel=\"canonical\" href=\"https:\/\/westcoasttriallawyers.com\/es\/california\/san-bernardino\/abogado-de-accidentes-de-uber-y-lyft-en-san-bernardino\" \/>\n<meta property=\"og:locale\" content=\"es_ES\" \/>\n<meta property=\"og:type\" content=\"article\" \/>\n<meta property=\"og:title\" content=\"Abogado de Accidentes de Uber y Lyft en San Bernardino\" \/>\n<meta property=\"og:description\" content=\"\u00bfCu\u00e1l es la diferencia entre Uber y Lyft? Los servicios de viajes compartidos ahora son omnipresentes en San Bernardino. Varios servicios est\u00e1n disponibles y son ampliamente utilizados por los residentes de la ciudad, siendo los m\u00e1s populares Uber y Lyft. \u00bfNo tienes coche? \u00bfEst\u00e1 tu coche en el taller? \u00bfTomaste demasiados tragos? Todo lo que [&hellip;]\" \/>\n<meta property=\"og:url\" content=\"https:\/\/westcoasttriallawyers.com\/es\/california\/san-bernardino\/abogado-de-accidentes-de-uber-y-lyft-en-san-bernardino\" \/>\n<meta property=\"og:site_name\" content=\"West Coast Trial Lawyers\" \/>\n<meta property=\"article:publisher\" content=\"https:\/\/www.facebook.com\/westcoasttriallawyers\/\" \/>\n<meta property=\"article:modified_time\" content=\"2026-01-22T11:36:39+00:00\" \/>\n<meta property=\"og:image\" content=\"https:\/\/westcoasttriallawyers.com\/wp-content\/uploads\/2025\/07\/city-img-4-9.webp\" \/>\n\t<meta property=\"og:image:width\" content=\"557\" \/>\n\t<meta property=\"og:image:height\" content=\"329\" \/>\n\t<meta property=\"og:image:type\" content=\"image\/webp\" \/>\n<meta name=\"twitter:card\" content=\"summary_large_image\" \/>\n<meta name=\"twitter:site\" content=\"@WestCoastTrial\" \/>\n<meta name=\"twitter:label1\" content=\"Tiempo de lectura\" \/>\n\t<meta name=\"twitter:data1\" content=\"5 minutos\" \/>\n<script type=\"application\/ld+json\" class=\"yoast-schema-graph\">{\"@context\":\"https:\/\/schema.org\",\"@graph\":[{\"@type\":[\"WebPage\",\"ItemPage\"],\"@id\":\"https:\/\/westcoasttriallawyers.com\/es\/california\/san-bernardino\/abogado-de-accidentes-de-uber-y-lyft-en-san-bernardino\",\"url\":\"https:\/\/westcoasttriallawyers.com\/es\/california\/san-bernardino\/abogado-de-accidentes-de-uber-y-lyft-en-san-bernardino\",\"name\":\"Abogado de Accidentes de Uber y Lyft en San Bernardino | West Coast Trial Lawyers\",\"isPartOf\":{\"@id\":\"https:\/\/westcoasttriallawyers.com\/es#website\"},\"primaryImageOfPage\":{\"@id\":\"https:\/\/westcoasttriallawyers.com\/es\/california\/san-bernardino\/abogado-de-accidentes-de-uber-y-lyft-en-san-bernardino#primaryimage\"},\"image\":{\"@id\":\"https:\/\/westcoasttriallawyers.com\/es\/california\/san-bernardino\/abogado-de-accidentes-de-uber-y-lyft-en-san-bernardino#primaryimage\"},\"thumbnailUrl\":\"https:\/\/westcoasttriallawyers.com\/wp-content\/uploads\/2025\/07\/city-img-4-9.webp\",\"datePublished\":\"2026-01-14T17:59:27+00:00\",\"dateModified\":\"2026-01-22T11:36:39+00:00\",\"breadcrumb\":{\"@id\":\"https:\/\/westcoasttriallawyers.com\/es\/california\/san-bernardino\/abogado-de-accidentes-de-uber-y-lyft-en-san-bernardino#breadcrumb\"},\"inLanguage\":\"es\",\"potentialAction\":[{\"@type\":\"ReadAction\",\"target\":[\"https:\/\/westcoasttriallawyers.com\/es\/california\/san-bernardino\/abogado-de-accidentes-de-uber-y-lyft-en-san-bernardino\"]}]},{\"@type\":\"ImageObject\",\"inLanguage\":\"es\",\"@id\":\"https:\/\/westcoasttriallawyers.com\/es\/california\/san-bernardino\/abogado-de-accidentes-de-uber-y-lyft-en-san-bernardino#primaryimage\",\"url\":\"https:\/\/westcoasttriallawyers.com\/wp-content\/uploads\/2025\/07\/city-img-4-9.webp\",\"contentUrl\":\"https:\/\/westcoasttriallawyers.com\/wp-content\/uploads\/2025\/07\/city-img-4-9.webp\",\"width\":557,\"height\":329},{\"@type\":\"BreadcrumbList\",\"@id\":\"https:\/\/westcoasttriallawyers.com\/es\/california\/san-bernardino\/abogado-de-accidentes-de-uber-y-lyft-en-san-bernardino#breadcrumb\",\"itemListElement\":[{\"@type\":\"ListItem\",\"position\":1,\"name\":\"Inicio\",\"item\":\"https:\/\/westcoasttriallawyers.com\/es\"},{\"@type\":\"ListItem\",\"position\":2,\"name\":\"California\",\"item\":\"https:\/\/westcoasttriallawyers.com\/es\/california\"},{\"@type\":\"ListItem\",\"position\":3,\"name\":\"San Bernardino\",\"item\":\"https:\/\/westcoasttriallawyers.com\/es\/california\/san-bernardino\"},{\"@type\":\"ListItem\",\"position\":4,\"name\":\"Abogado de Accidentes de Uber y Lyft en San Bernardino\"}]},{\"@type\":\"WebSite\",\"@id\":\"https:\/\/westcoasttriallawyers.com\/es#website\",\"url\":\"https:\/\/westcoasttriallawyers.com\/es\",\"name\":\"West Coast Trial Lawyers\",\"description\":\"West Coast Trial Lawyers\",\"publisher\":{\"@id\":\"https:\/\/westcoasttriallawyers.com\/es#organization\"},\"alternateName\":\"WCTL\",\"potentialAction\":[{\"@type\":\"SearchAction\",\"target\":{\"@type\":\"EntryPoint\",\"urlTemplate\":\"https:\/\/westcoasttriallawyers.com\/es?s={search_term_string}\"},\"query-input\":{\"@type\":\"PropertyValueSpecification\",\"valueRequired\":true,\"valueName\":\"search_term_string\"}}],\"inLanguage\":\"es\"},{\"@type\":\"Organization\",\"@id\":\"https:\/\/westcoasttriallawyers.com\/es#organization\",\"name\":\"West Coast Trial Lawyers\",\"alternateName\":\"WCTL\",\"url\":\"https:\/\/westcoasttriallawyers.com\/es\",\"logo\":{\"@type\":\"ImageObject\",\"inLanguage\":\"es\",\"@id\":\"https:\/\/westcoasttriallawyers.com\/es#\/schema\/logo\/image\/\",\"url\":\"https:\/\/westcoasttriallawyers.com\/wp-content\/uploads\/2026\/02\/WCTL-Logo.jpg\",\"contentUrl\":\"https:\/\/westcoasttriallawyers.com\/wp-content\/uploads\/2026\/02\/WCTL-Logo.jpg\",\"width\":696,\"height\":696,\"caption\":\"West Coast Trial Lawyers\"},\"image\":{\"@id\":\"https:\/\/westcoasttriallawyers.com\/es#\/schema\/logo\/image\/\"},\"sameAs\":[\"https:\/\/www.facebook.com\/westcoasttriallawyers\/\",\"https:\/\/x.com\/WestCoastTrial\",\"https:\/\/www.linkedin.com\/company\/west-coast-trial-lawyers\/\",\"https:\/\/www.instagram.com\/westcoasttriallawyers\/\",\"https:\/\/www.yelp.com\/biz\/west-coast-trial-lawyers-los-angeles-2\",\"https:\/\/www.pinterest.com\/westcoasttrial\/\",\"https:\/\/www.youtube.com\/westcoasttriallawyersla\/\",\"https:\/\/www.tiktok.com\/westcoasttriallawyers\"],\"description\":\"West Coast Trial Lawyers is a top-rated personal injury law firm with a goal to provide expert legal representation to those in need. The law firm has offices across California, Nevada, Arizona, and Washington.\",\"legalName\":\"West Coast Trial Lawyers\"}]}<\/script>\n<!-- \/ Yoast SEO Premium plugin. -->","yoast_head_json":{"title":"Abogado de Accidentes de Uber y Lyft en San Bernardino | West Coast Trial Lawyers","robots":{"index":"index","follow":"follow","max-snippet":"max-snippet:-1","max-image-preview":"max-image-preview:large","max-video-preview":"max-video-preview:-1"},"canonical":"https:\/\/westcoasttriallawyers.com\/es\/california\/san-bernardino\/abogado-de-accidentes-de-uber-y-lyft-en-san-bernardino","og_locale":"es_ES","og_type":"article","og_title":"Abogado de Accidentes de Uber y Lyft en San Bernardino","og_description":"\u00bfCu\u00e1l es la diferencia entre Uber y Lyft? Los servicios de viajes compartidos ahora son omnipresentes en San Bernardino. Varios servicios est\u00e1n disponibles y son ampliamente utilizados por los residentes de la ciudad, siendo los m\u00e1s populares Uber y Lyft. \u00bfNo tienes coche? \u00bfEst\u00e1 tu coche en el taller? \u00bfTomaste demasiados tragos? Todo lo que [&hellip;]","og_url":"https:\/\/westcoasttriallawyers.com\/es\/california\/san-bernardino\/abogado-de-accidentes-de-uber-y-lyft-en-san-bernardino","og_site_name":"West Coast Trial Lawyers","article_publisher":"https:\/\/www.facebook.com\/westcoasttriallawyers\/","article_modified_time":"2026-01-22T11:36:39+00:00","og_image":[{"width":557,"height":329,"url":"https:\/\/westcoasttriallawyers.com\/wp-content\/uploads\/2025\/07\/city-img-4-9.webp","type":"image\/webp"}],"twitter_card":"summary_large_image","twitter_site":"@WestCoastTrial","twitter_misc":{"Tiempo de lectura":"5 minutos"},"schema":{"@context":"https:\/\/schema.org","@graph":[{"@type":["WebPage","ItemPage"],"@id":"https:\/\/westcoasttriallawyers.com\/es\/california\/san-bernardino\/abogado-de-accidentes-de-uber-y-lyft-en-san-bernardino","url":"https:\/\/westcoasttriallawyers.com\/es\/california\/san-bernardino\/abogado-de-accidentes-de-uber-y-lyft-en-san-bernardino","name":"Abogado de Accidentes de Uber y Lyft en San Bernardino | West Coast Trial Lawyers","isPartOf":{"@id":"https:\/\/westcoasttriallawyers.com\/es#website"},"primaryImageOfPage":{"@id":"https:\/\/westcoasttriallawyers.com\/es\/california\/san-bernardino\/abogado-de-accidentes-de-uber-y-lyft-en-san-bernardino#primaryimage"},"image":{"@id":"https:\/\/westcoasttriallawyers.com\/es\/california\/san-bernardino\/abogado-de-accidentes-de-uber-y-lyft-en-san-bernardino#primaryimage"},"thumbnailUrl":"https:\/\/westcoasttriallawyers.com\/wp-content\/uploads\/2025\/07\/city-img-4-9.webp","datePublished":"2026-01-14T17:59:27+00:00","dateModified":"2026-01-22T11:36:39+00:00","breadcrumb":{"@id":"https:\/\/westcoasttriallawyers.com\/es\/california\/san-bernardino\/abogado-de-accidentes-de-uber-y-lyft-en-san-bernardino#breadcrumb"},"inLanguage":"es","potentialAction":[{"@type":"ReadAction","target":["https:\/\/westcoasttriallawyers.com\/es\/california\/san-bernardino\/abogado-de-accidentes-de-uber-y-lyft-en-san-bernardino"]}]},{"@type":"ImageObject","inLanguage":"es","@id":"https:\/\/westcoasttriallawyers.com\/es\/california\/san-bernardino\/abogado-de-accidentes-de-uber-y-lyft-en-san-bernardino#primaryimage","url":"https:\/\/westcoasttriallawyers.com\/wp-content\/uploads\/2025\/07\/city-img-4-9.webp","contentUrl":"https:\/\/westcoasttriallawyers.com\/wp-content\/uploads\/2025\/07\/city-img-4-9.webp","width":557,"height":329},{"@type":"BreadcrumbList","@id":"https:\/\/westcoasttriallawyers.com\/es\/california\/san-bernardino\/abogado-de-accidentes-de-uber-y-lyft-en-san-bernardino#breadcrumb","itemListElement":[{"@type":"ListItem","position":1,"name":"Inicio","item":"https:\/\/westcoasttriallawyers.com\/es"},{"@type":"ListItem","position":2,"name":"California","item":"https:\/\/westcoasttriallawyers.com\/es\/california"},{"@type":"ListItem","position":3,"name":"San Bernardino","item":"https:\/\/westcoasttriallawyers.com\/es\/california\/san-bernardino"},{"@type":"ListItem","position":4,"name":"Abogado de Accidentes de Uber y Lyft en San Bernardino"}]},{"@type":"WebSite","@id":"https:\/\/westcoasttriallawyers.com\/es#website","url":"https:\/\/westcoasttriallawyers.com\/es","name":"West Coast Trial Lawyers","description":"West Coast Trial Lawyers","publisher":{"@id":"https:\/\/westcoasttriallawyers.com\/es#organization"},"alternateName":"WCTL","potentialAction":[{"@type":"SearchAction","target":{"@type":"EntryPoint","urlTemplate":"https:\/\/westcoasttriallawyers.com\/es?s={search_term_string}"},"query-input":{"@type":"PropertyValueSpecification","valueRequired":true,"valueName":"search_term_string"}}],"inLanguage":"es"},{"@type":"Organization","@id":"https:\/\/westcoasttriallawyers.com\/es#organization","name":"West Coast Trial Lawyers","alternateName":"WCTL","url":"https:\/\/westcoasttriallawyers.com\/es","logo":{"@type":"ImageObject","inLanguage":"es","@id":"https:\/\/westcoasttriallawyers.com\/es#\/schema\/logo\/image\/","url":"https:\/\/westcoasttriallawyers.com\/wp-content\/uploads\/2026\/02\/WCTL-Logo.jpg","contentUrl":"https:\/\/westcoasttriallawyers.com\/wp-content\/uploads\/2026\/02\/WCTL-Logo.jpg","width":696,"height":696,"caption":"West Coast Trial Lawyers"},"image":{"@id":"https:\/\/westcoasttriallawyers.com\/es#\/schema\/logo\/image\/"},"sameAs":["https:\/\/www.facebook.com\/westcoasttriallawyers\/","https:\/\/x.com\/WestCoastTrial","https:\/\/www.linkedin.com\/company\/west-coast-trial-lawyers\/","https:\/\/www.instagram.com\/westcoasttriallawyers\/","https:\/\/www.yelp.com\/biz\/west-coast-trial-lawyers-los-angeles-2","https:\/\/www.pinterest.com\/westcoasttrial\/","https:\/\/www.youtube.com\/westcoasttriallawyersla\/","https:\/\/www.tiktok.com\/westcoasttriallawyers"],"description":"West Coast Trial Lawyers is a top-rated personal injury law firm with a goal to provide expert legal representation to those in need. The law firm has offices across California, Nevada, Arizona, and Washington.","legalName":"West Coast Trial Lawyers"}]}},"_links":{"self":[{"href":"https:\/\/westcoasttriallawyers.com\/es\/wp-json\/wp\/v2\/pages\/12729","targetHints":{"allow":["GET"]}}],"collection":[{"href":"https:\/\/westcoasttriallawyers.com\/es\/wp-json\/wp\/v2\/pages"}],"about":[{"href":"https:\/\/westcoasttriallawyers.com\/es\/wp-json\/wp\/v2\/types\/page"}],"author":[{"embeddable":true,"href":"https:\/\/westcoasttriallawyers.com\/es\/wp-json\/wp\/v2\/users\/475"}],"replies":[{"embeddable":true,"href":"https:\/\/westcoasttriallawyers.com\/es\/wp-json\/wp\/v2\/comments?post=12729"}],"version-history":[{"count":3,"href":"https:\/\/westcoasttriallawyers.com\/es\/wp-json\/wp\/v2\/pages\/12729\/revisions"}],"predecessor-version":[{"id":47893,"href":"https:\/\/westcoasttriallawyers.com\/es\/wp-json\/wp\/v2\/pages\/12729\/revisions\/47893"}],"up":[{"embeddable":true,"href":"https:\/\/westcoasttriallawyers.com\/es\/wp-json\/wp\/v2\/pages\/47392"}],"wp:featuredmedia":[{"embeddable":true,"href":"https:\/\/westcoasttriallawyers.com\/es\/wp-json\/wp\/v2\/media\/46821"}],"wp:attachment":[{"href":"https:\/\/westcoasttriallawyers.com\/es\/wp-json\/wp\/v2\/media?parent=12729"}],"curies":[{"name":"wp","href":"https:\/\/api.w.org\/{rel}","templated":true}]}}