{"id":12716,"date":"2026-01-14T17:59:29","date_gmt":"2026-01-14T17:59:29","guid":{"rendered":"https:\/\/wctl1stg.wpengine.com\/?page_id=12716"},"modified":"2026-01-22T11:29:01","modified_gmt":"2026-01-22T11:29:01","slug":"abogado-de-accidentes-de-scooter-electrico-en-san-bernardino","status":"publish","type":"page","link":"https:\/\/westcoasttriallawyers.com\/es\/california\/san-bernardino\/abogado-de-accidentes-de-scooter-electrico-en-san-bernardino","title":{"rendered":"Abogado de Accidentes de Scooter El\u00e9ctrico en San Bernardino"},"content":{"rendered":"<h2><strong>C\u00f3mo Maneja la ley de California los Accidentes\u00a0<\/strong><\/h2>\n<p>de scooters Los scooters el\u00e9ctricos se han vuelto comunes en muchas ciudades de California, incluido\u00a0<strong>San Bernardino<\/strong>. A la gente le gusta la idea de usar Scooter el\u00e9ctrico (e-scooters) para viajes convenientes. Las empresas, como Lime o Bird, producen continuamente miles de e-scooters y los han colocado en varias ciudades de California para que sea m\u00e1s probable que la gente los encuentre. Es una buena estrategia para Lime and Bird alentar a las personas a usar sus e-scooters cuando se cansan de caminar.\u00a0<\/p>\n<p>Aunque los e-scooters ofrecen beneficios, tambi\u00e9n pueden tener algunas desventajas. Esto incluye:<\/p>\n<ol>\n<li><strong>Un ciclista negligente usando un Scooter El\u00e9ctrico.<\/strong> Los ciclistas que optan por desobedecer las reglas de tr\u00e1nsito tienden a correr serios peligros. No solo est\u00e1n arriesgando sus propias vidas, sino que tambi\u00e9n est\u00e1n poniendo en peligro a los peatones, ciclistas y conductores cercanos.\u00a0<\/li>\n<li><strong>Un jinete sin experiencia.<\/strong> A muchas personas no les gusta la idea de que los scooters el\u00e9ctricos sean de f\u00e1cil acceso, especialmente para aquellos que tienen poca o ninguna experiencia en conducci\u00f3n. Es inevitable que un nuevo ciclista se ponga en peligro. Cualquier movimiento incorrecto o repentino podr\u00eda desviarlos y provocar un accidente.\u00a0<\/li>\n<li><strong>Un Scooter El\u00e9ctrico se deja en el suelo.<\/strong> Desafortunadamente, ha sido muy com\u00fan que los usuarios dejen un e-scooter en el suelo despu\u00e9s de haber terminado de usarlo. Esto puede crear un entorno inseguro para los peatones, ya que puede hacer que uno tropiece y se caiga mientras camina por la acera.<\/li>\n<\/ol>\n<p>Si usted es v\u00edctima de un accidente de e-scooter y desea demandar a la parte culpable debido a su negligencia, West Coast Trial Lawyers tiene\u00a0<strong>Abogados de Accidentes de Scooter El\u00e9ctrico en San Bernardino\u00a0<\/strong>con m\u00e1s de 60 a\u00f1os de experiencia legal colectiva en el manejo de lesiones personales. casos. Hemos obtenido m\u00e1s de mil millones de d\u00f3lares en acuerdos y juicios para nuestros clientes. Nuestro equipo se esfuerza por asegurarse de que obtenga la compensaci\u00f3n m\u00e1xima que merece por sus p\u00e9rdidas.\u00a0<\/p>\n<p>Si desea programar una consulta gratuita y sin compromiso en nuestro\u00a0<strong>Bufete de Abogados de Lesiones Personales de San Bernardino<\/strong>, comun\u00edquese con nuestro equipo legal las 24 horas, los 7 d\u00edas de la semana llamando al\u00a0<strong>213-927-3700<\/strong> o enviando un correo electr\u00f3nico\u00a0<a href=\"mailto:info@westcoasttriallawyers.com\"><strong>info@westcoasttriallawyers.com<\/strong><\/a><strong>.<\/strong><\/p>\n<p><strong>Accidentes de Alquiler de Scooter El\u00e9ctrico<\/strong><\/p>\n<p>Los servicios de patinetes el\u00e9ctricos est\u00e1n disponibles en todo California. Esto brinda a las personas la oportunidad de viajar convenientemente a un precio asequible, por lo que no deber\u00eda sorprender que los e-scooters hayan ganado popularidad. Sin embargo, en San Bernardino, ha habido\u00a0<a href=\"https:\/\/www.sbsun.com\/2021\/09\/12\/man-dies-when-thrown-from-scooter-in-collision-with-pickup-in-highland\"><strong>informes<\/strong><\/a> de accidentes fatales de e-scooters. Los factores comunes que han contribuido a estos incidentes incluyen los siguientes:<\/p>\n<p><strong>Accidente de Un Solo Conductor de Scooter El\u00e9ctrico<\/strong> Un solo accidente de conductor de e-scooter generalmente involucra \u00fanicamente al propio conductor. Esto puede ocurrir cuando un ciclista no tiene experiencia o es imprudente. Un ciclista sin experiencia no tiene una comprensi\u00f3n completa de c\u00f3mo usar correctamente un e-scooter, por lo que es m\u00e1s probable que tenga un accidente. Un conductor imprudente de e-scooter puede intencionalmente realizar acciones negligentes que podr\u00edan amenazar su seguridad y provocar que choque contra objetos, como un \u00e1rbol, un edificio o un veh\u00edculo estacionado.\u00a0<\/p>\n<p>Los fabricantes de productos tambi\u00e9n pueden causar un accidente de conductor de e-scooter. Si un ciclista est\u00e1 usando un e-scooter defectuoso, como uno que tiene el manillar suelto o los frenos que no responden, es inevitable que ocurra un accidente. El fabricante del producto ser\u00e1 responsable de los da\u00f1os si el e-scooter defectuoso contribuy\u00f3 a la causa de un accidente.\u00a0<\/p>\n<p>Por \u00faltimo, la ciudad de San Bernardino tambi\u00e9n podr\u00eda ser responsable de un solo accidente de un conductor de e-scooter. Se requiere que la ciudad proporcione carreteras bien establecidas para que las utilicen los conductores y ciclistas. Si hay alg\u00fan peligro en la carretera, como baches, pavimento agrietado o escombros, la ciudad est\u00e1 obligada a solucionar estos problemas lo antes posible o tener una se\u00f1al de advertencia para notificar a las personas que eviten esa \u00e1rea en particular. El incumplimiento de cualquier acci\u00f3n puede resultar en un accidente, lo que puede someter a la ciudad a responsabilidad.\u00a0<\/p>\n<p><strong>Accidente de Scooters El\u00e9ctricos y Automovil\u00edsticos\u00a0 <\/strong>Siempre se recomienda a los conductores que revisen su entorno antes de tomar cualquier decisi\u00f3n cuando se trata de girar, hacer cambios de carril o estacionar. Sin embargo, sigue siendo el deber de cuidado del conductor mantener un entorno seguro para todos los que lo rodean, incluidos los usuarios de scooters el\u00e9ctricos. Desafortunadamente, hay conductores que optan por actuar con negligencia y realizan acciones sin sentir la necesidad de observar su entorno. Un tipo com\u00fan de accidente que puede ocurrir a partir de esto ser\u00eda un choque con la puerta abierta del autom\u00f3vil. Un choque con la puerta abierta de un autom\u00f3vil ocurre cuando un conductor sale del veh\u00edculo sin verificar si hay alg\u00fan peat\u00f3n, ciclista o ciclista el\u00e9ctrico cerca. Una vez que el conductor abre la puerta del autom\u00f3vil, el conductor de un e-scooter puede golpearlo agresivamente y sufrir lesiones graves por el fuerte impacto, como una fractura de hueso, lesiones en brazos y piernas o lesiones en la m\u00e9dula espinal.<strong>\u00a0<\/strong>El conductor puede estar sujeto a responsabilidad por los da\u00f1os que se produjeron a ra\u00edz del accidente.\u00a0<\/p>\n<p><strong>Accidentes de\u00a0 Scooters El\u00e9ctricos y Peatones<\/strong>\u00a0 Un accidente de e-scooter y peat\u00f3n puede ser causado por ambas partes. Para empezar, se espera que un conductor de e-scooter siga las reglas de tr\u00e1nsito de California. Si un conductor de e-scooter realiza una acci\u00f3n negligente, como andar ilegalmente en una acera, puede resultar en un accidente peatonal. El conductor del e-scooter enfrentar\u00e1 consecuencias legales por su imprudencia.\u00a0<\/p>\n<p>Un peat\u00f3n tambi\u00e9n podr\u00eda ser culpable de un accidente. Digamos que un peat\u00f3n ebrio est\u00e1 tratando de cruzar la calle imprudentemente en una calle popular. Mientras cruzan la calle, un pasajero de un scooter el\u00e9ctrico aparece de repente y choca contra ellos. Bajo esta circunstancia, el peat\u00f3n podr\u00eda ser considerado responsable ya que estaba cruzando ilegalmente una calle bajo la influencia del alcohol. Sin embargo, el conductor del e-scooter tambi\u00e9n puede compartir alguna responsabilidad, especialmente si se le encuentra conduciendo a exceso de velocidad o realizando otras acciones negligentes que contribuyeron al accidente. Este tipo de caso puede ser complejo y puede requerir los servicios de un abogado con experiencia en lesiones personales para determinar qui\u00e9n tiene m\u00e1s culpa en el accidente.<\/p>\n<p><strong>Tropiezo de Peat\u00f3n con un Scooters El\u00e9ctricos\u00a0 <\/strong>Es muy com\u00fan que quienes alquilan e-scooters lo dejen en el suelo despu\u00e9s de terminar su sesi\u00f3n. Esto podr\u00eda crear un entorno peligroso para los peatones, especialmente si no est\u00e1n prestando atenci\u00f3n a d\u00f3nde van. Muchos peatones a menudo se encuentran pegados a sus tel\u00e9fonos, lo que puede distraerlos de evitar cualquier peligro en la acera, incluido un scooter el\u00e9ctrico. Si un peat\u00f3n no puede detectar un e-scooter, podr\u00eda tropezar f\u00e1cilmente con \u00e9l y caer al suelo. Esta es la raz\u00f3n por la que se recomienda encarecidamente a los pasajeros que dejen un e-scooter en una posici\u00f3n de pie en lugar de dejarlo para que otros se tropiecen.\u00a0<\/p>\n<p>La responsabilidad por este tipo de accidentes puede variar seg\u00fan el caso. Si se descubre que un conductor de e-scooter coloca intencionalmente un e-scooter en el suelo para da\u00f1ar a los peatones, entonces esa persona puede enfrentar repercusiones legales por sus acciones. La ciudad de San Bernardino tambi\u00e9n puede ser responsable si no act\u00faa lo suficientemente r\u00e1pido para eliminar una colecci\u00f3n masiva de scooters el\u00e9ctricos que se amontonan en las aceras.\u00a0<\/p>\n<p><strong>Responsabilidad y Da\u00f1os Despu\u00e9s de un Accidente de Scooters El\u00e9ctricos<\/strong><\/p>\n<p>Dado que California es un estado de negligencia comparativa, m\u00e1s de una parte puede ser responsable de un accidente de e-scooter, como la ciudad, el conductor del e-scooter, el conductor o el peat\u00f3n. La responsabilidad se dividir\u00e1 en funci\u00f3n de la cantidad de negligencia aportada por cada parte involucrada en el incidente.<\/p>\n<p>Como se indic\u00f3 anteriormente, se recomienda que la v\u00edctima de un accidente de e-scooter se comunique con un abogado de lesiones personales para revisar su caso y determinar qui\u00e9n puede tener la culpa de causar da\u00f1os.\u00a0<\/p>\n<p>Una vez que se haya identificado a la parte culpable, la v\u00edctima puede proceder a presentar un reclamo por lesiones personales. La v\u00edctima debe proporcionar evidencia convincente para que se le otorguen los da\u00f1os econ\u00f3micos y no econ\u00f3micos que resultaron del accidente. La compensaci\u00f3n recuperable puede incluir lo siguiente:<\/p>\n<ul>\n<li>Salarios<\/li>\n<li>perdidos<\/li>\n<li>Da\u00f1os<\/li>\n<li>a la propiedad<\/li>\n<li>Dolor y sufrimiento<\/li>\n<li>P\u00e9rdida de compa\u00f1erismo\u00a0<\/li>\n<li>P\u00e9rdida de capacidad de<\/li>\n<\/ul>\n<p><strong>Contactarnos<\/strong><\/p>\n<p>Si usted o un am\u00f3 uno estaban implicados en un accidente del Scooters El\u00e9ctricos,\u00a0<a href=\"https:\/\/www.westcoasttriallawyers.com\/\"><strong>Abogados de la Costa Oeste<\/strong><\/a> tiene abogados de Scooters El\u00e9ctricos en San Bernardino que est\u00e1n prontamente disponibles ayudarle con su caso. Con nuestra trayectoria de ganar m\u00e1s de 5.000 casos de lesiones personales, estamos seguros de que le proporcionaremos un buen resultado a su acuerdo.<\/p>\n<p>P\u00f3ngase en contacto con nuestro equipo legal las 24 horas del d\u00eda, los 7 d\u00edas de la semana hoy llamando al\u00a0<strong>213-927-3700<\/strong> o enviando un correo electr\u00f3nico\u00a0<a href=\"mailto:info@westcoasttriallawyers.com\">a\u00a0<strong>info@westcoasttriallawyers.com<\/strong><\/a><strong>\u00a0<\/strong>para programar una consulta gratuita en nuestro bufete de abogados de lesiones personales de San Bernardino.\u00a0<\/p>\n<p><!-- WCTL_DEBUG: no shortcode in this_content --><\/p>\n","protected":false},"excerpt":{"rendered":"<p>C\u00f3mo Maneja la ley de California los Accidentes\u00a0 de scooters Los scooters el\u00e9ctricos se han vuelto comunes en muchas ciudades de California, incluido\u00a0San Bernardino. A la gente le gusta la idea de usar Scooter el\u00e9ctrico (e-scooters) para viajes convenientes. Las empresas, como Lime o Bird, producen continuamente miles de e-scooters y los han colocado en [&hellip;]<\/p>\n","protected":false},"author":475,"featured_media":46831,"parent":47392,"menu_order":0,"comment_status":"closed","ping_status":"closed","template":"","meta":{"inline_featured_image":false,"footnotes":""},"class_list":["post-12716","page","type-page","status-publish","has-post-thumbnail","hentry"],"acf":[],"yoast_head":"<!-- This site is optimized with the Yoast SEO Premium plugin v26.0 (Yoast SEO v26.0) - https:\/\/yoast.com\/wordpress\/plugins\/seo\/ -->\n<title>Abogado de Accidentes de Scooter El\u00e9ctrico en San Bernardino | West Coast Trial Lawyers<\/title>\n<meta name=\"robots\" content=\"index, follow, max-snippet:-1, max-image-preview:large, max-video-preview:-1\" \/>\n<link rel=\"canonical\" href=\"https:\/\/westcoasttriallawyers.com\/es\/california\/san-bernardino\/abogado-de-accidentes-de-scooter-electrico-en-san-bernardino\" \/>\n<meta property=\"og:locale\" content=\"es_ES\" \/>\n<meta property=\"og:type\" content=\"article\" \/>\n<meta property=\"og:title\" content=\"Abogado de Accidentes de Scooter El\u00e9ctrico en San Bernardino\" \/>\n<meta property=\"og:description\" content=\"C\u00f3mo Maneja la ley de California los Accidentes\u00a0 de scooters Los scooters el\u00e9ctricos se han vuelto comunes en muchas ciudades de California, incluido\u00a0San Bernardino. A la gente le gusta la idea de usar Scooter el\u00e9ctrico (e-scooters) para viajes convenientes. Las empresas, como Lime o Bird, producen continuamente miles de e-scooters y los han colocado en [&hellip;]\" \/>\n<meta property=\"og:url\" content=\"https:\/\/westcoasttriallawyers.com\/es\/california\/san-bernardino\/abogado-de-accidentes-de-scooter-electrico-en-san-bernardino\" \/>\n<meta property=\"og:site_name\" content=\"West Coast Trial Lawyers\" \/>\n<meta property=\"article:publisher\" content=\"https:\/\/www.facebook.com\/westcoasttriallawyers\/\" \/>\n<meta property=\"article:modified_time\" content=\"2026-01-22T11:29:01+00:00\" \/>\n<meta property=\"og:image\" content=\"https:\/\/westcoasttriallawyers.com\/wp-content\/uploads\/2025\/07\/city-img-4-13.webp\" \/>\n\t<meta property=\"og:image:width\" content=\"557\" \/>\n\t<meta property=\"og:image:height\" content=\"329\" \/>\n\t<meta property=\"og:image:type\" content=\"image\/webp\" \/>\n<meta name=\"twitter:card\" content=\"summary_large_image\" \/>\n<meta name=\"twitter:site\" content=\"@WestCoastTrial\" \/>\n<meta name=\"twitter:label1\" content=\"Tiempo de lectura\" \/>\n\t<meta name=\"twitter:data1\" content=\"10 minutos\" \/>\n<script type=\"application\/ld+json\" class=\"yoast-schema-graph\">{\"@context\":\"https:\/\/schema.org\",\"@graph\":[{\"@type\":[\"WebPage\",\"ItemPage\"],\"@id\":\"https:\/\/westcoasttriallawyers.com\/es\/california\/san-bernardino\/abogado-de-accidentes-de-scooter-electrico-en-san-bernardino\",\"url\":\"https:\/\/westcoasttriallawyers.com\/es\/california\/san-bernardino\/abogado-de-accidentes-de-scooter-electrico-en-san-bernardino\",\"name\":\"Abogado de Accidentes de Scooter El\u00e9ctrico en San Bernardino | West Coast Trial Lawyers\",\"isPartOf\":{\"@id\":\"https:\/\/westcoasttriallawyers.com\/es#website\"},\"primaryImageOfPage\":{\"@id\":\"https:\/\/westcoasttriallawyers.com\/es\/california\/san-bernardino\/abogado-de-accidentes-de-scooter-electrico-en-san-bernardino#primaryimage\"},\"image\":{\"@id\":\"https:\/\/westcoasttriallawyers.com\/es\/california\/san-bernardino\/abogado-de-accidentes-de-scooter-electrico-en-san-bernardino#primaryimage\"},\"thumbnailUrl\":\"https:\/\/westcoasttriallawyers.com\/wp-content\/uploads\/2025\/07\/city-img-4-13.webp\",\"datePublished\":\"2026-01-14T17:59:29+00:00\",\"dateModified\":\"2026-01-22T11:29:01+00:00\",\"breadcrumb\":{\"@id\":\"https:\/\/westcoasttriallawyers.com\/es\/california\/san-bernardino\/abogado-de-accidentes-de-scooter-electrico-en-san-bernardino#breadcrumb\"},\"inLanguage\":\"es\",\"potentialAction\":[{\"@type\":\"ReadAction\",\"target\":[\"https:\/\/westcoasttriallawyers.com\/es\/california\/san-bernardino\/abogado-de-accidentes-de-scooter-electrico-en-san-bernardino\"]}]},{\"@type\":\"ImageObject\",\"inLanguage\":\"es\",\"@id\":\"https:\/\/westcoasttriallawyers.com\/es\/california\/san-bernardino\/abogado-de-accidentes-de-scooter-electrico-en-san-bernardino#primaryimage\",\"url\":\"https:\/\/westcoasttriallawyers.com\/wp-content\/uploads\/2025\/07\/city-img-4-13.webp\",\"contentUrl\":\"https:\/\/westcoasttriallawyers.com\/wp-content\/uploads\/2025\/07\/city-img-4-13.webp\",\"width\":557,\"height\":329},{\"@type\":\"BreadcrumbList\",\"@id\":\"https:\/\/westcoasttriallawyers.com\/es\/california\/san-bernardino\/abogado-de-accidentes-de-scooter-electrico-en-san-bernardino#breadcrumb\",\"itemListElement\":[{\"@type\":\"ListItem\",\"position\":1,\"name\":\"Inicio\",\"item\":\"https:\/\/westcoasttriallawyers.com\/es\"},{\"@type\":\"ListItem\",\"position\":2,\"name\":\"California\",\"item\":\"https:\/\/westcoasttriallawyers.com\/es\/california\"},{\"@type\":\"ListItem\",\"position\":3,\"name\":\"San Bernardino\",\"item\":\"https:\/\/westcoasttriallawyers.com\/es\/california\/san-bernardino\"},{\"@type\":\"ListItem\",\"position\":4,\"name\":\"Abogado de Accidentes de Scooter El\u00e9ctrico en San Bernardino\"}]},{\"@type\":\"WebSite\",\"@id\":\"https:\/\/westcoasttriallawyers.com\/es#website\",\"url\":\"https:\/\/westcoasttriallawyers.com\/es\",\"name\":\"West Coast Trial Lawyers\",\"description\":\"West Coast Trial Lawyers\",\"publisher\":{\"@id\":\"https:\/\/westcoasttriallawyers.com\/es#organization\"},\"alternateName\":\"WCTL\",\"potentialAction\":[{\"@type\":\"SearchAction\",\"target\":{\"@type\":\"EntryPoint\",\"urlTemplate\":\"https:\/\/westcoasttriallawyers.com\/es?s={search_term_string}\"},\"query-input\":{\"@type\":\"PropertyValueSpecification\",\"valueRequired\":true,\"valueName\":\"search_term_string\"}}],\"inLanguage\":\"es\"},{\"@type\":\"Organization\",\"@id\":\"https:\/\/westcoasttriallawyers.com\/es#organization\",\"name\":\"West Coast Trial Lawyers\",\"alternateName\":\"WCTL\",\"url\":\"https:\/\/westcoasttriallawyers.com\/es\",\"logo\":{\"@type\":\"ImageObject\",\"inLanguage\":\"es\",\"@id\":\"https:\/\/westcoasttriallawyers.com\/es#\/schema\/logo\/image\/\",\"url\":\"https:\/\/westcoasttriallawyers.com\/wp-content\/uploads\/2026\/02\/WCTL-Logo.jpg\",\"contentUrl\":\"https:\/\/westcoasttriallawyers.com\/wp-content\/uploads\/2026\/02\/WCTL-Logo.jpg\",\"width\":696,\"height\":696,\"caption\":\"West Coast Trial Lawyers\"},\"image\":{\"@id\":\"https:\/\/westcoasttriallawyers.com\/es#\/schema\/logo\/image\/\"},\"sameAs\":[\"https:\/\/www.facebook.com\/westcoasttriallawyers\/\",\"https:\/\/x.com\/WestCoastTrial\",\"https:\/\/www.linkedin.com\/company\/west-coast-trial-lawyers\/\",\"https:\/\/www.instagram.com\/westcoasttriallawyers\/\",\"https:\/\/www.yelp.com\/biz\/west-coast-trial-lawyers-los-angeles-2\",\"https:\/\/www.pinterest.com\/westcoasttrial\/\",\"https:\/\/www.youtube.com\/westcoasttriallawyersla\/\",\"https:\/\/www.tiktok.com\/westcoasttriallawyers\"],\"description\":\"West Coast Trial Lawyers is a top-rated personal injury law firm with a goal to provide expert legal representation to those in need. The law firm has offices across California, Nevada, Arizona, and Washington.\",\"legalName\":\"West Coast Trial Lawyers\"}]}<\/script>\n<!-- \/ Yoast SEO Premium plugin. -->","yoast_head_json":{"title":"Abogado de Accidentes de Scooter El\u00e9ctrico en San Bernardino | West Coast Trial Lawyers","robots":{"index":"index","follow":"follow","max-snippet":"max-snippet:-1","max-image-preview":"max-image-preview:large","max-video-preview":"max-video-preview:-1"},"canonical":"https:\/\/westcoasttriallawyers.com\/es\/california\/san-bernardino\/abogado-de-accidentes-de-scooter-electrico-en-san-bernardino","og_locale":"es_ES","og_type":"article","og_title":"Abogado de Accidentes de Scooter El\u00e9ctrico en San Bernardino","og_description":"C\u00f3mo Maneja la ley de California los Accidentes\u00a0 de scooters Los scooters el\u00e9ctricos se han vuelto comunes en muchas ciudades de California, incluido\u00a0San Bernardino. A la gente le gusta la idea de usar Scooter el\u00e9ctrico (e-scooters) para viajes convenientes. Las empresas, como Lime o Bird, producen continuamente miles de e-scooters y los han colocado en [&hellip;]","og_url":"https:\/\/westcoasttriallawyers.com\/es\/california\/san-bernardino\/abogado-de-accidentes-de-scooter-electrico-en-san-bernardino","og_site_name":"West Coast Trial Lawyers","article_publisher":"https:\/\/www.facebook.com\/westcoasttriallawyers\/","article_modified_time":"2026-01-22T11:29:01+00:00","og_image":[{"width":557,"height":329,"url":"https:\/\/westcoasttriallawyers.com\/wp-content\/uploads\/2025\/07\/city-img-4-13.webp","type":"image\/webp"}],"twitter_card":"summary_large_image","twitter_site":"@WestCoastTrial","twitter_misc":{"Tiempo de lectura":"10 minutos"},"schema":{"@context":"https:\/\/schema.org","@graph":[{"@type":["WebPage","ItemPage"],"@id":"https:\/\/westcoasttriallawyers.com\/es\/california\/san-bernardino\/abogado-de-accidentes-de-scooter-electrico-en-san-bernardino","url":"https:\/\/westcoasttriallawyers.com\/es\/california\/san-bernardino\/abogado-de-accidentes-de-scooter-electrico-en-san-bernardino","name":"Abogado de Accidentes de Scooter El\u00e9ctrico en San Bernardino | West Coast Trial Lawyers","isPartOf":{"@id":"https:\/\/westcoasttriallawyers.com\/es#website"},"primaryImageOfPage":{"@id":"https:\/\/westcoasttriallawyers.com\/es\/california\/san-bernardino\/abogado-de-accidentes-de-scooter-electrico-en-san-bernardino#primaryimage"},"image":{"@id":"https:\/\/westcoasttriallawyers.com\/es\/california\/san-bernardino\/abogado-de-accidentes-de-scooter-electrico-en-san-bernardino#primaryimage"},"thumbnailUrl":"https:\/\/westcoasttriallawyers.com\/wp-content\/uploads\/2025\/07\/city-img-4-13.webp","datePublished":"2026-01-14T17:59:29+00:00","dateModified":"2026-01-22T11:29:01+00:00","breadcrumb":{"@id":"https:\/\/westcoasttriallawyers.com\/es\/california\/san-bernardino\/abogado-de-accidentes-de-scooter-electrico-en-san-bernardino#breadcrumb"},"inLanguage":"es","potentialAction":[{"@type":"ReadAction","target":["https:\/\/westcoasttriallawyers.com\/es\/california\/san-bernardino\/abogado-de-accidentes-de-scooter-electrico-en-san-bernardino"]}]},{"@type":"ImageObject","inLanguage":"es","@id":"https:\/\/westcoasttriallawyers.com\/es\/california\/san-bernardino\/abogado-de-accidentes-de-scooter-electrico-en-san-bernardino#primaryimage","url":"https:\/\/westcoasttriallawyers.com\/wp-content\/uploads\/2025\/07\/city-img-4-13.webp","contentUrl":"https:\/\/westcoasttriallawyers.com\/wp-content\/uploads\/2025\/07\/city-img-4-13.webp","width":557,"height":329},{"@type":"BreadcrumbList","@id":"https:\/\/westcoasttriallawyers.com\/es\/california\/san-bernardino\/abogado-de-accidentes-de-scooter-electrico-en-san-bernardino#breadcrumb","itemListElement":[{"@type":"ListItem","position":1,"name":"Inicio","item":"https:\/\/westcoasttriallawyers.com\/es"},{"@type":"ListItem","position":2,"name":"California","item":"https:\/\/westcoasttriallawyers.com\/es\/california"},{"@type":"ListItem","position":3,"name":"San Bernardino","item":"https:\/\/westcoasttriallawyers.com\/es\/california\/san-bernardino"},{"@type":"ListItem","position":4,"name":"Abogado de Accidentes de Scooter El\u00e9ctrico en San Bernardino"}]},{"@type":"WebSite","@id":"https:\/\/westcoasttriallawyers.com\/es#website","url":"https:\/\/westcoasttriallawyers.com\/es","name":"West Coast Trial Lawyers","description":"West Coast Trial Lawyers","publisher":{"@id":"https:\/\/westcoasttriallawyers.com\/es#organization"},"alternateName":"WCTL","potentialAction":[{"@type":"SearchAction","target":{"@type":"EntryPoint","urlTemplate":"https:\/\/westcoasttriallawyers.com\/es?s={search_term_string}"},"query-input":{"@type":"PropertyValueSpecification","valueRequired":true,"valueName":"search_term_string"}}],"inLanguage":"es"},{"@type":"Organization","@id":"https:\/\/westcoasttriallawyers.com\/es#organization","name":"West Coast Trial Lawyers","alternateName":"WCTL","url":"https:\/\/westcoasttriallawyers.com\/es","logo":{"@type":"ImageObject","inLanguage":"es","@id":"https:\/\/westcoasttriallawyers.com\/es#\/schema\/logo\/image\/","url":"https:\/\/westcoasttriallawyers.com\/wp-content\/uploads\/2026\/02\/WCTL-Logo.jpg","contentUrl":"https:\/\/westcoasttriallawyers.com\/wp-content\/uploads\/2026\/02\/WCTL-Logo.jpg","width":696,"height":696,"caption":"West Coast Trial Lawyers"},"image":{"@id":"https:\/\/westcoasttriallawyers.com\/es#\/schema\/logo\/image\/"},"sameAs":["https:\/\/www.facebook.com\/westcoasttriallawyers\/","https:\/\/x.com\/WestCoastTrial","https:\/\/www.linkedin.com\/company\/west-coast-trial-lawyers\/","https:\/\/www.instagram.com\/westcoasttriallawyers\/","https:\/\/www.yelp.com\/biz\/west-coast-trial-lawyers-los-angeles-2","https:\/\/www.pinterest.com\/westcoasttrial\/","https:\/\/www.youtube.com\/westcoasttriallawyersla\/","https:\/\/www.tiktok.com\/westcoasttriallawyers"],"description":"West Coast Trial Lawyers is a top-rated personal injury law firm with a goal to provide expert legal representation to those in need. The law firm has offices across California, Nevada, Arizona, and Washington.","legalName":"West Coast Trial Lawyers"}]}},"_links":{"self":[{"href":"https:\/\/westcoasttriallawyers.com\/es\/wp-json\/wp\/v2\/pages\/12716","targetHints":{"allow":["GET"]}}],"collection":[{"href":"https:\/\/westcoasttriallawyers.com\/es\/wp-json\/wp\/v2\/pages"}],"about":[{"href":"https:\/\/westcoasttriallawyers.com\/es\/wp-json\/wp\/v2\/types\/page"}],"author":[{"embeddable":true,"href":"https:\/\/westcoasttriallawyers.com\/es\/wp-json\/wp\/v2\/users\/475"}],"replies":[{"embeddable":true,"href":"https:\/\/westcoasttriallawyers.com\/es\/wp-json\/wp\/v2\/comments?post=12716"}],"version-history":[{"count":3,"href":"https:\/\/westcoasttriallawyers.com\/es\/wp-json\/wp\/v2\/pages\/12716\/revisions"}],"predecessor-version":[{"id":47884,"href":"https:\/\/westcoasttriallawyers.com\/es\/wp-json\/wp\/v2\/pages\/12716\/revisions\/47884"}],"up":[{"embeddable":true,"href":"https:\/\/westcoasttriallawyers.com\/es\/wp-json\/wp\/v2\/pages\/47392"}],"wp:featuredmedia":[{"embeddable":true,"href":"https:\/\/westcoasttriallawyers.com\/es\/wp-json\/wp\/v2\/media\/46831"}],"wp:attachment":[{"href":"https:\/\/westcoasttriallawyers.com\/es\/wp-json\/wp\/v2\/media?parent=12716"}],"curies":[{"name":"wp","href":"https:\/\/api.w.org\/{rel}","templated":true}]}}