{"id":12714,"date":"2026-01-14T17:59:32","date_gmt":"2026-01-14T17:59:32","guid":{"rendered":"https:\/\/wctl1stg.wpengine.com\/?page_id=12714"},"modified":"2026-01-22T11:18:52","modified_gmt":"2026-01-22T11:18:52","slug":"abogado-de-accidentes-de-entrega-de-comida-en-san-bernardino","status":"publish","type":"page","link":"https:\/\/westcoasttriallawyers.com\/es\/california\/san-bernardino\/abogado-de-accidentes-de-entrega-de-comida-en-san-bernardino","title":{"rendered":"Abogado de Accidentes de Entrega de Comida en San Bernardino"},"content":{"rendered":"<h2><strong>C\u00f3mo Ocurren los Accidentes de Entrega de Comida en las Carreteras de San Bernardino<\/strong><\/h2>\n<p>Los servicios de entrega de comdia se han convertido en una de las tendencias m\u00e1s populares en varias ciudades de California, incluido<strong> San Bernardino.\u00a0<\/strong>A la gente le encanta la idea de pedir comida desde la comodidad de su hogar. Con la comodidad que conlleva este servicio, no es de extra\u00f1ar que las empresas de entrega de alimentos, como Grubhub, DoorDash y Postmates, hayan ganado popularidad en los \u00faltimos a\u00f1os. Aunque hay ventajas que vienen con la entrega de alimentos, tambi\u00e9n hay algunas desventajas que deben tenerse en cuenta.<\/p>\n<p>Uno de los mayores problemas con los servicios de entrega de comida es la expectativa de que el conductor de entrega de comdia siempre llegue a tiempo para entregar el pedido del cliente. No muchas personas son conscientes del estr\u00e9s y la gesti\u00f3n del tiempo que conlleva esta obligaci\u00f3n. Los repartidores de comida se ven sometidos a una enorme presi\u00f3n para asegurarse de que los clientes est\u00e9n satisfechos con su experiencia. De lo contrario, es probable que el conductor de la entrega de comida enfrente duras consecuencias, como perder su trabajo. Para evitar que esto suceda, un conductor de entrega de comida puede cometer acciones negligentes, como acelerar o desobedecer las leyes de tr\u00e1nsito, para llegar a tiempo a la direcci\u00f3n del cliente. Esto puede crear un entorno peligroso que puede afectar a todos los conductores, ciclistas o peatones cercanos.\u00a0<\/p>\n<p>Si estuvo involucrado en un accidente de entrega de comida y desea emprender acciones legales contra la parte culpable, Los Abogados de la Costa Oeste tiene\u00a0<strong>abogados de accidentes de entrega de comdia en San Bernardino<\/strong> con m\u00e1s de 60 a\u00f1os de experiencia legal colectiva en el manejo de casos de lesiones personales. Hemos ganado exitosamente m\u00e1s de 5,000 casos y recuperado m\u00e1s de $1,000 millones en acuerdos para nuestros clientes. Debido a nuestros logros, hemos sido reconocidos como uno de los mejores bufetes de abogados de lesiones personales en San Bernardino.\u00a0<\/p>\n<p>Para programar una consulta gratuita y sin compromiso en nuestro\u00a0<strong>bufete de abogados de lesiones personales de San Bernardino<\/strong>, comun\u00edquese con nuestro equipo legal las 24 horas, los 7 d\u00edas de la semana llamando al\u00a0<strong>213-927-3700\u00a0<\/strong>o\u00a0<strong>correo electr\u00f3nico\u00a0a info@westcoasttriallawyers.com.\u00a0<\/strong><\/p>\n<p><strong>Causas Comunes de Accidentes de Entrega de Alimentos<\/strong><\/p>\n<p>Hay varios factores que pueden contribuir a la causa de un accidente de entrega de alimentos.\u00a0<\/p>\n<p><strong>La conducci\u00f3n distra\u00edda,\u00a0<\/strong>como enviar mensajes de texto y conducir, ha provocado muchos accidentes del conductor de entrega de alimentos. Aunque se espera que un repartidor de comida se concentre \u00fanicamente en su trabajo, puede distraerse con mensajes de texto o llamadas telef\u00f3nicas y sucumbir al sonido de una notificaci\u00f3n o tono de llamada.\u00a0<\/p>\n<p><strong>Entregar un pedido con prisa\u00a0<\/strong>tambi\u00e9n ha sido un problema com\u00fan que ha contribuido a la causa de un accidente de entrega de alimentos. Seg\u00fan algunas estimaciones, cerca del 20 por ciento de los estadounidenses utilizan un servicio de entrega de comida semanalmente. En una ciudad tan poblada como San Bernardino, eso son muchas entregas. Dado el volumen de negocios que manejan estos servicios, no sorprende que sus conductores tengan tanta prisa por hacer tantas entregas como sea posible. Los conductores est\u00e1n bajo una gran presi\u00f3n para entregar sus pedidos r\u00e1pidamente para evitar quejas de los clientes. Su propio sustento depende de ello. Esta presi\u00f3n por el desempe\u00f1o puede influir f\u00e1cilmente en ellos para que conduzcan de manera imprudente.<\/p>\n<p>Mientras un conductor de entrega de comida intenta ubicar la direcci\u00f3n de un cliente, podr\u00eda perderse durante este proceso. Un\u00a0<strong>conductor perdido\u00a0<\/strong>que se encuentra en un lugar desconocido puede concentrarse m\u00e1s en mirar su tel\u00e9fono para verificar su GPS en lugar de mantener la vista en la carretera. Esto podr\u00eda resultar en\u00a0<strong>paradas repentinas<\/strong> y\u00a0<strong>giros peligrosos.\u00a0<\/strong>Una frenada repentina podr\u00eda causar que un conductor de atr\u00e1s<a href=\"\/ca\/los-angeles-car-accidents-lawyer\/considerations-for-rear-end-collisions\/\"><strong> golpee la parte trasera<\/strong><\/a><strong>\u00a0<\/strong>el conductor de la entrega de alimentos. Un repartidor de comdia que realiza giros peligrosos a la izquierda o a la derecha sin verificar adecuadamente su entorno podr\u00eda causar un\u00a0<a href=\"\/ca\/los-angeles-car-accidents-lawyer\/considerations-for-side-impact-collisions\/\"><strong>impacto lateral<\/strong><\/a> o\u00a0<a href=\"\/ca\/los-angeles-car-accidents-lawyer\/considerations-for-head-on-collisions\/\"><strong>frontal<\/strong><\/a> accidenteEste tipo de colisiones pueden provocar lesiones graves y da\u00f1os a la propiedad. El conductor de la entrega de comida probablemente estar\u00e1 sujeto a responsabilidad por el accidente.\u00a0<\/p>\n<p><strong>Leyes de Manipulaci\u00f3n de Comida de California<\/strong><\/p>\n<p>seg\u00fan la\u00a0<a href=\"https:\/\/www.justice.gov\/jm\/criminal-resource-manual-1449-tampering-consumer-product\"><strong>Departamento de Justicia de los Estados Unidos<\/strong><\/a>, Subsecci\u00f3n (a) de 18 USC \u00a7 1365 \u201cproh\u00edbe la manipulaci\u00f3n o el intento de manipulaci\u00f3n de cualquier producto de consumo que afecte el comercio interestatal o extranjero, o con la etiqueta o el envase de dicho producto. La manipulaci\u00f3n debe hacerse con desprecio imprudente por el riesgo de que otra persona corra peligro de muerte o lesiones corporales. Adem\u00e1s, la manipulaci\u00f3n debe realizarse en circunstancias que manifiesten una extrema indiferencia ante el riesgo de muerte o lesiones corporales\u201d.<\/p>\n<p>Lo anterior es bastante sencillo y, a veces, puede aplicarse a la manipulaci\u00f3n de la entrega de alimentos. Sin embargo, California es un poco m\u00e1s espec\u00edfico con respecto a la manipulaci\u00f3n de alimentos.<\/p>\n<p>California\u00a0<a href=\"https:\/\/codes.findlaw.com\/ca\/penal-code\/pen-sect-347.html\"><strong>\u00a7 347<\/strong><\/a>\u00a0establece que cualquier persona que deliberada y conscientemente agregue un veneno o una sustancia nociva a una bebida, alimento, medicamento o producto farmac\u00e9utico en situaciones en las que alguien pueda resultar da\u00f1ado, puede ser declarado culpable de un delito grave que puede ser castigado con una pena de prisi\u00f3n de 2 a 5 a\u00f1os. Adem\u00e1s, una sustancia que cause lesiones f\u00edsicas graves o la muerte agregar\u00e1 tres a\u00f1os m\u00e1s a la sentencia de esa persona.<\/p>\n<p>Es posible que esto no proporcione mucho consuelo a alguien que acaba de pedir papas fritas grandes; sin embargo, sepa que un repartidor de comida que escupe deliberadamente en la comida de alguien mientras est\u00e1 completamente consciente de que est\u00e1 enfermo puede meterse en serios problemas.<\/p>\n<p><strong>Cont\u00e1ctenos<\/strong><\/p>\n<p>En la ocasi\u00f3n que haya sufrido lesiones en la ciudad de<strong>\u00a0<\/strong>San Bernardino debido a un accidente de entrega de alimentos,\u00a0<a href=\"\/\"><strong>los abogados de la costa oeste<\/strong><\/a> pueden ayudarlo a recuperar el reembolso por los problemas que ha sufrido.\u00a0<\/p>\n<p>P\u00f3ngase en contacto con nuestro equipo legal las 24 horas del d\u00eda, los 7 d\u00edas de la semana hoy llamando al<strong> 213-927-3700<\/strong> o enviando un correo electr\u00f3nico\u00a0 <a href=\"mailto:info@westcoasttriallawyers.com\"><strong>a info@westcoasttriallawyers.com<\/strong><\/a><strong>\u00a0<\/strong>para programar una consulta gratuita en nuestro bufete de abogados de lesiones personales de San Bernardino.\u00a0<\/p>\n<p><!-- WCTL_DEBUG: no shortcode in this_content --><\/p>\n","protected":false},"excerpt":{"rendered":"<p>C\u00f3mo Ocurren los Accidentes de Entrega de Comida en las Carreteras de San Bernardino Los servicios de entrega de comdia se han convertido en una de las tendencias m\u00e1s populares en varias ciudades de California, incluido San Bernardino.\u00a0A la gente le encanta la idea de pedir comida desde la comodidad de su hogar. Con la [&hellip;]<\/p>\n","protected":false},"author":475,"featured_media":46846,"parent":47392,"menu_order":0,"comment_status":"closed","ping_status":"closed","template":"","meta":{"inline_featured_image":false,"footnotes":""},"class_list":["post-12714","page","type-page","status-publish","has-post-thumbnail","hentry"],"acf":[],"yoast_head":"<!-- This site is optimized with the Yoast SEO Premium plugin v26.0 (Yoast SEO v26.0) - https:\/\/yoast.com\/wordpress\/plugins\/seo\/ -->\n<title>Abogado de Accidentes de Entrega de Comida en San Bernardino | West Coast Trial Lawyers<\/title>\n<meta name=\"robots\" content=\"index, follow, max-snippet:-1, max-image-preview:large, max-video-preview:-1\" \/>\n<link rel=\"canonical\" href=\"https:\/\/westcoasttriallawyers.com\/es\/california\/san-bernardino\/abogado-de-accidentes-de-entrega-de-comida-en-san-bernardino\" \/>\n<meta property=\"og:locale\" content=\"es_ES\" \/>\n<meta property=\"og:type\" content=\"article\" \/>\n<meta property=\"og:title\" content=\"Abogado de Accidentes de Entrega de Comida en San Bernardino\" \/>\n<meta property=\"og:description\" content=\"C\u00f3mo Ocurren los Accidentes de Entrega de Comida en las Carreteras de San Bernardino Los servicios de entrega de comdia se han convertido en una de las tendencias m\u00e1s populares en varias ciudades de California, incluido San Bernardino.\u00a0A la gente le encanta la idea de pedir comida desde la comodidad de su hogar. Con la [&hellip;]\" \/>\n<meta property=\"og:url\" content=\"https:\/\/westcoasttriallawyers.com\/es\/california\/san-bernardino\/abogado-de-accidentes-de-entrega-de-comida-en-san-bernardino\" \/>\n<meta property=\"og:site_name\" content=\"West Coast Trial Lawyers\" \/>\n<meta property=\"article:publisher\" content=\"https:\/\/www.facebook.com\/westcoasttriallawyers\/\" \/>\n<meta property=\"article:modified_time\" content=\"2026-01-22T11:18:52+00:00\" \/>\n<meta property=\"og:image\" content=\"https:\/\/westcoasttriallawyers.com\/wp-content\/uploads\/2025\/07\/city-img-4-19.webp\" \/>\n\t<meta property=\"og:image:width\" content=\"557\" \/>\n\t<meta property=\"og:image:height\" content=\"329\" \/>\n\t<meta property=\"og:image:type\" content=\"image\/webp\" \/>\n<meta name=\"twitter:card\" content=\"summary_large_image\" \/>\n<meta name=\"twitter:site\" content=\"@WestCoastTrial\" \/>\n<meta name=\"twitter:label1\" content=\"Tiempo de lectura\" \/>\n\t<meta name=\"twitter:data1\" content=\"9 minutos\" \/>\n<script type=\"application\/ld+json\" class=\"yoast-schema-graph\">{\"@context\":\"https:\/\/schema.org\",\"@graph\":[{\"@type\":[\"WebPage\",\"ItemPage\"],\"@id\":\"https:\/\/westcoasttriallawyers.com\/es\/california\/san-bernardino\/abogado-de-accidentes-de-entrega-de-comida-en-san-bernardino\",\"url\":\"https:\/\/westcoasttriallawyers.com\/es\/california\/san-bernardino\/abogado-de-accidentes-de-entrega-de-comida-en-san-bernardino\",\"name\":\"Abogado de Accidentes de Entrega de Comida en San Bernardino | West Coast Trial Lawyers\",\"isPartOf\":{\"@id\":\"https:\/\/westcoasttriallawyers.com\/es#website\"},\"primaryImageOfPage\":{\"@id\":\"https:\/\/westcoasttriallawyers.com\/es\/california\/san-bernardino\/abogado-de-accidentes-de-entrega-de-comida-en-san-bernardino#primaryimage\"},\"image\":{\"@id\":\"https:\/\/westcoasttriallawyers.com\/es\/california\/san-bernardino\/abogado-de-accidentes-de-entrega-de-comida-en-san-bernardino#primaryimage\"},\"thumbnailUrl\":\"https:\/\/westcoasttriallawyers.com\/wp-content\/uploads\/2025\/07\/city-img-4-19.webp\",\"datePublished\":\"2026-01-14T17:59:32+00:00\",\"dateModified\":\"2026-01-22T11:18:52+00:00\",\"breadcrumb\":{\"@id\":\"https:\/\/westcoasttriallawyers.com\/es\/california\/san-bernardino\/abogado-de-accidentes-de-entrega-de-comida-en-san-bernardino#breadcrumb\"},\"inLanguage\":\"es\",\"potentialAction\":[{\"@type\":\"ReadAction\",\"target\":[\"https:\/\/westcoasttriallawyers.com\/es\/california\/san-bernardino\/abogado-de-accidentes-de-entrega-de-comida-en-san-bernardino\"]}]},{\"@type\":\"ImageObject\",\"inLanguage\":\"es\",\"@id\":\"https:\/\/westcoasttriallawyers.com\/es\/california\/san-bernardino\/abogado-de-accidentes-de-entrega-de-comida-en-san-bernardino#primaryimage\",\"url\":\"https:\/\/westcoasttriallawyers.com\/wp-content\/uploads\/2025\/07\/city-img-4-19.webp\",\"contentUrl\":\"https:\/\/westcoasttriallawyers.com\/wp-content\/uploads\/2025\/07\/city-img-4-19.webp\",\"width\":557,\"height\":329},{\"@type\":\"BreadcrumbList\",\"@id\":\"https:\/\/westcoasttriallawyers.com\/es\/california\/san-bernardino\/abogado-de-accidentes-de-entrega-de-comida-en-san-bernardino#breadcrumb\",\"itemListElement\":[{\"@type\":\"ListItem\",\"position\":1,\"name\":\"Inicio\",\"item\":\"https:\/\/westcoasttriallawyers.com\/es\"},{\"@type\":\"ListItem\",\"position\":2,\"name\":\"California\",\"item\":\"https:\/\/westcoasttriallawyers.com\/es\/california\"},{\"@type\":\"ListItem\",\"position\":3,\"name\":\"San Bernardino\",\"item\":\"https:\/\/westcoasttriallawyers.com\/es\/california\/san-bernardino\"},{\"@type\":\"ListItem\",\"position\":4,\"name\":\"Abogado de Accidentes de Entrega de Comida en San Bernardino\"}]},{\"@type\":\"WebSite\",\"@id\":\"https:\/\/westcoasttriallawyers.com\/es#website\",\"url\":\"https:\/\/westcoasttriallawyers.com\/es\",\"name\":\"West Coast Trial Lawyers\",\"description\":\"West Coast Trial Lawyers\",\"publisher\":{\"@id\":\"https:\/\/westcoasttriallawyers.com\/es#organization\"},\"alternateName\":\"WCTL\",\"potentialAction\":[{\"@type\":\"SearchAction\",\"target\":{\"@type\":\"EntryPoint\",\"urlTemplate\":\"https:\/\/westcoasttriallawyers.com\/es?s={search_term_string}\"},\"query-input\":{\"@type\":\"PropertyValueSpecification\",\"valueRequired\":true,\"valueName\":\"search_term_string\"}}],\"inLanguage\":\"es\"},{\"@type\":\"Organization\",\"@id\":\"https:\/\/westcoasttriallawyers.com\/es#organization\",\"name\":\"West Coast Trial Lawyers\",\"alternateName\":\"WCTL\",\"url\":\"https:\/\/westcoasttriallawyers.com\/es\",\"logo\":{\"@type\":\"ImageObject\",\"inLanguage\":\"es\",\"@id\":\"https:\/\/westcoasttriallawyers.com\/es#\/schema\/logo\/image\/\",\"url\":\"https:\/\/westcoasttriallawyers.com\/wp-content\/uploads\/2026\/02\/WCTL-Logo.jpg\",\"contentUrl\":\"https:\/\/westcoasttriallawyers.com\/wp-content\/uploads\/2026\/02\/WCTL-Logo.jpg\",\"width\":696,\"height\":696,\"caption\":\"West Coast Trial Lawyers\"},\"image\":{\"@id\":\"https:\/\/westcoasttriallawyers.com\/es#\/schema\/logo\/image\/\"},\"sameAs\":[\"https:\/\/www.facebook.com\/westcoasttriallawyers\/\",\"https:\/\/x.com\/WestCoastTrial\",\"https:\/\/www.linkedin.com\/company\/west-coast-trial-lawyers\/\",\"https:\/\/www.instagram.com\/westcoasttriallawyers\/\",\"https:\/\/www.yelp.com\/biz\/west-coast-trial-lawyers-los-angeles-2\",\"https:\/\/www.pinterest.com\/westcoasttrial\/\",\"https:\/\/www.youtube.com\/westcoasttriallawyersla\/\",\"https:\/\/www.tiktok.com\/westcoasttriallawyers\"],\"description\":\"West Coast Trial Lawyers is a top-rated personal injury law firm with a goal to provide expert legal representation to those in need. The law firm has offices across California, Nevada, Arizona, and Washington.\",\"legalName\":\"West Coast Trial Lawyers\"}]}<\/script>\n<!-- \/ Yoast SEO Premium plugin. -->","yoast_head_json":{"title":"Abogado de Accidentes de Entrega de Comida en San Bernardino | West Coast Trial Lawyers","robots":{"index":"index","follow":"follow","max-snippet":"max-snippet:-1","max-image-preview":"max-image-preview:large","max-video-preview":"max-video-preview:-1"},"canonical":"https:\/\/westcoasttriallawyers.com\/es\/california\/san-bernardino\/abogado-de-accidentes-de-entrega-de-comida-en-san-bernardino","og_locale":"es_ES","og_type":"article","og_title":"Abogado de Accidentes de Entrega de Comida en San Bernardino","og_description":"C\u00f3mo Ocurren los Accidentes de Entrega de Comida en las Carreteras de San Bernardino Los servicios de entrega de comdia se han convertido en una de las tendencias m\u00e1s populares en varias ciudades de California, incluido San Bernardino.\u00a0A la gente le encanta la idea de pedir comida desde la comodidad de su hogar. Con la [&hellip;]","og_url":"https:\/\/westcoasttriallawyers.com\/es\/california\/san-bernardino\/abogado-de-accidentes-de-entrega-de-comida-en-san-bernardino","og_site_name":"West Coast Trial Lawyers","article_publisher":"https:\/\/www.facebook.com\/westcoasttriallawyers\/","article_modified_time":"2026-01-22T11:18:52+00:00","og_image":[{"width":557,"height":329,"url":"https:\/\/westcoasttriallawyers.com\/wp-content\/uploads\/2025\/07\/city-img-4-19.webp","type":"image\/webp"}],"twitter_card":"summary_large_image","twitter_site":"@WestCoastTrial","twitter_misc":{"Tiempo de lectura":"9 minutos"},"schema":{"@context":"https:\/\/schema.org","@graph":[{"@type":["WebPage","ItemPage"],"@id":"https:\/\/westcoasttriallawyers.com\/es\/california\/san-bernardino\/abogado-de-accidentes-de-entrega-de-comida-en-san-bernardino","url":"https:\/\/westcoasttriallawyers.com\/es\/california\/san-bernardino\/abogado-de-accidentes-de-entrega-de-comida-en-san-bernardino","name":"Abogado de Accidentes de Entrega de Comida en San Bernardino | West Coast Trial Lawyers","isPartOf":{"@id":"https:\/\/westcoasttriallawyers.com\/es#website"},"primaryImageOfPage":{"@id":"https:\/\/westcoasttriallawyers.com\/es\/california\/san-bernardino\/abogado-de-accidentes-de-entrega-de-comida-en-san-bernardino#primaryimage"},"image":{"@id":"https:\/\/westcoasttriallawyers.com\/es\/california\/san-bernardino\/abogado-de-accidentes-de-entrega-de-comida-en-san-bernardino#primaryimage"},"thumbnailUrl":"https:\/\/westcoasttriallawyers.com\/wp-content\/uploads\/2025\/07\/city-img-4-19.webp","datePublished":"2026-01-14T17:59:32+00:00","dateModified":"2026-01-22T11:18:52+00:00","breadcrumb":{"@id":"https:\/\/westcoasttriallawyers.com\/es\/california\/san-bernardino\/abogado-de-accidentes-de-entrega-de-comida-en-san-bernardino#breadcrumb"},"inLanguage":"es","potentialAction":[{"@type":"ReadAction","target":["https:\/\/westcoasttriallawyers.com\/es\/california\/san-bernardino\/abogado-de-accidentes-de-entrega-de-comida-en-san-bernardino"]}]},{"@type":"ImageObject","inLanguage":"es","@id":"https:\/\/westcoasttriallawyers.com\/es\/california\/san-bernardino\/abogado-de-accidentes-de-entrega-de-comida-en-san-bernardino#primaryimage","url":"https:\/\/westcoasttriallawyers.com\/wp-content\/uploads\/2025\/07\/city-img-4-19.webp","contentUrl":"https:\/\/westcoasttriallawyers.com\/wp-content\/uploads\/2025\/07\/city-img-4-19.webp","width":557,"height":329},{"@type":"BreadcrumbList","@id":"https:\/\/westcoasttriallawyers.com\/es\/california\/san-bernardino\/abogado-de-accidentes-de-entrega-de-comida-en-san-bernardino#breadcrumb","itemListElement":[{"@type":"ListItem","position":1,"name":"Inicio","item":"https:\/\/westcoasttriallawyers.com\/es"},{"@type":"ListItem","position":2,"name":"California","item":"https:\/\/westcoasttriallawyers.com\/es\/california"},{"@type":"ListItem","position":3,"name":"San Bernardino","item":"https:\/\/westcoasttriallawyers.com\/es\/california\/san-bernardino"},{"@type":"ListItem","position":4,"name":"Abogado de Accidentes de Entrega de Comida en San Bernardino"}]},{"@type":"WebSite","@id":"https:\/\/westcoasttriallawyers.com\/es#website","url":"https:\/\/westcoasttriallawyers.com\/es","name":"West Coast Trial Lawyers","description":"West Coast Trial Lawyers","publisher":{"@id":"https:\/\/westcoasttriallawyers.com\/es#organization"},"alternateName":"WCTL","potentialAction":[{"@type":"SearchAction","target":{"@type":"EntryPoint","urlTemplate":"https:\/\/westcoasttriallawyers.com\/es?s={search_term_string}"},"query-input":{"@type":"PropertyValueSpecification","valueRequired":true,"valueName":"search_term_string"}}],"inLanguage":"es"},{"@type":"Organization","@id":"https:\/\/westcoasttriallawyers.com\/es#organization","name":"West Coast Trial Lawyers","alternateName":"WCTL","url":"https:\/\/westcoasttriallawyers.com\/es","logo":{"@type":"ImageObject","inLanguage":"es","@id":"https:\/\/westcoasttriallawyers.com\/es#\/schema\/logo\/image\/","url":"https:\/\/westcoasttriallawyers.com\/wp-content\/uploads\/2026\/02\/WCTL-Logo.jpg","contentUrl":"https:\/\/westcoasttriallawyers.com\/wp-content\/uploads\/2026\/02\/WCTL-Logo.jpg","width":696,"height":696,"caption":"West Coast Trial Lawyers"},"image":{"@id":"https:\/\/westcoasttriallawyers.com\/es#\/schema\/logo\/image\/"},"sameAs":["https:\/\/www.facebook.com\/westcoasttriallawyers\/","https:\/\/x.com\/WestCoastTrial","https:\/\/www.linkedin.com\/company\/west-coast-trial-lawyers\/","https:\/\/www.instagram.com\/westcoasttriallawyers\/","https:\/\/www.yelp.com\/biz\/west-coast-trial-lawyers-los-angeles-2","https:\/\/www.pinterest.com\/westcoasttrial\/","https:\/\/www.youtube.com\/westcoasttriallawyersla\/","https:\/\/www.tiktok.com\/westcoasttriallawyers"],"description":"West Coast Trial Lawyers is a top-rated personal injury law firm with a goal to provide expert legal representation to those in need. The law firm has offices across California, Nevada, Arizona, and Washington.","legalName":"West Coast Trial Lawyers"}]}},"_links":{"self":[{"href":"https:\/\/westcoasttriallawyers.com\/es\/wp-json\/wp\/v2\/pages\/12714","targetHints":{"allow":["GET"]}}],"collection":[{"href":"https:\/\/westcoasttriallawyers.com\/es\/wp-json\/wp\/v2\/pages"}],"about":[{"href":"https:\/\/westcoasttriallawyers.com\/es\/wp-json\/wp\/v2\/types\/page"}],"author":[{"embeddable":true,"href":"https:\/\/westcoasttriallawyers.com\/es\/wp-json\/wp\/v2\/users\/475"}],"replies":[{"embeddable":true,"href":"https:\/\/westcoasttriallawyers.com\/es\/wp-json\/wp\/v2\/comments?post=12714"}],"version-history":[{"count":3,"href":"https:\/\/westcoasttriallawyers.com\/es\/wp-json\/wp\/v2\/pages\/12714\/revisions"}],"predecessor-version":[{"id":47872,"href":"https:\/\/westcoasttriallawyers.com\/es\/wp-json\/wp\/v2\/pages\/12714\/revisions\/47872"}],"up":[{"embeddable":true,"href":"https:\/\/westcoasttriallawyers.com\/es\/wp-json\/wp\/v2\/pages\/47392"}],"wp:featuredmedia":[{"embeddable":true,"href":"https:\/\/westcoasttriallawyers.com\/es\/wp-json\/wp\/v2\/media\/46846"}],"wp:attachment":[{"href":"https:\/\/westcoasttriallawyers.com\/es\/wp-json\/wp\/v2\/media?parent=12714"}],"curies":[{"name":"wp","href":"https:\/\/api.w.org\/{rel}","templated":true}]}}