{"id":12712,"date":"2026-01-14T17:59:34","date_gmt":"2026-01-14T17:59:34","guid":{"rendered":"https:\/\/wctl1stg.wpengine.com\/?page_id=12712"},"modified":"2026-01-22T11:06:56","modified_gmt":"2026-01-22T11:06:56","slug":"abogado-de-lesiones-cerebrales-de-san-bernardino","status":"publish","type":"page","link":"https:\/\/westcoasttriallawyers.com\/es\/california\/san-bernardino\/abogado-de-lesiones-cerebrales-de-san-bernardino","title":{"rendered":"Abogado de Lesiones Cerebrales de San Bernardino"},"content":{"rendered":"<h2><strong>C\u00f3mo Maneja la ley de California las Lesiones Cerebrales Traum\u00e1ticas<\/strong><\/h2>\n<p>El cerebro es el \u00f3rgano m\u00e1s importante del cuerpo. Nos permite pensar, sentir, movernos y crear recuerdos. Cualquier da\u00f1o hecho al cerebro puede interferir con su funci\u00f3n normal, lo que puede provocar que una persona quede parcial o totalmente discapacitada. Hay varios factores que pueden contribuir a este tipo de lesi\u00f3n, como los siguientes:<\/p>\n<ul>\n<li><a href=\"\/san-bernardino-personal-injury-attorney\/san-bernardino-car-accident-attorney\/\"><strong>Accidente automovilistico.<\/strong><\/a><strong>\u00a0<\/strong>Un conductor que est\u00e1 involucrado en un accidente automovil\u00edstico puede golpearse la cabeza contra el volante o contra la ventana de su izquierda. Tambi\u00e9n pueden ser expulsados \u200b\u200bdel veh\u00edculo y caer agresivamente al suelo. Cualquier escenario puede da\u00f1ar significativamente el cerebro.\u00a0<\/li>\n<li><a href=\"\/san-bernardino-personal-injury-attorney\/san-bernardino-accident-lawyer\/\"><strong>Accidente de motocicleta.<\/strong><\/a>\u00a0Un motociclista es vulnerable a otros veh\u00edculos en la carretera. Debido a su falta de protecci\u00f3n, un motociclista puede sufrir lesiones graves si se ve involucrado en un accidente. Es probable que el motociclista salga volando de su veh\u00edculo y aterrice bruscamente en el suelo. Las lesiones comunes que pueden ocurrir en este tipo de escenario incluyen huesos rotos, lesiones en brazos y piernas, lesiones en la m\u00e9dula espinal, lesiones en la cara y lesiones cerebrales.<\/li>\n<li><strong>Lesiones relacionadas con el deporte.\u00a0<\/strong>Los deportes, como el hockey y el f\u00fatbol, \u200b\u200brequieren que las personas usen equipo de protecci\u00f3n. Desafortunadamente, ha habido situaciones en las que un jugador ha sufrido una lesi\u00f3n cerebral intensa debido a un fuerte nivel de impacto de otro jugador.\u00a0<\/li>\n<li><a href=\"\/san-bernardino-personal-injury-attorney\/san-bernardino-premises-liability-accident-attorney\/\"><strong>Accidente de resbal\u00f3n y ca\u00edda.<\/strong><\/a>\u00a0Un accidente de resbal\u00f3n y ca\u00edda puede ocurrir bajo varias circunstancias. Por ejemplo,las tiendas de abarrotes podr\u00edan olvidarse de colocar se\u00f1ales de advertencia para advertir a los clientes que caminen con cuidado en \u00e1reas donde el piso est\u00e9 resbaladizo. Esto podr\u00eda causar que el cliente se resbale y caiga sobre su cabeza, lo que resultar\u00eda en una lesi\u00f3n en la cabeza que podr\u00eda provocar da\u00f1o cerebral dependiendo de la fuerza con la que su cabeza aterrice en el suelo.\u00a0<\/li>\n<\/ul>\n<p>Siempre se alienta a las v\u00edctimas de lesiones cerebrales a hacer un seguimiento con sus m\u00e9dicos para asegurarse de que sus lesiones est\u00e9n siendo monitoreadas de cerca y bien atendidas. Dado que una lesi\u00f3n cerebral puede ser a largo plazo o permanente, muchos pacientes se preocupan por las costosas facturas m\u00e9dicas por visitas al m\u00e9dico, recetas y procedimientos. Si el paciente sufri\u00f3 una lesi\u00f3n cerebral debido a la negligencia de otra parte, entonces puede tener derecho a recibir una compensaci\u00f3n por sus p\u00e9rdidas, incluidas las facturas m\u00e9dicas, los salarios perdidos, el dolor y el sufrimiento, y m\u00e1s.\u00a0<\/p>\n<p>En Los Abogados de la Costa Oeste, nuestros\u00a0<strong>abogados de lesiones cerebrales de San Bernardino<\/strong> lo ayudar\u00e1n a guiarlo a trav\u00e9s del proceso de presentaci\u00f3n de un reclamo por lesiones personales contra la parte culpable. Con nuestro historial de recuperaci\u00f3n de m\u00e1s de $ 1 mil millones en acuerdos para nuestros clientes, hemos sido reconocidos como uno de los principales bufetes de abogados de lesiones personales en San Bernardino.<\/p>\n<p>Si desea programar una consulta gratuita y sin compromiso en nuestro\u00a0<strong>bufete de abogados de lesiones personales de San Bernardino<\/strong>, comun\u00edquese con nuestro equipo legal las 24 horas, los 7 d\u00edas de la semana llamando al\u00a0<strong>213-927-3700\u00a0<\/strong>o enviando un correo electr\u00f3nico\u00a0<a href=\"mailto:info@westcoasttriallawyers.com\"><strong>a info@westcoasttriallawyers.com<\/strong><\/a><strong>.\u00a0<\/strong><\/p>\n<p><strong>Comportamiento del paciente con Lesi\u00f3n Cerebral Traum\u00e1tica\u00a0<\/strong><\/p>\n<p>Aquellos que sufren una TBI pueden tener dificultades para controlar sus emociones. Podr\u00eda sentirse como si estuvieran en una monta\u00f1a rusa emocional mientras experimentan una oleada de cambios de humor o arrebatos inexplicables. Debido a estos s\u00edntomas, las v\u00edctimas de un TBI no ser\u00e1n del todo conscientes de estos cambios que est\u00e1n afectando su vida. Ser\u00eda ideal para ellos programar una consulta con un terapeuta conductual o un neurofisi\u00f3logo para comenzar a aprender m\u00e9todos de afrontamiento, como respirar profundamente durante los momentos en los que se siente frustrado. Esto lo ayudar\u00e1 a redirigir sus pensamientos y acciones para ejecutar elecciones m\u00e1s positivas.\u00a0<\/p>\n<p>Los terapeutas conductuales le ense\u00f1ar\u00e1n varias t\u00e9cnicas que lo ayudar\u00e1n a mantener los arrebatos incontrolables. Lo m\u00e1s probable es que el terapeuta le pida que tome breves descansos a lo largo del d\u00eda para ayudarlo con sus emociones. Si desea obtener m\u00e1s informaci\u00f3n sobre c\u00f3mo puede controlar sus arrebatos, consulte nuestra lista de consejos a continuaci\u00f3n:<\/p>\n<ol>\n<li>Sea abierto acerca de sus dificultades con el control del comportamiento.<\/li>\n<li>Obt\u00e9n m\u00e1s informaci\u00f3n sobre lo que te provoca.<\/li>\n<li>Comience a investigar tipos espec\u00edficos de m\u00e9todos que pueden ayudarlo a evitar que ocurran sus desencadenantes.\u00a0<\/li>\n<li>Informe a sus amigos y familiares acerca de sus factores desencadenantes.<\/li>\n<li>Trate de evitar involucrarse en cierto tipo de circunstancias que le provoquen un arrebato emocional.<\/li>\n<li>Asiste a terapia y \u00fanete a un grupo de apoyo.<\/li>\n<li>Comienza a hacer ejercicios de meditaci\u00f3n para aliviar el estr\u00e9s.<\/li>\n<\/ol>\n<p><strong>Legislaci\u00f3n TBI\u00a0<\/strong><\/p>\n<p>La\u00a0<a href=\"https:\/\/www.congress.gov\/bill\/113th-congress\/senate-bill\/2539\/text\"><strong>Ley de Reautorizaci\u00f3n de TBI<\/strong><\/a><strong>\u00a0<\/strong>se aprob\u00f3 en 2014. Este fue creado para disminuir las TBI mediante la realizaci\u00f3n de m\u00e1s estudios sobre c\u00f3mo este tipo de problema podr\u00eda prevenirse, tratarse y rehabilitarse. Esta ley est\u00e1 compensada con fondos federales y la llevan a cabo el Departamento de Salud y Servicios Humanos de EE. UU., los Institutos Nacionales de Salud, la Administraci\u00f3n para la Vida Comunitaria y los Centros para el Control y la Prevenci\u00f3n de Enfermedades.<\/p>\n<p><strong>Legislaciones Espec\u00edficas<\/strong><\/p>\n<ul>\n<li><a href=\"https:\/\/leginfo.legislature.ca.gov\/faces\/codes_displaySection.xhtml?lawCode=PEN&amp;sectionNum=13515.36.\"><strong>Cal. C\u00f3digo Penal \u00a713515.36<\/strong><\/a><a href=\"http:\/\/www.leginfo.ca.gov\/pub\/09-10\/bill\/sen\/sb_1251-1300\/sb_1296_bill_20100929_chaptered.html\"><strong>(2010 SB 1296)<\/strong><\/a><strong>.\u00a0<\/strong>Para esta ley, se requiere que la Comisi\u00f3n de Est\u00e1ndares y Capacitaci\u00f3n de Oficiales de Paz tome la iniciativa en la administraci\u00f3n de sesiones de capacitaci\u00f3n, principalmente para veteranos que regresan y otras personas que sufren una TBI o trastorno de estr\u00e9s postraum\u00e1tico (PTSD). Adem\u00e1s, se requiere que la Comisi\u00f3n distribuya boletines de capacitaci\u00f3n en l\u00ednea a las agencias de cumplimiento de la ley con respecto a TBI y PTSD, adem\u00e1s de tener que actualizar a la legislatura sobre c\u00f3mo se capacita a los agentes del orden comunic\u00e1ndose con aquellos que sufren TBI o PTSD.<\/li>\n<li><a href=\"https:\/\/leginfo.legislature.ca.gov\/faces\/codes_displaySection.xhtml?lawCode=EDC&amp;sectionNum=49475.\"><strong>California. C\u00f3digo de Educaci\u00f3n \u00a749475<\/strong><\/a><strong>\u00a0<\/strong><a href=\"http:\/\/www.leginfo.ca.gov\/pub\/11-12\/bill\/asm\/ab_0001-0050\/ab_25_bill_20111004_chaptered.pdf\"><strong>(2011 AB 25)<\/strong><\/a><strong>.\u00a0<\/strong>Es obligatorio que los distritos escolares retiren a los atletas de cualquier tipo de actividad relacionada con el deporte si sufren una lesi\u00f3n en la cabeza o una conmoci\u00f3n cerebral. A estos atletas no se les permitir\u00e1 regresar a su actividad relacionada con los deportes hasta que un proveedor de atenci\u00f3n m\u00e9dica los elimine de estos problemas de salud.<\/li>\n<li>California. C\u00f3digo de Bienestar e Instituciones \u00a7\u00a0<a href=\"https:\/\/leginfo.legislature.ca.gov\/faces\/codes_displaySection.xhtml?lawCode=WIC&amp;sectionNum=4354.\"><strong>4354<\/strong><\/a>;\u00a0<a href=\"https:\/\/leginfo.legislature.ca.gov\/faces\/codes_displaySection.xhtml?lawCode=WIC&amp;sectionNum=4354.5.\"><strong>4354.5<\/strong><\/a>;\u00a0<a href=\"https:\/\/leginfo.legislature.ca.gov\/faces\/codes_displaySection.xhtml?lawCode=WIC&amp;sectionNum=4355.\"><strong>4355<\/strong><\/a>;\u00a0<a href=\"https:\/\/leginfo.legislature.ca.gov\/faces\/codes_displaySection.xhtml?lawCode=WIC&amp;sectionNum=4356.\"><strong>4356<\/strong><\/a>;\u00a0<a href=\"https:\/\/leginfo.legislature.ca.gov\/faces\/codes_displaySection.xhtml?lawCode=WIC&amp;sectionNum=4357.\"><strong>4357<\/strong><\/a>;\u00a0<a href=\"https:\/\/leginfo.legislature.ca.gov\/faces\/codes_displaySection.xhtml?lawCode=WIC&amp;sectionNum=4357.1.\"><strong>4357.1;<\/strong><\/a>\u00a0<a href=\"https:\/\/leginfo.legislature.ca.gov\/faces\/codes_displaySection.xhtml?lawCode=WIC&amp;sectionNum=4358.5.\"><strong>4358.5<\/strong><\/a>;\u00a0<a href=\"https:\/\/codes.findlaw.com\/ca\/welfare-and-institutions-code\/wic-sect-4359.html\"><strong>4359<\/strong><\/a>;\u00a0<a href=\"https:\/\/law.justia.com\/codes\/california\/2017\/code-wic\/division-9\/part-3\/chapter-7\/article-4\/section-14132.992\/\"><strong>14132.992<\/strong><\/a>\u00a0(<a href=\"http:\/\/www.leginfo.ca.gov\/pub\/09-10\/bill\/asm\/ab_0351-0400\/ab_398_bill_20091011_chaptered.html\"><strong>2009 AB 398<\/strong><\/a>). El Departamento de Salud Mental del Estado ser\u00e1 removido de las responsabilidades de brindar servicios a quienes sufren de TBI. En su lugar, se asignar\u00e1n estas funciones al Departamento de Rehabilitaci\u00f3n, junto con la recopilaci\u00f3n de datos y el seguimiento y la evaluaci\u00f3n de los proveedores de servicios.\u00a0<\/li>\n<\/ul>\n<p><strong>Cont\u00e1ctenos<\/strong><\/p>\n<p>Si usted es v\u00edctima de una lesi\u00f3n cerebral y est\u00e1 buscando asistencia legal,\u00a0<a href=\"\/\"><strong>Abogados de la Costa Oeste\u00a0<\/strong><\/a>cuenta con abogados experimentados en lesiones cerebrales de San Bernardino que lo ayudar\u00e1n a recuperar una compensaci\u00f3n financiera y emocional por sus p\u00e9rdidas.<\/p>\n<p>Cont\u00e1ctenos hoy llamando al\u00a0<strong>213-927-3700<\/strong> o enviando un correo electr\u00f3nico<strong>\u00a0<\/strong><a href=\"mailto:info@westcoasttriallawyers.com\"><strong>info@westcoasttriallawyers.com<\/strong><\/a><strong>\u00a0<\/strong>para programar una consulta gratuita con nuestro equipo legal experto, atento y compasivo.\u00a0<\/p>\n<p><!-- WCTL_DEBUG: no shortcode in this_content --><\/p>\n","protected":false},"excerpt":{"rendered":"<p>C\u00f3mo Maneja la ley de California las Lesiones Cerebrales Traum\u00e1ticas El cerebro es el \u00f3rgano m\u00e1s importante del cuerpo. Nos permite pensar, sentir, movernos y crear recuerdos. Cualquier da\u00f1o hecho al cerebro puede interferir con su funci\u00f3n normal, lo que puede provocar que una persona quede parcial o totalmente discapacitada. Hay varios factores que pueden [&hellip;]<\/p>\n","protected":false},"author":475,"featured_media":46856,"parent":47392,"menu_order":0,"comment_status":"closed","ping_status":"closed","template":"","meta":{"inline_featured_image":false,"footnotes":""},"class_list":["post-12712","page","type-page","status-publish","has-post-thumbnail","hentry"],"acf":[],"yoast_head":"<!-- This site is optimized with the Yoast SEO Premium plugin v26.0 (Yoast SEO v26.0) - https:\/\/yoast.com\/wordpress\/plugins\/seo\/ -->\n<title>Abogado de Lesiones Cerebrales de San Bernardino | West Coast Trial Lawyers<\/title>\n<meta name=\"robots\" content=\"index, follow, max-snippet:-1, max-image-preview:large, max-video-preview:-1\" \/>\n<link rel=\"canonical\" href=\"https:\/\/westcoasttriallawyers.com\/es\/california\/san-bernardino\/abogado-de-lesiones-cerebrales-de-san-bernardino\" \/>\n<meta property=\"og:locale\" content=\"es_ES\" \/>\n<meta property=\"og:type\" content=\"article\" \/>\n<meta property=\"og:title\" content=\"Abogado de Lesiones Cerebrales de San Bernardino\" \/>\n<meta property=\"og:description\" content=\"C\u00f3mo Maneja la ley de California las Lesiones Cerebrales Traum\u00e1ticas El cerebro es el \u00f3rgano m\u00e1s importante del cuerpo. Nos permite pensar, sentir, movernos y crear recuerdos. Cualquier da\u00f1o hecho al cerebro puede interferir con su funci\u00f3n normal, lo que puede provocar que una persona quede parcial o totalmente discapacitada. Hay varios factores que pueden [&hellip;]\" \/>\n<meta property=\"og:url\" content=\"https:\/\/westcoasttriallawyers.com\/es\/california\/san-bernardino\/abogado-de-lesiones-cerebrales-de-san-bernardino\" \/>\n<meta property=\"og:site_name\" content=\"West Coast Trial Lawyers\" \/>\n<meta property=\"article:publisher\" content=\"https:\/\/www.facebook.com\/westcoasttriallawyers\/\" \/>\n<meta property=\"article:modified_time\" content=\"2026-01-22T11:06:56+00:00\" \/>\n<meta property=\"og:image\" content=\"https:\/\/westcoasttriallawyers.com\/wp-content\/uploads\/2025\/07\/city-img-4-23.webp\" \/>\n\t<meta property=\"og:image:width\" content=\"557\" \/>\n\t<meta property=\"og:image:height\" content=\"329\" \/>\n\t<meta property=\"og:image:type\" content=\"image\/webp\" \/>\n<meta name=\"twitter:card\" content=\"summary_large_image\" \/>\n<meta name=\"twitter:site\" content=\"@WestCoastTrial\" \/>\n<meta name=\"twitter:label1\" content=\"Tiempo de lectura\" \/>\n\t<meta name=\"twitter:data1\" content=\"10 minutos\" \/>\n<script type=\"application\/ld+json\" class=\"yoast-schema-graph\">{\"@context\":\"https:\/\/schema.org\",\"@graph\":[{\"@type\":[\"WebPage\",\"ItemPage\"],\"@id\":\"https:\/\/westcoasttriallawyers.com\/es\/california\/san-bernardino\/abogado-de-lesiones-cerebrales-de-san-bernardino\",\"url\":\"https:\/\/westcoasttriallawyers.com\/es\/california\/san-bernardino\/abogado-de-lesiones-cerebrales-de-san-bernardino\",\"name\":\"Abogado de Lesiones Cerebrales de San Bernardino | West Coast Trial Lawyers\",\"isPartOf\":{\"@id\":\"https:\/\/westcoasttriallawyers.com\/es#website\"},\"primaryImageOfPage\":{\"@id\":\"https:\/\/westcoasttriallawyers.com\/es\/california\/san-bernardino\/abogado-de-lesiones-cerebrales-de-san-bernardino#primaryimage\"},\"image\":{\"@id\":\"https:\/\/westcoasttriallawyers.com\/es\/california\/san-bernardino\/abogado-de-lesiones-cerebrales-de-san-bernardino#primaryimage\"},\"thumbnailUrl\":\"https:\/\/westcoasttriallawyers.com\/wp-content\/uploads\/2025\/07\/city-img-4-23.webp\",\"datePublished\":\"2026-01-14T17:59:34+00:00\",\"dateModified\":\"2026-01-22T11:06:56+00:00\",\"breadcrumb\":{\"@id\":\"https:\/\/westcoasttriallawyers.com\/es\/california\/san-bernardino\/abogado-de-lesiones-cerebrales-de-san-bernardino#breadcrumb\"},\"inLanguage\":\"es\",\"potentialAction\":[{\"@type\":\"ReadAction\",\"target\":[\"https:\/\/westcoasttriallawyers.com\/es\/california\/san-bernardino\/abogado-de-lesiones-cerebrales-de-san-bernardino\"]}]},{\"@type\":\"ImageObject\",\"inLanguage\":\"es\",\"@id\":\"https:\/\/westcoasttriallawyers.com\/es\/california\/san-bernardino\/abogado-de-lesiones-cerebrales-de-san-bernardino#primaryimage\",\"url\":\"https:\/\/westcoasttriallawyers.com\/wp-content\/uploads\/2025\/07\/city-img-4-23.webp\",\"contentUrl\":\"https:\/\/westcoasttriallawyers.com\/wp-content\/uploads\/2025\/07\/city-img-4-23.webp\",\"width\":557,\"height\":329},{\"@type\":\"BreadcrumbList\",\"@id\":\"https:\/\/westcoasttriallawyers.com\/es\/california\/san-bernardino\/abogado-de-lesiones-cerebrales-de-san-bernardino#breadcrumb\",\"itemListElement\":[{\"@type\":\"ListItem\",\"position\":1,\"name\":\"Inicio\",\"item\":\"https:\/\/westcoasttriallawyers.com\/es\"},{\"@type\":\"ListItem\",\"position\":2,\"name\":\"California\",\"item\":\"https:\/\/westcoasttriallawyers.com\/es\/california\"},{\"@type\":\"ListItem\",\"position\":3,\"name\":\"San Bernardino\",\"item\":\"https:\/\/westcoasttriallawyers.com\/es\/california\/san-bernardino\"},{\"@type\":\"ListItem\",\"position\":4,\"name\":\"Abogado de Lesiones Cerebrales de San Bernardino\"}]},{\"@type\":\"WebSite\",\"@id\":\"https:\/\/westcoasttriallawyers.com\/es#website\",\"url\":\"https:\/\/westcoasttriallawyers.com\/es\",\"name\":\"West Coast Trial Lawyers\",\"description\":\"West Coast Trial Lawyers\",\"publisher\":{\"@id\":\"https:\/\/westcoasttriallawyers.com\/es#organization\"},\"alternateName\":\"WCTL\",\"potentialAction\":[{\"@type\":\"SearchAction\",\"target\":{\"@type\":\"EntryPoint\",\"urlTemplate\":\"https:\/\/westcoasttriallawyers.com\/es?s={search_term_string}\"},\"query-input\":{\"@type\":\"PropertyValueSpecification\",\"valueRequired\":true,\"valueName\":\"search_term_string\"}}],\"inLanguage\":\"es\"},{\"@type\":\"Organization\",\"@id\":\"https:\/\/westcoasttriallawyers.com\/es#organization\",\"name\":\"West Coast Trial Lawyers\",\"alternateName\":\"WCTL\",\"url\":\"https:\/\/westcoasttriallawyers.com\/es\",\"logo\":{\"@type\":\"ImageObject\",\"inLanguage\":\"es\",\"@id\":\"https:\/\/westcoasttriallawyers.com\/es#\/schema\/logo\/image\/\",\"url\":\"https:\/\/westcoasttriallawyers.com\/wp-content\/uploads\/2026\/02\/WCTL-Logo.jpg\",\"contentUrl\":\"https:\/\/westcoasttriallawyers.com\/wp-content\/uploads\/2026\/02\/WCTL-Logo.jpg\",\"width\":696,\"height\":696,\"caption\":\"West Coast Trial Lawyers\"},\"image\":{\"@id\":\"https:\/\/westcoasttriallawyers.com\/es#\/schema\/logo\/image\/\"},\"sameAs\":[\"https:\/\/www.facebook.com\/westcoasttriallawyers\/\",\"https:\/\/x.com\/WestCoastTrial\",\"https:\/\/www.linkedin.com\/company\/west-coast-trial-lawyers\/\",\"https:\/\/www.instagram.com\/westcoasttriallawyers\/\",\"https:\/\/www.yelp.com\/biz\/west-coast-trial-lawyers-los-angeles-2\",\"https:\/\/www.pinterest.com\/westcoasttrial\/\",\"https:\/\/www.youtube.com\/westcoasttriallawyersla\/\",\"https:\/\/www.tiktok.com\/westcoasttriallawyers\"],\"description\":\"West Coast Trial Lawyers is a top-rated personal injury law firm with a goal to provide expert legal representation to those in need. The law firm has offices across California, Nevada, Arizona, and Washington.\",\"legalName\":\"West Coast Trial Lawyers\"}]}<\/script>\n<!-- \/ Yoast SEO Premium plugin. -->","yoast_head_json":{"title":"Abogado de Lesiones Cerebrales de San Bernardino | West Coast Trial Lawyers","robots":{"index":"index","follow":"follow","max-snippet":"max-snippet:-1","max-image-preview":"max-image-preview:large","max-video-preview":"max-video-preview:-1"},"canonical":"https:\/\/westcoasttriallawyers.com\/es\/california\/san-bernardino\/abogado-de-lesiones-cerebrales-de-san-bernardino","og_locale":"es_ES","og_type":"article","og_title":"Abogado de Lesiones Cerebrales de San Bernardino","og_description":"C\u00f3mo Maneja la ley de California las Lesiones Cerebrales Traum\u00e1ticas El cerebro es el \u00f3rgano m\u00e1s importante del cuerpo. Nos permite pensar, sentir, movernos y crear recuerdos. Cualquier da\u00f1o hecho al cerebro puede interferir con su funci\u00f3n normal, lo que puede provocar que una persona quede parcial o totalmente discapacitada. Hay varios factores que pueden [&hellip;]","og_url":"https:\/\/westcoasttriallawyers.com\/es\/california\/san-bernardino\/abogado-de-lesiones-cerebrales-de-san-bernardino","og_site_name":"West Coast Trial Lawyers","article_publisher":"https:\/\/www.facebook.com\/westcoasttriallawyers\/","article_modified_time":"2026-01-22T11:06:56+00:00","og_image":[{"width":557,"height":329,"url":"https:\/\/westcoasttriallawyers.com\/wp-content\/uploads\/2025\/07\/city-img-4-23.webp","type":"image\/webp"}],"twitter_card":"summary_large_image","twitter_site":"@WestCoastTrial","twitter_misc":{"Tiempo de lectura":"10 minutos"},"schema":{"@context":"https:\/\/schema.org","@graph":[{"@type":["WebPage","ItemPage"],"@id":"https:\/\/westcoasttriallawyers.com\/es\/california\/san-bernardino\/abogado-de-lesiones-cerebrales-de-san-bernardino","url":"https:\/\/westcoasttriallawyers.com\/es\/california\/san-bernardino\/abogado-de-lesiones-cerebrales-de-san-bernardino","name":"Abogado de Lesiones Cerebrales de San Bernardino | West Coast Trial Lawyers","isPartOf":{"@id":"https:\/\/westcoasttriallawyers.com\/es#website"},"primaryImageOfPage":{"@id":"https:\/\/westcoasttriallawyers.com\/es\/california\/san-bernardino\/abogado-de-lesiones-cerebrales-de-san-bernardino#primaryimage"},"image":{"@id":"https:\/\/westcoasttriallawyers.com\/es\/california\/san-bernardino\/abogado-de-lesiones-cerebrales-de-san-bernardino#primaryimage"},"thumbnailUrl":"https:\/\/westcoasttriallawyers.com\/wp-content\/uploads\/2025\/07\/city-img-4-23.webp","datePublished":"2026-01-14T17:59:34+00:00","dateModified":"2026-01-22T11:06:56+00:00","breadcrumb":{"@id":"https:\/\/westcoasttriallawyers.com\/es\/california\/san-bernardino\/abogado-de-lesiones-cerebrales-de-san-bernardino#breadcrumb"},"inLanguage":"es","potentialAction":[{"@type":"ReadAction","target":["https:\/\/westcoasttriallawyers.com\/es\/california\/san-bernardino\/abogado-de-lesiones-cerebrales-de-san-bernardino"]}]},{"@type":"ImageObject","inLanguage":"es","@id":"https:\/\/westcoasttriallawyers.com\/es\/california\/san-bernardino\/abogado-de-lesiones-cerebrales-de-san-bernardino#primaryimage","url":"https:\/\/westcoasttriallawyers.com\/wp-content\/uploads\/2025\/07\/city-img-4-23.webp","contentUrl":"https:\/\/westcoasttriallawyers.com\/wp-content\/uploads\/2025\/07\/city-img-4-23.webp","width":557,"height":329},{"@type":"BreadcrumbList","@id":"https:\/\/westcoasttriallawyers.com\/es\/california\/san-bernardino\/abogado-de-lesiones-cerebrales-de-san-bernardino#breadcrumb","itemListElement":[{"@type":"ListItem","position":1,"name":"Inicio","item":"https:\/\/westcoasttriallawyers.com\/es"},{"@type":"ListItem","position":2,"name":"California","item":"https:\/\/westcoasttriallawyers.com\/es\/california"},{"@type":"ListItem","position":3,"name":"San Bernardino","item":"https:\/\/westcoasttriallawyers.com\/es\/california\/san-bernardino"},{"@type":"ListItem","position":4,"name":"Abogado de Lesiones Cerebrales de San Bernardino"}]},{"@type":"WebSite","@id":"https:\/\/westcoasttriallawyers.com\/es#website","url":"https:\/\/westcoasttriallawyers.com\/es","name":"West Coast Trial Lawyers","description":"West Coast Trial Lawyers","publisher":{"@id":"https:\/\/westcoasttriallawyers.com\/es#organization"},"alternateName":"WCTL","potentialAction":[{"@type":"SearchAction","target":{"@type":"EntryPoint","urlTemplate":"https:\/\/westcoasttriallawyers.com\/es?s={search_term_string}"},"query-input":{"@type":"PropertyValueSpecification","valueRequired":true,"valueName":"search_term_string"}}],"inLanguage":"es"},{"@type":"Organization","@id":"https:\/\/westcoasttriallawyers.com\/es#organization","name":"West Coast Trial Lawyers","alternateName":"WCTL","url":"https:\/\/westcoasttriallawyers.com\/es","logo":{"@type":"ImageObject","inLanguage":"es","@id":"https:\/\/westcoasttriallawyers.com\/es#\/schema\/logo\/image\/","url":"https:\/\/westcoasttriallawyers.com\/wp-content\/uploads\/2026\/02\/WCTL-Logo.jpg","contentUrl":"https:\/\/westcoasttriallawyers.com\/wp-content\/uploads\/2026\/02\/WCTL-Logo.jpg","width":696,"height":696,"caption":"West Coast Trial Lawyers"},"image":{"@id":"https:\/\/westcoasttriallawyers.com\/es#\/schema\/logo\/image\/"},"sameAs":["https:\/\/www.facebook.com\/westcoasttriallawyers\/","https:\/\/x.com\/WestCoastTrial","https:\/\/www.linkedin.com\/company\/west-coast-trial-lawyers\/","https:\/\/www.instagram.com\/westcoasttriallawyers\/","https:\/\/www.yelp.com\/biz\/west-coast-trial-lawyers-los-angeles-2","https:\/\/www.pinterest.com\/westcoasttrial\/","https:\/\/www.youtube.com\/westcoasttriallawyersla\/","https:\/\/www.tiktok.com\/westcoasttriallawyers"],"description":"West Coast Trial Lawyers is a top-rated personal injury law firm with a goal to provide expert legal representation to those in need. The law firm has offices across California, Nevada, Arizona, and Washington.","legalName":"West Coast Trial Lawyers"}]}},"_links":{"self":[{"href":"https:\/\/westcoasttriallawyers.com\/es\/wp-json\/wp\/v2\/pages\/12712","targetHints":{"allow":["GET"]}}],"collection":[{"href":"https:\/\/westcoasttriallawyers.com\/es\/wp-json\/wp\/v2\/pages"}],"about":[{"href":"https:\/\/westcoasttriallawyers.com\/es\/wp-json\/wp\/v2\/types\/page"}],"author":[{"embeddable":true,"href":"https:\/\/westcoasttriallawyers.com\/es\/wp-json\/wp\/v2\/users\/475"}],"replies":[{"embeddable":true,"href":"https:\/\/westcoasttriallawyers.com\/es\/wp-json\/wp\/v2\/comments?post=12712"}],"version-history":[{"count":3,"href":"https:\/\/westcoasttriallawyers.com\/es\/wp-json\/wp\/v2\/pages\/12712\/revisions"}],"predecessor-version":[{"id":47860,"href":"https:\/\/westcoasttriallawyers.com\/es\/wp-json\/wp\/v2\/pages\/12712\/revisions\/47860"}],"up":[{"embeddable":true,"href":"https:\/\/westcoasttriallawyers.com\/es\/wp-json\/wp\/v2\/pages\/47392"}],"wp:featuredmedia":[{"embeddable":true,"href":"https:\/\/westcoasttriallawyers.com\/es\/wp-json\/wp\/v2\/media\/46856"}],"wp:attachment":[{"href":"https:\/\/westcoasttriallawyers.com\/es\/wp-json\/wp\/v2\/media?parent=12712"}],"curies":[{"name":"wp","href":"https:\/\/api.w.org\/{rel}","templated":true}]}}