{"id":12709,"date":"2026-01-14T17:59:30","date_gmt":"2026-01-14T17:59:30","guid":{"rendered":"https:\/\/wctl1stg.wpengine.com\/?page_id=12709"},"modified":"2026-01-22T11:31:39","modified_gmt":"2026-01-22T11:31:39","slug":"abogado-especializado-en-lesiones-de-la-medula-espinal-de-san-bernardino","status":"publish","type":"page","link":"https:\/\/westcoasttriallawyers.com\/es\/california\/san-bernardino\/abogado-especializado-en-lesiones-de-la-medula-espinal-de-san-bernardino","title":{"rendered":"Abogado Especializado en Lesiones de la M\u00e9dula Espinal de San Bernardino"},"content":{"rendered":"<h2><strong>\u00bfCu\u00e1l es la Diferencia entre Lesiones Completas e Incompletas de la M\u00e9dula Espinal?<\/strong><\/h2>\n<p>Una lesi\u00f3n de la m\u00e9dula espinal puede ocurrir por varios tipos de circunstancias, que incluyen:<\/p>\n<ol>\n<li><strong>Colisiones.\u00a0<\/strong>Si un conductor, motociclista, ciclista, peat\u00f3n o ciclista el\u00e9ctrico se ve involucrado en un accidente automovil\u00edstico, podr\u00eda sufrir una lesi\u00f3n en la m\u00e9dula espinal dependiendo de la intensidad del impacto. Se debe administrar atenci\u00f3n m\u00e9dica inmediata para tratar el problema.\u00a0<\/li>\n<li><strong>Lesiones relacionadas con el deporte.\u00a0<\/strong>Los deportes de alto impacto, como el hockey y el f\u00fatbol, \u200b\u200brequieren que los jugadores se ataquen agresivamente entre s\u00ed para obtener una pelota o un disco. Una lesi\u00f3n de la m\u00e9dula espinal puede ocurrir si un jugador recibe un golpe por detr\u00e1s o si un jugador cae de espaldas durante una ca\u00edda.\u00a0<\/li>\n<li><strong>Resbalar y caer.<\/strong> Los due\u00f1os de propiedades, de casas o negocios, son responsables de asegurarse de que su propiedad sea segura para que las personas entren. Por ejemplo, las tiendas de comestibles generalmente tienen empleados que limpian los pisos. En algunos casos, un empleado puede olvidarse de dejar un letrero de advertencia para que los compradores est\u00e9n al tanto del piso mojado. Un cliente que camina en esta \u00e1rea resbaladiza puede caer y caer de espaldas. Esto podr\u00eda provocar una lesi\u00f3n en la m\u00e9dula espinal seg\u00fan la intensidad del contacto con el suelo.<\/li>\n<li><strong>Enfermedades.<\/strong> La osteoporosis, el c\u00e1ncer, la artritis y la inflamaci\u00f3n de la m\u00e9dula espinal afectar\u00e1n el cuerpo de la v\u00edctima al debilitar los m\u00fasculos. Esto aumentar\u00e1 la probabilidad de una lesi\u00f3n de la m\u00e9dula espinal independientemente de la gravedad de la ca\u00edda.\u00a0<\/li>\n<li><strong>Violencia f\u00edsica.<\/strong> Si una herida de bala o cuchillo atraviesa el canal espinal, puede fracturar los ped\u00edculos y las facetas, lo que causa un da\u00f1o grave de la m\u00e9dula espinal.\u00a0<\/li>\n<\/ol>\n<p>Desafortunadamente, la gran mayor\u00eda de las lesiones de la m\u00e9dula espinal son permanentes. Dado que una lesi\u00f3n de la m\u00e9dula espinal se dirige hacia los nervios que env\u00edan se\u00f1ales al cerebro, ser\u00e1 casi imposible controlar completamente su cuerpo como sol\u00eda hacerlo antes del accidente. Puede existir la posibilidad de sufrir una lesi\u00f3n temporal de la m\u00e9dula espinal, sin embargo, a\u00fan puede ser dif\u00edcil recuperar los sentidos y los movimientos.\u00a0<\/p>\n<p>Si usted fue v\u00edctima de una lesi\u00f3n de la m\u00e9dula espinal y desea presentar una demanda contra la persona culpable debido a su negligencia, West Coast Trial Lawyers tiene\u00a0<strong>abogados de lesiones de la m\u00e9dula espinal de San Bernardino<\/strong> con m\u00e1s de 60 a\u00f1os de experiencia legal colectiva en el manejo de lesiones personales casos de lesiones. Con nuestro historial de ganar m\u00e1s de 5,000 casos, hemos sido reconocidos como uno de los mejores bufetes de abogados de lesiones personales en\u00a0<strong>San Bernardino.\u00a0<\/strong><\/p>\n<p>Para programar una consulta gratuita y sin compromiso en nuestro\u00a0<strong>bufete de abogados de lesiones personales de San Bernardino<\/strong>, comun\u00edquese con nuestro equipo legal las 24 horas, los 7 d\u00edas de la semana llamando al\u00a0<strong>213-927-3700<\/strong> o enviando un correo electr\u00f3nico\u00a0<a href=\"mailto:info@westcoasttriallawyers.com\"><strong>a info@westcoasttriallawyers.com<\/strong><\/a><strong>.<\/strong><\/p>\n<p><strong>Lesi\u00f3n Completa o Incompleta de la M\u00e9dula Espinal<\/strong><\/p>\n<p>Una persona que sufre una\u00a0<strong>lesi\u00f3n completa de la m\u00e9dula espinal<\/strong> no tendr\u00e1 sensibilidad ni control motor por debajo de la lesi\u00f3n. Otros s\u00edntomas adicionales pueden incluir dificultad para mantener la vejiga o los movimientos intestinales y dificultad para respirar. Es muy posible que a la v\u00edctima tambi\u00e9n se le diagnostique paraplejia o tetraplejia.\u00a0<\/p>\n<ul>\n<li><a href=\"https:\/\/www.uab.edu\/medicine\/sci\/faqs-about-spinal-cord-injury-sci\/what-is-paraplegia\"><strong>La paraplejia<\/strong><\/a> surge cuando se da\u00f1an las secciones sacro lumbar o tor\u00e1cica de la m\u00e9dula espinal.\u00a0<\/li>\n<li><a href=\"https:\/\/www.uab.edu\/medicine\/sci\/faqs-about-spinal-cord-injury-sci\/what-is-tetraplegia\"><strong>Tetraplej\u00eda.<\/strong><\/a> Ocurre cuando se da\u00f1a la secci\u00f3n cervical de la m\u00e9dula espinal.<\/li>\n<\/ul>\n<p>Una<strong> lesi\u00f3n incompleta de la m\u00e9dula espinal<\/strong> es cuando una persona a\u00fan puede sentir algo en \u00e1reas debajo de su lesi\u00f3n. Una m\u00e9dula espinal a\u00fan puede enviar mensajes entre el cerebro y el cuerpo. Esta lesi\u00f3n podr\u00eda clasificarse como par\u00e1lisis parcial. Los s\u00edntomas comunes de una lesi\u00f3n incompleta de la m\u00e9dula espinal incluyen:<\/p>\n<ul>\n<li>Dolor cr\u00f3nico debajo de la lesi\u00f3n.<\/li>\n<li>Sintiendo alguna sensaci\u00f3n de vez en cuando debajo de la lesi\u00f3n.<\/li>\n<li>Capacidad para mover los m\u00fasculos debajo de la lesi\u00f3n. La cantidad de movimiento muscular depende de la gravedad de la lesi\u00f3n.\u00a0<\/li>\n<\/ul>\n<p><strong>Tratamiento\u00a0<\/strong><\/p>\n<p>Hay varios factores que contribuyen al dif\u00edcil viaje de una v\u00edctima para mejorar su m\u00e9dula espinal. Esto incluye:<\/p>\n<ul>\n<li><strong>El \u00e1rea lesionada.<\/strong> Una v\u00edctima puede sufrir una lesi\u00f3n temporal o permanente seg\u00fan el \u00e1rea de la m\u00e9dula espinal que haya sufrido el impacto. Como se mencion\u00f3 anteriormente, la paraplejia puede ocurrir si se da\u00f1an las secciones sacra, tor\u00e1cica o lumbar de la m\u00e9dula espinal. La tetraplej\u00eda puede ocurrir si se da\u00f1a el \u00e1rea cervical.<\/li>\n<li><strong>Estado de salud.<\/strong> Si la v\u00edctima ya sufre de enfermedades que debilitan sus huesos, ser\u00e1 muy dif\u00edcil que la m\u00e9dula espinal recupere alg\u00fan nivel de fuerza. Adem\u00e1s, si la v\u00edctima est\u00e1 lidiando con una infecci\u00f3n, puede aumentar la inflamaci\u00f3n del \u00e1rea lesionada y retrasar el proceso de recuperaci\u00f3n.<\/li>\n<li><strong>Atenci\u00f3n m\u00e9dica.<\/strong> Si la v\u00edctima ha estado recibiendo un nivel de atenci\u00f3n y tratamiento m\u00e9dico de alta calidad, es posible que tenga la oportunidad de recuperarse.\u00a0<\/li>\n<li><strong>Compromiso con la fisioterapia.\u00a0<\/strong>Si la v\u00edctima est\u00e1 decidida a participar en sesiones de fisioterapia durante un largo per\u00edodo de tiempo, comenzar\u00e1 a ver una mejora notable.<\/li>\n<\/ul>\n<p>En general, no existe una forma precisa de determinar cu\u00e1nto tiempo puede llevarle a una persona notar resultados efectivos del tratamiento de su lesi\u00f3n de la m\u00e9dula espinal. Cada persona soporta una forma diferente de dolor que puede tardar mucho tiempo en sanar. Desafortunadamente, aquellos que han sufrido una lesi\u00f3n grave de la m\u00e9dula espinal probablemente no tendr\u00e1n la oportunidad de realizar mejoras que les permitan funcionar de la misma manera que lo hac\u00edan antes del incidente.\u00a0<\/p>\n<p>Para tener una mejor idea de d\u00f3nde se encuentra con su lesi\u00f3n de la m\u00e9dula espinal, debe buscar la ayuda de un m\u00e9dico. El m\u00e9dico realizar\u00e1 pruebas y procedimientos para determinar un diagn\u00f3stico. Una vez que se haya encontrado el diagn\u00f3stico, el m\u00e9dico crear\u00e1 un plan de tratamiento que mejor se adapte a su condici\u00f3n. El tratamiento puede ayudarlo a recuperarse o lo ayudar\u00e1 a vivir la vida un poco m\u00e1s c\u00f3modamente.\u00a0<\/p>\n<p><strong>Cont\u00e1ctenos\u00a0<\/strong><\/p>\n<p>Si ha sufrido una lesi\u00f3n completa o incompleta de la m\u00e9dula espinal debido a acciones negligentes cometidas por otra persona,\u00a0<a href=\"\/\"><strong>Abogados de la Costa Oeste<\/strong><\/a>\u00a0tiene abogados experimentados en lesiones de la m\u00e9dula espinal de San Bernardino que est\u00e1n disponibles para ayudarle con su caso. Nuestros abogados har\u00e1n que sea una prioridad brindarle la justicia que se merece.\u00a0<\/p>\n<p>Cont\u00e1ctenos hoy llamando al\u00a0<strong>213-927-3700<\/strong> o enviando un correo electr\u00f3nico\u00a0<a href=\"mailto:info@westcoasttriallawyers.com\"><strong>info@westcoasttriallawyers.com<\/strong><\/a><strong>\u00a0<\/strong>para programar una consulta gratuita con nuestro equipo legal experto, atento y compasivo.\u00a0<\/p>\n<p><!-- WCTL_DEBUG: no shortcode in this_content --><\/p>\n","protected":false},"excerpt":{"rendered":"<p>\u00bfCu\u00e1l es la Diferencia entre Lesiones Completas e Incompletas de la M\u00e9dula Espinal? Una lesi\u00f3n de la m\u00e9dula espinal puede ocurrir por varios tipos de circunstancias, que incluyen: Colisiones.\u00a0Si un conductor, motociclista, ciclista, peat\u00f3n o ciclista el\u00e9ctrico se ve involucrado en un accidente automovil\u00edstico, podr\u00eda sufrir una lesi\u00f3n en la m\u00e9dula espinal dependiendo de la [&hellip;]<\/p>\n","protected":false},"author":475,"featured_media":46836,"parent":47392,"menu_order":0,"comment_status":"closed","ping_status":"closed","template":"","meta":{"inline_featured_image":false,"footnotes":""},"class_list":["post-12709","page","type-page","status-publish","has-post-thumbnail","hentry"],"acf":[],"yoast_head":"<!-- This site is optimized with the Yoast SEO Premium plugin v26.0 (Yoast SEO v26.0) - https:\/\/yoast.com\/wordpress\/plugins\/seo\/ -->\n<title>Abogado Especializado en Lesiones de la M\u00e9dula Espinal de San Bernardino | West Coast Trial Lawyers<\/title>\n<meta name=\"robots\" content=\"index, follow, max-snippet:-1, max-image-preview:large, max-video-preview:-1\" \/>\n<link rel=\"canonical\" href=\"https:\/\/westcoasttriallawyers.com\/es\/california\/san-bernardino\/abogado-especializado-en-lesiones-de-la-medula-espinal-de-san-bernardino\" \/>\n<meta property=\"og:locale\" content=\"es_ES\" \/>\n<meta property=\"og:type\" content=\"article\" \/>\n<meta property=\"og:title\" content=\"Abogado Especializado en Lesiones de la M\u00e9dula Espinal de San Bernardino\" \/>\n<meta property=\"og:description\" content=\"\u00bfCu\u00e1l es la Diferencia entre Lesiones Completas e Incompletas de la M\u00e9dula Espinal? Una lesi\u00f3n de la m\u00e9dula espinal puede ocurrir por varios tipos de circunstancias, que incluyen: Colisiones.\u00a0Si un conductor, motociclista, ciclista, peat\u00f3n o ciclista el\u00e9ctrico se ve involucrado en un accidente automovil\u00edstico, podr\u00eda sufrir una lesi\u00f3n en la m\u00e9dula espinal dependiendo de la [&hellip;]\" \/>\n<meta property=\"og:url\" content=\"https:\/\/westcoasttriallawyers.com\/es\/california\/san-bernardino\/abogado-especializado-en-lesiones-de-la-medula-espinal-de-san-bernardino\" \/>\n<meta property=\"og:site_name\" content=\"West Coast Trial Lawyers\" \/>\n<meta property=\"article:publisher\" content=\"https:\/\/www.facebook.com\/westcoasttriallawyers\/\" \/>\n<meta property=\"article:modified_time\" content=\"2026-01-22T11:31:39+00:00\" \/>\n<meta property=\"og:image\" content=\"https:\/\/westcoasttriallawyers.com\/wp-content\/uploads\/2025\/07\/city-img-4-15.webp\" \/>\n\t<meta property=\"og:image:width\" content=\"557\" \/>\n\t<meta property=\"og:image:height\" content=\"329\" \/>\n\t<meta property=\"og:image:type\" content=\"image\/webp\" \/>\n<meta name=\"twitter:card\" content=\"summary_large_image\" \/>\n<meta name=\"twitter:site\" content=\"@WestCoastTrial\" \/>\n<meta name=\"twitter:label1\" content=\"Tiempo de lectura\" \/>\n\t<meta name=\"twitter:data1\" content=\"17 minutos\" \/>\n<script type=\"application\/ld+json\" class=\"yoast-schema-graph\">{\"@context\":\"https:\/\/schema.org\",\"@graph\":[{\"@type\":[\"WebPage\",\"ItemPage\"],\"@id\":\"https:\/\/westcoasttriallawyers.com\/es\/california\/san-bernardino\/abogado-especializado-en-lesiones-de-la-medula-espinal-de-san-bernardino\",\"url\":\"https:\/\/westcoasttriallawyers.com\/es\/california\/san-bernardino\/abogado-especializado-en-lesiones-de-la-medula-espinal-de-san-bernardino\",\"name\":\"Abogado Especializado en Lesiones de la M\u00e9dula Espinal de San Bernardino | West Coast Trial Lawyers\",\"isPartOf\":{\"@id\":\"https:\/\/westcoasttriallawyers.com\/es#website\"},\"primaryImageOfPage\":{\"@id\":\"https:\/\/westcoasttriallawyers.com\/es\/california\/san-bernardino\/abogado-especializado-en-lesiones-de-la-medula-espinal-de-san-bernardino#primaryimage\"},\"image\":{\"@id\":\"https:\/\/westcoasttriallawyers.com\/es\/california\/san-bernardino\/abogado-especializado-en-lesiones-de-la-medula-espinal-de-san-bernardino#primaryimage\"},\"thumbnailUrl\":\"https:\/\/westcoasttriallawyers.com\/wp-content\/uploads\/2025\/07\/city-img-4-15.webp\",\"datePublished\":\"2026-01-14T17:59:30+00:00\",\"dateModified\":\"2026-01-22T11:31:39+00:00\",\"breadcrumb\":{\"@id\":\"https:\/\/westcoasttriallawyers.com\/es\/california\/san-bernardino\/abogado-especializado-en-lesiones-de-la-medula-espinal-de-san-bernardino#breadcrumb\"},\"inLanguage\":\"es\",\"potentialAction\":[{\"@type\":\"ReadAction\",\"target\":[\"https:\/\/westcoasttriallawyers.com\/es\/california\/san-bernardino\/abogado-especializado-en-lesiones-de-la-medula-espinal-de-san-bernardino\"]}]},{\"@type\":\"ImageObject\",\"inLanguage\":\"es\",\"@id\":\"https:\/\/westcoasttriallawyers.com\/es\/california\/san-bernardino\/abogado-especializado-en-lesiones-de-la-medula-espinal-de-san-bernardino#primaryimage\",\"url\":\"https:\/\/westcoasttriallawyers.com\/wp-content\/uploads\/2025\/07\/city-img-4-15.webp\",\"contentUrl\":\"https:\/\/westcoasttriallawyers.com\/wp-content\/uploads\/2025\/07\/city-img-4-15.webp\",\"width\":557,\"height\":329},{\"@type\":\"BreadcrumbList\",\"@id\":\"https:\/\/westcoasttriallawyers.com\/es\/california\/san-bernardino\/abogado-especializado-en-lesiones-de-la-medula-espinal-de-san-bernardino#breadcrumb\",\"itemListElement\":[{\"@type\":\"ListItem\",\"position\":1,\"name\":\"Inicio\",\"item\":\"https:\/\/westcoasttriallawyers.com\/es\"},{\"@type\":\"ListItem\",\"position\":2,\"name\":\"California\",\"item\":\"https:\/\/westcoasttriallawyers.com\/es\/california\"},{\"@type\":\"ListItem\",\"position\":3,\"name\":\"San Bernardino\",\"item\":\"https:\/\/westcoasttriallawyers.com\/es\/california\/san-bernardino\"},{\"@type\":\"ListItem\",\"position\":4,\"name\":\"Abogado Especializado en Lesiones de la M\u00e9dula Espinal de San Bernardino\"}]},{\"@type\":\"WebSite\",\"@id\":\"https:\/\/westcoasttriallawyers.com\/es#website\",\"url\":\"https:\/\/westcoasttriallawyers.com\/es\",\"name\":\"West Coast Trial Lawyers\",\"description\":\"West Coast Trial Lawyers\",\"publisher\":{\"@id\":\"https:\/\/westcoasttriallawyers.com\/es#organization\"},\"alternateName\":\"WCTL\",\"potentialAction\":[{\"@type\":\"SearchAction\",\"target\":{\"@type\":\"EntryPoint\",\"urlTemplate\":\"https:\/\/westcoasttriallawyers.com\/es?s={search_term_string}\"},\"query-input\":{\"@type\":\"PropertyValueSpecification\",\"valueRequired\":true,\"valueName\":\"search_term_string\"}}],\"inLanguage\":\"es\"},{\"@type\":\"Organization\",\"@id\":\"https:\/\/westcoasttriallawyers.com\/es#organization\",\"name\":\"West Coast Trial Lawyers\",\"alternateName\":\"WCTL\",\"url\":\"https:\/\/westcoasttriallawyers.com\/es\",\"logo\":{\"@type\":\"ImageObject\",\"inLanguage\":\"es\",\"@id\":\"https:\/\/westcoasttriallawyers.com\/es#\/schema\/logo\/image\/\",\"url\":\"https:\/\/westcoasttriallawyers.com\/wp-content\/uploads\/2026\/02\/WCTL-Logo.jpg\",\"contentUrl\":\"https:\/\/westcoasttriallawyers.com\/wp-content\/uploads\/2026\/02\/WCTL-Logo.jpg\",\"width\":696,\"height\":696,\"caption\":\"West Coast Trial Lawyers\"},\"image\":{\"@id\":\"https:\/\/westcoasttriallawyers.com\/es#\/schema\/logo\/image\/\"},\"sameAs\":[\"https:\/\/www.facebook.com\/westcoasttriallawyers\/\",\"https:\/\/x.com\/WestCoastTrial\",\"https:\/\/www.linkedin.com\/company\/west-coast-trial-lawyers\/\",\"https:\/\/www.instagram.com\/westcoasttriallawyers\/\",\"https:\/\/www.yelp.com\/biz\/west-coast-trial-lawyers-los-angeles-2\",\"https:\/\/www.pinterest.com\/westcoasttrial\/\",\"https:\/\/www.youtube.com\/westcoasttriallawyersla\/\",\"https:\/\/www.tiktok.com\/westcoasttriallawyers\"],\"description\":\"West Coast Trial Lawyers is a top-rated personal injury law firm with a goal to provide expert legal representation to those in need. The law firm has offices across California, Nevada, Arizona, and Washington.\",\"legalName\":\"West Coast Trial Lawyers\"}]}<\/script>\n<!-- \/ Yoast SEO Premium plugin. -->","yoast_head_json":{"title":"Abogado Especializado en Lesiones de la M\u00e9dula Espinal de San Bernardino | West Coast Trial Lawyers","robots":{"index":"index","follow":"follow","max-snippet":"max-snippet:-1","max-image-preview":"max-image-preview:large","max-video-preview":"max-video-preview:-1"},"canonical":"https:\/\/westcoasttriallawyers.com\/es\/california\/san-bernardino\/abogado-especializado-en-lesiones-de-la-medula-espinal-de-san-bernardino","og_locale":"es_ES","og_type":"article","og_title":"Abogado Especializado en Lesiones de la M\u00e9dula Espinal de San Bernardino","og_description":"\u00bfCu\u00e1l es la Diferencia entre Lesiones Completas e Incompletas de la M\u00e9dula Espinal? Una lesi\u00f3n de la m\u00e9dula espinal puede ocurrir por varios tipos de circunstancias, que incluyen: Colisiones.\u00a0Si un conductor, motociclista, ciclista, peat\u00f3n o ciclista el\u00e9ctrico se ve involucrado en un accidente automovil\u00edstico, podr\u00eda sufrir una lesi\u00f3n en la m\u00e9dula espinal dependiendo de la [&hellip;]","og_url":"https:\/\/westcoasttriallawyers.com\/es\/california\/san-bernardino\/abogado-especializado-en-lesiones-de-la-medula-espinal-de-san-bernardino","og_site_name":"West Coast Trial Lawyers","article_publisher":"https:\/\/www.facebook.com\/westcoasttriallawyers\/","article_modified_time":"2026-01-22T11:31:39+00:00","og_image":[{"width":557,"height":329,"url":"https:\/\/westcoasttriallawyers.com\/wp-content\/uploads\/2025\/07\/city-img-4-15.webp","type":"image\/webp"}],"twitter_card":"summary_large_image","twitter_site":"@WestCoastTrial","twitter_misc":{"Tiempo de lectura":"17 minutos"},"schema":{"@context":"https:\/\/schema.org","@graph":[{"@type":["WebPage","ItemPage"],"@id":"https:\/\/westcoasttriallawyers.com\/es\/california\/san-bernardino\/abogado-especializado-en-lesiones-de-la-medula-espinal-de-san-bernardino","url":"https:\/\/westcoasttriallawyers.com\/es\/california\/san-bernardino\/abogado-especializado-en-lesiones-de-la-medula-espinal-de-san-bernardino","name":"Abogado Especializado en Lesiones de la M\u00e9dula Espinal de San Bernardino | West Coast Trial Lawyers","isPartOf":{"@id":"https:\/\/westcoasttriallawyers.com\/es#website"},"primaryImageOfPage":{"@id":"https:\/\/westcoasttriallawyers.com\/es\/california\/san-bernardino\/abogado-especializado-en-lesiones-de-la-medula-espinal-de-san-bernardino#primaryimage"},"image":{"@id":"https:\/\/westcoasttriallawyers.com\/es\/california\/san-bernardino\/abogado-especializado-en-lesiones-de-la-medula-espinal-de-san-bernardino#primaryimage"},"thumbnailUrl":"https:\/\/westcoasttriallawyers.com\/wp-content\/uploads\/2025\/07\/city-img-4-15.webp","datePublished":"2026-01-14T17:59:30+00:00","dateModified":"2026-01-22T11:31:39+00:00","breadcrumb":{"@id":"https:\/\/westcoasttriallawyers.com\/es\/california\/san-bernardino\/abogado-especializado-en-lesiones-de-la-medula-espinal-de-san-bernardino#breadcrumb"},"inLanguage":"es","potentialAction":[{"@type":"ReadAction","target":["https:\/\/westcoasttriallawyers.com\/es\/california\/san-bernardino\/abogado-especializado-en-lesiones-de-la-medula-espinal-de-san-bernardino"]}]},{"@type":"ImageObject","inLanguage":"es","@id":"https:\/\/westcoasttriallawyers.com\/es\/california\/san-bernardino\/abogado-especializado-en-lesiones-de-la-medula-espinal-de-san-bernardino#primaryimage","url":"https:\/\/westcoasttriallawyers.com\/wp-content\/uploads\/2025\/07\/city-img-4-15.webp","contentUrl":"https:\/\/westcoasttriallawyers.com\/wp-content\/uploads\/2025\/07\/city-img-4-15.webp","width":557,"height":329},{"@type":"BreadcrumbList","@id":"https:\/\/westcoasttriallawyers.com\/es\/california\/san-bernardino\/abogado-especializado-en-lesiones-de-la-medula-espinal-de-san-bernardino#breadcrumb","itemListElement":[{"@type":"ListItem","position":1,"name":"Inicio","item":"https:\/\/westcoasttriallawyers.com\/es"},{"@type":"ListItem","position":2,"name":"California","item":"https:\/\/westcoasttriallawyers.com\/es\/california"},{"@type":"ListItem","position":3,"name":"San Bernardino","item":"https:\/\/westcoasttriallawyers.com\/es\/california\/san-bernardino"},{"@type":"ListItem","position":4,"name":"Abogado Especializado en Lesiones de la M\u00e9dula Espinal de San Bernardino"}]},{"@type":"WebSite","@id":"https:\/\/westcoasttriallawyers.com\/es#website","url":"https:\/\/westcoasttriallawyers.com\/es","name":"West Coast Trial Lawyers","description":"West Coast Trial Lawyers","publisher":{"@id":"https:\/\/westcoasttriallawyers.com\/es#organization"},"alternateName":"WCTL","potentialAction":[{"@type":"SearchAction","target":{"@type":"EntryPoint","urlTemplate":"https:\/\/westcoasttriallawyers.com\/es?s={search_term_string}"},"query-input":{"@type":"PropertyValueSpecification","valueRequired":true,"valueName":"search_term_string"}}],"inLanguage":"es"},{"@type":"Organization","@id":"https:\/\/westcoasttriallawyers.com\/es#organization","name":"West Coast Trial Lawyers","alternateName":"WCTL","url":"https:\/\/westcoasttriallawyers.com\/es","logo":{"@type":"ImageObject","inLanguage":"es","@id":"https:\/\/westcoasttriallawyers.com\/es#\/schema\/logo\/image\/","url":"https:\/\/westcoasttriallawyers.com\/wp-content\/uploads\/2026\/02\/WCTL-Logo.jpg","contentUrl":"https:\/\/westcoasttriallawyers.com\/wp-content\/uploads\/2026\/02\/WCTL-Logo.jpg","width":696,"height":696,"caption":"West Coast Trial Lawyers"},"image":{"@id":"https:\/\/westcoasttriallawyers.com\/es#\/schema\/logo\/image\/"},"sameAs":["https:\/\/www.facebook.com\/westcoasttriallawyers\/","https:\/\/x.com\/WestCoastTrial","https:\/\/www.linkedin.com\/company\/west-coast-trial-lawyers\/","https:\/\/www.instagram.com\/westcoasttriallawyers\/","https:\/\/www.yelp.com\/biz\/west-coast-trial-lawyers-los-angeles-2","https:\/\/www.pinterest.com\/westcoasttrial\/","https:\/\/www.youtube.com\/westcoasttriallawyersla\/","https:\/\/www.tiktok.com\/westcoasttriallawyers"],"description":"West Coast Trial Lawyers is a top-rated personal injury law firm with a goal to provide expert legal representation to those in need. The law firm has offices across California, Nevada, Arizona, and Washington.","legalName":"West Coast Trial Lawyers"}]}},"_links":{"self":[{"href":"https:\/\/westcoasttriallawyers.com\/es\/wp-json\/wp\/v2\/pages\/12709","targetHints":{"allow":["GET"]}}],"collection":[{"href":"https:\/\/westcoasttriallawyers.com\/es\/wp-json\/wp\/v2\/pages"}],"about":[{"href":"https:\/\/westcoasttriallawyers.com\/es\/wp-json\/wp\/v2\/types\/page"}],"author":[{"embeddable":true,"href":"https:\/\/westcoasttriallawyers.com\/es\/wp-json\/wp\/v2\/users\/475"}],"replies":[{"embeddable":true,"href":"https:\/\/westcoasttriallawyers.com\/es\/wp-json\/wp\/v2\/comments?post=12709"}],"version-history":[{"count":3,"href":"https:\/\/westcoasttriallawyers.com\/es\/wp-json\/wp\/v2\/pages\/12709\/revisions"}],"predecessor-version":[{"id":47887,"href":"https:\/\/westcoasttriallawyers.com\/es\/wp-json\/wp\/v2\/pages\/12709\/revisions\/47887"}],"up":[{"embeddable":true,"href":"https:\/\/westcoasttriallawyers.com\/es\/wp-json\/wp\/v2\/pages\/47392"}],"wp:featuredmedia":[{"embeddable":true,"href":"https:\/\/westcoasttriallawyers.com\/es\/wp-json\/wp\/v2\/media\/46836"}],"wp:attachment":[{"href":"https:\/\/westcoasttriallawyers.com\/es\/wp-json\/wp\/v2\/media?parent=12709"}],"curies":[{"name":"wp","href":"https:\/\/api.w.org\/{rel}","templated":true}]}}