{"id":12708,"date":"2026-01-14T17:59:26","date_gmt":"2026-01-14T17:59:26","guid":{"rendered":"https:\/\/wctl1stg.wpengine.com\/?page_id=12708"},"modified":"2026-01-22T11:08:57","modified_gmt":"2026-01-22T11:08:57","slug":"abogado-de-lesiones-por-quemaduras-de-san-bernardino","status":"publish","type":"page","link":"https:\/\/westcoasttriallawyers.com\/es\/california\/san-bernardino\/abogado-de-lesiones-por-quemaduras-de-san-bernardino","title":{"rendered":"Abogado de lesiones por quemaduras de San Bernardino"},"content":{"rendered":"<h2><strong>\u00bfSufri\u00f3 una lesi\u00f3n por quemaduras debido a un producto defectuoso? Comun\u00edquese con nuestros abogados con experiencia en lesiones por quemaduras para obtener asistencia legal<\/strong><\/h2>\n<p><strong>San Bernardino<\/strong> no es ajeno a los incendios. La ciudad ha publicado informes de accidentes automovil\u00edsticos que <a href=\"https:\/\/abc7.com\/san-bernardino-fire-truck-crash-uhaul-propane-tank\/8642345\/\"><strong>resultaron en una explosi\u00f3n de llamas. <\/strong><\/a>Tambi\u00e9n se han incendiado edificios con personas a\u00fan dentro. Bajo este tipo de situaciones, las v\u00edctimas pueden tener lesiones por quemaduras leves, moderadas o graves. Todo depende de cu\u00e1nto contacto haya tenido la piel de un individuo con el fuego. Aquellos que est\u00e1n rodeados y\/o atrapados en llamas probablemente sufrir\u00e1n una quemadura de segundo, tercer o cuarto grado. Este tipo de quemaduras alteran dr\u00e1sticamente la vida de la v\u00edctima. Se alienta a las v\u00edctimas de lesiones por quemaduras a buscar atenci\u00f3n m\u00e9dica inmediata para reducir la probabilidad de sufrir un dolor peor o incluso la muerte.\u00a0<\/p>\n<p>Si sufre una lesi\u00f3n por quemadura debido a la negligencia de otros, los abogados litigantes de la costa oeste lo ayudar\u00e1n a obtener la justicia que se merece. Nuestros <strong>abogados de lesiones por quemaduras de San Bernardino <\/strong>tienen m\u00e1s de 60 a\u00f1os de experiencia legal colectiva en el manejo de casos de lesiones personales. Hemos ganado m\u00e1s de 5,000 casos y recuperado m\u00e1s de $1,000 millones en acuerdos para nuestros clientes. Debido a nuestros logros, hemos sido reconocidos como uno de los mejores bufetes de abogados de lesiones personales en San Bernardino.\u00a0<\/p>\n<p>P\u00f3ngase en contacto con nuestro equipo legal las 24 horas del d\u00eda, los 7 d\u00edas de la semana hoy llamando al <strong>213-927-3700 <\/strong>o enviando un correo electr\u00f3nico <a href=\"mailto:info@westcoasttriallawyers.com\"><strong>a info@westcoasttriallawyers.com<\/strong><\/a> para programar una consulta gratuita y sin compromiso en nuestro <strong>bufete de abogados de lesiones personales de San Bernardino.\u00a0<\/strong><\/p>\n<p><strong>Quemaduras por Productos<\/strong><\/p>\n<p>Un factor com\u00fan de una lesi\u00f3n por quemadura es un producto defectuoso. Uno de los problemas m\u00e1s conocidos de una lesi\u00f3n por quemadura derivada de un dispositivo defectuoso proviene <a href=\"https:\/\/www.theverge.com\/2016\/9\/16\/12948988\/samsung-sued-exploding-note213-927-3700injuries\"><strong>del lanzamiento del Note 7 de Samsung.<\/strong><\/a> La compa\u00f1\u00eda <a href=\"https:\/\/www.nbcnews.com\/tech\/tech-news\/samsung-finally-explains-galaxy-note213-927-3700exploding-battery-mess-n710581\"><strong>emiti\u00f3 un comunicado.<\/strong><\/a> admitiendo que la causa de las explosiones fueron sus bater\u00edas de iones de litio. Se presentaron varias demandas contra Samsung por informes de consumidores que sufrieron quemaduras graves por el dispositivo explosivo.\u00a0<\/p>\n<p>Cualquier tipo de producto defectuoso o que no tenga una etiqueta de advertencia puede aumentar la probabilidad de sufrir una lesi\u00f3n, especialmente una lesi\u00f3n por quemadura. Hay dos factores que pueden contribuir a la causa de un producto defectuoso, que son la <strong>fabricaci\u00f3n<\/strong> y <strong>el dise\u00f1o<\/strong>.\u00a0<\/p>\n<p><strong>Fabricaci\u00f3n de Productos<\/strong> Si la f\u00e1brica es consciente de este problema, es posible que intenten encubrirlo. Los ejemplos de un defecto de fabricaci\u00f3n incluyen:\u00a0<\/p>\n<ul>\n<li>Un juego de columpios roto, suelto o agrietado.\u00a0<\/li>\n<li>Botellas de agua contaminadas que se venden en las tiendas de comestibles.\u00a0<\/li>\n<li>La bater\u00eda de un tel\u00e9fono celular se sobrecalienta debido a que el sistema de administraci\u00f3n de la bater\u00eda se construy\u00f3 de manera incorrecta.<\/li>\n<\/ul>\n<p>En este tipo de caso, su lesi\u00f3n debe haber sido causada por un defecto de fabricaci\u00f3n. Si tiene la culpa de da\u00f1ar el producto, entonces no ser\u00e1 elegible para presentar una demanda contra la empresa.<\/p>\n<p><strong>Dise\u00f1o del Producto\u00a0<\/strong><\/p>\n<p>Un <strong>dise\u00f1o de producto defectuoso<\/strong> se identifica como un defecto que se est\u00e1 implementando en el dise\u00f1o de un producto. Es posible que un lote completo de productos tenga este tipo de defectos. A continuaci\u00f3n, hemos creado una lista de algunos ejemplos de un dise\u00f1o de producto defectuoso.<\/p>\n<ul>\n<li>Mesas que se construyeron con una longitud de patas desproporcionada.\u00a0<\/li>\n<li>Gafas de sol que carecen de protecci\u00f3n solar.<\/li>\n<li>No mostrar signos de advertencia o instrucciones adecuadas sobre el uso correcto del producto.<\/li>\n<li>No se colocan etiquetas de advertencia en los medicamentos recetados.<\/li>\n<li>No hay etiquetas de advertencia en el jarabe para la tos que indiquen una lista de malas combinaciones con otras drogas.<\/li>\n<li>Una tetera el\u00e9ctrica que no tiene se\u00f1ales de advertencia de su v\u00e1lvula de vapor colocada inusualmente.<\/li>\n<li>Un producto qu\u00edmico utilizado para quitar la pintura que se vende sin proporcionar las instrucciones adecuadas sobre c\u00f3mo se supone que debe usarlo.<\/li>\n<\/ul>\n<p>Las v\u00edctimas de un error de fabricaci\u00f3n o dise\u00f1o son elegibles para presentar una demanda contra la parte culpable. Se recomienda encarecidamente ponerse en contacto con un abogado con experiencia en lesiones por quemaduras. Su abogado lo guiar\u00e1 a trav\u00e9s del proceso de presentaci\u00f3n de un reclamo por lesiones personales y negociar\u00e1 con las compa\u00f1\u00edas de seguros para obtener la compensaci\u00f3n que merece por sus p\u00e9rdidas, como facturas m\u00e9dicas, salarios perdidos, dolor y sufrimiento, y m\u00e1s.\u00a0<\/p>\n<p><strong>Tratamiento de quemaduras\u00a0<\/strong><\/p>\n<p>Si sufre una lesi\u00f3n por quemadura, debe hacer que un m\u00e9dico la examine. El m\u00e9dico realizar\u00e1 pruebas y procedimientos para determinar un diagn\u00f3stico de su condici\u00f3n. Una vez que se haya encontrado un diagn\u00f3stico, el m\u00e9dico crear\u00e1 un plan de tratamiento que lo ayudar\u00e1 con su recuperaci\u00f3n. Los tratamientos comunes que un m\u00e9dico puede mencionar en un plan de tratamiento incluyen:<\/p>\n<ul>\n<li><strong>Crema o ung\u00fcento.<\/strong> Esto se usa para prevenir cualquier infecci\u00f3n que pueda surgir de su lesi\u00f3n por quemadura. Polysporin y Neosporin se recomiendan com\u00fanmente para este tipo de problema.<\/li>\n<li><strong>Medicamentos para el dolor y la ansiedad.<\/strong> Es posible que deba tomar morfina para superar cualquier dolor intenso causado por la lesi\u00f3n por quemadura. Esto es com\u00fan para aquellos que sufren una quemadura de alto grado. Por lo general, tambi\u00e9n se toman medicamentos contra la ansiedad para ayudarlo a mantener la calma durante su recuperaci\u00f3n.<\/li>\n<li><strong>IV. <\/strong>Para evitar la insuficiencia org\u00e1nica o la deshidrataci\u00f3n, es posible que deba realizarse una v\u00eda intravenosa.\u00a0<\/li>\n<li><strong>Terapia de agua. <\/strong>Los tratamientos a base de agua, como la terapia de niebla, est\u00e1n disponibles para que los usen las v\u00edctimas de lesiones por quemaduras. Esto ayudar\u00e1 a limpiar los tejidos de la herida.\u00a0<\/li>\n<li><strong>Vacuna contra el t\u00e9tanos.<\/strong> Si est\u00e1 experimentando un espesor parcial superficial, o m\u00e1s profundo, es posible que deba tomar una vacuna de refuerzo contra el t\u00e9tanos.\u00a0<\/li>\n<li><strong>Terapia f\u00edsica. <\/strong>Si una gran parte de su cuerpo est\u00e1 cubierta con una quemadura, especialmente en las articulaciones, entonces su m\u00e9dico puede recomendarle que busque la ayuda de un fisioterapeuta. El terapeuta le mostrar\u00e1 algunos ejercicios para estirar la piel. Esto ayudar\u00e1 a que sus articulaciones mantengan la flexibilidad.<\/li>\n<\/ul>\n<p>En circunstancias graves, los pacientes con lesiones por quemaduras pueden necesitar:<\/p>\n<ul>\n<li><strong>Cirug\u00eda pl\u00e1stica. <\/strong>Esto reducir\u00e1 cualquier cicatriz que haya causado la quemadura. Tambi\u00e9n se puede utilizar para mejorar la flexibilidad de las articulaciones.<\/li>\n<li><strong>Tubo de alimentaci\u00f3n.<\/strong> Si est\u00e1 desnutrido, debe recibir apoyo nutricional. Se le insertar\u00e1 una sonda de alimentaci\u00f3n en la nariz. El tubo bajar\u00e1 hasta su est\u00f3mago, lo que le ayudar\u00e1 a obtener los nutrientes que su cuerpo necesita para sobrevivir.\u00a0<\/li>\n<li><strong>Injerto de piel.<\/strong> Este procedimiento reemplaza los tejidos cicatriciales con su propia piel sana, la piel de un donante o la piel de cerdo. Esto generalmente se hace a las v\u00edctimas que tienen quemaduras profundas.\u00a0<\/li>\n<li><strong>Asistencia respiratoria. <\/strong>Si sufre una lesi\u00f3n por quemadura en la cara o el cuello, lo m\u00e1s probable es que experimente hinchaz\u00f3n alrededor de la garganta. El m\u00e9dico colocar\u00e1 un tubo por la tr\u00e1quea para que entre ox\u00edgeno en los pulmones.<\/li>\n<\/ul>\n<p><strong>Comun\u00edquese con Nosotros<\/strong><\/p>\n<p>Si sufri\u00f3 una lesi\u00f3n por quemadura grave debido a un producto defectuoso, <a href=\"\/\"><strong>los abogados de la Costa Oeste<\/strong><\/a> tienen abogados con experiencia en lesiones por quemaduras en San Bernardino que est\u00e1n decididos a superar sus expectativas y brindarle un buen resultado a su acuerdo.<\/p>\n<p>Ofrecemos una consulta gratuita en nuestro bufete de abogados de lesiones personales de San Bernardino. Comun\u00edquese con nuestro equipo legal las 24 horas, los 7 d\u00edas de la semana llamando al <strong>213-927-3700 <\/strong>o enviando un correo electr\u00f3nico <a href=\"mailto:info@westcoasttriallawyers.com\"><strong>a info@westcoasttriallawyers.com<\/strong><\/a><strong>.<\/strong><\/p>\n<h2>\u00a0<\/h2>\n<p><!-- WCTL_DEBUG: no shortcode in this_content --><\/p>\n","protected":false},"excerpt":{"rendered":"<p>\u00bfSufri\u00f3 una lesi\u00f3n por quemaduras debido a un producto defectuoso? Comun\u00edquese con nuestros abogados con experiencia en lesiones por quemaduras para obtener asistencia legal San Bernardino no es ajeno a los incendios. La ciudad ha publicado informes de accidentes automovil\u00edsticos que resultaron en una explosi\u00f3n de llamas. Tambi\u00e9n se han incendiado edificios con personas a\u00fan [&hellip;]<\/p>\n","protected":false},"author":475,"featured_media":46816,"parent":47392,"menu_order":0,"comment_status":"closed","ping_status":"closed","template":"","meta":{"inline_featured_image":false,"footnotes":""},"class_list":["post-12708","page","type-page","status-publish","has-post-thumbnail","hentry"],"acf":[],"yoast_head":"<!-- This site is optimized with the Yoast SEO Premium plugin v26.0 (Yoast SEO v26.0) - https:\/\/yoast.com\/wordpress\/plugins\/seo\/ -->\n<title>Abogado de lesiones por quemaduras de San Bernardino | West Coast Trial Lawyers<\/title>\n<meta name=\"robots\" content=\"index, follow, max-snippet:-1, max-image-preview:large, max-video-preview:-1\" \/>\n<link rel=\"canonical\" href=\"https:\/\/westcoasttriallawyers.com\/es\/california\/san-bernardino\/abogado-de-lesiones-por-quemaduras-de-san-bernardino\" \/>\n<meta property=\"og:locale\" content=\"es_ES\" \/>\n<meta property=\"og:type\" content=\"article\" \/>\n<meta property=\"og:title\" content=\"Abogado de lesiones por quemaduras de San Bernardino\" \/>\n<meta property=\"og:description\" content=\"\u00bfSufri\u00f3 una lesi\u00f3n por quemaduras debido a un producto defectuoso? Comun\u00edquese con nuestros abogados con experiencia en lesiones por quemaduras para obtener asistencia legal San Bernardino no es ajeno a los incendios. La ciudad ha publicado informes de accidentes automovil\u00edsticos que resultaron en una explosi\u00f3n de llamas. Tambi\u00e9n se han incendiado edificios con personas a\u00fan [&hellip;]\" \/>\n<meta property=\"og:url\" content=\"https:\/\/westcoasttriallawyers.com\/es\/california\/san-bernardino\/abogado-de-lesiones-por-quemaduras-de-san-bernardino\" \/>\n<meta property=\"og:site_name\" content=\"West Coast Trial Lawyers\" \/>\n<meta property=\"article:publisher\" content=\"https:\/\/www.facebook.com\/westcoasttriallawyers\/\" \/>\n<meta property=\"article:modified_time\" content=\"2026-01-22T11:08:57+00:00\" \/>\n<meta property=\"og:image\" content=\"https:\/\/westcoasttriallawyers.com\/wp-content\/uploads\/2025\/07\/city-img-4-7.webp\" \/>\n\t<meta property=\"og:image:width\" content=\"557\" \/>\n\t<meta property=\"og:image:height\" content=\"329\" \/>\n\t<meta property=\"og:image:type\" content=\"image\/webp\" \/>\n<meta name=\"twitter:card\" content=\"summary_large_image\" \/>\n<meta name=\"twitter:site\" content=\"@WestCoastTrial\" \/>\n<meta name=\"twitter:label1\" content=\"Tiempo de lectura\" \/>\n\t<meta name=\"twitter:data1\" content=\"14 minutos\" \/>\n<script type=\"application\/ld+json\" class=\"yoast-schema-graph\">{\"@context\":\"https:\/\/schema.org\",\"@graph\":[{\"@type\":[\"WebPage\",\"ItemPage\"],\"@id\":\"https:\/\/westcoasttriallawyers.com\/es\/california\/san-bernardino\/abogado-de-lesiones-por-quemaduras-de-san-bernardino\",\"url\":\"https:\/\/westcoasttriallawyers.com\/es\/california\/san-bernardino\/abogado-de-lesiones-por-quemaduras-de-san-bernardino\",\"name\":\"Abogado de lesiones por quemaduras de San Bernardino | West Coast Trial Lawyers\",\"isPartOf\":{\"@id\":\"https:\/\/westcoasttriallawyers.com\/es#website\"},\"primaryImageOfPage\":{\"@id\":\"https:\/\/westcoasttriallawyers.com\/es\/california\/san-bernardino\/abogado-de-lesiones-por-quemaduras-de-san-bernardino#primaryimage\"},\"image\":{\"@id\":\"https:\/\/westcoasttriallawyers.com\/es\/california\/san-bernardino\/abogado-de-lesiones-por-quemaduras-de-san-bernardino#primaryimage\"},\"thumbnailUrl\":\"https:\/\/westcoasttriallawyers.com\/wp-content\/uploads\/2025\/07\/city-img-4-7.webp\",\"datePublished\":\"2026-01-14T17:59:26+00:00\",\"dateModified\":\"2026-01-22T11:08:57+00:00\",\"breadcrumb\":{\"@id\":\"https:\/\/westcoasttriallawyers.com\/es\/california\/san-bernardino\/abogado-de-lesiones-por-quemaduras-de-san-bernardino#breadcrumb\"},\"inLanguage\":\"es\",\"potentialAction\":[{\"@type\":\"ReadAction\",\"target\":[\"https:\/\/westcoasttriallawyers.com\/es\/california\/san-bernardino\/abogado-de-lesiones-por-quemaduras-de-san-bernardino\"]}]},{\"@type\":\"ImageObject\",\"inLanguage\":\"es\",\"@id\":\"https:\/\/westcoasttriallawyers.com\/es\/california\/san-bernardino\/abogado-de-lesiones-por-quemaduras-de-san-bernardino#primaryimage\",\"url\":\"https:\/\/westcoasttriallawyers.com\/wp-content\/uploads\/2025\/07\/city-img-4-7.webp\",\"contentUrl\":\"https:\/\/westcoasttriallawyers.com\/wp-content\/uploads\/2025\/07\/city-img-4-7.webp\",\"width\":557,\"height\":329},{\"@type\":\"BreadcrumbList\",\"@id\":\"https:\/\/westcoasttriallawyers.com\/es\/california\/san-bernardino\/abogado-de-lesiones-por-quemaduras-de-san-bernardino#breadcrumb\",\"itemListElement\":[{\"@type\":\"ListItem\",\"position\":1,\"name\":\"Inicio\",\"item\":\"https:\/\/westcoasttriallawyers.com\/es\"},{\"@type\":\"ListItem\",\"position\":2,\"name\":\"California\",\"item\":\"https:\/\/westcoasttriallawyers.com\/es\/california\"},{\"@type\":\"ListItem\",\"position\":3,\"name\":\"San Bernardino\",\"item\":\"https:\/\/westcoasttriallawyers.com\/es\/california\/san-bernardino\"},{\"@type\":\"ListItem\",\"position\":4,\"name\":\"Abogado de lesiones por quemaduras de San Bernardino\"}]},{\"@type\":\"WebSite\",\"@id\":\"https:\/\/westcoasttriallawyers.com\/es#website\",\"url\":\"https:\/\/westcoasttriallawyers.com\/es\",\"name\":\"West Coast Trial Lawyers\",\"description\":\"West Coast Trial Lawyers\",\"publisher\":{\"@id\":\"https:\/\/westcoasttriallawyers.com\/es#organization\"},\"alternateName\":\"WCTL\",\"potentialAction\":[{\"@type\":\"SearchAction\",\"target\":{\"@type\":\"EntryPoint\",\"urlTemplate\":\"https:\/\/westcoasttriallawyers.com\/es?s={search_term_string}\"},\"query-input\":{\"@type\":\"PropertyValueSpecification\",\"valueRequired\":true,\"valueName\":\"search_term_string\"}}],\"inLanguage\":\"es\"},{\"@type\":\"Organization\",\"@id\":\"https:\/\/westcoasttriallawyers.com\/es#organization\",\"name\":\"West Coast Trial Lawyers\",\"alternateName\":\"WCTL\",\"url\":\"https:\/\/westcoasttriallawyers.com\/es\",\"logo\":{\"@type\":\"ImageObject\",\"inLanguage\":\"es\",\"@id\":\"https:\/\/westcoasttriallawyers.com\/es#\/schema\/logo\/image\/\",\"url\":\"https:\/\/westcoasttriallawyers.com\/wp-content\/uploads\/2026\/02\/WCTL-Logo.jpg\",\"contentUrl\":\"https:\/\/westcoasttriallawyers.com\/wp-content\/uploads\/2026\/02\/WCTL-Logo.jpg\",\"width\":696,\"height\":696,\"caption\":\"West Coast Trial Lawyers\"},\"image\":{\"@id\":\"https:\/\/westcoasttriallawyers.com\/es#\/schema\/logo\/image\/\"},\"sameAs\":[\"https:\/\/www.facebook.com\/westcoasttriallawyers\/\",\"https:\/\/x.com\/WestCoastTrial\",\"https:\/\/www.linkedin.com\/company\/west-coast-trial-lawyers\/\",\"https:\/\/www.instagram.com\/westcoasttriallawyers\/\",\"https:\/\/www.yelp.com\/biz\/west-coast-trial-lawyers-los-angeles-2\",\"https:\/\/www.pinterest.com\/westcoasttrial\/\",\"https:\/\/www.youtube.com\/westcoasttriallawyersla\/\",\"https:\/\/www.tiktok.com\/westcoasttriallawyers\"],\"description\":\"West Coast Trial Lawyers is a top-rated personal injury law firm with a goal to provide expert legal representation to those in need. The law firm has offices across California, Nevada, Arizona, and Washington.\",\"legalName\":\"West Coast Trial Lawyers\"}]}<\/script>\n<!-- \/ Yoast SEO Premium plugin. -->","yoast_head_json":{"title":"Abogado de lesiones por quemaduras de San Bernardino | West Coast Trial Lawyers","robots":{"index":"index","follow":"follow","max-snippet":"max-snippet:-1","max-image-preview":"max-image-preview:large","max-video-preview":"max-video-preview:-1"},"canonical":"https:\/\/westcoasttriallawyers.com\/es\/california\/san-bernardino\/abogado-de-lesiones-por-quemaduras-de-san-bernardino","og_locale":"es_ES","og_type":"article","og_title":"Abogado de lesiones por quemaduras de San Bernardino","og_description":"\u00bfSufri\u00f3 una lesi\u00f3n por quemaduras debido a un producto defectuoso? Comun\u00edquese con nuestros abogados con experiencia en lesiones por quemaduras para obtener asistencia legal San Bernardino no es ajeno a los incendios. La ciudad ha publicado informes de accidentes automovil\u00edsticos que resultaron en una explosi\u00f3n de llamas. Tambi\u00e9n se han incendiado edificios con personas a\u00fan [&hellip;]","og_url":"https:\/\/westcoasttriallawyers.com\/es\/california\/san-bernardino\/abogado-de-lesiones-por-quemaduras-de-san-bernardino","og_site_name":"West Coast Trial Lawyers","article_publisher":"https:\/\/www.facebook.com\/westcoasttriallawyers\/","article_modified_time":"2026-01-22T11:08:57+00:00","og_image":[{"width":557,"height":329,"url":"https:\/\/westcoasttriallawyers.com\/wp-content\/uploads\/2025\/07\/city-img-4-7.webp","type":"image\/webp"}],"twitter_card":"summary_large_image","twitter_site":"@WestCoastTrial","twitter_misc":{"Tiempo de lectura":"14 minutos"},"schema":{"@context":"https:\/\/schema.org","@graph":[{"@type":["WebPage","ItemPage"],"@id":"https:\/\/westcoasttriallawyers.com\/es\/california\/san-bernardino\/abogado-de-lesiones-por-quemaduras-de-san-bernardino","url":"https:\/\/westcoasttriallawyers.com\/es\/california\/san-bernardino\/abogado-de-lesiones-por-quemaduras-de-san-bernardino","name":"Abogado de lesiones por quemaduras de San Bernardino | West Coast Trial Lawyers","isPartOf":{"@id":"https:\/\/westcoasttriallawyers.com\/es#website"},"primaryImageOfPage":{"@id":"https:\/\/westcoasttriallawyers.com\/es\/california\/san-bernardino\/abogado-de-lesiones-por-quemaduras-de-san-bernardino#primaryimage"},"image":{"@id":"https:\/\/westcoasttriallawyers.com\/es\/california\/san-bernardino\/abogado-de-lesiones-por-quemaduras-de-san-bernardino#primaryimage"},"thumbnailUrl":"https:\/\/westcoasttriallawyers.com\/wp-content\/uploads\/2025\/07\/city-img-4-7.webp","datePublished":"2026-01-14T17:59:26+00:00","dateModified":"2026-01-22T11:08:57+00:00","breadcrumb":{"@id":"https:\/\/westcoasttriallawyers.com\/es\/california\/san-bernardino\/abogado-de-lesiones-por-quemaduras-de-san-bernardino#breadcrumb"},"inLanguage":"es","potentialAction":[{"@type":"ReadAction","target":["https:\/\/westcoasttriallawyers.com\/es\/california\/san-bernardino\/abogado-de-lesiones-por-quemaduras-de-san-bernardino"]}]},{"@type":"ImageObject","inLanguage":"es","@id":"https:\/\/westcoasttriallawyers.com\/es\/california\/san-bernardino\/abogado-de-lesiones-por-quemaduras-de-san-bernardino#primaryimage","url":"https:\/\/westcoasttriallawyers.com\/wp-content\/uploads\/2025\/07\/city-img-4-7.webp","contentUrl":"https:\/\/westcoasttriallawyers.com\/wp-content\/uploads\/2025\/07\/city-img-4-7.webp","width":557,"height":329},{"@type":"BreadcrumbList","@id":"https:\/\/westcoasttriallawyers.com\/es\/california\/san-bernardino\/abogado-de-lesiones-por-quemaduras-de-san-bernardino#breadcrumb","itemListElement":[{"@type":"ListItem","position":1,"name":"Inicio","item":"https:\/\/westcoasttriallawyers.com\/es"},{"@type":"ListItem","position":2,"name":"California","item":"https:\/\/westcoasttriallawyers.com\/es\/california"},{"@type":"ListItem","position":3,"name":"San Bernardino","item":"https:\/\/westcoasttriallawyers.com\/es\/california\/san-bernardino"},{"@type":"ListItem","position":4,"name":"Abogado de lesiones por quemaduras de San Bernardino"}]},{"@type":"WebSite","@id":"https:\/\/westcoasttriallawyers.com\/es#website","url":"https:\/\/westcoasttriallawyers.com\/es","name":"West Coast Trial Lawyers","description":"West Coast Trial Lawyers","publisher":{"@id":"https:\/\/westcoasttriallawyers.com\/es#organization"},"alternateName":"WCTL","potentialAction":[{"@type":"SearchAction","target":{"@type":"EntryPoint","urlTemplate":"https:\/\/westcoasttriallawyers.com\/es?s={search_term_string}"},"query-input":{"@type":"PropertyValueSpecification","valueRequired":true,"valueName":"search_term_string"}}],"inLanguage":"es"},{"@type":"Organization","@id":"https:\/\/westcoasttriallawyers.com\/es#organization","name":"West Coast Trial Lawyers","alternateName":"WCTL","url":"https:\/\/westcoasttriallawyers.com\/es","logo":{"@type":"ImageObject","inLanguage":"es","@id":"https:\/\/westcoasttriallawyers.com\/es#\/schema\/logo\/image\/","url":"https:\/\/westcoasttriallawyers.com\/wp-content\/uploads\/2026\/02\/WCTL-Logo.jpg","contentUrl":"https:\/\/westcoasttriallawyers.com\/wp-content\/uploads\/2026\/02\/WCTL-Logo.jpg","width":696,"height":696,"caption":"West Coast Trial Lawyers"},"image":{"@id":"https:\/\/westcoasttriallawyers.com\/es#\/schema\/logo\/image\/"},"sameAs":["https:\/\/www.facebook.com\/westcoasttriallawyers\/","https:\/\/x.com\/WestCoastTrial","https:\/\/www.linkedin.com\/company\/west-coast-trial-lawyers\/","https:\/\/www.instagram.com\/westcoasttriallawyers\/","https:\/\/www.yelp.com\/biz\/west-coast-trial-lawyers-los-angeles-2","https:\/\/www.pinterest.com\/westcoasttrial\/","https:\/\/www.youtube.com\/westcoasttriallawyersla\/","https:\/\/www.tiktok.com\/westcoasttriallawyers"],"description":"West Coast Trial Lawyers is a top-rated personal injury law firm with a goal to provide expert legal representation to those in need. The law firm has offices across California, Nevada, Arizona, and Washington.","legalName":"West Coast Trial Lawyers"}]}},"_links":{"self":[{"href":"https:\/\/westcoasttriallawyers.com\/es\/wp-json\/wp\/v2\/pages\/12708","targetHints":{"allow":["GET"]}}],"collection":[{"href":"https:\/\/westcoasttriallawyers.com\/es\/wp-json\/wp\/v2\/pages"}],"about":[{"href":"https:\/\/westcoasttriallawyers.com\/es\/wp-json\/wp\/v2\/types\/page"}],"author":[{"embeddable":true,"href":"https:\/\/westcoasttriallawyers.com\/es\/wp-json\/wp\/v2\/users\/475"}],"replies":[{"embeddable":true,"href":"https:\/\/westcoasttriallawyers.com\/es\/wp-json\/wp\/v2\/comments?post=12708"}],"version-history":[{"count":3,"href":"https:\/\/westcoasttriallawyers.com\/es\/wp-json\/wp\/v2\/pages\/12708\/revisions"}],"predecessor-version":[{"id":47863,"href":"https:\/\/westcoasttriallawyers.com\/es\/wp-json\/wp\/v2\/pages\/12708\/revisions\/47863"}],"up":[{"embeddable":true,"href":"https:\/\/westcoasttriallawyers.com\/es\/wp-json\/wp\/v2\/pages\/47392"}],"wp:featuredmedia":[{"embeddable":true,"href":"https:\/\/westcoasttriallawyers.com\/es\/wp-json\/wp\/v2\/media\/46816"}],"wp:attachment":[{"href":"https:\/\/westcoasttriallawyers.com\/es\/wp-json\/wp\/v2\/media?parent=12708"}],"curies":[{"name":"wp","href":"https:\/\/api.w.org\/{rel}","templated":true}]}}