{"id":12705,"date":"2026-01-14T17:59:35","date_gmt":"2026-01-14T17:59:35","guid":{"rendered":"https:\/\/wctl1stg.wpengine.com\/?page_id=12705"},"modified":"2026-01-22T11:34:11","modified_gmt":"2026-01-22T11:34:11","slug":"abogado-de-accidentes-de-camiones-de-san-bernardino","status":"publish","type":"page","link":"https:\/\/westcoasttriallawyers.com\/es\/california\/san-bernardino\/abogado-de-accidentes-de-camiones-de-san-bernardino","title":{"rendered":"Abogado de Accidentes de Camiones de San Bernardino"},"content":{"rendered":"<h2><strong>Aqu\u00ed hay Una Lista de Consejos de Seguridad que Debe Seguir Mientras Conduce Cerca de un Cami\u00f3n<\/strong><\/h2>\n<p>Los accidentes de camiones comerciales tienen el potencial de causar lesiones graves e incluso muertes. Determinar la responsabilidad despu\u00e9s de un accidente de cami\u00f3n, especialmente cuando hay muertes involucradas, puede convertirse en una pesadilla log\u00edstica.\u00a0<\/p>\n<p>Los accidentes de camiones no son como los accidentes automovil\u00edsticos. Tienden a ser m\u00e1s catastr\u00f3ficos desde la perspectiva de las lesiones. Adem\u00e1s, son complejos desde un punto de vista legal, ya que varias partes pueden ser consideradas responsables, como el conductor del cami\u00f3n, otros conductores, el fabricante del cami\u00f3n o la empresa de transporte. Incluso un conductor que result\u00f3 herido debido a un fuerte impacto puede compartir un grado de responsabilidad por causar el accidente. Sin embargo, es importante saber que un conductor lesionado que es parcialmente responsable de causar un accidente de cami\u00f3n a\u00fan puede recuperar algunos da\u00f1os.<\/p>\n<p>Si ha sufrido lesiones despu\u00e9s de un accidente de cami\u00f3n, puede tener derecho a recibir una compensaci\u00f3n por facturas m\u00e9dicas, salarios perdidos, dolor y sufrimiento, y posiblemente m\u00e1s. En Los Abogados de la Costa Oeste, nuestros\u00a0<strong>abogados de accidentes de camiones en San Bernardino<\/strong> tienen m\u00e1s de 60 a\u00f1os de experiencia legal colectiva en el manejo de casos de lesiones personales. Con nuestro historial de ganar m\u00e1s de $1 mil millones en acuerdos para nuestros clientes, hemos sido reconocidos como uno de los mejores bufetes de abogados de lesiones personales en\u00a0<strong>San Bernardino<\/strong>.<strong>\u00a0<\/strong><\/p>\n<p>Comun\u00edquese hoy con nuestro equipo legal las 24 horas, los 7 d\u00edas de la semana llamando al\u00a0<strong>213-927-3700<\/strong> enviando un correo electr\u00f3nico\u00a0<a href=\"mailto:info@westcoasttriallawyers.com\">a\u00a0<strong>info@westcoasttriallawyers.com<\/strong><\/a><strong>\u00a0<\/strong>para programar una consulta gratuita en nuestro\u00a0<strong>bufete de abogados de lesiones personales de San Bernardino.\u00a0<\/strong><\/p>\n<p><strong>4 Consejos para Conducir con Seguridad Alrededor de un Cami\u00f3n<\/strong><\/p>\n<p>Antes de analizar c\u00f3mo se determina la responsabilidad por un accidente de cami\u00f3n comercial, a continuaci\u00f3n se presentan cuatro consejos importantes para minimizar la posibilidad de un accidente de cami\u00f3n.<\/p>\n<ul>\n<li><strong>Nunca corte un cami\u00f3n.\u00a0<\/strong>Cortar cualquier tipo de veh\u00edculo en la autopista es siempre un gran riesgo. Sin embargo, es especialmente peligroso cortarle el paso a un cami\u00f3n. Interrumpir un cami\u00f3n puede terminar obligando al conductor del cami\u00f3n a reducir repentinamente la velocidad para evitar atropellarlo. Los camiones grandes no tienen la capacidad de reaccionar a tiempo ante cambios repentinos en la carretera. Incluso un conductor habilidoso puede terminar golpeando un veh\u00edculo que lo interrumpi\u00f3, lo que puede causar lesiones y da\u00f1os materiales graves.<\/li>\n<li><strong>Mant\u00e9ngase fuera de la\u00a0<\/strong><a href=\"https:\/\/www.consumerreports.org\/cro\/2012\/03\/the-danger-of-blind-zones\/index.htm\"><strong>zona ciega<\/strong><\/a><strong>.\u00a0<\/strong>Los camiones comerciales tienen grandes puntos ciegos. La regla es que si no puede ver al conductor del cami\u00f3n en su espejo retrovisor, es probable que tampoco lo vea a usted. Si es posible, debe reducir la velocidad o aumentar la velocidad cuando se encuentre en el punto ciego de un conductor y siempre aseg\u00farese de estar visible para el conductor del cami\u00f3n.\u00a0<\/li>\n<li><strong>Nunca\u00a0<\/strong><a href=\"https:\/\/cars.laws.com\/tailgating\"><strong>trasera puerta<\/strong><\/a> Seguir de cerca a un cami\u00f3n es peor que conducir en el punto ciego de un camionero porque un camionero no tiene forma de verlo. Si ocurriera un accidente mientras estaba siguiendo de cerca, podr\u00eda terminar debajo de la carrocer\u00eda del cami\u00f3n. Se recomienda mantener siempre una distancia segura del cami\u00f3n, especialmente cuando sigue un cami\u00f3n cuesta arriba.<\/li>\n<li><strong>Siempre soy paciente.\u00a0<\/strong>A veces solo tienes que aceptar que los camiones no tienen otra opci\u00f3n que moverse lentamente. Tocar la bocina o cambiar de carril constantemente no lograr\u00e1 nada y solo puede crear distracciones innecesarias para otros conductores.<\/li>\n<\/ul>\n<p><strong>Responsabilidad por Accidentes de Camiones: \u00bfNegligencia o Responsabilidad Estricta?<\/strong><\/p>\n<p>Determinar la responsabilidad por un accidente de cami\u00f3n comercial generalmente involucra una, y a veces ambas, de las dos teor\u00edas legales siguientes:\u00a0<strong>negligencia\u00a0<\/strong>o\u00a0<strong>responsabilidad estricta.\u00a0<\/strong><\/p>\n<p>\u00bfQu\u00e9 es negligencia en relaci\u00f3n con un accidente de cami\u00f3n en San Bernardino? Seg\u00fan<a href=\"https:\/\/www.justia.com\/trials-litigation\/docs\/caci\/400\/400\/\"><strong> la ley de negligencia de California<\/strong><\/a>, los conductores de camiones que son negligentes pueden ser considerados responsables de las lesiones o p\u00e9rdidas causadas a otros como resultado. Por lo tanto, los conductores que resultaron lesionados por conductores de camiones negligentes pueden presentar una demanda por lesiones personales para recuperar una compensaci\u00f3n por sus lesiones.\u00a0<\/p>\n<p>Hay tres (3) elementos considerados para determinar si un conductor de cami\u00f3n fue negligente:\u00a0<\/p>\n<ul>\n<li>El conductor del cami\u00f3n le deb\u00eda a la v\u00edctima del accidente un\u00a0<a href=\"https:\/\/www.justia.com\/trials-litigation\/docs\/caci\/1000\/1001\/\"><strong>deber de cuidado<\/strong><\/a><strong>.<\/strong><\/li>\n<li>El conductor del cami\u00f3n incumpli\u00f3 su deber de diligencia.<\/li>\n<li>El incumplimiento del conductor del cami\u00f3n fue un factor importante que caus\u00f3 las lesiones de la v\u00edctima y la p\u00e9rdida de propiedad.<\/li>\n<\/ul>\n<p>\u00bfQu\u00e9 es un deber de cuidado? El deber de cuidado es un requisito legal para que cada conductor de cami\u00f3n tenga en cuenta a los dem\u00e1s conductores y siempre tenga una precauci\u00f3n razonable mientras est\u00e1 en la carretera. Por ejemplo, el deber de cuidado de un conductor de cami\u00f3n requiere que est\u00e9 atento a los peatones, veh\u00edculos y otros obst\u00e1culos. Tambi\u00e9n significa controlar el movimiento y la velocidad de su cami\u00f3n.\u00a0<\/p>\n<p>\u00bfQu\u00e9 es la responsabilidad estricta en relaci\u00f3n con un accidente de cami\u00f3n? Algunos accidentes de camiones comerciales no son causados \u200b\u200bpor negligencia del conductor del cami\u00f3n. Por ejemplo, si los frenos de un cami\u00f3n comercial fallan y causan una colisi\u00f3n, varias partes pueden ser responsables. Es posible que los frenos estuvieran defectuosos. La empresa de camiones podr\u00eda no haber realizado el mantenimiento necesario para asegurarse de que los frenos funcionaran.\u00a0<\/p>\n<p>Consulte con un abogado con experiencia en accidentes de camiones de San Bernardino para determinar si puede presentar un reclamo basado en una teor\u00eda de responsabilidad estricta.\u00a0<\/p>\n<p><strong>Da\u00f1os Disponibles por un Accidente de Cami\u00f3n<\/strong><\/p>\n<p>Los accidentes de camiones comerciales ocurren. Sin embargo, s\u00ed result\u00f3 lesionado debido a la negligencia de otra persona, es posible que tenga derecho a una compensaci\u00f3n por sus p\u00e9rdidas. Hay dos tipos de da\u00f1os que una v\u00edctima puede recuperar de un accidente de cami\u00f3n, que se denominan\u00a0<strong>da\u00f1os econ\u00f3micos\u00a0<\/strong>y<strong> no econ\u00f3micos.\u00a0<\/strong><\/p>\n<p>Los da\u00f1os econ\u00f3micos se otorgan para compensar a las v\u00edctimas de accidentes de camiones por p\u00e9rdidas a las que objetivamente se puede adjuntar una cantidad en d\u00f3lares. Se calcula determinando las p\u00e9rdidas de bolsillo que una persona agraviada tiene o esperar\u00e1 incurrir como resultado de sus lesiones. Los da\u00f1os econ\u00f3micos recuperables que se le pueden otorgar a un individuo incluyen facturas m\u00e9dicas, p\u00e9rdida de capacidad de ingresos y da\u00f1os a la propiedad.<\/p>\n<p>Los da\u00f1os no econ\u00f3micos se otorgan para compensar a las v\u00edctimas de accidentes de camiones por p\u00e9rdidas que se consideran subjetivas. Los da\u00f1os no econ\u00f3micos pueden incluir compensaci\u00f3n por la p\u00e9rdida del disfrute de la vida, angustia emocional y dolor y sufrimiento.<\/p>\n<p><strong>Los Abogados de la Costa Oeste Siempre Est\u00e1 Aqu\u00ed para Ayudar<\/strong><\/p>\n<p>Si usted o un ser querido estuvieron involucrados en un accidente de cami\u00f3n,<strong>\u00a0<\/strong><a href=\"\/\"><strong>Abogados de la Costa Oeste<\/strong><\/a> tiene abogados de accidentes de camiones en San Bernardino con m\u00e1s de 60 a\u00f1os de experiencia legal colectiva en el manejo de casos de lesiones personales. Estamos seguros de que le obtendremos la compensaci\u00f3n m\u00e1xima que merece por sus p\u00e9rdidas.<\/p>\n<p>Cont\u00e1ctenos hoy llamando al\u00a0<strong>213-927-3700\u00a0<\/strong>o enviando un correo electr\u00f3nico<strong>\u00a0<\/strong><a href=\"mailto:info@westcoasttriallawyers.com\"><strong>info@westcoasttriallawyers.com<\/strong><\/a><strong>\u00a0<\/strong>para programar una consulta gratuita con nuestro equipo legal experimentado, atento y compasivo.<\/p>\n<p><!-- WCTL_DEBUG: no shortcode in this_content --><\/p>\n","protected":false},"excerpt":{"rendered":"<p>Aqu\u00ed hay Una Lista de Consejos de Seguridad que Debe Seguir Mientras Conduce Cerca de un Cami\u00f3n Los accidentes de camiones comerciales tienen el potencial de causar lesiones graves e incluso muertes. Determinar la responsabilidad despu\u00e9s de un accidente de cami\u00f3n, especialmente cuando hay muertes involucradas, puede convertirse en una pesadilla log\u00edstica.\u00a0 Los accidentes de [&hellip;]<\/p>\n","protected":false},"author":475,"featured_media":46861,"parent":47392,"menu_order":0,"comment_status":"closed","ping_status":"closed","template":"","meta":{"inline_featured_image":false,"footnotes":""},"class_list":["post-12705","page","type-page","status-publish","has-post-thumbnail","hentry"],"acf":[],"yoast_head":"<!-- This site is optimized with the Yoast SEO Premium plugin v26.0 (Yoast SEO v26.0) - https:\/\/yoast.com\/wordpress\/plugins\/seo\/ -->\n<title>Abogado de Accidentes de Camiones de San Bernardino | West Coast Trial Lawyers<\/title>\n<meta name=\"robots\" content=\"index, follow, max-snippet:-1, max-image-preview:large, max-video-preview:-1\" \/>\n<link rel=\"canonical\" href=\"https:\/\/westcoasttriallawyers.com\/es\/california\/san-bernardino\/abogado-de-accidentes-de-camiones-de-san-bernardino\" \/>\n<meta property=\"og:locale\" content=\"es_ES\" \/>\n<meta property=\"og:type\" content=\"article\" \/>\n<meta property=\"og:title\" content=\"Abogado de Accidentes de Camiones de San Bernardino\" \/>\n<meta property=\"og:description\" content=\"Aqu\u00ed hay Una Lista de Consejos de Seguridad que Debe Seguir Mientras Conduce Cerca de un Cami\u00f3n Los accidentes de camiones comerciales tienen el potencial de causar lesiones graves e incluso muertes. Determinar la responsabilidad despu\u00e9s de un accidente de cami\u00f3n, especialmente cuando hay muertes involucradas, puede convertirse en una pesadilla log\u00edstica.\u00a0 Los accidentes de [&hellip;]\" \/>\n<meta property=\"og:url\" content=\"https:\/\/westcoasttriallawyers.com\/es\/california\/san-bernardino\/abogado-de-accidentes-de-camiones-de-san-bernardino\" \/>\n<meta property=\"og:site_name\" content=\"West Coast Trial Lawyers\" \/>\n<meta property=\"article:publisher\" content=\"https:\/\/www.facebook.com\/westcoasttriallawyers\/\" \/>\n<meta property=\"article:modified_time\" content=\"2026-01-22T11:34:11+00:00\" \/>\n<meta property=\"og:image\" content=\"https:\/\/westcoasttriallawyers.com\/wp-content\/uploads\/2025\/07\/city-img-4-25.webp\" \/>\n\t<meta property=\"og:image:width\" content=\"557\" \/>\n\t<meta property=\"og:image:height\" content=\"329\" \/>\n\t<meta property=\"og:image:type\" content=\"image\/webp\" \/>\n<meta name=\"twitter:card\" content=\"summary_large_image\" \/>\n<meta name=\"twitter:site\" content=\"@WestCoastTrial\" \/>\n<meta name=\"twitter:label1\" content=\"Tiempo de lectura\" \/>\n\t<meta name=\"twitter:data1\" content=\"6 minutos\" \/>\n<script type=\"application\/ld+json\" class=\"yoast-schema-graph\">{\"@context\":\"https:\/\/schema.org\",\"@graph\":[{\"@type\":[\"WebPage\",\"ItemPage\"],\"@id\":\"https:\/\/westcoasttriallawyers.com\/es\/california\/san-bernardino\/abogado-de-accidentes-de-camiones-de-san-bernardino\",\"url\":\"https:\/\/westcoasttriallawyers.com\/es\/california\/san-bernardino\/abogado-de-accidentes-de-camiones-de-san-bernardino\",\"name\":\"Abogado de Accidentes de Camiones de San Bernardino | West Coast Trial Lawyers\",\"isPartOf\":{\"@id\":\"https:\/\/westcoasttriallawyers.com\/es#website\"},\"primaryImageOfPage\":{\"@id\":\"https:\/\/westcoasttriallawyers.com\/es\/california\/san-bernardino\/abogado-de-accidentes-de-camiones-de-san-bernardino#primaryimage\"},\"image\":{\"@id\":\"https:\/\/westcoasttriallawyers.com\/es\/california\/san-bernardino\/abogado-de-accidentes-de-camiones-de-san-bernardino#primaryimage\"},\"thumbnailUrl\":\"https:\/\/westcoasttriallawyers.com\/wp-content\/uploads\/2025\/07\/city-img-4-25.webp\",\"datePublished\":\"2026-01-14T17:59:35+00:00\",\"dateModified\":\"2026-01-22T11:34:11+00:00\",\"breadcrumb\":{\"@id\":\"https:\/\/westcoasttriallawyers.com\/es\/california\/san-bernardino\/abogado-de-accidentes-de-camiones-de-san-bernardino#breadcrumb\"},\"inLanguage\":\"es\",\"potentialAction\":[{\"@type\":\"ReadAction\",\"target\":[\"https:\/\/westcoasttriallawyers.com\/es\/california\/san-bernardino\/abogado-de-accidentes-de-camiones-de-san-bernardino\"]}]},{\"@type\":\"ImageObject\",\"inLanguage\":\"es\",\"@id\":\"https:\/\/westcoasttriallawyers.com\/es\/california\/san-bernardino\/abogado-de-accidentes-de-camiones-de-san-bernardino#primaryimage\",\"url\":\"https:\/\/westcoasttriallawyers.com\/wp-content\/uploads\/2025\/07\/city-img-4-25.webp\",\"contentUrl\":\"https:\/\/westcoasttriallawyers.com\/wp-content\/uploads\/2025\/07\/city-img-4-25.webp\",\"width\":557,\"height\":329},{\"@type\":\"BreadcrumbList\",\"@id\":\"https:\/\/westcoasttriallawyers.com\/es\/california\/san-bernardino\/abogado-de-accidentes-de-camiones-de-san-bernardino#breadcrumb\",\"itemListElement\":[{\"@type\":\"ListItem\",\"position\":1,\"name\":\"Inicio\",\"item\":\"https:\/\/westcoasttriallawyers.com\/es\"},{\"@type\":\"ListItem\",\"position\":2,\"name\":\"California\",\"item\":\"https:\/\/westcoasttriallawyers.com\/es\/california\"},{\"@type\":\"ListItem\",\"position\":3,\"name\":\"San Bernardino\",\"item\":\"https:\/\/westcoasttriallawyers.com\/es\/california\/san-bernardino\"},{\"@type\":\"ListItem\",\"position\":4,\"name\":\"Abogado de Accidentes de Camiones de San Bernardino\"}]},{\"@type\":\"WebSite\",\"@id\":\"https:\/\/westcoasttriallawyers.com\/es#website\",\"url\":\"https:\/\/westcoasttriallawyers.com\/es\",\"name\":\"West Coast Trial Lawyers\",\"description\":\"West Coast Trial Lawyers\",\"publisher\":{\"@id\":\"https:\/\/westcoasttriallawyers.com\/es#organization\"},\"alternateName\":\"WCTL\",\"potentialAction\":[{\"@type\":\"SearchAction\",\"target\":{\"@type\":\"EntryPoint\",\"urlTemplate\":\"https:\/\/westcoasttriallawyers.com\/es?s={search_term_string}\"},\"query-input\":{\"@type\":\"PropertyValueSpecification\",\"valueRequired\":true,\"valueName\":\"search_term_string\"}}],\"inLanguage\":\"es\"},{\"@type\":\"Organization\",\"@id\":\"https:\/\/westcoasttriallawyers.com\/es#organization\",\"name\":\"West Coast Trial Lawyers\",\"alternateName\":\"WCTL\",\"url\":\"https:\/\/westcoasttriallawyers.com\/es\",\"logo\":{\"@type\":\"ImageObject\",\"inLanguage\":\"es\",\"@id\":\"https:\/\/westcoasttriallawyers.com\/es#\/schema\/logo\/image\/\",\"url\":\"https:\/\/westcoasttriallawyers.com\/wp-content\/uploads\/2026\/02\/WCTL-Logo.jpg\",\"contentUrl\":\"https:\/\/westcoasttriallawyers.com\/wp-content\/uploads\/2026\/02\/WCTL-Logo.jpg\",\"width\":696,\"height\":696,\"caption\":\"West Coast Trial Lawyers\"},\"image\":{\"@id\":\"https:\/\/westcoasttriallawyers.com\/es#\/schema\/logo\/image\/\"},\"sameAs\":[\"https:\/\/www.facebook.com\/westcoasttriallawyers\/\",\"https:\/\/x.com\/WestCoastTrial\",\"https:\/\/www.linkedin.com\/company\/west-coast-trial-lawyers\/\",\"https:\/\/www.instagram.com\/westcoasttriallawyers\/\",\"https:\/\/www.yelp.com\/biz\/west-coast-trial-lawyers-los-angeles-2\",\"https:\/\/www.pinterest.com\/westcoasttrial\/\",\"https:\/\/www.youtube.com\/westcoasttriallawyersla\/\",\"https:\/\/www.tiktok.com\/westcoasttriallawyers\"],\"description\":\"West Coast Trial Lawyers is a top-rated personal injury law firm with a goal to provide expert legal representation to those in need. The law firm has offices across California, Nevada, Arizona, and Washington.\",\"legalName\":\"West Coast Trial Lawyers\"}]}<\/script>\n<!-- \/ Yoast SEO Premium plugin. -->","yoast_head_json":{"title":"Abogado de Accidentes de Camiones de San Bernardino | West Coast Trial Lawyers","robots":{"index":"index","follow":"follow","max-snippet":"max-snippet:-1","max-image-preview":"max-image-preview:large","max-video-preview":"max-video-preview:-1"},"canonical":"https:\/\/westcoasttriallawyers.com\/es\/california\/san-bernardino\/abogado-de-accidentes-de-camiones-de-san-bernardino","og_locale":"es_ES","og_type":"article","og_title":"Abogado de Accidentes de Camiones de San Bernardino","og_description":"Aqu\u00ed hay Una Lista de Consejos de Seguridad que Debe Seguir Mientras Conduce Cerca de un Cami\u00f3n Los accidentes de camiones comerciales tienen el potencial de causar lesiones graves e incluso muertes. Determinar la responsabilidad despu\u00e9s de un accidente de cami\u00f3n, especialmente cuando hay muertes involucradas, puede convertirse en una pesadilla log\u00edstica.\u00a0 Los accidentes de [&hellip;]","og_url":"https:\/\/westcoasttriallawyers.com\/es\/california\/san-bernardino\/abogado-de-accidentes-de-camiones-de-san-bernardino","og_site_name":"West Coast Trial Lawyers","article_publisher":"https:\/\/www.facebook.com\/westcoasttriallawyers\/","article_modified_time":"2026-01-22T11:34:11+00:00","og_image":[{"width":557,"height":329,"url":"https:\/\/westcoasttriallawyers.com\/wp-content\/uploads\/2025\/07\/city-img-4-25.webp","type":"image\/webp"}],"twitter_card":"summary_large_image","twitter_site":"@WestCoastTrial","twitter_misc":{"Tiempo de lectura":"6 minutos"},"schema":{"@context":"https:\/\/schema.org","@graph":[{"@type":["WebPage","ItemPage"],"@id":"https:\/\/westcoasttriallawyers.com\/es\/california\/san-bernardino\/abogado-de-accidentes-de-camiones-de-san-bernardino","url":"https:\/\/westcoasttriallawyers.com\/es\/california\/san-bernardino\/abogado-de-accidentes-de-camiones-de-san-bernardino","name":"Abogado de Accidentes de Camiones de San Bernardino | West Coast Trial Lawyers","isPartOf":{"@id":"https:\/\/westcoasttriallawyers.com\/es#website"},"primaryImageOfPage":{"@id":"https:\/\/westcoasttriallawyers.com\/es\/california\/san-bernardino\/abogado-de-accidentes-de-camiones-de-san-bernardino#primaryimage"},"image":{"@id":"https:\/\/westcoasttriallawyers.com\/es\/california\/san-bernardino\/abogado-de-accidentes-de-camiones-de-san-bernardino#primaryimage"},"thumbnailUrl":"https:\/\/westcoasttriallawyers.com\/wp-content\/uploads\/2025\/07\/city-img-4-25.webp","datePublished":"2026-01-14T17:59:35+00:00","dateModified":"2026-01-22T11:34:11+00:00","breadcrumb":{"@id":"https:\/\/westcoasttriallawyers.com\/es\/california\/san-bernardino\/abogado-de-accidentes-de-camiones-de-san-bernardino#breadcrumb"},"inLanguage":"es","potentialAction":[{"@type":"ReadAction","target":["https:\/\/westcoasttriallawyers.com\/es\/california\/san-bernardino\/abogado-de-accidentes-de-camiones-de-san-bernardino"]}]},{"@type":"ImageObject","inLanguage":"es","@id":"https:\/\/westcoasttriallawyers.com\/es\/california\/san-bernardino\/abogado-de-accidentes-de-camiones-de-san-bernardino#primaryimage","url":"https:\/\/westcoasttriallawyers.com\/wp-content\/uploads\/2025\/07\/city-img-4-25.webp","contentUrl":"https:\/\/westcoasttriallawyers.com\/wp-content\/uploads\/2025\/07\/city-img-4-25.webp","width":557,"height":329},{"@type":"BreadcrumbList","@id":"https:\/\/westcoasttriallawyers.com\/es\/california\/san-bernardino\/abogado-de-accidentes-de-camiones-de-san-bernardino#breadcrumb","itemListElement":[{"@type":"ListItem","position":1,"name":"Inicio","item":"https:\/\/westcoasttriallawyers.com\/es"},{"@type":"ListItem","position":2,"name":"California","item":"https:\/\/westcoasttriallawyers.com\/es\/california"},{"@type":"ListItem","position":3,"name":"San Bernardino","item":"https:\/\/westcoasttriallawyers.com\/es\/california\/san-bernardino"},{"@type":"ListItem","position":4,"name":"Abogado de Accidentes de Camiones de San Bernardino"}]},{"@type":"WebSite","@id":"https:\/\/westcoasttriallawyers.com\/es#website","url":"https:\/\/westcoasttriallawyers.com\/es","name":"West Coast Trial Lawyers","description":"West Coast Trial Lawyers","publisher":{"@id":"https:\/\/westcoasttriallawyers.com\/es#organization"},"alternateName":"WCTL","potentialAction":[{"@type":"SearchAction","target":{"@type":"EntryPoint","urlTemplate":"https:\/\/westcoasttriallawyers.com\/es?s={search_term_string}"},"query-input":{"@type":"PropertyValueSpecification","valueRequired":true,"valueName":"search_term_string"}}],"inLanguage":"es"},{"@type":"Organization","@id":"https:\/\/westcoasttriallawyers.com\/es#organization","name":"West Coast Trial Lawyers","alternateName":"WCTL","url":"https:\/\/westcoasttriallawyers.com\/es","logo":{"@type":"ImageObject","inLanguage":"es","@id":"https:\/\/westcoasttriallawyers.com\/es#\/schema\/logo\/image\/","url":"https:\/\/westcoasttriallawyers.com\/wp-content\/uploads\/2026\/02\/WCTL-Logo.jpg","contentUrl":"https:\/\/westcoasttriallawyers.com\/wp-content\/uploads\/2026\/02\/WCTL-Logo.jpg","width":696,"height":696,"caption":"West Coast Trial Lawyers"},"image":{"@id":"https:\/\/westcoasttriallawyers.com\/es#\/schema\/logo\/image\/"},"sameAs":["https:\/\/www.facebook.com\/westcoasttriallawyers\/","https:\/\/x.com\/WestCoastTrial","https:\/\/www.linkedin.com\/company\/west-coast-trial-lawyers\/","https:\/\/www.instagram.com\/westcoasttriallawyers\/","https:\/\/www.yelp.com\/biz\/west-coast-trial-lawyers-los-angeles-2","https:\/\/www.pinterest.com\/westcoasttrial\/","https:\/\/www.youtube.com\/westcoasttriallawyersla\/","https:\/\/www.tiktok.com\/westcoasttriallawyers"],"description":"West Coast Trial Lawyers is a top-rated personal injury law firm with a goal to provide expert legal representation to those in need. The law firm has offices across California, Nevada, Arizona, and Washington.","legalName":"West Coast Trial Lawyers"}]}},"_links":{"self":[{"href":"https:\/\/westcoasttriallawyers.com\/es\/wp-json\/wp\/v2\/pages\/12705","targetHints":{"allow":["GET"]}}],"collection":[{"href":"https:\/\/westcoasttriallawyers.com\/es\/wp-json\/wp\/v2\/pages"}],"about":[{"href":"https:\/\/westcoasttriallawyers.com\/es\/wp-json\/wp\/v2\/types\/page"}],"author":[{"embeddable":true,"href":"https:\/\/westcoasttriallawyers.com\/es\/wp-json\/wp\/v2\/users\/475"}],"replies":[{"embeddable":true,"href":"https:\/\/westcoasttriallawyers.com\/es\/wp-json\/wp\/v2\/comments?post=12705"}],"version-history":[{"count":3,"href":"https:\/\/westcoasttriallawyers.com\/es\/wp-json\/wp\/v2\/pages\/12705\/revisions"}],"predecessor-version":[{"id":47890,"href":"https:\/\/westcoasttriallawyers.com\/es\/wp-json\/wp\/v2\/pages\/12705\/revisions\/47890"}],"up":[{"embeddable":true,"href":"https:\/\/westcoasttriallawyers.com\/es\/wp-json\/wp\/v2\/pages\/47392"}],"wp:featuredmedia":[{"embeddable":true,"href":"https:\/\/westcoasttriallawyers.com\/es\/wp-json\/wp\/v2\/media\/46861"}],"wp:attachment":[{"href":"https:\/\/westcoasttriallawyers.com\/es\/wp-json\/wp\/v2\/media?parent=12705"}],"curies":[{"name":"wp","href":"https:\/\/api.w.org\/{rel}","templated":true}]}}